{"id":635,"date":"2019-07-04T10:11:41","date_gmt":"2019-07-04T07:11:41","guid":{"rendered":"https:\/\/blogit.gradia.fi\/digipalvelut\/?page_id=635"},"modified":"2019-07-04T10:11:42","modified_gmt":"2019-07-04T07:11:42","slug":"h5p-toiminnon-kopiointi","status":"publish","type":"page","link":"https:\/\/blogit.gradia.fi\/digipalvelut\/ohjeita-ja-vinkkeja\/muut-sovellukset\/h5p-toiminnon-kopiointi\/","title":{"rendered":"H5P-toiminnon kopiointi"},"content":{"rendered":"\n<p>Olemassa olevan h5p-toiminnot voit helposti kopioida uuteen paikkaan.&nbsp;&nbsp;<\/p>\n\n\n\n<ol class=\"wp-block-list\"><li>Katso kopioitavan h5p-toiminnon alareunasta harmaalla olevat painikkeet. Huomaa, ettei tekij\u00e4 ole v\u00e4ltt\u00e4m\u00e4tt\u00e4 laittanut toimintopainikkeita n\u00e4ytille, joten kopiointi ei silloin onnistu.\u00a0\u00a0<img decoding=\"async\" width=\"211\" height=\"104\" class=\"wp-image-636\" style=\"width: 150px\" src=\"https:\/\/blogit.gradia.fi\/digipalvelut\/wp-content\/uploads\/sites\/99\/2019\/07\/image-18.png\" alt=\"h5p toimintopainikkeet\"><\/li><li>Valitse\u00a0Reuse.<\/li><li>Uusi ikkuna avautuu\u00a0\u00a0<img decoding=\"async\" width=\"266\" height=\"151\" class=\"wp-image-638\" style=\"width: 200px\" src=\"https:\/\/blogit.gradia.fi\/digipalvelut\/wp-content\/uploads\/sites\/99\/2019\/07\/h5p_kopiointi.png\" alt=\"Paina Copy Content painiketta\"><\/li><li>Kopio sis\u00e4lt\u00f6 painamalla aukeavaa ikkunaa.\u00a0\u00a0<\/li><li>Lis\u00e4\u00e4 Moodlessa uusi aktiviteetti. Valitse h5p.\u00a0\u00a0<\/li><li>Valitse h5p-editorissa\u00a0Paste-painike editorin yl\u00e4kulmasta. Kopioimasi sis\u00e4lt\u00f6 kopioituu uuteen aktiviteettiin.\u00a0\u00a0<\/li><\/ol>\n\n\n\n<figure class=\"wp-block-image\"><img fetchpriority=\"high\" decoding=\"async\" width=\"826\" height=\"192\" src=\"https:\/\/blogit.gradia.fi\/digipalvelut\/wp-content\/uploads\/sites\/99\/2019\/07\/image-19.png\" alt=\"\" class=\"wp-image-637\" srcset=\"https:\/\/blogit.gradia.fi\/digipalvelut\/wp-content\/uploads\/sites\/99\/2019\/07\/image-19.png 826w, https:\/\/blogit.gradia.fi\/digipalvelut\/wp-content\/uploads\/sites\/99\/2019\/07\/image-19-300x70.png 300w, https:\/\/blogit.gradia.fi\/digipalvelut\/wp-content\/uploads\/sites\/99\/2019\/07\/image-19-768x179.png 768w, https:\/\/blogit.gradia.fi\/digipalvelut\/wp-content\/uploads\/sites\/99\/2019\/07\/image-19-620x144.png 620w\" sizes=\"(max-width: 826px) 100vw, 826px\" \/><\/figure>\n","protected":false},"excerpt":{"rendered":"<p>Olemassa olevan h5p-toiminnot voit helposti kopioida uuteen paikkaan.&nbsp;&nbsp; Katso kopioitavan h5p-toiminnon alareunasta harmaalla olevat painikkeet. Huomaa, ettei tekij\u00e4 ole v\u00e4ltt\u00e4m\u00e4tt\u00e4 laittanut toimintopainikkeita n\u00e4ytille, joten kopiointi ei silloin onnistu.\u00a0\u00a0 Valitse\u00a0Reuse. Uusi ikkuna avautuu\u00a0\u00a0 Kopio sis\u00e4lt\u00f6 painamalla aukeavaa ikkunaa.\u00a0\u00a0 Lis\u00e4\u00e4 Moodlessa uusi aktiviteetti. Valitse h5p.\u00a0\u00a0 Valitse h5p-editorissa\u00a0Paste-painike editorin yl\u00e4kulmasta. Kopioimasi sis\u00e4lt\u00f6 kopioituu [&hellip;]<\/p>\n","protected":false},"author":421,"featured_media":0,"parent":78,"menu_order":0,"comment_status":"closed","ping_status":"closed","template":"","meta":{"_uag_custom_page_level_css":"","footnotes":""},"class_list":["post-635","page","type-page","status-publish","hentry"],"yoast_head":"<!-- This site is optimized with the Yoast SEO plugin v27.4 - https:\/\/yoast.com\/product\/yoast-seo-wordpress\/ -->\n<title>H5P-toiminnon kopiointi - Gradia Digipalvelut<\/title>\n<meta name=\"robots\" content=\"index, follow, max-snippet:-1, max-image-preview:large, max-video-preview:-1\" \/>\n<link rel=\"canonical\" href=\"https:\/\/blogit.gradia.fi\/digipalvelut\/ohjeita-ja-vinkkeja\/muut-sovellukset\/h5p-toiminnon-kopiointi\/\" \/>\n<meta property=\"og:locale\" content=\"fi_FI\" \/>\n<meta property=\"og:type\" content=\"article\" \/>\n<meta property=\"og:title\" content=\"H5P-toiminnon kopiointi - Gradia Digipalvelut\" \/>\n<meta property=\"og:description\" content=\"Olemassa olevan h5p-toiminnot voit helposti kopioida uuteen paikkaan.&nbsp;&nbsp; Katso kopioitavan h5p-toiminnon alareunasta harmaalla olevat painikkeet. Huomaa, ettei tekij\u00e4 ole v\u00e4ltt\u00e4m\u00e4tt\u00e4 laittanut toimintopainikkeita n\u00e4ytille, joten kopiointi ei silloin onnistu.\u00a0\u00a0 Valitse\u00a0Reuse. Uusi ikkuna avautuu\u00a0\u00a0 Kopio sis\u00e4lt\u00f6 painamalla aukeavaa ikkunaa.\u00a0\u00a0 Lis\u00e4\u00e4 Moodlessa uusi aktiviteetti. Valitse h5p.\u00a0\u00a0 Valitse h5p-editorissa\u00a0Paste-painike editorin yl\u00e4kulmasta. Kopioimasi sis\u00e4lt\u00f6 kopioituu [&hellip;]\" \/>\n<meta property=\"og:url\" content=\"https:\/\/blogit.gradia.fi\/digipalvelut\/ohjeita-ja-vinkkeja\/muut-sovellukset\/h5p-toiminnon-kopiointi\/\" \/>\n<meta property=\"og:site_name\" content=\"Gradia Digipalvelut\" \/>\n<meta property=\"article:modified_time\" content=\"2019-07-04T07:11:42+00:00\" \/>\n<meta property=\"og:image\" content=\"https:\/\/blogit.gradia.fi\/digipalvelut\/wp-content\/uploads\/sites\/99\/2019\/07\/image-18.png\" \/>\n<meta name=\"twitter:card\" content=\"summary_large_image\" \/>\n<script type=\"application\/ld+json\" class=\"yoast-schema-graph\">{\"@context\":\"https:\\\/\\\/schema.org\",\"@graph\":[{\"@type\":\"WebPage\",\"@id\":\"https:\\\/\\\/blogit.gradia.fi\\\/digipalvelut\\\/ohjeita-ja-vinkkeja\\\/muut-sovellukset\\\/h5p-toiminnon-kopiointi\\\/\",\"url\":\"https:\\\/\\\/blogit.gradia.fi\\\/digipalvelut\\\/ohjeita-ja-vinkkeja\\\/muut-sovellukset\\\/h5p-toiminnon-kopiointi\\\/\",\"name\":\"H5P-toiminnon kopiointi - Gradia Digipalvelut\",\"isPartOf\":{\"@id\":\"https:\\\/\\\/blogit.gradia.fi\\\/digipalvelut\\\/#website\"},\"primaryImageOfPage\":{\"@id\":\"https:\\\/\\\/blogit.gradia.fi\\\/digipalvelut\\\/ohjeita-ja-vinkkeja\\\/muut-sovellukset\\\/h5p-toiminnon-kopiointi\\\/#primaryimage\"},\"image\":{\"@id\":\"https:\\\/\\\/blogit.gradia.fi\\\/digipalvelut\\\/ohjeita-ja-vinkkeja\\\/muut-sovellukset\\\/h5p-toiminnon-kopiointi\\\/#primaryimage\"},\"thumbnailUrl\":\"https:\\\/\\\/blogit.gradia.fi\\\/digipalvelut\\\/wp-content\\\/uploads\\\/sites\\\/99\\\/2019\\\/07\\\/image-18.png\",\"datePublished\":\"2019-07-04T07:11:41+00:00\",\"dateModified\":\"2019-07-04T07:11:42+00:00\",\"breadcrumb\":{\"@id\":\"https:\\\/\\\/blogit.gradia.fi\\\/digipalvelut\\\/ohjeita-ja-vinkkeja\\\/muut-sovellukset\\\/h5p-toiminnon-kopiointi\\\/#breadcrumb\"},\"inLanguage\":\"fi\",\"potentialAction\":[{\"@type\":\"ReadAction\",\"target\":[\"https:\\\/\\\/blogit.gradia.fi\\\/digipalvelut\\\/ohjeita-ja-vinkkeja\\\/muut-sovellukset\\\/h5p-toiminnon-kopiointi\\\/\"]}]},{\"@type\":\"ImageObject\",\"inLanguage\":\"fi\",\"@id\":\"https:\\\/\\\/blogit.gradia.fi\\\/digipalvelut\\\/ohjeita-ja-vinkkeja\\\/muut-sovellukset\\\/h5p-toiminnon-kopiointi\\\/#primaryimage\",\"url\":\"https:\\\/\\\/blogit.gradia.fi\\\/digipalvelut\\\/wp-content\\\/uploads\\\/sites\\\/99\\\/2019\\\/07\\\/image-18.png\",\"contentUrl\":\"https:\\\/\\\/blogit.gradia.fi\\\/digipalvelut\\\/wp-content\\\/uploads\\\/sites\\\/99\\\/2019\\\/07\\\/image-18.png\",\"width\":211,\"height\":104,\"caption\":\"h5p toimintopainikkeet\"},{\"@type\":\"BreadcrumbList\",\"@id\":\"https:\\\/\\\/blogit.gradia.fi\\\/digipalvelut\\\/ohjeita-ja-vinkkeja\\\/muut-sovellukset\\\/h5p-toiminnon-kopiointi\\\/#breadcrumb\",\"itemListElement\":[{\"@type\":\"ListItem\",\"position\":1,\"name\":\"Ohjeita ja vinkkej\u00e4\",\"item\":\"https:\\\/\\\/blogit.gradia.fi\\\/digipalvelut\\\/ohjeita-ja-vinkkeja\\\/\"},{\"@type\":\"ListItem\",\"position\":2,\"name\":\"Muut sovellukset\",\"item\":\"https:\\\/\\\/blogit.gradia.fi\\\/digipalvelut\\\/ohjeita-ja-vinkkeja\\\/muut-sovellukset\\\/\"},{\"@type\":\"ListItem\",\"position\":3,\"name\":\"H5P-toiminnon kopiointi\"}]},{\"@type\":\"WebSite\",\"@id\":\"https:\\\/\\\/blogit.gradia.fi\\\/digipalvelut\\\/#website\",\"url\":\"https:\\\/\\\/blogit.gradia.fi\\\/digipalvelut\\\/\",\"name\":\"Gradia Digipalvelut\",\"description\":\"Astetta enemm\u00e4n digi\u00e4\",\"publisher\":{\"@id\":\"https:\\\/\\\/blogit.gradia.fi\\\/digipalvelut\\\/#organization\"},\"potentialAction\":[{\"@type\":\"SearchAction\",\"target\":{\"@type\":\"EntryPoint\",\"urlTemplate\":\"https:\\\/\\\/blogit.gradia.fi\\\/digipalvelut\\\/?s={search_term_string}\"},\"query-input\":{\"@type\":\"PropertyValueSpecification\",\"valueRequired\":true,\"valueName\":\"search_term_string\"}}],\"inLanguage\":\"fi\"},{\"@type\":\"Organization\",\"@id\":\"https:\\\/\\\/blogit.gradia.fi\\\/digipalvelut\\\/#organization\",\"name\":\"Gradia Digipalvelut\",\"url\":\"https:\\\/\\\/blogit.gradia.fi\\\/digipalvelut\\\/\",\"logo\":{\"@type\":\"ImageObject\",\"inLanguage\":\"fi\",\"@id\":\"https:\\\/\\\/blogit.gradia.fi\\\/digipalvelut\\\/#\\\/schema\\\/logo\\\/image\\\/\",\"url\":\"https:\\\/\\\/blogit.gradia.fi\\\/digipalvelut\\\/wp-content\\\/uploads\\\/sites\\\/99\\\/2019\\\/06\\\/cropped-Gradia_logo_Cyber_TRANSPARENT.png\",\"contentUrl\":\"https:\\\/\\\/blogit.gradia.fi\\\/digipalvelut\\\/wp-content\\\/uploads\\\/sites\\\/99\\\/2019\\\/06\\\/cropped-Gradia_logo_Cyber_TRANSPARENT.png\",\"width\":316,\"height\":382,\"caption\":\"Gradia Digipalvelut\"},\"image\":{\"@id\":\"https:\\\/\\\/blogit.gradia.fi\\\/digipalvelut\\\/#\\\/schema\\\/logo\\\/image\\\/\"}}]}<\/script>\n<!-- \/ Yoast SEO plugin. -->","yoast_head_json":{"title":"H5P-toiminnon kopiointi - Gradia Digipalvelut","robots":{"index":"index","follow":"follow","max-snippet":"max-snippet:-1","max-image-preview":"max-image-preview:large","max-video-preview":"max-video-preview:-1"},"canonical":"https:\/\/blogit.gradia.fi\/digipalvelut\/ohjeita-ja-vinkkeja\/muut-sovellukset\/h5p-toiminnon-kopiointi\/","og_locale":"fi_FI","og_type":"article","og_title":"H5P-toiminnon kopiointi - Gradia Digipalvelut","og_description":"Olemassa olevan h5p-toiminnot voit helposti kopioida uuteen paikkaan.&nbsp;&nbsp; Katso kopioitavan h5p-toiminnon alareunasta harmaalla olevat painikkeet. Huomaa, ettei tekij\u00e4 ole v\u00e4ltt\u00e4m\u00e4tt\u00e4 laittanut toimintopainikkeita n\u00e4ytille, joten kopiointi ei silloin onnistu.\u00a0\u00a0 Valitse\u00a0Reuse. Uusi ikkuna avautuu\u00a0\u00a0 Kopio sis\u00e4lt\u00f6 painamalla aukeavaa ikkunaa.\u00a0\u00a0 Lis\u00e4\u00e4 Moodlessa uusi aktiviteetti. Valitse h5p.\u00a0\u00a0 Valitse h5p-editorissa\u00a0Paste-painike editorin yl\u00e4kulmasta. Kopioimasi sis\u00e4lt\u00f6 kopioituu [&hellip;]","og_url":"https:\/\/blogit.gradia.fi\/digipalvelut\/ohjeita-ja-vinkkeja\/muut-sovellukset\/h5p-toiminnon-kopiointi\/","og_site_name":"Gradia Digipalvelut","article_modified_time":"2019-07-04T07:11:42+00:00","og_image":[{"url":"https:\/\/blogit.gradia.fi\/digipalvelut\/wp-content\/uploads\/sites\/99\/2019\/07\/image-18.png","type":"","width":"","height":""}],"twitter_card":"summary_large_image","schema":{"@context":"https:\/\/schema.org","@graph":[{"@type":"WebPage","@id":"https:\/\/blogit.gradia.fi\/digipalvelut\/ohjeita-ja-vinkkeja\/muut-sovellukset\/h5p-toiminnon-kopiointi\/","url":"https:\/\/blogit.gradia.fi\/digipalvelut\/ohjeita-ja-vinkkeja\/muut-sovellukset\/h5p-toiminnon-kopiointi\/","name":"H5P-toiminnon kopiointi - Gradia Digipalvelut","isPartOf":{"@id":"https:\/\/blogit.gradia.fi\/digipalvelut\/#website"},"primaryImageOfPage":{"@id":"https:\/\/blogit.gradia.fi\/digipalvelut\/ohjeita-ja-vinkkeja\/muut-sovellukset\/h5p-toiminnon-kopiointi\/#primaryimage"},"image":{"@id":"https:\/\/blogit.gradia.fi\/digipalvelut\/ohjeita-ja-vinkkeja\/muut-sovellukset\/h5p-toiminnon-kopiointi\/#primaryimage"},"thumbnailUrl":"https:\/\/blogit.gradia.fi\/digipalvelut\/wp-content\/uploads\/sites\/99\/2019\/07\/image-18.png","datePublished":"2019-07-04T07:11:41+00:00","dateModified":"2019-07-04T07:11:42+00:00","breadcrumb":{"@id":"https:\/\/blogit.gradia.fi\/digipalvelut\/ohjeita-ja-vinkkeja\/muut-sovellukset\/h5p-toiminnon-kopiointi\/#breadcrumb"},"inLanguage":"fi","potentialAction":[{"@type":"ReadAction","target":["https:\/\/blogit.gradia.fi\/digipalvelut\/ohjeita-ja-vinkkeja\/muut-sovellukset\/h5p-toiminnon-kopiointi\/"]}]},{"@type":"ImageObject","inLanguage":"fi","@id":"https:\/\/blogit.gradia.fi\/digipalvelut\/ohjeita-ja-vinkkeja\/muut-sovellukset\/h5p-toiminnon-kopiointi\/#primaryimage","url":"https:\/\/blogit.gradia.fi\/digipalvelut\/wp-content\/uploads\/sites\/99\/2019\/07\/image-18.png","contentUrl":"https:\/\/blogit.gradia.fi\/digipalvelut\/wp-content\/uploads\/sites\/99\/2019\/07\/image-18.png","width":211,"height":104,"caption":"h5p toimintopainikkeet"},{"@type":"BreadcrumbList","@id":"https:\/\/blogit.gradia.fi\/digipalvelut\/ohjeita-ja-vinkkeja\/muut-sovellukset\/h5p-toiminnon-kopiointi\/#breadcrumb","itemListElement":[{"@type":"ListItem","position":1,"name":"Ohjeita ja vinkkej\u00e4","item":"https:\/\/blogit.gradia.fi\/digipalvelut\/ohjeita-ja-vinkkeja\/"},{"@type":"ListItem","position":2,"name":"Muut sovellukset","item":"https:\/\/blogit.gradia.fi\/digipalvelut\/ohjeita-ja-vinkkeja\/muut-sovellukset\/"},{"@type":"ListItem","position":3,"name":"H5P-toiminnon kopiointi"}]},{"@type":"WebSite","@id":"https:\/\/blogit.gradia.fi\/digipalvelut\/#website","url":"https:\/\/blogit.gradia.fi\/digipalvelut\/","name":"Gradia Digipalvelut","description":"Astetta enemm\u00e4n digi\u00e4","publisher":{"@id":"https:\/\/blogit.gradia.fi\/digipalvelut\/#organization"},"potentialAction":[{"@type":"SearchAction","target":{"@type":"EntryPoint","urlTemplate":"https:\/\/blogit.gradia.fi\/digipalvelut\/?s={search_term_string}"},"query-input":{"@type":"PropertyValueSpecification","valueRequired":true,"valueName":"search_term_string"}}],"inLanguage":"fi"},{"@type":"Organization","@id":"https:\/\/blogit.gradia.fi\/digipalvelut\/#organization","name":"Gradia Digipalvelut","url":"https:\/\/blogit.gradia.fi\/digipalvelut\/","logo":{"@type":"ImageObject","inLanguage":"fi","@id":"https:\/\/blogit.gradia.fi\/digipalvelut\/#\/schema\/logo\/image\/","url":"https:\/\/blogit.gradia.fi\/digipalvelut\/wp-content\/uploads\/sites\/99\/2019\/06\/cropped-Gradia_logo_Cyber_TRANSPARENT.png","contentUrl":"https:\/\/blogit.gradia.fi\/digipalvelut\/wp-content\/uploads\/sites\/99\/2019\/06\/cropped-Gradia_logo_Cyber_TRANSPARENT.png","width":316,"height":382,"caption":"Gradia Digipalvelut"},"image":{"@id":"https:\/\/blogit.gradia.fi\/digipalvelut\/#\/schema\/logo\/image\/"}}]}},"uagb_featured_image_src":{"full":false,"thumbnail":false,"medium":false,"medium_large":false,"large":false,"1536x1536":false,"2048x2048":false,"hestia-blog":false},"uagb_author_info":{"display_name":"Merja Hakanen","author_link":"https:\/\/blogit.gradia.fi\/digipalvelut\/author\/hakanmer\/"},"uagb_comment_info":0,"uagb_excerpt":"Olemassa olevan h5p-toiminnot voit helposti kopioida uuteen paikkaan.&nbsp;&nbsp; Katso kopioitavan h5p-toiminnon alareunasta harmaalla olevat painikkeet. Huomaa, ettei tekij\u00e4 ole v\u00e4ltt\u00e4m\u00e4tt\u00e4 laittanut toimintopainikkeita n\u00e4ytille, joten kopiointi ei silloin onnistu.\u00a0\u00a0 Valitse\u00a0Reuse. Uusi ikkuna avautuu\u00a0\u00a0 Kopio sis\u00e4lt\u00f6 painamalla aukeavaa ikkunaa.\u00a0\u00a0 Lis\u00e4\u00e4 Moodlessa uusi aktiviteetti. Valitse h5p.\u00a0\u00a0 Valitse h5p-editorissa\u00a0Paste-painike editorin yl\u00e4kulmasta. Kopioimasi sis\u00e4lt\u00f6 kopioituu [&hellip;]","_links":{"self":[{"href":"https:\/\/blogit.gradia.fi\/digipalvelut\/wp-json\/wp\/v2\/pages\/635","targetHints":{"allow":["GET"]}}],"collection":[{"href":"https:\/\/blogit.gradia.fi\/digipalvelut\/wp-json\/wp\/v2\/pages"}],"about":[{"href":"https:\/\/blogit.gradia.fi\/digipalvelut\/wp-json\/wp\/v2\/types\/page"}],"author":[{"embeddable":true,"href":"https:\/\/blogit.gradia.fi\/digipalvelut\/wp-json\/wp\/v2\/users\/421"}],"replies":[{"embeddable":true,"href":"https:\/\/blogit.gradia.fi\/digipalvelut\/wp-json\/wp\/v2\/comments?post=635"}],"version-history":[{"count":2,"href":"https:\/\/blogit.gradia.fi\/digipalvelut\/wp-json\/wp\/v2\/pages\/635\/revisions"}],"predecessor-version":[{"id":640,"href":"https:\/\/blogit.gradia.fi\/digipalvelut\/wp-json\/wp\/v2\/pages\/635\/revisions\/640"}],"up":[{"embeddable":true,"href":"https:\/\/blogit.gradia.fi\/digipalvelut\/wp-json\/wp\/v2\/pages\/78"}],"wp:attachment":[{"href":"https:\/\/blogit.gradia.fi\/digipalvelut\/wp-json\/wp\/v2\/media?parent=635"}],"curies":[{"name":"wp","href":"https:\/\/api.w.org\/{rel}","templated":true}]}}