{"id":624,"date":"2019-07-04T08:47:46","date_gmt":"2019-07-04T05:47:46","guid":{"rendered":"https:\/\/blogit.gradia.fi\/digipalvelut\/?page_id=624"},"modified":"2019-07-04T08:47:46","modified_gmt":"2019-07-04T05:47:46","slug":"oman-kurssibannerin-luominen","status":"publish","type":"page","link":"https:\/\/blogit.gradia.fi\/digipalvelut\/ohjeita-ja-vinkkeja\/moodle\/oman-kurssibannerin-luominen\/","title":{"rendered":"Oman kurssibannerin luominen"},"content":{"rendered":"\n<p>Kurssibannerin \u201doletuskoko\u201d Moodlessa on 1680px x 250px.&nbsp;&nbsp;<\/p>\n\n\n\n<figure class=\"wp-block-image\"><img fetchpriority=\"high\" decoding=\"async\" width=\"1024\" height=\"152\" src=\"https:\/\/blogit.gradia.fi\/digipalvelut\/wp-content\/uploads\/sites\/99\/2019\/07\/image-4-1024x152.jpeg\" alt=\"H\u00f6yhen, esimerkkikuva koristeelliseksi taustakuvaksi tarkoitetusta bannerista. \" class=\"wp-image-625\" srcset=\"https:\/\/blogit.gradia.fi\/digipalvelut\/wp-content\/uploads\/sites\/99\/2019\/07\/image-4.jpeg 1024w, https:\/\/blogit.gradia.fi\/digipalvelut\/wp-content\/uploads\/sites\/99\/2019\/07\/image-4-300x45.jpeg 300w, https:\/\/blogit.gradia.fi\/digipalvelut\/wp-content\/uploads\/sites\/99\/2019\/07\/image-4-768x114.jpeg 768w, https:\/\/blogit.gradia.fi\/digipalvelut\/wp-content\/uploads\/sites\/99\/2019\/07\/image-4-620x92.jpeg 620w\" sizes=\"(max-width: 1024px) 100vw, 1024px\" \/><figcaption>Esimerkkikuva kurssibannerista<\/figcaption><\/figure>\n\n\n\n<p>Moodlen kurssibannerin muoto on hyvin leve\u00e4 ja matala. Kaikki kuvat eiv\u00e4t siis v\u00e4ltt\u00e4m\u00e4tt\u00e4 sovellu kurssibannereiksi. Muotonsa vuoksi kuvista joudutaan usein rajaamaan paljon informaatiota pois. Jos kuitenkin haluat luoda omasta kuvasta kurssibannerin, on se mahdollista.\u00a0\u00a0\u00a0<\/p>\n\n\n\n<p>Moodlen kurssibannerin maksimikorkeus rajoitetaan 350px korkeuteen. Jos haluat asettaa kurssibanneriksi korkeamman kuvan, kuin 350px pienennet\u00e4\u00e4n se automaattisesti 350px korkuiseksi Moodleen viet\u00e4ess\u00e4. Jos haluat, ett\u00e4 kuva on leve\u00e4 ja bannerimainen, kuten yll\u00e4olevassa esimerkiss\u00e4, tulee sinun muokata kuvaa niin, ett\u00e4 mittasuhteet ovat l\u00e4hell\u00e4 tuota 1680&#215;250 kuvasuhdetta. Rajaamiseen voi k\u00e4ytt\u00e4\u00e4 useita eri ty\u00f6kaluja, kuten Adobe Photoshop,&nbsp;Paint&nbsp;ja erilaiset selainpohjaiset ratkaisut jne. Alta l\u00f6ytyv\u00e4ss\u00e4 ohjeessa on k\u00e4ytetty selainpohjaista&nbsp;<a href=\"http:\/\/www.befunky.com\/\" target=\"_blank\" rel=\"noreferrer noopener\">www.befunky.com<\/a>&nbsp;-palvelua.&nbsp;&nbsp;&nbsp;<\/p>\n\n\n\n<p>Kuvaa valittaessa tulee my\u00f6s huomioida se, ett\u00e4 kuva on riitt\u00e4v\u00e4n kokoinen. Leveys olisi hyv\u00e4 olla v\u00e4hint\u00e4\u00e4n 1680px. T\u00e4m\u00e4n voi tarkistaa esim.\u00a0 klikkaamalla kuvan p\u00e4\u00e4ll\u00e4 hiiren vasemmalla korvalla ja valitsemalla \u201dOminaisuudet\u201d.\u00a0 Mene sitten v\u00e4lilehdelle: \u201dTiedot\u201d. Kuvan leveys n\u00e4kyy otsikon: \u201dValokuva\u201d alla kohdassa leveys.\u00a0\u00a0<\/p>\n\n\n\n<p>Kuvan muokkaaminen&nbsp;Befunky&nbsp;-palvelussa:&nbsp;&nbsp;<\/p>\n\n\n\n<ol class=\"wp-block-list\"><li>Varmista ensin, ett\u00e4 kuvasi soveltuu kurssibanneriksi ja on&nbsp;v\u00e4h. 1680px leve\u00e4. Ohje t\u00e4m\u00e4n tarkistamiseen l\u00f6ytyy yl\u00e4puolelta.&nbsp;&nbsp;<\/li><li>Mene selaimella osoitteeseen:&nbsp;<a href=\"https:\/\/www.befunky.com\/create\/\" target=\"_blank\" rel=\"noreferrer noopener\">https:\/\/www.befunky.com\/create\/<\/a>&nbsp;&nbsp;<\/li><li>Avaa kuvasi palveluun menem\u00e4ll\u00e4 kohtaan \u201dOpen\u201d ja t\u00e4m\u00e4n j\u00e4lkeen valitse \u201dComputer\u201d. Selaa haluamaasi kuvaan, valitse se ja paina \u201dAvaa\u201d.&nbsp;&nbsp;&nbsp;<\/li><li>Aluksi pienennet\u00e4\u00e4n kuvasi tarvittaessa leveydelt\u00e4\u00e4n kokoon 1680px. T\u00e4t\u00e4 kapeampi kuva ei sovellu hyvin k\u00e4ytett\u00e4v\u00e4ksi kurssibannerina. Valitse vasemmalta l\u00f6ytyv\u00e4st\u00e4 valikosta: \u201dResize\u201d ja klikkaa sit\u00e4.&nbsp;Resize&nbsp;ty\u00f6kalu aukeaa. Varmista, ett\u00e4 valintaruudussa \u201dLock&nbsp;aspect&nbsp;ratio\u201d on ruksi p\u00e4\u00e4ll\u00e4. Jos kuvasi leveys on enemm\u00e4n kuin 1680px muuta arvo \u201dWidth\u201d: 1680px. Hyv\u00e4ksy muutos sinisest\u00e4 nuolesta(Apply).&nbsp; Kuvasi on nyt 1680 leve\u00e4.&nbsp;&nbsp;<\/li><li>Seuraavaksi muutetaan kuvan korkeutta niin, ett\u00e4 se asettuu v\u00e4lille 250 \u2013 350px. Valitse vasemmasta valikosta: \u201dCrop\u201d. Varmista, ett\u00e4 valintaruudussa \u201dLock&nbsp;aspect&nbsp;ratio\u201d ei ole ruksia p\u00e4\u00e4ll\u00e4. Kuvasi p\u00e4\u00e4ll\u00e4 n\u00e4kyy nyt ristikko. \u201dRaahaa\u201d ristikon reunasta kiinni pit\u00e4en ristikon molemmat reunat kuvan reunoihin niin, ett\u00e4 ristikko on yht\u00e4 leve\u00e4 kuin kuvasikin. Kuvan vasemmalla puolella n\u00e4kyy kuvan leveys- ja korkeus tiedot (width&nbsp;ja&nbsp;height). Seuraa&nbsp;height&nbsp;kent\u00e4ss\u00e4 olevaa lukua ja raahaa ristikkoa ylh\u00e4\u00e4lt\u00e4 alas tai alhaalta yl\u00f6s, kuinka vaan haluat kuvaa rajata niin, ett\u00e4&nbsp;height&nbsp;arvo j\u00e4\u00e4 lopulta v\u00e4lille 250 \u2013 350px. Kun olet saanut kuvan rajattua halutunlaiseksi niin, ett\u00e4&nbsp;Width&nbsp;arvo on 1680 ja&nbsp;height&nbsp;arvo 250-350 voit hyv\u00e4ksy\u00e4 muutokset painamalla sinist\u00e4 nuolta(Apply).&nbsp;&nbsp;<\/li><li>Nyt voit tallentaa kuvan tietokoneellesi. Valitse Yl\u00e4palkista: \u201dSave\u201d ja t\u00e4m\u00e4n j\u00e4lkeen valitse Computer. Anna tiedostollesi nimi ja tallenna. Kuva on nyt tallennettuna tietokoneellesi.&nbsp;<\/li><\/ol>\n","protected":false},"excerpt":{"rendered":"<p>Kurssibannerin \u201doletuskoko\u201d Moodlessa on 1680px x 250px.&nbsp;&nbsp; Moodlen kurssibannerin muoto on hyvin leve\u00e4 ja matala. Kaikki kuvat eiv\u00e4t siis v\u00e4ltt\u00e4m\u00e4tt\u00e4 sovellu kurssibannereiksi. Muotonsa vuoksi kuvista joudutaan usein rajaamaan paljon informaatiota pois. Jos kuitenkin haluat luoda omasta kuvasta kurssibannerin, on se mahdollista.\u00a0\u00a0\u00a0 Moodlen kurssibannerin maksimikorkeus rajoitetaan 350px korkeuteen. Jos haluat asettaa [&hellip;]<\/p>\n","protected":false},"author":421,"featured_media":0,"parent":76,"menu_order":0,"comment_status":"closed","ping_status":"closed","template":"","meta":{"_uag_custom_page_level_css":"","footnotes":""},"class_list":["post-624","page","type-page","status-publish","hentry"],"yoast_head":"<!-- This site is optimized with the Yoast SEO plugin v27.4 - https:\/\/yoast.com\/product\/yoast-seo-wordpress\/ -->\n<title>Oman kurssibannerin luominen - Gradia Digipalvelut<\/title>\n<meta name=\"robots\" content=\"index, follow, max-snippet:-1, max-image-preview:large, max-video-preview:-1\" \/>\n<link rel=\"canonical\" href=\"https:\/\/blogit.gradia.fi\/digipalvelut\/ohjeita-ja-vinkkeja\/moodle\/oman-kurssibannerin-luominen\/\" \/>\n<meta property=\"og:locale\" content=\"fi_FI\" \/>\n<meta property=\"og:type\" content=\"article\" \/>\n<meta property=\"og:title\" content=\"Oman kurssibannerin luominen - Gradia Digipalvelut\" \/>\n<meta property=\"og:description\" content=\"Kurssibannerin \u201doletuskoko\u201d Moodlessa on 1680px x 250px.&nbsp;&nbsp; Moodlen kurssibannerin muoto on hyvin leve\u00e4 ja matala. Kaikki kuvat eiv\u00e4t siis v\u00e4ltt\u00e4m\u00e4tt\u00e4 sovellu kurssibannereiksi. Muotonsa vuoksi kuvista joudutaan usein rajaamaan paljon informaatiota pois. Jos kuitenkin haluat luoda omasta kuvasta kurssibannerin, on se mahdollista.\u00a0\u00a0\u00a0 Moodlen kurssibannerin maksimikorkeus rajoitetaan 350px korkeuteen. Jos haluat asettaa [&hellip;]\" \/>\n<meta property=\"og:url\" content=\"https:\/\/blogit.gradia.fi\/digipalvelut\/ohjeita-ja-vinkkeja\/moodle\/oman-kurssibannerin-luominen\/\" \/>\n<meta property=\"og:site_name\" content=\"Gradia Digipalvelut\" \/>\n<meta property=\"og:image\" content=\"https:\/\/blogit.gradia.fi\/digipalvelut\/wp-content\/uploads\/sites\/99\/2019\/07\/image-4-1024x152.jpeg\" \/>\n<meta name=\"twitter:card\" content=\"summary_large_image\" \/>\n<meta name=\"twitter:label1\" content=\"Arvioitu lukuaika\" \/>\n\t<meta name=\"twitter:data1\" content=\"2 minuuttia\" \/>\n<script type=\"application\/ld+json\" class=\"yoast-schema-graph\">{\"@context\":\"https:\\\/\\\/schema.org\",\"@graph\":[{\"@type\":\"WebPage\",\"@id\":\"https:\\\/\\\/blogit.gradia.fi\\\/digipalvelut\\\/ohjeita-ja-vinkkeja\\\/moodle\\\/oman-kurssibannerin-luominen\\\/\",\"url\":\"https:\\\/\\\/blogit.gradia.fi\\\/digipalvelut\\\/ohjeita-ja-vinkkeja\\\/moodle\\\/oman-kurssibannerin-luominen\\\/\",\"name\":\"Oman kurssibannerin luominen - Gradia Digipalvelut\",\"isPartOf\":{\"@id\":\"https:\\\/\\\/blogit.gradia.fi\\\/digipalvelut\\\/#website\"},\"primaryImageOfPage\":{\"@id\":\"https:\\\/\\\/blogit.gradia.fi\\\/digipalvelut\\\/ohjeita-ja-vinkkeja\\\/moodle\\\/oman-kurssibannerin-luominen\\\/#primaryimage\"},\"image\":{\"@id\":\"https:\\\/\\\/blogit.gradia.fi\\\/digipalvelut\\\/ohjeita-ja-vinkkeja\\\/moodle\\\/oman-kurssibannerin-luominen\\\/#primaryimage\"},\"thumbnailUrl\":\"https:\\\/\\\/blogit.gradia.fi\\\/digipalvelut\\\/wp-content\\\/uploads\\\/sites\\\/99\\\/2019\\\/07\\\/image-4-1024x152.jpeg\",\"datePublished\":\"2019-07-04T05:47:46+00:00\",\"breadcrumb\":{\"@id\":\"https:\\\/\\\/blogit.gradia.fi\\\/digipalvelut\\\/ohjeita-ja-vinkkeja\\\/moodle\\\/oman-kurssibannerin-luominen\\\/#breadcrumb\"},\"inLanguage\":\"fi\",\"potentialAction\":[{\"@type\":\"ReadAction\",\"target\":[\"https:\\\/\\\/blogit.gradia.fi\\\/digipalvelut\\\/ohjeita-ja-vinkkeja\\\/moodle\\\/oman-kurssibannerin-luominen\\\/\"]}]},{\"@type\":\"ImageObject\",\"inLanguage\":\"fi\",\"@id\":\"https:\\\/\\\/blogit.gradia.fi\\\/digipalvelut\\\/ohjeita-ja-vinkkeja\\\/moodle\\\/oman-kurssibannerin-luominen\\\/#primaryimage\",\"url\":\"https:\\\/\\\/blogit.gradia.fi\\\/digipalvelut\\\/wp-content\\\/uploads\\\/sites\\\/99\\\/2019\\\/07\\\/image-4-1024x152.jpeg\",\"contentUrl\":\"https:\\\/\\\/blogit.gradia.fi\\\/digipalvelut\\\/wp-content\\\/uploads\\\/sites\\\/99\\\/2019\\\/07\\\/image-4-1024x152.jpeg\"},{\"@type\":\"BreadcrumbList\",\"@id\":\"https:\\\/\\\/blogit.gradia.fi\\\/digipalvelut\\\/ohjeita-ja-vinkkeja\\\/moodle\\\/oman-kurssibannerin-luominen\\\/#breadcrumb\",\"itemListElement\":[{\"@type\":\"ListItem\",\"position\":1,\"name\":\"Ohjeita ja vinkkej\u00e4\",\"item\":\"https:\\\/\\\/blogit.gradia.fi\\\/digipalvelut\\\/ohjeita-ja-vinkkeja\\\/\"},{\"@type\":\"ListItem\",\"position\":2,\"name\":\"Moodle\",\"item\":\"https:\\\/\\\/blogit.gradia.fi\\\/digipalvelut\\\/ohjeita-ja-vinkkeja\\\/moodle\\\/\"},{\"@type\":\"ListItem\",\"position\":3,\"name\":\"Oman kurssibannerin luominen\"}]},{\"@type\":\"WebSite\",\"@id\":\"https:\\\/\\\/blogit.gradia.fi\\\/digipalvelut\\\/#website\",\"url\":\"https:\\\/\\\/blogit.gradia.fi\\\/digipalvelut\\\/\",\"name\":\"Gradia Digipalvelut\",\"description\":\"Astetta enemm\u00e4n digi\u00e4\",\"publisher\":{\"@id\":\"https:\\\/\\\/blogit.gradia.fi\\\/digipalvelut\\\/#organization\"},\"potentialAction\":[{\"@type\":\"SearchAction\",\"target\":{\"@type\":\"EntryPoint\",\"urlTemplate\":\"https:\\\/\\\/blogit.gradia.fi\\\/digipalvelut\\\/?s={search_term_string}\"},\"query-input\":{\"@type\":\"PropertyValueSpecification\",\"valueRequired\":true,\"valueName\":\"search_term_string\"}}],\"inLanguage\":\"fi\"},{\"@type\":\"Organization\",\"@id\":\"https:\\\/\\\/blogit.gradia.fi\\\/digipalvelut\\\/#organization\",\"name\":\"Gradia Digipalvelut\",\"url\":\"https:\\\/\\\/blogit.gradia.fi\\\/digipalvelut\\\/\",\"logo\":{\"@type\":\"ImageObject\",\"inLanguage\":\"fi\",\"@id\":\"https:\\\/\\\/blogit.gradia.fi\\\/digipalvelut\\\/#\\\/schema\\\/logo\\\/image\\\/\",\"url\":\"https:\\\/\\\/blogit.gradia.fi\\\/digipalvelut\\\/wp-content\\\/uploads\\\/sites\\\/99\\\/2019\\\/06\\\/cropped-Gradia_logo_Cyber_TRANSPARENT.png\",\"contentUrl\":\"https:\\\/\\\/blogit.gradia.fi\\\/digipalvelut\\\/wp-content\\\/uploads\\\/sites\\\/99\\\/2019\\\/06\\\/cropped-Gradia_logo_Cyber_TRANSPARENT.png\",\"width\":316,\"height\":382,\"caption\":\"Gradia Digipalvelut\"},\"image\":{\"@id\":\"https:\\\/\\\/blogit.gradia.fi\\\/digipalvelut\\\/#\\\/schema\\\/logo\\\/image\\\/\"}}]}<\/script>\n<!-- \/ Yoast SEO plugin. -->","yoast_head_json":{"title":"Oman kurssibannerin luominen - Gradia Digipalvelut","robots":{"index":"index","follow":"follow","max-snippet":"max-snippet:-1","max-image-preview":"max-image-preview:large","max-video-preview":"max-video-preview:-1"},"canonical":"https:\/\/blogit.gradia.fi\/digipalvelut\/ohjeita-ja-vinkkeja\/moodle\/oman-kurssibannerin-luominen\/","og_locale":"fi_FI","og_type":"article","og_title":"Oman kurssibannerin luominen - Gradia Digipalvelut","og_description":"Kurssibannerin \u201doletuskoko\u201d Moodlessa on 1680px x 250px.&nbsp;&nbsp; Moodlen kurssibannerin muoto on hyvin leve\u00e4 ja matala. Kaikki kuvat eiv\u00e4t siis v\u00e4ltt\u00e4m\u00e4tt\u00e4 sovellu kurssibannereiksi. Muotonsa vuoksi kuvista joudutaan usein rajaamaan paljon informaatiota pois. Jos kuitenkin haluat luoda omasta kuvasta kurssibannerin, on se mahdollista.\u00a0\u00a0\u00a0 Moodlen kurssibannerin maksimikorkeus rajoitetaan 350px korkeuteen. Jos haluat asettaa [&hellip;]","og_url":"https:\/\/blogit.gradia.fi\/digipalvelut\/ohjeita-ja-vinkkeja\/moodle\/oman-kurssibannerin-luominen\/","og_site_name":"Gradia Digipalvelut","og_image":[{"url":"https:\/\/blogit.gradia.fi\/digipalvelut\/wp-content\/uploads\/sites\/99\/2019\/07\/image-4-1024x152.jpeg","type":"","width":"","height":""}],"twitter_card":"summary_large_image","twitter_misc":{"Arvioitu lukuaika":"2 minuuttia"},"schema":{"@context":"https:\/\/schema.org","@graph":[{"@type":"WebPage","@id":"https:\/\/blogit.gradia.fi\/digipalvelut\/ohjeita-ja-vinkkeja\/moodle\/oman-kurssibannerin-luominen\/","url":"https:\/\/blogit.gradia.fi\/digipalvelut\/ohjeita-ja-vinkkeja\/moodle\/oman-kurssibannerin-luominen\/","name":"Oman kurssibannerin luominen - Gradia Digipalvelut","isPartOf":{"@id":"https:\/\/blogit.gradia.fi\/digipalvelut\/#website"},"primaryImageOfPage":{"@id":"https:\/\/blogit.gradia.fi\/digipalvelut\/ohjeita-ja-vinkkeja\/moodle\/oman-kurssibannerin-luominen\/#primaryimage"},"image":{"@id":"https:\/\/blogit.gradia.fi\/digipalvelut\/ohjeita-ja-vinkkeja\/moodle\/oman-kurssibannerin-luominen\/#primaryimage"},"thumbnailUrl":"https:\/\/blogit.gradia.fi\/digipalvelut\/wp-content\/uploads\/sites\/99\/2019\/07\/image-4-1024x152.jpeg","datePublished":"2019-07-04T05:47:46+00:00","breadcrumb":{"@id":"https:\/\/blogit.gradia.fi\/digipalvelut\/ohjeita-ja-vinkkeja\/moodle\/oman-kurssibannerin-luominen\/#breadcrumb"},"inLanguage":"fi","potentialAction":[{"@type":"ReadAction","target":["https:\/\/blogit.gradia.fi\/digipalvelut\/ohjeita-ja-vinkkeja\/moodle\/oman-kurssibannerin-luominen\/"]}]},{"@type":"ImageObject","inLanguage":"fi","@id":"https:\/\/blogit.gradia.fi\/digipalvelut\/ohjeita-ja-vinkkeja\/moodle\/oman-kurssibannerin-luominen\/#primaryimage","url":"https:\/\/blogit.gradia.fi\/digipalvelut\/wp-content\/uploads\/sites\/99\/2019\/07\/image-4-1024x152.jpeg","contentUrl":"https:\/\/blogit.gradia.fi\/digipalvelut\/wp-content\/uploads\/sites\/99\/2019\/07\/image-4-1024x152.jpeg"},{"@type":"BreadcrumbList","@id":"https:\/\/blogit.gradia.fi\/digipalvelut\/ohjeita-ja-vinkkeja\/moodle\/oman-kurssibannerin-luominen\/#breadcrumb","itemListElement":[{"@type":"ListItem","position":1,"name":"Ohjeita ja vinkkej\u00e4","item":"https:\/\/blogit.gradia.fi\/digipalvelut\/ohjeita-ja-vinkkeja\/"},{"@type":"ListItem","position":2,"name":"Moodle","item":"https:\/\/blogit.gradia.fi\/digipalvelut\/ohjeita-ja-vinkkeja\/moodle\/"},{"@type":"ListItem","position":3,"name":"Oman kurssibannerin luominen"}]},{"@type":"WebSite","@id":"https:\/\/blogit.gradia.fi\/digipalvelut\/#website","url":"https:\/\/blogit.gradia.fi\/digipalvelut\/","name":"Gradia Digipalvelut","description":"Astetta enemm\u00e4n digi\u00e4","publisher":{"@id":"https:\/\/blogit.gradia.fi\/digipalvelut\/#organization"},"potentialAction":[{"@type":"SearchAction","target":{"@type":"EntryPoint","urlTemplate":"https:\/\/blogit.gradia.fi\/digipalvelut\/?s={search_term_string}"},"query-input":{"@type":"PropertyValueSpecification","valueRequired":true,"valueName":"search_term_string"}}],"inLanguage":"fi"},{"@type":"Organization","@id":"https:\/\/blogit.gradia.fi\/digipalvelut\/#organization","name":"Gradia Digipalvelut","url":"https:\/\/blogit.gradia.fi\/digipalvelut\/","logo":{"@type":"ImageObject","inLanguage":"fi","@id":"https:\/\/blogit.gradia.fi\/digipalvelut\/#\/schema\/logo\/image\/","url":"https:\/\/blogit.gradia.fi\/digipalvelut\/wp-content\/uploads\/sites\/99\/2019\/06\/cropped-Gradia_logo_Cyber_TRANSPARENT.png","contentUrl":"https:\/\/blogit.gradia.fi\/digipalvelut\/wp-content\/uploads\/sites\/99\/2019\/06\/cropped-Gradia_logo_Cyber_TRANSPARENT.png","width":316,"height":382,"caption":"Gradia Digipalvelut"},"image":{"@id":"https:\/\/blogit.gradia.fi\/digipalvelut\/#\/schema\/logo\/image\/"}}]}},"uagb_featured_image_src":{"full":false,"thumbnail":false,"medium":false,"medium_large":false,"large":false,"1536x1536":false,"2048x2048":false,"hestia-blog":false},"uagb_author_info":{"display_name":"Merja Hakanen","author_link":"https:\/\/blogit.gradia.fi\/digipalvelut\/author\/hakanmer\/"},"uagb_comment_info":0,"uagb_excerpt":"Kurssibannerin \u201doletuskoko\u201d Moodlessa on 1680px x 250px.&nbsp;&nbsp; Moodlen kurssibannerin muoto on hyvin leve\u00e4 ja matala. Kaikki kuvat eiv\u00e4t siis v\u00e4ltt\u00e4m\u00e4tt\u00e4 sovellu kurssibannereiksi. Muotonsa vuoksi kuvista joudutaan usein rajaamaan paljon informaatiota pois. Jos kuitenkin haluat luoda omasta kuvasta kurssibannerin, on se mahdollista.\u00a0\u00a0\u00a0 Moodlen kurssibannerin maksimikorkeus rajoitetaan 350px korkeuteen. Jos haluat asettaa [&hellip;]","_links":{"self":[{"href":"https:\/\/blogit.gradia.fi\/digipalvelut\/wp-json\/wp\/v2\/pages\/624","targetHints":{"allow":["GET"]}}],"collection":[{"href":"https:\/\/blogit.gradia.fi\/digipalvelut\/wp-json\/wp\/v2\/pages"}],"about":[{"href":"https:\/\/blogit.gradia.fi\/digipalvelut\/wp-json\/wp\/v2\/types\/page"}],"author":[{"embeddable":true,"href":"https:\/\/blogit.gradia.fi\/digipalvelut\/wp-json\/wp\/v2\/users\/421"}],"replies":[{"embeddable":true,"href":"https:\/\/blogit.gradia.fi\/digipalvelut\/wp-json\/wp\/v2\/comments?post=624"}],"version-history":[{"count":1,"href":"https:\/\/blogit.gradia.fi\/digipalvelut\/wp-json\/wp\/v2\/pages\/624\/revisions"}],"predecessor-version":[{"id":626,"href":"https:\/\/blogit.gradia.fi\/digipalvelut\/wp-json\/wp\/v2\/pages\/624\/revisions\/626"}],"up":[{"embeddable":true,"href":"https:\/\/blogit.gradia.fi\/digipalvelut\/wp-json\/wp\/v2\/pages\/76"}],"wp:attachment":[{"href":"https:\/\/blogit.gradia.fi\/digipalvelut\/wp-json\/wp\/v2\/media?parent=624"}],"curies":[{"name":"wp","href":"https:\/\/api.w.org\/{rel}","templated":true}]}}