{"id":594,"date":"2019-07-02T12:14:00","date_gmt":"2019-07-02T09:14:00","guid":{"rendered":"https:\/\/blogit.gradia.fi\/digipalvelut\/?page_id=594"},"modified":"2019-08-01T10:58:41","modified_gmt":"2019-08-01T07:58:41","slug":"h5p-toiminnot","status":"publish","type":"page","link":"https:\/\/blogit.gradia.fi\/digipalvelut\/ohjeita-ja-vinkkeja\/moodle\/h5p-toiminnot\/","title":{"rendered":"H5P-toiminnot"},"content":{"rendered":"\n<p>H5P on monipuolinen lis\u00e4osa Moodleen, jota kannattaa k\u00e4ytt\u00e4\u00e4 osaamisen kartuttamisessa ja asioiden harjoittelussa. Voit tehd\u00e4 sill\u00e4 moderneja s\u00e4hk\u00f6isi\u00e4 teht\u00e4vi\u00e4, joilla pystyt tukemaan esimerkiksi k\u00e4sitteiden oppimista. Lis\u00e4ksi pystyt tekem\u00e4\u00e4n toiminnon avulla&nbsp;interaktiivisia&nbsp;kuvia, videoita ja 360-kuvia.&nbsp;&nbsp;<\/p>\n\n\n\n<p><strong>H5P-aktiviteetin lis\u00e4\u00e4minen<\/strong>&nbsp;<\/p>\n\n\n\n<ol class=\"wp-block-list\"><li>Mene kurssille&nbsp;&nbsp;<\/li><li>Aktivoi muokkaustila p\u00e4\u00e4lle hallintaty\u00f6kaluista&nbsp;&nbsp;<\/li><li>Valitse&nbsp;<strong>Lis\u00e4\u00e4 aktiviteetti tai aineisto<\/strong>&nbsp;haluamaasi osioon. Valitse H5P. Paina&nbsp;<strong>Lis\u00e4\u00e4<\/strong>-painiketta.&nbsp;&nbsp;<\/li><li>Anna halutessasi lyhyt kuvaus aktiviteetille.&nbsp;&nbsp;<\/li><li>Valitse editorista haluamasi H5P-toiminto. Katso esimerkkej\u00e4 erilaisista H5P-toiminnoista.&nbsp;&nbsp;<\/li><li>Editoriin aukeaa H5P-toimintojen ikkuna, jossa voit muokata valitsemasi H5P-toiminnon sis\u00e4lt\u00f6\u00e4.&nbsp;&nbsp;<\/li><li>S\u00e4\u00e4d\u00e4 n\u00e4kyvyyteen liittyv\u00e4t asetukset: n\u00e4ytet\u00e4\u00e4nk\u00f6 h5p-toiminnossa&nbsp;toimintopalkki, latauspainike (mahdollistaa latauksen), upota-painike (mahdollistaa upotuskoodin saamisen), copyright-painike.&nbsp;&nbsp;<\/li><li>S\u00e4\u00e4d\u00e4 muut tarvittavat asetukset, kuten arviointiin ja n\u00e4kyvyyteen liittyv\u00e4t asetukset.&nbsp;<\/li><li>Tallenna sivu alaosan Tallenna-painikkeilla.&nbsp;<\/li><\/ol>\n\n\n\n<figure class=\"wp-block-image is-resized\"><img fetchpriority=\"high\" decoding=\"async\" src=\"https:\/\/blogit.gradia.fi\/digipalvelut\/wp-content\/uploads\/sites\/99\/2019\/07\/image-17-1024x813.png\" alt=\"h5p\" class=\"wp-image-595\" width=\"512\" height=\"407\" srcset=\"https:\/\/blogit.gradia.fi\/digipalvelut\/wp-content\/uploads\/sites\/99\/2019\/07\/image-17.png 1024w, https:\/\/blogit.gradia.fi\/digipalvelut\/wp-content\/uploads\/sites\/99\/2019\/07\/image-17-300x238.png 300w, https:\/\/blogit.gradia.fi\/digipalvelut\/wp-content\/uploads\/sites\/99\/2019\/07\/image-17-768x610.png 768w, https:\/\/blogit.gradia.fi\/digipalvelut\/wp-content\/uploads\/sites\/99\/2019\/07\/image-17-620x492.png 620w\" sizes=\"(max-width: 512px) 100vw, 512px\" \/><\/figure>\n\n\n\n<h2 class=\"wp-block-heading\">H5P-toimintoja<\/h2>\n\n\n\n<p><strong>Multiple&nbsp;Choise<\/strong>: Monivalintakysely oikein\/v\u00e4\u00e4rin-vaihtoehdoilla. Oikeita vaihtoehtoja voi olla useita.&nbsp;&nbsp;<\/p>\n\n\n\n<p><strong>Accordion:&nbsp;<\/strong>voit jakaa tekstisi laajeneviin valikoihin t\u00e4ll\u00e4 ty\u00f6kalulla.&nbsp;&nbsp;<\/p>\n\n\n\n<p><strong>Arithmetic&nbsp;Quiz<\/strong>: matematiikkakysely, jolla saa tehty\u00e4 automaattisen p\u00e4\u00e4ss\u00e4laskukokeen. Vaihtoehtoina on peruslaskutoimitukset ( yhteen-, v\u00e4hennys-, kerto- ja jakolaskut), joista sovellus arpoo kysymykset ja vastausvaihtoehdot. Kysymysten m\u00e4\u00e4r\u00e4\u00e4 voi vaihdella.&nbsp;<\/p>\n\n\n\n<p><strong>Chart:<\/strong>&nbsp;tekee yksinkertaisia kuvaajia.&nbsp;<\/p>\n\n\n\n<p><strong>Collage:<\/strong>&nbsp;tekee kuvakollaasin.&nbsp;&nbsp;<\/p>\n\n\n\n<p><strong>Column<\/strong>: yhdist\u00e4\u00e4 esimerkiksi teksti\u00e4, videoita tai muita h5p-toimintoja yhdeksi kokonaisuudeksi (sivuksi). Tekee&nbsp;irralllisista&nbsp;toiminnoista yhten\u00e4isemm\u00e4n kokonaisuuden.&nbsp;&nbsp;<\/p>\n\n\n\n<p><strong>Course Presentation:<\/strong>&nbsp;toiminnolla voi tehd\u00e4 esityksi\u00e4 (vrt. PowerPoint), johon voi upottaa varsinaisen tekstin lis\u00e4ksi teht\u00e4v\u00e4toimintoja, kuten kyselyj\u00e4 tai aukkoteht\u00e4vi\u00e4.&nbsp;&nbsp;<\/p>\n\n\n\n<p><strong>Dialog&nbsp;Cards:<\/strong>&nbsp;voi tehd\u00e4 kaksipuoleisia dialogikortteja, joita voi hy\u00f6dynt\u00e4\u00e4 esimerkiksi k\u00e4sitteiden tai sanaston oppimisessa.&nbsp;&nbsp;<\/p>\n\n\n\n<p><strong>Documentation&nbsp;Tool:&nbsp;<\/strong>voit luoda dokumentointiavustajan, joka voi auttaa opiskelijaa esimerkiksi raportoimaan projektista ohjatusti.&nbsp;&nbsp;<\/p>\n\n\n\n<p><strong>Drag and&nbsp;drop:&nbsp;<\/strong>tee monipuolisia ved\u00e4 ja pudota -kysymyksi\u00e4, joissa voit yhdist\u00e4\u00e4 esimerkiksi kuvia ja teksti\u00e4.&nbsp;&nbsp;<\/p>\n\n\n\n<p><strong>Drag&nbsp;the&nbsp;Words<\/strong>: voi tehd\u00e4 teht\u00e4vi\u00e4, joissa&nbsp;ved\u00e4t\u00e4\u00e4n&nbsp;ja pudotetaan sanat tekstin sekaan.&nbsp;&nbsp;<\/p>\n\n\n\n<p><strong>Fill&nbsp;in&nbsp;the&nbsp;Blanks<\/strong>: Tee tekstipohjainen aukkoteht\u00e4v\u00e4, jossa opiskelija kirjoittaa vastauksensa aukkoihin.&nbsp;&nbsp;<\/p>\n\n\n\n<p><strong>Find&nbsp;the&nbsp;Hotspot:<\/strong>&nbsp;Opiskelijan teht\u00e4v\u00e4n\u00e4 on l\u00f6yt\u00e4\u00e4 kuvasta asettamasi &#8221;hotspot&#8221;.&nbsp; K\u00e4yt\u00e4 t\u00e4llaista teht\u00e4v\u00e4\u00e4 esimerkiksi l\u00f6yt\u00e4m\u00e4\u00e4n kartasta tietty paikka tai k\u00e4sitteiden tunnistamisessa ( mik\u00e4 on suurin, mik\u00e4 on pienin&nbsp;jne).&nbsp;&nbsp;<\/p>\n\n\n\n<p><strong>Guess&nbsp;the&nbsp;Answer:&nbsp;<\/strong>asioiden harjoitteluun sopiva ty\u00f6kalu, jossa kuvaan yhdistet\u00e4\u00e4n kysymys ja arvattuaan vastauksen opiskelija n\u00e4kee painikkeesta oikean vastauksen.&nbsp;&nbsp;<\/p>\n\n\n\n<p><strong>Iframe&nbsp;Embedder:<\/strong>&nbsp; upota ty\u00f6kalun avulla upotuskoodia.&nbsp;&nbsp;<\/p>\n\n\n\n<p><strong>Interactive video:<\/strong>&nbsp;Upota&nbsp;olemassaolevaan&nbsp;videoon h5p-toimintoja ja kysymyksi\u00e4.&nbsp;&nbsp;<br><strong>Mark&nbsp;the&nbsp;Words<\/strong>: Teht\u00e4v\u00e4, jossa opiskelija merkitsee annetusta tekstist\u00e4 pyydetyt sanat.&nbsp;&nbsp;<\/p>\n\n\n\n<p><strong>Memory&nbsp;Game:<\/strong>&nbsp;luo oma s\u00e4hk\u00f6inen muistipeli.&nbsp;&nbsp;<\/p>\n\n\n\n<p><strong>Personality&nbsp;Quiz<\/strong>:&nbsp; tee leikkimielisi\u00e4 persoonallisuustestej\u00e4, kuten &#8221;mit\u00e4 hedelm\u00e4\u00e4 muistutat&#8221;. Testin lopuksi vastaaja saa tuloksen perustuen vastauksiinsa.&nbsp;&nbsp;<\/p>\n\n\n\n<p><strong>Quiz&nbsp;(&nbsp;Question&nbsp;set):<\/strong>&nbsp;Tee kysymyspatteristo erilaisista kysymystyypeist\u00e4, kuten&nbsp;monivalinta, ved\u00e4 ja pudota tai aukkoteht\u00e4vist\u00e4.&nbsp;&nbsp;<\/p>\n\n\n\n<p><strong>Single&nbsp;Choise&nbsp;Set<\/strong>: valintakysely, jossa voi olla vain yksi oikea vaihtoehto, vrt.&nbsp;Multiple&nbsp;Choise&nbsp;set.&nbsp;&nbsp;<\/p>\n\n\n\n<p><strong>Summary:<\/strong>&nbsp;tekee koosteen opiskelijan&nbsp;Summary-kyselyst\u00e4 antamista vastauksista.&nbsp;&nbsp;<\/p>\n\n\n\n<p><strong>Timeline:<\/strong>&nbsp;tekee esityksen, jossa alalaidassa menee aikajana ja varsinainen esityksen sis\u00e4lt\u00f6 yl\u00e4kulmassa. Erinomainen ty\u00f6v\u00e4line esimerkiksi opiskelijoille aikajanaa vaativien esitysten tekemiseen.&nbsp;&nbsp;<\/p>\n\n\n\n<p><strong>True\/False&nbsp;Question:<\/strong>&nbsp;oikein\/v\u00e4\u00e4rin -kysymyksi\u00e4, joihin voi voi sis\u00e4llytt\u00e4\u00e4 my\u00f6s kuvaa tai videota.&nbsp;&nbsp;<\/p>\n\n\n\n<p><strong>Twitter User&nbsp;feed:<\/strong>&nbsp;n\u00e4yt\u00e4 Twitter-sis\u00e4lt\u00f6\u00e4 h5p-ty\u00f6kalulla.&nbsp;&nbsp;<\/p>\n\n\n\n<p><strong>Image&nbsp;Hotspots<\/strong>: Hotspotilla tarkoitetaan pistett\u00e4, josta saat lis\u00e4tietoa kuvasta.&nbsp;Hotspot voi sis\u00e4lt\u00e4\u00e4 teksti\u00e4, kuvia tai videota.&nbsp;<\/p>\n\n\n\n<p><strong>Find&nbsp;Multiple&nbsp;Hotspots<\/strong>: kuten&nbsp;Find&nbsp;the&nbsp;Hotspot, mutta voi sis\u00e4lt\u00e4\u00e4 useamman kuin yhden l\u00f6ydett\u00e4v\u00e4n pisteen.&nbsp;&nbsp;<\/p>\n\n\n\n<p><strong>Image&nbsp;Juxtapostion:&nbsp;<\/strong>yhdist\u00e4 t\u00e4ll\u00e4 toiminnolla kaksi kuvaa, joita voit&nbsp;tuttkia&nbsp;tai vertailla helposti liukus\u00e4\u00e4timen avulla.&nbsp;&nbsp;<\/p>\n\n\n\n<p><strong>Audio<\/strong>: lis\u00e4\u00e4&nbsp;audiomateriaalia&nbsp;(mp3,&nbsp;wav,&nbsp;ogg&nbsp;tai linkki muodossa).&nbsp;&nbsp;<\/p>\n\n\n\n<p><strong>Audio Recorder:<\/strong>&nbsp;tallenna tai toista omia nauhoituksia.&nbsp;&nbsp;<\/p>\n\n\n\n<p><strong>Speak&nbsp;the&nbsp;Words:<\/strong>&nbsp;Tee kirjallisia kysymyksi\u00e4, joihin opiskelija vastaa suullisesti. Opiskelija tarvitsee mikrofonin. Toiminto toimii vain Chromen selaimilla.&nbsp;&nbsp;<\/p>\n\n\n\n<p><strong>Speak&nbsp;the&nbsp;Words&nbsp;Set<\/strong>: kuten&nbsp;Speak&nbsp;the&nbsp;Words, mutta voi tehd\u00e4 kysymyssarjan.&nbsp;&nbsp;<\/p>\n\n\n\n<p><strong>Agamotto&nbsp;( image&nbsp;Blender<\/strong>): koostaa kuvista liukuefektill\u00e4 varustetun esityksen.&nbsp;&nbsp;<\/p>\n\n\n\n<p><strong>Image&nbsp;Sequencing:<\/strong> Tee teht\u00e4v\u00e4, jossa opiskelijan pit\u00e4\u00e4 asettaa kuvakortit tiettyyn j\u00e4rjestykseen, esimerkiksi Suomen presidentit ensimm\u00e4isest\u00e4 nykyiseen.&nbsp;&nbsp;<\/p>\n\n\n\n<p><strong>Flashcards:<\/strong>&nbsp;kysymyssarja, jossa kysymyksi\u00e4 tuetaan kuvakorteilla. Vastaaja kirjoittaa vastauksensa ja siirtyy setin seuraavaan kysymykseen.&nbsp;&nbsp;<\/p>\n\n\n\n<p><strong>Image&nbsp;Slider:<\/strong>&nbsp;tekee kuvista kuvakarusellin&nbsp;<\/p>\n\n\n\n<p><strong>Essay:&nbsp;<\/strong>Essee-toiminnolla opettaja antaa listan avainsanoista, joiden avulla kirjoittaja saa ohjausta verkkotekstins\u00e4 tekemiseen. Esimerkki: pyydet\u00e4\u00e4n kirjoittamaan lyhyt tiivistelm\u00e4 kirjasta ja avainsanoiksi on asetettu kirjan p\u00e4\u00e4hahmot. Jos jotain p\u00e4\u00e4hahmoa ei mainita, niin toiminto huomaa puuttuvan avainsanan ja huomauttaa t\u00e4st\u00e4.&nbsp;&nbsp;<\/p>\n\n\n\n<p><strong>Image&nbsp;Pairing:<\/strong>&nbsp;teht\u00e4v\u00e4, jossa tarkoituksena on l\u00f6yt\u00e4\u00e4 kuvaparit.&nbsp;&nbsp;<\/p>\n\n\n\n<p><strong>Dictation:<\/strong>&nbsp;kielten opiskeluun soveltuva teht\u00e4v\u00e4, jossa tehd\u00e4\u00e4n \u00e4\u00e4nin\u00e4yte ja opiskelijan tulee kirjoittaa kuulemansa.&nbsp;&nbsp;<\/p>\n\n\n\n<p><strong>Virtual Tour ( 360):<\/strong>&nbsp;Tee interaktiivisia 360-kuvia. Voit lis\u00e4t\u00e4 360-kuvaan teksti\u00e4, videolinkkej\u00e4, \u00e4\u00e4nt\u00e4, kysymyksi\u00e4 tai linkkej\u00e4 toisiin 360-kuviin.&nbsp;&nbsp;<\/p>\n\n\n\n<p><strong>Appear.in for Chat and&nbsp;Talk<\/strong>: Ei saatu toimimaan, pit\u00e4isi luultavasti tuottaa appear.in-toiminto.&nbsp;&nbsp;<\/p>\n\n\n\n<p><strong>Greeting&nbsp;Card:&nbsp;<\/strong>Tekee yksinkertaisen onnittelukortin antamallasi tekstill\u00e4 ja kuvalla.&nbsp;&nbsp;<\/p>\n\n\n\n<p><a href=\"https:\/\/blogit.gradia.fi\/digipalvelut\/ohjeita-ja-vinkkeja\/muut-sovellukset\/\">Tutustu muihin h5p-ohjeisiin<\/a><\/p>\n\n\n\n<p>H5P-toimintoihin liittyv\u00e4t my\u00f6s samat yleiset asetukset kuin muihinkin aktiviteetteihin. <br><a rel=\"noreferrer noopener\" href=\"https:\/\/blogit.gradia.fi\/digipalvelut\/ohjeita-ja-vinkkeja\/moodle\/moduulien-yleiset-asetukset\/\" target=\"_blank\">Lue lis\u00e4\u00e4 moduulien yleisist\u00e4 asetuksista.<\/a><br><a rel=\"noreferrer noopener\" href=\"https:\/\/blogit.gradia.fi\/digipalvelut\/ohjeita-ja-vinkkeja\/moodle\/rajoita-paasy-toimintoihin\/\" target=\"_blank\">Lue lis\u00e4\u00e4 p\u00e4\u00e4syn rajoittamisesta aktiviteetteihin ja aineistoihin<\/a>.\u00a0\u00a0<br><a rel=\"noreferrer noopener\" href=\"https:\/\/blogit.gradia.fi\/digipalvelut\/ohjeita-ja-vinkkeja\/moodle\/edistymisen-seuranta\/\" target=\"_blank\">Lue lis\u00e4\u00e4 opiskelijoiden edistymisen seurannasta.<\/a><\/p>\n","protected":false},"excerpt":{"rendered":"<p>H5P on monipuolinen lis\u00e4osa Moodleen, jota kannattaa k\u00e4ytt\u00e4\u00e4 osaamisen kartuttamisessa ja asioiden harjoittelussa. Voit tehd\u00e4 sill\u00e4 moderneja s\u00e4hk\u00f6isi\u00e4 teht\u00e4vi\u00e4, joilla pystyt tukemaan esimerkiksi k\u00e4sitteiden oppimista. Lis\u00e4ksi pystyt tekem\u00e4\u00e4n toiminnon avulla&nbsp;interaktiivisia&nbsp;kuvia, videoita ja 360-kuvia.&nbsp;&nbsp; H5P-aktiviteetin lis\u00e4\u00e4minen&nbsp; Mene kurssille&nbsp;&nbsp; Aktivoi muokkaustila p\u00e4\u00e4lle hallintaty\u00f6kaluista&nbsp;&nbsp; Valitse&nbsp;Lis\u00e4\u00e4 aktiviteetti tai aineisto&nbsp;haluamaasi osioon. Valitse H5P. Paina&nbsp;Lis\u00e4\u00e4-painiketta.&nbsp;&nbsp; Anna [&hellip;]<\/p>\n","protected":false},"author":421,"featured_media":0,"parent":76,"menu_order":0,"comment_status":"closed","ping_status":"closed","template":"","meta":{"_uag_custom_page_level_css":"","footnotes":""},"class_list":["post-594","page","type-page","status-publish","hentry"],"yoast_head":"<!-- This site is optimized with the Yoast SEO plugin v27.4 - https:\/\/yoast.com\/product\/yoast-seo-wordpress\/ -->\n<title>H5P-toiminnot - Gradia Digipalvelut<\/title>\n<meta name=\"robots\" content=\"index, follow, max-snippet:-1, max-image-preview:large, max-video-preview:-1\" \/>\n<link rel=\"canonical\" href=\"https:\/\/blogit.gradia.fi\/digipalvelut\/ohjeita-ja-vinkkeja\/moodle\/h5p-toiminnot\/\" \/>\n<meta property=\"og:locale\" content=\"fi_FI\" \/>\n<meta property=\"og:type\" content=\"article\" \/>\n<meta property=\"og:title\" content=\"H5P-toiminnot - Gradia Digipalvelut\" \/>\n<meta property=\"og:description\" content=\"H5P on monipuolinen lis\u00e4osa Moodleen, jota kannattaa k\u00e4ytt\u00e4\u00e4 osaamisen kartuttamisessa ja asioiden harjoittelussa. Voit tehd\u00e4 sill\u00e4 moderneja s\u00e4hk\u00f6isi\u00e4 teht\u00e4vi\u00e4, joilla pystyt tukemaan esimerkiksi k\u00e4sitteiden oppimista. Lis\u00e4ksi pystyt tekem\u00e4\u00e4n toiminnon avulla&nbsp;interaktiivisia&nbsp;kuvia, videoita ja 360-kuvia.&nbsp;&nbsp; H5P-aktiviteetin lis\u00e4\u00e4minen&nbsp; Mene kurssille&nbsp;&nbsp; Aktivoi muokkaustila p\u00e4\u00e4lle hallintaty\u00f6kaluista&nbsp;&nbsp; Valitse&nbsp;Lis\u00e4\u00e4 aktiviteetti tai aineisto&nbsp;haluamaasi osioon. Valitse H5P. Paina&nbsp;Lis\u00e4\u00e4-painiketta.&nbsp;&nbsp; Anna [&hellip;]\" \/>\n<meta property=\"og:url\" content=\"https:\/\/blogit.gradia.fi\/digipalvelut\/ohjeita-ja-vinkkeja\/moodle\/h5p-toiminnot\/\" \/>\n<meta property=\"og:site_name\" content=\"Gradia Digipalvelut\" \/>\n<meta property=\"article:modified_time\" content=\"2019-08-01T07:58:41+00:00\" \/>\n<meta property=\"og:image\" content=\"https:\/\/blogit.gradia.fi\/digipalvelut\/wp-content\/uploads\/sites\/99\/2019\/07\/image-17-1024x813.png\" \/>\n<meta name=\"twitter:card\" content=\"summary_large_image\" \/>\n<meta name=\"twitter:label1\" content=\"Arvioitu lukuaika\" \/>\n\t<meta name=\"twitter:data1\" content=\"5 minuuttia\" \/>\n<script type=\"application\/ld+json\" class=\"yoast-schema-graph\">{\"@context\":\"https:\\\/\\\/schema.org\",\"@graph\":[{\"@type\":\"WebPage\",\"@id\":\"https:\\\/\\\/blogit.gradia.fi\\\/digipalvelut\\\/ohjeita-ja-vinkkeja\\\/moodle\\\/h5p-toiminnot\\\/\",\"url\":\"https:\\\/\\\/blogit.gradia.fi\\\/digipalvelut\\\/ohjeita-ja-vinkkeja\\\/moodle\\\/h5p-toiminnot\\\/\",\"name\":\"H5P-toiminnot - Gradia Digipalvelut\",\"isPartOf\":{\"@id\":\"https:\\\/\\\/blogit.gradia.fi\\\/digipalvelut\\\/#website\"},\"primaryImageOfPage\":{\"@id\":\"https:\\\/\\\/blogit.gradia.fi\\\/digipalvelut\\\/ohjeita-ja-vinkkeja\\\/moodle\\\/h5p-toiminnot\\\/#primaryimage\"},\"image\":{\"@id\":\"https:\\\/\\\/blogit.gradia.fi\\\/digipalvelut\\\/ohjeita-ja-vinkkeja\\\/moodle\\\/h5p-toiminnot\\\/#primaryimage\"},\"thumbnailUrl\":\"https:\\\/\\\/blogit.gradia.fi\\\/digipalvelut\\\/wp-content\\\/uploads\\\/sites\\\/99\\\/2019\\\/07\\\/image-17-1024x813.png\",\"datePublished\":\"2019-07-02T09:14:00+00:00\",\"dateModified\":\"2019-08-01T07:58:41+00:00\",\"breadcrumb\":{\"@id\":\"https:\\\/\\\/blogit.gradia.fi\\\/digipalvelut\\\/ohjeita-ja-vinkkeja\\\/moodle\\\/h5p-toiminnot\\\/#breadcrumb\"},\"inLanguage\":\"fi\",\"potentialAction\":[{\"@type\":\"ReadAction\",\"target\":[\"https:\\\/\\\/blogit.gradia.fi\\\/digipalvelut\\\/ohjeita-ja-vinkkeja\\\/moodle\\\/h5p-toiminnot\\\/\"]}]},{\"@type\":\"ImageObject\",\"inLanguage\":\"fi\",\"@id\":\"https:\\\/\\\/blogit.gradia.fi\\\/digipalvelut\\\/ohjeita-ja-vinkkeja\\\/moodle\\\/h5p-toiminnot\\\/#primaryimage\",\"url\":\"https:\\\/\\\/blogit.gradia.fi\\\/digipalvelut\\\/wp-content\\\/uploads\\\/sites\\\/99\\\/2019\\\/07\\\/image-17.png\",\"contentUrl\":\"https:\\\/\\\/blogit.gradia.fi\\\/digipalvelut\\\/wp-content\\\/uploads\\\/sites\\\/99\\\/2019\\\/07\\\/image-17.png\",\"width\":1024,\"height\":813},{\"@type\":\"BreadcrumbList\",\"@id\":\"https:\\\/\\\/blogit.gradia.fi\\\/digipalvelut\\\/ohjeita-ja-vinkkeja\\\/moodle\\\/h5p-toiminnot\\\/#breadcrumb\",\"itemListElement\":[{\"@type\":\"ListItem\",\"position\":1,\"name\":\"Ohjeita ja vinkkej\u00e4\",\"item\":\"https:\\\/\\\/blogit.gradia.fi\\\/digipalvelut\\\/ohjeita-ja-vinkkeja\\\/\"},{\"@type\":\"ListItem\",\"position\":2,\"name\":\"Moodle\",\"item\":\"https:\\\/\\\/blogit.gradia.fi\\\/digipalvelut\\\/ohjeita-ja-vinkkeja\\\/moodle\\\/\"},{\"@type\":\"ListItem\",\"position\":3,\"name\":\"H5P-toiminnot\"}]},{\"@type\":\"WebSite\",\"@id\":\"https:\\\/\\\/blogit.gradia.fi\\\/digipalvelut\\\/#website\",\"url\":\"https:\\\/\\\/blogit.gradia.fi\\\/digipalvelut\\\/\",\"name\":\"Gradia Digipalvelut\",\"description\":\"Astetta enemm\u00e4n digi\u00e4\",\"publisher\":{\"@id\":\"https:\\\/\\\/blogit.gradia.fi\\\/digipalvelut\\\/#organization\"},\"potentialAction\":[{\"@type\":\"SearchAction\",\"target\":{\"@type\":\"EntryPoint\",\"urlTemplate\":\"https:\\\/\\\/blogit.gradia.fi\\\/digipalvelut\\\/?s={search_term_string}\"},\"query-input\":{\"@type\":\"PropertyValueSpecification\",\"valueRequired\":true,\"valueName\":\"search_term_string\"}}],\"inLanguage\":\"fi\"},{\"@type\":\"Organization\",\"@id\":\"https:\\\/\\\/blogit.gradia.fi\\\/digipalvelut\\\/#organization\",\"name\":\"Gradia Digipalvelut\",\"url\":\"https:\\\/\\\/blogit.gradia.fi\\\/digipalvelut\\\/\",\"logo\":{\"@type\":\"ImageObject\",\"inLanguage\":\"fi\",\"@id\":\"https:\\\/\\\/blogit.gradia.fi\\\/digipalvelut\\\/#\\\/schema\\\/logo\\\/image\\\/\",\"url\":\"https:\\\/\\\/blogit.gradia.fi\\\/digipalvelut\\\/wp-content\\\/uploads\\\/sites\\\/99\\\/2019\\\/06\\\/cropped-Gradia_logo_Cyber_TRANSPARENT.png\",\"contentUrl\":\"https:\\\/\\\/blogit.gradia.fi\\\/digipalvelut\\\/wp-content\\\/uploads\\\/sites\\\/99\\\/2019\\\/06\\\/cropped-Gradia_logo_Cyber_TRANSPARENT.png\",\"width\":316,\"height\":382,\"caption\":\"Gradia Digipalvelut\"},\"image\":{\"@id\":\"https:\\\/\\\/blogit.gradia.fi\\\/digipalvelut\\\/#\\\/schema\\\/logo\\\/image\\\/\"}}]}<\/script>\n<!-- \/ Yoast SEO plugin. -->","yoast_head_json":{"title":"H5P-toiminnot - Gradia Digipalvelut","robots":{"index":"index","follow":"follow","max-snippet":"max-snippet:-1","max-image-preview":"max-image-preview:large","max-video-preview":"max-video-preview:-1"},"canonical":"https:\/\/blogit.gradia.fi\/digipalvelut\/ohjeita-ja-vinkkeja\/moodle\/h5p-toiminnot\/","og_locale":"fi_FI","og_type":"article","og_title":"H5P-toiminnot - Gradia Digipalvelut","og_description":"H5P on monipuolinen lis\u00e4osa Moodleen, jota kannattaa k\u00e4ytt\u00e4\u00e4 osaamisen kartuttamisessa ja asioiden harjoittelussa. Voit tehd\u00e4 sill\u00e4 moderneja s\u00e4hk\u00f6isi\u00e4 teht\u00e4vi\u00e4, joilla pystyt tukemaan esimerkiksi k\u00e4sitteiden oppimista. Lis\u00e4ksi pystyt tekem\u00e4\u00e4n toiminnon avulla&nbsp;interaktiivisia&nbsp;kuvia, videoita ja 360-kuvia.&nbsp;&nbsp; H5P-aktiviteetin lis\u00e4\u00e4minen&nbsp; Mene kurssille&nbsp;&nbsp; Aktivoi muokkaustila p\u00e4\u00e4lle hallintaty\u00f6kaluista&nbsp;&nbsp; Valitse&nbsp;Lis\u00e4\u00e4 aktiviteetti tai aineisto&nbsp;haluamaasi osioon. Valitse H5P. Paina&nbsp;Lis\u00e4\u00e4-painiketta.&nbsp;&nbsp; Anna [&hellip;]","og_url":"https:\/\/blogit.gradia.fi\/digipalvelut\/ohjeita-ja-vinkkeja\/moodle\/h5p-toiminnot\/","og_site_name":"Gradia Digipalvelut","article_modified_time":"2019-08-01T07:58:41+00:00","og_image":[{"url":"https:\/\/blogit.gradia.fi\/digipalvelut\/wp-content\/uploads\/sites\/99\/2019\/07\/image-17-1024x813.png","type":"","width":"","height":""}],"twitter_card":"summary_large_image","twitter_misc":{"Arvioitu lukuaika":"5 minuuttia"},"schema":{"@context":"https:\/\/schema.org","@graph":[{"@type":"WebPage","@id":"https:\/\/blogit.gradia.fi\/digipalvelut\/ohjeita-ja-vinkkeja\/moodle\/h5p-toiminnot\/","url":"https:\/\/blogit.gradia.fi\/digipalvelut\/ohjeita-ja-vinkkeja\/moodle\/h5p-toiminnot\/","name":"H5P-toiminnot - Gradia Digipalvelut","isPartOf":{"@id":"https:\/\/blogit.gradia.fi\/digipalvelut\/#website"},"primaryImageOfPage":{"@id":"https:\/\/blogit.gradia.fi\/digipalvelut\/ohjeita-ja-vinkkeja\/moodle\/h5p-toiminnot\/#primaryimage"},"image":{"@id":"https:\/\/blogit.gradia.fi\/digipalvelut\/ohjeita-ja-vinkkeja\/moodle\/h5p-toiminnot\/#primaryimage"},"thumbnailUrl":"https:\/\/blogit.gradia.fi\/digipalvelut\/wp-content\/uploads\/sites\/99\/2019\/07\/image-17-1024x813.png","datePublished":"2019-07-02T09:14:00+00:00","dateModified":"2019-08-01T07:58:41+00:00","breadcrumb":{"@id":"https:\/\/blogit.gradia.fi\/digipalvelut\/ohjeita-ja-vinkkeja\/moodle\/h5p-toiminnot\/#breadcrumb"},"inLanguage":"fi","potentialAction":[{"@type":"ReadAction","target":["https:\/\/blogit.gradia.fi\/digipalvelut\/ohjeita-ja-vinkkeja\/moodle\/h5p-toiminnot\/"]}]},{"@type":"ImageObject","inLanguage":"fi","@id":"https:\/\/blogit.gradia.fi\/digipalvelut\/ohjeita-ja-vinkkeja\/moodle\/h5p-toiminnot\/#primaryimage","url":"https:\/\/blogit.gradia.fi\/digipalvelut\/wp-content\/uploads\/sites\/99\/2019\/07\/image-17.png","contentUrl":"https:\/\/blogit.gradia.fi\/digipalvelut\/wp-content\/uploads\/sites\/99\/2019\/07\/image-17.png","width":1024,"height":813},{"@type":"BreadcrumbList","@id":"https:\/\/blogit.gradia.fi\/digipalvelut\/ohjeita-ja-vinkkeja\/moodle\/h5p-toiminnot\/#breadcrumb","itemListElement":[{"@type":"ListItem","position":1,"name":"Ohjeita ja vinkkej\u00e4","item":"https:\/\/blogit.gradia.fi\/digipalvelut\/ohjeita-ja-vinkkeja\/"},{"@type":"ListItem","position":2,"name":"Moodle","item":"https:\/\/blogit.gradia.fi\/digipalvelut\/ohjeita-ja-vinkkeja\/moodle\/"},{"@type":"ListItem","position":3,"name":"H5P-toiminnot"}]},{"@type":"WebSite","@id":"https:\/\/blogit.gradia.fi\/digipalvelut\/#website","url":"https:\/\/blogit.gradia.fi\/digipalvelut\/","name":"Gradia Digipalvelut","description":"Astetta enemm\u00e4n digi\u00e4","publisher":{"@id":"https:\/\/blogit.gradia.fi\/digipalvelut\/#organization"},"potentialAction":[{"@type":"SearchAction","target":{"@type":"EntryPoint","urlTemplate":"https:\/\/blogit.gradia.fi\/digipalvelut\/?s={search_term_string}"},"query-input":{"@type":"PropertyValueSpecification","valueRequired":true,"valueName":"search_term_string"}}],"inLanguage":"fi"},{"@type":"Organization","@id":"https:\/\/blogit.gradia.fi\/digipalvelut\/#organization","name":"Gradia Digipalvelut","url":"https:\/\/blogit.gradia.fi\/digipalvelut\/","logo":{"@type":"ImageObject","inLanguage":"fi","@id":"https:\/\/blogit.gradia.fi\/digipalvelut\/#\/schema\/logo\/image\/","url":"https:\/\/blogit.gradia.fi\/digipalvelut\/wp-content\/uploads\/sites\/99\/2019\/06\/cropped-Gradia_logo_Cyber_TRANSPARENT.png","contentUrl":"https:\/\/blogit.gradia.fi\/digipalvelut\/wp-content\/uploads\/sites\/99\/2019\/06\/cropped-Gradia_logo_Cyber_TRANSPARENT.png","width":316,"height":382,"caption":"Gradia Digipalvelut"},"image":{"@id":"https:\/\/blogit.gradia.fi\/digipalvelut\/#\/schema\/logo\/image\/"}}]}},"uagb_featured_image_src":{"full":false,"thumbnail":false,"medium":false,"medium_large":false,"large":false,"1536x1536":false,"2048x2048":false,"hestia-blog":false},"uagb_author_info":{"display_name":"Merja Hakanen","author_link":"https:\/\/blogit.gradia.fi\/digipalvelut\/author\/hakanmer\/"},"uagb_comment_info":0,"uagb_excerpt":"H5P on monipuolinen lis\u00e4osa Moodleen, jota kannattaa k\u00e4ytt\u00e4\u00e4 osaamisen kartuttamisessa ja asioiden harjoittelussa. Voit tehd\u00e4 sill\u00e4 moderneja s\u00e4hk\u00f6isi\u00e4 teht\u00e4vi\u00e4, joilla pystyt tukemaan esimerkiksi k\u00e4sitteiden oppimista. Lis\u00e4ksi pystyt tekem\u00e4\u00e4n toiminnon avulla&nbsp;interaktiivisia&nbsp;kuvia, videoita ja 360-kuvia.&nbsp;&nbsp; H5P-aktiviteetin lis\u00e4\u00e4minen&nbsp; Mene kurssille&nbsp;&nbsp; Aktivoi muokkaustila p\u00e4\u00e4lle hallintaty\u00f6kaluista&nbsp;&nbsp; Valitse&nbsp;Lis\u00e4\u00e4 aktiviteetti tai aineisto&nbsp;haluamaasi osioon. Valitse H5P. Paina&nbsp;Lis\u00e4\u00e4-painiketta.&nbsp;&nbsp; Anna [&hellip;]","_links":{"self":[{"href":"https:\/\/blogit.gradia.fi\/digipalvelut\/wp-json\/wp\/v2\/pages\/594","targetHints":{"allow":["GET"]}}],"collection":[{"href":"https:\/\/blogit.gradia.fi\/digipalvelut\/wp-json\/wp\/v2\/pages"}],"about":[{"href":"https:\/\/blogit.gradia.fi\/digipalvelut\/wp-json\/wp\/v2\/types\/page"}],"author":[{"embeddable":true,"href":"https:\/\/blogit.gradia.fi\/digipalvelut\/wp-json\/wp\/v2\/users\/421"}],"replies":[{"embeddable":true,"href":"https:\/\/blogit.gradia.fi\/digipalvelut\/wp-json\/wp\/v2\/comments?post=594"}],"version-history":[{"count":4,"href":"https:\/\/blogit.gradia.fi\/digipalvelut\/wp-json\/wp\/v2\/pages\/594\/revisions"}],"predecessor-version":[{"id":816,"href":"https:\/\/blogit.gradia.fi\/digipalvelut\/wp-json\/wp\/v2\/pages\/594\/revisions\/816"}],"up":[{"embeddable":true,"href":"https:\/\/blogit.gradia.fi\/digipalvelut\/wp-json\/wp\/v2\/pages\/76"}],"wp:attachment":[{"href":"https:\/\/blogit.gradia.fi\/digipalvelut\/wp-json\/wp\/v2\/media?parent=594"}],"curies":[{"name":"wp","href":"https:\/\/api.w.org\/{rel}","templated":true}]}}