{"id":584,"date":"2019-07-02T09:47:31","date_gmt":"2019-07-02T06:47:31","guid":{"rendered":"https:\/\/blogit.gradia.fi\/digipalvelut\/?page_id=584"},"modified":"2019-08-01T08:34:11","modified_gmt":"2019-08-01T05:34:11","slug":"gradian-moodlen-etusivu","status":"publish","type":"page","link":"https:\/\/blogit.gradia.fi\/digipalvelut\/ohjeita-ja-vinkkeja\/moodle\/gradian-moodlen-etusivu\/","title":{"rendered":"Gradian Moodlen etusivu"},"content":{"rendered":"\n<p> Moodle on Jyv\u00e4skyl\u00e4n koulutuskuntayhtym\u00e4n virallisesti tukema oppimisymp\u00e4rist\u00f6. J\u00e4rjestelm\u00e4\u00e4 voi hy\u00f6dynt\u00e4\u00e4 luokkaopetuksen tukena tai verkkokurssien alustana. Ty\u00f6tilat ymp\u00e4rist\u00f6\u00f6n tilataan tukipyynt\u00f6n\u00e4 digipalveluista palveluportaalin kautta, palveluportaali.gradia.fi.&nbsp;&nbsp; <\/p>\n\n\n\n<figure class=\"wp-block-image is-resized\"><img fetchpriority=\"high\" decoding=\"async\" src=\"https:\/\/blogit.gradia.fi\/digipalvelut\/wp-content\/uploads\/sites\/99\/2019\/07\/etusivu-1024x532.jpg\" alt=\"Kuva Gradian Moodlen julkisesta etusivusta\" class=\"wp-image-585\" width=\"600\" height=\"266\" \/><\/figure>\n\n\n\n<p><\/p>\n\n\n\n<p>Vasemmassa sivupalkissa (kuvassa punainen laatikko) k\u00e4ytt\u00e4j\u00e4 p\u00e4\u00e4see navigoimaan oman ty\u00f6p\u00f6yt\u00e4ns\u00e4, Moodlen etusivun, Moodlen sis\u00e4isen kalenterin, omien yksityisten tiedostojen sek\u00e4 omien aktiivisten kurssiensa v\u00e4lill\u00e4.&nbsp;&nbsp;<\/p>\n\n\n\n<p>Keskell\u00e4 (kuvassa sininen laatikko) olevista laatikkovalikoista k\u00e4ytt\u00e4j\u00e4 voi siirty\u00e4 suoraan omille aktiivisille kursseilleen (ty\u00f6p\u00f6yt\u00e4),\u00a0Gradian\u00a0kotisivuille,\u00a0Gradian\u00a0Wilmaan,\u00a0Gradian\u00a0O365 ymp\u00e4rist\u00f6\u00f6n, tutustua\u00a0eGradian\u00a0verkkokurssitarjontaan sek\u00e4 digipalveluiden yll\u00e4pit\u00e4miin ohjeisiin liittyen mm. Moodlen k\u00e4ytt\u00f6\u00f6n.\u00a0\u00a0<\/p>\n\n\n\n<p>Etusivulta p\u00e4\u00e4see my\u00f6s tarkastalemaan listausta kaikista Moodlessa olevista kursseista. <\/p>\n\n\n\n<p>Oikeassa yl\u00e4kulmassa (kuvassa vihre\u00e4 laatikko) l\u00f6ytyy oppimisymp\u00e4rist\u00f6n kielen vaihto, Moodle kurssien hakukentt\u00e4 sek\u00e4 k\u00e4ytt\u00e4j\u00e4profiilikuvake, josta p\u00e4\u00e4see kirjautumaan Moodleen sis\u00e4lle.&nbsp;&nbsp;<\/p>\n","protected":false},"excerpt":{"rendered":"<p>Moodle on Jyv\u00e4skyl\u00e4n koulutuskuntayhtym\u00e4n virallisesti tukema oppimisymp\u00e4rist\u00f6. J\u00e4rjestelm\u00e4\u00e4 voi hy\u00f6dynt\u00e4\u00e4 luokkaopetuksen tukena tai verkkokurssien alustana. Ty\u00f6tilat ymp\u00e4rist\u00f6\u00f6n tilataan tukipyynt\u00f6n\u00e4 digipalveluista palveluportaalin kautta, palveluportaali.gradia.fi.&nbsp;&nbsp; Vasemmassa sivupalkissa (kuvassa punainen laatikko) k\u00e4ytt\u00e4j\u00e4 p\u00e4\u00e4see navigoimaan oman ty\u00f6p\u00f6yt\u00e4ns\u00e4, Moodlen etusivun, Moodlen sis\u00e4isen kalenterin, omien yksityisten tiedostojen sek\u00e4 omien aktiivisten kurssiensa v\u00e4lill\u00e4.&nbsp;&nbsp; Keskell\u00e4 (kuvassa sininen laatikko) [&hellip;]<\/p>\n","protected":false},"author":165,"featured_media":0,"parent":76,"menu_order":0,"comment_status":"closed","ping_status":"closed","template":"","meta":{"_uag_custom_page_level_css":"","footnotes":""},"class_list":["post-584","page","type-page","status-publish","hentry"],"yoast_head":"<!-- This site is optimized with the Yoast SEO plugin v27.4 - https:\/\/yoast.com\/product\/yoast-seo-wordpress\/ -->\n<title>Gradian Moodlen etusivu - Gradia Digipalvelut<\/title>\n<meta name=\"robots\" content=\"index, follow, max-snippet:-1, max-image-preview:large, max-video-preview:-1\" \/>\n<link rel=\"canonical\" href=\"https:\/\/blogit.gradia.fi\/digipalvelut\/ohjeita-ja-vinkkeja\/moodle\/gradian-moodlen-etusivu\/\" \/>\n<meta property=\"og:locale\" content=\"fi_FI\" \/>\n<meta property=\"og:type\" content=\"article\" \/>\n<meta property=\"og:title\" content=\"Gradian Moodlen etusivu - Gradia Digipalvelut\" \/>\n<meta property=\"og:description\" content=\"Moodle on Jyv\u00e4skyl\u00e4n koulutuskuntayhtym\u00e4n virallisesti tukema oppimisymp\u00e4rist\u00f6. J\u00e4rjestelm\u00e4\u00e4 voi hy\u00f6dynt\u00e4\u00e4 luokkaopetuksen tukena tai verkkokurssien alustana. Ty\u00f6tilat ymp\u00e4rist\u00f6\u00f6n tilataan tukipyynt\u00f6n\u00e4 digipalveluista palveluportaalin kautta, palveluportaali.gradia.fi.&nbsp;&nbsp; Vasemmassa sivupalkissa (kuvassa punainen laatikko) k\u00e4ytt\u00e4j\u00e4 p\u00e4\u00e4see navigoimaan oman ty\u00f6p\u00f6yt\u00e4ns\u00e4, Moodlen etusivun, Moodlen sis\u00e4isen kalenterin, omien yksityisten tiedostojen sek\u00e4 omien aktiivisten kurssiensa v\u00e4lill\u00e4.&nbsp;&nbsp; Keskell\u00e4 (kuvassa sininen laatikko) [&hellip;]\" \/>\n<meta property=\"og:url\" content=\"https:\/\/blogit.gradia.fi\/digipalvelut\/ohjeita-ja-vinkkeja\/moodle\/gradian-moodlen-etusivu\/\" \/>\n<meta property=\"og:site_name\" content=\"Gradia Digipalvelut\" \/>\n<meta property=\"article:modified_time\" content=\"2019-08-01T05:34:11+00:00\" \/>\n<meta property=\"og:image\" content=\"https:\/\/blogit.gradia.fi\/digipalvelut\/wp-content\/uploads\/sites\/99\/2019\/07\/etusivu-1024x532.jpg\" \/>\n<meta name=\"twitter:card\" content=\"summary_large_image\" \/>\n<meta name=\"twitter:label1\" content=\"Arvioitu lukuaika\" \/>\n\t<meta name=\"twitter:data1\" content=\"1 minuutti\" \/>\n<script type=\"application\/ld+json\" class=\"yoast-schema-graph\">{\"@context\":\"https:\\\/\\\/schema.org\",\"@graph\":[{\"@type\":\"WebPage\",\"@id\":\"https:\\\/\\\/blogit.gradia.fi\\\/digipalvelut\\\/ohjeita-ja-vinkkeja\\\/moodle\\\/gradian-moodlen-etusivu\\\/\",\"url\":\"https:\\\/\\\/blogit.gradia.fi\\\/digipalvelut\\\/ohjeita-ja-vinkkeja\\\/moodle\\\/gradian-moodlen-etusivu\\\/\",\"name\":\"Gradian Moodlen etusivu - Gradia Digipalvelut\",\"isPartOf\":{\"@id\":\"https:\\\/\\\/blogit.gradia.fi\\\/digipalvelut\\\/#website\"},\"primaryImageOfPage\":{\"@id\":\"https:\\\/\\\/blogit.gradia.fi\\\/digipalvelut\\\/ohjeita-ja-vinkkeja\\\/moodle\\\/gradian-moodlen-etusivu\\\/#primaryimage\"},\"image\":{\"@id\":\"https:\\\/\\\/blogit.gradia.fi\\\/digipalvelut\\\/ohjeita-ja-vinkkeja\\\/moodle\\\/gradian-moodlen-etusivu\\\/#primaryimage\"},\"thumbnailUrl\":\"https:\\\/\\\/blogit.gradia.fi\\\/digipalvelut\\\/wp-content\\\/uploads\\\/sites\\\/99\\\/2019\\\/07\\\/etusivu-1024x532.jpg\",\"datePublished\":\"2019-07-02T06:47:31+00:00\",\"dateModified\":\"2019-08-01T05:34:11+00:00\",\"breadcrumb\":{\"@id\":\"https:\\\/\\\/blogit.gradia.fi\\\/digipalvelut\\\/ohjeita-ja-vinkkeja\\\/moodle\\\/gradian-moodlen-etusivu\\\/#breadcrumb\"},\"inLanguage\":\"fi\",\"potentialAction\":[{\"@type\":\"ReadAction\",\"target\":[\"https:\\\/\\\/blogit.gradia.fi\\\/digipalvelut\\\/ohjeita-ja-vinkkeja\\\/moodle\\\/gradian-moodlen-etusivu\\\/\"]}]},{\"@type\":\"ImageObject\",\"inLanguage\":\"fi\",\"@id\":\"https:\\\/\\\/blogit.gradia.fi\\\/digipalvelut\\\/ohjeita-ja-vinkkeja\\\/moodle\\\/gradian-moodlen-etusivu\\\/#primaryimage\",\"url\":\"https:\\\/\\\/blogit.gradia.fi\\\/digipalvelut\\\/wp-content\\\/uploads\\\/sites\\\/99\\\/2019\\\/07\\\/etusivu.jpg\",\"contentUrl\":\"https:\\\/\\\/blogit.gradia.fi\\\/digipalvelut\\\/wp-content\\\/uploads\\\/sites\\\/99\\\/2019\\\/07\\\/etusivu.jpg\",\"width\":1975,\"height\":1027},{\"@type\":\"BreadcrumbList\",\"@id\":\"https:\\\/\\\/blogit.gradia.fi\\\/digipalvelut\\\/ohjeita-ja-vinkkeja\\\/moodle\\\/gradian-moodlen-etusivu\\\/#breadcrumb\",\"itemListElement\":[{\"@type\":\"ListItem\",\"position\":1,\"name\":\"Ohjeita ja vinkkej\u00e4\",\"item\":\"https:\\\/\\\/blogit.gradia.fi\\\/digipalvelut\\\/ohjeita-ja-vinkkeja\\\/\"},{\"@type\":\"ListItem\",\"position\":2,\"name\":\"Moodle\",\"item\":\"https:\\\/\\\/blogit.gradia.fi\\\/digipalvelut\\\/ohjeita-ja-vinkkeja\\\/moodle\\\/\"},{\"@type\":\"ListItem\",\"position\":3,\"name\":\"Gradian Moodlen etusivu\"}]},{\"@type\":\"WebSite\",\"@id\":\"https:\\\/\\\/blogit.gradia.fi\\\/digipalvelut\\\/#website\",\"url\":\"https:\\\/\\\/blogit.gradia.fi\\\/digipalvelut\\\/\",\"name\":\"Gradia Digipalvelut\",\"description\":\"Astetta enemm\u00e4n digi\u00e4\",\"publisher\":{\"@id\":\"https:\\\/\\\/blogit.gradia.fi\\\/digipalvelut\\\/#organization\"},\"potentialAction\":[{\"@type\":\"SearchAction\",\"target\":{\"@type\":\"EntryPoint\",\"urlTemplate\":\"https:\\\/\\\/blogit.gradia.fi\\\/digipalvelut\\\/?s={search_term_string}\"},\"query-input\":{\"@type\":\"PropertyValueSpecification\",\"valueRequired\":true,\"valueName\":\"search_term_string\"}}],\"inLanguage\":\"fi\"},{\"@type\":\"Organization\",\"@id\":\"https:\\\/\\\/blogit.gradia.fi\\\/digipalvelut\\\/#organization\",\"name\":\"Gradia Digipalvelut\",\"url\":\"https:\\\/\\\/blogit.gradia.fi\\\/digipalvelut\\\/\",\"logo\":{\"@type\":\"ImageObject\",\"inLanguage\":\"fi\",\"@id\":\"https:\\\/\\\/blogit.gradia.fi\\\/digipalvelut\\\/#\\\/schema\\\/logo\\\/image\\\/\",\"url\":\"https:\\\/\\\/blogit.gradia.fi\\\/digipalvelut\\\/wp-content\\\/uploads\\\/sites\\\/99\\\/2019\\\/06\\\/cropped-Gradia_logo_Cyber_TRANSPARENT.png\",\"contentUrl\":\"https:\\\/\\\/blogit.gradia.fi\\\/digipalvelut\\\/wp-content\\\/uploads\\\/sites\\\/99\\\/2019\\\/06\\\/cropped-Gradia_logo_Cyber_TRANSPARENT.png\",\"width\":316,\"height\":382,\"caption\":\"Gradia Digipalvelut\"},\"image\":{\"@id\":\"https:\\\/\\\/blogit.gradia.fi\\\/digipalvelut\\\/#\\\/schema\\\/logo\\\/image\\\/\"}}]}<\/script>\n<!-- \/ Yoast SEO plugin. -->","yoast_head_json":{"title":"Gradian Moodlen etusivu - Gradia Digipalvelut","robots":{"index":"index","follow":"follow","max-snippet":"max-snippet:-1","max-image-preview":"max-image-preview:large","max-video-preview":"max-video-preview:-1"},"canonical":"https:\/\/blogit.gradia.fi\/digipalvelut\/ohjeita-ja-vinkkeja\/moodle\/gradian-moodlen-etusivu\/","og_locale":"fi_FI","og_type":"article","og_title":"Gradian Moodlen etusivu - Gradia Digipalvelut","og_description":"Moodle on Jyv\u00e4skyl\u00e4n koulutuskuntayhtym\u00e4n virallisesti tukema oppimisymp\u00e4rist\u00f6. J\u00e4rjestelm\u00e4\u00e4 voi hy\u00f6dynt\u00e4\u00e4 luokkaopetuksen tukena tai verkkokurssien alustana. Ty\u00f6tilat ymp\u00e4rist\u00f6\u00f6n tilataan tukipyynt\u00f6n\u00e4 digipalveluista palveluportaalin kautta, palveluportaali.gradia.fi.&nbsp;&nbsp; Vasemmassa sivupalkissa (kuvassa punainen laatikko) k\u00e4ytt\u00e4j\u00e4 p\u00e4\u00e4see navigoimaan oman ty\u00f6p\u00f6yt\u00e4ns\u00e4, Moodlen etusivun, Moodlen sis\u00e4isen kalenterin, omien yksityisten tiedostojen sek\u00e4 omien aktiivisten kurssiensa v\u00e4lill\u00e4.&nbsp;&nbsp; Keskell\u00e4 (kuvassa sininen laatikko) [&hellip;]","og_url":"https:\/\/blogit.gradia.fi\/digipalvelut\/ohjeita-ja-vinkkeja\/moodle\/gradian-moodlen-etusivu\/","og_site_name":"Gradia Digipalvelut","article_modified_time":"2019-08-01T05:34:11+00:00","og_image":[{"url":"https:\/\/blogit.gradia.fi\/digipalvelut\/wp-content\/uploads\/sites\/99\/2019\/07\/etusivu-1024x532.jpg","type":"","width":"","height":""}],"twitter_card":"summary_large_image","twitter_misc":{"Arvioitu lukuaika":"1 minuutti"},"schema":{"@context":"https:\/\/schema.org","@graph":[{"@type":"WebPage","@id":"https:\/\/blogit.gradia.fi\/digipalvelut\/ohjeita-ja-vinkkeja\/moodle\/gradian-moodlen-etusivu\/","url":"https:\/\/blogit.gradia.fi\/digipalvelut\/ohjeita-ja-vinkkeja\/moodle\/gradian-moodlen-etusivu\/","name":"Gradian Moodlen etusivu - Gradia Digipalvelut","isPartOf":{"@id":"https:\/\/blogit.gradia.fi\/digipalvelut\/#website"},"primaryImageOfPage":{"@id":"https:\/\/blogit.gradia.fi\/digipalvelut\/ohjeita-ja-vinkkeja\/moodle\/gradian-moodlen-etusivu\/#primaryimage"},"image":{"@id":"https:\/\/blogit.gradia.fi\/digipalvelut\/ohjeita-ja-vinkkeja\/moodle\/gradian-moodlen-etusivu\/#primaryimage"},"thumbnailUrl":"https:\/\/blogit.gradia.fi\/digipalvelut\/wp-content\/uploads\/sites\/99\/2019\/07\/etusivu-1024x532.jpg","datePublished":"2019-07-02T06:47:31+00:00","dateModified":"2019-08-01T05:34:11+00:00","breadcrumb":{"@id":"https:\/\/blogit.gradia.fi\/digipalvelut\/ohjeita-ja-vinkkeja\/moodle\/gradian-moodlen-etusivu\/#breadcrumb"},"inLanguage":"fi","potentialAction":[{"@type":"ReadAction","target":["https:\/\/blogit.gradia.fi\/digipalvelut\/ohjeita-ja-vinkkeja\/moodle\/gradian-moodlen-etusivu\/"]}]},{"@type":"ImageObject","inLanguage":"fi","@id":"https:\/\/blogit.gradia.fi\/digipalvelut\/ohjeita-ja-vinkkeja\/moodle\/gradian-moodlen-etusivu\/#primaryimage","url":"https:\/\/blogit.gradia.fi\/digipalvelut\/wp-content\/uploads\/sites\/99\/2019\/07\/etusivu.jpg","contentUrl":"https:\/\/blogit.gradia.fi\/digipalvelut\/wp-content\/uploads\/sites\/99\/2019\/07\/etusivu.jpg","width":1975,"height":1027},{"@type":"BreadcrumbList","@id":"https:\/\/blogit.gradia.fi\/digipalvelut\/ohjeita-ja-vinkkeja\/moodle\/gradian-moodlen-etusivu\/#breadcrumb","itemListElement":[{"@type":"ListItem","position":1,"name":"Ohjeita ja vinkkej\u00e4","item":"https:\/\/blogit.gradia.fi\/digipalvelut\/ohjeita-ja-vinkkeja\/"},{"@type":"ListItem","position":2,"name":"Moodle","item":"https:\/\/blogit.gradia.fi\/digipalvelut\/ohjeita-ja-vinkkeja\/moodle\/"},{"@type":"ListItem","position":3,"name":"Gradian Moodlen etusivu"}]},{"@type":"WebSite","@id":"https:\/\/blogit.gradia.fi\/digipalvelut\/#website","url":"https:\/\/blogit.gradia.fi\/digipalvelut\/","name":"Gradia Digipalvelut","description":"Astetta enemm\u00e4n digi\u00e4","publisher":{"@id":"https:\/\/blogit.gradia.fi\/digipalvelut\/#organization"},"potentialAction":[{"@type":"SearchAction","target":{"@type":"EntryPoint","urlTemplate":"https:\/\/blogit.gradia.fi\/digipalvelut\/?s={search_term_string}"},"query-input":{"@type":"PropertyValueSpecification","valueRequired":true,"valueName":"search_term_string"}}],"inLanguage":"fi"},{"@type":"Organization","@id":"https:\/\/blogit.gradia.fi\/digipalvelut\/#organization","name":"Gradia Digipalvelut","url":"https:\/\/blogit.gradia.fi\/digipalvelut\/","logo":{"@type":"ImageObject","inLanguage":"fi","@id":"https:\/\/blogit.gradia.fi\/digipalvelut\/#\/schema\/logo\/image\/","url":"https:\/\/blogit.gradia.fi\/digipalvelut\/wp-content\/uploads\/sites\/99\/2019\/06\/cropped-Gradia_logo_Cyber_TRANSPARENT.png","contentUrl":"https:\/\/blogit.gradia.fi\/digipalvelut\/wp-content\/uploads\/sites\/99\/2019\/06\/cropped-Gradia_logo_Cyber_TRANSPARENT.png","width":316,"height":382,"caption":"Gradia Digipalvelut"},"image":{"@id":"https:\/\/blogit.gradia.fi\/digipalvelut\/#\/schema\/logo\/image\/"}}]}},"uagb_featured_image_src":{"full":false,"thumbnail":false,"medium":false,"medium_large":false,"large":false,"1536x1536":false,"2048x2048":false,"hestia-blog":false},"uagb_author_info":{"display_name":"Heini Pennanen","author_link":"https:\/\/blogit.gradia.fi\/digipalvelut\/author\/pennahei\/"},"uagb_comment_info":0,"uagb_excerpt":"Moodle on Jyv\u00e4skyl\u00e4n koulutuskuntayhtym\u00e4n virallisesti tukema oppimisymp\u00e4rist\u00f6. J\u00e4rjestelm\u00e4\u00e4 voi hy\u00f6dynt\u00e4\u00e4 luokkaopetuksen tukena tai verkkokurssien alustana. Ty\u00f6tilat ymp\u00e4rist\u00f6\u00f6n tilataan tukipyynt\u00f6n\u00e4 digipalveluista palveluportaalin kautta, palveluportaali.gradia.fi.&nbsp;&nbsp; Vasemmassa sivupalkissa (kuvassa punainen laatikko) k\u00e4ytt\u00e4j\u00e4 p\u00e4\u00e4see navigoimaan oman ty\u00f6p\u00f6yt\u00e4ns\u00e4, Moodlen etusivun, Moodlen sis\u00e4isen kalenterin, omien yksityisten tiedostojen sek\u00e4 omien aktiivisten kurssiensa v\u00e4lill\u00e4.&nbsp;&nbsp; Keskell\u00e4 (kuvassa sininen laatikko) [&hellip;]","_links":{"self":[{"href":"https:\/\/blogit.gradia.fi\/digipalvelut\/wp-json\/wp\/v2\/pages\/584","targetHints":{"allow":["GET"]}}],"collection":[{"href":"https:\/\/blogit.gradia.fi\/digipalvelut\/wp-json\/wp\/v2\/pages"}],"about":[{"href":"https:\/\/blogit.gradia.fi\/digipalvelut\/wp-json\/wp\/v2\/types\/page"}],"author":[{"embeddable":true,"href":"https:\/\/blogit.gradia.fi\/digipalvelut\/wp-json\/wp\/v2\/users\/165"}],"replies":[{"embeddable":true,"href":"https:\/\/blogit.gradia.fi\/digipalvelut\/wp-json\/wp\/v2\/comments?post=584"}],"version-history":[{"count":2,"href":"https:\/\/blogit.gradia.fi\/digipalvelut\/wp-json\/wp\/v2\/pages\/584\/revisions"}],"predecessor-version":[{"id":793,"href":"https:\/\/blogit.gradia.fi\/digipalvelut\/wp-json\/wp\/v2\/pages\/584\/revisions\/793"}],"up":[{"embeddable":true,"href":"https:\/\/blogit.gradia.fi\/digipalvelut\/wp-json\/wp\/v2\/pages\/76"}],"wp:attachment":[{"href":"https:\/\/blogit.gradia.fi\/digipalvelut\/wp-json\/wp\/v2\/media?parent=584"}],"curies":[{"name":"wp","href":"https:\/\/api.w.org\/{rel}","templated":true}]}}