{"id":581,"date":"2019-07-01T13:36:34","date_gmt":"2019-07-01T10:36:34","guid":{"rendered":"https:\/\/blogit.gradia.fi\/digipalvelut\/?page_id=581"},"modified":"2019-07-01T13:36:35","modified_gmt":"2019-07-01T10:36:35","slug":"keskustelualueen-kayttaminen","status":"publish","type":"page","link":"https:\/\/blogit.gradia.fi\/digipalvelut\/ohjeita-ja-vinkkeja\/moodle\/keskustelualueen-kayttaminen\/","title":{"rendered":"Keskustelualueen k\u00e4ytt\u00e4minen"},"content":{"rendered":"\n<p>Uuden keskustelun aloittaminen tapahtuu painamalla <strong>Lis\u00e4\u00e4 uusi keskustelu<\/strong>-painiketta, jolloin avautuu ikkuna uuteen keskusteluun. Anna keskustelullesi aihe ja kirjoita viesti tekstieditoriin. Voit hy\u00f6dynt\u00e4\u00e4 editorin kaikkia ominaisuuksia, kuten lis\u00e4t\u00e4 kuvia ja linkkej\u00e4. Voit m\u00e4\u00e4ritt\u00e4\u00e4 viestille&nbsp;n\u00e4kyviss\u00e4oloajan&nbsp;ja lis\u00e4t\u00e4 erilaisia tunnisteita tarvittaessa. Viestin l\u00e4hett\u00e4misess\u00e4 on 30 minuutin viive, jonka aikana voit viel\u00e4 muokata viesti\u00e4si.&nbsp;&nbsp;<\/p>\n\n\n\n<figure class=\"wp-block-image is-resized\"><img fetchpriority=\"high\" decoding=\"async\" src=\"https:\/\/blogit.gradia.fi\/digipalvelut\/wp-content\/uploads\/sites\/99\/2019\/07\/image-13-1024x407.png\" alt=\"\" class=\"wp-image-575\" width=\"512\" height=\"204\" srcset=\"https:\/\/blogit.gradia.fi\/digipalvelut\/wp-content\/uploads\/sites\/99\/2019\/07\/image-13.png 1024w, https:\/\/blogit.gradia.fi\/digipalvelut\/wp-content\/uploads\/sites\/99\/2019\/07\/image-13-300x119.png 300w, https:\/\/blogit.gradia.fi\/digipalvelut\/wp-content\/uploads\/sites\/99\/2019\/07\/image-13-768x305.png 768w, https:\/\/blogit.gradia.fi\/digipalvelut\/wp-content\/uploads\/sites\/99\/2019\/07\/image-13-620x246.png 620w\" sizes=\"(max-width: 512px) 100vw, 512px\" \/><\/figure>\n\n\n\n<figure class=\"wp-block-image is-resized\"><img decoding=\"async\" src=\"https:\/\/blogit.gradia.fi\/digipalvelut\/wp-content\/uploads\/sites\/99\/2019\/07\/image-15-1024x595.png\" alt=\"K\u00e4ytt\u00f6liittym\u00e4 kun lis\u00e4t\u00e4\u00e4n uutta keskusteluaihetta.\" class=\"wp-image-574\" width=\"512\" height=\"298\" srcset=\"https:\/\/blogit.gradia.fi\/digipalvelut\/wp-content\/uploads\/sites\/99\/2019\/07\/image-15.png 1024w, https:\/\/blogit.gradia.fi\/digipalvelut\/wp-content\/uploads\/sites\/99\/2019\/07\/image-15-300x174.png 300w, https:\/\/blogit.gradia.fi\/digipalvelut\/wp-content\/uploads\/sites\/99\/2019\/07\/image-15-768x446.png 768w, https:\/\/blogit.gradia.fi\/digipalvelut\/wp-content\/uploads\/sites\/99\/2019\/07\/image-15-620x360.png 620w\" sizes=\"(max-width: 512px) 100vw, 512px\" \/><\/figure>\n\n\n\n<figure class=\"wp-block-image is-resized\"><img decoding=\"async\" src=\"https:\/\/blogit.gradia.fi\/digipalvelut\/wp-content\/uploads\/sites\/99\/2019\/07\/image-16-1024x440.png\" alt=\"Keskustelu n\u00e4kyy sisennettyin\u00e4 tekstilaatikoina. \" class=\"wp-image-576\" width=\"512\" height=\"220\" srcset=\"https:\/\/blogit.gradia.fi\/digipalvelut\/wp-content\/uploads\/sites\/99\/2019\/07\/image-16.png 1024w, https:\/\/blogit.gradia.fi\/digipalvelut\/wp-content\/uploads\/sites\/99\/2019\/07\/image-16-300x129.png 300w, https:\/\/blogit.gradia.fi\/digipalvelut\/wp-content\/uploads\/sites\/99\/2019\/07\/image-16-768x330.png 768w, https:\/\/blogit.gradia.fi\/digipalvelut\/wp-content\/uploads\/sites\/99\/2019\/07\/image-16-620x266.png 620w\" sizes=\"(max-width: 512px) 100vw, 512px\" \/><figcaption> Keskustelut ja niiden vastaukset n\u00e4kyv\u00e4t selke\u00e4sti keskustelualueella.&nbsp; <\/figcaption><\/figure>\n","protected":false},"excerpt":{"rendered":"<p>Uuden keskustelun aloittaminen tapahtuu painamalla Lis\u00e4\u00e4 uusi keskustelu-painiketta, jolloin avautuu ikkuna uuteen keskusteluun. Anna keskustelullesi aihe ja kirjoita viesti tekstieditoriin. Voit hy\u00f6dynt\u00e4\u00e4 editorin kaikkia ominaisuuksia, kuten lis\u00e4t\u00e4 kuvia ja linkkej\u00e4. Voit m\u00e4\u00e4ritt\u00e4\u00e4 viestille&nbsp;n\u00e4kyviss\u00e4oloajan&nbsp;ja lis\u00e4t\u00e4 erilaisia tunnisteita tarvittaessa. Viestin l\u00e4hett\u00e4misess\u00e4 on 30 minuutin viive, jonka aikana voit viel\u00e4 muokata viesti\u00e4si.&nbsp;&nbsp;<\/p>\n","protected":false},"author":421,"featured_media":0,"parent":76,"menu_order":0,"comment_status":"closed","ping_status":"closed","template":"","meta":{"_uag_custom_page_level_css":"","footnotes":""},"class_list":["post-581","page","type-page","status-publish","hentry"],"yoast_head":"<!-- This site is optimized with the Yoast SEO plugin v27.4 - https:\/\/yoast.com\/product\/yoast-seo-wordpress\/ -->\n<title>Keskustelualueen k\u00e4ytt\u00e4minen - Gradia Digipalvelut<\/title>\n<meta name=\"robots\" content=\"index, follow, max-snippet:-1, max-image-preview:large, max-video-preview:-1\" \/>\n<link rel=\"canonical\" href=\"https:\/\/blogit.gradia.fi\/digipalvelut\/ohjeita-ja-vinkkeja\/moodle\/keskustelualueen-kayttaminen\/\" \/>\n<meta property=\"og:locale\" content=\"fi_FI\" \/>\n<meta property=\"og:type\" content=\"article\" \/>\n<meta property=\"og:title\" content=\"Keskustelualueen k\u00e4ytt\u00e4minen - Gradia Digipalvelut\" \/>\n<meta property=\"og:description\" content=\"Uuden keskustelun aloittaminen tapahtuu painamalla Lis\u00e4\u00e4 uusi keskustelu-painiketta, jolloin avautuu ikkuna uuteen keskusteluun. Anna keskustelullesi aihe ja kirjoita viesti tekstieditoriin. Voit hy\u00f6dynt\u00e4\u00e4 editorin kaikkia ominaisuuksia, kuten lis\u00e4t\u00e4 kuvia ja linkkej\u00e4. Voit m\u00e4\u00e4ritt\u00e4\u00e4 viestille&nbsp;n\u00e4kyviss\u00e4oloajan&nbsp;ja lis\u00e4t\u00e4 erilaisia tunnisteita tarvittaessa. Viestin l\u00e4hett\u00e4misess\u00e4 on 30 minuutin viive, jonka aikana voit viel\u00e4 muokata viesti\u00e4si.&nbsp;&nbsp;\" \/>\n<meta property=\"og:url\" content=\"https:\/\/blogit.gradia.fi\/digipalvelut\/ohjeita-ja-vinkkeja\/moodle\/keskustelualueen-kayttaminen\/\" \/>\n<meta property=\"og:site_name\" content=\"Gradia Digipalvelut\" \/>\n<meta property=\"article:modified_time\" content=\"2019-07-01T10:36:35+00:00\" \/>\n<meta property=\"og:image\" content=\"https:\/\/blogit.gradia.fi\/digipalvelut\/wp-content\/uploads\/sites\/99\/2019\/07\/image-13-1024x407.png\" \/>\n<meta name=\"twitter:card\" content=\"summary_large_image\" \/>\n<script type=\"application\/ld+json\" class=\"yoast-schema-graph\">{\"@context\":\"https:\\\/\\\/schema.org\",\"@graph\":[{\"@type\":\"WebPage\",\"@id\":\"https:\\\/\\\/blogit.gradia.fi\\\/digipalvelut\\\/ohjeita-ja-vinkkeja\\\/moodle\\\/keskustelualueen-kayttaminen\\\/\",\"url\":\"https:\\\/\\\/blogit.gradia.fi\\\/digipalvelut\\\/ohjeita-ja-vinkkeja\\\/moodle\\\/keskustelualueen-kayttaminen\\\/\",\"name\":\"Keskustelualueen k\u00e4ytt\u00e4minen - Gradia Digipalvelut\",\"isPartOf\":{\"@id\":\"https:\\\/\\\/blogit.gradia.fi\\\/digipalvelut\\\/#website\"},\"primaryImageOfPage\":{\"@id\":\"https:\\\/\\\/blogit.gradia.fi\\\/digipalvelut\\\/ohjeita-ja-vinkkeja\\\/moodle\\\/keskustelualueen-kayttaminen\\\/#primaryimage\"},\"image\":{\"@id\":\"https:\\\/\\\/blogit.gradia.fi\\\/digipalvelut\\\/ohjeita-ja-vinkkeja\\\/moodle\\\/keskustelualueen-kayttaminen\\\/#primaryimage\"},\"thumbnailUrl\":\"https:\\\/\\\/blogit.gradia.fi\\\/digipalvelut\\\/wp-content\\\/uploads\\\/sites\\\/99\\\/2019\\\/07\\\/image-13-1024x407.png\",\"datePublished\":\"2019-07-01T10:36:34+00:00\",\"dateModified\":\"2019-07-01T10:36:35+00:00\",\"breadcrumb\":{\"@id\":\"https:\\\/\\\/blogit.gradia.fi\\\/digipalvelut\\\/ohjeita-ja-vinkkeja\\\/moodle\\\/keskustelualueen-kayttaminen\\\/#breadcrumb\"},\"inLanguage\":\"fi\",\"potentialAction\":[{\"@type\":\"ReadAction\",\"target\":[\"https:\\\/\\\/blogit.gradia.fi\\\/digipalvelut\\\/ohjeita-ja-vinkkeja\\\/moodle\\\/keskustelualueen-kayttaminen\\\/\"]}]},{\"@type\":\"ImageObject\",\"inLanguage\":\"fi\",\"@id\":\"https:\\\/\\\/blogit.gradia.fi\\\/digipalvelut\\\/ohjeita-ja-vinkkeja\\\/moodle\\\/keskustelualueen-kayttaminen\\\/#primaryimage\",\"url\":\"https:\\\/\\\/blogit.gradia.fi\\\/digipalvelut\\\/wp-content\\\/uploads\\\/sites\\\/99\\\/2019\\\/07\\\/image-13.png\",\"contentUrl\":\"https:\\\/\\\/blogit.gradia.fi\\\/digipalvelut\\\/wp-content\\\/uploads\\\/sites\\\/99\\\/2019\\\/07\\\/image-13.png\",\"width\":1024,\"height\":407},{\"@type\":\"BreadcrumbList\",\"@id\":\"https:\\\/\\\/blogit.gradia.fi\\\/digipalvelut\\\/ohjeita-ja-vinkkeja\\\/moodle\\\/keskustelualueen-kayttaminen\\\/#breadcrumb\",\"itemListElement\":[{\"@type\":\"ListItem\",\"position\":1,\"name\":\"Ohjeita ja vinkkej\u00e4\",\"item\":\"https:\\\/\\\/blogit.gradia.fi\\\/digipalvelut\\\/ohjeita-ja-vinkkeja\\\/\"},{\"@type\":\"ListItem\",\"position\":2,\"name\":\"Moodle\",\"item\":\"https:\\\/\\\/blogit.gradia.fi\\\/digipalvelut\\\/ohjeita-ja-vinkkeja\\\/moodle\\\/\"},{\"@type\":\"ListItem\",\"position\":3,\"name\":\"Keskustelualueen k\u00e4ytt\u00e4minen\"}]},{\"@type\":\"WebSite\",\"@id\":\"https:\\\/\\\/blogit.gradia.fi\\\/digipalvelut\\\/#website\",\"url\":\"https:\\\/\\\/blogit.gradia.fi\\\/digipalvelut\\\/\",\"name\":\"Gradia Digipalvelut\",\"description\":\"Astetta enemm\u00e4n digi\u00e4\",\"publisher\":{\"@id\":\"https:\\\/\\\/blogit.gradia.fi\\\/digipalvelut\\\/#organization\"},\"potentialAction\":[{\"@type\":\"SearchAction\",\"target\":{\"@type\":\"EntryPoint\",\"urlTemplate\":\"https:\\\/\\\/blogit.gradia.fi\\\/digipalvelut\\\/?s={search_term_string}\"},\"query-input\":{\"@type\":\"PropertyValueSpecification\",\"valueRequired\":true,\"valueName\":\"search_term_string\"}}],\"inLanguage\":\"fi\"},{\"@type\":\"Organization\",\"@id\":\"https:\\\/\\\/blogit.gradia.fi\\\/digipalvelut\\\/#organization\",\"name\":\"Gradia Digipalvelut\",\"url\":\"https:\\\/\\\/blogit.gradia.fi\\\/digipalvelut\\\/\",\"logo\":{\"@type\":\"ImageObject\",\"inLanguage\":\"fi\",\"@id\":\"https:\\\/\\\/blogit.gradia.fi\\\/digipalvelut\\\/#\\\/schema\\\/logo\\\/image\\\/\",\"url\":\"https:\\\/\\\/blogit.gradia.fi\\\/digipalvelut\\\/wp-content\\\/uploads\\\/sites\\\/99\\\/2019\\\/06\\\/cropped-Gradia_logo_Cyber_TRANSPARENT.png\",\"contentUrl\":\"https:\\\/\\\/blogit.gradia.fi\\\/digipalvelut\\\/wp-content\\\/uploads\\\/sites\\\/99\\\/2019\\\/06\\\/cropped-Gradia_logo_Cyber_TRANSPARENT.png\",\"width\":316,\"height\":382,\"caption\":\"Gradia Digipalvelut\"},\"image\":{\"@id\":\"https:\\\/\\\/blogit.gradia.fi\\\/digipalvelut\\\/#\\\/schema\\\/logo\\\/image\\\/\"}}]}<\/script>\n<!-- \/ Yoast SEO plugin. -->","yoast_head_json":{"title":"Keskustelualueen k\u00e4ytt\u00e4minen - Gradia Digipalvelut","robots":{"index":"index","follow":"follow","max-snippet":"max-snippet:-1","max-image-preview":"max-image-preview:large","max-video-preview":"max-video-preview:-1"},"canonical":"https:\/\/blogit.gradia.fi\/digipalvelut\/ohjeita-ja-vinkkeja\/moodle\/keskustelualueen-kayttaminen\/","og_locale":"fi_FI","og_type":"article","og_title":"Keskustelualueen k\u00e4ytt\u00e4minen - Gradia Digipalvelut","og_description":"Uuden keskustelun aloittaminen tapahtuu painamalla Lis\u00e4\u00e4 uusi keskustelu-painiketta, jolloin avautuu ikkuna uuteen keskusteluun. Anna keskustelullesi aihe ja kirjoita viesti tekstieditoriin. Voit hy\u00f6dynt\u00e4\u00e4 editorin kaikkia ominaisuuksia, kuten lis\u00e4t\u00e4 kuvia ja linkkej\u00e4. Voit m\u00e4\u00e4ritt\u00e4\u00e4 viestille&nbsp;n\u00e4kyviss\u00e4oloajan&nbsp;ja lis\u00e4t\u00e4 erilaisia tunnisteita tarvittaessa. Viestin l\u00e4hett\u00e4misess\u00e4 on 30 minuutin viive, jonka aikana voit viel\u00e4 muokata viesti\u00e4si.&nbsp;&nbsp;","og_url":"https:\/\/blogit.gradia.fi\/digipalvelut\/ohjeita-ja-vinkkeja\/moodle\/keskustelualueen-kayttaminen\/","og_site_name":"Gradia Digipalvelut","article_modified_time":"2019-07-01T10:36:35+00:00","og_image":[{"url":"https:\/\/blogit.gradia.fi\/digipalvelut\/wp-content\/uploads\/sites\/99\/2019\/07\/image-13-1024x407.png","type":"","width":"","height":""}],"twitter_card":"summary_large_image","schema":{"@context":"https:\/\/schema.org","@graph":[{"@type":"WebPage","@id":"https:\/\/blogit.gradia.fi\/digipalvelut\/ohjeita-ja-vinkkeja\/moodle\/keskustelualueen-kayttaminen\/","url":"https:\/\/blogit.gradia.fi\/digipalvelut\/ohjeita-ja-vinkkeja\/moodle\/keskustelualueen-kayttaminen\/","name":"Keskustelualueen k\u00e4ytt\u00e4minen - Gradia Digipalvelut","isPartOf":{"@id":"https:\/\/blogit.gradia.fi\/digipalvelut\/#website"},"primaryImageOfPage":{"@id":"https:\/\/blogit.gradia.fi\/digipalvelut\/ohjeita-ja-vinkkeja\/moodle\/keskustelualueen-kayttaminen\/#primaryimage"},"image":{"@id":"https:\/\/blogit.gradia.fi\/digipalvelut\/ohjeita-ja-vinkkeja\/moodle\/keskustelualueen-kayttaminen\/#primaryimage"},"thumbnailUrl":"https:\/\/blogit.gradia.fi\/digipalvelut\/wp-content\/uploads\/sites\/99\/2019\/07\/image-13-1024x407.png","datePublished":"2019-07-01T10:36:34+00:00","dateModified":"2019-07-01T10:36:35+00:00","breadcrumb":{"@id":"https:\/\/blogit.gradia.fi\/digipalvelut\/ohjeita-ja-vinkkeja\/moodle\/keskustelualueen-kayttaminen\/#breadcrumb"},"inLanguage":"fi","potentialAction":[{"@type":"ReadAction","target":["https:\/\/blogit.gradia.fi\/digipalvelut\/ohjeita-ja-vinkkeja\/moodle\/keskustelualueen-kayttaminen\/"]}]},{"@type":"ImageObject","inLanguage":"fi","@id":"https:\/\/blogit.gradia.fi\/digipalvelut\/ohjeita-ja-vinkkeja\/moodle\/keskustelualueen-kayttaminen\/#primaryimage","url":"https:\/\/blogit.gradia.fi\/digipalvelut\/wp-content\/uploads\/sites\/99\/2019\/07\/image-13.png","contentUrl":"https:\/\/blogit.gradia.fi\/digipalvelut\/wp-content\/uploads\/sites\/99\/2019\/07\/image-13.png","width":1024,"height":407},{"@type":"BreadcrumbList","@id":"https:\/\/blogit.gradia.fi\/digipalvelut\/ohjeita-ja-vinkkeja\/moodle\/keskustelualueen-kayttaminen\/#breadcrumb","itemListElement":[{"@type":"ListItem","position":1,"name":"Ohjeita ja vinkkej\u00e4","item":"https:\/\/blogit.gradia.fi\/digipalvelut\/ohjeita-ja-vinkkeja\/"},{"@type":"ListItem","position":2,"name":"Moodle","item":"https:\/\/blogit.gradia.fi\/digipalvelut\/ohjeita-ja-vinkkeja\/moodle\/"},{"@type":"ListItem","position":3,"name":"Keskustelualueen k\u00e4ytt\u00e4minen"}]},{"@type":"WebSite","@id":"https:\/\/blogit.gradia.fi\/digipalvelut\/#website","url":"https:\/\/blogit.gradia.fi\/digipalvelut\/","name":"Gradia Digipalvelut","description":"Astetta enemm\u00e4n digi\u00e4","publisher":{"@id":"https:\/\/blogit.gradia.fi\/digipalvelut\/#organization"},"potentialAction":[{"@type":"SearchAction","target":{"@type":"EntryPoint","urlTemplate":"https:\/\/blogit.gradia.fi\/digipalvelut\/?s={search_term_string}"},"query-input":{"@type":"PropertyValueSpecification","valueRequired":true,"valueName":"search_term_string"}}],"inLanguage":"fi"},{"@type":"Organization","@id":"https:\/\/blogit.gradia.fi\/digipalvelut\/#organization","name":"Gradia Digipalvelut","url":"https:\/\/blogit.gradia.fi\/digipalvelut\/","logo":{"@type":"ImageObject","inLanguage":"fi","@id":"https:\/\/blogit.gradia.fi\/digipalvelut\/#\/schema\/logo\/image\/","url":"https:\/\/blogit.gradia.fi\/digipalvelut\/wp-content\/uploads\/sites\/99\/2019\/06\/cropped-Gradia_logo_Cyber_TRANSPARENT.png","contentUrl":"https:\/\/blogit.gradia.fi\/digipalvelut\/wp-content\/uploads\/sites\/99\/2019\/06\/cropped-Gradia_logo_Cyber_TRANSPARENT.png","width":316,"height":382,"caption":"Gradia Digipalvelut"},"image":{"@id":"https:\/\/blogit.gradia.fi\/digipalvelut\/#\/schema\/logo\/image\/"}}]}},"uagb_featured_image_src":{"full":false,"thumbnail":false,"medium":false,"medium_large":false,"large":false,"1536x1536":false,"2048x2048":false,"hestia-blog":false},"uagb_author_info":{"display_name":"Merja Hakanen","author_link":"https:\/\/blogit.gradia.fi\/digipalvelut\/author\/hakanmer\/"},"uagb_comment_info":0,"uagb_excerpt":"Uuden keskustelun aloittaminen tapahtuu painamalla Lis\u00e4\u00e4 uusi keskustelu-painiketta, jolloin avautuu ikkuna uuteen keskusteluun. Anna keskustelullesi aihe ja kirjoita viesti tekstieditoriin. Voit hy\u00f6dynt\u00e4\u00e4 editorin kaikkia ominaisuuksia, kuten lis\u00e4t\u00e4 kuvia ja linkkej\u00e4. Voit m\u00e4\u00e4ritt\u00e4\u00e4 viestille&nbsp;n\u00e4kyviss\u00e4oloajan&nbsp;ja lis\u00e4t\u00e4 erilaisia tunnisteita tarvittaessa. Viestin l\u00e4hett\u00e4misess\u00e4 on 30 minuutin viive, jonka aikana voit viel\u00e4 muokata viesti\u00e4si.&nbsp;&nbsp;","_links":{"self":[{"href":"https:\/\/blogit.gradia.fi\/digipalvelut\/wp-json\/wp\/v2\/pages\/581","targetHints":{"allow":["GET"]}}],"collection":[{"href":"https:\/\/blogit.gradia.fi\/digipalvelut\/wp-json\/wp\/v2\/pages"}],"about":[{"href":"https:\/\/blogit.gradia.fi\/digipalvelut\/wp-json\/wp\/v2\/types\/page"}],"author":[{"embeddable":true,"href":"https:\/\/blogit.gradia.fi\/digipalvelut\/wp-json\/wp\/v2\/users\/421"}],"replies":[{"embeddable":true,"href":"https:\/\/blogit.gradia.fi\/digipalvelut\/wp-json\/wp\/v2\/comments?post=581"}],"version-history":[{"count":1,"href":"https:\/\/blogit.gradia.fi\/digipalvelut\/wp-json\/wp\/v2\/pages\/581\/revisions"}],"predecessor-version":[{"id":582,"href":"https:\/\/blogit.gradia.fi\/digipalvelut\/wp-json\/wp\/v2\/pages\/581\/revisions\/582"}],"up":[{"embeddable":true,"href":"https:\/\/blogit.gradia.fi\/digipalvelut\/wp-json\/wp\/v2\/pages\/76"}],"wp:attachment":[{"href":"https:\/\/blogit.gradia.fi\/digipalvelut\/wp-json\/wp\/v2\/media?parent=581"}],"curies":[{"name":"wp","href":"https:\/\/api.w.org\/{rel}","templated":true}]}}