{"id":537,"date":"2019-07-01T08:28:13","date_gmt":"2019-07-01T05:28:13","guid":{"rendered":"https:\/\/blogit.gradia.fi\/digipalvelut\/?page_id=537"},"modified":"2020-06-17T12:30:54","modified_gmt":"2020-06-17T09:30:54","slug":"yleista-edistymisen-seurannasta","status":"publish","type":"page","link":"https:\/\/blogit.gradia.fi\/digipalvelut\/ohjeita-ja-vinkkeja\/moodle\/yleista-edistymisen-seurannasta\/","title":{"rendered":"Yleist\u00e4 edistymisen seurannasta"},"content":{"rendered":"\n<p><a href=\"#tyotila_ed_seur\">Ty\u00f6tilan edistymisen seuranta<\/a><br><a href=\"#ed_seur_tyopoytanakymassa\">Edistymisen seuranta ty\u00f6p\u00f6yt\u00e4n\u00e4kym\u00e4ss\u00e4<\/a><br><a href=\"#op_suoritusten_kertyminen\">OPISKELIJA: Kurssin sis\u00e4isten aktiviteettien suoritusten kertyminen<\/a><\/p>\n\n\n\n<h2 class=\"wp-block-heading\" id=\"tyotila_ed_seur\"><strong>Ty\u00f6tilan edistymisen seuranta&nbsp;<\/strong>&nbsp;<\/h2>\n\n\n\n<p>Gradian\u00a0Moodlen kurssipohjissa on oletuksena k\u00e4yt\u00f6ss\u00e4\u00a0<strong>edistymisen seuranta &#8211;<\/strong>lohko. Seuranta auttaa opiskelijaa seuraamaan visuaalisesti kurssinsa etenemist\u00e4. Ty\u00f6kalu n\u00e4ytt\u00e4\u00e4 kurssin oikeassa reunassa kaikki (<strong>opettajan valitsemat<\/strong>) kurssin aktiviteetit ja aineistot.\u00a0\u00a0<\/p>\n\n\n\n<p>Sininen = ty\u00f6tilan teht\u00e4v\u00e4&nbsp;<\/p>\n\n\n\n<p>Vihre\u00e4 = suoritettu teht\u00e4v\u00e4\u00a0<\/p>\n\n\n\n<p>Keltainen = teht\u00e4v\u00e4 odottaa tarkastusta<\/p>\n\n\n\n<p>Punainen = keskener\u00e4inen tai hyl\u00e4tty teht\u00e4v\u00e4&nbsp;<\/p>\n\n\n\n<figure class=\"wp-block-image\"><img decoding=\"async\" width=\"240\" height=\"178\" src=\"https:\/\/blogit.gradia.fi\/digipalvelut\/wp-content\/uploads\/sites\/99\/2019\/07\/image-2.png\" alt=\"\" class=\"wp-image-538\" \/><\/figure>\n\n\n\n<p>Liikuttamalla hiirt\u00e4 v\u00e4ripalkin p\u00e4\u00e4ll\u00e4 saat tarkempaa tietoa suoritetuista ja suorittamattomista teht\u00e4vist\u00e4.&nbsp;&nbsp;<\/p>\n\n\n\n<h2 class=\"wp-block-heading\" id=\"ed_seur_tyopoytanakymassa\"><strong>Edistymisen seuranta ty\u00f6p\u00f6yt\u00e4n\u00e4kym\u00e4ss\u00e4&nbsp;<\/strong>&nbsp;<\/h2>\n\n\n\n<p>T\u00e4m\u00e4n lis\u00e4ksi opiskelija n\u00e4kee Moodlen etusivulla ympyr\u00e4diagrammin, joka kertoo h\u00e4nen suorituksensa edistymisest\u00e4.&nbsp;&nbsp;<\/p>\n\n\n\n<figure class=\"wp-block-image\"><img fetchpriority=\"high\" decoding=\"async\" width=\"429\" height=\"216\" src=\"https:\/\/blogit.gradia.fi\/digipalvelut\/wp-content\/uploads\/sites\/99\/2019\/07\/image-3.png\" alt=\"\" class=\"wp-image-539\" srcset=\"https:\/\/blogit.gradia.fi\/digipalvelut\/wp-content\/uploads\/sites\/99\/2019\/07\/image-3.png 429w, https:\/\/blogit.gradia.fi\/digipalvelut\/wp-content\/uploads\/sites\/99\/2019\/07\/image-3-300x151.png 300w\" sizes=\"(max-width: 429px) 100vw, 429px\" \/><\/figure>\n\n\n\n<p>Ty\u00f6kalun ollessa k\u00e4yt\u00f6ss\u00e4 opettaja n\u00e4kee sivun oikeassa reunassa olevasta Edistymisen seuranta \u2013lohkosta&nbsp;<strong>yleiskatsaus opiskelijoista &#8211;<\/strong>painikkeesta&nbsp;helposti kaikkien opiskelijoidensa&nbsp;<strong>edistymisen kurssilla&nbsp;<\/strong>HUOM! T\u00e4m\u00e4 ikkuna kertoo vain&nbsp;<strong>edistymisest\u00e4, ei osaamisen arvioinnista<\/strong>. Aktiviteetteihin liittyv\u00e4 osaamisen arviointi tehd\u00e4\u00e4n Arviointi ikkunassa.&nbsp;<\/p>\n\n\n\n<figure class=\"wp-block-image\"><img decoding=\"async\" width=\"259\" height=\"152\" src=\"https:\/\/blogit.gradia.fi\/digipalvelut\/wp-content\/uploads\/sites\/99\/2019\/07\/image-4.png\" alt=\"\" class=\"wp-image-540\" \/><\/figure>\n\n\n\n<h2 class=\"wp-block-heading\" id=\"op_suoritusten_kertyminen\"><strong>OPISKELIJA: Kurssin sis\u00e4isten aktiviteettien suoritusten kertyminen<\/strong>&nbsp;<\/h2>\n\n\n\n<p>Opintojakson kurssitilat sis\u00e4lt\u00e4v\u00e4t eri aktiviteettej\u00e4, kuten teht\u00e4vi\u00e4 sek\u00e4 erilaisia aineistoja, joita opiskelijat tekev\u00e4t.&nbsp;&nbsp;&nbsp;<\/p>\n\n\n\n<p>Alla olevat valintaruudut opiskelija voi&nbsp; merkit\u00e4 itse suoritetuksi.&nbsp;&nbsp;<\/p>\n\n\n\n<figure class=\"wp-block-image\"><img loading=\"lazy\" decoding=\"async\" width=\"799\" height=\"166\" src=\"https:\/\/blogit.gradia.fi\/digipalvelut\/wp-content\/uploads\/sites\/99\/2019\/07\/image.jpeg\" alt=\"\" class=\"wp-image-541\" srcset=\"https:\/\/blogit.gradia.fi\/digipalvelut\/wp-content\/uploads\/sites\/99\/2019\/07\/image.jpeg 799w, https:\/\/blogit.gradia.fi\/digipalvelut\/wp-content\/uploads\/sites\/99\/2019\/07\/image-300x62.jpeg 300w, https:\/\/blogit.gradia.fi\/digipalvelut\/wp-content\/uploads\/sites\/99\/2019\/07\/image-768x160.jpeg 768w, https:\/\/blogit.gradia.fi\/digipalvelut\/wp-content\/uploads\/sites\/99\/2019\/07\/image-620x129.jpeg 620w\" sizes=\"(max-width: 799px) 100vw, 799px\" \/><\/figure>\n\n\n\n<p>Katkoreunaiset valintaruudut vaativat opettajan m\u00e4\u00e4rittelem\u00e4n suorituksen esim. saavutetun pistem\u00e4\u00e4r\u00e4n ennen kuin aktiviteetti tai aineisto tulee opiskelijalle suoritetuksi.&nbsp;&nbsp;<\/p>\n\n\n\n<figure class=\"wp-block-image\"><img loading=\"lazy\" decoding=\"async\" width=\"799\" height=\"163\" src=\"https:\/\/blogit.gradia.fi\/digipalvelut\/wp-content\/uploads\/sites\/99\/2019\/07\/image-1.jpeg\" alt=\"\" class=\"wp-image-542\" srcset=\"https:\/\/blogit.gradia.fi\/digipalvelut\/wp-content\/uploads\/sites\/99\/2019\/07\/image-1.jpeg 799w, https:\/\/blogit.gradia.fi\/digipalvelut\/wp-content\/uploads\/sites\/99\/2019\/07\/image-1-300x61.jpeg 300w, https:\/\/blogit.gradia.fi\/digipalvelut\/wp-content\/uploads\/sites\/99\/2019\/07\/image-1-768x157.jpeg 768w, https:\/\/blogit.gradia.fi\/digipalvelut\/wp-content\/uploads\/sites\/99\/2019\/07\/image-1-620x126.jpeg 620w\" sizes=\"(max-width: 799px) 100vw, 799px\" \/><\/figure>\n","protected":false},"excerpt":{"rendered":"<p>Ty\u00f6tilan edistymisen seurantaEdistymisen seuranta ty\u00f6p\u00f6yt\u00e4n\u00e4kym\u00e4ss\u00e4OPISKELIJA: Kurssin sis\u00e4isten aktiviteettien suoritusten kertyminen Ty\u00f6tilan edistymisen seuranta&nbsp;&nbsp; Gradian\u00a0Moodlen kurssipohjissa on oletuksena k\u00e4yt\u00f6ss\u00e4\u00a0edistymisen seuranta &#8211;lohko. Seuranta auttaa opiskelijaa seuraamaan visuaalisesti kurssinsa etenemist\u00e4. Ty\u00f6kalu n\u00e4ytt\u00e4\u00e4 kurssin oikeassa reunassa kaikki (opettajan valitsemat) kurssin aktiviteetit ja aineistot.\u00a0\u00a0 Sininen = ty\u00f6tilan teht\u00e4v\u00e4&nbsp; Vihre\u00e4 = suoritettu teht\u00e4v\u00e4\u00a0 Keltainen = teht\u00e4v\u00e4 [&hellip;]<\/p>\n","protected":false},"author":421,"featured_media":0,"parent":76,"menu_order":0,"comment_status":"closed","ping_status":"closed","template":"","meta":{"_uag_custom_page_level_css":"","footnotes":""},"class_list":["post-537","page","type-page","status-publish","hentry"],"yoast_head":"<!-- This site is optimized with the Yoast SEO plugin v27.4 - https:\/\/yoast.com\/product\/yoast-seo-wordpress\/ -->\n<title>Yleist\u00e4 edistymisen seurannasta - Gradia Digipalvelut<\/title>\n<meta name=\"robots\" content=\"index, follow, max-snippet:-1, max-image-preview:large, max-video-preview:-1\" \/>\n<link rel=\"canonical\" href=\"https:\/\/blogit.gradia.fi\/digipalvelut\/ohjeita-ja-vinkkeja\/moodle\/yleista-edistymisen-seurannasta\/\" \/>\n<meta property=\"og:locale\" content=\"fi_FI\" \/>\n<meta property=\"og:type\" content=\"article\" \/>\n<meta property=\"og:title\" content=\"Yleist\u00e4 edistymisen seurannasta - Gradia Digipalvelut\" \/>\n<meta property=\"og:description\" content=\"Ty\u00f6tilan edistymisen seurantaEdistymisen seuranta ty\u00f6p\u00f6yt\u00e4n\u00e4kym\u00e4ss\u00e4OPISKELIJA: Kurssin sis\u00e4isten aktiviteettien suoritusten kertyminen Ty\u00f6tilan edistymisen seuranta&nbsp;&nbsp; Gradian\u00a0Moodlen kurssipohjissa on oletuksena k\u00e4yt\u00f6ss\u00e4\u00a0edistymisen seuranta &#8211;lohko. Seuranta auttaa opiskelijaa seuraamaan visuaalisesti kurssinsa etenemist\u00e4. Ty\u00f6kalu n\u00e4ytt\u00e4\u00e4 kurssin oikeassa reunassa kaikki (opettajan valitsemat) kurssin aktiviteetit ja aineistot.\u00a0\u00a0 Sininen = ty\u00f6tilan teht\u00e4v\u00e4&nbsp; Vihre\u00e4 = suoritettu teht\u00e4v\u00e4\u00a0 Keltainen = teht\u00e4v\u00e4 [&hellip;]\" \/>\n<meta property=\"og:url\" content=\"https:\/\/blogit.gradia.fi\/digipalvelut\/ohjeita-ja-vinkkeja\/moodle\/yleista-edistymisen-seurannasta\/\" \/>\n<meta property=\"og:site_name\" content=\"Gradia Digipalvelut\" \/>\n<meta property=\"article:modified_time\" content=\"2020-06-17T09:30:54+00:00\" \/>\n<meta property=\"og:image\" content=\"https:\/\/blogit.gradia.fi\/digipalvelut\/wp-content\/uploads\/sites\/99\/2019\/07\/image-2.png\" \/>\n<meta name=\"twitter:card\" content=\"summary_large_image\" \/>\n<meta name=\"twitter:label1\" content=\"Arvioitu lukuaika\" \/>\n\t<meta name=\"twitter:data1\" content=\"1 minuutti\" \/>\n<script type=\"application\/ld+json\" class=\"yoast-schema-graph\">{\"@context\":\"https:\\\/\\\/schema.org\",\"@graph\":[{\"@type\":\"WebPage\",\"@id\":\"https:\\\/\\\/blogit.gradia.fi\\\/digipalvelut\\\/ohjeita-ja-vinkkeja\\\/moodle\\\/yleista-edistymisen-seurannasta\\\/\",\"url\":\"https:\\\/\\\/blogit.gradia.fi\\\/digipalvelut\\\/ohjeita-ja-vinkkeja\\\/moodle\\\/yleista-edistymisen-seurannasta\\\/\",\"name\":\"Yleist\u00e4 edistymisen seurannasta - Gradia Digipalvelut\",\"isPartOf\":{\"@id\":\"https:\\\/\\\/blogit.gradia.fi\\\/digipalvelut\\\/#website\"},\"primaryImageOfPage\":{\"@id\":\"https:\\\/\\\/blogit.gradia.fi\\\/digipalvelut\\\/ohjeita-ja-vinkkeja\\\/moodle\\\/yleista-edistymisen-seurannasta\\\/#primaryimage\"},\"image\":{\"@id\":\"https:\\\/\\\/blogit.gradia.fi\\\/digipalvelut\\\/ohjeita-ja-vinkkeja\\\/moodle\\\/yleista-edistymisen-seurannasta\\\/#primaryimage\"},\"thumbnailUrl\":\"https:\\\/\\\/blogit.gradia.fi\\\/digipalvelut\\\/wp-content\\\/uploads\\\/sites\\\/99\\\/2019\\\/07\\\/image-2.png\",\"datePublished\":\"2019-07-01T05:28:13+00:00\",\"dateModified\":\"2020-06-17T09:30:54+00:00\",\"breadcrumb\":{\"@id\":\"https:\\\/\\\/blogit.gradia.fi\\\/digipalvelut\\\/ohjeita-ja-vinkkeja\\\/moodle\\\/yleista-edistymisen-seurannasta\\\/#breadcrumb\"},\"inLanguage\":\"fi\",\"potentialAction\":[{\"@type\":\"ReadAction\",\"target\":[\"https:\\\/\\\/blogit.gradia.fi\\\/digipalvelut\\\/ohjeita-ja-vinkkeja\\\/moodle\\\/yleista-edistymisen-seurannasta\\\/\"]}]},{\"@type\":\"ImageObject\",\"inLanguage\":\"fi\",\"@id\":\"https:\\\/\\\/blogit.gradia.fi\\\/digipalvelut\\\/ohjeita-ja-vinkkeja\\\/moodle\\\/yleista-edistymisen-seurannasta\\\/#primaryimage\",\"url\":\"https:\\\/\\\/blogit.gradia.fi\\\/digipalvelut\\\/wp-content\\\/uploads\\\/sites\\\/99\\\/2019\\\/07\\\/image-2.png\",\"contentUrl\":\"https:\\\/\\\/blogit.gradia.fi\\\/digipalvelut\\\/wp-content\\\/uploads\\\/sites\\\/99\\\/2019\\\/07\\\/image-2.png\",\"width\":240,\"height\":178},{\"@type\":\"BreadcrumbList\",\"@id\":\"https:\\\/\\\/blogit.gradia.fi\\\/digipalvelut\\\/ohjeita-ja-vinkkeja\\\/moodle\\\/yleista-edistymisen-seurannasta\\\/#breadcrumb\",\"itemListElement\":[{\"@type\":\"ListItem\",\"position\":1,\"name\":\"Ohjeita ja vinkkej\u00e4\",\"item\":\"https:\\\/\\\/blogit.gradia.fi\\\/digipalvelut\\\/ohjeita-ja-vinkkeja\\\/\"},{\"@type\":\"ListItem\",\"position\":2,\"name\":\"Moodle\",\"item\":\"https:\\\/\\\/blogit.gradia.fi\\\/digipalvelut\\\/ohjeita-ja-vinkkeja\\\/moodle\\\/\"},{\"@type\":\"ListItem\",\"position\":3,\"name\":\"Yleist\u00e4 edistymisen seurannasta\"}]},{\"@type\":\"WebSite\",\"@id\":\"https:\\\/\\\/blogit.gradia.fi\\\/digipalvelut\\\/#website\",\"url\":\"https:\\\/\\\/blogit.gradia.fi\\\/digipalvelut\\\/\",\"name\":\"Gradia Digipalvelut\",\"description\":\"Astetta enemm\u00e4n digi\u00e4\",\"publisher\":{\"@id\":\"https:\\\/\\\/blogit.gradia.fi\\\/digipalvelut\\\/#organization\"},\"potentialAction\":[{\"@type\":\"SearchAction\",\"target\":{\"@type\":\"EntryPoint\",\"urlTemplate\":\"https:\\\/\\\/blogit.gradia.fi\\\/digipalvelut\\\/?s={search_term_string}\"},\"query-input\":{\"@type\":\"PropertyValueSpecification\",\"valueRequired\":true,\"valueName\":\"search_term_string\"}}],\"inLanguage\":\"fi\"},{\"@type\":\"Organization\",\"@id\":\"https:\\\/\\\/blogit.gradia.fi\\\/digipalvelut\\\/#organization\",\"name\":\"Gradia Digipalvelut\",\"url\":\"https:\\\/\\\/blogit.gradia.fi\\\/digipalvelut\\\/\",\"logo\":{\"@type\":\"ImageObject\",\"inLanguage\":\"fi\",\"@id\":\"https:\\\/\\\/blogit.gradia.fi\\\/digipalvelut\\\/#\\\/schema\\\/logo\\\/image\\\/\",\"url\":\"https:\\\/\\\/blogit.gradia.fi\\\/digipalvelut\\\/wp-content\\\/uploads\\\/sites\\\/99\\\/2019\\\/06\\\/cropped-Gradia_logo_Cyber_TRANSPARENT.png\",\"contentUrl\":\"https:\\\/\\\/blogit.gradia.fi\\\/digipalvelut\\\/wp-content\\\/uploads\\\/sites\\\/99\\\/2019\\\/06\\\/cropped-Gradia_logo_Cyber_TRANSPARENT.png\",\"width\":316,\"height\":382,\"caption\":\"Gradia Digipalvelut\"},\"image\":{\"@id\":\"https:\\\/\\\/blogit.gradia.fi\\\/digipalvelut\\\/#\\\/schema\\\/logo\\\/image\\\/\"}}]}<\/script>\n<!-- \/ Yoast SEO plugin. -->","yoast_head_json":{"title":"Yleist\u00e4 edistymisen seurannasta - Gradia Digipalvelut","robots":{"index":"index","follow":"follow","max-snippet":"max-snippet:-1","max-image-preview":"max-image-preview:large","max-video-preview":"max-video-preview:-1"},"canonical":"https:\/\/blogit.gradia.fi\/digipalvelut\/ohjeita-ja-vinkkeja\/moodle\/yleista-edistymisen-seurannasta\/","og_locale":"fi_FI","og_type":"article","og_title":"Yleist\u00e4 edistymisen seurannasta - Gradia Digipalvelut","og_description":"Ty\u00f6tilan edistymisen seurantaEdistymisen seuranta ty\u00f6p\u00f6yt\u00e4n\u00e4kym\u00e4ss\u00e4OPISKELIJA: Kurssin sis\u00e4isten aktiviteettien suoritusten kertyminen Ty\u00f6tilan edistymisen seuranta&nbsp;&nbsp; Gradian\u00a0Moodlen kurssipohjissa on oletuksena k\u00e4yt\u00f6ss\u00e4\u00a0edistymisen seuranta &#8211;lohko. Seuranta auttaa opiskelijaa seuraamaan visuaalisesti kurssinsa etenemist\u00e4. Ty\u00f6kalu n\u00e4ytt\u00e4\u00e4 kurssin oikeassa reunassa kaikki (opettajan valitsemat) kurssin aktiviteetit ja aineistot.\u00a0\u00a0 Sininen = ty\u00f6tilan teht\u00e4v\u00e4&nbsp; Vihre\u00e4 = suoritettu teht\u00e4v\u00e4\u00a0 Keltainen = teht\u00e4v\u00e4 [&hellip;]","og_url":"https:\/\/blogit.gradia.fi\/digipalvelut\/ohjeita-ja-vinkkeja\/moodle\/yleista-edistymisen-seurannasta\/","og_site_name":"Gradia Digipalvelut","article_modified_time":"2020-06-17T09:30:54+00:00","og_image":[{"url":"https:\/\/blogit.gradia.fi\/digipalvelut\/wp-content\/uploads\/sites\/99\/2019\/07\/image-2.png","type":"","width":"","height":""}],"twitter_card":"summary_large_image","twitter_misc":{"Arvioitu lukuaika":"1 minuutti"},"schema":{"@context":"https:\/\/schema.org","@graph":[{"@type":"WebPage","@id":"https:\/\/blogit.gradia.fi\/digipalvelut\/ohjeita-ja-vinkkeja\/moodle\/yleista-edistymisen-seurannasta\/","url":"https:\/\/blogit.gradia.fi\/digipalvelut\/ohjeita-ja-vinkkeja\/moodle\/yleista-edistymisen-seurannasta\/","name":"Yleist\u00e4 edistymisen seurannasta - Gradia Digipalvelut","isPartOf":{"@id":"https:\/\/blogit.gradia.fi\/digipalvelut\/#website"},"primaryImageOfPage":{"@id":"https:\/\/blogit.gradia.fi\/digipalvelut\/ohjeita-ja-vinkkeja\/moodle\/yleista-edistymisen-seurannasta\/#primaryimage"},"image":{"@id":"https:\/\/blogit.gradia.fi\/digipalvelut\/ohjeita-ja-vinkkeja\/moodle\/yleista-edistymisen-seurannasta\/#primaryimage"},"thumbnailUrl":"https:\/\/blogit.gradia.fi\/digipalvelut\/wp-content\/uploads\/sites\/99\/2019\/07\/image-2.png","datePublished":"2019-07-01T05:28:13+00:00","dateModified":"2020-06-17T09:30:54+00:00","breadcrumb":{"@id":"https:\/\/blogit.gradia.fi\/digipalvelut\/ohjeita-ja-vinkkeja\/moodle\/yleista-edistymisen-seurannasta\/#breadcrumb"},"inLanguage":"fi","potentialAction":[{"@type":"ReadAction","target":["https:\/\/blogit.gradia.fi\/digipalvelut\/ohjeita-ja-vinkkeja\/moodle\/yleista-edistymisen-seurannasta\/"]}]},{"@type":"ImageObject","inLanguage":"fi","@id":"https:\/\/blogit.gradia.fi\/digipalvelut\/ohjeita-ja-vinkkeja\/moodle\/yleista-edistymisen-seurannasta\/#primaryimage","url":"https:\/\/blogit.gradia.fi\/digipalvelut\/wp-content\/uploads\/sites\/99\/2019\/07\/image-2.png","contentUrl":"https:\/\/blogit.gradia.fi\/digipalvelut\/wp-content\/uploads\/sites\/99\/2019\/07\/image-2.png","width":240,"height":178},{"@type":"BreadcrumbList","@id":"https:\/\/blogit.gradia.fi\/digipalvelut\/ohjeita-ja-vinkkeja\/moodle\/yleista-edistymisen-seurannasta\/#breadcrumb","itemListElement":[{"@type":"ListItem","position":1,"name":"Ohjeita ja vinkkej\u00e4","item":"https:\/\/blogit.gradia.fi\/digipalvelut\/ohjeita-ja-vinkkeja\/"},{"@type":"ListItem","position":2,"name":"Moodle","item":"https:\/\/blogit.gradia.fi\/digipalvelut\/ohjeita-ja-vinkkeja\/moodle\/"},{"@type":"ListItem","position":3,"name":"Yleist\u00e4 edistymisen seurannasta"}]},{"@type":"WebSite","@id":"https:\/\/blogit.gradia.fi\/digipalvelut\/#website","url":"https:\/\/blogit.gradia.fi\/digipalvelut\/","name":"Gradia Digipalvelut","description":"Astetta enemm\u00e4n digi\u00e4","publisher":{"@id":"https:\/\/blogit.gradia.fi\/digipalvelut\/#organization"},"potentialAction":[{"@type":"SearchAction","target":{"@type":"EntryPoint","urlTemplate":"https:\/\/blogit.gradia.fi\/digipalvelut\/?s={search_term_string}"},"query-input":{"@type":"PropertyValueSpecification","valueRequired":true,"valueName":"search_term_string"}}],"inLanguage":"fi"},{"@type":"Organization","@id":"https:\/\/blogit.gradia.fi\/digipalvelut\/#organization","name":"Gradia Digipalvelut","url":"https:\/\/blogit.gradia.fi\/digipalvelut\/","logo":{"@type":"ImageObject","inLanguage":"fi","@id":"https:\/\/blogit.gradia.fi\/digipalvelut\/#\/schema\/logo\/image\/","url":"https:\/\/blogit.gradia.fi\/digipalvelut\/wp-content\/uploads\/sites\/99\/2019\/06\/cropped-Gradia_logo_Cyber_TRANSPARENT.png","contentUrl":"https:\/\/blogit.gradia.fi\/digipalvelut\/wp-content\/uploads\/sites\/99\/2019\/06\/cropped-Gradia_logo_Cyber_TRANSPARENT.png","width":316,"height":382,"caption":"Gradia Digipalvelut"},"image":{"@id":"https:\/\/blogit.gradia.fi\/digipalvelut\/#\/schema\/logo\/image\/"}}]}},"uagb_featured_image_src":{"full":false,"thumbnail":false,"medium":false,"medium_large":false,"large":false,"1536x1536":false,"2048x2048":false,"hestia-blog":false},"uagb_author_info":{"display_name":"Merja Hakanen","author_link":"https:\/\/blogit.gradia.fi\/digipalvelut\/author\/hakanmer\/"},"uagb_comment_info":0,"uagb_excerpt":"Ty\u00f6tilan edistymisen seurantaEdistymisen seuranta ty\u00f6p\u00f6yt\u00e4n\u00e4kym\u00e4ss\u00e4OPISKELIJA: Kurssin sis\u00e4isten aktiviteettien suoritusten kertyminen Ty\u00f6tilan edistymisen seuranta&nbsp;&nbsp; Gradian\u00a0Moodlen kurssipohjissa on oletuksena k\u00e4yt\u00f6ss\u00e4\u00a0edistymisen seuranta &#8211;lohko. Seuranta auttaa opiskelijaa seuraamaan visuaalisesti kurssinsa etenemist\u00e4. Ty\u00f6kalu n\u00e4ytt\u00e4\u00e4 kurssin oikeassa reunassa kaikki (opettajan valitsemat) kurssin aktiviteetit ja aineistot.\u00a0\u00a0 Sininen = ty\u00f6tilan teht\u00e4v\u00e4&nbsp; Vihre\u00e4 = suoritettu teht\u00e4v\u00e4\u00a0 Keltainen = teht\u00e4v\u00e4 [&hellip;]","_links":{"self":[{"href":"https:\/\/blogit.gradia.fi\/digipalvelut\/wp-json\/wp\/v2\/pages\/537","targetHints":{"allow":["GET"]}}],"collection":[{"href":"https:\/\/blogit.gradia.fi\/digipalvelut\/wp-json\/wp\/v2\/pages"}],"about":[{"href":"https:\/\/blogit.gradia.fi\/digipalvelut\/wp-json\/wp\/v2\/types\/page"}],"author":[{"embeddable":true,"href":"https:\/\/blogit.gradia.fi\/digipalvelut\/wp-json\/wp\/v2\/users\/421"}],"replies":[{"embeddable":true,"href":"https:\/\/blogit.gradia.fi\/digipalvelut\/wp-json\/wp\/v2\/comments?post=537"}],"version-history":[{"count":2,"href":"https:\/\/blogit.gradia.fi\/digipalvelut\/wp-json\/wp\/v2\/pages\/537\/revisions"}],"predecessor-version":[{"id":1926,"href":"https:\/\/blogit.gradia.fi\/digipalvelut\/wp-json\/wp\/v2\/pages\/537\/revisions\/1926"}],"up":[{"embeddable":true,"href":"https:\/\/blogit.gradia.fi\/digipalvelut\/wp-json\/wp\/v2\/pages\/76"}],"wp:attachment":[{"href":"https:\/\/blogit.gradia.fi\/digipalvelut\/wp-json\/wp\/v2\/media?parent=537"}],"curies":[{"name":"wp","href":"https:\/\/api.w.org\/{rel}","templated":true}]}}