{"id":531,"date":"2019-07-01T08:13:56","date_gmt":"2019-07-01T05:13:56","guid":{"rendered":"https:\/\/blogit.gradia.fi\/digipalvelut\/?page_id=531"},"modified":"2019-07-01T08:13:57","modified_gmt":"2019-07-01T05:13:57","slug":"kurssin-suoritusajan-rajoittaminen","status":"publish","type":"page","link":"https:\/\/blogit.gradia.fi\/digipalvelut\/ohjeita-ja-vinkkeja\/moodle\/kurssin-suoritusajan-rajoittaminen\/","title":{"rendered":"Kurssin suoritusajan rajoittaminen"},"content":{"rendered":"\n<p>Opettaja voi rajoittaa kurssialueelle kirjautuvien opiskelijoiden kurssin suoritusaikaa siten, ett\u00e4 h\u00e4n rajoittaa opiskelijoiden oloaikaa kurssialueella.&nbsp;&nbsp;<\/p>\n\n\n\n<p><strong>Kurssialueella oloajan rajoittaminen<\/strong>&nbsp;<\/p>\n\n\n\n<ol class=\"wp-block-list\"><li>Klikkaa hallintaty\u00f6kaluissa osallistujat&nbsp;<\/li><li>Paina t\u00e4m\u00e4n j\u00e4lkeen hammasratasta ja valitse Itserekister\u00f6ityminen&nbsp;<\/li><\/ol>\n\n\n\n<figure class=\"wp-block-image is-resized\"><img fetchpriority=\"high\" decoding=\"async\" src=\"https:\/\/blogit.gradia.fi\/digipalvelut\/wp-content\/uploads\/sites\/99\/2019\/07\/image.png\" alt=\"\" class=\"wp-image-532\" width=\"512\" height=\"185\" srcset=\"https:\/\/blogit.gradia.fi\/digipalvelut\/wp-content\/uploads\/sites\/99\/2019\/07\/image.png 1023w, https:\/\/blogit.gradia.fi\/digipalvelut\/wp-content\/uploads\/sites\/99\/2019\/07\/image-300x108.png 300w, https:\/\/blogit.gradia.fi\/digipalvelut\/wp-content\/uploads\/sites\/99\/2019\/07\/image-768x277.png 768w, https:\/\/blogit.gradia.fi\/digipalvelut\/wp-content\/uploads\/sites\/99\/2019\/07\/image-620x224.png 620w\" sizes=\"(max-width: 512px) 100vw, 512px\" \/><\/figure>\n\n\n\n<ol class=\"wp-block-list\"><li>Vierit\u00e4 ikkunaa alas p\u00e4in ja valitse sy\u00f6t\u00e4 &#8221;kurssillaoloaika&#8221; kentt\u00e4 aktiiviseksi.&nbsp;<\/li><li>Sy\u00f6t\u00e4 t\u00e4m\u00e4n j\u00e4lkeen haluamasi aika kentt\u00e4\u00e4n p\u00e4ivin\u00e4 tai viikkoina&nbsp;<\/li><\/ol>\n\n\n\n<figure class=\"wp-block-image is-resized\"><img decoding=\"async\" src=\"https:\/\/blogit.gradia.fi\/digipalvelut\/wp-content\/uploads\/sites\/99\/2019\/07\/image-1.png\" alt=\"\" class=\"wp-image-533\" width=\"278\" height=\"143\" srcset=\"https:\/\/blogit.gradia.fi\/digipalvelut\/wp-content\/uploads\/sites\/99\/2019\/07\/image-1.png 556w, https:\/\/blogit.gradia.fi\/digipalvelut\/wp-content\/uploads\/sites\/99\/2019\/07\/image-1-300x154.png 300w\" sizes=\"(max-width: 278px) 100vw, 278px\" \/><\/figure>\n\n\n\n<ol class=\"wp-block-list\"><li>Aktivoi muistutus opiskelijalle kurssin suoritusajan p\u00e4\u00e4ttymisest\u00e4 ja valitse kauanko ennen muistutus l\u00e4hetet\u00e4\u00e4n opiskelijalle&nbsp;<\/li><li>Tallenna muutokset&nbsp;<\/li><\/ol>\n","protected":false},"excerpt":{"rendered":"<p>Opettaja voi rajoittaa kurssialueelle kirjautuvien opiskelijoiden kurssin suoritusaikaa siten, ett\u00e4 h\u00e4n rajoittaa opiskelijoiden oloaikaa kurssialueella.&nbsp;&nbsp; Kurssialueella oloajan rajoittaminen&nbsp; Klikkaa hallintaty\u00f6kaluissa osallistujat&nbsp; Paina t\u00e4m\u00e4n j\u00e4lkeen hammasratasta ja valitse Itserekister\u00f6ityminen&nbsp; Vierit\u00e4 ikkunaa alas p\u00e4in ja valitse sy\u00f6t\u00e4 &#8221;kurssillaoloaika&#8221; kentt\u00e4 aktiiviseksi.&nbsp; Sy\u00f6t\u00e4 t\u00e4m\u00e4n j\u00e4lkeen haluamasi aika kentt\u00e4\u00e4n p\u00e4ivin\u00e4 tai viikkoina&nbsp; Aktivoi muistutus opiskelijalle [&hellip;]<\/p>\n","protected":false},"author":421,"featured_media":0,"parent":76,"menu_order":0,"comment_status":"closed","ping_status":"closed","template":"","meta":{"_uag_custom_page_level_css":"","footnotes":""},"class_list":["post-531","page","type-page","status-publish","hentry"],"yoast_head":"<!-- This site is optimized with the Yoast SEO plugin v27.4 - https:\/\/yoast.com\/product\/yoast-seo-wordpress\/ -->\n<title>Kurssin suoritusajan rajoittaminen - Gradia Digipalvelut<\/title>\n<meta name=\"robots\" content=\"index, follow, max-snippet:-1, max-image-preview:large, max-video-preview:-1\" \/>\n<link rel=\"canonical\" href=\"https:\/\/blogit.gradia.fi\/digipalvelut\/ohjeita-ja-vinkkeja\/moodle\/kurssin-suoritusajan-rajoittaminen\/\" \/>\n<meta property=\"og:locale\" content=\"fi_FI\" \/>\n<meta property=\"og:type\" content=\"article\" \/>\n<meta property=\"og:title\" content=\"Kurssin suoritusajan rajoittaminen - Gradia Digipalvelut\" \/>\n<meta property=\"og:description\" content=\"Opettaja voi rajoittaa kurssialueelle kirjautuvien opiskelijoiden kurssin suoritusaikaa siten, ett\u00e4 h\u00e4n rajoittaa opiskelijoiden oloaikaa kurssialueella.&nbsp;&nbsp; Kurssialueella oloajan rajoittaminen&nbsp; Klikkaa hallintaty\u00f6kaluissa osallistujat&nbsp; Paina t\u00e4m\u00e4n j\u00e4lkeen hammasratasta ja valitse Itserekister\u00f6ityminen&nbsp; Vierit\u00e4 ikkunaa alas p\u00e4in ja valitse sy\u00f6t\u00e4 &#8221;kurssillaoloaika&#8221; kentt\u00e4 aktiiviseksi.&nbsp; Sy\u00f6t\u00e4 t\u00e4m\u00e4n j\u00e4lkeen haluamasi aika kentt\u00e4\u00e4n p\u00e4ivin\u00e4 tai viikkoina&nbsp; Aktivoi muistutus opiskelijalle [&hellip;]\" \/>\n<meta property=\"og:url\" content=\"https:\/\/blogit.gradia.fi\/digipalvelut\/ohjeita-ja-vinkkeja\/moodle\/kurssin-suoritusajan-rajoittaminen\/\" \/>\n<meta property=\"og:site_name\" content=\"Gradia Digipalvelut\" \/>\n<meta property=\"article:modified_time\" content=\"2019-07-01T05:13:57+00:00\" \/>\n<meta property=\"og:image\" content=\"https:\/\/blogit.gradia.fi\/digipalvelut\/wp-content\/uploads\/sites\/99\/2019\/07\/image.png\" \/>\n<meta name=\"twitter:card\" content=\"summary_large_image\" \/>\n<script type=\"application\/ld+json\" class=\"yoast-schema-graph\">{\"@context\":\"https:\\\/\\\/schema.org\",\"@graph\":[{\"@type\":\"WebPage\",\"@id\":\"https:\\\/\\\/blogit.gradia.fi\\\/digipalvelut\\\/ohjeita-ja-vinkkeja\\\/moodle\\\/kurssin-suoritusajan-rajoittaminen\\\/\",\"url\":\"https:\\\/\\\/blogit.gradia.fi\\\/digipalvelut\\\/ohjeita-ja-vinkkeja\\\/moodle\\\/kurssin-suoritusajan-rajoittaminen\\\/\",\"name\":\"Kurssin suoritusajan rajoittaminen - Gradia Digipalvelut\",\"isPartOf\":{\"@id\":\"https:\\\/\\\/blogit.gradia.fi\\\/digipalvelut\\\/#website\"},\"primaryImageOfPage\":{\"@id\":\"https:\\\/\\\/blogit.gradia.fi\\\/digipalvelut\\\/ohjeita-ja-vinkkeja\\\/moodle\\\/kurssin-suoritusajan-rajoittaminen\\\/#primaryimage\"},\"image\":{\"@id\":\"https:\\\/\\\/blogit.gradia.fi\\\/digipalvelut\\\/ohjeita-ja-vinkkeja\\\/moodle\\\/kurssin-suoritusajan-rajoittaminen\\\/#primaryimage\"},\"thumbnailUrl\":\"https:\\\/\\\/blogit.gradia.fi\\\/digipalvelut\\\/wp-content\\\/uploads\\\/sites\\\/99\\\/2019\\\/07\\\/image.png\",\"datePublished\":\"2019-07-01T05:13:56+00:00\",\"dateModified\":\"2019-07-01T05:13:57+00:00\",\"breadcrumb\":{\"@id\":\"https:\\\/\\\/blogit.gradia.fi\\\/digipalvelut\\\/ohjeita-ja-vinkkeja\\\/moodle\\\/kurssin-suoritusajan-rajoittaminen\\\/#breadcrumb\"},\"inLanguage\":\"fi\",\"potentialAction\":[{\"@type\":\"ReadAction\",\"target\":[\"https:\\\/\\\/blogit.gradia.fi\\\/digipalvelut\\\/ohjeita-ja-vinkkeja\\\/moodle\\\/kurssin-suoritusajan-rajoittaminen\\\/\"]}]},{\"@type\":\"ImageObject\",\"inLanguage\":\"fi\",\"@id\":\"https:\\\/\\\/blogit.gradia.fi\\\/digipalvelut\\\/ohjeita-ja-vinkkeja\\\/moodle\\\/kurssin-suoritusajan-rajoittaminen\\\/#primaryimage\",\"url\":\"https:\\\/\\\/blogit.gradia.fi\\\/digipalvelut\\\/wp-content\\\/uploads\\\/sites\\\/99\\\/2019\\\/07\\\/image.png\",\"contentUrl\":\"https:\\\/\\\/blogit.gradia.fi\\\/digipalvelut\\\/wp-content\\\/uploads\\\/sites\\\/99\\\/2019\\\/07\\\/image.png\",\"width\":1023,\"height\":369},{\"@type\":\"BreadcrumbList\",\"@id\":\"https:\\\/\\\/blogit.gradia.fi\\\/digipalvelut\\\/ohjeita-ja-vinkkeja\\\/moodle\\\/kurssin-suoritusajan-rajoittaminen\\\/#breadcrumb\",\"itemListElement\":[{\"@type\":\"ListItem\",\"position\":1,\"name\":\"Ohjeita ja vinkkej\u00e4\",\"item\":\"https:\\\/\\\/blogit.gradia.fi\\\/digipalvelut\\\/ohjeita-ja-vinkkeja\\\/\"},{\"@type\":\"ListItem\",\"position\":2,\"name\":\"Moodle\",\"item\":\"https:\\\/\\\/blogit.gradia.fi\\\/digipalvelut\\\/ohjeita-ja-vinkkeja\\\/moodle\\\/\"},{\"@type\":\"ListItem\",\"position\":3,\"name\":\"Kurssin suoritusajan rajoittaminen\"}]},{\"@type\":\"WebSite\",\"@id\":\"https:\\\/\\\/blogit.gradia.fi\\\/digipalvelut\\\/#website\",\"url\":\"https:\\\/\\\/blogit.gradia.fi\\\/digipalvelut\\\/\",\"name\":\"Gradia Digipalvelut\",\"description\":\"Astetta enemm\u00e4n digi\u00e4\",\"publisher\":{\"@id\":\"https:\\\/\\\/blogit.gradia.fi\\\/digipalvelut\\\/#organization\"},\"potentialAction\":[{\"@type\":\"SearchAction\",\"target\":{\"@type\":\"EntryPoint\",\"urlTemplate\":\"https:\\\/\\\/blogit.gradia.fi\\\/digipalvelut\\\/?s={search_term_string}\"},\"query-input\":{\"@type\":\"PropertyValueSpecification\",\"valueRequired\":true,\"valueName\":\"search_term_string\"}}],\"inLanguage\":\"fi\"},{\"@type\":\"Organization\",\"@id\":\"https:\\\/\\\/blogit.gradia.fi\\\/digipalvelut\\\/#organization\",\"name\":\"Gradia Digipalvelut\",\"url\":\"https:\\\/\\\/blogit.gradia.fi\\\/digipalvelut\\\/\",\"logo\":{\"@type\":\"ImageObject\",\"inLanguage\":\"fi\",\"@id\":\"https:\\\/\\\/blogit.gradia.fi\\\/digipalvelut\\\/#\\\/schema\\\/logo\\\/image\\\/\",\"url\":\"https:\\\/\\\/blogit.gradia.fi\\\/digipalvelut\\\/wp-content\\\/uploads\\\/sites\\\/99\\\/2019\\\/06\\\/cropped-Gradia_logo_Cyber_TRANSPARENT.png\",\"contentUrl\":\"https:\\\/\\\/blogit.gradia.fi\\\/digipalvelut\\\/wp-content\\\/uploads\\\/sites\\\/99\\\/2019\\\/06\\\/cropped-Gradia_logo_Cyber_TRANSPARENT.png\",\"width\":316,\"height\":382,\"caption\":\"Gradia Digipalvelut\"},\"image\":{\"@id\":\"https:\\\/\\\/blogit.gradia.fi\\\/digipalvelut\\\/#\\\/schema\\\/logo\\\/image\\\/\"}}]}<\/script>\n<!-- \/ Yoast SEO plugin. -->","yoast_head_json":{"title":"Kurssin suoritusajan rajoittaminen - Gradia Digipalvelut","robots":{"index":"index","follow":"follow","max-snippet":"max-snippet:-1","max-image-preview":"max-image-preview:large","max-video-preview":"max-video-preview:-1"},"canonical":"https:\/\/blogit.gradia.fi\/digipalvelut\/ohjeita-ja-vinkkeja\/moodle\/kurssin-suoritusajan-rajoittaminen\/","og_locale":"fi_FI","og_type":"article","og_title":"Kurssin suoritusajan rajoittaminen - Gradia Digipalvelut","og_description":"Opettaja voi rajoittaa kurssialueelle kirjautuvien opiskelijoiden kurssin suoritusaikaa siten, ett\u00e4 h\u00e4n rajoittaa opiskelijoiden oloaikaa kurssialueella.&nbsp;&nbsp; Kurssialueella oloajan rajoittaminen&nbsp; Klikkaa hallintaty\u00f6kaluissa osallistujat&nbsp; Paina t\u00e4m\u00e4n j\u00e4lkeen hammasratasta ja valitse Itserekister\u00f6ityminen&nbsp; Vierit\u00e4 ikkunaa alas p\u00e4in ja valitse sy\u00f6t\u00e4 &#8221;kurssillaoloaika&#8221; kentt\u00e4 aktiiviseksi.&nbsp; Sy\u00f6t\u00e4 t\u00e4m\u00e4n j\u00e4lkeen haluamasi aika kentt\u00e4\u00e4n p\u00e4ivin\u00e4 tai viikkoina&nbsp; Aktivoi muistutus opiskelijalle [&hellip;]","og_url":"https:\/\/blogit.gradia.fi\/digipalvelut\/ohjeita-ja-vinkkeja\/moodle\/kurssin-suoritusajan-rajoittaminen\/","og_site_name":"Gradia Digipalvelut","article_modified_time":"2019-07-01T05:13:57+00:00","og_image":[{"url":"https:\/\/blogit.gradia.fi\/digipalvelut\/wp-content\/uploads\/sites\/99\/2019\/07\/image.png","type":"","width":"","height":""}],"twitter_card":"summary_large_image","schema":{"@context":"https:\/\/schema.org","@graph":[{"@type":"WebPage","@id":"https:\/\/blogit.gradia.fi\/digipalvelut\/ohjeita-ja-vinkkeja\/moodle\/kurssin-suoritusajan-rajoittaminen\/","url":"https:\/\/blogit.gradia.fi\/digipalvelut\/ohjeita-ja-vinkkeja\/moodle\/kurssin-suoritusajan-rajoittaminen\/","name":"Kurssin suoritusajan rajoittaminen - Gradia Digipalvelut","isPartOf":{"@id":"https:\/\/blogit.gradia.fi\/digipalvelut\/#website"},"primaryImageOfPage":{"@id":"https:\/\/blogit.gradia.fi\/digipalvelut\/ohjeita-ja-vinkkeja\/moodle\/kurssin-suoritusajan-rajoittaminen\/#primaryimage"},"image":{"@id":"https:\/\/blogit.gradia.fi\/digipalvelut\/ohjeita-ja-vinkkeja\/moodle\/kurssin-suoritusajan-rajoittaminen\/#primaryimage"},"thumbnailUrl":"https:\/\/blogit.gradia.fi\/digipalvelut\/wp-content\/uploads\/sites\/99\/2019\/07\/image.png","datePublished":"2019-07-01T05:13:56+00:00","dateModified":"2019-07-01T05:13:57+00:00","breadcrumb":{"@id":"https:\/\/blogit.gradia.fi\/digipalvelut\/ohjeita-ja-vinkkeja\/moodle\/kurssin-suoritusajan-rajoittaminen\/#breadcrumb"},"inLanguage":"fi","potentialAction":[{"@type":"ReadAction","target":["https:\/\/blogit.gradia.fi\/digipalvelut\/ohjeita-ja-vinkkeja\/moodle\/kurssin-suoritusajan-rajoittaminen\/"]}]},{"@type":"ImageObject","inLanguage":"fi","@id":"https:\/\/blogit.gradia.fi\/digipalvelut\/ohjeita-ja-vinkkeja\/moodle\/kurssin-suoritusajan-rajoittaminen\/#primaryimage","url":"https:\/\/blogit.gradia.fi\/digipalvelut\/wp-content\/uploads\/sites\/99\/2019\/07\/image.png","contentUrl":"https:\/\/blogit.gradia.fi\/digipalvelut\/wp-content\/uploads\/sites\/99\/2019\/07\/image.png","width":1023,"height":369},{"@type":"BreadcrumbList","@id":"https:\/\/blogit.gradia.fi\/digipalvelut\/ohjeita-ja-vinkkeja\/moodle\/kurssin-suoritusajan-rajoittaminen\/#breadcrumb","itemListElement":[{"@type":"ListItem","position":1,"name":"Ohjeita ja vinkkej\u00e4","item":"https:\/\/blogit.gradia.fi\/digipalvelut\/ohjeita-ja-vinkkeja\/"},{"@type":"ListItem","position":2,"name":"Moodle","item":"https:\/\/blogit.gradia.fi\/digipalvelut\/ohjeita-ja-vinkkeja\/moodle\/"},{"@type":"ListItem","position":3,"name":"Kurssin suoritusajan rajoittaminen"}]},{"@type":"WebSite","@id":"https:\/\/blogit.gradia.fi\/digipalvelut\/#website","url":"https:\/\/blogit.gradia.fi\/digipalvelut\/","name":"Gradia Digipalvelut","description":"Astetta enemm\u00e4n digi\u00e4","publisher":{"@id":"https:\/\/blogit.gradia.fi\/digipalvelut\/#organization"},"potentialAction":[{"@type":"SearchAction","target":{"@type":"EntryPoint","urlTemplate":"https:\/\/blogit.gradia.fi\/digipalvelut\/?s={search_term_string}"},"query-input":{"@type":"PropertyValueSpecification","valueRequired":true,"valueName":"search_term_string"}}],"inLanguage":"fi"},{"@type":"Organization","@id":"https:\/\/blogit.gradia.fi\/digipalvelut\/#organization","name":"Gradia Digipalvelut","url":"https:\/\/blogit.gradia.fi\/digipalvelut\/","logo":{"@type":"ImageObject","inLanguage":"fi","@id":"https:\/\/blogit.gradia.fi\/digipalvelut\/#\/schema\/logo\/image\/","url":"https:\/\/blogit.gradia.fi\/digipalvelut\/wp-content\/uploads\/sites\/99\/2019\/06\/cropped-Gradia_logo_Cyber_TRANSPARENT.png","contentUrl":"https:\/\/blogit.gradia.fi\/digipalvelut\/wp-content\/uploads\/sites\/99\/2019\/06\/cropped-Gradia_logo_Cyber_TRANSPARENT.png","width":316,"height":382,"caption":"Gradia Digipalvelut"},"image":{"@id":"https:\/\/blogit.gradia.fi\/digipalvelut\/#\/schema\/logo\/image\/"}}]}},"uagb_featured_image_src":{"full":false,"thumbnail":false,"medium":false,"medium_large":false,"large":false,"1536x1536":false,"2048x2048":false,"hestia-blog":false},"uagb_author_info":{"display_name":"Merja Hakanen","author_link":"https:\/\/blogit.gradia.fi\/digipalvelut\/author\/hakanmer\/"},"uagb_comment_info":0,"uagb_excerpt":"Opettaja voi rajoittaa kurssialueelle kirjautuvien opiskelijoiden kurssin suoritusaikaa siten, ett\u00e4 h\u00e4n rajoittaa opiskelijoiden oloaikaa kurssialueella.&nbsp;&nbsp; Kurssialueella oloajan rajoittaminen&nbsp; Klikkaa hallintaty\u00f6kaluissa osallistujat&nbsp; Paina t\u00e4m\u00e4n j\u00e4lkeen hammasratasta ja valitse Itserekister\u00f6ityminen&nbsp; Vierit\u00e4 ikkunaa alas p\u00e4in ja valitse sy\u00f6t\u00e4 &#8221;kurssillaoloaika&#8221; kentt\u00e4 aktiiviseksi.&nbsp; Sy\u00f6t\u00e4 t\u00e4m\u00e4n j\u00e4lkeen haluamasi aika kentt\u00e4\u00e4n p\u00e4ivin\u00e4 tai viikkoina&nbsp; Aktivoi muistutus opiskelijalle [&hellip;]","_links":{"self":[{"href":"https:\/\/blogit.gradia.fi\/digipalvelut\/wp-json\/wp\/v2\/pages\/531","targetHints":{"allow":["GET"]}}],"collection":[{"href":"https:\/\/blogit.gradia.fi\/digipalvelut\/wp-json\/wp\/v2\/pages"}],"about":[{"href":"https:\/\/blogit.gradia.fi\/digipalvelut\/wp-json\/wp\/v2\/types\/page"}],"author":[{"embeddable":true,"href":"https:\/\/blogit.gradia.fi\/digipalvelut\/wp-json\/wp\/v2\/users\/421"}],"replies":[{"embeddable":true,"href":"https:\/\/blogit.gradia.fi\/digipalvelut\/wp-json\/wp\/v2\/comments?post=531"}],"version-history":[{"count":1,"href":"https:\/\/blogit.gradia.fi\/digipalvelut\/wp-json\/wp\/v2\/pages\/531\/revisions"}],"predecessor-version":[{"id":534,"href":"https:\/\/blogit.gradia.fi\/digipalvelut\/wp-json\/wp\/v2\/pages\/531\/revisions\/534"}],"up":[{"embeddable":true,"href":"https:\/\/blogit.gradia.fi\/digipalvelut\/wp-json\/wp\/v2\/pages\/76"}],"wp:attachment":[{"href":"https:\/\/blogit.gradia.fi\/digipalvelut\/wp-json\/wp\/v2\/media?parent=531"}],"curies":[{"name":"wp","href":"https:\/\/api.w.org\/{rel}","templated":true}]}}