{"id":498,"date":"2019-06-28T14:37:05","date_gmt":"2019-06-28T11:37:05","guid":{"rendered":"https:\/\/blogit.gradia.fi\/digipalvelut\/?page_id=498"},"modified":"2019-06-28T14:37:23","modified_gmt":"2019-06-28T11:37:23","slug":"padlet-sivun-upottaminen-moodlen-tyotilaan","status":"publish","type":"page","link":"https:\/\/blogit.gradia.fi\/digipalvelut\/ohjeita-ja-vinkkeja\/moodle\/padlet-sivun-upottaminen-moodlen-tyotilaan\/","title":{"rendered":"Padlet-sivun upottaminen Moodlen ty\u00f6tilaan"},"content":{"rendered":"\n<p><strong>Sinun on mahdollista upottaa esim. oma blogisivusi, tekem\u00e4si&nbsp;Padlet&nbsp;taulu tai muu vastaava oma verkkosis\u00e4lt\u00f6si suoraan Moodlen ty\u00f6tilaasi, mik\u00e4li saat upotuskoodin sivustolta.&nbsp;<\/strong>&nbsp;<\/p>\n\n\n\n<ol class=\"wp-block-list\"><li>Avaa Moodlen ty\u00f6tila, jonne haluat esim.&nbsp;Padlet&nbsp;sein\u00e4n upottaa, muokkaustilaan.&nbsp;<\/li><li>Avaa selaimen toiseen ikkunaan&nbsp;Padlet&nbsp;taulusi, jonka haluat lis\u00e4t\u00e4 Moodleen.&nbsp;<\/li><\/ol>\n\n\n\n<figure class=\"wp-block-image is-resized\"><img fetchpriority=\"high\" decoding=\"async\" src=\"https:\/\/blogit.gradia.fi\/digipalvelut\/wp-content\/uploads\/sites\/99\/2019\/06\/image.jpeg\" alt=\"\" class=\"wp-image-499\" width=\"283\" height=\"376\" srcset=\"https:\/\/blogit.gradia.fi\/digipalvelut\/wp-content\/uploads\/sites\/99\/2019\/06\/image.jpeg 565w, https:\/\/blogit.gradia.fi\/digipalvelut\/wp-content\/uploads\/sites\/99\/2019\/06\/image-226x300.jpeg 226w\" sizes=\"(max-width: 283px) 100vw, 283px\" \/><\/figure>\n\n\n\n<p>3. Kopioi sivulle avautuva HTML-koodi&nbsp;&nbsp;<br>4. Mene&nbsp;Moodlekurssillasi&nbsp;osioon, johon haluat&nbsp;Padlet&nbsp;sein\u00e4m\u00e4n upottaa.&nbsp;<br>5. Klikkaa &#8221;lis\u00e4\u00e4 aktiviteetti tai aineisto&#8221; ja valitse sivu&nbsp;<br>6. Nime\u00e4 sivu ja klikkaa&nbsp;<strong>Sis\u00e4lt\u00f6<\/strong>&nbsp;ikkunassa&nbsp;<strong>alasp\u00e4in nuolta<\/strong>&nbsp;laajentaaksesi tekstieditorin ja valitse HTML-editori.&nbsp;&nbsp;<\/p>\n\n\n\n<figure class=\"wp-block-image is-resized\"><img decoding=\"async\" src=\"https:\/\/blogit.gradia.fi\/digipalvelut\/wp-content\/uploads\/sites\/99\/2019\/06\/image-1-1024x129.jpeg\" alt=\"\" class=\"wp-image-500\" width=\"512\" height=\"65\" srcset=\"https:\/\/blogit.gradia.fi\/digipalvelut\/wp-content\/uploads\/sites\/99\/2019\/06\/image-1.jpeg 1024w, https:\/\/blogit.gradia.fi\/digipalvelut\/wp-content\/uploads\/sites\/99\/2019\/06\/image-1-300x38.jpeg 300w, https:\/\/blogit.gradia.fi\/digipalvelut\/wp-content\/uploads\/sites\/99\/2019\/06\/image-1-768x97.jpeg 768w, https:\/\/blogit.gradia.fi\/digipalvelut\/wp-content\/uploads\/sites\/99\/2019\/06\/image-1-620x78.jpeg 620w\" sizes=\"(max-width: 512px) 100vw, 512px\" \/><\/figure>\n\n\n\n<p>7. Lis\u00e4\u00e4 CTRL+V komennolla sivulta kopioimasi HTML-koodi sis\u00e4lt\u00f6ikkunaan ja tallenna se. Upottamasi sivun pit\u00e4isi avautua nyt oppimisymp\u00e4rist\u00f6\u00f6n. HUOM! Mik\u00e4li jaoit esim.&nbsp;Padlet-ikkunan kaikkien linkin saaneiden kesken, voit&nbsp;&nbsp;<\/p>\n","protected":false},"excerpt":{"rendered":"<p>Sinun on mahdollista upottaa esim. oma blogisivusi, tekem\u00e4si&nbsp;Padlet&nbsp;taulu tai muu vastaava oma verkkosis\u00e4lt\u00f6si suoraan Moodlen ty\u00f6tilaasi, mik\u00e4li saat upotuskoodin sivustolta.&nbsp;&nbsp; Avaa Moodlen ty\u00f6tila, jonne haluat esim.&nbsp;Padlet&nbsp;sein\u00e4n upottaa, muokkaustilaan.&nbsp; Avaa selaimen toiseen ikkunaan&nbsp;Padlet&nbsp;taulusi, jonka haluat lis\u00e4t\u00e4 Moodleen.&nbsp; 3. Kopioi sivulle avautuva HTML-koodi&nbsp;&nbsp;4. Mene&nbsp;Moodlekurssillasi&nbsp;osioon, johon haluat&nbsp;Padlet&nbsp;sein\u00e4m\u00e4n upottaa.&nbsp;5. Klikkaa &#8221;lis\u00e4\u00e4 aktiviteetti tai aineisto&#8221; [&hellip;]<\/p>\n","protected":false},"author":421,"featured_media":0,"parent":76,"menu_order":0,"comment_status":"closed","ping_status":"closed","template":"","meta":{"_uag_custom_page_level_css":"","footnotes":""},"class_list":["post-498","page","type-page","status-publish","hentry"],"yoast_head":"<!-- This site is optimized with the Yoast SEO plugin v27.4 - https:\/\/yoast.com\/product\/yoast-seo-wordpress\/ -->\n<title>Padlet-sivun upottaminen Moodlen ty\u00f6tilaan - Gradia Digipalvelut<\/title>\n<meta name=\"robots\" content=\"index, follow, max-snippet:-1, max-image-preview:large, max-video-preview:-1\" \/>\n<link rel=\"canonical\" href=\"https:\/\/blogit.gradia.fi\/digipalvelut\/ohjeita-ja-vinkkeja\/moodle\/padlet-sivun-upottaminen-moodlen-tyotilaan\/\" \/>\n<meta property=\"og:locale\" content=\"fi_FI\" \/>\n<meta property=\"og:type\" content=\"article\" \/>\n<meta property=\"og:title\" content=\"Padlet-sivun upottaminen Moodlen ty\u00f6tilaan - Gradia Digipalvelut\" \/>\n<meta property=\"og:description\" content=\"Sinun on mahdollista upottaa esim. oma blogisivusi, tekem\u00e4si&nbsp;Padlet&nbsp;taulu tai muu vastaava oma verkkosis\u00e4lt\u00f6si suoraan Moodlen ty\u00f6tilaasi, mik\u00e4li saat upotuskoodin sivustolta.&nbsp;&nbsp; Avaa Moodlen ty\u00f6tila, jonne haluat esim.&nbsp;Padlet&nbsp;sein\u00e4n upottaa, muokkaustilaan.&nbsp; Avaa selaimen toiseen ikkunaan&nbsp;Padlet&nbsp;taulusi, jonka haluat lis\u00e4t\u00e4 Moodleen.&nbsp; 3. Kopioi sivulle avautuva HTML-koodi&nbsp;&nbsp;4. Mene&nbsp;Moodlekurssillasi&nbsp;osioon, johon haluat&nbsp;Padlet&nbsp;sein\u00e4m\u00e4n upottaa.&nbsp;5. Klikkaa &#8221;lis\u00e4\u00e4 aktiviteetti tai aineisto&#8221; [&hellip;]\" \/>\n<meta property=\"og:url\" content=\"https:\/\/blogit.gradia.fi\/digipalvelut\/ohjeita-ja-vinkkeja\/moodle\/padlet-sivun-upottaminen-moodlen-tyotilaan\/\" \/>\n<meta property=\"og:site_name\" content=\"Gradia Digipalvelut\" \/>\n<meta property=\"article:modified_time\" content=\"2019-06-28T11:37:23+00:00\" \/>\n<meta property=\"og:image\" content=\"https:\/\/blogit.gradia.fi\/digipalvelut\/wp-content\/uploads\/sites\/99\/2019\/06\/image.jpeg\" \/>\n<meta name=\"twitter:card\" content=\"summary_large_image\" \/>\n<meta name=\"twitter:label1\" content=\"Arvioitu lukuaika\" \/>\n\t<meta name=\"twitter:data1\" content=\"1 minuutti\" \/>\n<script type=\"application\/ld+json\" class=\"yoast-schema-graph\">{\"@context\":\"https:\\\/\\\/schema.org\",\"@graph\":[{\"@type\":\"WebPage\",\"@id\":\"https:\\\/\\\/blogit.gradia.fi\\\/digipalvelut\\\/ohjeita-ja-vinkkeja\\\/moodle\\\/padlet-sivun-upottaminen-moodlen-tyotilaan\\\/\",\"url\":\"https:\\\/\\\/blogit.gradia.fi\\\/digipalvelut\\\/ohjeita-ja-vinkkeja\\\/moodle\\\/padlet-sivun-upottaminen-moodlen-tyotilaan\\\/\",\"name\":\"Padlet-sivun upottaminen Moodlen ty\u00f6tilaan - Gradia Digipalvelut\",\"isPartOf\":{\"@id\":\"https:\\\/\\\/blogit.gradia.fi\\\/digipalvelut\\\/#website\"},\"primaryImageOfPage\":{\"@id\":\"https:\\\/\\\/blogit.gradia.fi\\\/digipalvelut\\\/ohjeita-ja-vinkkeja\\\/moodle\\\/padlet-sivun-upottaminen-moodlen-tyotilaan\\\/#primaryimage\"},\"image\":{\"@id\":\"https:\\\/\\\/blogit.gradia.fi\\\/digipalvelut\\\/ohjeita-ja-vinkkeja\\\/moodle\\\/padlet-sivun-upottaminen-moodlen-tyotilaan\\\/#primaryimage\"},\"thumbnailUrl\":\"https:\\\/\\\/blogit.gradia.fi\\\/digipalvelut\\\/wp-content\\\/uploads\\\/sites\\\/99\\\/2019\\\/06\\\/image.jpeg\",\"datePublished\":\"2019-06-28T11:37:05+00:00\",\"dateModified\":\"2019-06-28T11:37:23+00:00\",\"breadcrumb\":{\"@id\":\"https:\\\/\\\/blogit.gradia.fi\\\/digipalvelut\\\/ohjeita-ja-vinkkeja\\\/moodle\\\/padlet-sivun-upottaminen-moodlen-tyotilaan\\\/#breadcrumb\"},\"inLanguage\":\"fi\",\"potentialAction\":[{\"@type\":\"ReadAction\",\"target\":[\"https:\\\/\\\/blogit.gradia.fi\\\/digipalvelut\\\/ohjeita-ja-vinkkeja\\\/moodle\\\/padlet-sivun-upottaminen-moodlen-tyotilaan\\\/\"]}]},{\"@type\":\"ImageObject\",\"inLanguage\":\"fi\",\"@id\":\"https:\\\/\\\/blogit.gradia.fi\\\/digipalvelut\\\/ohjeita-ja-vinkkeja\\\/moodle\\\/padlet-sivun-upottaminen-moodlen-tyotilaan\\\/#primaryimage\",\"url\":\"https:\\\/\\\/blogit.gradia.fi\\\/digipalvelut\\\/wp-content\\\/uploads\\\/sites\\\/99\\\/2019\\\/06\\\/image.jpeg\",\"contentUrl\":\"https:\\\/\\\/blogit.gradia.fi\\\/digipalvelut\\\/wp-content\\\/uploads\\\/sites\\\/99\\\/2019\\\/06\\\/image.jpeg\",\"width\":565,\"height\":751},{\"@type\":\"BreadcrumbList\",\"@id\":\"https:\\\/\\\/blogit.gradia.fi\\\/digipalvelut\\\/ohjeita-ja-vinkkeja\\\/moodle\\\/padlet-sivun-upottaminen-moodlen-tyotilaan\\\/#breadcrumb\",\"itemListElement\":[{\"@type\":\"ListItem\",\"position\":1,\"name\":\"Ohjeita ja vinkkej\u00e4\",\"item\":\"https:\\\/\\\/blogit.gradia.fi\\\/digipalvelut\\\/ohjeita-ja-vinkkeja\\\/\"},{\"@type\":\"ListItem\",\"position\":2,\"name\":\"Moodle\",\"item\":\"https:\\\/\\\/blogit.gradia.fi\\\/digipalvelut\\\/ohjeita-ja-vinkkeja\\\/moodle\\\/\"},{\"@type\":\"ListItem\",\"position\":3,\"name\":\"Padlet-sivun upottaminen Moodlen ty\u00f6tilaan\"}]},{\"@type\":\"WebSite\",\"@id\":\"https:\\\/\\\/blogit.gradia.fi\\\/digipalvelut\\\/#website\",\"url\":\"https:\\\/\\\/blogit.gradia.fi\\\/digipalvelut\\\/\",\"name\":\"Gradia Digipalvelut\",\"description\":\"Astetta enemm\u00e4n digi\u00e4\",\"publisher\":{\"@id\":\"https:\\\/\\\/blogit.gradia.fi\\\/digipalvelut\\\/#organization\"},\"potentialAction\":[{\"@type\":\"SearchAction\",\"target\":{\"@type\":\"EntryPoint\",\"urlTemplate\":\"https:\\\/\\\/blogit.gradia.fi\\\/digipalvelut\\\/?s={search_term_string}\"},\"query-input\":{\"@type\":\"PropertyValueSpecification\",\"valueRequired\":true,\"valueName\":\"search_term_string\"}}],\"inLanguage\":\"fi\"},{\"@type\":\"Organization\",\"@id\":\"https:\\\/\\\/blogit.gradia.fi\\\/digipalvelut\\\/#organization\",\"name\":\"Gradia Digipalvelut\",\"url\":\"https:\\\/\\\/blogit.gradia.fi\\\/digipalvelut\\\/\",\"logo\":{\"@type\":\"ImageObject\",\"inLanguage\":\"fi\",\"@id\":\"https:\\\/\\\/blogit.gradia.fi\\\/digipalvelut\\\/#\\\/schema\\\/logo\\\/image\\\/\",\"url\":\"https:\\\/\\\/blogit.gradia.fi\\\/digipalvelut\\\/wp-content\\\/uploads\\\/sites\\\/99\\\/2019\\\/06\\\/cropped-Gradia_logo_Cyber_TRANSPARENT.png\",\"contentUrl\":\"https:\\\/\\\/blogit.gradia.fi\\\/digipalvelut\\\/wp-content\\\/uploads\\\/sites\\\/99\\\/2019\\\/06\\\/cropped-Gradia_logo_Cyber_TRANSPARENT.png\",\"width\":316,\"height\":382,\"caption\":\"Gradia Digipalvelut\"},\"image\":{\"@id\":\"https:\\\/\\\/blogit.gradia.fi\\\/digipalvelut\\\/#\\\/schema\\\/logo\\\/image\\\/\"}}]}<\/script>\n<!-- \/ Yoast SEO plugin. -->","yoast_head_json":{"title":"Padlet-sivun upottaminen Moodlen ty\u00f6tilaan - Gradia Digipalvelut","robots":{"index":"index","follow":"follow","max-snippet":"max-snippet:-1","max-image-preview":"max-image-preview:large","max-video-preview":"max-video-preview:-1"},"canonical":"https:\/\/blogit.gradia.fi\/digipalvelut\/ohjeita-ja-vinkkeja\/moodle\/padlet-sivun-upottaminen-moodlen-tyotilaan\/","og_locale":"fi_FI","og_type":"article","og_title":"Padlet-sivun upottaminen Moodlen ty\u00f6tilaan - Gradia Digipalvelut","og_description":"Sinun on mahdollista upottaa esim. oma blogisivusi, tekem\u00e4si&nbsp;Padlet&nbsp;taulu tai muu vastaava oma verkkosis\u00e4lt\u00f6si suoraan Moodlen ty\u00f6tilaasi, mik\u00e4li saat upotuskoodin sivustolta.&nbsp;&nbsp; Avaa Moodlen ty\u00f6tila, jonne haluat esim.&nbsp;Padlet&nbsp;sein\u00e4n upottaa, muokkaustilaan.&nbsp; Avaa selaimen toiseen ikkunaan&nbsp;Padlet&nbsp;taulusi, jonka haluat lis\u00e4t\u00e4 Moodleen.&nbsp; 3. Kopioi sivulle avautuva HTML-koodi&nbsp;&nbsp;4. Mene&nbsp;Moodlekurssillasi&nbsp;osioon, johon haluat&nbsp;Padlet&nbsp;sein\u00e4m\u00e4n upottaa.&nbsp;5. Klikkaa &#8221;lis\u00e4\u00e4 aktiviteetti tai aineisto&#8221; [&hellip;]","og_url":"https:\/\/blogit.gradia.fi\/digipalvelut\/ohjeita-ja-vinkkeja\/moodle\/padlet-sivun-upottaminen-moodlen-tyotilaan\/","og_site_name":"Gradia Digipalvelut","article_modified_time":"2019-06-28T11:37:23+00:00","og_image":[{"url":"https:\/\/blogit.gradia.fi\/digipalvelut\/wp-content\/uploads\/sites\/99\/2019\/06\/image.jpeg","type":"","width":"","height":""}],"twitter_card":"summary_large_image","twitter_misc":{"Arvioitu lukuaika":"1 minuutti"},"schema":{"@context":"https:\/\/schema.org","@graph":[{"@type":"WebPage","@id":"https:\/\/blogit.gradia.fi\/digipalvelut\/ohjeita-ja-vinkkeja\/moodle\/padlet-sivun-upottaminen-moodlen-tyotilaan\/","url":"https:\/\/blogit.gradia.fi\/digipalvelut\/ohjeita-ja-vinkkeja\/moodle\/padlet-sivun-upottaminen-moodlen-tyotilaan\/","name":"Padlet-sivun upottaminen Moodlen ty\u00f6tilaan - Gradia Digipalvelut","isPartOf":{"@id":"https:\/\/blogit.gradia.fi\/digipalvelut\/#website"},"primaryImageOfPage":{"@id":"https:\/\/blogit.gradia.fi\/digipalvelut\/ohjeita-ja-vinkkeja\/moodle\/padlet-sivun-upottaminen-moodlen-tyotilaan\/#primaryimage"},"image":{"@id":"https:\/\/blogit.gradia.fi\/digipalvelut\/ohjeita-ja-vinkkeja\/moodle\/padlet-sivun-upottaminen-moodlen-tyotilaan\/#primaryimage"},"thumbnailUrl":"https:\/\/blogit.gradia.fi\/digipalvelut\/wp-content\/uploads\/sites\/99\/2019\/06\/image.jpeg","datePublished":"2019-06-28T11:37:05+00:00","dateModified":"2019-06-28T11:37:23+00:00","breadcrumb":{"@id":"https:\/\/blogit.gradia.fi\/digipalvelut\/ohjeita-ja-vinkkeja\/moodle\/padlet-sivun-upottaminen-moodlen-tyotilaan\/#breadcrumb"},"inLanguage":"fi","potentialAction":[{"@type":"ReadAction","target":["https:\/\/blogit.gradia.fi\/digipalvelut\/ohjeita-ja-vinkkeja\/moodle\/padlet-sivun-upottaminen-moodlen-tyotilaan\/"]}]},{"@type":"ImageObject","inLanguage":"fi","@id":"https:\/\/blogit.gradia.fi\/digipalvelut\/ohjeita-ja-vinkkeja\/moodle\/padlet-sivun-upottaminen-moodlen-tyotilaan\/#primaryimage","url":"https:\/\/blogit.gradia.fi\/digipalvelut\/wp-content\/uploads\/sites\/99\/2019\/06\/image.jpeg","contentUrl":"https:\/\/blogit.gradia.fi\/digipalvelut\/wp-content\/uploads\/sites\/99\/2019\/06\/image.jpeg","width":565,"height":751},{"@type":"BreadcrumbList","@id":"https:\/\/blogit.gradia.fi\/digipalvelut\/ohjeita-ja-vinkkeja\/moodle\/padlet-sivun-upottaminen-moodlen-tyotilaan\/#breadcrumb","itemListElement":[{"@type":"ListItem","position":1,"name":"Ohjeita ja vinkkej\u00e4","item":"https:\/\/blogit.gradia.fi\/digipalvelut\/ohjeita-ja-vinkkeja\/"},{"@type":"ListItem","position":2,"name":"Moodle","item":"https:\/\/blogit.gradia.fi\/digipalvelut\/ohjeita-ja-vinkkeja\/moodle\/"},{"@type":"ListItem","position":3,"name":"Padlet-sivun upottaminen Moodlen ty\u00f6tilaan"}]},{"@type":"WebSite","@id":"https:\/\/blogit.gradia.fi\/digipalvelut\/#website","url":"https:\/\/blogit.gradia.fi\/digipalvelut\/","name":"Gradia Digipalvelut","description":"Astetta enemm\u00e4n digi\u00e4","publisher":{"@id":"https:\/\/blogit.gradia.fi\/digipalvelut\/#organization"},"potentialAction":[{"@type":"SearchAction","target":{"@type":"EntryPoint","urlTemplate":"https:\/\/blogit.gradia.fi\/digipalvelut\/?s={search_term_string}"},"query-input":{"@type":"PropertyValueSpecification","valueRequired":true,"valueName":"search_term_string"}}],"inLanguage":"fi"},{"@type":"Organization","@id":"https:\/\/blogit.gradia.fi\/digipalvelut\/#organization","name":"Gradia Digipalvelut","url":"https:\/\/blogit.gradia.fi\/digipalvelut\/","logo":{"@type":"ImageObject","inLanguage":"fi","@id":"https:\/\/blogit.gradia.fi\/digipalvelut\/#\/schema\/logo\/image\/","url":"https:\/\/blogit.gradia.fi\/digipalvelut\/wp-content\/uploads\/sites\/99\/2019\/06\/cropped-Gradia_logo_Cyber_TRANSPARENT.png","contentUrl":"https:\/\/blogit.gradia.fi\/digipalvelut\/wp-content\/uploads\/sites\/99\/2019\/06\/cropped-Gradia_logo_Cyber_TRANSPARENT.png","width":316,"height":382,"caption":"Gradia Digipalvelut"},"image":{"@id":"https:\/\/blogit.gradia.fi\/digipalvelut\/#\/schema\/logo\/image\/"}}]}},"uagb_featured_image_src":{"full":false,"thumbnail":false,"medium":false,"medium_large":false,"large":false,"1536x1536":false,"2048x2048":false,"hestia-blog":false},"uagb_author_info":{"display_name":"Merja Hakanen","author_link":"https:\/\/blogit.gradia.fi\/digipalvelut\/author\/hakanmer\/"},"uagb_comment_info":0,"uagb_excerpt":"Sinun on mahdollista upottaa esim. oma blogisivusi, tekem\u00e4si&nbsp;Padlet&nbsp;taulu tai muu vastaava oma verkkosis\u00e4lt\u00f6si suoraan Moodlen ty\u00f6tilaasi, mik\u00e4li saat upotuskoodin sivustolta.&nbsp;&nbsp; Avaa Moodlen ty\u00f6tila, jonne haluat esim.&nbsp;Padlet&nbsp;sein\u00e4n upottaa, muokkaustilaan.&nbsp; Avaa selaimen toiseen ikkunaan&nbsp;Padlet&nbsp;taulusi, jonka haluat lis\u00e4t\u00e4 Moodleen.&nbsp; 3. Kopioi sivulle avautuva HTML-koodi&nbsp;&nbsp;4. Mene&nbsp;Moodlekurssillasi&nbsp;osioon, johon haluat&nbsp;Padlet&nbsp;sein\u00e4m\u00e4n upottaa.&nbsp;5. Klikkaa &#8221;lis\u00e4\u00e4 aktiviteetti tai aineisto&#8221; [&hellip;]","_links":{"self":[{"href":"https:\/\/blogit.gradia.fi\/digipalvelut\/wp-json\/wp\/v2\/pages\/498","targetHints":{"allow":["GET"]}}],"collection":[{"href":"https:\/\/blogit.gradia.fi\/digipalvelut\/wp-json\/wp\/v2\/pages"}],"about":[{"href":"https:\/\/blogit.gradia.fi\/digipalvelut\/wp-json\/wp\/v2\/types\/page"}],"author":[{"embeddable":true,"href":"https:\/\/blogit.gradia.fi\/digipalvelut\/wp-json\/wp\/v2\/users\/421"}],"replies":[{"embeddable":true,"href":"https:\/\/blogit.gradia.fi\/digipalvelut\/wp-json\/wp\/v2\/comments?post=498"}],"version-history":[{"count":2,"href":"https:\/\/blogit.gradia.fi\/digipalvelut\/wp-json\/wp\/v2\/pages\/498\/revisions"}],"predecessor-version":[{"id":502,"href":"https:\/\/blogit.gradia.fi\/digipalvelut\/wp-json\/wp\/v2\/pages\/498\/revisions\/502"}],"up":[{"embeddable":true,"href":"https:\/\/blogit.gradia.fi\/digipalvelut\/wp-json\/wp\/v2\/pages\/76"}],"wp:attachment":[{"href":"https:\/\/blogit.gradia.fi\/digipalvelut\/wp-json\/wp\/v2\/media?parent=498"}],"curies":[{"name":"wp","href":"https:\/\/api.w.org\/{rel}","templated":true}]}}