{"id":490,"date":"2019-06-28T12:40:26","date_gmt":"2019-06-28T09:40:26","guid":{"rendered":"https:\/\/blogit.gradia.fi\/digipalvelut\/?page_id=490"},"modified":"2020-04-03T13:34:34","modified_gmt":"2020-04-03T10:34:34","slug":"etatyo","status":"publish","type":"page","link":"https:\/\/blogit.gradia.fi\/digipalvelut\/ohjeita-ja-vinkkeja\/etatyo\/","title":{"rendered":"Digipalvelut gradialaisille"},"content":{"rendered":"\n<p>Sis\u00e4llys: <br><a href=\"#selainkirjautuminen\">Sovellukset, joihin p\u00e4\u00e4set selaimella kirjautumisen kautta<\/a><br><a href=\"#suojattuyhteys\">Sovelluksia ja palveluita, joihin tarvitset suojatumman yhteyden<\/a><br><a href=\"#netinjako\">Netin jakaminen puhelimen kautta<\/a><br><a href=\"#opetustilanne-etana\">Opetustilanteen j\u00e4rjest\u00e4minen et\u00e4n\u00e4 &#8211; videokokous<\/a><br><a href=\"#etaTeams\">Et\u00e4kokous Microsoft Teams-sovelluksella<\/a><br><a href=\"#etaMoodle\">Et\u00e4opetus Moodlessa<\/a><\/p>\n\n\n\n<h1 class=\"wp-block-heading\">Vinkkej\u00e4 ja ty\u00f6kaluja et\u00e4ty\u00f6n ja et\u00e4opetuksen tekemiseen<\/h1>\n\n\n\n<p>Muista n\u00e4m\u00e4: <\/p>\n\n\n\n<ul class=\"wp-block-list\"><li>sovi et\u00e4t\u00f6ist\u00e4 esimiehesi kanssa<\/li><li>ota mukaan oma ty\u00f6kone ja sen virtal\u00e4hde<\/li><li>ota mukaan ty\u00f6puhelin ja sen laturi<\/li><li>ota mukaan kuulokkeet (jos sinulla on erilliset)<\/li><\/ul>\n\n\n\n<h2 class=\"wp-block-heading\" id=\"selainkirjautuminen\">Sovellukset, joihin p\u00e4\u00e4set selaimella kirjautumisen kautta<\/h2>\n\n\n\n<p>Aina, kun sinulla on p\u00e4\u00e4sy internettiin, on sinulla p\u00e4\u00e4sy my\u00f6s Gradian oppimisymp\u00e4rist\u00f6ihin sek\u00e4 Wilmaan. <\/p>\n\n\n\n<p>https: wilma.gradia.fi<br>https:\/\/moodle.gradia.fi<br>https:\/\/peda.net\/jao<br>https:\/\/optima.gradia.fi<\/p>\n\n\n\n<p>Kaikki O365-palvelut ovat saatavilla my\u00f6s et\u00e4n\u00e4 osoitteesta office.gradia.fi. N\u00e4ihin palveluihin vaaditaan oppilaitoksen verkkojen ulkopuolella kaksivaiheinen tunnistautuminen. <a href=\"https:\/\/blogit.gradia.fi\/digipalvelut\/ohjeita-ja-vinkkeja\/laitteet\/kaksivaiheisen-tunnistautumisen-mfa-kayttoonotto\/\">Lue ohjeet kaksivaiheisen tunnistautumisen k\u00e4yt\u00f6st\u00e4 t\u00e4\u00e4lt\u00e4.<\/a><br><br><strong>Opettaja:<\/strong> Varmista, ett\u00e4 my\u00f6s oppilaillasi on kaksivaiheinen tunnistautuminen k\u00e4yt\u00f6ss\u00e4. Oppilaat p\u00e4\u00e4sev\u00e4t sen avulla O365-palveluihin, kuten OneDriveen, my\u00f6s kotoa k\u00e4sin. Tunnistautuminen tarvitaan my\u00f6s Moodleen kirjautuessa. <\/p>\n\n\n\n<h2 class=\"wp-block-heading\" id=\"suojattuyhteys\">Sovelluksia ja palveluita, joihin tarvitset suojatumman yhteyden<\/h2>\n\n\n\n<p> Osa Gradian palveluista, kuten matkalaskujen tekeminen ja ostolaskujen hyv\u00e4ksyminen, ei onnistu tavallisella internetyhteydell\u00e4. Tarvitset silloin suojatumman, niin kutsutun VPN-yhteyden oppilaitoksen sis\u00e4verkon k\u00e4ytt\u00f6\u00f6n.  Alla olevassa tiedostossa on ohjeet, kuinka VPN otetaan k\u00e4ytt\u00f6\u00f6n tietokoneella. Ohje on tehty Edge-selaimella ja eri selainta k\u00e4ytt\u00e4ess\u00e4 tarvittava lataustiedosto tallentuu selaimessa hieman eri kohtaan. Jos k\u00e4yt\u00e4t muuta kuin Edge-selainta, selvit\u00e4 minne verkosta ladatut tiedostot avautuvat.   <\/p>\n\n\n\n<div class=\"wp-block-file\"><a href=\"https:\/\/blogit.gradia.fi\/digipalvelut\/wp-content\/uploads\/sites\/99\/2020\/03\/VPN-ohje-tietokoneelle.pdf\">VPN-ohje tietokoneelle<\/a><a href=\"https:\/\/blogit.gradia.fi\/digipalvelut\/wp-content\/uploads\/sites\/99\/2020\/03\/VPN-ohje-tietokoneelle.pdf\" class=\"wp-block-file__button\" download>Lataa<\/a><\/div>\n\n\n\n<h2 class=\"wp-block-heading\" id=\"netinjako\">Netin jakaminen puhelimen kautta<\/h2>\n\n\n\n<p>Jos k\u00e4yt\u00f6ss\u00e4si ei ole tietokoneelle kiinte\u00e4\u00e4 tai langatonta verkkoa, voit jakaa puhelimen nettiyhteyden tietokoneelle. <a href=\"https:\/\/blogit.gradia.fi\/digipalvelut\/ohjeita-ja-vinkkeja\/laitteet\/netin-jakaminen-puhelimesta\/\">Lue ohjeet netin jakamiseen puhelimesta t\u00e4\u00e4lt\u00e4<\/a>. <\/p>\n\n\n\n<p>Muista my\u00f6s katsoa <a href=\"https:\/\/blogit.gradia.fi\/digipalvelut\/ohjeita-ja-vinkkeja\/laitteet\/freedomen-aktivointi-puhelimeen\/\">ohjeet, kuinka huolehdit puhelimesi tietoturvasta aktivoimalla Freedomen puhelimeesi.<\/a>  <\/p>\n\n\n\n<h1 class=\"wp-block-heading\">Vinkkej\u00e4 et\u00e4opetuksen j\u00e4rjest\u00e4miseen poikkeusoloissa<\/h1>\n\n\n\n<h2 class=\"wp-block-heading\" id=\"opetustilanne-etana\">Opetustilanteen j\u00e4rjest\u00e4minen et\u00e4n\u00e4 &#8211; videokokous<\/h2>\n\n\n\n<p>Tarvitset: <\/p>\n\n\n\n<ul class=\"wp-block-list\"><li>tietokoneen<\/li><li>kamera, kuulokkeet ja mikrofoni ( kannettavissa tietokoneissa on sis\u00e4\u00e4nrakennettu kamera ja mikrofoni sek\u00e4 kaiuttimet, mutta esimerkiksi irralliset kuuloke+mikrofoni est\u00e4\u00e4 taustamelua ja \u00e4\u00e4nen kiert\u00e4mist\u00e4)<\/li><li>Esitysmateriaalisi esimerkiksi PowerPointtina tai muuna tiedostona\/muuna materiaalina, jonka voit jakaa opiskelijoille \/ muille osallistujille videokokouksen aikana. <\/li><\/ul>\n\n\n\n<h3 class=\"wp-block-heading\" id=\"etaTeams\">Et\u00e4kokous Microsoft Teams-sovelluksella<\/h3>\n\n\n\n<p>Asenna itsellesi puhelimeen tai tietokoneelle Teams-sovellus. Voit ajoittaa kokouksen Outlook-kalenterin tai Teams-kalenterin kautta haluamaasi ajankohtaan ja kutsua opiskelijat \/ osallistujat yksitellen kokoukseen. <\/p>\n\n\n\n<p>Nopein tapa kutsua opiskelijat Teams-kokoukseen on luoda kokous, ottaa siit\u00e4 talteen kokouksen tilan linkki ja l\u00e4hett\u00e4\u00e4 se Wilma-viestin\u00e4 opiskelijajoukolle arviointikirjan kautta tai viestin\u00e4. Katso alla oleva ohjevideo t\u00e4st\u00e4 pikatavasta.<\/p>\n\n\n\n<figure class=\"wp-block-embed-youtube wp-block-embed is-type-video is-provider-youtube wp-embed-aspect-16-9 wp-has-aspect-ratio\"><div class=\"wp-block-embed__wrapper\">\n<iframe title=\"Teams-kokouksen ohjevideo\" width=\"750\" height=\"422\" src=\"https:\/\/www.youtube.com\/embed\/HT4V1bzxbaA?feature=oembed\" frameborder=\"0\" allow=\"accelerometer; autoplay; clipboard-write; encrypted-media; gyroscope; picture-in-picture; web-share\" allowfullscreen><\/iframe>\n<\/div><figcaption>Teams-kokouksen luominen ja sen linkin l\u00e4hett\u00e4minen Wilma-viestin\u00e4. <\/figcaption><\/figure>\n\n\n\n<p>Kuinka opiskelija liittyy Teams-kokoukseen saatuaan Wilma-viestin?<\/p>\n\n\n\n<p><strong>Opettaja<\/strong>: Katso alla oleva video, kuinka opiskelija liittyy tietokoneella Teams-kokoukseen saatuaan Wilma-viestin. Ohjeista opiskelijoita avaamaan Wilma-viesti, joka sis\u00e4lt\u00e4\u00e4 kokouslinkin. Voit my\u00f6s l\u00e4hett\u00e4\u00e4 alla olevan videolinkin eteenp\u00e4in opiskelijoille. <\/p>\n\n\n\n<figure class=\"wp-block-embed-youtube wp-block-embed is-type-video is-provider-youtube wp-embed-aspect-16-9 wp-has-aspect-ratio\"><div class=\"wp-block-embed__wrapper\">\n<iframe title=\"Opiskelijan liittyminen Teams kokoukseen\" width=\"750\" height=\"422\" src=\"https:\/\/www.youtube.com\/embed\/hraFMgorduE?feature=oembed\" frameborder=\"0\" allow=\"accelerometer; autoplay; clipboard-write; encrypted-media; gyroscope; picture-in-picture; web-share\" allowfullscreen><\/iframe>\n<\/div><\/figure>\n\n\n\n<h3 class=\"wp-block-heading\"><\/h3>\n\n\n\n<hr class=\"wp-block-separator\" \/>\n\n\n\n<p> <a href=\"https:\/\/news.microsoft.com\/fi-fi\/2020\/03\/13\/vinkkeja-ja-ohjeita-etaoppimiseen\/?fbclid=IwAR1WoZcNW59WOHjiftzvHVyVDWIdDonzKC9sQya5u-WMg9P5EcJePqg2Ibk\">Tutustu my\u00f6s Microsoftin tuottamaan ohjepakettiin, jossa ohjeita opettajalle ja oppilaalle!<\/a> <\/p>\n\n\n\n<p class=\"has-background has-light-green-cyan-background-color\">Katso allaoleva video, jossa esitell\u00e4\u00e4n Teams-kokouksen toiminnot. Muun muuassa se, kuinka jaat materiaaliasi kokouksen aikana tai kuinka nauhoitat kokouksen. <\/p>\n\n\n\n<figure class=\"wp-block-embed-youtube wp-block-embed is-type-video is-provider-youtube wp-embed-aspect-16-9 wp-has-aspect-ratio\"><div class=\"wp-block-embed__wrapper\">\n<iframe title=\"Toiminnot Teams-kokouksessa\" width=\"750\" height=\"422\" src=\"https:\/\/www.youtube.com\/embed\/mmoa_OL3RPI?feature=oembed\" frameborder=\"0\" allow=\"accelerometer; autoplay; clipboard-write; encrypted-media; gyroscope; picture-in-picture; web-share\" allowfullscreen><\/iframe>\n<\/div><figcaption>TEAMS-kokouksen toiminnot<\/figcaption><\/figure>\n\n\n\n<h3 class=\"wp-block-heading\" id=\"etaMoodle\">Et\u00e4opetus Moodlessa<\/h3>\n\n\n\n<p>Tarvitset:<\/p>\n\n\n\n<ul class=\"wp-block-list\"><li> tietokoneen<\/li><li>Moodle -ty\u00f6tilan<\/li><li>tietokoneen kameran, kuulokkeet ja mikrofonin ( kannettavissa tietokoneissa on sis\u00e4\u00e4nrakennettu kamera ja mikrofoni sek\u00e4 kaiuttimet, mutta esimerkiksi irralliset kuuloke+mikrofoni est\u00e4\u00e4 taustamelua ja \u00e4\u00e4nen kiert\u00e4mist\u00e4)<\/li><li>Mik\u00e4li haluat n\u00e4ytt\u00e4\u00e4 opiskelijoille esimerkiksi PowerPoint esityst\u00e4, voit ladata esityksen halutessasi suoraan BigBlueButtoniin tai jakaa sit\u00e4 ty\u00f6p\u00f6yd\u00e4lt\u00e4si opiskelijoille. <\/li><\/ul>\n\n\n\n<p><strong>BigBlueButton&nbsp;(BBB)<\/strong>&nbsp;on Moodlen sis\u00e4ll\u00e4 toimiva et\u00e4opetuksen ja -ohjauksen ty\u00f6v\u00e4line. BBB l\u00f6ytyy Moodlesta aktiviteettina ja voidaan lis\u00e4t\u00e4, mille tahansa opintojaksolle. BBB toimii selaimessa eik\u00e4 vaadi mink\u00e4\u00e4n ohjelman asentamista.&nbsp;&nbsp;<\/p>\n\n\n\n<p>Sen avulla voit mm.&nbsp;<\/p>\n\n\n\n<ul class=\"wp-block-list\"><li>Pit\u00e4\u00e4 et\u00e4opetusta opiskelijoille jakaen esitysmateriaalia&nbsp;<\/li><li>Jakaa osallistujia pienempiin ryhmiin verkossa&nbsp;<\/li><li>Ohjata yht\u00e4 tai useampaa opiskelijaa&nbsp;<\/li><li>Tallentaa pit\u00e4m\u00e4\u00e4si opetusta&nbsp;<\/li><li>Tallentaa opiskelijoille kurssin tervetuloanauhoituksen&nbsp;&nbsp;<\/li><\/ul>\n\n\n\n<p>Katso tarkemmat <a href=\"https:\/\/blogit.gradia.fi\/digipalvelut\/ohjeita-ja-vinkkeja\/moodle\/bigbluebutton-bbb\/\">BigBlueButton -ohjeet<\/a> opettajalle. <br><strong>Opettaja<\/strong>: Ohjeista opiskelijan liittyminen BBB-keskusteluun <a href=\"https:\/\/www.youtube.com\/watch?v=fWu0uzyNS1M\">t\u00e4ll\u00e4 videolinkill\u00e4<\/a>. <\/p>\n","protected":false},"excerpt":{"rendered":"<p>Sis\u00e4llys: Sovellukset, joihin p\u00e4\u00e4set selaimella kirjautumisen kauttaSovelluksia ja palveluita, joihin tarvitset suojatumman yhteydenNetin jakaminen puhelimen kauttaOpetustilanteen j\u00e4rjest\u00e4minen et\u00e4n\u00e4 &#8211; videokokousEt\u00e4kokous Microsoft Teams-sovelluksellaEt\u00e4opetus Moodlessa Vinkkej\u00e4 ja ty\u00f6kaluja et\u00e4ty\u00f6n ja et\u00e4opetuksen tekemiseen Muista n\u00e4m\u00e4: sovi et\u00e4t\u00f6ist\u00e4 esimiehesi kanssa ota mukaan oma ty\u00f6kone ja sen virtal\u00e4hde ota mukaan ty\u00f6puhelin ja sen laturi ota [&hellip;]<\/p>\n","protected":false},"author":421,"featured_media":0,"parent":37,"menu_order":0,"comment_status":"closed","ping_status":"closed","template":"","meta":{"_uag_custom_page_level_css":"","footnotes":""},"class_list":["post-490","page","type-page","status-publish","hentry"],"yoast_head":"<!-- This site is optimized with the Yoast SEO plugin v27.4 - https:\/\/yoast.com\/product\/yoast-seo-wordpress\/ -->\n<title>Digipalvelut gradialaisille - Gradia Digipalvelut<\/title>\n<meta name=\"robots\" content=\"index, follow, max-snippet:-1, max-image-preview:large, max-video-preview:-1\" \/>\n<link rel=\"canonical\" href=\"https:\/\/blogit.gradia.fi\/digipalvelut\/ohjeita-ja-vinkkeja\/etatyo\/\" \/>\n<meta property=\"og:locale\" content=\"fi_FI\" \/>\n<meta property=\"og:type\" content=\"article\" \/>\n<meta property=\"og:title\" content=\"Digipalvelut gradialaisille - Gradia Digipalvelut\" \/>\n<meta property=\"og:description\" content=\"Sis\u00e4llys: Sovellukset, joihin p\u00e4\u00e4set selaimella kirjautumisen kauttaSovelluksia ja palveluita, joihin tarvitset suojatumman yhteydenNetin jakaminen puhelimen kauttaOpetustilanteen j\u00e4rjest\u00e4minen et\u00e4n\u00e4 &#8211; videokokousEt\u00e4kokous Microsoft Teams-sovelluksellaEt\u00e4opetus Moodlessa Vinkkej\u00e4 ja ty\u00f6kaluja et\u00e4ty\u00f6n ja et\u00e4opetuksen tekemiseen Muista n\u00e4m\u00e4: sovi et\u00e4t\u00f6ist\u00e4 esimiehesi kanssa ota mukaan oma ty\u00f6kone ja sen virtal\u00e4hde ota mukaan ty\u00f6puhelin ja sen laturi ota [&hellip;]\" \/>\n<meta property=\"og:url\" content=\"https:\/\/blogit.gradia.fi\/digipalvelut\/ohjeita-ja-vinkkeja\/etatyo\/\" \/>\n<meta property=\"og:site_name\" content=\"Gradia Digipalvelut\" \/>\n<meta property=\"article:modified_time\" content=\"2020-04-03T10:34:34+00:00\" \/>\n<meta name=\"twitter:card\" content=\"summary_large_image\" \/>\n<meta name=\"twitter:label1\" content=\"Arvioitu lukuaika\" \/>\n\t<meta name=\"twitter:data1\" content=\"3 minuuttia\" \/>\n<script type=\"application\/ld+json\" class=\"yoast-schema-graph\">{\"@context\":\"https:\\\/\\\/schema.org\",\"@graph\":[{\"@type\":\"WebPage\",\"@id\":\"https:\\\/\\\/blogit.gradia.fi\\\/digipalvelut\\\/ohjeita-ja-vinkkeja\\\/etatyo\\\/\",\"url\":\"https:\\\/\\\/blogit.gradia.fi\\\/digipalvelut\\\/ohjeita-ja-vinkkeja\\\/etatyo\\\/\",\"name\":\"Digipalvelut gradialaisille - Gradia Digipalvelut\",\"isPartOf\":{\"@id\":\"https:\\\/\\\/blogit.gradia.fi\\\/digipalvelut\\\/#website\"},\"datePublished\":\"2019-06-28T09:40:26+00:00\",\"dateModified\":\"2020-04-03T10:34:34+00:00\",\"breadcrumb\":{\"@id\":\"https:\\\/\\\/blogit.gradia.fi\\\/digipalvelut\\\/ohjeita-ja-vinkkeja\\\/etatyo\\\/#breadcrumb\"},\"inLanguage\":\"fi\",\"potentialAction\":[{\"@type\":\"ReadAction\",\"target\":[\"https:\\\/\\\/blogit.gradia.fi\\\/digipalvelut\\\/ohjeita-ja-vinkkeja\\\/etatyo\\\/\"]}]},{\"@type\":\"BreadcrumbList\",\"@id\":\"https:\\\/\\\/blogit.gradia.fi\\\/digipalvelut\\\/ohjeita-ja-vinkkeja\\\/etatyo\\\/#breadcrumb\",\"itemListElement\":[{\"@type\":\"ListItem\",\"position\":1,\"name\":\"Ohjeita ja vinkkej\u00e4\",\"item\":\"https:\\\/\\\/blogit.gradia.fi\\\/digipalvelut\\\/ohjeita-ja-vinkkeja\\\/\"},{\"@type\":\"ListItem\",\"position\":2,\"name\":\"Digipalvelut gradialaisille\"}]},{\"@type\":\"WebSite\",\"@id\":\"https:\\\/\\\/blogit.gradia.fi\\\/digipalvelut\\\/#website\",\"url\":\"https:\\\/\\\/blogit.gradia.fi\\\/digipalvelut\\\/\",\"name\":\"Gradia Digipalvelut\",\"description\":\"Astetta enemm\u00e4n digi\u00e4\",\"publisher\":{\"@id\":\"https:\\\/\\\/blogit.gradia.fi\\\/digipalvelut\\\/#organization\"},\"potentialAction\":[{\"@type\":\"SearchAction\",\"target\":{\"@type\":\"EntryPoint\",\"urlTemplate\":\"https:\\\/\\\/blogit.gradia.fi\\\/digipalvelut\\\/?s={search_term_string}\"},\"query-input\":{\"@type\":\"PropertyValueSpecification\",\"valueRequired\":true,\"valueName\":\"search_term_string\"}}],\"inLanguage\":\"fi\"},{\"@type\":\"Organization\",\"@id\":\"https:\\\/\\\/blogit.gradia.fi\\\/digipalvelut\\\/#organization\",\"name\":\"Gradia Digipalvelut\",\"url\":\"https:\\\/\\\/blogit.gradia.fi\\\/digipalvelut\\\/\",\"logo\":{\"@type\":\"ImageObject\",\"inLanguage\":\"fi\",\"@id\":\"https:\\\/\\\/blogit.gradia.fi\\\/digipalvelut\\\/#\\\/schema\\\/logo\\\/image\\\/\",\"url\":\"https:\\\/\\\/blogit.gradia.fi\\\/digipalvelut\\\/wp-content\\\/uploads\\\/sites\\\/99\\\/2019\\\/06\\\/cropped-Gradia_logo_Cyber_TRANSPARENT.png\",\"contentUrl\":\"https:\\\/\\\/blogit.gradia.fi\\\/digipalvelut\\\/wp-content\\\/uploads\\\/sites\\\/99\\\/2019\\\/06\\\/cropped-Gradia_logo_Cyber_TRANSPARENT.png\",\"width\":316,\"height\":382,\"caption\":\"Gradia Digipalvelut\"},\"image\":{\"@id\":\"https:\\\/\\\/blogit.gradia.fi\\\/digipalvelut\\\/#\\\/schema\\\/logo\\\/image\\\/\"}}]}<\/script>\n<!-- \/ Yoast SEO plugin. -->","yoast_head_json":{"title":"Digipalvelut gradialaisille - Gradia Digipalvelut","robots":{"index":"index","follow":"follow","max-snippet":"max-snippet:-1","max-image-preview":"max-image-preview:large","max-video-preview":"max-video-preview:-1"},"canonical":"https:\/\/blogit.gradia.fi\/digipalvelut\/ohjeita-ja-vinkkeja\/etatyo\/","og_locale":"fi_FI","og_type":"article","og_title":"Digipalvelut gradialaisille - Gradia Digipalvelut","og_description":"Sis\u00e4llys: Sovellukset, joihin p\u00e4\u00e4set selaimella kirjautumisen kauttaSovelluksia ja palveluita, joihin tarvitset suojatumman yhteydenNetin jakaminen puhelimen kauttaOpetustilanteen j\u00e4rjest\u00e4minen et\u00e4n\u00e4 &#8211; videokokousEt\u00e4kokous Microsoft Teams-sovelluksellaEt\u00e4opetus Moodlessa Vinkkej\u00e4 ja ty\u00f6kaluja et\u00e4ty\u00f6n ja et\u00e4opetuksen tekemiseen Muista n\u00e4m\u00e4: sovi et\u00e4t\u00f6ist\u00e4 esimiehesi kanssa ota mukaan oma ty\u00f6kone ja sen virtal\u00e4hde ota mukaan ty\u00f6puhelin ja sen laturi ota [&hellip;]","og_url":"https:\/\/blogit.gradia.fi\/digipalvelut\/ohjeita-ja-vinkkeja\/etatyo\/","og_site_name":"Gradia Digipalvelut","article_modified_time":"2020-04-03T10:34:34+00:00","twitter_card":"summary_large_image","twitter_misc":{"Arvioitu lukuaika":"3 minuuttia"},"schema":{"@context":"https:\/\/schema.org","@graph":[{"@type":"WebPage","@id":"https:\/\/blogit.gradia.fi\/digipalvelut\/ohjeita-ja-vinkkeja\/etatyo\/","url":"https:\/\/blogit.gradia.fi\/digipalvelut\/ohjeita-ja-vinkkeja\/etatyo\/","name":"Digipalvelut gradialaisille - Gradia Digipalvelut","isPartOf":{"@id":"https:\/\/blogit.gradia.fi\/digipalvelut\/#website"},"datePublished":"2019-06-28T09:40:26+00:00","dateModified":"2020-04-03T10:34:34+00:00","breadcrumb":{"@id":"https:\/\/blogit.gradia.fi\/digipalvelut\/ohjeita-ja-vinkkeja\/etatyo\/#breadcrumb"},"inLanguage":"fi","potentialAction":[{"@type":"ReadAction","target":["https:\/\/blogit.gradia.fi\/digipalvelut\/ohjeita-ja-vinkkeja\/etatyo\/"]}]},{"@type":"BreadcrumbList","@id":"https:\/\/blogit.gradia.fi\/digipalvelut\/ohjeita-ja-vinkkeja\/etatyo\/#breadcrumb","itemListElement":[{"@type":"ListItem","position":1,"name":"Ohjeita ja vinkkej\u00e4","item":"https:\/\/blogit.gradia.fi\/digipalvelut\/ohjeita-ja-vinkkeja\/"},{"@type":"ListItem","position":2,"name":"Digipalvelut gradialaisille"}]},{"@type":"WebSite","@id":"https:\/\/blogit.gradia.fi\/digipalvelut\/#website","url":"https:\/\/blogit.gradia.fi\/digipalvelut\/","name":"Gradia Digipalvelut","description":"Astetta enemm\u00e4n digi\u00e4","publisher":{"@id":"https:\/\/blogit.gradia.fi\/digipalvelut\/#organization"},"potentialAction":[{"@type":"SearchAction","target":{"@type":"EntryPoint","urlTemplate":"https:\/\/blogit.gradia.fi\/digipalvelut\/?s={search_term_string}"},"query-input":{"@type":"PropertyValueSpecification","valueRequired":true,"valueName":"search_term_string"}}],"inLanguage":"fi"},{"@type":"Organization","@id":"https:\/\/blogit.gradia.fi\/digipalvelut\/#organization","name":"Gradia Digipalvelut","url":"https:\/\/blogit.gradia.fi\/digipalvelut\/","logo":{"@type":"ImageObject","inLanguage":"fi","@id":"https:\/\/blogit.gradia.fi\/digipalvelut\/#\/schema\/logo\/image\/","url":"https:\/\/blogit.gradia.fi\/digipalvelut\/wp-content\/uploads\/sites\/99\/2019\/06\/cropped-Gradia_logo_Cyber_TRANSPARENT.png","contentUrl":"https:\/\/blogit.gradia.fi\/digipalvelut\/wp-content\/uploads\/sites\/99\/2019\/06\/cropped-Gradia_logo_Cyber_TRANSPARENT.png","width":316,"height":382,"caption":"Gradia Digipalvelut"},"image":{"@id":"https:\/\/blogit.gradia.fi\/digipalvelut\/#\/schema\/logo\/image\/"}}]}},"uagb_featured_image_src":{"full":false,"thumbnail":false,"medium":false,"medium_large":false,"large":false,"1536x1536":false,"2048x2048":false,"hestia-blog":false},"uagb_author_info":{"display_name":"Merja Hakanen","author_link":"https:\/\/blogit.gradia.fi\/digipalvelut\/author\/hakanmer\/"},"uagb_comment_info":0,"uagb_excerpt":"Sis\u00e4llys: Sovellukset, joihin p\u00e4\u00e4set selaimella kirjautumisen kauttaSovelluksia ja palveluita, joihin tarvitset suojatumman yhteydenNetin jakaminen puhelimen kauttaOpetustilanteen j\u00e4rjest\u00e4minen et\u00e4n\u00e4 &#8211; videokokousEt\u00e4kokous Microsoft Teams-sovelluksellaEt\u00e4opetus Moodlessa Vinkkej\u00e4 ja ty\u00f6kaluja et\u00e4ty\u00f6n ja et\u00e4opetuksen tekemiseen Muista n\u00e4m\u00e4: sovi et\u00e4t\u00f6ist\u00e4 esimiehesi kanssa ota mukaan oma ty\u00f6kone ja sen virtal\u00e4hde ota mukaan ty\u00f6puhelin ja sen laturi ota [&hellip;]","_links":{"self":[{"href":"https:\/\/blogit.gradia.fi\/digipalvelut\/wp-json\/wp\/v2\/pages\/490","targetHints":{"allow":["GET"]}}],"collection":[{"href":"https:\/\/blogit.gradia.fi\/digipalvelut\/wp-json\/wp\/v2\/pages"}],"about":[{"href":"https:\/\/blogit.gradia.fi\/digipalvelut\/wp-json\/wp\/v2\/types\/page"}],"author":[{"embeddable":true,"href":"https:\/\/blogit.gradia.fi\/digipalvelut\/wp-json\/wp\/v2\/users\/421"}],"replies":[{"embeddable":true,"href":"https:\/\/blogit.gradia.fi\/digipalvelut\/wp-json\/wp\/v2\/comments?post=490"}],"version-history":[{"count":30,"href":"https:\/\/blogit.gradia.fi\/digipalvelut\/wp-json\/wp\/v2\/pages\/490\/revisions"}],"predecessor-version":[{"id":1811,"href":"https:\/\/blogit.gradia.fi\/digipalvelut\/wp-json\/wp\/v2\/pages\/490\/revisions\/1811"}],"up":[{"embeddable":true,"href":"https:\/\/blogit.gradia.fi\/digipalvelut\/wp-json\/wp\/v2\/pages\/37"}],"wp:attachment":[{"href":"https:\/\/blogit.gradia.fi\/digipalvelut\/wp-json\/wp\/v2\/media?parent=490"}],"curies":[{"name":"wp","href":"https:\/\/api.w.org\/{rel}","templated":true}]}}