{"id":486,"date":"2019-06-28T12:33:24","date_gmt":"2019-06-28T09:33:24","guid":{"rendered":"https:\/\/blogit.gradia.fi\/digipalvelut\/?page_id=486"},"modified":"2019-06-28T12:33:24","modified_gmt":"2019-06-28T09:33:24","slug":"linkin-lisaaminen-tekstiin","status":"publish","type":"page","link":"https:\/\/blogit.gradia.fi\/digipalvelut\/ohjeita-ja-vinkkeja\/moodle\/linkin-lisaaminen-tekstiin\/","title":{"rendered":"Linkin lis\u00e4\u00e4minen tekstiin"},"content":{"rendered":"\n<p>Voit luoda linkkej\u00e4 tekem\u00e4\u00e4si tekstiin Moodlen sis\u00e4ll\u00e4 tai nettisivuille.&nbsp;&nbsp;<\/p>\n\n\n\n<ol class=\"wp-block-list\"><li>Maalaa teksti johon haluat lis\u00e4t\u00e4 linkin\u00a0\u00a0<\/li><li>Mik\u00e4li teet linkin Moodlen sis\u00e4ll\u00e4, avaa haluamasi sivu selaimen toiseen v\u00e4lilehteen, kopioi selaimen osoiterivi (maalaa osoite, paina hiiren oikealla kopioi tai paina ctrl +c)\u00a0<\/li><li>Klikkaa editorin Lis\u00e4\u00e4 linkki \u2013painiketta.\u00a0\u00a0<\/li><li>Lis\u00e4\u00e4 kopioimasi linkki osoite kentt\u00e4\u00e4n ctrl +v komennolla TAI klikkaamalla hiiren oikeaa ja liit\u00e4.<\/li><li>Mik\u00e4li valitset &#8221;avaa uudessa ikkunassa&#8221;, niin luomasi linkki avautuu selaimen uuteen ikkunaan.&nbsp;<\/li><li>Klikkaa &#8221;<strong>muodosta linkki<\/strong>&#8221;&nbsp;<\/li><\/ol>\n\n\n\n<ul class=\"wp-block-gallery columns-2 is-cropped wp-block-gallery-1 is-layout-flex wp-block-gallery-is-layout-flex\"><li class=\"blocks-gallery-item\"><figure><img fetchpriority=\"high\" decoding=\"async\" width=\"582\" height=\"321\" src=\"https:\/\/blogit.gradia.fi\/digipalvelut\/wp-content\/uploads\/sites\/99\/2019\/06\/Editori_link.png\" alt=\"\" data-id=\"487\" data-link=\"https:\/\/blogit.gradia.fi\/digipalvelut\/?attachment_id=487\" class=\"wp-image-487\" srcset=\"https:\/\/blogit.gradia.fi\/digipalvelut\/wp-content\/uploads\/sites\/99\/2019\/06\/Editori_link.png 582w, https:\/\/blogit.gradia.fi\/digipalvelut\/wp-content\/uploads\/sites\/99\/2019\/06\/Editori_link-300x165.png 300w\" sizes=\"(max-width: 582px) 100vw, 582px\" \/><\/figure><\/li><li class=\"blocks-gallery-item\"><figure><img decoding=\"async\" width=\"367\" height=\"273\" src=\"https:\/\/blogit.gradia.fi\/digipalvelut\/wp-content\/uploads\/sites\/99\/2019\/06\/GetImage-24.png\" alt=\"\" data-id=\"488\" data-link=\"https:\/\/blogit.gradia.fi\/digipalvelut\/?attachment_id=488\" class=\"wp-image-488\" srcset=\"https:\/\/blogit.gradia.fi\/digipalvelut\/wp-content\/uploads\/sites\/99\/2019\/06\/GetImage-24.png 367w, https:\/\/blogit.gradia.fi\/digipalvelut\/wp-content\/uploads\/sites\/99\/2019\/06\/GetImage-24-300x223.png 300w\" sizes=\"(max-width: 367px) 100vw, 367px\" \/><\/figure><\/li><\/ul>\n","protected":false},"excerpt":{"rendered":"<p>Voit luoda linkkej\u00e4 tekem\u00e4\u00e4si tekstiin Moodlen sis\u00e4ll\u00e4 tai nettisivuille.&nbsp;&nbsp; Maalaa teksti johon haluat lis\u00e4t\u00e4 linkin\u00a0\u00a0 Mik\u00e4li teet linkin Moodlen sis\u00e4ll\u00e4, avaa haluamasi sivu selaimen toiseen v\u00e4lilehteen, kopioi selaimen osoiterivi (maalaa osoite, paina hiiren oikealla kopioi tai paina ctrl +c)\u00a0 Klikkaa editorin Lis\u00e4\u00e4 linkki \u2013painiketta.\u00a0\u00a0 Lis\u00e4\u00e4 kopioimasi linkki osoite kentt\u00e4\u00e4n ctrl [&hellip;]<\/p>\n","protected":false},"author":421,"featured_media":0,"parent":76,"menu_order":0,"comment_status":"closed","ping_status":"closed","template":"","meta":{"_uag_custom_page_level_css":"","footnotes":""},"class_list":["post-486","page","type-page","status-publish","hentry"],"yoast_head":"<!-- This site is optimized with the Yoast SEO plugin v27.4 - https:\/\/yoast.com\/product\/yoast-seo-wordpress\/ -->\n<title>Linkin lis\u00e4\u00e4minen tekstiin - Gradia Digipalvelut<\/title>\n<meta name=\"robots\" content=\"index, follow, max-snippet:-1, max-image-preview:large, max-video-preview:-1\" \/>\n<link rel=\"canonical\" href=\"https:\/\/blogit.gradia.fi\/digipalvelut\/ohjeita-ja-vinkkeja\/moodle\/linkin-lisaaminen-tekstiin\/\" \/>\n<meta property=\"og:locale\" content=\"fi_FI\" \/>\n<meta property=\"og:type\" content=\"article\" \/>\n<meta property=\"og:title\" content=\"Linkin lis\u00e4\u00e4minen tekstiin - Gradia Digipalvelut\" \/>\n<meta property=\"og:description\" content=\"Voit luoda linkkej\u00e4 tekem\u00e4\u00e4si tekstiin Moodlen sis\u00e4ll\u00e4 tai nettisivuille.&nbsp;&nbsp; Maalaa teksti johon haluat lis\u00e4t\u00e4 linkin\u00a0\u00a0 Mik\u00e4li teet linkin Moodlen sis\u00e4ll\u00e4, avaa haluamasi sivu selaimen toiseen v\u00e4lilehteen, kopioi selaimen osoiterivi (maalaa osoite, paina hiiren oikealla kopioi tai paina ctrl +c)\u00a0 Klikkaa editorin Lis\u00e4\u00e4 linkki \u2013painiketta.\u00a0\u00a0 Lis\u00e4\u00e4 kopioimasi linkki osoite kentt\u00e4\u00e4n ctrl [&hellip;]\" \/>\n<meta property=\"og:url\" content=\"https:\/\/blogit.gradia.fi\/digipalvelut\/ohjeita-ja-vinkkeja\/moodle\/linkin-lisaaminen-tekstiin\/\" \/>\n<meta property=\"og:site_name\" content=\"Gradia Digipalvelut\" \/>\n<meta property=\"og:image\" content=\"https:\/\/blogit.gradia.fi\/digipalvelut\/wp-content\/uploads\/sites\/99\/2019\/06\/Editori_link.png\" \/>\n<meta name=\"twitter:card\" content=\"summary_large_image\" \/>\n<script type=\"application\/ld+json\" class=\"yoast-schema-graph\">{\"@context\":\"https:\\\/\\\/schema.org\",\"@graph\":[{\"@type\":\"WebPage\",\"@id\":\"https:\\\/\\\/blogit.gradia.fi\\\/digipalvelut\\\/ohjeita-ja-vinkkeja\\\/moodle\\\/linkin-lisaaminen-tekstiin\\\/\",\"url\":\"https:\\\/\\\/blogit.gradia.fi\\\/digipalvelut\\\/ohjeita-ja-vinkkeja\\\/moodle\\\/linkin-lisaaminen-tekstiin\\\/\",\"name\":\"Linkin lis\u00e4\u00e4minen tekstiin - Gradia Digipalvelut\",\"isPartOf\":{\"@id\":\"https:\\\/\\\/blogit.gradia.fi\\\/digipalvelut\\\/#website\"},\"primaryImageOfPage\":{\"@id\":\"https:\\\/\\\/blogit.gradia.fi\\\/digipalvelut\\\/ohjeita-ja-vinkkeja\\\/moodle\\\/linkin-lisaaminen-tekstiin\\\/#primaryimage\"},\"image\":{\"@id\":\"https:\\\/\\\/blogit.gradia.fi\\\/digipalvelut\\\/ohjeita-ja-vinkkeja\\\/moodle\\\/linkin-lisaaminen-tekstiin\\\/#primaryimage\"},\"thumbnailUrl\":\"https:\\\/\\\/blogit.gradia.fi\\\/digipalvelut\\\/wp-content\\\/uploads\\\/sites\\\/99\\\/2019\\\/06\\\/Editori_link.png\",\"datePublished\":\"2019-06-28T09:33:24+00:00\",\"breadcrumb\":{\"@id\":\"https:\\\/\\\/blogit.gradia.fi\\\/digipalvelut\\\/ohjeita-ja-vinkkeja\\\/moodle\\\/linkin-lisaaminen-tekstiin\\\/#breadcrumb\"},\"inLanguage\":\"fi\",\"potentialAction\":[{\"@type\":\"ReadAction\",\"target\":[\"https:\\\/\\\/blogit.gradia.fi\\\/digipalvelut\\\/ohjeita-ja-vinkkeja\\\/moodle\\\/linkin-lisaaminen-tekstiin\\\/\"]}]},{\"@type\":\"ImageObject\",\"inLanguage\":\"fi\",\"@id\":\"https:\\\/\\\/blogit.gradia.fi\\\/digipalvelut\\\/ohjeita-ja-vinkkeja\\\/moodle\\\/linkin-lisaaminen-tekstiin\\\/#primaryimage\",\"url\":\"https:\\\/\\\/blogit.gradia.fi\\\/digipalvelut\\\/wp-content\\\/uploads\\\/sites\\\/99\\\/2019\\\/06\\\/Editori_link.png\",\"contentUrl\":\"https:\\\/\\\/blogit.gradia.fi\\\/digipalvelut\\\/wp-content\\\/uploads\\\/sites\\\/99\\\/2019\\\/06\\\/Editori_link.png\",\"width\":582,\"height\":321},{\"@type\":\"BreadcrumbList\",\"@id\":\"https:\\\/\\\/blogit.gradia.fi\\\/digipalvelut\\\/ohjeita-ja-vinkkeja\\\/moodle\\\/linkin-lisaaminen-tekstiin\\\/#breadcrumb\",\"itemListElement\":[{\"@type\":\"ListItem\",\"position\":1,\"name\":\"Ohjeita ja vinkkej\u00e4\",\"item\":\"https:\\\/\\\/blogit.gradia.fi\\\/digipalvelut\\\/ohjeita-ja-vinkkeja\\\/\"},{\"@type\":\"ListItem\",\"position\":2,\"name\":\"Moodle\",\"item\":\"https:\\\/\\\/blogit.gradia.fi\\\/digipalvelut\\\/ohjeita-ja-vinkkeja\\\/moodle\\\/\"},{\"@type\":\"ListItem\",\"position\":3,\"name\":\"Linkin lis\u00e4\u00e4minen tekstiin\"}]},{\"@type\":\"WebSite\",\"@id\":\"https:\\\/\\\/blogit.gradia.fi\\\/digipalvelut\\\/#website\",\"url\":\"https:\\\/\\\/blogit.gradia.fi\\\/digipalvelut\\\/\",\"name\":\"Gradia Digipalvelut\",\"description\":\"Astetta enemm\u00e4n digi\u00e4\",\"publisher\":{\"@id\":\"https:\\\/\\\/blogit.gradia.fi\\\/digipalvelut\\\/#organization\"},\"potentialAction\":[{\"@type\":\"SearchAction\",\"target\":{\"@type\":\"EntryPoint\",\"urlTemplate\":\"https:\\\/\\\/blogit.gradia.fi\\\/digipalvelut\\\/?s={search_term_string}\"},\"query-input\":{\"@type\":\"PropertyValueSpecification\",\"valueRequired\":true,\"valueName\":\"search_term_string\"}}],\"inLanguage\":\"fi\"},{\"@type\":\"Organization\",\"@id\":\"https:\\\/\\\/blogit.gradia.fi\\\/digipalvelut\\\/#organization\",\"name\":\"Gradia Digipalvelut\",\"url\":\"https:\\\/\\\/blogit.gradia.fi\\\/digipalvelut\\\/\",\"logo\":{\"@type\":\"ImageObject\",\"inLanguage\":\"fi\",\"@id\":\"https:\\\/\\\/blogit.gradia.fi\\\/digipalvelut\\\/#\\\/schema\\\/logo\\\/image\\\/\",\"url\":\"https:\\\/\\\/blogit.gradia.fi\\\/digipalvelut\\\/wp-content\\\/uploads\\\/sites\\\/99\\\/2019\\\/06\\\/cropped-Gradia_logo_Cyber_TRANSPARENT.png\",\"contentUrl\":\"https:\\\/\\\/blogit.gradia.fi\\\/digipalvelut\\\/wp-content\\\/uploads\\\/sites\\\/99\\\/2019\\\/06\\\/cropped-Gradia_logo_Cyber_TRANSPARENT.png\",\"width\":316,\"height\":382,\"caption\":\"Gradia Digipalvelut\"},\"image\":{\"@id\":\"https:\\\/\\\/blogit.gradia.fi\\\/digipalvelut\\\/#\\\/schema\\\/logo\\\/image\\\/\"}}]}<\/script>\n<!-- \/ Yoast SEO plugin. -->","yoast_head_json":{"title":"Linkin lis\u00e4\u00e4minen tekstiin - Gradia Digipalvelut","robots":{"index":"index","follow":"follow","max-snippet":"max-snippet:-1","max-image-preview":"max-image-preview:large","max-video-preview":"max-video-preview:-1"},"canonical":"https:\/\/blogit.gradia.fi\/digipalvelut\/ohjeita-ja-vinkkeja\/moodle\/linkin-lisaaminen-tekstiin\/","og_locale":"fi_FI","og_type":"article","og_title":"Linkin lis\u00e4\u00e4minen tekstiin - Gradia Digipalvelut","og_description":"Voit luoda linkkej\u00e4 tekem\u00e4\u00e4si tekstiin Moodlen sis\u00e4ll\u00e4 tai nettisivuille.&nbsp;&nbsp; Maalaa teksti johon haluat lis\u00e4t\u00e4 linkin\u00a0\u00a0 Mik\u00e4li teet linkin Moodlen sis\u00e4ll\u00e4, avaa haluamasi sivu selaimen toiseen v\u00e4lilehteen, kopioi selaimen osoiterivi (maalaa osoite, paina hiiren oikealla kopioi tai paina ctrl +c)\u00a0 Klikkaa editorin Lis\u00e4\u00e4 linkki \u2013painiketta.\u00a0\u00a0 Lis\u00e4\u00e4 kopioimasi linkki osoite kentt\u00e4\u00e4n ctrl [&hellip;]","og_url":"https:\/\/blogit.gradia.fi\/digipalvelut\/ohjeita-ja-vinkkeja\/moodle\/linkin-lisaaminen-tekstiin\/","og_site_name":"Gradia Digipalvelut","og_image":[{"url":"https:\/\/blogit.gradia.fi\/digipalvelut\/wp-content\/uploads\/sites\/99\/2019\/06\/Editori_link.png","type":"","width":"","height":""}],"twitter_card":"summary_large_image","schema":{"@context":"https:\/\/schema.org","@graph":[{"@type":"WebPage","@id":"https:\/\/blogit.gradia.fi\/digipalvelut\/ohjeita-ja-vinkkeja\/moodle\/linkin-lisaaminen-tekstiin\/","url":"https:\/\/blogit.gradia.fi\/digipalvelut\/ohjeita-ja-vinkkeja\/moodle\/linkin-lisaaminen-tekstiin\/","name":"Linkin lis\u00e4\u00e4minen tekstiin - Gradia Digipalvelut","isPartOf":{"@id":"https:\/\/blogit.gradia.fi\/digipalvelut\/#website"},"primaryImageOfPage":{"@id":"https:\/\/blogit.gradia.fi\/digipalvelut\/ohjeita-ja-vinkkeja\/moodle\/linkin-lisaaminen-tekstiin\/#primaryimage"},"image":{"@id":"https:\/\/blogit.gradia.fi\/digipalvelut\/ohjeita-ja-vinkkeja\/moodle\/linkin-lisaaminen-tekstiin\/#primaryimage"},"thumbnailUrl":"https:\/\/blogit.gradia.fi\/digipalvelut\/wp-content\/uploads\/sites\/99\/2019\/06\/Editori_link.png","datePublished":"2019-06-28T09:33:24+00:00","breadcrumb":{"@id":"https:\/\/blogit.gradia.fi\/digipalvelut\/ohjeita-ja-vinkkeja\/moodle\/linkin-lisaaminen-tekstiin\/#breadcrumb"},"inLanguage":"fi","potentialAction":[{"@type":"ReadAction","target":["https:\/\/blogit.gradia.fi\/digipalvelut\/ohjeita-ja-vinkkeja\/moodle\/linkin-lisaaminen-tekstiin\/"]}]},{"@type":"ImageObject","inLanguage":"fi","@id":"https:\/\/blogit.gradia.fi\/digipalvelut\/ohjeita-ja-vinkkeja\/moodle\/linkin-lisaaminen-tekstiin\/#primaryimage","url":"https:\/\/blogit.gradia.fi\/digipalvelut\/wp-content\/uploads\/sites\/99\/2019\/06\/Editori_link.png","contentUrl":"https:\/\/blogit.gradia.fi\/digipalvelut\/wp-content\/uploads\/sites\/99\/2019\/06\/Editori_link.png","width":582,"height":321},{"@type":"BreadcrumbList","@id":"https:\/\/blogit.gradia.fi\/digipalvelut\/ohjeita-ja-vinkkeja\/moodle\/linkin-lisaaminen-tekstiin\/#breadcrumb","itemListElement":[{"@type":"ListItem","position":1,"name":"Ohjeita ja vinkkej\u00e4","item":"https:\/\/blogit.gradia.fi\/digipalvelut\/ohjeita-ja-vinkkeja\/"},{"@type":"ListItem","position":2,"name":"Moodle","item":"https:\/\/blogit.gradia.fi\/digipalvelut\/ohjeita-ja-vinkkeja\/moodle\/"},{"@type":"ListItem","position":3,"name":"Linkin lis\u00e4\u00e4minen tekstiin"}]},{"@type":"WebSite","@id":"https:\/\/blogit.gradia.fi\/digipalvelut\/#website","url":"https:\/\/blogit.gradia.fi\/digipalvelut\/","name":"Gradia Digipalvelut","description":"Astetta enemm\u00e4n digi\u00e4","publisher":{"@id":"https:\/\/blogit.gradia.fi\/digipalvelut\/#organization"},"potentialAction":[{"@type":"SearchAction","target":{"@type":"EntryPoint","urlTemplate":"https:\/\/blogit.gradia.fi\/digipalvelut\/?s={search_term_string}"},"query-input":{"@type":"PropertyValueSpecification","valueRequired":true,"valueName":"search_term_string"}}],"inLanguage":"fi"},{"@type":"Organization","@id":"https:\/\/blogit.gradia.fi\/digipalvelut\/#organization","name":"Gradia Digipalvelut","url":"https:\/\/blogit.gradia.fi\/digipalvelut\/","logo":{"@type":"ImageObject","inLanguage":"fi","@id":"https:\/\/blogit.gradia.fi\/digipalvelut\/#\/schema\/logo\/image\/","url":"https:\/\/blogit.gradia.fi\/digipalvelut\/wp-content\/uploads\/sites\/99\/2019\/06\/cropped-Gradia_logo_Cyber_TRANSPARENT.png","contentUrl":"https:\/\/blogit.gradia.fi\/digipalvelut\/wp-content\/uploads\/sites\/99\/2019\/06\/cropped-Gradia_logo_Cyber_TRANSPARENT.png","width":316,"height":382,"caption":"Gradia Digipalvelut"},"image":{"@id":"https:\/\/blogit.gradia.fi\/digipalvelut\/#\/schema\/logo\/image\/"}}]}},"uagb_featured_image_src":{"full":false,"thumbnail":false,"medium":false,"medium_large":false,"large":false,"1536x1536":false,"2048x2048":false,"hestia-blog":false},"uagb_author_info":{"display_name":"Merja Hakanen","author_link":"https:\/\/blogit.gradia.fi\/digipalvelut\/author\/hakanmer\/"},"uagb_comment_info":0,"uagb_excerpt":"Voit luoda linkkej\u00e4 tekem\u00e4\u00e4si tekstiin Moodlen sis\u00e4ll\u00e4 tai nettisivuille.&nbsp;&nbsp; Maalaa teksti johon haluat lis\u00e4t\u00e4 linkin\u00a0\u00a0 Mik\u00e4li teet linkin Moodlen sis\u00e4ll\u00e4, avaa haluamasi sivu selaimen toiseen v\u00e4lilehteen, kopioi selaimen osoiterivi (maalaa osoite, paina hiiren oikealla kopioi tai paina ctrl +c)\u00a0 Klikkaa editorin Lis\u00e4\u00e4 linkki \u2013painiketta.\u00a0\u00a0 Lis\u00e4\u00e4 kopioimasi linkki osoite kentt\u00e4\u00e4n ctrl [&hellip;]","_links":{"self":[{"href":"https:\/\/blogit.gradia.fi\/digipalvelut\/wp-json\/wp\/v2\/pages\/486","targetHints":{"allow":["GET"]}}],"collection":[{"href":"https:\/\/blogit.gradia.fi\/digipalvelut\/wp-json\/wp\/v2\/pages"}],"about":[{"href":"https:\/\/blogit.gradia.fi\/digipalvelut\/wp-json\/wp\/v2\/types\/page"}],"author":[{"embeddable":true,"href":"https:\/\/blogit.gradia.fi\/digipalvelut\/wp-json\/wp\/v2\/users\/421"}],"replies":[{"embeddable":true,"href":"https:\/\/blogit.gradia.fi\/digipalvelut\/wp-json\/wp\/v2\/comments?post=486"}],"version-history":[{"count":1,"href":"https:\/\/blogit.gradia.fi\/digipalvelut\/wp-json\/wp\/v2\/pages\/486\/revisions"}],"predecessor-version":[{"id":489,"href":"https:\/\/blogit.gradia.fi\/digipalvelut\/wp-json\/wp\/v2\/pages\/486\/revisions\/489"}],"up":[{"embeddable":true,"href":"https:\/\/blogit.gradia.fi\/digipalvelut\/wp-json\/wp\/v2\/pages\/76"}],"wp:attachment":[{"href":"https:\/\/blogit.gradia.fi\/digipalvelut\/wp-json\/wp\/v2\/media?parent=486"}],"curies":[{"name":"wp","href":"https:\/\/api.w.org\/{rel}","templated":true}]}}