{"id":483,"date":"2019-06-28T12:17:34","date_gmt":"2019-06-28T09:17:34","guid":{"rendered":"https:\/\/blogit.gradia.fi\/digipalvelut\/?page_id=483"},"modified":"2020-01-03T08:14:14","modified_gmt":"2020-01-03T06:14:14","slug":"opiskelijan-poistaminen-kurssilta","status":"publish","type":"page","link":"https:\/\/blogit.gradia.fi\/digipalvelut\/ohjeita-ja-vinkkeja\/moodle\/opiskelijan-poistaminen-kurssilta\/","title":{"rendered":"Opiskelijan poistaminen kurssilta"},"content":{"rendered":"\n<p>Opettaja voi tarvittaessa poistaa opiskelijansa kurssilta. Huomaa kuitenkin, ett\u00e4 <strong>kun opiskelija poistetaan kurssilta my\u00f6s osa sis\u00e4ll\u00f6ist\u00e4 eli suorituksista poistuu<\/strong>.\u00a0 <\/p>\n\n\n\n<p>Opiskelijan saatua kurssinsa suoritetuksi siirtyy kurssi automaattisesti opiskelijan menneisiin kursseihin. Mik\u00e4li h\u00e4net poistetaan kurssilta, poistuu kurssi my\u00f6s opiskelijan kurssin\u00e4kymist\u00e4. Pohdi, onko kurssilta poistaminen v\u00e4ltt\u00e4m\u00e4t\u00f6nt\u00e4.&nbsp;&nbsp;<\/p>\n\n\n\n<p>Lis\u00e4ohjeita suoraan&nbsp;<a href=\"http:\/\/ohjeet.mediamaisteri.com\/kurssilta_poistaminen\" target=\"_blank\" rel=\"noreferrer noopener\">Mediamaisterin ohjeista<\/a>.&nbsp;<\/p>\n\n\n\n<p>Ohje kurssilta poistamiseen&nbsp;<\/p>\n\n\n\n<ol class=\"wp-block-list\"><li>Avaa kurssi&nbsp;<\/li><li>Klikkaa osallistujat \u2013painiketta&nbsp;&nbsp;<\/li><li>Paina opiskelijan nimen per\u00e4ss\u00e4&nbsp;<strong>roskalaatikko<\/strong>&nbsp;\u2013kuvaketta&nbsp;<\/li><li>Ohjelma varmistaa haluatko varmasti poistaa opiskelijan. Hyv\u00e4ksy poisto.&nbsp;<\/li><\/ol>\n","protected":false},"excerpt":{"rendered":"<p>Opettaja voi tarvittaessa poistaa opiskelijansa kurssilta. Huomaa kuitenkin, ett\u00e4 kun opiskelija poistetaan kurssilta my\u00f6s osa sis\u00e4ll\u00f6ist\u00e4 eli suorituksista poistuu.\u00a0 Opiskelijan saatua kurssinsa suoritetuksi siirtyy kurssi automaattisesti opiskelijan menneisiin kursseihin. Mik\u00e4li h\u00e4net poistetaan kurssilta, poistuu kurssi my\u00f6s opiskelijan kurssin\u00e4kymist\u00e4. Pohdi, onko kurssilta poistaminen v\u00e4ltt\u00e4m\u00e4t\u00f6nt\u00e4.&nbsp;&nbsp; Lis\u00e4ohjeita suoraan&nbsp;Mediamaisterin ohjeista.&nbsp; Ohje kurssilta poistamiseen&nbsp; Avaa [&hellip;]<\/p>\n","protected":false},"author":421,"featured_media":0,"parent":76,"menu_order":0,"comment_status":"closed","ping_status":"closed","template":"","meta":{"_uag_custom_page_level_css":"","footnotes":""},"class_list":["post-483","page","type-page","status-publish","hentry"],"yoast_head":"<!-- This site is optimized with the Yoast SEO plugin v27.4 - https:\/\/yoast.com\/product\/yoast-seo-wordpress\/ -->\n<title>Opiskelijan poistaminen kurssilta - Gradia Digipalvelut<\/title>\n<meta name=\"robots\" content=\"index, follow, max-snippet:-1, max-image-preview:large, max-video-preview:-1\" \/>\n<link rel=\"canonical\" href=\"https:\/\/blogit.gradia.fi\/digipalvelut\/ohjeita-ja-vinkkeja\/moodle\/opiskelijan-poistaminen-kurssilta\/\" \/>\n<meta property=\"og:locale\" content=\"fi_FI\" \/>\n<meta property=\"og:type\" content=\"article\" \/>\n<meta property=\"og:title\" content=\"Opiskelijan poistaminen kurssilta - Gradia Digipalvelut\" \/>\n<meta property=\"og:description\" content=\"Opettaja voi tarvittaessa poistaa opiskelijansa kurssilta. Huomaa kuitenkin, ett\u00e4 kun opiskelija poistetaan kurssilta my\u00f6s osa sis\u00e4ll\u00f6ist\u00e4 eli suorituksista poistuu.\u00a0 Opiskelijan saatua kurssinsa suoritetuksi siirtyy kurssi automaattisesti opiskelijan menneisiin kursseihin. Mik\u00e4li h\u00e4net poistetaan kurssilta, poistuu kurssi my\u00f6s opiskelijan kurssin\u00e4kymist\u00e4. Pohdi, onko kurssilta poistaminen v\u00e4ltt\u00e4m\u00e4t\u00f6nt\u00e4.&nbsp;&nbsp; Lis\u00e4ohjeita suoraan&nbsp;Mediamaisterin ohjeista.&nbsp; Ohje kurssilta poistamiseen&nbsp; Avaa [&hellip;]\" \/>\n<meta property=\"og:url\" content=\"https:\/\/blogit.gradia.fi\/digipalvelut\/ohjeita-ja-vinkkeja\/moodle\/opiskelijan-poistaminen-kurssilta\/\" \/>\n<meta property=\"og:site_name\" content=\"Gradia Digipalvelut\" \/>\n<meta property=\"article:modified_time\" content=\"2020-01-03T06:14:14+00:00\" \/>\n<meta name=\"twitter:card\" content=\"summary_large_image\" \/>\n<script type=\"application\/ld+json\" class=\"yoast-schema-graph\">{\"@context\":\"https:\\\/\\\/schema.org\",\"@graph\":[{\"@type\":\"WebPage\",\"@id\":\"https:\\\/\\\/blogit.gradia.fi\\\/digipalvelut\\\/ohjeita-ja-vinkkeja\\\/moodle\\\/opiskelijan-poistaminen-kurssilta\\\/\",\"url\":\"https:\\\/\\\/blogit.gradia.fi\\\/digipalvelut\\\/ohjeita-ja-vinkkeja\\\/moodle\\\/opiskelijan-poistaminen-kurssilta\\\/\",\"name\":\"Opiskelijan poistaminen kurssilta - Gradia Digipalvelut\",\"isPartOf\":{\"@id\":\"https:\\\/\\\/blogit.gradia.fi\\\/digipalvelut\\\/#website\"},\"datePublished\":\"2019-06-28T09:17:34+00:00\",\"dateModified\":\"2020-01-03T06:14:14+00:00\",\"breadcrumb\":{\"@id\":\"https:\\\/\\\/blogit.gradia.fi\\\/digipalvelut\\\/ohjeita-ja-vinkkeja\\\/moodle\\\/opiskelijan-poistaminen-kurssilta\\\/#breadcrumb\"},\"inLanguage\":\"fi\",\"potentialAction\":[{\"@type\":\"ReadAction\",\"target\":[\"https:\\\/\\\/blogit.gradia.fi\\\/digipalvelut\\\/ohjeita-ja-vinkkeja\\\/moodle\\\/opiskelijan-poistaminen-kurssilta\\\/\"]}]},{\"@type\":\"BreadcrumbList\",\"@id\":\"https:\\\/\\\/blogit.gradia.fi\\\/digipalvelut\\\/ohjeita-ja-vinkkeja\\\/moodle\\\/opiskelijan-poistaminen-kurssilta\\\/#breadcrumb\",\"itemListElement\":[{\"@type\":\"ListItem\",\"position\":1,\"name\":\"Ohjeita ja vinkkej\u00e4\",\"item\":\"https:\\\/\\\/blogit.gradia.fi\\\/digipalvelut\\\/ohjeita-ja-vinkkeja\\\/\"},{\"@type\":\"ListItem\",\"position\":2,\"name\":\"Moodle\",\"item\":\"https:\\\/\\\/blogit.gradia.fi\\\/digipalvelut\\\/ohjeita-ja-vinkkeja\\\/moodle\\\/\"},{\"@type\":\"ListItem\",\"position\":3,\"name\":\"Opiskelijan poistaminen kurssilta\"}]},{\"@type\":\"WebSite\",\"@id\":\"https:\\\/\\\/blogit.gradia.fi\\\/digipalvelut\\\/#website\",\"url\":\"https:\\\/\\\/blogit.gradia.fi\\\/digipalvelut\\\/\",\"name\":\"Gradia Digipalvelut\",\"description\":\"Astetta enemm\u00e4n digi\u00e4\",\"publisher\":{\"@id\":\"https:\\\/\\\/blogit.gradia.fi\\\/digipalvelut\\\/#organization\"},\"potentialAction\":[{\"@type\":\"SearchAction\",\"target\":{\"@type\":\"EntryPoint\",\"urlTemplate\":\"https:\\\/\\\/blogit.gradia.fi\\\/digipalvelut\\\/?s={search_term_string}\"},\"query-input\":{\"@type\":\"PropertyValueSpecification\",\"valueRequired\":true,\"valueName\":\"search_term_string\"}}],\"inLanguage\":\"fi\"},{\"@type\":\"Organization\",\"@id\":\"https:\\\/\\\/blogit.gradia.fi\\\/digipalvelut\\\/#organization\",\"name\":\"Gradia Digipalvelut\",\"url\":\"https:\\\/\\\/blogit.gradia.fi\\\/digipalvelut\\\/\",\"logo\":{\"@type\":\"ImageObject\",\"inLanguage\":\"fi\",\"@id\":\"https:\\\/\\\/blogit.gradia.fi\\\/digipalvelut\\\/#\\\/schema\\\/logo\\\/image\\\/\",\"url\":\"https:\\\/\\\/blogit.gradia.fi\\\/digipalvelut\\\/wp-content\\\/uploads\\\/sites\\\/99\\\/2019\\\/06\\\/cropped-Gradia_logo_Cyber_TRANSPARENT.png\",\"contentUrl\":\"https:\\\/\\\/blogit.gradia.fi\\\/digipalvelut\\\/wp-content\\\/uploads\\\/sites\\\/99\\\/2019\\\/06\\\/cropped-Gradia_logo_Cyber_TRANSPARENT.png\",\"width\":316,\"height\":382,\"caption\":\"Gradia Digipalvelut\"},\"image\":{\"@id\":\"https:\\\/\\\/blogit.gradia.fi\\\/digipalvelut\\\/#\\\/schema\\\/logo\\\/image\\\/\"}}]}<\/script>\n<!-- \/ Yoast SEO plugin. -->","yoast_head_json":{"title":"Opiskelijan poistaminen kurssilta - Gradia Digipalvelut","robots":{"index":"index","follow":"follow","max-snippet":"max-snippet:-1","max-image-preview":"max-image-preview:large","max-video-preview":"max-video-preview:-1"},"canonical":"https:\/\/blogit.gradia.fi\/digipalvelut\/ohjeita-ja-vinkkeja\/moodle\/opiskelijan-poistaminen-kurssilta\/","og_locale":"fi_FI","og_type":"article","og_title":"Opiskelijan poistaminen kurssilta - Gradia Digipalvelut","og_description":"Opettaja voi tarvittaessa poistaa opiskelijansa kurssilta. Huomaa kuitenkin, ett\u00e4 kun opiskelija poistetaan kurssilta my\u00f6s osa sis\u00e4ll\u00f6ist\u00e4 eli suorituksista poistuu.\u00a0 Opiskelijan saatua kurssinsa suoritetuksi siirtyy kurssi automaattisesti opiskelijan menneisiin kursseihin. Mik\u00e4li h\u00e4net poistetaan kurssilta, poistuu kurssi my\u00f6s opiskelijan kurssin\u00e4kymist\u00e4. Pohdi, onko kurssilta poistaminen v\u00e4ltt\u00e4m\u00e4t\u00f6nt\u00e4.&nbsp;&nbsp; Lis\u00e4ohjeita suoraan&nbsp;Mediamaisterin ohjeista.&nbsp; Ohje kurssilta poistamiseen&nbsp; Avaa [&hellip;]","og_url":"https:\/\/blogit.gradia.fi\/digipalvelut\/ohjeita-ja-vinkkeja\/moodle\/opiskelijan-poistaminen-kurssilta\/","og_site_name":"Gradia Digipalvelut","article_modified_time":"2020-01-03T06:14:14+00:00","twitter_card":"summary_large_image","schema":{"@context":"https:\/\/schema.org","@graph":[{"@type":"WebPage","@id":"https:\/\/blogit.gradia.fi\/digipalvelut\/ohjeita-ja-vinkkeja\/moodle\/opiskelijan-poistaminen-kurssilta\/","url":"https:\/\/blogit.gradia.fi\/digipalvelut\/ohjeita-ja-vinkkeja\/moodle\/opiskelijan-poistaminen-kurssilta\/","name":"Opiskelijan poistaminen kurssilta - Gradia Digipalvelut","isPartOf":{"@id":"https:\/\/blogit.gradia.fi\/digipalvelut\/#website"},"datePublished":"2019-06-28T09:17:34+00:00","dateModified":"2020-01-03T06:14:14+00:00","breadcrumb":{"@id":"https:\/\/blogit.gradia.fi\/digipalvelut\/ohjeita-ja-vinkkeja\/moodle\/opiskelijan-poistaminen-kurssilta\/#breadcrumb"},"inLanguage":"fi","potentialAction":[{"@type":"ReadAction","target":["https:\/\/blogit.gradia.fi\/digipalvelut\/ohjeita-ja-vinkkeja\/moodle\/opiskelijan-poistaminen-kurssilta\/"]}]},{"@type":"BreadcrumbList","@id":"https:\/\/blogit.gradia.fi\/digipalvelut\/ohjeita-ja-vinkkeja\/moodle\/opiskelijan-poistaminen-kurssilta\/#breadcrumb","itemListElement":[{"@type":"ListItem","position":1,"name":"Ohjeita ja vinkkej\u00e4","item":"https:\/\/blogit.gradia.fi\/digipalvelut\/ohjeita-ja-vinkkeja\/"},{"@type":"ListItem","position":2,"name":"Moodle","item":"https:\/\/blogit.gradia.fi\/digipalvelut\/ohjeita-ja-vinkkeja\/moodle\/"},{"@type":"ListItem","position":3,"name":"Opiskelijan poistaminen kurssilta"}]},{"@type":"WebSite","@id":"https:\/\/blogit.gradia.fi\/digipalvelut\/#website","url":"https:\/\/blogit.gradia.fi\/digipalvelut\/","name":"Gradia Digipalvelut","description":"Astetta enemm\u00e4n digi\u00e4","publisher":{"@id":"https:\/\/blogit.gradia.fi\/digipalvelut\/#organization"},"potentialAction":[{"@type":"SearchAction","target":{"@type":"EntryPoint","urlTemplate":"https:\/\/blogit.gradia.fi\/digipalvelut\/?s={search_term_string}"},"query-input":{"@type":"PropertyValueSpecification","valueRequired":true,"valueName":"search_term_string"}}],"inLanguage":"fi"},{"@type":"Organization","@id":"https:\/\/blogit.gradia.fi\/digipalvelut\/#organization","name":"Gradia Digipalvelut","url":"https:\/\/blogit.gradia.fi\/digipalvelut\/","logo":{"@type":"ImageObject","inLanguage":"fi","@id":"https:\/\/blogit.gradia.fi\/digipalvelut\/#\/schema\/logo\/image\/","url":"https:\/\/blogit.gradia.fi\/digipalvelut\/wp-content\/uploads\/sites\/99\/2019\/06\/cropped-Gradia_logo_Cyber_TRANSPARENT.png","contentUrl":"https:\/\/blogit.gradia.fi\/digipalvelut\/wp-content\/uploads\/sites\/99\/2019\/06\/cropped-Gradia_logo_Cyber_TRANSPARENT.png","width":316,"height":382,"caption":"Gradia Digipalvelut"},"image":{"@id":"https:\/\/blogit.gradia.fi\/digipalvelut\/#\/schema\/logo\/image\/"}}]}},"uagb_featured_image_src":{"full":false,"thumbnail":false,"medium":false,"medium_large":false,"large":false,"1536x1536":false,"2048x2048":false,"hestia-blog":false},"uagb_author_info":{"display_name":"Merja Hakanen","author_link":"https:\/\/blogit.gradia.fi\/digipalvelut\/author\/hakanmer\/"},"uagb_comment_info":0,"uagb_excerpt":"Opettaja voi tarvittaessa poistaa opiskelijansa kurssilta. Huomaa kuitenkin, ett\u00e4 kun opiskelija poistetaan kurssilta my\u00f6s osa sis\u00e4ll\u00f6ist\u00e4 eli suorituksista poistuu.\u00a0 Opiskelijan saatua kurssinsa suoritetuksi siirtyy kurssi automaattisesti opiskelijan menneisiin kursseihin. Mik\u00e4li h\u00e4net poistetaan kurssilta, poistuu kurssi my\u00f6s opiskelijan kurssin\u00e4kymist\u00e4. Pohdi, onko kurssilta poistaminen v\u00e4ltt\u00e4m\u00e4t\u00f6nt\u00e4.&nbsp;&nbsp; Lis\u00e4ohjeita suoraan&nbsp;Mediamaisterin ohjeista.&nbsp; Ohje kurssilta poistamiseen&nbsp; Avaa [&hellip;]","_links":{"self":[{"href":"https:\/\/blogit.gradia.fi\/digipalvelut\/wp-json\/wp\/v2\/pages\/483","targetHints":{"allow":["GET"]}}],"collection":[{"href":"https:\/\/blogit.gradia.fi\/digipalvelut\/wp-json\/wp\/v2\/pages"}],"about":[{"href":"https:\/\/blogit.gradia.fi\/digipalvelut\/wp-json\/wp\/v2\/types\/page"}],"author":[{"embeddable":true,"href":"https:\/\/blogit.gradia.fi\/digipalvelut\/wp-json\/wp\/v2\/users\/421"}],"replies":[{"embeddable":true,"href":"https:\/\/blogit.gradia.fi\/digipalvelut\/wp-json\/wp\/v2\/comments?post=483"}],"version-history":[{"count":2,"href":"https:\/\/blogit.gradia.fi\/digipalvelut\/wp-json\/wp\/v2\/pages\/483\/revisions"}],"predecessor-version":[{"id":1403,"href":"https:\/\/blogit.gradia.fi\/digipalvelut\/wp-json\/wp\/v2\/pages\/483\/revisions\/1403"}],"up":[{"embeddable":true,"href":"https:\/\/blogit.gradia.fi\/digipalvelut\/wp-json\/wp\/v2\/pages\/76"}],"wp:attachment":[{"href":"https:\/\/blogit.gradia.fi\/digipalvelut\/wp-json\/wp\/v2\/media?parent=483"}],"curies":[{"name":"wp","href":"https:\/\/api.w.org\/{rel}","templated":true}]}}