{"id":467,"date":"2019-06-28T11:00:55","date_gmt":"2019-06-28T08:00:55","guid":{"rendered":"https:\/\/blogit.gradia.fi\/digipalvelut\/?page_id=467"},"modified":"2019-08-01T10:43:50","modified_gmt":"2019-08-01T07:43:50","slug":"sivun-lisaaminen","status":"publish","type":"page","link":"https:\/\/blogit.gradia.fi\/digipalvelut\/ohjeita-ja-vinkkeja\/moodle\/sivun-lisaaminen\/","title":{"rendered":"Sivun lis\u00e4\u00e4minen"},"content":{"rendered":"\n<p>Sivu-aineistolla voit lis\u00e4t\u00e4 ty\u00f6tilaasi helposti ja monipuolisesti sis\u00e4lt\u00f6\u00e4. Ladattavien tiedostojen sijaan lis\u00e4\u00e4 sivu, jonne voit lis\u00e4t\u00e4 teksti\u00e4, kuvaa, \u00e4\u00e4nt\u00e4, videoita tai linkkej\u00e4 varsinaisen tekstin sekaan. Sivut aukeavat sellaisenaan selaimessa ja edist\u00e4v\u00e4t my\u00f6s oppimisymp\u00e4rist\u00f6n mobiilik\u00e4ytt\u00f6\u00e4. <\/p>\n\n\n\n<ol class=\"wp-block-list\"><li>Mene kurssille&nbsp;<\/li><li>Aktivoi muokkaustila p\u00e4\u00e4lle hallintaty\u00f6kaluista&nbsp;<\/li><li>Valitse&nbsp;<strong>Lis\u00e4\u00e4 aktiviteetti tai aineisto<\/strong>&nbsp;haluamaasi osioon. Valitse <strong>Sivu<\/strong>.<\/li><li>Anna <strong>Yleinen<\/strong>-osassa sivulle nimi.<\/li><li>Voit halutessasi antaa kuvauksen mit\u00e4 sivu sis\u00e4lt\u00e4\u00e4 ja n\u00e4ytt\u00e4\u00e4 kuvauksen kurssin osio-tasolla. <\/li><li>Kirjoita varsinainen sivun sis\u00e4lt\u00f6 <strong>Sis\u00e4lt\u00f6<\/strong>-kohdassa tekstieditorilla. Lis\u00e4\u00e4 editorin avulla kuvia, linkkej\u00e4 tai muuta mediaa sivulle. <\/li><li>S\u00e4\u00e4d\u00e4 muut tarvittavat asetukset, kuten n\u00e4kyvyyteen liittyv\u00e4t asetukset. <\/li><li>Tallenna sivu alaosan painikkeilla. <\/li><\/ol>\n\n\n\n<figure class=\"wp-block-image\"><img fetchpriority=\"high\" decoding=\"async\" width=\"1024\" height=\"749\" src=\"https:\/\/blogit.gradia.fi\/digipalvelut\/wp-content\/uploads\/sites\/99\/2019\/06\/Sivu_lisaaminen-1024x749.png\" alt=\"K\u00e4ytt\u00f6liittym\u00e4kuva sivun lis\u00e4\u00e4misest\u00e4. \" class=\"wp-image-468\" srcset=\"https:\/\/blogit.gradia.fi\/digipalvelut\/wp-content\/uploads\/sites\/99\/2019\/06\/Sivu_lisaaminen-1024x749.png 1024w, https:\/\/blogit.gradia.fi\/digipalvelut\/wp-content\/uploads\/sites\/99\/2019\/06\/Sivu_lisaaminen-300x219.png 300w, https:\/\/blogit.gradia.fi\/digipalvelut\/wp-content\/uploads\/sites\/99\/2019\/06\/Sivu_lisaaminen-768x561.png 768w, https:\/\/blogit.gradia.fi\/digipalvelut\/wp-content\/uploads\/sites\/99\/2019\/06\/Sivu_lisaaminen-620x453.png 620w, https:\/\/blogit.gradia.fi\/digipalvelut\/wp-content\/uploads\/sites\/99\/2019\/06\/Sivu_lisaaminen.png 1160w\" sizes=\"(max-width: 1024px) 100vw, 1024px\" \/><\/figure>\n\n\n\n<p>Huomioi, ett\u00e4 lyhyet tekstit tai ohjeet voi tehd\u00e4 my\u00f6s ohjetekstill\u00e4 ja toisaalta, laajat sis\u00e4ll\u00f6t voi rakentaa kirjaksi. <\/p>\n\n\n\n<p>Aineistoihin ja aktiviteetteihin liittyy lis\u00e4ksi yleisi\u00e4 asetuksia, joita ei t\u00e4ss\u00e4 tarkastella yksityiskohtaisesti.\u00a0\u00a0<br><a rel=\"noreferrer noopener\" href=\"https:\/\/blogit.gradia.fi\/digipalvelut\/ohjeita-ja-vinkkeja\/moodle\/moduulien-yleiset-asetukset\/\" target=\"_blank\">Lue lis\u00e4\u00e4 moduulien yleisist\u00e4 asetuksista.<\/a><br><a rel=\"noreferrer noopener\" href=\"https:\/\/blogit.gradia.fi\/digipalvelut\/ohjeita-ja-vinkkeja\/moodle\/rajoita-paasy-toimintoihin\/\" target=\"_blank\">Lue lis\u00e4\u00e4 p\u00e4\u00e4syn rajoittamisesta aktiviteetteihin ja aineistoihin<\/a>.\u00a0\u00a0<br><a rel=\"noreferrer noopener\" href=\"https:\/\/blogit.gradia.fi\/digipalvelut\/ohjeita-ja-vinkkeja\/moodle\/edistymisen-seuranta\/\" target=\"_blank\">Lue lis\u00e4\u00e4 opiskelijoiden edistymisen seurannasta.<\/a><\/p>\n","protected":false},"excerpt":{"rendered":"<p>Sivu-aineistolla voit lis\u00e4t\u00e4 ty\u00f6tilaasi helposti ja monipuolisesti sis\u00e4lt\u00f6\u00e4. Ladattavien tiedostojen sijaan lis\u00e4\u00e4 sivu, jonne voit lis\u00e4t\u00e4 teksti\u00e4, kuvaa, \u00e4\u00e4nt\u00e4, videoita tai linkkej\u00e4 varsinaisen tekstin sekaan. Sivut aukeavat sellaisenaan selaimessa ja edist\u00e4v\u00e4t my\u00f6s oppimisymp\u00e4rist\u00f6n mobiilik\u00e4ytt\u00f6\u00e4. Mene kurssille&nbsp; Aktivoi muokkaustila p\u00e4\u00e4lle hallintaty\u00f6kaluista&nbsp; Valitse&nbsp;Lis\u00e4\u00e4 aktiviteetti tai aineisto&nbsp;haluamaasi osioon. Valitse Sivu. Anna Yleinen-osassa sivulle [&hellip;]<\/p>\n","protected":false},"author":421,"featured_media":0,"parent":76,"menu_order":0,"comment_status":"closed","ping_status":"closed","template":"","meta":{"_uag_custom_page_level_css":"","footnotes":""},"class_list":["post-467","page","type-page","status-publish","hentry"],"yoast_head":"<!-- This site is optimized with the Yoast SEO plugin v27.4 - https:\/\/yoast.com\/product\/yoast-seo-wordpress\/ -->\n<title>Sivun lis\u00e4\u00e4minen - Gradia Digipalvelut<\/title>\n<meta name=\"robots\" content=\"index, follow, max-snippet:-1, max-image-preview:large, max-video-preview:-1\" \/>\n<link rel=\"canonical\" href=\"https:\/\/blogit.gradia.fi\/digipalvelut\/ohjeita-ja-vinkkeja\/moodle\/sivun-lisaaminen\/\" \/>\n<meta property=\"og:locale\" content=\"fi_FI\" \/>\n<meta property=\"og:type\" content=\"article\" \/>\n<meta property=\"og:title\" content=\"Sivun lis\u00e4\u00e4minen - Gradia Digipalvelut\" \/>\n<meta property=\"og:description\" content=\"Sivu-aineistolla voit lis\u00e4t\u00e4 ty\u00f6tilaasi helposti ja monipuolisesti sis\u00e4lt\u00f6\u00e4. Ladattavien tiedostojen sijaan lis\u00e4\u00e4 sivu, jonne voit lis\u00e4t\u00e4 teksti\u00e4, kuvaa, \u00e4\u00e4nt\u00e4, videoita tai linkkej\u00e4 varsinaisen tekstin sekaan. Sivut aukeavat sellaisenaan selaimessa ja edist\u00e4v\u00e4t my\u00f6s oppimisymp\u00e4rist\u00f6n mobiilik\u00e4ytt\u00f6\u00e4. Mene kurssille&nbsp; Aktivoi muokkaustila p\u00e4\u00e4lle hallintaty\u00f6kaluista&nbsp; Valitse&nbsp;Lis\u00e4\u00e4 aktiviteetti tai aineisto&nbsp;haluamaasi osioon. Valitse Sivu. Anna Yleinen-osassa sivulle [&hellip;]\" \/>\n<meta property=\"og:url\" content=\"https:\/\/blogit.gradia.fi\/digipalvelut\/ohjeita-ja-vinkkeja\/moodle\/sivun-lisaaminen\/\" \/>\n<meta property=\"og:site_name\" content=\"Gradia Digipalvelut\" \/>\n<meta property=\"article:modified_time\" content=\"2019-08-01T07:43:50+00:00\" \/>\n<meta property=\"og:image\" content=\"https:\/\/blogit.gradia.fi\/digipalvelut\/wp-content\/uploads\/sites\/99\/2019\/06\/Sivu_lisaaminen-1024x749.png\" \/>\n<meta name=\"twitter:card\" content=\"summary_large_image\" \/>\n<meta name=\"twitter:label1\" content=\"Arvioitu lukuaika\" \/>\n\t<meta name=\"twitter:data1\" content=\"1 minuutti\" \/>\n<script type=\"application\/ld+json\" class=\"yoast-schema-graph\">{\"@context\":\"https:\\\/\\\/schema.org\",\"@graph\":[{\"@type\":\"WebPage\",\"@id\":\"https:\\\/\\\/blogit.gradia.fi\\\/digipalvelut\\\/ohjeita-ja-vinkkeja\\\/moodle\\\/sivun-lisaaminen\\\/\",\"url\":\"https:\\\/\\\/blogit.gradia.fi\\\/digipalvelut\\\/ohjeita-ja-vinkkeja\\\/moodle\\\/sivun-lisaaminen\\\/\",\"name\":\"Sivun lis\u00e4\u00e4minen - Gradia Digipalvelut\",\"isPartOf\":{\"@id\":\"https:\\\/\\\/blogit.gradia.fi\\\/digipalvelut\\\/#website\"},\"primaryImageOfPage\":{\"@id\":\"https:\\\/\\\/blogit.gradia.fi\\\/digipalvelut\\\/ohjeita-ja-vinkkeja\\\/moodle\\\/sivun-lisaaminen\\\/#primaryimage\"},\"image\":{\"@id\":\"https:\\\/\\\/blogit.gradia.fi\\\/digipalvelut\\\/ohjeita-ja-vinkkeja\\\/moodle\\\/sivun-lisaaminen\\\/#primaryimage\"},\"thumbnailUrl\":\"https:\\\/\\\/blogit.gradia.fi\\\/digipalvelut\\\/wp-content\\\/uploads\\\/sites\\\/99\\\/2019\\\/06\\\/Sivu_lisaaminen-1024x749.png\",\"datePublished\":\"2019-06-28T08:00:55+00:00\",\"dateModified\":\"2019-08-01T07:43:50+00:00\",\"breadcrumb\":{\"@id\":\"https:\\\/\\\/blogit.gradia.fi\\\/digipalvelut\\\/ohjeita-ja-vinkkeja\\\/moodle\\\/sivun-lisaaminen\\\/#breadcrumb\"},\"inLanguage\":\"fi\",\"potentialAction\":[{\"@type\":\"ReadAction\",\"target\":[\"https:\\\/\\\/blogit.gradia.fi\\\/digipalvelut\\\/ohjeita-ja-vinkkeja\\\/moodle\\\/sivun-lisaaminen\\\/\"]}]},{\"@type\":\"ImageObject\",\"inLanguage\":\"fi\",\"@id\":\"https:\\\/\\\/blogit.gradia.fi\\\/digipalvelut\\\/ohjeita-ja-vinkkeja\\\/moodle\\\/sivun-lisaaminen\\\/#primaryimage\",\"url\":\"https:\\\/\\\/blogit.gradia.fi\\\/digipalvelut\\\/wp-content\\\/uploads\\\/sites\\\/99\\\/2019\\\/06\\\/Sivu_lisaaminen.png\",\"contentUrl\":\"https:\\\/\\\/blogit.gradia.fi\\\/digipalvelut\\\/wp-content\\\/uploads\\\/sites\\\/99\\\/2019\\\/06\\\/Sivu_lisaaminen.png\",\"width\":1160,\"height\":848,\"caption\":\"K\u00e4ytt\u00f6liittym\u00e4kuva sivun lis\u00e4\u00e4misest\u00e4.\"},{\"@type\":\"BreadcrumbList\",\"@id\":\"https:\\\/\\\/blogit.gradia.fi\\\/digipalvelut\\\/ohjeita-ja-vinkkeja\\\/moodle\\\/sivun-lisaaminen\\\/#breadcrumb\",\"itemListElement\":[{\"@type\":\"ListItem\",\"position\":1,\"name\":\"Ohjeita ja vinkkej\u00e4\",\"item\":\"https:\\\/\\\/blogit.gradia.fi\\\/digipalvelut\\\/ohjeita-ja-vinkkeja\\\/\"},{\"@type\":\"ListItem\",\"position\":2,\"name\":\"Moodle\",\"item\":\"https:\\\/\\\/blogit.gradia.fi\\\/digipalvelut\\\/ohjeita-ja-vinkkeja\\\/moodle\\\/\"},{\"@type\":\"ListItem\",\"position\":3,\"name\":\"Sivun lis\u00e4\u00e4minen\"}]},{\"@type\":\"WebSite\",\"@id\":\"https:\\\/\\\/blogit.gradia.fi\\\/digipalvelut\\\/#website\",\"url\":\"https:\\\/\\\/blogit.gradia.fi\\\/digipalvelut\\\/\",\"name\":\"Gradia Digipalvelut\",\"description\":\"Astetta enemm\u00e4n digi\u00e4\",\"publisher\":{\"@id\":\"https:\\\/\\\/blogit.gradia.fi\\\/digipalvelut\\\/#organization\"},\"potentialAction\":[{\"@type\":\"SearchAction\",\"target\":{\"@type\":\"EntryPoint\",\"urlTemplate\":\"https:\\\/\\\/blogit.gradia.fi\\\/digipalvelut\\\/?s={search_term_string}\"},\"query-input\":{\"@type\":\"PropertyValueSpecification\",\"valueRequired\":true,\"valueName\":\"search_term_string\"}}],\"inLanguage\":\"fi\"},{\"@type\":\"Organization\",\"@id\":\"https:\\\/\\\/blogit.gradia.fi\\\/digipalvelut\\\/#organization\",\"name\":\"Gradia Digipalvelut\",\"url\":\"https:\\\/\\\/blogit.gradia.fi\\\/digipalvelut\\\/\",\"logo\":{\"@type\":\"ImageObject\",\"inLanguage\":\"fi\",\"@id\":\"https:\\\/\\\/blogit.gradia.fi\\\/digipalvelut\\\/#\\\/schema\\\/logo\\\/image\\\/\",\"url\":\"https:\\\/\\\/blogit.gradia.fi\\\/digipalvelut\\\/wp-content\\\/uploads\\\/sites\\\/99\\\/2019\\\/06\\\/cropped-Gradia_logo_Cyber_TRANSPARENT.png\",\"contentUrl\":\"https:\\\/\\\/blogit.gradia.fi\\\/digipalvelut\\\/wp-content\\\/uploads\\\/sites\\\/99\\\/2019\\\/06\\\/cropped-Gradia_logo_Cyber_TRANSPARENT.png\",\"width\":316,\"height\":382,\"caption\":\"Gradia Digipalvelut\"},\"image\":{\"@id\":\"https:\\\/\\\/blogit.gradia.fi\\\/digipalvelut\\\/#\\\/schema\\\/logo\\\/image\\\/\"}}]}<\/script>\n<!-- \/ Yoast SEO plugin. -->","yoast_head_json":{"title":"Sivun lis\u00e4\u00e4minen - Gradia Digipalvelut","robots":{"index":"index","follow":"follow","max-snippet":"max-snippet:-1","max-image-preview":"max-image-preview:large","max-video-preview":"max-video-preview:-1"},"canonical":"https:\/\/blogit.gradia.fi\/digipalvelut\/ohjeita-ja-vinkkeja\/moodle\/sivun-lisaaminen\/","og_locale":"fi_FI","og_type":"article","og_title":"Sivun lis\u00e4\u00e4minen - Gradia Digipalvelut","og_description":"Sivu-aineistolla voit lis\u00e4t\u00e4 ty\u00f6tilaasi helposti ja monipuolisesti sis\u00e4lt\u00f6\u00e4. Ladattavien tiedostojen sijaan lis\u00e4\u00e4 sivu, jonne voit lis\u00e4t\u00e4 teksti\u00e4, kuvaa, \u00e4\u00e4nt\u00e4, videoita tai linkkej\u00e4 varsinaisen tekstin sekaan. Sivut aukeavat sellaisenaan selaimessa ja edist\u00e4v\u00e4t my\u00f6s oppimisymp\u00e4rist\u00f6n mobiilik\u00e4ytt\u00f6\u00e4. Mene kurssille&nbsp; Aktivoi muokkaustila p\u00e4\u00e4lle hallintaty\u00f6kaluista&nbsp; Valitse&nbsp;Lis\u00e4\u00e4 aktiviteetti tai aineisto&nbsp;haluamaasi osioon. Valitse Sivu. Anna Yleinen-osassa sivulle [&hellip;]","og_url":"https:\/\/blogit.gradia.fi\/digipalvelut\/ohjeita-ja-vinkkeja\/moodle\/sivun-lisaaminen\/","og_site_name":"Gradia Digipalvelut","article_modified_time":"2019-08-01T07:43:50+00:00","og_image":[{"url":"https:\/\/blogit.gradia.fi\/digipalvelut\/wp-content\/uploads\/sites\/99\/2019\/06\/Sivu_lisaaminen-1024x749.png","type":"","width":"","height":""}],"twitter_card":"summary_large_image","twitter_misc":{"Arvioitu lukuaika":"1 minuutti"},"schema":{"@context":"https:\/\/schema.org","@graph":[{"@type":"WebPage","@id":"https:\/\/blogit.gradia.fi\/digipalvelut\/ohjeita-ja-vinkkeja\/moodle\/sivun-lisaaminen\/","url":"https:\/\/blogit.gradia.fi\/digipalvelut\/ohjeita-ja-vinkkeja\/moodle\/sivun-lisaaminen\/","name":"Sivun lis\u00e4\u00e4minen - Gradia Digipalvelut","isPartOf":{"@id":"https:\/\/blogit.gradia.fi\/digipalvelut\/#website"},"primaryImageOfPage":{"@id":"https:\/\/blogit.gradia.fi\/digipalvelut\/ohjeita-ja-vinkkeja\/moodle\/sivun-lisaaminen\/#primaryimage"},"image":{"@id":"https:\/\/blogit.gradia.fi\/digipalvelut\/ohjeita-ja-vinkkeja\/moodle\/sivun-lisaaminen\/#primaryimage"},"thumbnailUrl":"https:\/\/blogit.gradia.fi\/digipalvelut\/wp-content\/uploads\/sites\/99\/2019\/06\/Sivu_lisaaminen-1024x749.png","datePublished":"2019-06-28T08:00:55+00:00","dateModified":"2019-08-01T07:43:50+00:00","breadcrumb":{"@id":"https:\/\/blogit.gradia.fi\/digipalvelut\/ohjeita-ja-vinkkeja\/moodle\/sivun-lisaaminen\/#breadcrumb"},"inLanguage":"fi","potentialAction":[{"@type":"ReadAction","target":["https:\/\/blogit.gradia.fi\/digipalvelut\/ohjeita-ja-vinkkeja\/moodle\/sivun-lisaaminen\/"]}]},{"@type":"ImageObject","inLanguage":"fi","@id":"https:\/\/blogit.gradia.fi\/digipalvelut\/ohjeita-ja-vinkkeja\/moodle\/sivun-lisaaminen\/#primaryimage","url":"https:\/\/blogit.gradia.fi\/digipalvelut\/wp-content\/uploads\/sites\/99\/2019\/06\/Sivu_lisaaminen.png","contentUrl":"https:\/\/blogit.gradia.fi\/digipalvelut\/wp-content\/uploads\/sites\/99\/2019\/06\/Sivu_lisaaminen.png","width":1160,"height":848,"caption":"K\u00e4ytt\u00f6liittym\u00e4kuva sivun lis\u00e4\u00e4misest\u00e4."},{"@type":"BreadcrumbList","@id":"https:\/\/blogit.gradia.fi\/digipalvelut\/ohjeita-ja-vinkkeja\/moodle\/sivun-lisaaminen\/#breadcrumb","itemListElement":[{"@type":"ListItem","position":1,"name":"Ohjeita ja vinkkej\u00e4","item":"https:\/\/blogit.gradia.fi\/digipalvelut\/ohjeita-ja-vinkkeja\/"},{"@type":"ListItem","position":2,"name":"Moodle","item":"https:\/\/blogit.gradia.fi\/digipalvelut\/ohjeita-ja-vinkkeja\/moodle\/"},{"@type":"ListItem","position":3,"name":"Sivun lis\u00e4\u00e4minen"}]},{"@type":"WebSite","@id":"https:\/\/blogit.gradia.fi\/digipalvelut\/#website","url":"https:\/\/blogit.gradia.fi\/digipalvelut\/","name":"Gradia Digipalvelut","description":"Astetta enemm\u00e4n digi\u00e4","publisher":{"@id":"https:\/\/blogit.gradia.fi\/digipalvelut\/#organization"},"potentialAction":[{"@type":"SearchAction","target":{"@type":"EntryPoint","urlTemplate":"https:\/\/blogit.gradia.fi\/digipalvelut\/?s={search_term_string}"},"query-input":{"@type":"PropertyValueSpecification","valueRequired":true,"valueName":"search_term_string"}}],"inLanguage":"fi"},{"@type":"Organization","@id":"https:\/\/blogit.gradia.fi\/digipalvelut\/#organization","name":"Gradia Digipalvelut","url":"https:\/\/blogit.gradia.fi\/digipalvelut\/","logo":{"@type":"ImageObject","inLanguage":"fi","@id":"https:\/\/blogit.gradia.fi\/digipalvelut\/#\/schema\/logo\/image\/","url":"https:\/\/blogit.gradia.fi\/digipalvelut\/wp-content\/uploads\/sites\/99\/2019\/06\/cropped-Gradia_logo_Cyber_TRANSPARENT.png","contentUrl":"https:\/\/blogit.gradia.fi\/digipalvelut\/wp-content\/uploads\/sites\/99\/2019\/06\/cropped-Gradia_logo_Cyber_TRANSPARENT.png","width":316,"height":382,"caption":"Gradia Digipalvelut"},"image":{"@id":"https:\/\/blogit.gradia.fi\/digipalvelut\/#\/schema\/logo\/image\/"}}]}},"uagb_featured_image_src":{"full":false,"thumbnail":false,"medium":false,"medium_large":false,"large":false,"1536x1536":false,"2048x2048":false,"hestia-blog":false},"uagb_author_info":{"display_name":"Merja Hakanen","author_link":"https:\/\/blogit.gradia.fi\/digipalvelut\/author\/hakanmer\/"},"uagb_comment_info":0,"uagb_excerpt":"Sivu-aineistolla voit lis\u00e4t\u00e4 ty\u00f6tilaasi helposti ja monipuolisesti sis\u00e4lt\u00f6\u00e4. Ladattavien tiedostojen sijaan lis\u00e4\u00e4 sivu, jonne voit lis\u00e4t\u00e4 teksti\u00e4, kuvaa, \u00e4\u00e4nt\u00e4, videoita tai linkkej\u00e4 varsinaisen tekstin sekaan. Sivut aukeavat sellaisenaan selaimessa ja edist\u00e4v\u00e4t my\u00f6s oppimisymp\u00e4rist\u00f6n mobiilik\u00e4ytt\u00f6\u00e4. Mene kurssille&nbsp; Aktivoi muokkaustila p\u00e4\u00e4lle hallintaty\u00f6kaluista&nbsp; Valitse&nbsp;Lis\u00e4\u00e4 aktiviteetti tai aineisto&nbsp;haluamaasi osioon. Valitse Sivu. Anna Yleinen-osassa sivulle [&hellip;]","_links":{"self":[{"href":"https:\/\/blogit.gradia.fi\/digipalvelut\/wp-json\/wp\/v2\/pages\/467","targetHints":{"allow":["GET"]}}],"collection":[{"href":"https:\/\/blogit.gradia.fi\/digipalvelut\/wp-json\/wp\/v2\/pages"}],"about":[{"href":"https:\/\/blogit.gradia.fi\/digipalvelut\/wp-json\/wp\/v2\/types\/page"}],"author":[{"embeddable":true,"href":"https:\/\/blogit.gradia.fi\/digipalvelut\/wp-json\/wp\/v2\/users\/421"}],"replies":[{"embeddable":true,"href":"https:\/\/blogit.gradia.fi\/digipalvelut\/wp-json\/wp\/v2\/comments?post=467"}],"version-history":[{"count":2,"href":"https:\/\/blogit.gradia.fi\/digipalvelut\/wp-json\/wp\/v2\/pages\/467\/revisions"}],"predecessor-version":[{"id":808,"href":"https:\/\/blogit.gradia.fi\/digipalvelut\/wp-json\/wp\/v2\/pages\/467\/revisions\/808"}],"up":[{"embeddable":true,"href":"https:\/\/blogit.gradia.fi\/digipalvelut\/wp-json\/wp\/v2\/pages\/76"}],"wp:attachment":[{"href":"https:\/\/blogit.gradia.fi\/digipalvelut\/wp-json\/wp\/v2\/media?parent=467"}],"curies":[{"name":"wp","href":"https:\/\/api.w.org\/{rel}","templated":true}]}}