{"id":459,"date":"2019-06-28T10:42:14","date_gmt":"2019-06-28T07:42:14","guid":{"rendered":"https:\/\/blogit.gradia.fi\/digipalvelut\/?page_id=459"},"modified":"2020-08-07T13:30:57","modified_gmt":"2020-08-07T10:30:57","slug":"kirjan-lisaaminen","status":"publish","type":"page","link":"https:\/\/blogit.gradia.fi\/digipalvelut\/ohjeita-ja-vinkkeja\/moodle\/kirjan-lisaaminen\/","title":{"rendered":"Kirjan lis\u00e4\u00e4minen"},"content":{"rendered":"\n<p>Kirja-aineistolla voi lis\u00e4t\u00e4 kurssialueelle laajempia sis\u00e4lt\u00f6kokonaisuuksia. Kirja jaetaan eri lukuihin, joita voi selata sis\u00e4llysluettelon avulla. <\/p>\n\n\n\n<p><a href=\"#kirjan_lisaaminen\">Kirja-aineiston lis\u00e4\u00e4minen<\/a><br><a href=\"#kirjan_rakentaminen\">Kirjan rakentaminen<\/a><\/p>\n\n\n\n<h2 class=\"wp-block-heading\" id=\"kirjan_lisaaminen\">Kirja-aineiston lis\u00e4\u00e4minen<\/h2>\n\n\n\n<ol class=\"wp-block-list\"><li>Mene kurssille&nbsp;<\/li><li>Aktivoi muokkaustila p\u00e4\u00e4lle hallintaty\u00f6kaluista&nbsp;<\/li><li>Valitse&nbsp;<strong>Lis\u00e4\u00e4 aktiviteetti tai aineisto<\/strong>&nbsp;haluamaasi osioon. Valitse haluamasi&nbsp;<strong>Kirja<\/strong>.<\/li><li>Anna <strong>Yleinen<\/strong>-osassa kirjalle nimi ja kuvaa tarvittaessa kirjan sis\u00e4lt\u00f6\u00e4.<\/li><li>S\u00e4\u00e4d\u00e4 n\u00e4kyvyyteen liittyv\u00e4t asetukset, otsikointi ja navigointitapa. Otsikoissa on vaihtoehtoina <ul><li>Ei mit\u00e4\u00e4n, jolloin voit m\u00e4\u00e4ritell\u00e4 oman nime\u00e4mistyylisi<\/li><li>numerot, jolloin luvut jaetaan automaattisesti lukuihin 1, 1.1, 1.2 jne. <\/li><li>luettelomerkit <\/li><li>sisennetty (alilukujen sisennys)<\/li><\/ul><\/li><li>S\u00e4\u00e4d\u00e4 muut tarvittavat asetukset ja tallenna uusi kirja.<\/li><\/ol>\n\n\n\n<figure class=\"wp-block-image is-resized\"><img fetchpriority=\"high\" decoding=\"async\" src=\"https:\/\/blogit.gradia.fi\/digipalvelut\/wp-content\/uploads\/sites\/99\/2019\/06\/Kirja_1-1024x619.png\" alt=\"Kirja-aineiston lis\u00e4\u00e4minen Moodlessa, k\u00e4ytt\u00f6liittym\u00e4n kuva.\" class=\"wp-image-460\" width=\"512\" height=\"310\" srcset=\"https:\/\/blogit.gradia.fi\/digipalvelut\/wp-content\/uploads\/sites\/99\/2019\/06\/Kirja_1-1024x619.png 1024w, https:\/\/blogit.gradia.fi\/digipalvelut\/wp-content\/uploads\/sites\/99\/2019\/06\/Kirja_1-300x181.png 300w, https:\/\/blogit.gradia.fi\/digipalvelut\/wp-content\/uploads\/sites\/99\/2019\/06\/Kirja_1-768x464.png 768w, https:\/\/blogit.gradia.fi\/digipalvelut\/wp-content\/uploads\/sites\/99\/2019\/06\/Kirja_1-620x375.png 620w, https:\/\/blogit.gradia.fi\/digipalvelut\/wp-content\/uploads\/sites\/99\/2019\/06\/Kirja_1.png 1344w\" sizes=\"(max-width: 512px) 100vw, 512px\" \/><\/figure>\n\n\n\n<p>Kirja on nyt lis\u00e4tty aineistona ja voit alkaa rakentaa kirjaa luku kerrallaan. <\/p>\n\n\n\n<h2 class=\"wp-block-heading\" id=\"kirjan_rakentaminen\">Kirjan rakentaminen<\/h2>\n\n\n\n<p>Kirja-aineiston lis\u00e4\u00e4misen j\u00e4lkeen kasataan kirjan varsinainen sis\u00e4lt\u00f6. Kirja kasataan luku kerrallaan. Anna jokaiselle luvulle oma otsikko ja merkitse onko se p\u00e4\u00e4- vai aliluku. Tuota varsinainen sis\u00e4lt\u00f6 sis\u00e4lt\u00f6-ikkunaan. Voit lis\u00e4t\u00e4 sis\u00e4lt\u00f6\u00e4 teksin\u00e4, kuvana tai muuna mediana. <\/p>\n\n\n\n<figure class=\"wp-block-image is-resized\"><img decoding=\"async\" src=\"https:\/\/blogit.gradia.fi\/digipalvelut\/wp-content\/uploads\/sites\/99\/2019\/06\/Kirja_2-1024x550.png\" alt=\"\" class=\"wp-image-461\" width=\"512\" height=\"275\" srcset=\"https:\/\/blogit.gradia.fi\/digipalvelut\/wp-content\/uploads\/sites\/99\/2019\/06\/Kirja_2-1024x550.png 1024w, https:\/\/blogit.gradia.fi\/digipalvelut\/wp-content\/uploads\/sites\/99\/2019\/06\/Kirja_2-300x161.png 300w, https:\/\/blogit.gradia.fi\/digipalvelut\/wp-content\/uploads\/sites\/99\/2019\/06\/Kirja_2-768x412.png 768w, https:\/\/blogit.gradia.fi\/digipalvelut\/wp-content\/uploads\/sites\/99\/2019\/06\/Kirja_2-620x333.png 620w, https:\/\/blogit.gradia.fi\/digipalvelut\/wp-content\/uploads\/sites\/99\/2019\/06\/Kirja_2.png 1364w\" sizes=\"(max-width: 512px) 100vw, 512px\" \/><\/figure>\n\n\n\n<p>Oikeassa kulmassa on kirjan muokkaamiseen liittyv\u00e4t painikkeet, joista voit muokata, poistaa ja muokata lukuja sek\u00e4 lis\u00e4t\u00e4 uusia lukuja.&nbsp; My\u00f6s valmiin kirjan selaaminen on k\u00e4tev\u00e4\u00e4 sis\u00e4llysluettelon avulla. <\/p>\n\n\n\n<figure class=\"wp-block-image is-resized\"><img decoding=\"async\" src=\"https:\/\/blogit.gradia.fi\/digipalvelut\/wp-content\/uploads\/sites\/99\/2019\/06\/Kirja3-1024x511.png\" alt=\"N\u00e4kym\u00e4 valmiista luvusta, oikeassa yl\u00e4kulmassa on kirjan navigointipainikkeet. \" class=\"wp-image-462\" width=\"512\" height=\"256\" srcset=\"https:\/\/blogit.gradia.fi\/digipalvelut\/wp-content\/uploads\/sites\/99\/2019\/06\/Kirja3-1024x511.png 1024w, https:\/\/blogit.gradia.fi\/digipalvelut\/wp-content\/uploads\/sites\/99\/2019\/06\/Kirja3-300x150.png 300w, https:\/\/blogit.gradia.fi\/digipalvelut\/wp-content\/uploads\/sites\/99\/2019\/06\/Kirja3-768x383.png 768w, https:\/\/blogit.gradia.fi\/digipalvelut\/wp-content\/uploads\/sites\/99\/2019\/06\/Kirja3-620x309.png 620w, https:\/\/blogit.gradia.fi\/digipalvelut\/wp-content\/uploads\/sites\/99\/2019\/06\/Kirja3.png 1604w\" sizes=\"(max-width: 512px) 100vw, 512px\" \/><\/figure>\n\n\n\n<p>Aineistoihin ja aktiviteetteihin liittyy lis\u00e4ksi yleisi\u00e4 asetuksia, joita ei t\u00e4ss\u00e4 tarkastella yksityiskohtaisesti.&nbsp;&nbsp;<br><a rel=\"noreferrer noopener\" href=\"https:\/\/blogit.gradia.fi\/digipalvelut\/ohjeita-ja-vinkkeja\/moodle\/moduulien-yleiset-asetukset\/\" target=\"_blank\">Lue lis\u00e4\u00e4 moduulien yleisist\u00e4 asetuksista.<\/a><br><a rel=\"noreferrer noopener\" href=\"https:\/\/blogit.gradia.fi\/digipalvelut\/ohjeita-ja-vinkkeja\/moodle\/rajoita-paasy-toimintoihin\/\" target=\"_blank\">Lue lis\u00e4\u00e4 p\u00e4\u00e4syn rajoittamisesta aktiviteetteihin ja aineistoihin<\/a>.&nbsp;&nbsp;<br><a rel=\"noreferrer noopener\" href=\"https:\/\/blogit.gradia.fi\/digipalvelut\/ohjeita-ja-vinkkeja\/moodle\/edistymisen-seuranta\/\" target=\"_blank\">Lue lis\u00e4\u00e4 opiskelijoiden edistymisen seurannasta.<\/a><\/p>\n\n\n\n<hr class=\"wp-block-separator\" \/>\n\n\n\n<figure class=\"wp-block-embed-youtube wp-block-embed is-type-video is-provider-youtube wp-embed-aspect-16-9 wp-has-aspect-ratio\"><div class=\"wp-block-embed__wrapper\">\n<iframe title=\"Kirja-aineiston lis\u00e4\u00e4minen Moodleen ja sen muokkaaminen\" width=\"750\" height=\"422\" src=\"https:\/\/www.youtube.com\/embed\/qLMiCjy4sFs?feature=oembed\" frameborder=\"0\" allow=\"accelerometer; autoplay; clipboard-write; encrypted-media; gyroscope; picture-in-picture; web-share\" allowfullscreen><\/iframe>\n<\/div><\/figure>\n","protected":false},"excerpt":{"rendered":"<p>Kirja-aineistolla voi lis\u00e4t\u00e4 kurssialueelle laajempia sis\u00e4lt\u00f6kokonaisuuksia. Kirja jaetaan eri lukuihin, joita voi selata sis\u00e4llysluettelon avulla. Kirja-aineiston lis\u00e4\u00e4minenKirjan rakentaminen Kirja-aineiston lis\u00e4\u00e4minen Mene kurssille&nbsp; Aktivoi muokkaustila p\u00e4\u00e4lle hallintaty\u00f6kaluista&nbsp; Valitse&nbsp;Lis\u00e4\u00e4 aktiviteetti tai aineisto&nbsp;haluamaasi osioon. Valitse haluamasi&nbsp;Kirja. Anna Yleinen-osassa kirjalle nimi ja kuvaa tarvittaessa kirjan sis\u00e4lt\u00f6\u00e4. S\u00e4\u00e4d\u00e4 n\u00e4kyvyyteen liittyv\u00e4t asetukset, otsikointi ja navigointitapa. Otsikoissa [&hellip;]<\/p>\n","protected":false},"author":421,"featured_media":0,"parent":76,"menu_order":0,"comment_status":"closed","ping_status":"closed","template":"","meta":{"_uag_custom_page_level_css":"","footnotes":""},"class_list":["post-459","page","type-page","status-publish","hentry"],"yoast_head":"<!-- This site is optimized with the Yoast SEO plugin v27.4 - https:\/\/yoast.com\/product\/yoast-seo-wordpress\/ -->\n<title>Kirjan lis\u00e4\u00e4minen - Gradia Digipalvelut<\/title>\n<meta name=\"robots\" content=\"index, follow, max-snippet:-1, max-image-preview:large, max-video-preview:-1\" \/>\n<link rel=\"canonical\" href=\"https:\/\/blogit.gradia.fi\/digipalvelut\/ohjeita-ja-vinkkeja\/moodle\/kirjan-lisaaminen\/\" \/>\n<meta property=\"og:locale\" content=\"fi_FI\" \/>\n<meta property=\"og:type\" content=\"article\" \/>\n<meta property=\"og:title\" content=\"Kirjan lis\u00e4\u00e4minen - Gradia Digipalvelut\" \/>\n<meta property=\"og:description\" content=\"Kirja-aineistolla voi lis\u00e4t\u00e4 kurssialueelle laajempia sis\u00e4lt\u00f6kokonaisuuksia. Kirja jaetaan eri lukuihin, joita voi selata sis\u00e4llysluettelon avulla. Kirja-aineiston lis\u00e4\u00e4minenKirjan rakentaminen Kirja-aineiston lis\u00e4\u00e4minen Mene kurssille&nbsp; Aktivoi muokkaustila p\u00e4\u00e4lle hallintaty\u00f6kaluista&nbsp; Valitse&nbsp;Lis\u00e4\u00e4 aktiviteetti tai aineisto&nbsp;haluamaasi osioon. Valitse haluamasi&nbsp;Kirja. Anna Yleinen-osassa kirjalle nimi ja kuvaa tarvittaessa kirjan sis\u00e4lt\u00f6\u00e4. S\u00e4\u00e4d\u00e4 n\u00e4kyvyyteen liittyv\u00e4t asetukset, otsikointi ja navigointitapa. Otsikoissa [&hellip;]\" \/>\n<meta property=\"og:url\" content=\"https:\/\/blogit.gradia.fi\/digipalvelut\/ohjeita-ja-vinkkeja\/moodle\/kirjan-lisaaminen\/\" \/>\n<meta property=\"og:site_name\" content=\"Gradia Digipalvelut\" \/>\n<meta property=\"article:modified_time\" content=\"2020-08-07T10:30:57+00:00\" \/>\n<meta property=\"og:image\" content=\"https:\/\/blogit.gradia.fi\/digipalvelut\/wp-content\/uploads\/sites\/99\/2019\/06\/Kirja_1-1024x619.png\" \/>\n<meta name=\"twitter:card\" content=\"summary_large_image\" \/>\n<meta name=\"twitter:label1\" content=\"Arvioitu lukuaika\" \/>\n\t<meta name=\"twitter:data1\" content=\"1 minuutti\" \/>\n<script type=\"application\/ld+json\" class=\"yoast-schema-graph\">{\"@context\":\"https:\\\/\\\/schema.org\",\"@graph\":[{\"@type\":\"WebPage\",\"@id\":\"https:\\\/\\\/blogit.gradia.fi\\\/digipalvelut\\\/ohjeita-ja-vinkkeja\\\/moodle\\\/kirjan-lisaaminen\\\/\",\"url\":\"https:\\\/\\\/blogit.gradia.fi\\\/digipalvelut\\\/ohjeita-ja-vinkkeja\\\/moodle\\\/kirjan-lisaaminen\\\/\",\"name\":\"Kirjan lis\u00e4\u00e4minen - Gradia Digipalvelut\",\"isPartOf\":{\"@id\":\"https:\\\/\\\/blogit.gradia.fi\\\/digipalvelut\\\/#website\"},\"primaryImageOfPage\":{\"@id\":\"https:\\\/\\\/blogit.gradia.fi\\\/digipalvelut\\\/ohjeita-ja-vinkkeja\\\/moodle\\\/kirjan-lisaaminen\\\/#primaryimage\"},\"image\":{\"@id\":\"https:\\\/\\\/blogit.gradia.fi\\\/digipalvelut\\\/ohjeita-ja-vinkkeja\\\/moodle\\\/kirjan-lisaaminen\\\/#primaryimage\"},\"thumbnailUrl\":\"https:\\\/\\\/blogit.gradia.fi\\\/digipalvelut\\\/wp-content\\\/uploads\\\/sites\\\/99\\\/2019\\\/06\\\/Kirja_1-1024x619.png\",\"datePublished\":\"2019-06-28T07:42:14+00:00\",\"dateModified\":\"2020-08-07T10:30:57+00:00\",\"breadcrumb\":{\"@id\":\"https:\\\/\\\/blogit.gradia.fi\\\/digipalvelut\\\/ohjeita-ja-vinkkeja\\\/moodle\\\/kirjan-lisaaminen\\\/#breadcrumb\"},\"inLanguage\":\"fi\",\"potentialAction\":[{\"@type\":\"ReadAction\",\"target\":[\"https:\\\/\\\/blogit.gradia.fi\\\/digipalvelut\\\/ohjeita-ja-vinkkeja\\\/moodle\\\/kirjan-lisaaminen\\\/\"]}]},{\"@type\":\"ImageObject\",\"inLanguage\":\"fi\",\"@id\":\"https:\\\/\\\/blogit.gradia.fi\\\/digipalvelut\\\/ohjeita-ja-vinkkeja\\\/moodle\\\/kirjan-lisaaminen\\\/#primaryimage\",\"url\":\"https:\\\/\\\/blogit.gradia.fi\\\/digipalvelut\\\/wp-content\\\/uploads\\\/sites\\\/99\\\/2019\\\/06\\\/Kirja_1.png\",\"contentUrl\":\"https:\\\/\\\/blogit.gradia.fi\\\/digipalvelut\\\/wp-content\\\/uploads\\\/sites\\\/99\\\/2019\\\/06\\\/Kirja_1.png\",\"width\":1344,\"height\":812,\"caption\":\"Kirja-aineiston lis\u00e4\u00e4minen Moodlessa, k\u00e4ytt\u00f6liittym\u00e4n kuva.\"},{\"@type\":\"BreadcrumbList\",\"@id\":\"https:\\\/\\\/blogit.gradia.fi\\\/digipalvelut\\\/ohjeita-ja-vinkkeja\\\/moodle\\\/kirjan-lisaaminen\\\/#breadcrumb\",\"itemListElement\":[{\"@type\":\"ListItem\",\"position\":1,\"name\":\"Ohjeita ja vinkkej\u00e4\",\"item\":\"https:\\\/\\\/blogit.gradia.fi\\\/digipalvelut\\\/ohjeita-ja-vinkkeja\\\/\"},{\"@type\":\"ListItem\",\"position\":2,\"name\":\"Moodle\",\"item\":\"https:\\\/\\\/blogit.gradia.fi\\\/digipalvelut\\\/ohjeita-ja-vinkkeja\\\/moodle\\\/\"},{\"@type\":\"ListItem\",\"position\":3,\"name\":\"Kirjan lis\u00e4\u00e4minen\"}]},{\"@type\":\"WebSite\",\"@id\":\"https:\\\/\\\/blogit.gradia.fi\\\/digipalvelut\\\/#website\",\"url\":\"https:\\\/\\\/blogit.gradia.fi\\\/digipalvelut\\\/\",\"name\":\"Gradia Digipalvelut\",\"description\":\"Astetta enemm\u00e4n digi\u00e4\",\"publisher\":{\"@id\":\"https:\\\/\\\/blogit.gradia.fi\\\/digipalvelut\\\/#organization\"},\"potentialAction\":[{\"@type\":\"SearchAction\",\"target\":{\"@type\":\"EntryPoint\",\"urlTemplate\":\"https:\\\/\\\/blogit.gradia.fi\\\/digipalvelut\\\/?s={search_term_string}\"},\"query-input\":{\"@type\":\"PropertyValueSpecification\",\"valueRequired\":true,\"valueName\":\"search_term_string\"}}],\"inLanguage\":\"fi\"},{\"@type\":\"Organization\",\"@id\":\"https:\\\/\\\/blogit.gradia.fi\\\/digipalvelut\\\/#organization\",\"name\":\"Gradia Digipalvelut\",\"url\":\"https:\\\/\\\/blogit.gradia.fi\\\/digipalvelut\\\/\",\"logo\":{\"@type\":\"ImageObject\",\"inLanguage\":\"fi\",\"@id\":\"https:\\\/\\\/blogit.gradia.fi\\\/digipalvelut\\\/#\\\/schema\\\/logo\\\/image\\\/\",\"url\":\"https:\\\/\\\/blogit.gradia.fi\\\/digipalvelut\\\/wp-content\\\/uploads\\\/sites\\\/99\\\/2019\\\/06\\\/cropped-Gradia_logo_Cyber_TRANSPARENT.png\",\"contentUrl\":\"https:\\\/\\\/blogit.gradia.fi\\\/digipalvelut\\\/wp-content\\\/uploads\\\/sites\\\/99\\\/2019\\\/06\\\/cropped-Gradia_logo_Cyber_TRANSPARENT.png\",\"width\":316,\"height\":382,\"caption\":\"Gradia Digipalvelut\"},\"image\":{\"@id\":\"https:\\\/\\\/blogit.gradia.fi\\\/digipalvelut\\\/#\\\/schema\\\/logo\\\/image\\\/\"}}]}<\/script>\n<!-- \/ Yoast SEO plugin. -->","yoast_head_json":{"title":"Kirjan lis\u00e4\u00e4minen - Gradia Digipalvelut","robots":{"index":"index","follow":"follow","max-snippet":"max-snippet:-1","max-image-preview":"max-image-preview:large","max-video-preview":"max-video-preview:-1"},"canonical":"https:\/\/blogit.gradia.fi\/digipalvelut\/ohjeita-ja-vinkkeja\/moodle\/kirjan-lisaaminen\/","og_locale":"fi_FI","og_type":"article","og_title":"Kirjan lis\u00e4\u00e4minen - Gradia Digipalvelut","og_description":"Kirja-aineistolla voi lis\u00e4t\u00e4 kurssialueelle laajempia sis\u00e4lt\u00f6kokonaisuuksia. Kirja jaetaan eri lukuihin, joita voi selata sis\u00e4llysluettelon avulla. Kirja-aineiston lis\u00e4\u00e4minenKirjan rakentaminen Kirja-aineiston lis\u00e4\u00e4minen Mene kurssille&nbsp; Aktivoi muokkaustila p\u00e4\u00e4lle hallintaty\u00f6kaluista&nbsp; Valitse&nbsp;Lis\u00e4\u00e4 aktiviteetti tai aineisto&nbsp;haluamaasi osioon. Valitse haluamasi&nbsp;Kirja. Anna Yleinen-osassa kirjalle nimi ja kuvaa tarvittaessa kirjan sis\u00e4lt\u00f6\u00e4. S\u00e4\u00e4d\u00e4 n\u00e4kyvyyteen liittyv\u00e4t asetukset, otsikointi ja navigointitapa. Otsikoissa [&hellip;]","og_url":"https:\/\/blogit.gradia.fi\/digipalvelut\/ohjeita-ja-vinkkeja\/moodle\/kirjan-lisaaminen\/","og_site_name":"Gradia Digipalvelut","article_modified_time":"2020-08-07T10:30:57+00:00","og_image":[{"url":"https:\/\/blogit.gradia.fi\/digipalvelut\/wp-content\/uploads\/sites\/99\/2019\/06\/Kirja_1-1024x619.png","type":"","width":"","height":""}],"twitter_card":"summary_large_image","twitter_misc":{"Arvioitu lukuaika":"1 minuutti"},"schema":{"@context":"https:\/\/schema.org","@graph":[{"@type":"WebPage","@id":"https:\/\/blogit.gradia.fi\/digipalvelut\/ohjeita-ja-vinkkeja\/moodle\/kirjan-lisaaminen\/","url":"https:\/\/blogit.gradia.fi\/digipalvelut\/ohjeita-ja-vinkkeja\/moodle\/kirjan-lisaaminen\/","name":"Kirjan lis\u00e4\u00e4minen - Gradia Digipalvelut","isPartOf":{"@id":"https:\/\/blogit.gradia.fi\/digipalvelut\/#website"},"primaryImageOfPage":{"@id":"https:\/\/blogit.gradia.fi\/digipalvelut\/ohjeita-ja-vinkkeja\/moodle\/kirjan-lisaaminen\/#primaryimage"},"image":{"@id":"https:\/\/blogit.gradia.fi\/digipalvelut\/ohjeita-ja-vinkkeja\/moodle\/kirjan-lisaaminen\/#primaryimage"},"thumbnailUrl":"https:\/\/blogit.gradia.fi\/digipalvelut\/wp-content\/uploads\/sites\/99\/2019\/06\/Kirja_1-1024x619.png","datePublished":"2019-06-28T07:42:14+00:00","dateModified":"2020-08-07T10:30:57+00:00","breadcrumb":{"@id":"https:\/\/blogit.gradia.fi\/digipalvelut\/ohjeita-ja-vinkkeja\/moodle\/kirjan-lisaaminen\/#breadcrumb"},"inLanguage":"fi","potentialAction":[{"@type":"ReadAction","target":["https:\/\/blogit.gradia.fi\/digipalvelut\/ohjeita-ja-vinkkeja\/moodle\/kirjan-lisaaminen\/"]}]},{"@type":"ImageObject","inLanguage":"fi","@id":"https:\/\/blogit.gradia.fi\/digipalvelut\/ohjeita-ja-vinkkeja\/moodle\/kirjan-lisaaminen\/#primaryimage","url":"https:\/\/blogit.gradia.fi\/digipalvelut\/wp-content\/uploads\/sites\/99\/2019\/06\/Kirja_1.png","contentUrl":"https:\/\/blogit.gradia.fi\/digipalvelut\/wp-content\/uploads\/sites\/99\/2019\/06\/Kirja_1.png","width":1344,"height":812,"caption":"Kirja-aineiston lis\u00e4\u00e4minen Moodlessa, k\u00e4ytt\u00f6liittym\u00e4n kuva."},{"@type":"BreadcrumbList","@id":"https:\/\/blogit.gradia.fi\/digipalvelut\/ohjeita-ja-vinkkeja\/moodle\/kirjan-lisaaminen\/#breadcrumb","itemListElement":[{"@type":"ListItem","position":1,"name":"Ohjeita ja vinkkej\u00e4","item":"https:\/\/blogit.gradia.fi\/digipalvelut\/ohjeita-ja-vinkkeja\/"},{"@type":"ListItem","position":2,"name":"Moodle","item":"https:\/\/blogit.gradia.fi\/digipalvelut\/ohjeita-ja-vinkkeja\/moodle\/"},{"@type":"ListItem","position":3,"name":"Kirjan lis\u00e4\u00e4minen"}]},{"@type":"WebSite","@id":"https:\/\/blogit.gradia.fi\/digipalvelut\/#website","url":"https:\/\/blogit.gradia.fi\/digipalvelut\/","name":"Gradia Digipalvelut","description":"Astetta enemm\u00e4n digi\u00e4","publisher":{"@id":"https:\/\/blogit.gradia.fi\/digipalvelut\/#organization"},"potentialAction":[{"@type":"SearchAction","target":{"@type":"EntryPoint","urlTemplate":"https:\/\/blogit.gradia.fi\/digipalvelut\/?s={search_term_string}"},"query-input":{"@type":"PropertyValueSpecification","valueRequired":true,"valueName":"search_term_string"}}],"inLanguage":"fi"},{"@type":"Organization","@id":"https:\/\/blogit.gradia.fi\/digipalvelut\/#organization","name":"Gradia Digipalvelut","url":"https:\/\/blogit.gradia.fi\/digipalvelut\/","logo":{"@type":"ImageObject","inLanguage":"fi","@id":"https:\/\/blogit.gradia.fi\/digipalvelut\/#\/schema\/logo\/image\/","url":"https:\/\/blogit.gradia.fi\/digipalvelut\/wp-content\/uploads\/sites\/99\/2019\/06\/cropped-Gradia_logo_Cyber_TRANSPARENT.png","contentUrl":"https:\/\/blogit.gradia.fi\/digipalvelut\/wp-content\/uploads\/sites\/99\/2019\/06\/cropped-Gradia_logo_Cyber_TRANSPARENT.png","width":316,"height":382,"caption":"Gradia Digipalvelut"},"image":{"@id":"https:\/\/blogit.gradia.fi\/digipalvelut\/#\/schema\/logo\/image\/"}}]}},"uagb_featured_image_src":{"full":false,"thumbnail":false,"medium":false,"medium_large":false,"large":false,"1536x1536":false,"2048x2048":false,"hestia-blog":false},"uagb_author_info":{"display_name":"Merja Hakanen","author_link":"https:\/\/blogit.gradia.fi\/digipalvelut\/author\/hakanmer\/"},"uagb_comment_info":0,"uagb_excerpt":"Kirja-aineistolla voi lis\u00e4t\u00e4 kurssialueelle laajempia sis\u00e4lt\u00f6kokonaisuuksia. Kirja jaetaan eri lukuihin, joita voi selata sis\u00e4llysluettelon avulla. Kirja-aineiston lis\u00e4\u00e4minenKirjan rakentaminen Kirja-aineiston lis\u00e4\u00e4minen Mene kurssille&nbsp; Aktivoi muokkaustila p\u00e4\u00e4lle hallintaty\u00f6kaluista&nbsp; Valitse&nbsp;Lis\u00e4\u00e4 aktiviteetti tai aineisto&nbsp;haluamaasi osioon. Valitse haluamasi&nbsp;Kirja. Anna Yleinen-osassa kirjalle nimi ja kuvaa tarvittaessa kirjan sis\u00e4lt\u00f6\u00e4. S\u00e4\u00e4d\u00e4 n\u00e4kyvyyteen liittyv\u00e4t asetukset, otsikointi ja navigointitapa. Otsikoissa [&hellip;]","_links":{"self":[{"href":"https:\/\/blogit.gradia.fi\/digipalvelut\/wp-json\/wp\/v2\/pages\/459","targetHints":{"allow":["GET"]}}],"collection":[{"href":"https:\/\/blogit.gradia.fi\/digipalvelut\/wp-json\/wp\/v2\/pages"}],"about":[{"href":"https:\/\/blogit.gradia.fi\/digipalvelut\/wp-json\/wp\/v2\/types\/page"}],"author":[{"embeddable":true,"href":"https:\/\/blogit.gradia.fi\/digipalvelut\/wp-json\/wp\/v2\/users\/421"}],"replies":[{"embeddable":true,"href":"https:\/\/blogit.gradia.fi\/digipalvelut\/wp-json\/wp\/v2\/comments?post=459"}],"version-history":[{"count":5,"href":"https:\/\/blogit.gradia.fi\/digipalvelut\/wp-json\/wp\/v2\/pages\/459\/revisions"}],"predecessor-version":[{"id":1973,"href":"https:\/\/blogit.gradia.fi\/digipalvelut\/wp-json\/wp\/v2\/pages\/459\/revisions\/1973"}],"up":[{"embeddable":true,"href":"https:\/\/blogit.gradia.fi\/digipalvelut\/wp-json\/wp\/v2\/pages\/76"}],"wp:attachment":[{"href":"https:\/\/blogit.gradia.fi\/digipalvelut\/wp-json\/wp\/v2\/media?parent=459"}],"curies":[{"name":"wp","href":"https:\/\/api.w.org\/{rel}","templated":true}]}}