{"id":453,"date":"2019-06-27T15:35:57","date_gmt":"2019-06-27T12:35:57","guid":{"rendered":"https:\/\/blogit.gradia.fi\/digipalvelut\/?page_id=453"},"modified":"2019-06-27T15:35:57","modified_gmt":"2019-06-27T12:35:57","slug":"tervetuloviestin-lisaaminen-kurssille","status":"publish","type":"page","link":"https:\/\/blogit.gradia.fi\/digipalvelut\/ohjeita-ja-vinkkeja\/moodle\/tervetuloviestin-lisaaminen-kurssille\/","title":{"rendered":"Tervetuloviestin lis\u00e4\u00e4minen kurssille"},"content":{"rendered":"\n<p>Opettaja voi lis\u00e4t\u00e4 omalle kurssilleen automaattisen tervetuloaviestin, joka l\u00e4hetet\u00e4\u00e4n opiskelijalle h\u00e4nen liitytty\u00e4\u00e4n\u00a0kurssialueelle.\u00a0\u00a0 <\/p>\n\n\n\n<p><strong>Tervetuloaviestin lis\u00e4\u00e4minen<\/strong>&nbsp;<\/p>\n\n\n\n<ol class=\"wp-block-list\"><li>Klikkaa hallintaty\u00f6kaluissa osallistujat\u00a0<\/li><li>Paina t\u00e4m\u00e4n j\u00e4lkeen hammasratasta ja valitse Itserekister\u00f6ityminen.\u00a0<\/li><\/ol>\n\n\n\n<figure class=\"wp-block-image is-resized\"><img fetchpriority=\"high\" decoding=\"async\" src=\"https:\/\/blogit.gradia.fi\/digipalvelut\/wp-content\/uploads\/sites\/99\/2019\/06\/GetImage-1-1.png\" alt=\"Osallistujien lis\u00e4\u00e4minen\" class=\"wp-image-449\" width=\"512\" height=\"185\" srcset=\"https:\/\/blogit.gradia.fi\/digipalvelut\/wp-content\/uploads\/sites\/99\/2019\/06\/GetImage-1-1.png 1023w, https:\/\/blogit.gradia.fi\/digipalvelut\/wp-content\/uploads\/sites\/99\/2019\/06\/GetImage-1-1-300x108.png 300w, https:\/\/blogit.gradia.fi\/digipalvelut\/wp-content\/uploads\/sites\/99\/2019\/06\/GetImage-1-1-768x277.png 768w, https:\/\/blogit.gradia.fi\/digipalvelut\/wp-content\/uploads\/sites\/99\/2019\/06\/GetImage-1-1-620x224.png 620w\" sizes=\"(max-width: 512px) 100vw, 512px\" \/><\/figure>\n\n\n\n<p>4. Vierit\u00e4 ikkunaa alas p\u00e4in ja kirjoita haluamasi tervetuloviesti\u00a0sille varattuun kentt\u00e4\u00e4n.\u00a0\u00a0<\/p>\n\n\n\n<p>5. Tallenna muutokset\u00a0<\/p>\n\n\n\n<figure class=\"wp-block-image\"><img decoding=\"async\" width=\"749\" height=\"464\" src=\"https:\/\/blogit.gradia.fi\/digipalvelut\/wp-content\/uploads\/sites\/99\/2019\/06\/GetImage-6.png\" alt=\"\" class=\"wp-image-455\" srcset=\"https:\/\/blogit.gradia.fi\/digipalvelut\/wp-content\/uploads\/sites\/99\/2019\/06\/GetImage-6.png 749w, https:\/\/blogit.gradia.fi\/digipalvelut\/wp-content\/uploads\/sites\/99\/2019\/06\/GetImage-6-300x186.png 300w, https:\/\/blogit.gradia.fi\/digipalvelut\/wp-content\/uploads\/sites\/99\/2019\/06\/GetImage-6-620x384.png 620w\" sizes=\"(max-width: 749px) 100vw, 749px\" \/><\/figure>\n","protected":false},"excerpt":{"rendered":"<p>Opettaja voi lis\u00e4t\u00e4 omalle kurssilleen automaattisen tervetuloaviestin, joka l\u00e4hetet\u00e4\u00e4n opiskelijalle h\u00e4nen liitytty\u00e4\u00e4n\u00a0kurssialueelle.\u00a0\u00a0 Tervetuloaviestin lis\u00e4\u00e4minen&nbsp; Klikkaa hallintaty\u00f6kaluissa osallistujat\u00a0 Paina t\u00e4m\u00e4n j\u00e4lkeen hammasratasta ja valitse Itserekister\u00f6ityminen.\u00a0 4. Vierit\u00e4 ikkunaa alas p\u00e4in ja kirjoita haluamasi tervetuloviesti\u00a0sille varattuun kentt\u00e4\u00e4n.\u00a0\u00a0 5. Tallenna muutokset\u00a0<\/p>\n","protected":false},"author":421,"featured_media":0,"parent":76,"menu_order":0,"comment_status":"closed","ping_status":"closed","template":"","meta":{"_uag_custom_page_level_css":"","footnotes":""},"class_list":["post-453","page","type-page","status-publish","hentry"],"yoast_head":"<!-- This site is optimized with the Yoast SEO plugin v27.4 - https:\/\/yoast.com\/product\/yoast-seo-wordpress\/ -->\n<title>Tervetuloviestin lis\u00e4\u00e4minen kurssille - Gradia Digipalvelut<\/title>\n<meta name=\"robots\" content=\"index, follow, max-snippet:-1, max-image-preview:large, max-video-preview:-1\" \/>\n<link rel=\"canonical\" href=\"https:\/\/blogit.gradia.fi\/digipalvelut\/ohjeita-ja-vinkkeja\/moodle\/tervetuloviestin-lisaaminen-kurssille\/\" \/>\n<meta property=\"og:locale\" content=\"fi_FI\" \/>\n<meta property=\"og:type\" content=\"article\" \/>\n<meta property=\"og:title\" content=\"Tervetuloviestin lis\u00e4\u00e4minen kurssille - Gradia Digipalvelut\" \/>\n<meta property=\"og:description\" content=\"Opettaja voi lis\u00e4t\u00e4 omalle kurssilleen automaattisen tervetuloaviestin, joka l\u00e4hetet\u00e4\u00e4n opiskelijalle h\u00e4nen liitytty\u00e4\u00e4n\u00a0kurssialueelle.\u00a0\u00a0 Tervetuloaviestin lis\u00e4\u00e4minen&nbsp; Klikkaa hallintaty\u00f6kaluissa osallistujat\u00a0 Paina t\u00e4m\u00e4n j\u00e4lkeen hammasratasta ja valitse Itserekister\u00f6ityminen.\u00a0 4. Vierit\u00e4 ikkunaa alas p\u00e4in ja kirjoita haluamasi tervetuloviesti\u00a0sille varattuun kentt\u00e4\u00e4n.\u00a0\u00a0 5. Tallenna muutokset\u00a0\" \/>\n<meta property=\"og:url\" content=\"https:\/\/blogit.gradia.fi\/digipalvelut\/ohjeita-ja-vinkkeja\/moodle\/tervetuloviestin-lisaaminen-kurssille\/\" \/>\n<meta property=\"og:site_name\" content=\"Gradia Digipalvelut\" \/>\n<meta property=\"og:image\" content=\"https:\/\/blogit.gradia.fi\/digipalvelut\/wp-content\/uploads\/sites\/99\/2019\/06\/GetImage-1-1.png\" \/>\n<meta name=\"twitter:card\" content=\"summary_large_image\" \/>\n<script type=\"application\/ld+json\" class=\"yoast-schema-graph\">{\"@context\":\"https:\\\/\\\/schema.org\",\"@graph\":[{\"@type\":\"WebPage\",\"@id\":\"https:\\\/\\\/blogit.gradia.fi\\\/digipalvelut\\\/ohjeita-ja-vinkkeja\\\/moodle\\\/tervetuloviestin-lisaaminen-kurssille\\\/\",\"url\":\"https:\\\/\\\/blogit.gradia.fi\\\/digipalvelut\\\/ohjeita-ja-vinkkeja\\\/moodle\\\/tervetuloviestin-lisaaminen-kurssille\\\/\",\"name\":\"Tervetuloviestin lis\u00e4\u00e4minen kurssille - Gradia Digipalvelut\",\"isPartOf\":{\"@id\":\"https:\\\/\\\/blogit.gradia.fi\\\/digipalvelut\\\/#website\"},\"primaryImageOfPage\":{\"@id\":\"https:\\\/\\\/blogit.gradia.fi\\\/digipalvelut\\\/ohjeita-ja-vinkkeja\\\/moodle\\\/tervetuloviestin-lisaaminen-kurssille\\\/#primaryimage\"},\"image\":{\"@id\":\"https:\\\/\\\/blogit.gradia.fi\\\/digipalvelut\\\/ohjeita-ja-vinkkeja\\\/moodle\\\/tervetuloviestin-lisaaminen-kurssille\\\/#primaryimage\"},\"thumbnailUrl\":\"https:\\\/\\\/blogit.gradia.fi\\\/digipalvelut\\\/wp-content\\\/uploads\\\/sites\\\/99\\\/2019\\\/06\\\/GetImage-1-1.png\",\"datePublished\":\"2019-06-27T12:35:57+00:00\",\"breadcrumb\":{\"@id\":\"https:\\\/\\\/blogit.gradia.fi\\\/digipalvelut\\\/ohjeita-ja-vinkkeja\\\/moodle\\\/tervetuloviestin-lisaaminen-kurssille\\\/#breadcrumb\"},\"inLanguage\":\"fi\",\"potentialAction\":[{\"@type\":\"ReadAction\",\"target\":[\"https:\\\/\\\/blogit.gradia.fi\\\/digipalvelut\\\/ohjeita-ja-vinkkeja\\\/moodle\\\/tervetuloviestin-lisaaminen-kurssille\\\/\"]}]},{\"@type\":\"ImageObject\",\"inLanguage\":\"fi\",\"@id\":\"https:\\\/\\\/blogit.gradia.fi\\\/digipalvelut\\\/ohjeita-ja-vinkkeja\\\/moodle\\\/tervetuloviestin-lisaaminen-kurssille\\\/#primaryimage\",\"url\":\"https:\\\/\\\/blogit.gradia.fi\\\/digipalvelut\\\/wp-content\\\/uploads\\\/sites\\\/99\\\/2019\\\/06\\\/GetImage-1-1.png\",\"contentUrl\":\"https:\\\/\\\/blogit.gradia.fi\\\/digipalvelut\\\/wp-content\\\/uploads\\\/sites\\\/99\\\/2019\\\/06\\\/GetImage-1-1.png\",\"width\":1023,\"height\":369,\"caption\":\"Osallistujien lis\u00e4\u00e4minen\"},{\"@type\":\"BreadcrumbList\",\"@id\":\"https:\\\/\\\/blogit.gradia.fi\\\/digipalvelut\\\/ohjeita-ja-vinkkeja\\\/moodle\\\/tervetuloviestin-lisaaminen-kurssille\\\/#breadcrumb\",\"itemListElement\":[{\"@type\":\"ListItem\",\"position\":1,\"name\":\"Ohjeita ja vinkkej\u00e4\",\"item\":\"https:\\\/\\\/blogit.gradia.fi\\\/digipalvelut\\\/ohjeita-ja-vinkkeja\\\/\"},{\"@type\":\"ListItem\",\"position\":2,\"name\":\"Moodle\",\"item\":\"https:\\\/\\\/blogit.gradia.fi\\\/digipalvelut\\\/ohjeita-ja-vinkkeja\\\/moodle\\\/\"},{\"@type\":\"ListItem\",\"position\":3,\"name\":\"Tervetuloviestin lis\u00e4\u00e4minen kurssille\"}]},{\"@type\":\"WebSite\",\"@id\":\"https:\\\/\\\/blogit.gradia.fi\\\/digipalvelut\\\/#website\",\"url\":\"https:\\\/\\\/blogit.gradia.fi\\\/digipalvelut\\\/\",\"name\":\"Gradia Digipalvelut\",\"description\":\"Astetta enemm\u00e4n digi\u00e4\",\"publisher\":{\"@id\":\"https:\\\/\\\/blogit.gradia.fi\\\/digipalvelut\\\/#organization\"},\"potentialAction\":[{\"@type\":\"SearchAction\",\"target\":{\"@type\":\"EntryPoint\",\"urlTemplate\":\"https:\\\/\\\/blogit.gradia.fi\\\/digipalvelut\\\/?s={search_term_string}\"},\"query-input\":{\"@type\":\"PropertyValueSpecification\",\"valueRequired\":true,\"valueName\":\"search_term_string\"}}],\"inLanguage\":\"fi\"},{\"@type\":\"Organization\",\"@id\":\"https:\\\/\\\/blogit.gradia.fi\\\/digipalvelut\\\/#organization\",\"name\":\"Gradia Digipalvelut\",\"url\":\"https:\\\/\\\/blogit.gradia.fi\\\/digipalvelut\\\/\",\"logo\":{\"@type\":\"ImageObject\",\"inLanguage\":\"fi\",\"@id\":\"https:\\\/\\\/blogit.gradia.fi\\\/digipalvelut\\\/#\\\/schema\\\/logo\\\/image\\\/\",\"url\":\"https:\\\/\\\/blogit.gradia.fi\\\/digipalvelut\\\/wp-content\\\/uploads\\\/sites\\\/99\\\/2019\\\/06\\\/cropped-Gradia_logo_Cyber_TRANSPARENT.png\",\"contentUrl\":\"https:\\\/\\\/blogit.gradia.fi\\\/digipalvelut\\\/wp-content\\\/uploads\\\/sites\\\/99\\\/2019\\\/06\\\/cropped-Gradia_logo_Cyber_TRANSPARENT.png\",\"width\":316,\"height\":382,\"caption\":\"Gradia Digipalvelut\"},\"image\":{\"@id\":\"https:\\\/\\\/blogit.gradia.fi\\\/digipalvelut\\\/#\\\/schema\\\/logo\\\/image\\\/\"}}]}<\/script>\n<!-- \/ Yoast SEO plugin. -->","yoast_head_json":{"title":"Tervetuloviestin lis\u00e4\u00e4minen kurssille - Gradia Digipalvelut","robots":{"index":"index","follow":"follow","max-snippet":"max-snippet:-1","max-image-preview":"max-image-preview:large","max-video-preview":"max-video-preview:-1"},"canonical":"https:\/\/blogit.gradia.fi\/digipalvelut\/ohjeita-ja-vinkkeja\/moodle\/tervetuloviestin-lisaaminen-kurssille\/","og_locale":"fi_FI","og_type":"article","og_title":"Tervetuloviestin lis\u00e4\u00e4minen kurssille - Gradia Digipalvelut","og_description":"Opettaja voi lis\u00e4t\u00e4 omalle kurssilleen automaattisen tervetuloaviestin, joka l\u00e4hetet\u00e4\u00e4n opiskelijalle h\u00e4nen liitytty\u00e4\u00e4n\u00a0kurssialueelle.\u00a0\u00a0 Tervetuloaviestin lis\u00e4\u00e4minen&nbsp; Klikkaa hallintaty\u00f6kaluissa osallistujat\u00a0 Paina t\u00e4m\u00e4n j\u00e4lkeen hammasratasta ja valitse Itserekister\u00f6ityminen.\u00a0 4. Vierit\u00e4 ikkunaa alas p\u00e4in ja kirjoita haluamasi tervetuloviesti\u00a0sille varattuun kentt\u00e4\u00e4n.\u00a0\u00a0 5. Tallenna muutokset\u00a0","og_url":"https:\/\/blogit.gradia.fi\/digipalvelut\/ohjeita-ja-vinkkeja\/moodle\/tervetuloviestin-lisaaminen-kurssille\/","og_site_name":"Gradia Digipalvelut","og_image":[{"url":"https:\/\/blogit.gradia.fi\/digipalvelut\/wp-content\/uploads\/sites\/99\/2019\/06\/GetImage-1-1.png","type":"","width":"","height":""}],"twitter_card":"summary_large_image","schema":{"@context":"https:\/\/schema.org","@graph":[{"@type":"WebPage","@id":"https:\/\/blogit.gradia.fi\/digipalvelut\/ohjeita-ja-vinkkeja\/moodle\/tervetuloviestin-lisaaminen-kurssille\/","url":"https:\/\/blogit.gradia.fi\/digipalvelut\/ohjeita-ja-vinkkeja\/moodle\/tervetuloviestin-lisaaminen-kurssille\/","name":"Tervetuloviestin lis\u00e4\u00e4minen kurssille - Gradia Digipalvelut","isPartOf":{"@id":"https:\/\/blogit.gradia.fi\/digipalvelut\/#website"},"primaryImageOfPage":{"@id":"https:\/\/blogit.gradia.fi\/digipalvelut\/ohjeita-ja-vinkkeja\/moodle\/tervetuloviestin-lisaaminen-kurssille\/#primaryimage"},"image":{"@id":"https:\/\/blogit.gradia.fi\/digipalvelut\/ohjeita-ja-vinkkeja\/moodle\/tervetuloviestin-lisaaminen-kurssille\/#primaryimage"},"thumbnailUrl":"https:\/\/blogit.gradia.fi\/digipalvelut\/wp-content\/uploads\/sites\/99\/2019\/06\/GetImage-1-1.png","datePublished":"2019-06-27T12:35:57+00:00","breadcrumb":{"@id":"https:\/\/blogit.gradia.fi\/digipalvelut\/ohjeita-ja-vinkkeja\/moodle\/tervetuloviestin-lisaaminen-kurssille\/#breadcrumb"},"inLanguage":"fi","potentialAction":[{"@type":"ReadAction","target":["https:\/\/blogit.gradia.fi\/digipalvelut\/ohjeita-ja-vinkkeja\/moodle\/tervetuloviestin-lisaaminen-kurssille\/"]}]},{"@type":"ImageObject","inLanguage":"fi","@id":"https:\/\/blogit.gradia.fi\/digipalvelut\/ohjeita-ja-vinkkeja\/moodle\/tervetuloviestin-lisaaminen-kurssille\/#primaryimage","url":"https:\/\/blogit.gradia.fi\/digipalvelut\/wp-content\/uploads\/sites\/99\/2019\/06\/GetImage-1-1.png","contentUrl":"https:\/\/blogit.gradia.fi\/digipalvelut\/wp-content\/uploads\/sites\/99\/2019\/06\/GetImage-1-1.png","width":1023,"height":369,"caption":"Osallistujien lis\u00e4\u00e4minen"},{"@type":"BreadcrumbList","@id":"https:\/\/blogit.gradia.fi\/digipalvelut\/ohjeita-ja-vinkkeja\/moodle\/tervetuloviestin-lisaaminen-kurssille\/#breadcrumb","itemListElement":[{"@type":"ListItem","position":1,"name":"Ohjeita ja vinkkej\u00e4","item":"https:\/\/blogit.gradia.fi\/digipalvelut\/ohjeita-ja-vinkkeja\/"},{"@type":"ListItem","position":2,"name":"Moodle","item":"https:\/\/blogit.gradia.fi\/digipalvelut\/ohjeita-ja-vinkkeja\/moodle\/"},{"@type":"ListItem","position":3,"name":"Tervetuloviestin lis\u00e4\u00e4minen kurssille"}]},{"@type":"WebSite","@id":"https:\/\/blogit.gradia.fi\/digipalvelut\/#website","url":"https:\/\/blogit.gradia.fi\/digipalvelut\/","name":"Gradia Digipalvelut","description":"Astetta enemm\u00e4n digi\u00e4","publisher":{"@id":"https:\/\/blogit.gradia.fi\/digipalvelut\/#organization"},"potentialAction":[{"@type":"SearchAction","target":{"@type":"EntryPoint","urlTemplate":"https:\/\/blogit.gradia.fi\/digipalvelut\/?s={search_term_string}"},"query-input":{"@type":"PropertyValueSpecification","valueRequired":true,"valueName":"search_term_string"}}],"inLanguage":"fi"},{"@type":"Organization","@id":"https:\/\/blogit.gradia.fi\/digipalvelut\/#organization","name":"Gradia Digipalvelut","url":"https:\/\/blogit.gradia.fi\/digipalvelut\/","logo":{"@type":"ImageObject","inLanguage":"fi","@id":"https:\/\/blogit.gradia.fi\/digipalvelut\/#\/schema\/logo\/image\/","url":"https:\/\/blogit.gradia.fi\/digipalvelut\/wp-content\/uploads\/sites\/99\/2019\/06\/cropped-Gradia_logo_Cyber_TRANSPARENT.png","contentUrl":"https:\/\/blogit.gradia.fi\/digipalvelut\/wp-content\/uploads\/sites\/99\/2019\/06\/cropped-Gradia_logo_Cyber_TRANSPARENT.png","width":316,"height":382,"caption":"Gradia Digipalvelut"},"image":{"@id":"https:\/\/blogit.gradia.fi\/digipalvelut\/#\/schema\/logo\/image\/"}}]}},"uagb_featured_image_src":{"full":false,"thumbnail":false,"medium":false,"medium_large":false,"large":false,"1536x1536":false,"2048x2048":false,"hestia-blog":false},"uagb_author_info":{"display_name":"Merja Hakanen","author_link":"https:\/\/blogit.gradia.fi\/digipalvelut\/author\/hakanmer\/"},"uagb_comment_info":0,"uagb_excerpt":"Opettaja voi lis\u00e4t\u00e4 omalle kurssilleen automaattisen tervetuloaviestin, joka l\u00e4hetet\u00e4\u00e4n opiskelijalle h\u00e4nen liitytty\u00e4\u00e4n\u00a0kurssialueelle.\u00a0\u00a0 Tervetuloaviestin lis\u00e4\u00e4minen&nbsp; Klikkaa hallintaty\u00f6kaluissa osallistujat\u00a0 Paina t\u00e4m\u00e4n j\u00e4lkeen hammasratasta ja valitse Itserekister\u00f6ityminen.\u00a0 4. Vierit\u00e4 ikkunaa alas p\u00e4in ja kirjoita haluamasi tervetuloviesti\u00a0sille varattuun kentt\u00e4\u00e4n.\u00a0\u00a0 5. Tallenna muutokset\u00a0","_links":{"self":[{"href":"https:\/\/blogit.gradia.fi\/digipalvelut\/wp-json\/wp\/v2\/pages\/453","targetHints":{"allow":["GET"]}}],"collection":[{"href":"https:\/\/blogit.gradia.fi\/digipalvelut\/wp-json\/wp\/v2\/pages"}],"about":[{"href":"https:\/\/blogit.gradia.fi\/digipalvelut\/wp-json\/wp\/v2\/types\/page"}],"author":[{"embeddable":true,"href":"https:\/\/blogit.gradia.fi\/digipalvelut\/wp-json\/wp\/v2\/users\/421"}],"replies":[{"embeddable":true,"href":"https:\/\/blogit.gradia.fi\/digipalvelut\/wp-json\/wp\/v2\/comments?post=453"}],"version-history":[{"count":1,"href":"https:\/\/blogit.gradia.fi\/digipalvelut\/wp-json\/wp\/v2\/pages\/453\/revisions"}],"predecessor-version":[{"id":456,"href":"https:\/\/blogit.gradia.fi\/digipalvelut\/wp-json\/wp\/v2\/pages\/453\/revisions\/456"}],"up":[{"embeddable":true,"href":"https:\/\/blogit.gradia.fi\/digipalvelut\/wp-json\/wp\/v2\/pages\/76"}],"wp:attachment":[{"href":"https:\/\/blogit.gradia.fi\/digipalvelut\/wp-json\/wp\/v2\/media?parent=453"}],"curies":[{"name":"wp","href":"https:\/\/api.w.org\/{rel}","templated":true}]}}