{"id":448,"date":"2019-06-27T15:29:35","date_gmt":"2019-06-27T12:29:35","guid":{"rendered":"https:\/\/blogit.gradia.fi\/digipalvelut\/?page_id=448"},"modified":"2019-08-01T12:20:54","modified_gmt":"2019-08-01T09:20:54","slug":"kurssin-osallistujamaaran-rajoittaminen","status":"publish","type":"page","link":"https:\/\/blogit.gradia.fi\/digipalvelut\/ohjeita-ja-vinkkeja\/moodle\/kurssin-osallistujamaaran-rajoittaminen\/","title":{"rendered":"Kurssin osallistujam\u00e4\u00e4r\u00e4n rajoittaminen"},"content":{"rendered":"\n<p>Jos on tarve, voi opettaja rajoittaa kurssille osallistuvien opiskelijoiden m\u00e4\u00e4r\u00e4\u00e4  itserekister\u00f6itymisess\u00e4.&nbsp; T\u00e4ll\u00f6in kurssille rekister\u00f6ityminen sulkeutuu automaattisesti kun maksimim\u00e4\u00e4r\u00e4 opiskelijoita on rekister\u00f6itynyt kurssille. <\/p>\n\n\n\n<ol class=\"wp-block-list\"><li>Klikkaa kurssin hallintaty\u00f6kaluissa osallistujat&nbsp;<\/li><li>Paina t\u00e4m\u00e4n j\u00e4lkeen hammasratasta ja valitse Itserekister\u00f6ityminen.&nbsp;<\/li><\/ol>\n\n\n\n<figure class=\"wp-block-image is-resized\"><img fetchpriority=\"high\" decoding=\"async\" src=\"https:\/\/blogit.gradia.fi\/digipalvelut\/wp-content\/uploads\/sites\/99\/2019\/06\/GetImage-1-1.png\" alt=\"Kuva k\u00e4ytt\u00f6liittym\u00e4st\u00e4, kun valitaan osallistujien lis\u00e4\u00e4mistapoja. \" class=\"wp-image-449\" width=\"512\" height=\"185\" srcset=\"https:\/\/blogit.gradia.fi\/digipalvelut\/wp-content\/uploads\/sites\/99\/2019\/06\/GetImage-1-1.png 1023w, https:\/\/blogit.gradia.fi\/digipalvelut\/wp-content\/uploads\/sites\/99\/2019\/06\/GetImage-1-1-300x108.png 300w, https:\/\/blogit.gradia.fi\/digipalvelut\/wp-content\/uploads\/sites\/99\/2019\/06\/GetImage-1-1-768x277.png 768w, https:\/\/blogit.gradia.fi\/digipalvelut\/wp-content\/uploads\/sites\/99\/2019\/06\/GetImage-1-1-620x224.png 620w\" sizes=\"(max-width: 512px) 100vw, 512px\" \/><\/figure>\n\n\n\n<p>3. Vierit\u00e4 ikkunaa alas p\u00e4in ja sy\u00f6t\u00e4 &#8221;osallistujam\u00e4\u00e4r\u00e4n yl\u00e4raja&#8221; -kentt\u00e4\u00e4n kurssille osallistujien maksimim\u00e4\u00e4r\u00e4.\u00a0 Tallenna muutokset. <\/p>\n\n\n\n<figure class=\"wp-block-image\"><img decoding=\"async\" width=\"749\" height=\"464\" src=\"https:\/\/blogit.gradia.fi\/digipalvelut\/wp-content\/uploads\/sites\/99\/2019\/06\/GetImage-3-1.png\" alt=\"Valitse aukeavasta valikosta haluttu lukum\u00e4\u00e4r\u00e4 osallistujam\u00e4\u00e4rn yl\u00e4rajaksi. \" class=\"wp-image-450\" srcset=\"https:\/\/blogit.gradia.fi\/digipalvelut\/wp-content\/uploads\/sites\/99\/2019\/06\/GetImage-3-1.png 749w, https:\/\/blogit.gradia.fi\/digipalvelut\/wp-content\/uploads\/sites\/99\/2019\/06\/GetImage-3-1-300x186.png 300w, https:\/\/blogit.gradia.fi\/digipalvelut\/wp-content\/uploads\/sites\/99\/2019\/06\/GetImage-3-1-620x384.png 620w\" sizes=\"(max-width: 749px) 100vw, 749px\" \/><\/figure>\n\n\n\n<p><\/p>\n","protected":false},"excerpt":{"rendered":"<p>Jos on tarve, voi opettaja rajoittaa kurssille osallistuvien opiskelijoiden m\u00e4\u00e4r\u00e4\u00e4 itserekister\u00f6itymisess\u00e4.&nbsp; T\u00e4ll\u00f6in kurssille rekister\u00f6ityminen sulkeutuu automaattisesti kun maksimim\u00e4\u00e4r\u00e4 opiskelijoita on rekister\u00f6itynyt kurssille. Klikkaa kurssin hallintaty\u00f6kaluissa osallistujat&nbsp; Paina t\u00e4m\u00e4n j\u00e4lkeen hammasratasta ja valitse Itserekister\u00f6ityminen.&nbsp; 3. Vierit\u00e4 ikkunaa alas p\u00e4in ja sy\u00f6t\u00e4 &#8221;osallistujam\u00e4\u00e4r\u00e4n yl\u00e4raja&#8221; -kentt\u00e4\u00e4n kurssille osallistujien maksimim\u00e4\u00e4r\u00e4.\u00a0 Tallenna muutokset.<\/p>\n","protected":false},"author":421,"featured_media":0,"parent":76,"menu_order":0,"comment_status":"closed","ping_status":"closed","template":"","meta":{"_uag_custom_page_level_css":"","footnotes":""},"class_list":["post-448","page","type-page","status-publish","hentry"],"yoast_head":"<!-- This site is optimized with the Yoast SEO plugin v27.4 - https:\/\/yoast.com\/product\/yoast-seo-wordpress\/ -->\n<title>Kurssin osallistujam\u00e4\u00e4r\u00e4n rajoittaminen - Gradia Digipalvelut<\/title>\n<meta name=\"robots\" content=\"index, follow, max-snippet:-1, max-image-preview:large, max-video-preview:-1\" \/>\n<link rel=\"canonical\" href=\"https:\/\/blogit.gradia.fi\/digipalvelut\/ohjeita-ja-vinkkeja\/moodle\/kurssin-osallistujamaaran-rajoittaminen\/\" \/>\n<meta property=\"og:locale\" content=\"fi_FI\" \/>\n<meta property=\"og:type\" content=\"article\" \/>\n<meta property=\"og:title\" content=\"Kurssin osallistujam\u00e4\u00e4r\u00e4n rajoittaminen - Gradia Digipalvelut\" \/>\n<meta property=\"og:description\" content=\"Jos on tarve, voi opettaja rajoittaa kurssille osallistuvien opiskelijoiden m\u00e4\u00e4r\u00e4\u00e4 itserekister\u00f6itymisess\u00e4.&nbsp; T\u00e4ll\u00f6in kurssille rekister\u00f6ityminen sulkeutuu automaattisesti kun maksimim\u00e4\u00e4r\u00e4 opiskelijoita on rekister\u00f6itynyt kurssille. Klikkaa kurssin hallintaty\u00f6kaluissa osallistujat&nbsp; Paina t\u00e4m\u00e4n j\u00e4lkeen hammasratasta ja valitse Itserekister\u00f6ityminen.&nbsp; 3. Vierit\u00e4 ikkunaa alas p\u00e4in ja sy\u00f6t\u00e4 &#8221;osallistujam\u00e4\u00e4r\u00e4n yl\u00e4raja&#8221; -kentt\u00e4\u00e4n kurssille osallistujien maksimim\u00e4\u00e4r\u00e4.\u00a0 Tallenna muutokset.\" \/>\n<meta property=\"og:url\" content=\"https:\/\/blogit.gradia.fi\/digipalvelut\/ohjeita-ja-vinkkeja\/moodle\/kurssin-osallistujamaaran-rajoittaminen\/\" \/>\n<meta property=\"og:site_name\" content=\"Gradia Digipalvelut\" \/>\n<meta property=\"article:modified_time\" content=\"2019-08-01T09:20:54+00:00\" \/>\n<meta property=\"og:image\" content=\"https:\/\/blogit.gradia.fi\/digipalvelut\/wp-content\/uploads\/sites\/99\/2019\/06\/GetImage-1-1.png\" \/>\n<meta name=\"twitter:card\" content=\"summary_large_image\" \/>\n<script type=\"application\/ld+json\" class=\"yoast-schema-graph\">{\"@context\":\"https:\\\/\\\/schema.org\",\"@graph\":[{\"@type\":\"WebPage\",\"@id\":\"https:\\\/\\\/blogit.gradia.fi\\\/digipalvelut\\\/ohjeita-ja-vinkkeja\\\/moodle\\\/kurssin-osallistujamaaran-rajoittaminen\\\/\",\"url\":\"https:\\\/\\\/blogit.gradia.fi\\\/digipalvelut\\\/ohjeita-ja-vinkkeja\\\/moodle\\\/kurssin-osallistujamaaran-rajoittaminen\\\/\",\"name\":\"Kurssin osallistujam\u00e4\u00e4r\u00e4n rajoittaminen - Gradia Digipalvelut\",\"isPartOf\":{\"@id\":\"https:\\\/\\\/blogit.gradia.fi\\\/digipalvelut\\\/#website\"},\"primaryImageOfPage\":{\"@id\":\"https:\\\/\\\/blogit.gradia.fi\\\/digipalvelut\\\/ohjeita-ja-vinkkeja\\\/moodle\\\/kurssin-osallistujamaaran-rajoittaminen\\\/#primaryimage\"},\"image\":{\"@id\":\"https:\\\/\\\/blogit.gradia.fi\\\/digipalvelut\\\/ohjeita-ja-vinkkeja\\\/moodle\\\/kurssin-osallistujamaaran-rajoittaminen\\\/#primaryimage\"},\"thumbnailUrl\":\"https:\\\/\\\/blogit.gradia.fi\\\/digipalvelut\\\/wp-content\\\/uploads\\\/sites\\\/99\\\/2019\\\/06\\\/GetImage-1-1.png\",\"datePublished\":\"2019-06-27T12:29:35+00:00\",\"dateModified\":\"2019-08-01T09:20:54+00:00\",\"breadcrumb\":{\"@id\":\"https:\\\/\\\/blogit.gradia.fi\\\/digipalvelut\\\/ohjeita-ja-vinkkeja\\\/moodle\\\/kurssin-osallistujamaaran-rajoittaminen\\\/#breadcrumb\"},\"inLanguage\":\"fi\",\"potentialAction\":[{\"@type\":\"ReadAction\",\"target\":[\"https:\\\/\\\/blogit.gradia.fi\\\/digipalvelut\\\/ohjeita-ja-vinkkeja\\\/moodle\\\/kurssin-osallistujamaaran-rajoittaminen\\\/\"]}]},{\"@type\":\"ImageObject\",\"inLanguage\":\"fi\",\"@id\":\"https:\\\/\\\/blogit.gradia.fi\\\/digipalvelut\\\/ohjeita-ja-vinkkeja\\\/moodle\\\/kurssin-osallistujamaaran-rajoittaminen\\\/#primaryimage\",\"url\":\"https:\\\/\\\/blogit.gradia.fi\\\/digipalvelut\\\/wp-content\\\/uploads\\\/sites\\\/99\\\/2019\\\/06\\\/GetImage-1-1.png\",\"contentUrl\":\"https:\\\/\\\/blogit.gradia.fi\\\/digipalvelut\\\/wp-content\\\/uploads\\\/sites\\\/99\\\/2019\\\/06\\\/GetImage-1-1.png\",\"width\":1023,\"height\":369,\"caption\":\"Osallistujien lis\u00e4\u00e4minen\"},{\"@type\":\"BreadcrumbList\",\"@id\":\"https:\\\/\\\/blogit.gradia.fi\\\/digipalvelut\\\/ohjeita-ja-vinkkeja\\\/moodle\\\/kurssin-osallistujamaaran-rajoittaminen\\\/#breadcrumb\",\"itemListElement\":[{\"@type\":\"ListItem\",\"position\":1,\"name\":\"Ohjeita ja vinkkej\u00e4\",\"item\":\"https:\\\/\\\/blogit.gradia.fi\\\/digipalvelut\\\/ohjeita-ja-vinkkeja\\\/\"},{\"@type\":\"ListItem\",\"position\":2,\"name\":\"Moodle\",\"item\":\"https:\\\/\\\/blogit.gradia.fi\\\/digipalvelut\\\/ohjeita-ja-vinkkeja\\\/moodle\\\/\"},{\"@type\":\"ListItem\",\"position\":3,\"name\":\"Kurssin osallistujam\u00e4\u00e4r\u00e4n rajoittaminen\"}]},{\"@type\":\"WebSite\",\"@id\":\"https:\\\/\\\/blogit.gradia.fi\\\/digipalvelut\\\/#website\",\"url\":\"https:\\\/\\\/blogit.gradia.fi\\\/digipalvelut\\\/\",\"name\":\"Gradia Digipalvelut\",\"description\":\"Astetta enemm\u00e4n digi\u00e4\",\"publisher\":{\"@id\":\"https:\\\/\\\/blogit.gradia.fi\\\/digipalvelut\\\/#organization\"},\"potentialAction\":[{\"@type\":\"SearchAction\",\"target\":{\"@type\":\"EntryPoint\",\"urlTemplate\":\"https:\\\/\\\/blogit.gradia.fi\\\/digipalvelut\\\/?s={search_term_string}\"},\"query-input\":{\"@type\":\"PropertyValueSpecification\",\"valueRequired\":true,\"valueName\":\"search_term_string\"}}],\"inLanguage\":\"fi\"},{\"@type\":\"Organization\",\"@id\":\"https:\\\/\\\/blogit.gradia.fi\\\/digipalvelut\\\/#organization\",\"name\":\"Gradia Digipalvelut\",\"url\":\"https:\\\/\\\/blogit.gradia.fi\\\/digipalvelut\\\/\",\"logo\":{\"@type\":\"ImageObject\",\"inLanguage\":\"fi\",\"@id\":\"https:\\\/\\\/blogit.gradia.fi\\\/digipalvelut\\\/#\\\/schema\\\/logo\\\/image\\\/\",\"url\":\"https:\\\/\\\/blogit.gradia.fi\\\/digipalvelut\\\/wp-content\\\/uploads\\\/sites\\\/99\\\/2019\\\/06\\\/cropped-Gradia_logo_Cyber_TRANSPARENT.png\",\"contentUrl\":\"https:\\\/\\\/blogit.gradia.fi\\\/digipalvelut\\\/wp-content\\\/uploads\\\/sites\\\/99\\\/2019\\\/06\\\/cropped-Gradia_logo_Cyber_TRANSPARENT.png\",\"width\":316,\"height\":382,\"caption\":\"Gradia Digipalvelut\"},\"image\":{\"@id\":\"https:\\\/\\\/blogit.gradia.fi\\\/digipalvelut\\\/#\\\/schema\\\/logo\\\/image\\\/\"}}]}<\/script>\n<!-- \/ Yoast SEO plugin. -->","yoast_head_json":{"title":"Kurssin osallistujam\u00e4\u00e4r\u00e4n rajoittaminen - Gradia Digipalvelut","robots":{"index":"index","follow":"follow","max-snippet":"max-snippet:-1","max-image-preview":"max-image-preview:large","max-video-preview":"max-video-preview:-1"},"canonical":"https:\/\/blogit.gradia.fi\/digipalvelut\/ohjeita-ja-vinkkeja\/moodle\/kurssin-osallistujamaaran-rajoittaminen\/","og_locale":"fi_FI","og_type":"article","og_title":"Kurssin osallistujam\u00e4\u00e4r\u00e4n rajoittaminen - Gradia Digipalvelut","og_description":"Jos on tarve, voi opettaja rajoittaa kurssille osallistuvien opiskelijoiden m\u00e4\u00e4r\u00e4\u00e4 itserekister\u00f6itymisess\u00e4.&nbsp; T\u00e4ll\u00f6in kurssille rekister\u00f6ityminen sulkeutuu automaattisesti kun maksimim\u00e4\u00e4r\u00e4 opiskelijoita on rekister\u00f6itynyt kurssille. Klikkaa kurssin hallintaty\u00f6kaluissa osallistujat&nbsp; Paina t\u00e4m\u00e4n j\u00e4lkeen hammasratasta ja valitse Itserekister\u00f6ityminen.&nbsp; 3. Vierit\u00e4 ikkunaa alas p\u00e4in ja sy\u00f6t\u00e4 &#8221;osallistujam\u00e4\u00e4r\u00e4n yl\u00e4raja&#8221; -kentt\u00e4\u00e4n kurssille osallistujien maksimim\u00e4\u00e4r\u00e4.\u00a0 Tallenna muutokset.","og_url":"https:\/\/blogit.gradia.fi\/digipalvelut\/ohjeita-ja-vinkkeja\/moodle\/kurssin-osallistujamaaran-rajoittaminen\/","og_site_name":"Gradia Digipalvelut","article_modified_time":"2019-08-01T09:20:54+00:00","og_image":[{"url":"https:\/\/blogit.gradia.fi\/digipalvelut\/wp-content\/uploads\/sites\/99\/2019\/06\/GetImage-1-1.png","type":"","width":"","height":""}],"twitter_card":"summary_large_image","schema":{"@context":"https:\/\/schema.org","@graph":[{"@type":"WebPage","@id":"https:\/\/blogit.gradia.fi\/digipalvelut\/ohjeita-ja-vinkkeja\/moodle\/kurssin-osallistujamaaran-rajoittaminen\/","url":"https:\/\/blogit.gradia.fi\/digipalvelut\/ohjeita-ja-vinkkeja\/moodle\/kurssin-osallistujamaaran-rajoittaminen\/","name":"Kurssin osallistujam\u00e4\u00e4r\u00e4n rajoittaminen - Gradia Digipalvelut","isPartOf":{"@id":"https:\/\/blogit.gradia.fi\/digipalvelut\/#website"},"primaryImageOfPage":{"@id":"https:\/\/blogit.gradia.fi\/digipalvelut\/ohjeita-ja-vinkkeja\/moodle\/kurssin-osallistujamaaran-rajoittaminen\/#primaryimage"},"image":{"@id":"https:\/\/blogit.gradia.fi\/digipalvelut\/ohjeita-ja-vinkkeja\/moodle\/kurssin-osallistujamaaran-rajoittaminen\/#primaryimage"},"thumbnailUrl":"https:\/\/blogit.gradia.fi\/digipalvelut\/wp-content\/uploads\/sites\/99\/2019\/06\/GetImage-1-1.png","datePublished":"2019-06-27T12:29:35+00:00","dateModified":"2019-08-01T09:20:54+00:00","breadcrumb":{"@id":"https:\/\/blogit.gradia.fi\/digipalvelut\/ohjeita-ja-vinkkeja\/moodle\/kurssin-osallistujamaaran-rajoittaminen\/#breadcrumb"},"inLanguage":"fi","potentialAction":[{"@type":"ReadAction","target":["https:\/\/blogit.gradia.fi\/digipalvelut\/ohjeita-ja-vinkkeja\/moodle\/kurssin-osallistujamaaran-rajoittaminen\/"]}]},{"@type":"ImageObject","inLanguage":"fi","@id":"https:\/\/blogit.gradia.fi\/digipalvelut\/ohjeita-ja-vinkkeja\/moodle\/kurssin-osallistujamaaran-rajoittaminen\/#primaryimage","url":"https:\/\/blogit.gradia.fi\/digipalvelut\/wp-content\/uploads\/sites\/99\/2019\/06\/GetImage-1-1.png","contentUrl":"https:\/\/blogit.gradia.fi\/digipalvelut\/wp-content\/uploads\/sites\/99\/2019\/06\/GetImage-1-1.png","width":1023,"height":369,"caption":"Osallistujien lis\u00e4\u00e4minen"},{"@type":"BreadcrumbList","@id":"https:\/\/blogit.gradia.fi\/digipalvelut\/ohjeita-ja-vinkkeja\/moodle\/kurssin-osallistujamaaran-rajoittaminen\/#breadcrumb","itemListElement":[{"@type":"ListItem","position":1,"name":"Ohjeita ja vinkkej\u00e4","item":"https:\/\/blogit.gradia.fi\/digipalvelut\/ohjeita-ja-vinkkeja\/"},{"@type":"ListItem","position":2,"name":"Moodle","item":"https:\/\/blogit.gradia.fi\/digipalvelut\/ohjeita-ja-vinkkeja\/moodle\/"},{"@type":"ListItem","position":3,"name":"Kurssin osallistujam\u00e4\u00e4r\u00e4n rajoittaminen"}]},{"@type":"WebSite","@id":"https:\/\/blogit.gradia.fi\/digipalvelut\/#website","url":"https:\/\/blogit.gradia.fi\/digipalvelut\/","name":"Gradia Digipalvelut","description":"Astetta enemm\u00e4n digi\u00e4","publisher":{"@id":"https:\/\/blogit.gradia.fi\/digipalvelut\/#organization"},"potentialAction":[{"@type":"SearchAction","target":{"@type":"EntryPoint","urlTemplate":"https:\/\/blogit.gradia.fi\/digipalvelut\/?s={search_term_string}"},"query-input":{"@type":"PropertyValueSpecification","valueRequired":true,"valueName":"search_term_string"}}],"inLanguage":"fi"},{"@type":"Organization","@id":"https:\/\/blogit.gradia.fi\/digipalvelut\/#organization","name":"Gradia Digipalvelut","url":"https:\/\/blogit.gradia.fi\/digipalvelut\/","logo":{"@type":"ImageObject","inLanguage":"fi","@id":"https:\/\/blogit.gradia.fi\/digipalvelut\/#\/schema\/logo\/image\/","url":"https:\/\/blogit.gradia.fi\/digipalvelut\/wp-content\/uploads\/sites\/99\/2019\/06\/cropped-Gradia_logo_Cyber_TRANSPARENT.png","contentUrl":"https:\/\/blogit.gradia.fi\/digipalvelut\/wp-content\/uploads\/sites\/99\/2019\/06\/cropped-Gradia_logo_Cyber_TRANSPARENT.png","width":316,"height":382,"caption":"Gradia Digipalvelut"},"image":{"@id":"https:\/\/blogit.gradia.fi\/digipalvelut\/#\/schema\/logo\/image\/"}}]}},"uagb_featured_image_src":{"full":false,"thumbnail":false,"medium":false,"medium_large":false,"large":false,"1536x1536":false,"2048x2048":false,"hestia-blog":false},"uagb_author_info":{"display_name":"Merja Hakanen","author_link":"https:\/\/blogit.gradia.fi\/digipalvelut\/author\/hakanmer\/"},"uagb_comment_info":0,"uagb_excerpt":"Jos on tarve, voi opettaja rajoittaa kurssille osallistuvien opiskelijoiden m\u00e4\u00e4r\u00e4\u00e4 itserekister\u00f6itymisess\u00e4.&nbsp; T\u00e4ll\u00f6in kurssille rekister\u00f6ityminen sulkeutuu automaattisesti kun maksimim\u00e4\u00e4r\u00e4 opiskelijoita on rekister\u00f6itynyt kurssille. Klikkaa kurssin hallintaty\u00f6kaluissa osallistujat&nbsp; Paina t\u00e4m\u00e4n j\u00e4lkeen hammasratasta ja valitse Itserekister\u00f6ityminen.&nbsp; 3. Vierit\u00e4 ikkunaa alas p\u00e4in ja sy\u00f6t\u00e4 &#8221;osallistujam\u00e4\u00e4r\u00e4n yl\u00e4raja&#8221; -kentt\u00e4\u00e4n kurssille osallistujien maksimim\u00e4\u00e4r\u00e4.\u00a0 Tallenna muutokset.","_links":{"self":[{"href":"https:\/\/blogit.gradia.fi\/digipalvelut\/wp-json\/wp\/v2\/pages\/448","targetHints":{"allow":["GET"]}}],"collection":[{"href":"https:\/\/blogit.gradia.fi\/digipalvelut\/wp-json\/wp\/v2\/pages"}],"about":[{"href":"https:\/\/blogit.gradia.fi\/digipalvelut\/wp-json\/wp\/v2\/types\/page"}],"author":[{"embeddable":true,"href":"https:\/\/blogit.gradia.fi\/digipalvelut\/wp-json\/wp\/v2\/users\/421"}],"replies":[{"embeddable":true,"href":"https:\/\/blogit.gradia.fi\/digipalvelut\/wp-json\/wp\/v2\/comments?post=448"}],"version-history":[{"count":2,"href":"https:\/\/blogit.gradia.fi\/digipalvelut\/wp-json\/wp\/v2\/pages\/448\/revisions"}],"predecessor-version":[{"id":822,"href":"https:\/\/blogit.gradia.fi\/digipalvelut\/wp-json\/wp\/v2\/pages\/448\/revisions\/822"}],"up":[{"embeddable":true,"href":"https:\/\/blogit.gradia.fi\/digipalvelut\/wp-json\/wp\/v2\/pages\/76"}],"wp:attachment":[{"href":"https:\/\/blogit.gradia.fi\/digipalvelut\/wp-json\/wp\/v2\/media?parent=448"}],"curies":[{"name":"wp","href":"https:\/\/api.w.org\/{rel}","templated":true}]}}