{"id":432,"date":"2019-06-27T13:49:07","date_gmt":"2019-06-27T10:49:07","guid":{"rendered":"https:\/\/blogit.gradia.fi\/digipalvelut\/?page_id=432"},"modified":"2019-08-01T10:44:52","modified_gmt":"2019-08-01T07:44:52","slug":"kansion-lisaaminen","status":"publish","type":"page","link":"https:\/\/blogit.gradia.fi\/digipalvelut\/ohjeita-ja-vinkkeja\/moodle\/kansion-lisaaminen\/","title":{"rendered":"Kansion lis\u00e4\u00e4minen"},"content":{"rendered":"\n<p>Moodlen ty\u00f6tilan erilaisilla aineistoilla voit lis\u00e4t\u00e4 ty\u00f6tilaasi teksti\u00e4 ja erilaisia ohjeita opiskelijoiden luettavaksi. Aineistojen avulla voit tarvittaessa my\u00f6s rakentaa materiaalipankkeja. Yksitt\u00e4inen kansio voi sis\u00e4lt\u00e4\u00e4 my\u00f6s alakansioita. &nbsp;<\/p>\n\n\n\n<figure class=\"wp-block-image is-resized\"><img decoding=\"async\" src=\"https:\/\/blogit.gradia.fi\/digipalvelut\/wp-content\/uploads\/sites\/99\/2019\/06\/GetImage-1.jpg\" alt=\"Aineistot-vaihtoehdot: IMS-sis\u00e4lt\u00f6paketti, kansio, kirja, ohjeteksti, sivu, tiedosto, verkko-osoite\" class=\"wp-image-398\" width=\"106\" height=\"176\" srcset=\"https:\/\/blogit.gradia.fi\/digipalvelut\/wp-content\/uploads\/sites\/99\/2019\/06\/GetImage-1.jpg 211w, https:\/\/blogit.gradia.fi\/digipalvelut\/wp-content\/uploads\/sites\/99\/2019\/06\/GetImage-1-180x300.jpg 180w\" sizes=\"(max-width: 106px) 100vw, 106px\" \/><\/figure>\n\n\n\n<p><strong>Kansion lis\u00e4\u00e4minen<\/strong>&nbsp;<\/p>\n\n\n\n<ol class=\"wp-block-list\"><li>Klikkaa muokkaustilassa olevalla kurssilla&nbsp; &#8221;+ Lis\u00e4\u00e4 aktiviteetti tai aineisto&#8221;&nbsp; painiketta&nbsp;<\/li><li>Valitse Aineistot ja kansio&nbsp;<\/li><li>Anna kansiolle nimi&nbsp;<\/li><li>Lis\u00e4\u00e4 haluamasi tiedostot (kohdassa a ja b tarkempaa tietoa)&nbsp;<\/li><li>Paina tallenna ja palaa kurssille&nbsp;<\/li><\/ol>\n\n\n\n<p>a)  Tiedosto \u2013painikkeesta&nbsp;<strong>(a)<\/strong>&nbsp;voit lis\u00e4t\u00e4 tiedostoja kansioon, jonka juuri loit. Kansio \u2013painikkeesta&nbsp;<strong>(b)<\/strong>&nbsp;voit luoda p\u00e4\u00e4kansioon alikansioita, lataa kaikki \u2013painikkeella&nbsp;<strong>(c)<\/strong>&nbsp;voit ladata&nbsp;zip. -tiedoston kansiostasi ja tallentaa sen omalle koneellesi ja vied\u00e4 sen toiseen Moodle ty\u00f6tilaan.&nbsp;&nbsp;<em>HUOM! My\u00f6s opiskelijat voivat halutessaan ladata helposti kansion sis\u00e4ll\u00f6n itselleen ja tallentaa sen omiin tiedostoihinsa.&nbsp;<\/em>&nbsp; <\/p>\n\n\n\n<figure class=\"wp-block-image is-resized\"><img decoding=\"async\" src=\"https:\/\/blogit.gradia.fi\/digipalvelut\/wp-content\/uploads\/sites\/99\/2019\/06\/GetImage-2.jpg\" alt=\"Tiedostojen lis\u00e4\u00e4minen, alikansioiden luominen ja lataa-painikkeet Tiedosto-painikkeessa. \" class=\"wp-image-434\" width=\"152\" height=\"74\" srcset=\"https:\/\/blogit.gradia.fi\/digipalvelut\/wp-content\/uploads\/sites\/99\/2019\/06\/GetImage-2.jpg 304w, https:\/\/blogit.gradia.fi\/digipalvelut\/wp-content\/uploads\/sites\/99\/2019\/06\/GetImage-2-300x145.jpg 300w\" sizes=\"(max-width: 152px) 100vw, 152px\" \/><\/figure>\n\n\n\n<p>b)  Lis\u00e4\u00e4 kansioon haluamasi tiedostot seuraavista sijanneista:<\/p>\n\n\n\n<figure class=\"wp-block-image is-resized\"><img fetchpriority=\"high\" decoding=\"async\" src=\"https:\/\/blogit.gradia.fi\/digipalvelut\/wp-content\/uploads\/sites\/99\/2019\/06\/tiedostonvalitsin.jpg\" alt=\"Tiedostonvalitsin, erilaisia vaihtoehtoja, joista voi etsi\u00e4 tiedostoja. \" class=\"wp-image-437\" width=\"243\" height=\"252\" srcset=\"https:\/\/blogit.gradia.fi\/digipalvelut\/wp-content\/uploads\/sites\/99\/2019\/06\/tiedostonvalitsin.jpg 485w, https:\/\/blogit.gradia.fi\/digipalvelut\/wp-content\/uploads\/sites\/99\/2019\/06\/tiedostonvalitsin-289x300.jpg 289w\" sizes=\"(max-width: 243px) 100vw, 243px\" \/><\/figure>\n\n\n\n<p>Aineistoihin ja aktiviteetteihin liittyy lis\u00e4ksi yleisi\u00e4 asetuksia, joita ei t\u00e4ss\u00e4 tarkastella yksityiskohtaisesti.\u00a0\u00a0<br><a rel=\"noreferrer noopener\" href=\"https:\/\/blogit.gradia.fi\/digipalvelut\/ohjeita-ja-vinkkeja\/moodle\/moduulien-yleiset-asetukset\/\" target=\"_blank\">Lue lis\u00e4\u00e4 moduulien yleisist\u00e4 asetuksista.<\/a><br><a rel=\"noreferrer noopener\" href=\"https:\/\/blogit.gradia.fi\/digipalvelut\/ohjeita-ja-vinkkeja\/moodle\/rajoita-paasy-toimintoihin\/\" target=\"_blank\">Lue lis\u00e4\u00e4 p\u00e4\u00e4syn rajoittamisesta aktiviteetteihin ja aineistoihin<\/a>.\u00a0\u00a0<br><a rel=\"noreferrer noopener\" href=\"https:\/\/blogit.gradia.fi\/digipalvelut\/ohjeita-ja-vinkkeja\/moodle\/edistymisen-seuranta\/\" target=\"_blank\">Lue lis\u00e4\u00e4 opiskelijoiden edistymisen seurannasta.<\/a><\/p>\n","protected":false},"excerpt":{"rendered":"<p>Moodlen ty\u00f6tilan erilaisilla aineistoilla voit lis\u00e4t\u00e4 ty\u00f6tilaasi teksti\u00e4 ja erilaisia ohjeita opiskelijoiden luettavaksi. Aineistojen avulla voit tarvittaessa my\u00f6s rakentaa materiaalipankkeja. Yksitt\u00e4inen kansio voi sis\u00e4lt\u00e4\u00e4 my\u00f6s alakansioita. &nbsp; Kansion lis\u00e4\u00e4minen&nbsp; Klikkaa muokkaustilassa olevalla kurssilla&nbsp; &#8221;+ Lis\u00e4\u00e4 aktiviteetti tai aineisto&#8221;&nbsp; painiketta&nbsp; Valitse Aineistot ja kansio&nbsp; Anna kansiolle nimi&nbsp; Lis\u00e4\u00e4 haluamasi tiedostot (kohdassa [&hellip;]<\/p>\n","protected":false},"author":421,"featured_media":0,"parent":76,"menu_order":0,"comment_status":"closed","ping_status":"closed","template":"","meta":{"_uag_custom_page_level_css":"","footnotes":""},"class_list":["post-432","page","type-page","status-publish","hentry"],"yoast_head":"<!-- This site is optimized with the Yoast SEO plugin v27.4 - https:\/\/yoast.com\/product\/yoast-seo-wordpress\/ -->\n<title>Kansion lis\u00e4\u00e4minen - Gradia Digipalvelut<\/title>\n<meta name=\"robots\" content=\"index, follow, max-snippet:-1, max-image-preview:large, max-video-preview:-1\" \/>\n<link rel=\"canonical\" href=\"https:\/\/blogit.gradia.fi\/digipalvelut\/ohjeita-ja-vinkkeja\/moodle\/kansion-lisaaminen\/\" \/>\n<meta property=\"og:locale\" content=\"fi_FI\" \/>\n<meta property=\"og:type\" content=\"article\" \/>\n<meta property=\"og:title\" content=\"Kansion lis\u00e4\u00e4minen - Gradia Digipalvelut\" \/>\n<meta property=\"og:description\" content=\"Moodlen ty\u00f6tilan erilaisilla aineistoilla voit lis\u00e4t\u00e4 ty\u00f6tilaasi teksti\u00e4 ja erilaisia ohjeita opiskelijoiden luettavaksi. Aineistojen avulla voit tarvittaessa my\u00f6s rakentaa materiaalipankkeja. Yksitt\u00e4inen kansio voi sis\u00e4lt\u00e4\u00e4 my\u00f6s alakansioita. &nbsp; Kansion lis\u00e4\u00e4minen&nbsp; Klikkaa muokkaustilassa olevalla kurssilla&nbsp; &#8221;+ Lis\u00e4\u00e4 aktiviteetti tai aineisto&#8221;&nbsp; painiketta&nbsp; Valitse Aineistot ja kansio&nbsp; Anna kansiolle nimi&nbsp; Lis\u00e4\u00e4 haluamasi tiedostot (kohdassa [&hellip;]\" \/>\n<meta property=\"og:url\" content=\"https:\/\/blogit.gradia.fi\/digipalvelut\/ohjeita-ja-vinkkeja\/moodle\/kansion-lisaaminen\/\" \/>\n<meta property=\"og:site_name\" content=\"Gradia Digipalvelut\" \/>\n<meta property=\"article:modified_time\" content=\"2019-08-01T07:44:52+00:00\" \/>\n<meta property=\"og:image\" content=\"https:\/\/blogit.gradia.fi\/digipalvelut\/wp-content\/uploads\/sites\/99\/2019\/06\/GetImage-1.jpg\" \/>\n<meta name=\"twitter:card\" content=\"summary_large_image\" \/>\n<meta name=\"twitter:label1\" content=\"Arvioitu lukuaika\" \/>\n\t<meta name=\"twitter:data1\" content=\"1 minuutti\" \/>\n<script type=\"application\/ld+json\" class=\"yoast-schema-graph\">{\"@context\":\"https:\\\/\\\/schema.org\",\"@graph\":[{\"@type\":\"WebPage\",\"@id\":\"https:\\\/\\\/blogit.gradia.fi\\\/digipalvelut\\\/ohjeita-ja-vinkkeja\\\/moodle\\\/kansion-lisaaminen\\\/\",\"url\":\"https:\\\/\\\/blogit.gradia.fi\\\/digipalvelut\\\/ohjeita-ja-vinkkeja\\\/moodle\\\/kansion-lisaaminen\\\/\",\"name\":\"Kansion lis\u00e4\u00e4minen - Gradia Digipalvelut\",\"isPartOf\":{\"@id\":\"https:\\\/\\\/blogit.gradia.fi\\\/digipalvelut\\\/#website\"},\"primaryImageOfPage\":{\"@id\":\"https:\\\/\\\/blogit.gradia.fi\\\/digipalvelut\\\/ohjeita-ja-vinkkeja\\\/moodle\\\/kansion-lisaaminen\\\/#primaryimage\"},\"image\":{\"@id\":\"https:\\\/\\\/blogit.gradia.fi\\\/digipalvelut\\\/ohjeita-ja-vinkkeja\\\/moodle\\\/kansion-lisaaminen\\\/#primaryimage\"},\"thumbnailUrl\":\"https:\\\/\\\/blogit.gradia.fi\\\/digipalvelut\\\/wp-content\\\/uploads\\\/sites\\\/99\\\/2019\\\/06\\\/GetImage-1.jpg\",\"datePublished\":\"2019-06-27T10:49:07+00:00\",\"dateModified\":\"2019-08-01T07:44:52+00:00\",\"breadcrumb\":{\"@id\":\"https:\\\/\\\/blogit.gradia.fi\\\/digipalvelut\\\/ohjeita-ja-vinkkeja\\\/moodle\\\/kansion-lisaaminen\\\/#breadcrumb\"},\"inLanguage\":\"fi\",\"potentialAction\":[{\"@type\":\"ReadAction\",\"target\":[\"https:\\\/\\\/blogit.gradia.fi\\\/digipalvelut\\\/ohjeita-ja-vinkkeja\\\/moodle\\\/kansion-lisaaminen\\\/\"]}]},{\"@type\":\"ImageObject\",\"inLanguage\":\"fi\",\"@id\":\"https:\\\/\\\/blogit.gradia.fi\\\/digipalvelut\\\/ohjeita-ja-vinkkeja\\\/moodle\\\/kansion-lisaaminen\\\/#primaryimage\",\"url\":\"https:\\\/\\\/blogit.gradia.fi\\\/digipalvelut\\\/wp-content\\\/uploads\\\/sites\\\/99\\\/2019\\\/06\\\/GetImage-1.jpg\",\"contentUrl\":\"https:\\\/\\\/blogit.gradia.fi\\\/digipalvelut\\\/wp-content\\\/uploads\\\/sites\\\/99\\\/2019\\\/06\\\/GetImage-1.jpg\",\"width\":211,\"height\":351,\"caption\":\"Aineistot-vaihtoehdot: IMS-sis\u00e4lt\u00f6paketti, kansio, kirja, ohjeteksti, sivu, tiedosto, verkko-osoite\"},{\"@type\":\"BreadcrumbList\",\"@id\":\"https:\\\/\\\/blogit.gradia.fi\\\/digipalvelut\\\/ohjeita-ja-vinkkeja\\\/moodle\\\/kansion-lisaaminen\\\/#breadcrumb\",\"itemListElement\":[{\"@type\":\"ListItem\",\"position\":1,\"name\":\"Ohjeita ja vinkkej\u00e4\",\"item\":\"https:\\\/\\\/blogit.gradia.fi\\\/digipalvelut\\\/ohjeita-ja-vinkkeja\\\/\"},{\"@type\":\"ListItem\",\"position\":2,\"name\":\"Moodle\",\"item\":\"https:\\\/\\\/blogit.gradia.fi\\\/digipalvelut\\\/ohjeita-ja-vinkkeja\\\/moodle\\\/\"},{\"@type\":\"ListItem\",\"position\":3,\"name\":\"Kansion lis\u00e4\u00e4minen\"}]},{\"@type\":\"WebSite\",\"@id\":\"https:\\\/\\\/blogit.gradia.fi\\\/digipalvelut\\\/#website\",\"url\":\"https:\\\/\\\/blogit.gradia.fi\\\/digipalvelut\\\/\",\"name\":\"Gradia Digipalvelut\",\"description\":\"Astetta enemm\u00e4n digi\u00e4\",\"publisher\":{\"@id\":\"https:\\\/\\\/blogit.gradia.fi\\\/digipalvelut\\\/#organization\"},\"potentialAction\":[{\"@type\":\"SearchAction\",\"target\":{\"@type\":\"EntryPoint\",\"urlTemplate\":\"https:\\\/\\\/blogit.gradia.fi\\\/digipalvelut\\\/?s={search_term_string}\"},\"query-input\":{\"@type\":\"PropertyValueSpecification\",\"valueRequired\":true,\"valueName\":\"search_term_string\"}}],\"inLanguage\":\"fi\"},{\"@type\":\"Organization\",\"@id\":\"https:\\\/\\\/blogit.gradia.fi\\\/digipalvelut\\\/#organization\",\"name\":\"Gradia Digipalvelut\",\"url\":\"https:\\\/\\\/blogit.gradia.fi\\\/digipalvelut\\\/\",\"logo\":{\"@type\":\"ImageObject\",\"inLanguage\":\"fi\",\"@id\":\"https:\\\/\\\/blogit.gradia.fi\\\/digipalvelut\\\/#\\\/schema\\\/logo\\\/image\\\/\",\"url\":\"https:\\\/\\\/blogit.gradia.fi\\\/digipalvelut\\\/wp-content\\\/uploads\\\/sites\\\/99\\\/2019\\\/06\\\/cropped-Gradia_logo_Cyber_TRANSPARENT.png\",\"contentUrl\":\"https:\\\/\\\/blogit.gradia.fi\\\/digipalvelut\\\/wp-content\\\/uploads\\\/sites\\\/99\\\/2019\\\/06\\\/cropped-Gradia_logo_Cyber_TRANSPARENT.png\",\"width\":316,\"height\":382,\"caption\":\"Gradia Digipalvelut\"},\"image\":{\"@id\":\"https:\\\/\\\/blogit.gradia.fi\\\/digipalvelut\\\/#\\\/schema\\\/logo\\\/image\\\/\"}}]}<\/script>\n<!-- \/ Yoast SEO plugin. -->","yoast_head_json":{"title":"Kansion lis\u00e4\u00e4minen - Gradia Digipalvelut","robots":{"index":"index","follow":"follow","max-snippet":"max-snippet:-1","max-image-preview":"max-image-preview:large","max-video-preview":"max-video-preview:-1"},"canonical":"https:\/\/blogit.gradia.fi\/digipalvelut\/ohjeita-ja-vinkkeja\/moodle\/kansion-lisaaminen\/","og_locale":"fi_FI","og_type":"article","og_title":"Kansion lis\u00e4\u00e4minen - Gradia Digipalvelut","og_description":"Moodlen ty\u00f6tilan erilaisilla aineistoilla voit lis\u00e4t\u00e4 ty\u00f6tilaasi teksti\u00e4 ja erilaisia ohjeita opiskelijoiden luettavaksi. Aineistojen avulla voit tarvittaessa my\u00f6s rakentaa materiaalipankkeja. Yksitt\u00e4inen kansio voi sis\u00e4lt\u00e4\u00e4 my\u00f6s alakansioita. &nbsp; Kansion lis\u00e4\u00e4minen&nbsp; Klikkaa muokkaustilassa olevalla kurssilla&nbsp; &#8221;+ Lis\u00e4\u00e4 aktiviteetti tai aineisto&#8221;&nbsp; painiketta&nbsp; Valitse Aineistot ja kansio&nbsp; Anna kansiolle nimi&nbsp; Lis\u00e4\u00e4 haluamasi tiedostot (kohdassa [&hellip;]","og_url":"https:\/\/blogit.gradia.fi\/digipalvelut\/ohjeita-ja-vinkkeja\/moodle\/kansion-lisaaminen\/","og_site_name":"Gradia Digipalvelut","article_modified_time":"2019-08-01T07:44:52+00:00","og_image":[{"url":"https:\/\/blogit.gradia.fi\/digipalvelut\/wp-content\/uploads\/sites\/99\/2019\/06\/GetImage-1.jpg","type":"","width":"","height":""}],"twitter_card":"summary_large_image","twitter_misc":{"Arvioitu lukuaika":"1 minuutti"},"schema":{"@context":"https:\/\/schema.org","@graph":[{"@type":"WebPage","@id":"https:\/\/blogit.gradia.fi\/digipalvelut\/ohjeita-ja-vinkkeja\/moodle\/kansion-lisaaminen\/","url":"https:\/\/blogit.gradia.fi\/digipalvelut\/ohjeita-ja-vinkkeja\/moodle\/kansion-lisaaminen\/","name":"Kansion lis\u00e4\u00e4minen - Gradia Digipalvelut","isPartOf":{"@id":"https:\/\/blogit.gradia.fi\/digipalvelut\/#website"},"primaryImageOfPage":{"@id":"https:\/\/blogit.gradia.fi\/digipalvelut\/ohjeita-ja-vinkkeja\/moodle\/kansion-lisaaminen\/#primaryimage"},"image":{"@id":"https:\/\/blogit.gradia.fi\/digipalvelut\/ohjeita-ja-vinkkeja\/moodle\/kansion-lisaaminen\/#primaryimage"},"thumbnailUrl":"https:\/\/blogit.gradia.fi\/digipalvelut\/wp-content\/uploads\/sites\/99\/2019\/06\/GetImage-1.jpg","datePublished":"2019-06-27T10:49:07+00:00","dateModified":"2019-08-01T07:44:52+00:00","breadcrumb":{"@id":"https:\/\/blogit.gradia.fi\/digipalvelut\/ohjeita-ja-vinkkeja\/moodle\/kansion-lisaaminen\/#breadcrumb"},"inLanguage":"fi","potentialAction":[{"@type":"ReadAction","target":["https:\/\/blogit.gradia.fi\/digipalvelut\/ohjeita-ja-vinkkeja\/moodle\/kansion-lisaaminen\/"]}]},{"@type":"ImageObject","inLanguage":"fi","@id":"https:\/\/blogit.gradia.fi\/digipalvelut\/ohjeita-ja-vinkkeja\/moodle\/kansion-lisaaminen\/#primaryimage","url":"https:\/\/blogit.gradia.fi\/digipalvelut\/wp-content\/uploads\/sites\/99\/2019\/06\/GetImage-1.jpg","contentUrl":"https:\/\/blogit.gradia.fi\/digipalvelut\/wp-content\/uploads\/sites\/99\/2019\/06\/GetImage-1.jpg","width":211,"height":351,"caption":"Aineistot-vaihtoehdot: IMS-sis\u00e4lt\u00f6paketti, kansio, kirja, ohjeteksti, sivu, tiedosto, verkko-osoite"},{"@type":"BreadcrumbList","@id":"https:\/\/blogit.gradia.fi\/digipalvelut\/ohjeita-ja-vinkkeja\/moodle\/kansion-lisaaminen\/#breadcrumb","itemListElement":[{"@type":"ListItem","position":1,"name":"Ohjeita ja vinkkej\u00e4","item":"https:\/\/blogit.gradia.fi\/digipalvelut\/ohjeita-ja-vinkkeja\/"},{"@type":"ListItem","position":2,"name":"Moodle","item":"https:\/\/blogit.gradia.fi\/digipalvelut\/ohjeita-ja-vinkkeja\/moodle\/"},{"@type":"ListItem","position":3,"name":"Kansion lis\u00e4\u00e4minen"}]},{"@type":"WebSite","@id":"https:\/\/blogit.gradia.fi\/digipalvelut\/#website","url":"https:\/\/blogit.gradia.fi\/digipalvelut\/","name":"Gradia Digipalvelut","description":"Astetta enemm\u00e4n digi\u00e4","publisher":{"@id":"https:\/\/blogit.gradia.fi\/digipalvelut\/#organization"},"potentialAction":[{"@type":"SearchAction","target":{"@type":"EntryPoint","urlTemplate":"https:\/\/blogit.gradia.fi\/digipalvelut\/?s={search_term_string}"},"query-input":{"@type":"PropertyValueSpecification","valueRequired":true,"valueName":"search_term_string"}}],"inLanguage":"fi"},{"@type":"Organization","@id":"https:\/\/blogit.gradia.fi\/digipalvelut\/#organization","name":"Gradia Digipalvelut","url":"https:\/\/blogit.gradia.fi\/digipalvelut\/","logo":{"@type":"ImageObject","inLanguage":"fi","@id":"https:\/\/blogit.gradia.fi\/digipalvelut\/#\/schema\/logo\/image\/","url":"https:\/\/blogit.gradia.fi\/digipalvelut\/wp-content\/uploads\/sites\/99\/2019\/06\/cropped-Gradia_logo_Cyber_TRANSPARENT.png","contentUrl":"https:\/\/blogit.gradia.fi\/digipalvelut\/wp-content\/uploads\/sites\/99\/2019\/06\/cropped-Gradia_logo_Cyber_TRANSPARENT.png","width":316,"height":382,"caption":"Gradia Digipalvelut"},"image":{"@id":"https:\/\/blogit.gradia.fi\/digipalvelut\/#\/schema\/logo\/image\/"}}]}},"uagb_featured_image_src":{"full":false,"thumbnail":false,"medium":false,"medium_large":false,"large":false,"1536x1536":false,"2048x2048":false,"hestia-blog":false},"uagb_author_info":{"display_name":"Merja Hakanen","author_link":"https:\/\/blogit.gradia.fi\/digipalvelut\/author\/hakanmer\/"},"uagb_comment_info":0,"uagb_excerpt":"Moodlen ty\u00f6tilan erilaisilla aineistoilla voit lis\u00e4t\u00e4 ty\u00f6tilaasi teksti\u00e4 ja erilaisia ohjeita opiskelijoiden luettavaksi. Aineistojen avulla voit tarvittaessa my\u00f6s rakentaa materiaalipankkeja. Yksitt\u00e4inen kansio voi sis\u00e4lt\u00e4\u00e4 my\u00f6s alakansioita. &nbsp; Kansion lis\u00e4\u00e4minen&nbsp; Klikkaa muokkaustilassa olevalla kurssilla&nbsp; &#8221;+ Lis\u00e4\u00e4 aktiviteetti tai aineisto&#8221;&nbsp; painiketta&nbsp; Valitse Aineistot ja kansio&nbsp; Anna kansiolle nimi&nbsp; Lis\u00e4\u00e4 haluamasi tiedostot (kohdassa [&hellip;]","_links":{"self":[{"href":"https:\/\/blogit.gradia.fi\/digipalvelut\/wp-json\/wp\/v2\/pages\/432","targetHints":{"allow":["GET"]}}],"collection":[{"href":"https:\/\/blogit.gradia.fi\/digipalvelut\/wp-json\/wp\/v2\/pages"}],"about":[{"href":"https:\/\/blogit.gradia.fi\/digipalvelut\/wp-json\/wp\/v2\/types\/page"}],"author":[{"embeddable":true,"href":"https:\/\/blogit.gradia.fi\/digipalvelut\/wp-json\/wp\/v2\/users\/421"}],"replies":[{"embeddable":true,"href":"https:\/\/blogit.gradia.fi\/digipalvelut\/wp-json\/wp\/v2\/comments?post=432"}],"version-history":[{"count":4,"href":"https:\/\/blogit.gradia.fi\/digipalvelut\/wp-json\/wp\/v2\/pages\/432\/revisions"}],"predecessor-version":[{"id":810,"href":"https:\/\/blogit.gradia.fi\/digipalvelut\/wp-json\/wp\/v2\/pages\/432\/revisions\/810"}],"up":[{"embeddable":true,"href":"https:\/\/blogit.gradia.fi\/digipalvelut\/wp-json\/wp\/v2\/pages\/76"}],"wp:attachment":[{"href":"https:\/\/blogit.gradia.fi\/digipalvelut\/wp-json\/wp\/v2\/media?parent=432"}],"curies":[{"name":"wp","href":"https:\/\/api.w.org\/{rel}","templated":true}]}}