{"id":414,"date":"2019-06-27T10:09:53","date_gmt":"2019-06-27T07:09:53","guid":{"rendered":"https:\/\/blogit.gradia.fi\/digipalvelut\/?page_id=414"},"modified":"2019-08-01T10:46:46","modified_gmt":"2019-08-01T07:46:46","slug":"verkko-osoitteen-lisaaminen","status":"publish","type":"page","link":"https:\/\/blogit.gradia.fi\/digipalvelut\/ohjeita-ja-vinkkeja\/moodle\/verkko-osoitteen-lisaaminen\/","title":{"rendered":"Verkko-osoitteen lis\u00e4\u00e4minen"},"content":{"rendered":"\n<p>Yksitt\u00e4isi\u00e4 verkko-osoitteita voi lis\u00e4t\u00e4 siihen tarkoitetulla verkko-osoite-aineistolla. K\u00e4yt\u00e4 t\u00e4t\u00e4, kun haluat linkitt\u00e4\u00e4 opintojaksollesi ulkoisia verkkosivuja tai videolinkkej\u00e4. Suosittelemme, ett\u00e4 lis\u00e4\u00e4t videot linkkein\u00e4 k\u00e4ytt\u00e4m\u00e4st\u00e4si videonjakopalvelusta ( esimerkiksi YouTube tai O365 Stream) videon lataamisen sijaan. <\/p>\n\n\n\n<ol class=\"wp-block-list\"><li>Mene kurssille&nbsp;<\/li><li>Aktivoi muokkaustila p\u00e4\u00e4lle hallintaty\u00f6kaluista&nbsp;<\/li><li>Valitse <strong>Lis\u00e4\u00e4 aktiviteetti tai aineisto<\/strong> haluamaasi osioon. Valitse haluamasi <strong>Verkko-osoite<\/strong>. <\/li><li>Anna <strong>Yleiset<\/strong>-kohdassa linkille nimi, t\u00e4m\u00e4 nimi n\u00e4kyy aineiston nimen\u00e4.<\/li><li>Kopioi url-osoite haluamaltasi sivulta kohtaan <strong>Ulkoinen verkko-osoite<\/strong>.<\/li><li> Kirjoita halutessasi kuvaus (esimerkiksi minne linkki johtaa). <\/li><li>S\u00e4\u00e4d\u00e4 tarvittaessa muut asetukset. <\/li><li>Paina <strong>Tallenna ja palaa kurssille<\/strong> -painikkeesta.  T\u00e4m\u00e4n j\u00e4lkeen n\u00e4et verkko-osoiteen linkkin\u00e4 kurssilla.  <\/li><\/ol>\n\n\n\n<figure class=\"wp-block-image\"><img fetchpriority=\"high\" decoding=\"async\" width=\"1024\" height=\"646\" src=\"https:\/\/blogit.gradia.fi\/digipalvelut\/wp-content\/uploads\/sites\/99\/2019\/06\/GetImage-1-1024x646.png\" alt=\"K\u00e4ytt\u00f6liittym\u00e4n kuva, kun lis\u00e4t\u00e4\u00e4n uusi verkko-osoite kohtaan aktiviteetit ja aineistot. \" class=\"wp-image-418\" srcset=\"https:\/\/blogit.gradia.fi\/digipalvelut\/wp-content\/uploads\/sites\/99\/2019\/06\/GetImage-1-1024x646.png 1024w, https:\/\/blogit.gradia.fi\/digipalvelut\/wp-content\/uploads\/sites\/99\/2019\/06\/GetImage-1-300x189.png 300w, https:\/\/blogit.gradia.fi\/digipalvelut\/wp-content\/uploads\/sites\/99\/2019\/06\/GetImage-1-768x485.png 768w, https:\/\/blogit.gradia.fi\/digipalvelut\/wp-content\/uploads\/sites\/99\/2019\/06\/GetImage-1-620x391.png 620w, https:\/\/blogit.gradia.fi\/digipalvelut\/wp-content\/uploads\/sites\/99\/2019\/06\/GetImage-1.png 1356w\" sizes=\"(max-width: 1024px) 100vw, 1024px\" \/><\/figure>\n\n\n\n<p><strong><a href=\"https:\/\/blogit.gradia.fi\/digipalvelut\/ohjeita-ja-vinkkeja\/moodle\/linkin-lisaaminen-tekstiin\/\">Tutustu my\u00f6s ohjeeseen, kuinka linkki lis\u00e4t\u00e4\u00e4n tekstiin<\/a><\/strong><a href=\"https:\/\/blogit.gradia.fi\/digipalvelut\/ohjeita-ja-vinkkeja\/moodle\/linkin-lisaaminen-tekstiin\/\">.<\/a><\/p>\n\n\n\n<p>Aineistoihin ja aktiviteetteihin liittyy lis\u00e4ksi yleisi\u00e4 asetuksia, joita ei t\u00e4ss\u00e4 tarkastella yksityiskohtaisesti.\u00a0\u00a0<br><a rel=\"noreferrer noopener\" href=\"https:\/\/blogit.gradia.fi\/digipalvelut\/ohjeita-ja-vinkkeja\/moodle\/moduulien-yleiset-asetukset\/\" target=\"_blank\">Lue lis\u00e4\u00e4 moduulien yleisist\u00e4 asetuksista.<\/a><br><a rel=\"noreferrer noopener\" href=\"https:\/\/blogit.gradia.fi\/digipalvelut\/ohjeita-ja-vinkkeja\/moodle\/rajoita-paasy-toimintoihin\/\" target=\"_blank\">Lue lis\u00e4\u00e4 p\u00e4\u00e4syn rajoittamisesta aktiviteetteihin ja aineistoihin<\/a>.\u00a0\u00a0<br><a rel=\"noreferrer noopener\" href=\"https:\/\/blogit.gradia.fi\/digipalvelut\/ohjeita-ja-vinkkeja\/moodle\/edistymisen-seuranta\/\" target=\"_blank\">Lue lis\u00e4\u00e4 opiskelijoiden edistymisen seurannasta.<\/a><\/p>\n","protected":false},"excerpt":{"rendered":"<p>Yksitt\u00e4isi\u00e4 verkko-osoitteita voi lis\u00e4t\u00e4 siihen tarkoitetulla verkko-osoite-aineistolla. K\u00e4yt\u00e4 t\u00e4t\u00e4, kun haluat linkitt\u00e4\u00e4 opintojaksollesi ulkoisia verkkosivuja tai videolinkkej\u00e4. Suosittelemme, ett\u00e4 lis\u00e4\u00e4t videot linkkein\u00e4 k\u00e4ytt\u00e4m\u00e4st\u00e4si videonjakopalvelusta ( esimerkiksi YouTube tai O365 Stream) videon lataamisen sijaan. Mene kurssille&nbsp; Aktivoi muokkaustila p\u00e4\u00e4lle hallintaty\u00f6kaluista&nbsp; Valitse Lis\u00e4\u00e4 aktiviteetti tai aineisto haluamaasi osioon. Valitse haluamasi Verkko-osoite. Anna [&hellip;]<\/p>\n","protected":false},"author":421,"featured_media":0,"parent":76,"menu_order":0,"comment_status":"closed","ping_status":"closed","template":"","meta":{"_uag_custom_page_level_css":"","footnotes":""},"class_list":["post-414","page","type-page","status-publish","hentry"],"yoast_head":"<!-- This site is optimized with the Yoast SEO plugin v27.4 - https:\/\/yoast.com\/product\/yoast-seo-wordpress\/ -->\n<title>Verkko-osoitteen lis\u00e4\u00e4minen - Gradia Digipalvelut<\/title>\n<meta name=\"robots\" content=\"index, follow, max-snippet:-1, max-image-preview:large, max-video-preview:-1\" \/>\n<link rel=\"canonical\" href=\"https:\/\/blogit.gradia.fi\/digipalvelut\/ohjeita-ja-vinkkeja\/moodle\/verkko-osoitteen-lisaaminen\/\" \/>\n<meta property=\"og:locale\" content=\"fi_FI\" \/>\n<meta property=\"og:type\" content=\"article\" \/>\n<meta property=\"og:title\" content=\"Verkko-osoitteen lis\u00e4\u00e4minen - Gradia Digipalvelut\" \/>\n<meta property=\"og:description\" content=\"Yksitt\u00e4isi\u00e4 verkko-osoitteita voi lis\u00e4t\u00e4 siihen tarkoitetulla verkko-osoite-aineistolla. K\u00e4yt\u00e4 t\u00e4t\u00e4, kun haluat linkitt\u00e4\u00e4 opintojaksollesi ulkoisia verkkosivuja tai videolinkkej\u00e4. Suosittelemme, ett\u00e4 lis\u00e4\u00e4t videot linkkein\u00e4 k\u00e4ytt\u00e4m\u00e4st\u00e4si videonjakopalvelusta ( esimerkiksi YouTube tai O365 Stream) videon lataamisen sijaan. Mene kurssille&nbsp; Aktivoi muokkaustila p\u00e4\u00e4lle hallintaty\u00f6kaluista&nbsp; Valitse Lis\u00e4\u00e4 aktiviteetti tai aineisto haluamaasi osioon. Valitse haluamasi Verkko-osoite. Anna [&hellip;]\" \/>\n<meta property=\"og:url\" content=\"https:\/\/blogit.gradia.fi\/digipalvelut\/ohjeita-ja-vinkkeja\/moodle\/verkko-osoitteen-lisaaminen\/\" \/>\n<meta property=\"og:site_name\" content=\"Gradia Digipalvelut\" \/>\n<meta property=\"article:modified_time\" content=\"2019-08-01T07:46:46+00:00\" \/>\n<meta property=\"og:image\" content=\"https:\/\/blogit.gradia.fi\/digipalvelut\/wp-content\/uploads\/sites\/99\/2019\/06\/GetImage-1-1024x646.png\" \/>\n<meta name=\"twitter:card\" content=\"summary_large_image\" \/>\n<meta name=\"twitter:label1\" content=\"Arvioitu lukuaika\" \/>\n\t<meta name=\"twitter:data1\" content=\"1 minuutti\" \/>\n<script type=\"application\/ld+json\" class=\"yoast-schema-graph\">{\"@context\":\"https:\\\/\\\/schema.org\",\"@graph\":[{\"@type\":\"WebPage\",\"@id\":\"https:\\\/\\\/blogit.gradia.fi\\\/digipalvelut\\\/ohjeita-ja-vinkkeja\\\/moodle\\\/verkko-osoitteen-lisaaminen\\\/\",\"url\":\"https:\\\/\\\/blogit.gradia.fi\\\/digipalvelut\\\/ohjeita-ja-vinkkeja\\\/moodle\\\/verkko-osoitteen-lisaaminen\\\/\",\"name\":\"Verkko-osoitteen lis\u00e4\u00e4minen - Gradia Digipalvelut\",\"isPartOf\":{\"@id\":\"https:\\\/\\\/blogit.gradia.fi\\\/digipalvelut\\\/#website\"},\"primaryImageOfPage\":{\"@id\":\"https:\\\/\\\/blogit.gradia.fi\\\/digipalvelut\\\/ohjeita-ja-vinkkeja\\\/moodle\\\/verkko-osoitteen-lisaaminen\\\/#primaryimage\"},\"image\":{\"@id\":\"https:\\\/\\\/blogit.gradia.fi\\\/digipalvelut\\\/ohjeita-ja-vinkkeja\\\/moodle\\\/verkko-osoitteen-lisaaminen\\\/#primaryimage\"},\"thumbnailUrl\":\"https:\\\/\\\/blogit.gradia.fi\\\/digipalvelut\\\/wp-content\\\/uploads\\\/sites\\\/99\\\/2019\\\/06\\\/GetImage-1-1024x646.png\",\"datePublished\":\"2019-06-27T07:09:53+00:00\",\"dateModified\":\"2019-08-01T07:46:46+00:00\",\"breadcrumb\":{\"@id\":\"https:\\\/\\\/blogit.gradia.fi\\\/digipalvelut\\\/ohjeita-ja-vinkkeja\\\/moodle\\\/verkko-osoitteen-lisaaminen\\\/#breadcrumb\"},\"inLanguage\":\"fi\",\"potentialAction\":[{\"@type\":\"ReadAction\",\"target\":[\"https:\\\/\\\/blogit.gradia.fi\\\/digipalvelut\\\/ohjeita-ja-vinkkeja\\\/moodle\\\/verkko-osoitteen-lisaaminen\\\/\"]}]},{\"@type\":\"ImageObject\",\"inLanguage\":\"fi\",\"@id\":\"https:\\\/\\\/blogit.gradia.fi\\\/digipalvelut\\\/ohjeita-ja-vinkkeja\\\/moodle\\\/verkko-osoitteen-lisaaminen\\\/#primaryimage\",\"url\":\"https:\\\/\\\/blogit.gradia.fi\\\/digipalvelut\\\/wp-content\\\/uploads\\\/sites\\\/99\\\/2019\\\/06\\\/GetImage-1.png\",\"contentUrl\":\"https:\\\/\\\/blogit.gradia.fi\\\/digipalvelut\\\/wp-content\\\/uploads\\\/sites\\\/99\\\/2019\\\/06\\\/GetImage-1.png\",\"width\":1356,\"height\":856},{\"@type\":\"BreadcrumbList\",\"@id\":\"https:\\\/\\\/blogit.gradia.fi\\\/digipalvelut\\\/ohjeita-ja-vinkkeja\\\/moodle\\\/verkko-osoitteen-lisaaminen\\\/#breadcrumb\",\"itemListElement\":[{\"@type\":\"ListItem\",\"position\":1,\"name\":\"Ohjeita ja vinkkej\u00e4\",\"item\":\"https:\\\/\\\/blogit.gradia.fi\\\/digipalvelut\\\/ohjeita-ja-vinkkeja\\\/\"},{\"@type\":\"ListItem\",\"position\":2,\"name\":\"Moodle\",\"item\":\"https:\\\/\\\/blogit.gradia.fi\\\/digipalvelut\\\/ohjeita-ja-vinkkeja\\\/moodle\\\/\"},{\"@type\":\"ListItem\",\"position\":3,\"name\":\"Verkko-osoitteen lis\u00e4\u00e4minen\"}]},{\"@type\":\"WebSite\",\"@id\":\"https:\\\/\\\/blogit.gradia.fi\\\/digipalvelut\\\/#website\",\"url\":\"https:\\\/\\\/blogit.gradia.fi\\\/digipalvelut\\\/\",\"name\":\"Gradia Digipalvelut\",\"description\":\"Astetta enemm\u00e4n digi\u00e4\",\"publisher\":{\"@id\":\"https:\\\/\\\/blogit.gradia.fi\\\/digipalvelut\\\/#organization\"},\"potentialAction\":[{\"@type\":\"SearchAction\",\"target\":{\"@type\":\"EntryPoint\",\"urlTemplate\":\"https:\\\/\\\/blogit.gradia.fi\\\/digipalvelut\\\/?s={search_term_string}\"},\"query-input\":{\"@type\":\"PropertyValueSpecification\",\"valueRequired\":true,\"valueName\":\"search_term_string\"}}],\"inLanguage\":\"fi\"},{\"@type\":\"Organization\",\"@id\":\"https:\\\/\\\/blogit.gradia.fi\\\/digipalvelut\\\/#organization\",\"name\":\"Gradia Digipalvelut\",\"url\":\"https:\\\/\\\/blogit.gradia.fi\\\/digipalvelut\\\/\",\"logo\":{\"@type\":\"ImageObject\",\"inLanguage\":\"fi\",\"@id\":\"https:\\\/\\\/blogit.gradia.fi\\\/digipalvelut\\\/#\\\/schema\\\/logo\\\/image\\\/\",\"url\":\"https:\\\/\\\/blogit.gradia.fi\\\/digipalvelut\\\/wp-content\\\/uploads\\\/sites\\\/99\\\/2019\\\/06\\\/cropped-Gradia_logo_Cyber_TRANSPARENT.png\",\"contentUrl\":\"https:\\\/\\\/blogit.gradia.fi\\\/digipalvelut\\\/wp-content\\\/uploads\\\/sites\\\/99\\\/2019\\\/06\\\/cropped-Gradia_logo_Cyber_TRANSPARENT.png\",\"width\":316,\"height\":382,\"caption\":\"Gradia Digipalvelut\"},\"image\":{\"@id\":\"https:\\\/\\\/blogit.gradia.fi\\\/digipalvelut\\\/#\\\/schema\\\/logo\\\/image\\\/\"}}]}<\/script>\n<!-- \/ Yoast SEO plugin. -->","yoast_head_json":{"title":"Verkko-osoitteen lis\u00e4\u00e4minen - Gradia Digipalvelut","robots":{"index":"index","follow":"follow","max-snippet":"max-snippet:-1","max-image-preview":"max-image-preview:large","max-video-preview":"max-video-preview:-1"},"canonical":"https:\/\/blogit.gradia.fi\/digipalvelut\/ohjeita-ja-vinkkeja\/moodle\/verkko-osoitteen-lisaaminen\/","og_locale":"fi_FI","og_type":"article","og_title":"Verkko-osoitteen lis\u00e4\u00e4minen - Gradia Digipalvelut","og_description":"Yksitt\u00e4isi\u00e4 verkko-osoitteita voi lis\u00e4t\u00e4 siihen tarkoitetulla verkko-osoite-aineistolla. K\u00e4yt\u00e4 t\u00e4t\u00e4, kun haluat linkitt\u00e4\u00e4 opintojaksollesi ulkoisia verkkosivuja tai videolinkkej\u00e4. Suosittelemme, ett\u00e4 lis\u00e4\u00e4t videot linkkein\u00e4 k\u00e4ytt\u00e4m\u00e4st\u00e4si videonjakopalvelusta ( esimerkiksi YouTube tai O365 Stream) videon lataamisen sijaan. Mene kurssille&nbsp; Aktivoi muokkaustila p\u00e4\u00e4lle hallintaty\u00f6kaluista&nbsp; Valitse Lis\u00e4\u00e4 aktiviteetti tai aineisto haluamaasi osioon. Valitse haluamasi Verkko-osoite. Anna [&hellip;]","og_url":"https:\/\/blogit.gradia.fi\/digipalvelut\/ohjeita-ja-vinkkeja\/moodle\/verkko-osoitteen-lisaaminen\/","og_site_name":"Gradia Digipalvelut","article_modified_time":"2019-08-01T07:46:46+00:00","og_image":[{"url":"https:\/\/blogit.gradia.fi\/digipalvelut\/wp-content\/uploads\/sites\/99\/2019\/06\/GetImage-1-1024x646.png","type":"","width":"","height":""}],"twitter_card":"summary_large_image","twitter_misc":{"Arvioitu lukuaika":"1 minuutti"},"schema":{"@context":"https:\/\/schema.org","@graph":[{"@type":"WebPage","@id":"https:\/\/blogit.gradia.fi\/digipalvelut\/ohjeita-ja-vinkkeja\/moodle\/verkko-osoitteen-lisaaminen\/","url":"https:\/\/blogit.gradia.fi\/digipalvelut\/ohjeita-ja-vinkkeja\/moodle\/verkko-osoitteen-lisaaminen\/","name":"Verkko-osoitteen lis\u00e4\u00e4minen - Gradia Digipalvelut","isPartOf":{"@id":"https:\/\/blogit.gradia.fi\/digipalvelut\/#website"},"primaryImageOfPage":{"@id":"https:\/\/blogit.gradia.fi\/digipalvelut\/ohjeita-ja-vinkkeja\/moodle\/verkko-osoitteen-lisaaminen\/#primaryimage"},"image":{"@id":"https:\/\/blogit.gradia.fi\/digipalvelut\/ohjeita-ja-vinkkeja\/moodle\/verkko-osoitteen-lisaaminen\/#primaryimage"},"thumbnailUrl":"https:\/\/blogit.gradia.fi\/digipalvelut\/wp-content\/uploads\/sites\/99\/2019\/06\/GetImage-1-1024x646.png","datePublished":"2019-06-27T07:09:53+00:00","dateModified":"2019-08-01T07:46:46+00:00","breadcrumb":{"@id":"https:\/\/blogit.gradia.fi\/digipalvelut\/ohjeita-ja-vinkkeja\/moodle\/verkko-osoitteen-lisaaminen\/#breadcrumb"},"inLanguage":"fi","potentialAction":[{"@type":"ReadAction","target":["https:\/\/blogit.gradia.fi\/digipalvelut\/ohjeita-ja-vinkkeja\/moodle\/verkko-osoitteen-lisaaminen\/"]}]},{"@type":"ImageObject","inLanguage":"fi","@id":"https:\/\/blogit.gradia.fi\/digipalvelut\/ohjeita-ja-vinkkeja\/moodle\/verkko-osoitteen-lisaaminen\/#primaryimage","url":"https:\/\/blogit.gradia.fi\/digipalvelut\/wp-content\/uploads\/sites\/99\/2019\/06\/GetImage-1.png","contentUrl":"https:\/\/blogit.gradia.fi\/digipalvelut\/wp-content\/uploads\/sites\/99\/2019\/06\/GetImage-1.png","width":1356,"height":856},{"@type":"BreadcrumbList","@id":"https:\/\/blogit.gradia.fi\/digipalvelut\/ohjeita-ja-vinkkeja\/moodle\/verkko-osoitteen-lisaaminen\/#breadcrumb","itemListElement":[{"@type":"ListItem","position":1,"name":"Ohjeita ja vinkkej\u00e4","item":"https:\/\/blogit.gradia.fi\/digipalvelut\/ohjeita-ja-vinkkeja\/"},{"@type":"ListItem","position":2,"name":"Moodle","item":"https:\/\/blogit.gradia.fi\/digipalvelut\/ohjeita-ja-vinkkeja\/moodle\/"},{"@type":"ListItem","position":3,"name":"Verkko-osoitteen lis\u00e4\u00e4minen"}]},{"@type":"WebSite","@id":"https:\/\/blogit.gradia.fi\/digipalvelut\/#website","url":"https:\/\/blogit.gradia.fi\/digipalvelut\/","name":"Gradia Digipalvelut","description":"Astetta enemm\u00e4n digi\u00e4","publisher":{"@id":"https:\/\/blogit.gradia.fi\/digipalvelut\/#organization"},"potentialAction":[{"@type":"SearchAction","target":{"@type":"EntryPoint","urlTemplate":"https:\/\/blogit.gradia.fi\/digipalvelut\/?s={search_term_string}"},"query-input":{"@type":"PropertyValueSpecification","valueRequired":true,"valueName":"search_term_string"}}],"inLanguage":"fi"},{"@type":"Organization","@id":"https:\/\/blogit.gradia.fi\/digipalvelut\/#organization","name":"Gradia Digipalvelut","url":"https:\/\/blogit.gradia.fi\/digipalvelut\/","logo":{"@type":"ImageObject","inLanguage":"fi","@id":"https:\/\/blogit.gradia.fi\/digipalvelut\/#\/schema\/logo\/image\/","url":"https:\/\/blogit.gradia.fi\/digipalvelut\/wp-content\/uploads\/sites\/99\/2019\/06\/cropped-Gradia_logo_Cyber_TRANSPARENT.png","contentUrl":"https:\/\/blogit.gradia.fi\/digipalvelut\/wp-content\/uploads\/sites\/99\/2019\/06\/cropped-Gradia_logo_Cyber_TRANSPARENT.png","width":316,"height":382,"caption":"Gradia Digipalvelut"},"image":{"@id":"https:\/\/blogit.gradia.fi\/digipalvelut\/#\/schema\/logo\/image\/"}}]}},"uagb_featured_image_src":{"full":false,"thumbnail":false,"medium":false,"medium_large":false,"large":false,"1536x1536":false,"2048x2048":false,"hestia-blog":false},"uagb_author_info":{"display_name":"Merja Hakanen","author_link":"https:\/\/blogit.gradia.fi\/digipalvelut\/author\/hakanmer\/"},"uagb_comment_info":0,"uagb_excerpt":"Yksitt\u00e4isi\u00e4 verkko-osoitteita voi lis\u00e4t\u00e4 siihen tarkoitetulla verkko-osoite-aineistolla. K\u00e4yt\u00e4 t\u00e4t\u00e4, kun haluat linkitt\u00e4\u00e4 opintojaksollesi ulkoisia verkkosivuja tai videolinkkej\u00e4. Suosittelemme, ett\u00e4 lis\u00e4\u00e4t videot linkkein\u00e4 k\u00e4ytt\u00e4m\u00e4st\u00e4si videonjakopalvelusta ( esimerkiksi YouTube tai O365 Stream) videon lataamisen sijaan. Mene kurssille&nbsp; Aktivoi muokkaustila p\u00e4\u00e4lle hallintaty\u00f6kaluista&nbsp; Valitse Lis\u00e4\u00e4 aktiviteetti tai aineisto haluamaasi osioon. Valitse haluamasi Verkko-osoite. Anna [&hellip;]","_links":{"self":[{"href":"https:\/\/blogit.gradia.fi\/digipalvelut\/wp-json\/wp\/v2\/pages\/414","targetHints":{"allow":["GET"]}}],"collection":[{"href":"https:\/\/blogit.gradia.fi\/digipalvelut\/wp-json\/wp\/v2\/pages"}],"about":[{"href":"https:\/\/blogit.gradia.fi\/digipalvelut\/wp-json\/wp\/v2\/types\/page"}],"author":[{"embeddable":true,"href":"https:\/\/blogit.gradia.fi\/digipalvelut\/wp-json\/wp\/v2\/users\/421"}],"replies":[{"embeddable":true,"href":"https:\/\/blogit.gradia.fi\/digipalvelut\/wp-json\/wp\/v2\/comments?post=414"}],"version-history":[{"count":2,"href":"https:\/\/blogit.gradia.fi\/digipalvelut\/wp-json\/wp\/v2\/pages\/414\/revisions"}],"predecessor-version":[{"id":811,"href":"https:\/\/blogit.gradia.fi\/digipalvelut\/wp-json\/wp\/v2\/pages\/414\/revisions\/811"}],"up":[{"embeddable":true,"href":"https:\/\/blogit.gradia.fi\/digipalvelut\/wp-json\/wp\/v2\/pages\/76"}],"wp:attachment":[{"href":"https:\/\/blogit.gradia.fi\/digipalvelut\/wp-json\/wp\/v2\/media?parent=414"}],"curies":[{"name":"wp","href":"https:\/\/api.w.org\/{rel}","templated":true}]}}