{"id":403,"date":"2019-06-26T15:37:47","date_gmt":"2019-06-26T12:37:47","guid":{"rendered":"https:\/\/blogit.gradia.fi\/digipalvelut\/?page_id=403"},"modified":"2019-08-01T10:43:10","modified_gmt":"2019-08-01T07:43:10","slug":"ohjetekstin-lisaaminen","status":"publish","type":"page","link":"https:\/\/blogit.gradia.fi\/digipalvelut\/ohjeita-ja-vinkkeja\/moodle\/ohjetekstin-lisaaminen\/","title":{"rendered":"Ohjetekstin lis\u00e4\u00e4minen"},"content":{"rendered":"\n<p>Ohjeteksti on lyhyt opastus esimerkiksi teht\u00e4v\u00e4\u00e4n tai osioon. Ohjetekstiin voi upottaa my\u00f6s kuvia, linkkej\u00e4 tai videota, jolloin ne n\u00e4kyv\u00e4t suoraan osion n\u00e4kym\u00e4ss\u00e4. <\/p>\n\n\n\n<ol class=\"wp-block-list\"><li>Mene kurssille&nbsp;<\/li><li>Aktivoi muokkaustila p\u00e4\u00e4lle hallintaty\u00f6kaluista&nbsp;<\/li><li>Valitse <strong>Lis\u00e4\u00e4 aktiviteetti tai aineisto<\/strong> haluamaasi osioon. Valitse haluamasi <strong>Ohjeteksti<\/strong>. <\/li><li>Kirjoita Yleinen-osaan varsinainen ohjeteksti. <\/li><li>S\u00e4\u00e4d\u00e4 ohjetekstin muut asetukset. <\/li><li>Paina <strong>Tallenna ja palaa kurssille<\/strong> -painikkeesta. <\/li><\/ol>\n\n\n\n<figure class=\"wp-block-image\"><img fetchpriority=\"high\" decoding=\"async\" width=\"1024\" height=\"648\" src=\"https:\/\/blogit.gradia.fi\/digipalvelut\/wp-content\/uploads\/sites\/99\/2019\/06\/GetImage-15-1024x648.png\" alt=\"Ohjetekstin lis\u00e4\u00e4minen tapahtuu kirjoittamalla Yleinen-osaan varsinainen sis\u00e4lt\u00f6, s\u00e4\u00e4d\u00e4 muut asetukset haluamaksesi. \" class=\"wp-image-405\" srcset=\"https:\/\/blogit.gradia.fi\/digipalvelut\/wp-content\/uploads\/sites\/99\/2019\/06\/GetImage-15-1024x648.png 1024w, https:\/\/blogit.gradia.fi\/digipalvelut\/wp-content\/uploads\/sites\/99\/2019\/06\/GetImage-15-300x190.png 300w, https:\/\/blogit.gradia.fi\/digipalvelut\/wp-content\/uploads\/sites\/99\/2019\/06\/GetImage-15-768x486.png 768w, https:\/\/blogit.gradia.fi\/digipalvelut\/wp-content\/uploads\/sites\/99\/2019\/06\/GetImage-15-620x392.png 620w, https:\/\/blogit.gradia.fi\/digipalvelut\/wp-content\/uploads\/sites\/99\/2019\/06\/GetImage-15.png 1340w\" sizes=\"(max-width: 1024px) 100vw, 1024px\" \/><\/figure>\n\n\n\n<p>Ohjeteksti n\u00e4kyy aineisto- ja teht\u00e4v\u00e4linkeist\u00e4 poiketen suoraan tekstin\u00e4, kuvana tai videona.&nbsp;&nbsp; <\/p>\n\n\n\n<figure class=\"wp-block-image\"><img decoding=\"async\" width=\"1024\" height=\"291\" src=\"https:\/\/blogit.gradia.fi\/digipalvelut\/wp-content\/uploads\/sites\/99\/2019\/06\/GetImage-17-1024x291.png\" alt=\"Ohjeteksti n\u00e4kyy osion ikkunassa suoraan tekstin\u00e4, kuvana tai videona. \" class=\"wp-image-406\" srcset=\"https:\/\/blogit.gradia.fi\/digipalvelut\/wp-content\/uploads\/sites\/99\/2019\/06\/GetImage-17-1024x291.png 1024w, https:\/\/blogit.gradia.fi\/digipalvelut\/wp-content\/uploads\/sites\/99\/2019\/06\/GetImage-17-300x85.png 300w, https:\/\/blogit.gradia.fi\/digipalvelut\/wp-content\/uploads\/sites\/99\/2019\/06\/GetImage-17-768x218.png 768w, https:\/\/blogit.gradia.fi\/digipalvelut\/wp-content\/uploads\/sites\/99\/2019\/06\/GetImage-17-620x176.png 620w, https:\/\/blogit.gradia.fi\/digipalvelut\/wp-content\/uploads\/sites\/99\/2019\/06\/GetImage-17.png 1856w\" sizes=\"(max-width: 1024px) 100vw, 1024px\" \/><\/figure>\n\n\n\n<p>Aineistoihin ja aktiviteetteihin liittyy lis\u00e4ksi yleisi\u00e4 asetuksia, joita ei t\u00e4ss\u00e4 tarkastella yksityiskohtaisesti.\u00a0\u00a0<br><a rel=\"noreferrer noopener\" href=\"https:\/\/blogit.gradia.fi\/digipalvelut\/ohjeita-ja-vinkkeja\/moodle\/moduulien-yleiset-asetukset\/\" target=\"_blank\">Lue lis\u00e4\u00e4 moduulien yleisist\u00e4 asetuksista.<\/a>\u00a0<br><a rel=\"noreferrer noopener\" href=\"https:\/\/blogit.gradia.fi\/digipalvelut\/ohjeita-ja-vinkkeja\/moodle\/rajoita-paasy-toimintoihin\/\" target=\"_blank\">Lue lis\u00e4\u00e4 p\u00e4\u00e4syn rajoittamisesta aktiviteetteihin ja aineistoihin<\/a>.\u00a0\u00a0<br><a rel=\"noreferrer noopener\" href=\"https:\/\/blogit.gradia.fi\/digipalvelut\/ohjeita-ja-vinkkeja\/moodle\/edistymisen-seuranta\/\" target=\"_blank\">Lue lis\u00e4\u00e4 opiskelijoiden edistymisen seurannasta.<\/a>\u00a0\u00a0<\/p>\n","protected":false},"excerpt":{"rendered":"<p>Ohjeteksti on lyhyt opastus esimerkiksi teht\u00e4v\u00e4\u00e4n tai osioon. Ohjetekstiin voi upottaa my\u00f6s kuvia, linkkej\u00e4 tai videota, jolloin ne n\u00e4kyv\u00e4t suoraan osion n\u00e4kym\u00e4ss\u00e4. Mene kurssille&nbsp; Aktivoi muokkaustila p\u00e4\u00e4lle hallintaty\u00f6kaluista&nbsp; Valitse Lis\u00e4\u00e4 aktiviteetti tai aineisto haluamaasi osioon. Valitse haluamasi Ohjeteksti. Kirjoita Yleinen-osaan varsinainen ohjeteksti. S\u00e4\u00e4d\u00e4 ohjetekstin muut asetukset. Paina Tallenna ja palaa [&hellip;]<\/p>\n","protected":false},"author":421,"featured_media":0,"parent":76,"menu_order":0,"comment_status":"closed","ping_status":"closed","template":"","meta":{"_uag_custom_page_level_css":"","footnotes":""},"class_list":["post-403","page","type-page","status-publish","hentry"],"yoast_head":"<!-- This site is optimized with the Yoast SEO plugin v27.4 - https:\/\/yoast.com\/product\/yoast-seo-wordpress\/ -->\n<title>Ohjetekstin lis\u00e4\u00e4minen - Gradia Digipalvelut<\/title>\n<meta name=\"robots\" content=\"index, follow, max-snippet:-1, max-image-preview:large, max-video-preview:-1\" \/>\n<link rel=\"canonical\" href=\"https:\/\/blogit.gradia.fi\/digipalvelut\/ohjeita-ja-vinkkeja\/moodle\/ohjetekstin-lisaaminen\/\" \/>\n<meta property=\"og:locale\" content=\"fi_FI\" \/>\n<meta property=\"og:type\" content=\"article\" \/>\n<meta property=\"og:title\" content=\"Ohjetekstin lis\u00e4\u00e4minen - Gradia Digipalvelut\" \/>\n<meta property=\"og:description\" content=\"Ohjeteksti on lyhyt opastus esimerkiksi teht\u00e4v\u00e4\u00e4n tai osioon. Ohjetekstiin voi upottaa my\u00f6s kuvia, linkkej\u00e4 tai videota, jolloin ne n\u00e4kyv\u00e4t suoraan osion n\u00e4kym\u00e4ss\u00e4. Mene kurssille&nbsp; Aktivoi muokkaustila p\u00e4\u00e4lle hallintaty\u00f6kaluista&nbsp; Valitse Lis\u00e4\u00e4 aktiviteetti tai aineisto haluamaasi osioon. Valitse haluamasi Ohjeteksti. Kirjoita Yleinen-osaan varsinainen ohjeteksti. S\u00e4\u00e4d\u00e4 ohjetekstin muut asetukset. Paina Tallenna ja palaa [&hellip;]\" \/>\n<meta property=\"og:url\" content=\"https:\/\/blogit.gradia.fi\/digipalvelut\/ohjeita-ja-vinkkeja\/moodle\/ohjetekstin-lisaaminen\/\" \/>\n<meta property=\"og:site_name\" content=\"Gradia Digipalvelut\" \/>\n<meta property=\"article:modified_time\" content=\"2019-08-01T07:43:10+00:00\" \/>\n<meta property=\"og:image\" content=\"https:\/\/blogit.gradia.fi\/digipalvelut\/wp-content\/uploads\/sites\/99\/2019\/06\/GetImage-15-1024x648.png\" \/>\n<meta name=\"twitter:card\" content=\"summary_large_image\" \/>\n<meta name=\"twitter:label1\" content=\"Arvioitu lukuaika\" \/>\n\t<meta name=\"twitter:data1\" content=\"1 minuutti\" \/>\n<script type=\"application\/ld+json\" class=\"yoast-schema-graph\">{\"@context\":\"https:\\\/\\\/schema.org\",\"@graph\":[{\"@type\":\"WebPage\",\"@id\":\"https:\\\/\\\/blogit.gradia.fi\\\/digipalvelut\\\/ohjeita-ja-vinkkeja\\\/moodle\\\/ohjetekstin-lisaaminen\\\/\",\"url\":\"https:\\\/\\\/blogit.gradia.fi\\\/digipalvelut\\\/ohjeita-ja-vinkkeja\\\/moodle\\\/ohjetekstin-lisaaminen\\\/\",\"name\":\"Ohjetekstin lis\u00e4\u00e4minen - Gradia Digipalvelut\",\"isPartOf\":{\"@id\":\"https:\\\/\\\/blogit.gradia.fi\\\/digipalvelut\\\/#website\"},\"primaryImageOfPage\":{\"@id\":\"https:\\\/\\\/blogit.gradia.fi\\\/digipalvelut\\\/ohjeita-ja-vinkkeja\\\/moodle\\\/ohjetekstin-lisaaminen\\\/#primaryimage\"},\"image\":{\"@id\":\"https:\\\/\\\/blogit.gradia.fi\\\/digipalvelut\\\/ohjeita-ja-vinkkeja\\\/moodle\\\/ohjetekstin-lisaaminen\\\/#primaryimage\"},\"thumbnailUrl\":\"https:\\\/\\\/blogit.gradia.fi\\\/digipalvelut\\\/wp-content\\\/uploads\\\/sites\\\/99\\\/2019\\\/06\\\/GetImage-15-1024x648.png\",\"datePublished\":\"2019-06-26T12:37:47+00:00\",\"dateModified\":\"2019-08-01T07:43:10+00:00\",\"breadcrumb\":{\"@id\":\"https:\\\/\\\/blogit.gradia.fi\\\/digipalvelut\\\/ohjeita-ja-vinkkeja\\\/moodle\\\/ohjetekstin-lisaaminen\\\/#breadcrumb\"},\"inLanguage\":\"fi\",\"potentialAction\":[{\"@type\":\"ReadAction\",\"target\":[\"https:\\\/\\\/blogit.gradia.fi\\\/digipalvelut\\\/ohjeita-ja-vinkkeja\\\/moodle\\\/ohjetekstin-lisaaminen\\\/\"]}]},{\"@type\":\"ImageObject\",\"inLanguage\":\"fi\",\"@id\":\"https:\\\/\\\/blogit.gradia.fi\\\/digipalvelut\\\/ohjeita-ja-vinkkeja\\\/moodle\\\/ohjetekstin-lisaaminen\\\/#primaryimage\",\"url\":\"https:\\\/\\\/blogit.gradia.fi\\\/digipalvelut\\\/wp-content\\\/uploads\\\/sites\\\/99\\\/2019\\\/06\\\/GetImage-15.png\",\"contentUrl\":\"https:\\\/\\\/blogit.gradia.fi\\\/digipalvelut\\\/wp-content\\\/uploads\\\/sites\\\/99\\\/2019\\\/06\\\/GetImage-15.png\",\"width\":1340,\"height\":848},{\"@type\":\"BreadcrumbList\",\"@id\":\"https:\\\/\\\/blogit.gradia.fi\\\/digipalvelut\\\/ohjeita-ja-vinkkeja\\\/moodle\\\/ohjetekstin-lisaaminen\\\/#breadcrumb\",\"itemListElement\":[{\"@type\":\"ListItem\",\"position\":1,\"name\":\"Ohjeita ja vinkkej\u00e4\",\"item\":\"https:\\\/\\\/blogit.gradia.fi\\\/digipalvelut\\\/ohjeita-ja-vinkkeja\\\/\"},{\"@type\":\"ListItem\",\"position\":2,\"name\":\"Moodle\",\"item\":\"https:\\\/\\\/blogit.gradia.fi\\\/digipalvelut\\\/ohjeita-ja-vinkkeja\\\/moodle\\\/\"},{\"@type\":\"ListItem\",\"position\":3,\"name\":\"Ohjetekstin lis\u00e4\u00e4minen\"}]},{\"@type\":\"WebSite\",\"@id\":\"https:\\\/\\\/blogit.gradia.fi\\\/digipalvelut\\\/#website\",\"url\":\"https:\\\/\\\/blogit.gradia.fi\\\/digipalvelut\\\/\",\"name\":\"Gradia Digipalvelut\",\"description\":\"Astetta enemm\u00e4n digi\u00e4\",\"publisher\":{\"@id\":\"https:\\\/\\\/blogit.gradia.fi\\\/digipalvelut\\\/#organization\"},\"potentialAction\":[{\"@type\":\"SearchAction\",\"target\":{\"@type\":\"EntryPoint\",\"urlTemplate\":\"https:\\\/\\\/blogit.gradia.fi\\\/digipalvelut\\\/?s={search_term_string}\"},\"query-input\":{\"@type\":\"PropertyValueSpecification\",\"valueRequired\":true,\"valueName\":\"search_term_string\"}}],\"inLanguage\":\"fi\"},{\"@type\":\"Organization\",\"@id\":\"https:\\\/\\\/blogit.gradia.fi\\\/digipalvelut\\\/#organization\",\"name\":\"Gradia Digipalvelut\",\"url\":\"https:\\\/\\\/blogit.gradia.fi\\\/digipalvelut\\\/\",\"logo\":{\"@type\":\"ImageObject\",\"inLanguage\":\"fi\",\"@id\":\"https:\\\/\\\/blogit.gradia.fi\\\/digipalvelut\\\/#\\\/schema\\\/logo\\\/image\\\/\",\"url\":\"https:\\\/\\\/blogit.gradia.fi\\\/digipalvelut\\\/wp-content\\\/uploads\\\/sites\\\/99\\\/2019\\\/06\\\/cropped-Gradia_logo_Cyber_TRANSPARENT.png\",\"contentUrl\":\"https:\\\/\\\/blogit.gradia.fi\\\/digipalvelut\\\/wp-content\\\/uploads\\\/sites\\\/99\\\/2019\\\/06\\\/cropped-Gradia_logo_Cyber_TRANSPARENT.png\",\"width\":316,\"height\":382,\"caption\":\"Gradia Digipalvelut\"},\"image\":{\"@id\":\"https:\\\/\\\/blogit.gradia.fi\\\/digipalvelut\\\/#\\\/schema\\\/logo\\\/image\\\/\"}}]}<\/script>\n<!-- \/ Yoast SEO plugin. -->","yoast_head_json":{"title":"Ohjetekstin lis\u00e4\u00e4minen - Gradia Digipalvelut","robots":{"index":"index","follow":"follow","max-snippet":"max-snippet:-1","max-image-preview":"max-image-preview:large","max-video-preview":"max-video-preview:-1"},"canonical":"https:\/\/blogit.gradia.fi\/digipalvelut\/ohjeita-ja-vinkkeja\/moodle\/ohjetekstin-lisaaminen\/","og_locale":"fi_FI","og_type":"article","og_title":"Ohjetekstin lis\u00e4\u00e4minen - Gradia Digipalvelut","og_description":"Ohjeteksti on lyhyt opastus esimerkiksi teht\u00e4v\u00e4\u00e4n tai osioon. Ohjetekstiin voi upottaa my\u00f6s kuvia, linkkej\u00e4 tai videota, jolloin ne n\u00e4kyv\u00e4t suoraan osion n\u00e4kym\u00e4ss\u00e4. Mene kurssille&nbsp; Aktivoi muokkaustila p\u00e4\u00e4lle hallintaty\u00f6kaluista&nbsp; Valitse Lis\u00e4\u00e4 aktiviteetti tai aineisto haluamaasi osioon. Valitse haluamasi Ohjeteksti. Kirjoita Yleinen-osaan varsinainen ohjeteksti. S\u00e4\u00e4d\u00e4 ohjetekstin muut asetukset. Paina Tallenna ja palaa [&hellip;]","og_url":"https:\/\/blogit.gradia.fi\/digipalvelut\/ohjeita-ja-vinkkeja\/moodle\/ohjetekstin-lisaaminen\/","og_site_name":"Gradia Digipalvelut","article_modified_time":"2019-08-01T07:43:10+00:00","og_image":[{"url":"https:\/\/blogit.gradia.fi\/digipalvelut\/wp-content\/uploads\/sites\/99\/2019\/06\/GetImage-15-1024x648.png","type":"","width":"","height":""}],"twitter_card":"summary_large_image","twitter_misc":{"Arvioitu lukuaika":"1 minuutti"},"schema":{"@context":"https:\/\/schema.org","@graph":[{"@type":"WebPage","@id":"https:\/\/blogit.gradia.fi\/digipalvelut\/ohjeita-ja-vinkkeja\/moodle\/ohjetekstin-lisaaminen\/","url":"https:\/\/blogit.gradia.fi\/digipalvelut\/ohjeita-ja-vinkkeja\/moodle\/ohjetekstin-lisaaminen\/","name":"Ohjetekstin lis\u00e4\u00e4minen - Gradia Digipalvelut","isPartOf":{"@id":"https:\/\/blogit.gradia.fi\/digipalvelut\/#website"},"primaryImageOfPage":{"@id":"https:\/\/blogit.gradia.fi\/digipalvelut\/ohjeita-ja-vinkkeja\/moodle\/ohjetekstin-lisaaminen\/#primaryimage"},"image":{"@id":"https:\/\/blogit.gradia.fi\/digipalvelut\/ohjeita-ja-vinkkeja\/moodle\/ohjetekstin-lisaaminen\/#primaryimage"},"thumbnailUrl":"https:\/\/blogit.gradia.fi\/digipalvelut\/wp-content\/uploads\/sites\/99\/2019\/06\/GetImage-15-1024x648.png","datePublished":"2019-06-26T12:37:47+00:00","dateModified":"2019-08-01T07:43:10+00:00","breadcrumb":{"@id":"https:\/\/blogit.gradia.fi\/digipalvelut\/ohjeita-ja-vinkkeja\/moodle\/ohjetekstin-lisaaminen\/#breadcrumb"},"inLanguage":"fi","potentialAction":[{"@type":"ReadAction","target":["https:\/\/blogit.gradia.fi\/digipalvelut\/ohjeita-ja-vinkkeja\/moodle\/ohjetekstin-lisaaminen\/"]}]},{"@type":"ImageObject","inLanguage":"fi","@id":"https:\/\/blogit.gradia.fi\/digipalvelut\/ohjeita-ja-vinkkeja\/moodle\/ohjetekstin-lisaaminen\/#primaryimage","url":"https:\/\/blogit.gradia.fi\/digipalvelut\/wp-content\/uploads\/sites\/99\/2019\/06\/GetImage-15.png","contentUrl":"https:\/\/blogit.gradia.fi\/digipalvelut\/wp-content\/uploads\/sites\/99\/2019\/06\/GetImage-15.png","width":1340,"height":848},{"@type":"BreadcrumbList","@id":"https:\/\/blogit.gradia.fi\/digipalvelut\/ohjeita-ja-vinkkeja\/moodle\/ohjetekstin-lisaaminen\/#breadcrumb","itemListElement":[{"@type":"ListItem","position":1,"name":"Ohjeita ja vinkkej\u00e4","item":"https:\/\/blogit.gradia.fi\/digipalvelut\/ohjeita-ja-vinkkeja\/"},{"@type":"ListItem","position":2,"name":"Moodle","item":"https:\/\/blogit.gradia.fi\/digipalvelut\/ohjeita-ja-vinkkeja\/moodle\/"},{"@type":"ListItem","position":3,"name":"Ohjetekstin lis\u00e4\u00e4minen"}]},{"@type":"WebSite","@id":"https:\/\/blogit.gradia.fi\/digipalvelut\/#website","url":"https:\/\/blogit.gradia.fi\/digipalvelut\/","name":"Gradia Digipalvelut","description":"Astetta enemm\u00e4n digi\u00e4","publisher":{"@id":"https:\/\/blogit.gradia.fi\/digipalvelut\/#organization"},"potentialAction":[{"@type":"SearchAction","target":{"@type":"EntryPoint","urlTemplate":"https:\/\/blogit.gradia.fi\/digipalvelut\/?s={search_term_string}"},"query-input":{"@type":"PropertyValueSpecification","valueRequired":true,"valueName":"search_term_string"}}],"inLanguage":"fi"},{"@type":"Organization","@id":"https:\/\/blogit.gradia.fi\/digipalvelut\/#organization","name":"Gradia Digipalvelut","url":"https:\/\/blogit.gradia.fi\/digipalvelut\/","logo":{"@type":"ImageObject","inLanguage":"fi","@id":"https:\/\/blogit.gradia.fi\/digipalvelut\/#\/schema\/logo\/image\/","url":"https:\/\/blogit.gradia.fi\/digipalvelut\/wp-content\/uploads\/sites\/99\/2019\/06\/cropped-Gradia_logo_Cyber_TRANSPARENT.png","contentUrl":"https:\/\/blogit.gradia.fi\/digipalvelut\/wp-content\/uploads\/sites\/99\/2019\/06\/cropped-Gradia_logo_Cyber_TRANSPARENT.png","width":316,"height":382,"caption":"Gradia Digipalvelut"},"image":{"@id":"https:\/\/blogit.gradia.fi\/digipalvelut\/#\/schema\/logo\/image\/"}}]}},"uagb_featured_image_src":{"full":false,"thumbnail":false,"medium":false,"medium_large":false,"large":false,"1536x1536":false,"2048x2048":false,"hestia-blog":false},"uagb_author_info":{"display_name":"Merja Hakanen","author_link":"https:\/\/blogit.gradia.fi\/digipalvelut\/author\/hakanmer\/"},"uagb_comment_info":0,"uagb_excerpt":"Ohjeteksti on lyhyt opastus esimerkiksi teht\u00e4v\u00e4\u00e4n tai osioon. Ohjetekstiin voi upottaa my\u00f6s kuvia, linkkej\u00e4 tai videota, jolloin ne n\u00e4kyv\u00e4t suoraan osion n\u00e4kym\u00e4ss\u00e4. Mene kurssille&nbsp; Aktivoi muokkaustila p\u00e4\u00e4lle hallintaty\u00f6kaluista&nbsp; Valitse Lis\u00e4\u00e4 aktiviteetti tai aineisto haluamaasi osioon. Valitse haluamasi Ohjeteksti. Kirjoita Yleinen-osaan varsinainen ohjeteksti. S\u00e4\u00e4d\u00e4 ohjetekstin muut asetukset. Paina Tallenna ja palaa [&hellip;]","_links":{"self":[{"href":"https:\/\/blogit.gradia.fi\/digipalvelut\/wp-json\/wp\/v2\/pages\/403","targetHints":{"allow":["GET"]}}],"collection":[{"href":"https:\/\/blogit.gradia.fi\/digipalvelut\/wp-json\/wp\/v2\/pages"}],"about":[{"href":"https:\/\/blogit.gradia.fi\/digipalvelut\/wp-json\/wp\/v2\/types\/page"}],"author":[{"embeddable":true,"href":"https:\/\/blogit.gradia.fi\/digipalvelut\/wp-json\/wp\/v2\/users\/421"}],"replies":[{"embeddable":true,"href":"https:\/\/blogit.gradia.fi\/digipalvelut\/wp-json\/wp\/v2\/comments?post=403"}],"version-history":[{"count":3,"href":"https:\/\/blogit.gradia.fi\/digipalvelut\/wp-json\/wp\/v2\/pages\/403\/revisions"}],"predecessor-version":[{"id":807,"href":"https:\/\/blogit.gradia.fi\/digipalvelut\/wp-json\/wp\/v2\/pages\/403\/revisions\/807"}],"up":[{"embeddable":true,"href":"https:\/\/blogit.gradia.fi\/digipalvelut\/wp-json\/wp\/v2\/pages\/76"}],"wp:attachment":[{"href":"https:\/\/blogit.gradia.fi\/digipalvelut\/wp-json\/wp\/v2\/media?parent=403"}],"curies":[{"name":"wp","href":"https:\/\/api.w.org\/{rel}","templated":true}]}}