{"id":402,"date":"2019-06-27T09:47:06","date_gmt":"2019-06-27T06:47:06","guid":{"rendered":"https:\/\/blogit.gradia.fi\/digipalvelut\/?page_id=402"},"modified":"2019-08-01T10:08:00","modified_gmt":"2019-08-01T07:08:00","slug":"avoimen-kurssin-luominen-kirjautuneille-kayttajille","status":"publish","type":"page","link":"https:\/\/blogit.gradia.fi\/digipalvelut\/ohjeita-ja-vinkkeja\/moodle\/avoimen-kurssin-luominen-kirjautuneille-kayttajille\/","title":{"rendered":"Avoimen kurssin luominen (kirjautuneille k\u00e4ytt\u00e4jille)"},"content":{"rendered":"\n<p>Moodleen voi luoda kaikille oppimisymp\u00e4rist\u00f6\u00f6n kirjautuneille t\u00e4ysin avoimia kursseja.\u00a0 Yleens\u00e4 Moodle kursseille opiskelija tarvitsee opettajan luoman  kurssiavaimen, jolla h\u00e4n p\u00e4\u00e4see liittym\u00e4\u00e4n kurssialueelle. Kurssialue on  kuitenkin mahdollista laittaa t\u00e4ysin avoimeksi oppimisymp\u00e4rist\u00f6n  sis\u00e4lle.\u00a0 Mene kurssillesi, jonka haluat avata tai tilaa uusi kurssi kurssitilauslomakkeella.\u00a0<\/p>\n\n\n\n<p> 1. Mene kurssillesi, jonka haluat avata tai tilaa uusi kurssi kurssitilauslomakkeella&nbsp; <br>2.  Paina Hallintaty\u00f6kalut -palkista&nbsp;<strong>osallistujat<\/strong> -painiketta&nbsp; <\/p>\n\n\n\n<figure class=\"wp-block-image is-resized\"><img fetchpriority=\"high\" decoding=\"async\" src=\"https:\/\/blogit.gradia.fi\/digipalvelut\/wp-content\/uploads\/sites\/99\/2019\/06\/hallintaty\u00f6kalut2.jpg\" alt=\"Hallintaty\u00f6kalut\" class=\"wp-image-404\" width=\"221\" height=\"314\" srcset=\"https:\/\/blogit.gradia.fi\/digipalvelut\/wp-content\/uploads\/sites\/99\/2019\/06\/hallintaty\u00f6kalut2.jpg 441w, https:\/\/blogit.gradia.fi\/digipalvelut\/wp-content\/uploads\/sites\/99\/2019\/06\/hallintaty\u00f6kalut2-211x300.jpg 211w\" sizes=\"(max-width: 221px) 100vw, 221px\" \/><\/figure>\n\n\n\n<p>3.  Valitse t\u00e4m\u00e4n j\u00e4lkeen<strong> <\/strong>osallistujat ikkunassa <strong>hammasratas <\/strong>ja klikkaa valikossa &#8221;<strong>osallistujien lis\u00e4\u00e4mistavat<\/strong>&#8221; -kohtaa&nbsp; <\/p>\n\n\n\n<figure class=\"wp-block-image\"><img decoding=\"async\" width=\"1024\" height=\"392\" src=\"https:\/\/blogit.gradia.fi\/digipalvelut\/wp-content\/uploads\/sites\/99\/2019\/06\/osallistujien-lis\u00e4\u00e4mistapa2-1024x392.png\" alt=\"Osallistujien lis\u00e4\u00e4mistapa valikko\" class=\"wp-image-407\" srcset=\"https:\/\/blogit.gradia.fi\/digipalvelut\/wp-content\/uploads\/sites\/99\/2019\/06\/osallistujien-lis\u00e4\u00e4mistapa2-1024x392.png 1024w, https:\/\/blogit.gradia.fi\/digipalvelut\/wp-content\/uploads\/sites\/99\/2019\/06\/osallistujien-lis\u00e4\u00e4mistapa2-300x115.png 300w, https:\/\/blogit.gradia.fi\/digipalvelut\/wp-content\/uploads\/sites\/99\/2019\/06\/osallistujien-lis\u00e4\u00e4mistapa2-768x294.png 768w, https:\/\/blogit.gradia.fi\/digipalvelut\/wp-content\/uploads\/sites\/99\/2019\/06\/osallistujien-lis\u00e4\u00e4mistapa2-620x238.png 620w, https:\/\/blogit.gradia.fi\/digipalvelut\/wp-content\/uploads\/sites\/99\/2019\/06\/osallistujien-lis\u00e4\u00e4mistapa2.png 1216w\" sizes=\"(max-width: 1024px) 100vw, 1024px\" \/><\/figure>\n\n\n\n<p>4.  Aktivoi itserekister\u00f6ityminen kurssille <strong>klikkaamalla silm\u00e4<\/strong> -kuvaketta, jolloin silm\u00e4ikonin p\u00e4\u00e4ll\u00e4 ollut viiva poistuu ja toiminto aktivoituu k\u00e4ytt\u00f6\u00f6n.&nbsp; <\/p>\n\n\n\n<figure class=\"wp-block-image is-resized\"><img decoding=\"async\" src=\"https:\/\/blogit.gradia.fi\/digipalvelut\/wp-content\/uploads\/sites\/99\/2019\/06\/itserekister\u00f6itymisen-aktivointi2-1024x479.jpg\" alt=\"itserekister\u00f6innin aktivointi\" class=\"wp-image-415\" width=\"512\" height=\"240\" srcset=\"https:\/\/blogit.gradia.fi\/digipalvelut\/wp-content\/uploads\/sites\/99\/2019\/06\/itserekister\u00f6itymisen-aktivointi2-1024x479.jpg 1024w, https:\/\/blogit.gradia.fi\/digipalvelut\/wp-content\/uploads\/sites\/99\/2019\/06\/itserekister\u00f6itymisen-aktivointi2-300x140.jpg 300w, https:\/\/blogit.gradia.fi\/digipalvelut\/wp-content\/uploads\/sites\/99\/2019\/06\/itserekister\u00f6itymisen-aktivointi2-768x359.jpg 768w, https:\/\/blogit.gradia.fi\/digipalvelut\/wp-content\/uploads\/sites\/99\/2019\/06\/itserekister\u00f6itymisen-aktivointi2-620x290.jpg 620w, https:\/\/blogit.gradia.fi\/digipalvelut\/wp-content\/uploads\/sites\/99\/2019\/06\/itserekister\u00f6itymisen-aktivointi2.jpg 1197w\" sizes=\"(max-width: 512px) 100vw, 512px\" \/><\/figure>\n","protected":false},"excerpt":{"rendered":"<p>Moodleen voi luoda kaikille oppimisymp\u00e4rist\u00f6\u00f6n kirjautuneille t\u00e4ysin avoimia kursseja.\u00a0 Yleens\u00e4 Moodle kursseille opiskelija tarvitsee opettajan luoman kurssiavaimen, jolla h\u00e4n p\u00e4\u00e4see liittym\u00e4\u00e4n kurssialueelle. Kurssialue on kuitenkin mahdollista laittaa t\u00e4ysin avoimeksi oppimisymp\u00e4rist\u00f6n sis\u00e4lle.\u00a0 Mene kurssillesi, jonka haluat avata tai tilaa uusi kurssi kurssitilauslomakkeella.\u00a0 1. Mene kurssillesi, jonka haluat avata tai tilaa uusi [&hellip;]<\/p>\n","protected":false},"author":165,"featured_media":0,"parent":76,"menu_order":0,"comment_status":"closed","ping_status":"closed","template":"","meta":{"_uag_custom_page_level_css":"","footnotes":""},"class_list":["post-402","page","type-page","status-publish","hentry"],"yoast_head":"<!-- This site is optimized with the Yoast SEO plugin v27.4 - https:\/\/yoast.com\/product\/yoast-seo-wordpress\/ -->\n<title>Avoimen kurssin luominen (kirjautuneille k\u00e4ytt\u00e4jille) - Gradia Digipalvelut<\/title>\n<meta name=\"robots\" content=\"index, follow, max-snippet:-1, max-image-preview:large, max-video-preview:-1\" \/>\n<link rel=\"canonical\" href=\"https:\/\/blogit.gradia.fi\/digipalvelut\/ohjeita-ja-vinkkeja\/moodle\/avoimen-kurssin-luominen-kirjautuneille-kayttajille\/\" \/>\n<meta property=\"og:locale\" content=\"fi_FI\" \/>\n<meta property=\"og:type\" content=\"article\" \/>\n<meta property=\"og:title\" content=\"Avoimen kurssin luominen (kirjautuneille k\u00e4ytt\u00e4jille) - Gradia Digipalvelut\" \/>\n<meta property=\"og:description\" content=\"Moodleen voi luoda kaikille oppimisymp\u00e4rist\u00f6\u00f6n kirjautuneille t\u00e4ysin avoimia kursseja.\u00a0 Yleens\u00e4 Moodle kursseille opiskelija tarvitsee opettajan luoman kurssiavaimen, jolla h\u00e4n p\u00e4\u00e4see liittym\u00e4\u00e4n kurssialueelle. Kurssialue on kuitenkin mahdollista laittaa t\u00e4ysin avoimeksi oppimisymp\u00e4rist\u00f6n sis\u00e4lle.\u00a0 Mene kurssillesi, jonka haluat avata tai tilaa uusi kurssi kurssitilauslomakkeella.\u00a0 1. Mene kurssillesi, jonka haluat avata tai tilaa uusi [&hellip;]\" \/>\n<meta property=\"og:url\" content=\"https:\/\/blogit.gradia.fi\/digipalvelut\/ohjeita-ja-vinkkeja\/moodle\/avoimen-kurssin-luominen-kirjautuneille-kayttajille\/\" \/>\n<meta property=\"og:site_name\" content=\"Gradia Digipalvelut\" \/>\n<meta property=\"article:modified_time\" content=\"2019-08-01T07:08:00+00:00\" \/>\n<meta property=\"og:image\" content=\"https:\/\/blogit.gradia.fi\/digipalvelut\/wp-content\/uploads\/sites\/99\/2019\/06\/hallintaty\u00f6kalut2.jpg\" \/>\n<meta name=\"twitter:card\" content=\"summary_large_image\" \/>\n<meta name=\"twitter:label1\" content=\"Arvioitu lukuaika\" \/>\n\t<meta name=\"twitter:data1\" content=\"1 minuutti\" \/>\n<script type=\"application\/ld+json\" class=\"yoast-schema-graph\">{\"@context\":\"https:\\\/\\\/schema.org\",\"@graph\":[{\"@type\":\"WebPage\",\"@id\":\"https:\\\/\\\/blogit.gradia.fi\\\/digipalvelut\\\/ohjeita-ja-vinkkeja\\\/moodle\\\/avoimen-kurssin-luominen-kirjautuneille-kayttajille\\\/\",\"url\":\"https:\\\/\\\/blogit.gradia.fi\\\/digipalvelut\\\/ohjeita-ja-vinkkeja\\\/moodle\\\/avoimen-kurssin-luominen-kirjautuneille-kayttajille\\\/\",\"name\":\"Avoimen kurssin luominen (kirjautuneille k\u00e4ytt\u00e4jille) - Gradia Digipalvelut\",\"isPartOf\":{\"@id\":\"https:\\\/\\\/blogit.gradia.fi\\\/digipalvelut\\\/#website\"},\"datePublished\":\"2019-06-27T06:47:06+00:00\",\"dateModified\":\"2019-08-01T07:08:00+00:00\",\"breadcrumb\":{\"@id\":\"https:\\\/\\\/blogit.gradia.fi\\\/digipalvelut\\\/ohjeita-ja-vinkkeja\\\/moodle\\\/avoimen-kurssin-luominen-kirjautuneille-kayttajille\\\/#breadcrumb\"},\"inLanguage\":\"fi\",\"potentialAction\":[{\"@type\":\"ReadAction\",\"target\":[\"https:\\\/\\\/blogit.gradia.fi\\\/digipalvelut\\\/ohjeita-ja-vinkkeja\\\/moodle\\\/avoimen-kurssin-luominen-kirjautuneille-kayttajille\\\/\"]}]},{\"@type\":\"BreadcrumbList\",\"@id\":\"https:\\\/\\\/blogit.gradia.fi\\\/digipalvelut\\\/ohjeita-ja-vinkkeja\\\/moodle\\\/avoimen-kurssin-luominen-kirjautuneille-kayttajille\\\/#breadcrumb\",\"itemListElement\":[{\"@type\":\"ListItem\",\"position\":1,\"name\":\"Ohjeita ja vinkkej\u00e4\",\"item\":\"https:\\\/\\\/blogit.gradia.fi\\\/digipalvelut\\\/ohjeita-ja-vinkkeja\\\/\"},{\"@type\":\"ListItem\",\"position\":2,\"name\":\"Moodle\",\"item\":\"https:\\\/\\\/blogit.gradia.fi\\\/digipalvelut\\\/ohjeita-ja-vinkkeja\\\/moodle\\\/\"},{\"@type\":\"ListItem\",\"position\":3,\"name\":\"Avoimen kurssin luominen (kirjautuneille k\u00e4ytt\u00e4jille)\"}]},{\"@type\":\"WebSite\",\"@id\":\"https:\\\/\\\/blogit.gradia.fi\\\/digipalvelut\\\/#website\",\"url\":\"https:\\\/\\\/blogit.gradia.fi\\\/digipalvelut\\\/\",\"name\":\"Gradia Digipalvelut\",\"description\":\"Astetta enemm\u00e4n digi\u00e4\",\"publisher\":{\"@id\":\"https:\\\/\\\/blogit.gradia.fi\\\/digipalvelut\\\/#organization\"},\"potentialAction\":[{\"@type\":\"SearchAction\",\"target\":{\"@type\":\"EntryPoint\",\"urlTemplate\":\"https:\\\/\\\/blogit.gradia.fi\\\/digipalvelut\\\/?s={search_term_string}\"},\"query-input\":{\"@type\":\"PropertyValueSpecification\",\"valueRequired\":true,\"valueName\":\"search_term_string\"}}],\"inLanguage\":\"fi\"},{\"@type\":\"Organization\",\"@id\":\"https:\\\/\\\/blogit.gradia.fi\\\/digipalvelut\\\/#organization\",\"name\":\"Gradia Digipalvelut\",\"url\":\"https:\\\/\\\/blogit.gradia.fi\\\/digipalvelut\\\/\",\"logo\":{\"@type\":\"ImageObject\",\"inLanguage\":\"fi\",\"@id\":\"https:\\\/\\\/blogit.gradia.fi\\\/digipalvelut\\\/#\\\/schema\\\/logo\\\/image\\\/\",\"url\":\"https:\\\/\\\/blogit.gradia.fi\\\/digipalvelut\\\/wp-content\\\/uploads\\\/sites\\\/99\\\/2019\\\/06\\\/cropped-Gradia_logo_Cyber_TRANSPARENT.png\",\"contentUrl\":\"https:\\\/\\\/blogit.gradia.fi\\\/digipalvelut\\\/wp-content\\\/uploads\\\/sites\\\/99\\\/2019\\\/06\\\/cropped-Gradia_logo_Cyber_TRANSPARENT.png\",\"width\":316,\"height\":382,\"caption\":\"Gradia Digipalvelut\"},\"image\":{\"@id\":\"https:\\\/\\\/blogit.gradia.fi\\\/digipalvelut\\\/#\\\/schema\\\/logo\\\/image\\\/\"}}]}<\/script>\n<!-- \/ Yoast SEO plugin. -->","yoast_head_json":{"title":"Avoimen kurssin luominen (kirjautuneille k\u00e4ytt\u00e4jille) - Gradia Digipalvelut","robots":{"index":"index","follow":"follow","max-snippet":"max-snippet:-1","max-image-preview":"max-image-preview:large","max-video-preview":"max-video-preview:-1"},"canonical":"https:\/\/blogit.gradia.fi\/digipalvelut\/ohjeita-ja-vinkkeja\/moodle\/avoimen-kurssin-luominen-kirjautuneille-kayttajille\/","og_locale":"fi_FI","og_type":"article","og_title":"Avoimen kurssin luominen (kirjautuneille k\u00e4ytt\u00e4jille) - Gradia Digipalvelut","og_description":"Moodleen voi luoda kaikille oppimisymp\u00e4rist\u00f6\u00f6n kirjautuneille t\u00e4ysin avoimia kursseja.\u00a0 Yleens\u00e4 Moodle kursseille opiskelija tarvitsee opettajan luoman kurssiavaimen, jolla h\u00e4n p\u00e4\u00e4see liittym\u00e4\u00e4n kurssialueelle. Kurssialue on kuitenkin mahdollista laittaa t\u00e4ysin avoimeksi oppimisymp\u00e4rist\u00f6n sis\u00e4lle.\u00a0 Mene kurssillesi, jonka haluat avata tai tilaa uusi kurssi kurssitilauslomakkeella.\u00a0 1. Mene kurssillesi, jonka haluat avata tai tilaa uusi [&hellip;]","og_url":"https:\/\/blogit.gradia.fi\/digipalvelut\/ohjeita-ja-vinkkeja\/moodle\/avoimen-kurssin-luominen-kirjautuneille-kayttajille\/","og_site_name":"Gradia Digipalvelut","article_modified_time":"2019-08-01T07:08:00+00:00","og_image":[{"url":"https:\/\/blogit.gradia.fi\/digipalvelut\/wp-content\/uploads\/sites\/99\/2019\/06\/hallintaty\u00f6kalut2.jpg","type":"","width":"","height":""}],"twitter_card":"summary_large_image","twitter_misc":{"Arvioitu lukuaika":"1 minuutti"},"schema":{"@context":"https:\/\/schema.org","@graph":[{"@type":"WebPage","@id":"https:\/\/blogit.gradia.fi\/digipalvelut\/ohjeita-ja-vinkkeja\/moodle\/avoimen-kurssin-luominen-kirjautuneille-kayttajille\/","url":"https:\/\/blogit.gradia.fi\/digipalvelut\/ohjeita-ja-vinkkeja\/moodle\/avoimen-kurssin-luominen-kirjautuneille-kayttajille\/","name":"Avoimen kurssin luominen (kirjautuneille k\u00e4ytt\u00e4jille) - Gradia Digipalvelut","isPartOf":{"@id":"https:\/\/blogit.gradia.fi\/digipalvelut\/#website"},"datePublished":"2019-06-27T06:47:06+00:00","dateModified":"2019-08-01T07:08:00+00:00","breadcrumb":{"@id":"https:\/\/blogit.gradia.fi\/digipalvelut\/ohjeita-ja-vinkkeja\/moodle\/avoimen-kurssin-luominen-kirjautuneille-kayttajille\/#breadcrumb"},"inLanguage":"fi","potentialAction":[{"@type":"ReadAction","target":["https:\/\/blogit.gradia.fi\/digipalvelut\/ohjeita-ja-vinkkeja\/moodle\/avoimen-kurssin-luominen-kirjautuneille-kayttajille\/"]}]},{"@type":"BreadcrumbList","@id":"https:\/\/blogit.gradia.fi\/digipalvelut\/ohjeita-ja-vinkkeja\/moodle\/avoimen-kurssin-luominen-kirjautuneille-kayttajille\/#breadcrumb","itemListElement":[{"@type":"ListItem","position":1,"name":"Ohjeita ja vinkkej\u00e4","item":"https:\/\/blogit.gradia.fi\/digipalvelut\/ohjeita-ja-vinkkeja\/"},{"@type":"ListItem","position":2,"name":"Moodle","item":"https:\/\/blogit.gradia.fi\/digipalvelut\/ohjeita-ja-vinkkeja\/moodle\/"},{"@type":"ListItem","position":3,"name":"Avoimen kurssin luominen (kirjautuneille k\u00e4ytt\u00e4jille)"}]},{"@type":"WebSite","@id":"https:\/\/blogit.gradia.fi\/digipalvelut\/#website","url":"https:\/\/blogit.gradia.fi\/digipalvelut\/","name":"Gradia Digipalvelut","description":"Astetta enemm\u00e4n digi\u00e4","publisher":{"@id":"https:\/\/blogit.gradia.fi\/digipalvelut\/#organization"},"potentialAction":[{"@type":"SearchAction","target":{"@type":"EntryPoint","urlTemplate":"https:\/\/blogit.gradia.fi\/digipalvelut\/?s={search_term_string}"},"query-input":{"@type":"PropertyValueSpecification","valueRequired":true,"valueName":"search_term_string"}}],"inLanguage":"fi"},{"@type":"Organization","@id":"https:\/\/blogit.gradia.fi\/digipalvelut\/#organization","name":"Gradia Digipalvelut","url":"https:\/\/blogit.gradia.fi\/digipalvelut\/","logo":{"@type":"ImageObject","inLanguage":"fi","@id":"https:\/\/blogit.gradia.fi\/digipalvelut\/#\/schema\/logo\/image\/","url":"https:\/\/blogit.gradia.fi\/digipalvelut\/wp-content\/uploads\/sites\/99\/2019\/06\/cropped-Gradia_logo_Cyber_TRANSPARENT.png","contentUrl":"https:\/\/blogit.gradia.fi\/digipalvelut\/wp-content\/uploads\/sites\/99\/2019\/06\/cropped-Gradia_logo_Cyber_TRANSPARENT.png","width":316,"height":382,"caption":"Gradia Digipalvelut"},"image":{"@id":"https:\/\/blogit.gradia.fi\/digipalvelut\/#\/schema\/logo\/image\/"}}]}},"uagb_featured_image_src":{"full":false,"thumbnail":false,"medium":false,"medium_large":false,"large":false,"1536x1536":false,"2048x2048":false,"hestia-blog":false},"uagb_author_info":{"display_name":"Heini Pennanen","author_link":"https:\/\/blogit.gradia.fi\/digipalvelut\/author\/pennahei\/"},"uagb_comment_info":0,"uagb_excerpt":"Moodleen voi luoda kaikille oppimisymp\u00e4rist\u00f6\u00f6n kirjautuneille t\u00e4ysin avoimia kursseja.\u00a0 Yleens\u00e4 Moodle kursseille opiskelija tarvitsee opettajan luoman kurssiavaimen, jolla h\u00e4n p\u00e4\u00e4see liittym\u00e4\u00e4n kurssialueelle. Kurssialue on kuitenkin mahdollista laittaa t\u00e4ysin avoimeksi oppimisymp\u00e4rist\u00f6n sis\u00e4lle.\u00a0 Mene kurssillesi, jonka haluat avata tai tilaa uusi kurssi kurssitilauslomakkeella.\u00a0 1. Mene kurssillesi, jonka haluat avata tai tilaa uusi [&hellip;]","_links":{"self":[{"href":"https:\/\/blogit.gradia.fi\/digipalvelut\/wp-json\/wp\/v2\/pages\/402","targetHints":{"allow":["GET"]}}],"collection":[{"href":"https:\/\/blogit.gradia.fi\/digipalvelut\/wp-json\/wp\/v2\/pages"}],"about":[{"href":"https:\/\/blogit.gradia.fi\/digipalvelut\/wp-json\/wp\/v2\/types\/page"}],"author":[{"embeddable":true,"href":"https:\/\/blogit.gradia.fi\/digipalvelut\/wp-json\/wp\/v2\/users\/165"}],"replies":[{"embeddable":true,"href":"https:\/\/blogit.gradia.fi\/digipalvelut\/wp-json\/wp\/v2\/comments?post=402"}],"version-history":[{"count":6,"href":"https:\/\/blogit.gradia.fi\/digipalvelut\/wp-json\/wp\/v2\/pages\/402\/revisions"}],"predecessor-version":[{"id":800,"href":"https:\/\/blogit.gradia.fi\/digipalvelut\/wp-json\/wp\/v2\/pages\/402\/revisions\/800"}],"up":[{"embeddable":true,"href":"https:\/\/blogit.gradia.fi\/digipalvelut\/wp-json\/wp\/v2\/pages\/76"}],"wp:attachment":[{"href":"https:\/\/blogit.gradia.fi\/digipalvelut\/wp-json\/wp\/v2\/media?parent=402"}],"curies":[{"name":"wp","href":"https:\/\/api.w.org\/{rel}","templated":true}]}}