{"id":374,"date":"2019-06-26T13:53:14","date_gmt":"2019-06-26T10:53:14","guid":{"rendered":"https:\/\/blogit.gradia.fi\/digipalvelut\/?page_id=374"},"modified":"2019-12-10T13:00:18","modified_gmt":"2019-12-10T11:00:18","slug":"vierailijapaasyn-salliminen-kurssille","status":"publish","type":"page","link":"https:\/\/blogit.gradia.fi\/digipalvelut\/ohjeita-ja-vinkkeja\/moodle\/vierailijapaasyn-salliminen-kurssille\/","title":{"rendered":"Vierailijap\u00e4\u00e4syn salliminen kurssille"},"content":{"rendered":"\n<p> Opettajalla on mahdollisuus avata kurssinsa ja sallia kurssin&nbsp;<strong>tarkastelu<\/strong>&nbsp;vierailijalle, jolla ei ole&nbsp;Gradian&nbsp;Moodle -tunnuksia. Vierailija voi ainoastaan lukea kurssin materiaaleja ja aktiviteetteja sek\u00e4 ladata tiedostoja, mutta vierailijatunnuksella ei voi osallistua kurssin aktiviteetteihin tai palauttaa teht\u00e4vi\u00e4 kurssialueelle.&nbsp; Vierailijap\u00e4\u00e4sy on aina anonyymi, eli k\u00e4vij\u00e4st\u00e4 ei j\u00e4\u00e4 tietoa kurssille.&nbsp; <br><br>Suosittelemme vierailijap\u00e4\u00e4sy\u00e4 esimerkiksi hankkeisiin. Vierailijap\u00e4\u00e4syyn voi halutessaan yhdist\u00e4\u00e4 my\u00f6s salasanan, jolloin vierailijaa pyydet\u00e4\u00e4n sy\u00f6tt\u00e4m\u00e4\u00e4n salasana kurssialueelle p\u00e4\u00e4st\u00e4kseen, mutta edelleenk\u00e4\u00e4n varsinaisia tunnuksia oppimisymp\u00e4rist\u00f6\u00f6n ei luoda. Salasana <strong>ei ole sama <\/strong>asia kuin opiskelijoille luotava kurssiavain.&nbsp; <\/p>\n\n\n\n<h4 class=\"wp-block-heading\">  Vierailijap\u00e4\u00e4syn salliminen<\/h4>\n\n\n\n<p>1. Paina kurssin etusivulla oikeassa laidassa Hallintaty\u00f6kalut -valikosta&nbsp;<strong>Osallistujat \u2013painiketta<\/strong>&nbsp;<br>2.  Klikkaa aukeavassa ikkunassa&nbsp;<strong>hammasratas \u2013kuvaketta<\/strong>.&nbsp;<br>3.  Valitse valikosta&nbsp;<strong>osallistujien lis\u00e4\u00e4mistavat<\/strong>&nbsp;&nbsp;  <\/p>\n\n\n\n<div class=\"wp-block-image\"><figure class=\"aligncenter\"><img fetchpriority=\"high\" decoding=\"async\" width=\"1024\" height=\"374\" src=\"https:\/\/blogit.gradia.fi\/digipalvelut\/wp-content\/uploads\/sites\/99\/2019\/06\/osallistujien-lis\u00e4\u00e4minen-1024x374.png\" alt=\"osallistujien lis\u00e4\u00e4mistavat\" class=\"wp-image-375\" srcset=\"https:\/\/blogit.gradia.fi\/digipalvelut\/wp-content\/uploads\/sites\/99\/2019\/06\/osallistujien-lis\u00e4\u00e4minen-1024x374.png 1024w, https:\/\/blogit.gradia.fi\/digipalvelut\/wp-content\/uploads\/sites\/99\/2019\/06\/osallistujien-lis\u00e4\u00e4minen-300x110.png 300w, https:\/\/blogit.gradia.fi\/digipalvelut\/wp-content\/uploads\/sites\/99\/2019\/06\/osallistujien-lis\u00e4\u00e4minen-768x281.png 768w, https:\/\/blogit.gradia.fi\/digipalvelut\/wp-content\/uploads\/sites\/99\/2019\/06\/osallistujien-lis\u00e4\u00e4minen-620x227.png 620w, https:\/\/blogit.gradia.fi\/digipalvelut\/wp-content\/uploads\/sites\/99\/2019\/06\/osallistujien-lis\u00e4\u00e4minen.png 1592w\" sizes=\"(max-width: 1024px) 100vw, 1024px\" \/><\/figure><\/div>\n\n\n\n<p>4. <strong>Klikkaa silm\u00e4ikonia<\/strong> avautuvassa ikkunassa, jolloin vierailijap\u00e4\u00e4sy aktivoituu.\u00a0 Muista sallia my\u00f6s itserekister\u00f6ityminen kurssialueelle.<br> 5. <strong>Mik\u00e4li haluat antaa vierailijoille salasanan<\/strong>, klikkaa &#8221;p\u00e4\u00e4sy vierailijana&#8221; valikon per\u00e4ss\u00e4 olevaa hammasratasta.\u00a0 <\/p>\n\n\n\n<figure class=\"wp-block-image\"><img decoding=\"async\" width=\"1024\" height=\"269\" src=\"https:\/\/blogit.gradia.fi\/digipalvelut\/wp-content\/uploads\/sites\/99\/2019\/12\/p\u00e4\u00e4sy-vierailijana-2-1024x269.png\" alt=\"\" class=\"wp-image-1380\" srcset=\"https:\/\/blogit.gradia.fi\/digipalvelut\/wp-content\/uploads\/sites\/99\/2019\/12\/p\u00e4\u00e4sy-vierailijana-2-1024x269.png 1024w, https:\/\/blogit.gradia.fi\/digipalvelut\/wp-content\/uploads\/sites\/99\/2019\/12\/p\u00e4\u00e4sy-vierailijana-2-300x79.png 300w, https:\/\/blogit.gradia.fi\/digipalvelut\/wp-content\/uploads\/sites\/99\/2019\/12\/p\u00e4\u00e4sy-vierailijana-2-768x202.png 768w, https:\/\/blogit.gradia.fi\/digipalvelut\/wp-content\/uploads\/sites\/99\/2019\/12\/p\u00e4\u00e4sy-vierailijana-2-620x163.png 620w, https:\/\/blogit.gradia.fi\/digipalvelut\/wp-content\/uploads\/sites\/99\/2019\/12\/p\u00e4\u00e4sy-vierailijana-2.png 1253w\" sizes=\"(max-width: 1024px) 100vw, 1024px\" \/><\/figure>\n\n\n\n<p>6.  Avautuvassa ikkunassa sy\u00f6t\u00e4 haluamasi salasana ja tallenna muutokset. <\/p>\n\n\n\n<figure class=\"wp-block-image is-resized\"><img decoding=\"async\" src=\"https:\/\/blogit.gradia.fi\/digipalvelut\/wp-content\/uploads\/sites\/99\/2019\/06\/P\u00e4\u00e4sy-vierailijana.png\" alt=\"P\u00e4\u00e4sy vierailijana\" class=\"wp-image-377\" width=\"390\" height=\"206\" srcset=\"https:\/\/blogit.gradia.fi\/digipalvelut\/wp-content\/uploads\/sites\/99\/2019\/06\/P\u00e4\u00e4sy-vierailijana.png 520w, https:\/\/blogit.gradia.fi\/digipalvelut\/wp-content\/uploads\/sites\/99\/2019\/06\/P\u00e4\u00e4sy-vierailijana-300x158.png 300w\" sizes=\"(max-width: 390px) 100vw, 390px\" \/><\/figure>\n","protected":false},"excerpt":{"rendered":"<p>Opettajalla on mahdollisuus avata kurssinsa ja sallia kurssin&nbsp;tarkastelu&nbsp;vierailijalle, jolla ei ole&nbsp;Gradian&nbsp;Moodle -tunnuksia. Vierailija voi ainoastaan lukea kurssin materiaaleja ja aktiviteetteja sek\u00e4 ladata tiedostoja, mutta vierailijatunnuksella ei voi osallistua kurssin aktiviteetteihin tai palauttaa teht\u00e4vi\u00e4 kurssialueelle.&nbsp; Vierailijap\u00e4\u00e4sy on aina anonyymi, eli k\u00e4vij\u00e4st\u00e4 ei j\u00e4\u00e4 tietoa kurssille.&nbsp; Suosittelemme vierailijap\u00e4\u00e4sy\u00e4 esimerkiksi hankkeisiin. Vierailijap\u00e4\u00e4syyn voi [&hellip;]<\/p>\n","protected":false},"author":165,"featured_media":0,"parent":76,"menu_order":0,"comment_status":"closed","ping_status":"closed","template":"","meta":{"_uag_custom_page_level_css":"","footnotes":""},"class_list":["post-374","page","type-page","status-publish","hentry"],"yoast_head":"<!-- This site is optimized with the Yoast SEO plugin v27.4 - https:\/\/yoast.com\/product\/yoast-seo-wordpress\/ -->\n<title>Vierailijap\u00e4\u00e4syn salliminen kurssille - Gradia Digipalvelut<\/title>\n<meta name=\"robots\" content=\"index, follow, max-snippet:-1, max-image-preview:large, max-video-preview:-1\" \/>\n<link rel=\"canonical\" href=\"https:\/\/blogit.gradia.fi\/digipalvelut\/ohjeita-ja-vinkkeja\/moodle\/vierailijapaasyn-salliminen-kurssille\/\" \/>\n<meta property=\"og:locale\" content=\"fi_FI\" \/>\n<meta property=\"og:type\" content=\"article\" \/>\n<meta property=\"og:title\" content=\"Vierailijap\u00e4\u00e4syn salliminen kurssille - Gradia Digipalvelut\" \/>\n<meta property=\"og:description\" content=\"Opettajalla on mahdollisuus avata kurssinsa ja sallia kurssin&nbsp;tarkastelu&nbsp;vierailijalle, jolla ei ole&nbsp;Gradian&nbsp;Moodle -tunnuksia. Vierailija voi ainoastaan lukea kurssin materiaaleja ja aktiviteetteja sek\u00e4 ladata tiedostoja, mutta vierailijatunnuksella ei voi osallistua kurssin aktiviteetteihin tai palauttaa teht\u00e4vi\u00e4 kurssialueelle.&nbsp; Vierailijap\u00e4\u00e4sy on aina anonyymi, eli k\u00e4vij\u00e4st\u00e4 ei j\u00e4\u00e4 tietoa kurssille.&nbsp; Suosittelemme vierailijap\u00e4\u00e4sy\u00e4 esimerkiksi hankkeisiin. Vierailijap\u00e4\u00e4syyn voi [&hellip;]\" \/>\n<meta property=\"og:url\" content=\"https:\/\/blogit.gradia.fi\/digipalvelut\/ohjeita-ja-vinkkeja\/moodle\/vierailijapaasyn-salliminen-kurssille\/\" \/>\n<meta property=\"og:site_name\" content=\"Gradia Digipalvelut\" \/>\n<meta property=\"article:modified_time\" content=\"2019-12-10T11:00:18+00:00\" \/>\n<meta property=\"og:image\" content=\"https:\/\/blogit.gradia.fi\/digipalvelut\/wp-content\/uploads\/sites\/99\/2019\/06\/osallistujien-lis\u00e4\u00e4minen-1024x374.png\" \/>\n<meta name=\"twitter:card\" content=\"summary_large_image\" \/>\n<meta name=\"twitter:label1\" content=\"Arvioitu lukuaika\" \/>\n\t<meta name=\"twitter:data1\" content=\"1 minuutti\" \/>\n<script type=\"application\/ld+json\" class=\"yoast-schema-graph\">{\"@context\":\"https:\\\/\\\/schema.org\",\"@graph\":[{\"@type\":\"WebPage\",\"@id\":\"https:\\\/\\\/blogit.gradia.fi\\\/digipalvelut\\\/ohjeita-ja-vinkkeja\\\/moodle\\\/vierailijapaasyn-salliminen-kurssille\\\/\",\"url\":\"https:\\\/\\\/blogit.gradia.fi\\\/digipalvelut\\\/ohjeita-ja-vinkkeja\\\/moodle\\\/vierailijapaasyn-salliminen-kurssille\\\/\",\"name\":\"Vierailijap\u00e4\u00e4syn salliminen kurssille - Gradia Digipalvelut\",\"isPartOf\":{\"@id\":\"https:\\\/\\\/blogit.gradia.fi\\\/digipalvelut\\\/#website\"},\"datePublished\":\"2019-06-26T10:53:14+00:00\",\"dateModified\":\"2019-12-10T11:00:18+00:00\",\"breadcrumb\":{\"@id\":\"https:\\\/\\\/blogit.gradia.fi\\\/digipalvelut\\\/ohjeita-ja-vinkkeja\\\/moodle\\\/vierailijapaasyn-salliminen-kurssille\\\/#breadcrumb\"},\"inLanguage\":\"fi\",\"potentialAction\":[{\"@type\":\"ReadAction\",\"target\":[\"https:\\\/\\\/blogit.gradia.fi\\\/digipalvelut\\\/ohjeita-ja-vinkkeja\\\/moodle\\\/vierailijapaasyn-salliminen-kurssille\\\/\"]}]},{\"@type\":\"BreadcrumbList\",\"@id\":\"https:\\\/\\\/blogit.gradia.fi\\\/digipalvelut\\\/ohjeita-ja-vinkkeja\\\/moodle\\\/vierailijapaasyn-salliminen-kurssille\\\/#breadcrumb\",\"itemListElement\":[{\"@type\":\"ListItem\",\"position\":1,\"name\":\"Ohjeita ja vinkkej\u00e4\",\"item\":\"https:\\\/\\\/blogit.gradia.fi\\\/digipalvelut\\\/ohjeita-ja-vinkkeja\\\/\"},{\"@type\":\"ListItem\",\"position\":2,\"name\":\"Moodle\",\"item\":\"https:\\\/\\\/blogit.gradia.fi\\\/digipalvelut\\\/ohjeita-ja-vinkkeja\\\/moodle\\\/\"},{\"@type\":\"ListItem\",\"position\":3,\"name\":\"Vierailijap\u00e4\u00e4syn salliminen kurssille\"}]},{\"@type\":\"WebSite\",\"@id\":\"https:\\\/\\\/blogit.gradia.fi\\\/digipalvelut\\\/#website\",\"url\":\"https:\\\/\\\/blogit.gradia.fi\\\/digipalvelut\\\/\",\"name\":\"Gradia Digipalvelut\",\"description\":\"Astetta enemm\u00e4n digi\u00e4\",\"publisher\":{\"@id\":\"https:\\\/\\\/blogit.gradia.fi\\\/digipalvelut\\\/#organization\"},\"potentialAction\":[{\"@type\":\"SearchAction\",\"target\":{\"@type\":\"EntryPoint\",\"urlTemplate\":\"https:\\\/\\\/blogit.gradia.fi\\\/digipalvelut\\\/?s={search_term_string}\"},\"query-input\":{\"@type\":\"PropertyValueSpecification\",\"valueRequired\":true,\"valueName\":\"search_term_string\"}}],\"inLanguage\":\"fi\"},{\"@type\":\"Organization\",\"@id\":\"https:\\\/\\\/blogit.gradia.fi\\\/digipalvelut\\\/#organization\",\"name\":\"Gradia Digipalvelut\",\"url\":\"https:\\\/\\\/blogit.gradia.fi\\\/digipalvelut\\\/\",\"logo\":{\"@type\":\"ImageObject\",\"inLanguage\":\"fi\",\"@id\":\"https:\\\/\\\/blogit.gradia.fi\\\/digipalvelut\\\/#\\\/schema\\\/logo\\\/image\\\/\",\"url\":\"https:\\\/\\\/blogit.gradia.fi\\\/digipalvelut\\\/wp-content\\\/uploads\\\/sites\\\/99\\\/2019\\\/06\\\/cropped-Gradia_logo_Cyber_TRANSPARENT.png\",\"contentUrl\":\"https:\\\/\\\/blogit.gradia.fi\\\/digipalvelut\\\/wp-content\\\/uploads\\\/sites\\\/99\\\/2019\\\/06\\\/cropped-Gradia_logo_Cyber_TRANSPARENT.png\",\"width\":316,\"height\":382,\"caption\":\"Gradia Digipalvelut\"},\"image\":{\"@id\":\"https:\\\/\\\/blogit.gradia.fi\\\/digipalvelut\\\/#\\\/schema\\\/logo\\\/image\\\/\"}}]}<\/script>\n<!-- \/ Yoast SEO plugin. -->","yoast_head_json":{"title":"Vierailijap\u00e4\u00e4syn salliminen kurssille - Gradia Digipalvelut","robots":{"index":"index","follow":"follow","max-snippet":"max-snippet:-1","max-image-preview":"max-image-preview:large","max-video-preview":"max-video-preview:-1"},"canonical":"https:\/\/blogit.gradia.fi\/digipalvelut\/ohjeita-ja-vinkkeja\/moodle\/vierailijapaasyn-salliminen-kurssille\/","og_locale":"fi_FI","og_type":"article","og_title":"Vierailijap\u00e4\u00e4syn salliminen kurssille - Gradia Digipalvelut","og_description":"Opettajalla on mahdollisuus avata kurssinsa ja sallia kurssin&nbsp;tarkastelu&nbsp;vierailijalle, jolla ei ole&nbsp;Gradian&nbsp;Moodle -tunnuksia. Vierailija voi ainoastaan lukea kurssin materiaaleja ja aktiviteetteja sek\u00e4 ladata tiedostoja, mutta vierailijatunnuksella ei voi osallistua kurssin aktiviteetteihin tai palauttaa teht\u00e4vi\u00e4 kurssialueelle.&nbsp; Vierailijap\u00e4\u00e4sy on aina anonyymi, eli k\u00e4vij\u00e4st\u00e4 ei j\u00e4\u00e4 tietoa kurssille.&nbsp; Suosittelemme vierailijap\u00e4\u00e4sy\u00e4 esimerkiksi hankkeisiin. Vierailijap\u00e4\u00e4syyn voi [&hellip;]","og_url":"https:\/\/blogit.gradia.fi\/digipalvelut\/ohjeita-ja-vinkkeja\/moodle\/vierailijapaasyn-salliminen-kurssille\/","og_site_name":"Gradia Digipalvelut","article_modified_time":"2019-12-10T11:00:18+00:00","og_image":[{"url":"https:\/\/blogit.gradia.fi\/digipalvelut\/wp-content\/uploads\/sites\/99\/2019\/06\/osallistujien-lis\u00e4\u00e4minen-1024x374.png","type":"","width":"","height":""}],"twitter_card":"summary_large_image","twitter_misc":{"Arvioitu lukuaika":"1 minuutti"},"schema":{"@context":"https:\/\/schema.org","@graph":[{"@type":"WebPage","@id":"https:\/\/blogit.gradia.fi\/digipalvelut\/ohjeita-ja-vinkkeja\/moodle\/vierailijapaasyn-salliminen-kurssille\/","url":"https:\/\/blogit.gradia.fi\/digipalvelut\/ohjeita-ja-vinkkeja\/moodle\/vierailijapaasyn-salliminen-kurssille\/","name":"Vierailijap\u00e4\u00e4syn salliminen kurssille - Gradia Digipalvelut","isPartOf":{"@id":"https:\/\/blogit.gradia.fi\/digipalvelut\/#website"},"datePublished":"2019-06-26T10:53:14+00:00","dateModified":"2019-12-10T11:00:18+00:00","breadcrumb":{"@id":"https:\/\/blogit.gradia.fi\/digipalvelut\/ohjeita-ja-vinkkeja\/moodle\/vierailijapaasyn-salliminen-kurssille\/#breadcrumb"},"inLanguage":"fi","potentialAction":[{"@type":"ReadAction","target":["https:\/\/blogit.gradia.fi\/digipalvelut\/ohjeita-ja-vinkkeja\/moodle\/vierailijapaasyn-salliminen-kurssille\/"]}]},{"@type":"BreadcrumbList","@id":"https:\/\/blogit.gradia.fi\/digipalvelut\/ohjeita-ja-vinkkeja\/moodle\/vierailijapaasyn-salliminen-kurssille\/#breadcrumb","itemListElement":[{"@type":"ListItem","position":1,"name":"Ohjeita ja vinkkej\u00e4","item":"https:\/\/blogit.gradia.fi\/digipalvelut\/ohjeita-ja-vinkkeja\/"},{"@type":"ListItem","position":2,"name":"Moodle","item":"https:\/\/blogit.gradia.fi\/digipalvelut\/ohjeita-ja-vinkkeja\/moodle\/"},{"@type":"ListItem","position":3,"name":"Vierailijap\u00e4\u00e4syn salliminen kurssille"}]},{"@type":"WebSite","@id":"https:\/\/blogit.gradia.fi\/digipalvelut\/#website","url":"https:\/\/blogit.gradia.fi\/digipalvelut\/","name":"Gradia Digipalvelut","description":"Astetta enemm\u00e4n digi\u00e4","publisher":{"@id":"https:\/\/blogit.gradia.fi\/digipalvelut\/#organization"},"potentialAction":[{"@type":"SearchAction","target":{"@type":"EntryPoint","urlTemplate":"https:\/\/blogit.gradia.fi\/digipalvelut\/?s={search_term_string}"},"query-input":{"@type":"PropertyValueSpecification","valueRequired":true,"valueName":"search_term_string"}}],"inLanguage":"fi"},{"@type":"Organization","@id":"https:\/\/blogit.gradia.fi\/digipalvelut\/#organization","name":"Gradia Digipalvelut","url":"https:\/\/blogit.gradia.fi\/digipalvelut\/","logo":{"@type":"ImageObject","inLanguage":"fi","@id":"https:\/\/blogit.gradia.fi\/digipalvelut\/#\/schema\/logo\/image\/","url":"https:\/\/blogit.gradia.fi\/digipalvelut\/wp-content\/uploads\/sites\/99\/2019\/06\/cropped-Gradia_logo_Cyber_TRANSPARENT.png","contentUrl":"https:\/\/blogit.gradia.fi\/digipalvelut\/wp-content\/uploads\/sites\/99\/2019\/06\/cropped-Gradia_logo_Cyber_TRANSPARENT.png","width":316,"height":382,"caption":"Gradia Digipalvelut"},"image":{"@id":"https:\/\/blogit.gradia.fi\/digipalvelut\/#\/schema\/logo\/image\/"}}]}},"uagb_featured_image_src":{"full":false,"thumbnail":false,"medium":false,"medium_large":false,"large":false,"1536x1536":false,"2048x2048":false,"hestia-blog":false},"uagb_author_info":{"display_name":"Heini Pennanen","author_link":"https:\/\/blogit.gradia.fi\/digipalvelut\/author\/pennahei\/"},"uagb_comment_info":0,"uagb_excerpt":"Opettajalla on mahdollisuus avata kurssinsa ja sallia kurssin&nbsp;tarkastelu&nbsp;vierailijalle, jolla ei ole&nbsp;Gradian&nbsp;Moodle -tunnuksia. Vierailija voi ainoastaan lukea kurssin materiaaleja ja aktiviteetteja sek\u00e4 ladata tiedostoja, mutta vierailijatunnuksella ei voi osallistua kurssin aktiviteetteihin tai palauttaa teht\u00e4vi\u00e4 kurssialueelle.&nbsp; Vierailijap\u00e4\u00e4sy on aina anonyymi, eli k\u00e4vij\u00e4st\u00e4 ei j\u00e4\u00e4 tietoa kurssille.&nbsp; Suosittelemme vierailijap\u00e4\u00e4sy\u00e4 esimerkiksi hankkeisiin. Vierailijap\u00e4\u00e4syyn voi [&hellip;]","_links":{"self":[{"href":"https:\/\/blogit.gradia.fi\/digipalvelut\/wp-json\/wp\/v2\/pages\/374","targetHints":{"allow":["GET"]}}],"collection":[{"href":"https:\/\/blogit.gradia.fi\/digipalvelut\/wp-json\/wp\/v2\/pages"}],"about":[{"href":"https:\/\/blogit.gradia.fi\/digipalvelut\/wp-json\/wp\/v2\/types\/page"}],"author":[{"embeddable":true,"href":"https:\/\/blogit.gradia.fi\/digipalvelut\/wp-json\/wp\/v2\/users\/165"}],"replies":[{"embeddable":true,"href":"https:\/\/blogit.gradia.fi\/digipalvelut\/wp-json\/wp\/v2\/comments?post=374"}],"version-history":[{"count":4,"href":"https:\/\/blogit.gradia.fi\/digipalvelut\/wp-json\/wp\/v2\/pages\/374\/revisions"}],"predecessor-version":[{"id":1381,"href":"https:\/\/blogit.gradia.fi\/digipalvelut\/wp-json\/wp\/v2\/pages\/374\/revisions\/1381"}],"up":[{"embeddable":true,"href":"https:\/\/blogit.gradia.fi\/digipalvelut\/wp-json\/wp\/v2\/pages\/76"}],"wp:attachment":[{"href":"https:\/\/blogit.gradia.fi\/digipalvelut\/wp-json\/wp\/v2\/media?parent=374"}],"curies":[{"name":"wp","href":"https:\/\/api.w.org\/{rel}","templated":true}]}}