{"id":366,"date":"2019-06-26T08:30:16","date_gmt":"2019-06-26T05:30:16","guid":{"rendered":"https:\/\/blogit.gradia.fi\/digipalvelut\/?page_id=366"},"modified":"2019-07-02T09:57:48","modified_gmt":"2019-07-02T06:57:48","slug":"microsoft-tilin-yhdistaminen-moodleen","status":"publish","type":"page","link":"https:\/\/blogit.gradia.fi\/digipalvelut\/ohjeita-ja-vinkkeja\/moodle\/microsoft-tilin-yhdistaminen-moodleen\/","title":{"rendered":"Microsoft -tilin yhdist\u00e4minen Moodleen"},"content":{"rendered":"\n<p><strong>Gradian opiskelijoiden sek\u00e4 henkil\u00f6st\u00f6n kannattaa yhdist\u00e4\u00e4 Microsoft -tilins\u00e4 Moodleen helpottaakseen O365 -palvelun k\u00e4ytt\u00f6\u00e4.<\/strong><\/p>\n\n\n\n<p>Gradian&nbsp;Moodle on integroitu Office365 \u2013palveluun, jolloin&nbsp;Gradian&nbsp;opiskelijat ja henkil\u00f6kuntaan kuuluvat p\u00e4\u00e4sev\u00e4t k\u00e4siksi O365:n tiedostoihinsa sek\u00e4 ohjelmiin ilman erillist\u00e4 kirjautumista. Ohjelmat avautuvat selaimessa toiseen v\u00e4lilehteen.&nbsp;<br><br>Kirjautuessasi ensimm\u00e4isen kerran Moodleen Microsoft lohko n\u00e4ytt\u00e4\u00e4,  ettet ole yhdist\u00e4nyt Moodle-tunnustasi Office 365 \u2013palveluun.&nbsp; <\/p>\n\n\n\n<div class=\"wp-block-image\"><figure class=\"aligncenter is-resized\"><img fetchpriority=\"high\" decoding=\"async\" src=\"https:\/\/blogit.gradia.fi\/digipalvelut\/wp-content\/uploads\/sites\/99\/2019\/06\/Microsoft-lohko.jpg\" alt=\"\" class=\"wp-image-367\" width=\"224\" height=\"276\" srcset=\"https:\/\/blogit.gradia.fi\/digipalvelut\/wp-content\/uploads\/sites\/99\/2019\/06\/Microsoft-lohko.jpg 447w, https:\/\/blogit.gradia.fi\/digipalvelut\/wp-content\/uploads\/sites\/99\/2019\/06\/Microsoft-lohko-243x300.jpg 243w\" sizes=\"(max-width: 224px) 100vw, 224px\" \/><\/figure><\/div>\n\n\n\n<ol class=\"wp-block-list\"><li> Klikkaa&nbsp; <strong>yhdist\u00e4 Office 365 \u2013palveluun<\/strong> linkki\u00e4 ja tunnistaudu  omilla&nbsp;Gradian&nbsp;k\u00e4ytt\u00e4j\u00e4tunnuksillasi.&nbsp;&nbsp; <\/li><li> Yhdistetty\u00e4si O365 \u2013palvelun tunnuksiisi saat k\u00e4ytt\u00f6\u00f6si mm. OneDrive \u2013palveluun tallentamasi tiedostot, s\u00e4hk\u00f6postin sek\u00e4 muut organisaatiomme tukemat Microsoft ohjelmat.&nbsp;&nbsp; <\/li><\/ol>\n\n\n\n<div class=\"wp-block-image\"><figure class=\"aligncenter is-resized\"><img decoding=\"async\" src=\"https:\/\/blogit.gradia.fi\/digipalvelut\/wp-content\/uploads\/sites\/99\/2019\/06\/MS-lohko-kirjautuneena.jpg\" alt=\"\" class=\"wp-image-369\" width=\"202\" height=\"415\" srcset=\"https:\/\/blogit.gradia.fi\/digipalvelut\/wp-content\/uploads\/sites\/99\/2019\/06\/MS-lohko-kirjautuneena.jpg 404w, https:\/\/blogit.gradia.fi\/digipalvelut\/wp-content\/uploads\/sites\/99\/2019\/06\/MS-lohko-kirjautuneena-146x300.jpg 146w\" sizes=\"(max-width: 202px) 100vw, 202px\" \/><\/figure><\/div>\n","protected":false},"excerpt":{"rendered":"<p>Gradian opiskelijoiden sek\u00e4 henkil\u00f6st\u00f6n kannattaa yhdist\u00e4\u00e4 Microsoft -tilins\u00e4 Moodleen helpottaakseen O365 -palvelun k\u00e4ytt\u00f6\u00e4. Gradian&nbsp;Moodle on integroitu Office365 \u2013palveluun, jolloin&nbsp;Gradian&nbsp;opiskelijat ja henkil\u00f6kuntaan kuuluvat p\u00e4\u00e4sev\u00e4t k\u00e4siksi O365:n tiedostoihinsa sek\u00e4 ohjelmiin ilman erillist\u00e4 kirjautumista. Ohjelmat avautuvat selaimessa toiseen v\u00e4lilehteen.&nbsp; Kirjautuessasi ensimm\u00e4isen kerran Moodleen Microsoft lohko n\u00e4ytt\u00e4\u00e4, ettet ole yhdist\u00e4nyt Moodle-tunnustasi Office 365 \u2013palveluun.&nbsp; [&hellip;]<\/p>\n","protected":false},"author":165,"featured_media":0,"parent":76,"menu_order":0,"comment_status":"closed","ping_status":"closed","template":"","meta":{"_uag_custom_page_level_css":"","footnotes":""},"class_list":["post-366","page","type-page","status-publish","hentry"],"yoast_head":"<!-- This site is optimized with the Yoast SEO plugin v27.4 - https:\/\/yoast.com\/product\/yoast-seo-wordpress\/ -->\n<title>Microsoft -tilin yhdist\u00e4minen Moodleen - Gradia Digipalvelut<\/title>\n<meta name=\"robots\" content=\"index, follow, max-snippet:-1, max-image-preview:large, max-video-preview:-1\" \/>\n<link rel=\"canonical\" href=\"https:\/\/blogit.gradia.fi\/digipalvelut\/ohjeita-ja-vinkkeja\/moodle\/microsoft-tilin-yhdistaminen-moodleen\/\" \/>\n<meta property=\"og:locale\" content=\"fi_FI\" \/>\n<meta property=\"og:type\" content=\"article\" \/>\n<meta property=\"og:title\" content=\"Microsoft -tilin yhdist\u00e4minen Moodleen - Gradia Digipalvelut\" \/>\n<meta property=\"og:description\" content=\"Gradian opiskelijoiden sek\u00e4 henkil\u00f6st\u00f6n kannattaa yhdist\u00e4\u00e4 Microsoft -tilins\u00e4 Moodleen helpottaakseen O365 -palvelun k\u00e4ytt\u00f6\u00e4. Gradian&nbsp;Moodle on integroitu Office365 \u2013palveluun, jolloin&nbsp;Gradian&nbsp;opiskelijat ja henkil\u00f6kuntaan kuuluvat p\u00e4\u00e4sev\u00e4t k\u00e4siksi O365:n tiedostoihinsa sek\u00e4 ohjelmiin ilman erillist\u00e4 kirjautumista. Ohjelmat avautuvat selaimessa toiseen v\u00e4lilehteen.&nbsp; Kirjautuessasi ensimm\u00e4isen kerran Moodleen Microsoft lohko n\u00e4ytt\u00e4\u00e4, ettet ole yhdist\u00e4nyt Moodle-tunnustasi Office 365 \u2013palveluun.&nbsp; [&hellip;]\" \/>\n<meta property=\"og:url\" content=\"https:\/\/blogit.gradia.fi\/digipalvelut\/ohjeita-ja-vinkkeja\/moodle\/microsoft-tilin-yhdistaminen-moodleen\/\" \/>\n<meta property=\"og:site_name\" content=\"Gradia Digipalvelut\" \/>\n<meta property=\"article:modified_time\" content=\"2019-07-02T06:57:48+00:00\" \/>\n<meta property=\"og:image\" content=\"https:\/\/blogit.gradia.fi\/digipalvelut\/wp-content\/uploads\/sites\/99\/2019\/06\/Microsoft-lohko.jpg\" \/>\n<meta name=\"twitter:card\" content=\"summary_large_image\" \/>\n<meta name=\"twitter:label1\" content=\"Arvioitu lukuaika\" \/>\n\t<meta name=\"twitter:data1\" content=\"1 minuutti\" \/>\n<script type=\"application\/ld+json\" class=\"yoast-schema-graph\">{\"@context\":\"https:\\\/\\\/schema.org\",\"@graph\":[{\"@type\":\"WebPage\",\"@id\":\"https:\\\/\\\/blogit.gradia.fi\\\/digipalvelut\\\/ohjeita-ja-vinkkeja\\\/moodle\\\/microsoft-tilin-yhdistaminen-moodleen\\\/\",\"url\":\"https:\\\/\\\/blogit.gradia.fi\\\/digipalvelut\\\/ohjeita-ja-vinkkeja\\\/moodle\\\/microsoft-tilin-yhdistaminen-moodleen\\\/\",\"name\":\"Microsoft -tilin yhdist\u00e4minen Moodleen - Gradia Digipalvelut\",\"isPartOf\":{\"@id\":\"https:\\\/\\\/blogit.gradia.fi\\\/digipalvelut\\\/#website\"},\"primaryImageOfPage\":{\"@id\":\"https:\\\/\\\/blogit.gradia.fi\\\/digipalvelut\\\/ohjeita-ja-vinkkeja\\\/moodle\\\/microsoft-tilin-yhdistaminen-moodleen\\\/#primaryimage\"},\"image\":{\"@id\":\"https:\\\/\\\/blogit.gradia.fi\\\/digipalvelut\\\/ohjeita-ja-vinkkeja\\\/moodle\\\/microsoft-tilin-yhdistaminen-moodleen\\\/#primaryimage\"},\"thumbnailUrl\":\"https:\\\/\\\/blogit.gradia.fi\\\/digipalvelut\\\/wp-content\\\/uploads\\\/sites\\\/99\\\/2019\\\/06\\\/Microsoft-lohko.jpg\",\"datePublished\":\"2019-06-26T05:30:16+00:00\",\"dateModified\":\"2019-07-02T06:57:48+00:00\",\"breadcrumb\":{\"@id\":\"https:\\\/\\\/blogit.gradia.fi\\\/digipalvelut\\\/ohjeita-ja-vinkkeja\\\/moodle\\\/microsoft-tilin-yhdistaminen-moodleen\\\/#breadcrumb\"},\"inLanguage\":\"fi\",\"potentialAction\":[{\"@type\":\"ReadAction\",\"target\":[\"https:\\\/\\\/blogit.gradia.fi\\\/digipalvelut\\\/ohjeita-ja-vinkkeja\\\/moodle\\\/microsoft-tilin-yhdistaminen-moodleen\\\/\"]}]},{\"@type\":\"ImageObject\",\"inLanguage\":\"fi\",\"@id\":\"https:\\\/\\\/blogit.gradia.fi\\\/digipalvelut\\\/ohjeita-ja-vinkkeja\\\/moodle\\\/microsoft-tilin-yhdistaminen-moodleen\\\/#primaryimage\",\"url\":\"https:\\\/\\\/blogit.gradia.fi\\\/digipalvelut\\\/wp-content\\\/uploads\\\/sites\\\/99\\\/2019\\\/06\\\/Microsoft-lohko.jpg\",\"contentUrl\":\"https:\\\/\\\/blogit.gradia.fi\\\/digipalvelut\\\/wp-content\\\/uploads\\\/sites\\\/99\\\/2019\\\/06\\\/Microsoft-lohko.jpg\",\"width\":447,\"height\":551},{\"@type\":\"BreadcrumbList\",\"@id\":\"https:\\\/\\\/blogit.gradia.fi\\\/digipalvelut\\\/ohjeita-ja-vinkkeja\\\/moodle\\\/microsoft-tilin-yhdistaminen-moodleen\\\/#breadcrumb\",\"itemListElement\":[{\"@type\":\"ListItem\",\"position\":1,\"name\":\"Ohjeita ja vinkkej\u00e4\",\"item\":\"https:\\\/\\\/blogit.gradia.fi\\\/digipalvelut\\\/ohjeita-ja-vinkkeja\\\/\"},{\"@type\":\"ListItem\",\"position\":2,\"name\":\"Moodle\",\"item\":\"https:\\\/\\\/blogit.gradia.fi\\\/digipalvelut\\\/ohjeita-ja-vinkkeja\\\/moodle\\\/\"},{\"@type\":\"ListItem\",\"position\":3,\"name\":\"Microsoft -tilin yhdist\u00e4minen Moodleen\"}]},{\"@type\":\"WebSite\",\"@id\":\"https:\\\/\\\/blogit.gradia.fi\\\/digipalvelut\\\/#website\",\"url\":\"https:\\\/\\\/blogit.gradia.fi\\\/digipalvelut\\\/\",\"name\":\"Gradia Digipalvelut\",\"description\":\"Astetta enemm\u00e4n digi\u00e4\",\"publisher\":{\"@id\":\"https:\\\/\\\/blogit.gradia.fi\\\/digipalvelut\\\/#organization\"},\"potentialAction\":[{\"@type\":\"SearchAction\",\"target\":{\"@type\":\"EntryPoint\",\"urlTemplate\":\"https:\\\/\\\/blogit.gradia.fi\\\/digipalvelut\\\/?s={search_term_string}\"},\"query-input\":{\"@type\":\"PropertyValueSpecification\",\"valueRequired\":true,\"valueName\":\"search_term_string\"}}],\"inLanguage\":\"fi\"},{\"@type\":\"Organization\",\"@id\":\"https:\\\/\\\/blogit.gradia.fi\\\/digipalvelut\\\/#organization\",\"name\":\"Gradia Digipalvelut\",\"url\":\"https:\\\/\\\/blogit.gradia.fi\\\/digipalvelut\\\/\",\"logo\":{\"@type\":\"ImageObject\",\"inLanguage\":\"fi\",\"@id\":\"https:\\\/\\\/blogit.gradia.fi\\\/digipalvelut\\\/#\\\/schema\\\/logo\\\/image\\\/\",\"url\":\"https:\\\/\\\/blogit.gradia.fi\\\/digipalvelut\\\/wp-content\\\/uploads\\\/sites\\\/99\\\/2019\\\/06\\\/cropped-Gradia_logo_Cyber_TRANSPARENT.png\",\"contentUrl\":\"https:\\\/\\\/blogit.gradia.fi\\\/digipalvelut\\\/wp-content\\\/uploads\\\/sites\\\/99\\\/2019\\\/06\\\/cropped-Gradia_logo_Cyber_TRANSPARENT.png\",\"width\":316,\"height\":382,\"caption\":\"Gradia Digipalvelut\"},\"image\":{\"@id\":\"https:\\\/\\\/blogit.gradia.fi\\\/digipalvelut\\\/#\\\/schema\\\/logo\\\/image\\\/\"}}]}<\/script>\n<!-- \/ Yoast SEO plugin. -->","yoast_head_json":{"title":"Microsoft -tilin yhdist\u00e4minen Moodleen - Gradia Digipalvelut","robots":{"index":"index","follow":"follow","max-snippet":"max-snippet:-1","max-image-preview":"max-image-preview:large","max-video-preview":"max-video-preview:-1"},"canonical":"https:\/\/blogit.gradia.fi\/digipalvelut\/ohjeita-ja-vinkkeja\/moodle\/microsoft-tilin-yhdistaminen-moodleen\/","og_locale":"fi_FI","og_type":"article","og_title":"Microsoft -tilin yhdist\u00e4minen Moodleen - Gradia Digipalvelut","og_description":"Gradian opiskelijoiden sek\u00e4 henkil\u00f6st\u00f6n kannattaa yhdist\u00e4\u00e4 Microsoft -tilins\u00e4 Moodleen helpottaakseen O365 -palvelun k\u00e4ytt\u00f6\u00e4. Gradian&nbsp;Moodle on integroitu Office365 \u2013palveluun, jolloin&nbsp;Gradian&nbsp;opiskelijat ja henkil\u00f6kuntaan kuuluvat p\u00e4\u00e4sev\u00e4t k\u00e4siksi O365:n tiedostoihinsa sek\u00e4 ohjelmiin ilman erillist\u00e4 kirjautumista. Ohjelmat avautuvat selaimessa toiseen v\u00e4lilehteen.&nbsp; Kirjautuessasi ensimm\u00e4isen kerran Moodleen Microsoft lohko n\u00e4ytt\u00e4\u00e4, ettet ole yhdist\u00e4nyt Moodle-tunnustasi Office 365 \u2013palveluun.&nbsp; [&hellip;]","og_url":"https:\/\/blogit.gradia.fi\/digipalvelut\/ohjeita-ja-vinkkeja\/moodle\/microsoft-tilin-yhdistaminen-moodleen\/","og_site_name":"Gradia Digipalvelut","article_modified_time":"2019-07-02T06:57:48+00:00","og_image":[{"url":"https:\/\/blogit.gradia.fi\/digipalvelut\/wp-content\/uploads\/sites\/99\/2019\/06\/Microsoft-lohko.jpg","type":"","width":"","height":""}],"twitter_card":"summary_large_image","twitter_misc":{"Arvioitu lukuaika":"1 minuutti"},"schema":{"@context":"https:\/\/schema.org","@graph":[{"@type":"WebPage","@id":"https:\/\/blogit.gradia.fi\/digipalvelut\/ohjeita-ja-vinkkeja\/moodle\/microsoft-tilin-yhdistaminen-moodleen\/","url":"https:\/\/blogit.gradia.fi\/digipalvelut\/ohjeita-ja-vinkkeja\/moodle\/microsoft-tilin-yhdistaminen-moodleen\/","name":"Microsoft -tilin yhdist\u00e4minen Moodleen - Gradia Digipalvelut","isPartOf":{"@id":"https:\/\/blogit.gradia.fi\/digipalvelut\/#website"},"primaryImageOfPage":{"@id":"https:\/\/blogit.gradia.fi\/digipalvelut\/ohjeita-ja-vinkkeja\/moodle\/microsoft-tilin-yhdistaminen-moodleen\/#primaryimage"},"image":{"@id":"https:\/\/blogit.gradia.fi\/digipalvelut\/ohjeita-ja-vinkkeja\/moodle\/microsoft-tilin-yhdistaminen-moodleen\/#primaryimage"},"thumbnailUrl":"https:\/\/blogit.gradia.fi\/digipalvelut\/wp-content\/uploads\/sites\/99\/2019\/06\/Microsoft-lohko.jpg","datePublished":"2019-06-26T05:30:16+00:00","dateModified":"2019-07-02T06:57:48+00:00","breadcrumb":{"@id":"https:\/\/blogit.gradia.fi\/digipalvelut\/ohjeita-ja-vinkkeja\/moodle\/microsoft-tilin-yhdistaminen-moodleen\/#breadcrumb"},"inLanguage":"fi","potentialAction":[{"@type":"ReadAction","target":["https:\/\/blogit.gradia.fi\/digipalvelut\/ohjeita-ja-vinkkeja\/moodle\/microsoft-tilin-yhdistaminen-moodleen\/"]}]},{"@type":"ImageObject","inLanguage":"fi","@id":"https:\/\/blogit.gradia.fi\/digipalvelut\/ohjeita-ja-vinkkeja\/moodle\/microsoft-tilin-yhdistaminen-moodleen\/#primaryimage","url":"https:\/\/blogit.gradia.fi\/digipalvelut\/wp-content\/uploads\/sites\/99\/2019\/06\/Microsoft-lohko.jpg","contentUrl":"https:\/\/blogit.gradia.fi\/digipalvelut\/wp-content\/uploads\/sites\/99\/2019\/06\/Microsoft-lohko.jpg","width":447,"height":551},{"@type":"BreadcrumbList","@id":"https:\/\/blogit.gradia.fi\/digipalvelut\/ohjeita-ja-vinkkeja\/moodle\/microsoft-tilin-yhdistaminen-moodleen\/#breadcrumb","itemListElement":[{"@type":"ListItem","position":1,"name":"Ohjeita ja vinkkej\u00e4","item":"https:\/\/blogit.gradia.fi\/digipalvelut\/ohjeita-ja-vinkkeja\/"},{"@type":"ListItem","position":2,"name":"Moodle","item":"https:\/\/blogit.gradia.fi\/digipalvelut\/ohjeita-ja-vinkkeja\/moodle\/"},{"@type":"ListItem","position":3,"name":"Microsoft -tilin yhdist\u00e4minen Moodleen"}]},{"@type":"WebSite","@id":"https:\/\/blogit.gradia.fi\/digipalvelut\/#website","url":"https:\/\/blogit.gradia.fi\/digipalvelut\/","name":"Gradia Digipalvelut","description":"Astetta enemm\u00e4n digi\u00e4","publisher":{"@id":"https:\/\/blogit.gradia.fi\/digipalvelut\/#organization"},"potentialAction":[{"@type":"SearchAction","target":{"@type":"EntryPoint","urlTemplate":"https:\/\/blogit.gradia.fi\/digipalvelut\/?s={search_term_string}"},"query-input":{"@type":"PropertyValueSpecification","valueRequired":true,"valueName":"search_term_string"}}],"inLanguage":"fi"},{"@type":"Organization","@id":"https:\/\/blogit.gradia.fi\/digipalvelut\/#organization","name":"Gradia Digipalvelut","url":"https:\/\/blogit.gradia.fi\/digipalvelut\/","logo":{"@type":"ImageObject","inLanguage":"fi","@id":"https:\/\/blogit.gradia.fi\/digipalvelut\/#\/schema\/logo\/image\/","url":"https:\/\/blogit.gradia.fi\/digipalvelut\/wp-content\/uploads\/sites\/99\/2019\/06\/cropped-Gradia_logo_Cyber_TRANSPARENT.png","contentUrl":"https:\/\/blogit.gradia.fi\/digipalvelut\/wp-content\/uploads\/sites\/99\/2019\/06\/cropped-Gradia_logo_Cyber_TRANSPARENT.png","width":316,"height":382,"caption":"Gradia Digipalvelut"},"image":{"@id":"https:\/\/blogit.gradia.fi\/digipalvelut\/#\/schema\/logo\/image\/"}}]}},"uagb_featured_image_src":{"full":false,"thumbnail":false,"medium":false,"medium_large":false,"large":false,"1536x1536":false,"2048x2048":false,"hestia-blog":false},"uagb_author_info":{"display_name":"Heini Pennanen","author_link":"https:\/\/blogit.gradia.fi\/digipalvelut\/author\/pennahei\/"},"uagb_comment_info":0,"uagb_excerpt":"Gradian opiskelijoiden sek\u00e4 henkil\u00f6st\u00f6n kannattaa yhdist\u00e4\u00e4 Microsoft -tilins\u00e4 Moodleen helpottaakseen O365 -palvelun k\u00e4ytt\u00f6\u00e4. Gradian&nbsp;Moodle on integroitu Office365 \u2013palveluun, jolloin&nbsp;Gradian&nbsp;opiskelijat ja henkil\u00f6kuntaan kuuluvat p\u00e4\u00e4sev\u00e4t k\u00e4siksi O365:n tiedostoihinsa sek\u00e4 ohjelmiin ilman erillist\u00e4 kirjautumista. Ohjelmat avautuvat selaimessa toiseen v\u00e4lilehteen.&nbsp; Kirjautuessasi ensimm\u00e4isen kerran Moodleen Microsoft lohko n\u00e4ytt\u00e4\u00e4, ettet ole yhdist\u00e4nyt Moodle-tunnustasi Office 365 \u2013palveluun.&nbsp; [&hellip;]","_links":{"self":[{"href":"https:\/\/blogit.gradia.fi\/digipalvelut\/wp-json\/wp\/v2\/pages\/366","targetHints":{"allow":["GET"]}}],"collection":[{"href":"https:\/\/blogit.gradia.fi\/digipalvelut\/wp-json\/wp\/v2\/pages"}],"about":[{"href":"https:\/\/blogit.gradia.fi\/digipalvelut\/wp-json\/wp\/v2\/types\/page"}],"author":[{"embeddable":true,"href":"https:\/\/blogit.gradia.fi\/digipalvelut\/wp-json\/wp\/v2\/users\/165"}],"replies":[{"embeddable":true,"href":"https:\/\/blogit.gradia.fi\/digipalvelut\/wp-json\/wp\/v2\/comments?post=366"}],"version-history":[{"count":2,"href":"https:\/\/blogit.gradia.fi\/digipalvelut\/wp-json\/wp\/v2\/pages\/366\/revisions"}],"predecessor-version":[{"id":373,"href":"https:\/\/blogit.gradia.fi\/digipalvelut\/wp-json\/wp\/v2\/pages\/366\/revisions\/373"}],"up":[{"embeddable":true,"href":"https:\/\/blogit.gradia.fi\/digipalvelut\/wp-json\/wp\/v2\/pages\/76"}],"wp:attachment":[{"href":"https:\/\/blogit.gradia.fi\/digipalvelut\/wp-json\/wp\/v2\/media?parent=366"}],"curies":[{"name":"wp","href":"https:\/\/api.w.org\/{rel}","templated":true}]}}