{"id":343,"date":"2019-06-25T16:30:52","date_gmt":"2019-06-25T13:30:52","guid":{"rendered":"https:\/\/blogit.gradia.fi\/digipalvelut\/?page_id=343"},"modified":"2019-08-01T09:49:20","modified_gmt":"2019-08-01T06:49:20","slug":"tekstieditoreiden-kayttaminen","status":"publish","type":"page","link":"https:\/\/blogit.gradia.fi\/digipalvelut\/ohjeita-ja-vinkkeja\/moodle\/tekstieditoreiden-kayttaminen\/","title":{"rendered":"Tekstieditoreiden k\u00e4ytt\u00e4minen"},"content":{"rendered":"\n<p>Moodlessa ensisijainen tekstieditori on&nbsp;Atto&nbsp;HTML \u2013editori, jonka k\u00e4ytt\u00f6\u00e4 suosittelemme.&nbsp;&nbsp;<\/p>\n\n\n\n<p>Moodlessa on tarjolla my\u00f6s&nbsp;TinyMCE&nbsp;HTML-editori. K\u00e4ytt\u00e4j\u00e4 voi halutessaan valita kumpaako editoria h\u00e4n k\u00e4ytt\u00e4\u00e4. Tarkemmat kuvaukset alla.&nbsp;<\/p>\n\n\n\n<p>Atto&nbsp;HTML-editori on oletusvaihtoehtona ja sit\u00e4 tuetaan parhaiten.&nbsp;&nbsp;<\/p>\n\n\n\n<h2 class=\"wp-block-heading\"><strong>Atto&nbsp;HTML<\/strong>:&nbsp;<\/h2>\n\n\n\n<ol class=\"wp-block-list\"><li>Klikkaa editorin vasemmassa yl\u00e4laidassa olevaa alasp\u00e4in osoittavaa nuolta saadaksesi kaikki editorin ominaisuudet k\u00e4ytt\u00f6\u00f6n.\u00a0<\/li><li>Kirjaisimien kokoa voi muuttaa otsikko- ja kappaletasolla. K\u00e4yt\u00e4 n\u00e4it\u00e4 saavutettavuuden vuoksi.\u00a0Fonttikoko valikoituu tekstin muotoilun mukaan.\u00a0\u00a0<\/li><li>Tekstin v\u00e4ri\u00e4 voi muuttaa (16 v\u00e4ri\u00e4)\u00a0.<\/li><li>Voit lis\u00e4t\u00e4 kuvaa, \u00e4\u00e4nt\u00e4, videota.<\/li><li>Kaavaeditori matemaattisen tekstin kirjoittamiseen.\u00a0<\/li><li>Helppok\u00e4ytt\u00f6isyyden tarkistus (saavutettavuus).\u00a0<\/li><li>N\u00e4yt\u00f6nlukijan apuri (saavutettavuus).\u00a0<\/li><\/ol>\n\n\n\n<figure class=\"wp-block-image\"><img fetchpriority=\"high\" decoding=\"async\" width=\"1024\" height=\"419\" src=\"https:\/\/blogit.gradia.fi\/digipalvelut\/wp-content\/uploads\/sites\/99\/2019\/06\/GetImage-10-1024x419.png\" alt=\"Atto-tekstieditorin k\u00e4ytt\u00f6liittym\u00e4.\" class=\"wp-image-345\" srcset=\"https:\/\/blogit.gradia.fi\/digipalvelut\/wp-content\/uploads\/sites\/99\/2019\/06\/GetImage-10-1024x419.png 1024w, https:\/\/blogit.gradia.fi\/digipalvelut\/wp-content\/uploads\/sites\/99\/2019\/06\/GetImage-10-300x123.png 300w, https:\/\/blogit.gradia.fi\/digipalvelut\/wp-content\/uploads\/sites\/99\/2019\/06\/GetImage-10-768x314.png 768w, https:\/\/blogit.gradia.fi\/digipalvelut\/wp-content\/uploads\/sites\/99\/2019\/06\/GetImage-10-620x254.png 620w, https:\/\/blogit.gradia.fi\/digipalvelut\/wp-content\/uploads\/sites\/99\/2019\/06\/GetImage-10.png 1056w\" sizes=\"(max-width: 1024px) 100vw, 1024px\" \/><\/figure>\n\n\n\n<h2 class=\"wp-block-heading\"> <strong>TinyMCE&nbsp;HTML-editori<\/strong> <\/h2>\n\n\n\n<p><strong>TinyMCE&nbsp;HTML-editorin erot<\/strong>&nbsp;ATTO HTML \u2013editoriin verrattuna:&nbsp;&nbsp;<\/p>\n\n\n\n<ul class=\"wp-block-list\"><li>Kirjasimien fonttia voi vaihdella ( 9 fonttia)&nbsp;<\/li><li>Kirjasimien fonttikokoa voi vaihdella muotoilusta huolimatta (8-36 pt)&nbsp;<\/li><li>Laaja v\u00e4rivalikoima tekstin ja tekstintaustan muokkaamiseen (alleviivaus).&nbsp;&nbsp;<\/li><\/ul>\n\n\n\n<figure class=\"wp-block-image\"><img decoding=\"async\" width=\"884\" height=\"436\" src=\"https:\/\/blogit.gradia.fi\/digipalvelut\/wp-content\/uploads\/sites\/99\/2019\/06\/GetImage-12.png\" alt=\"TinyMCE HTML -editorin k\u00e4ytt\u00f6liittym\u00e4\" class=\"wp-image-346\" srcset=\"https:\/\/blogit.gradia.fi\/digipalvelut\/wp-content\/uploads\/sites\/99\/2019\/06\/GetImage-12.png 884w, https:\/\/blogit.gradia.fi\/digipalvelut\/wp-content\/uploads\/sites\/99\/2019\/06\/GetImage-12-300x148.png 300w, https:\/\/blogit.gradia.fi\/digipalvelut\/wp-content\/uploads\/sites\/99\/2019\/06\/GetImage-12-768x379.png 768w, https:\/\/blogit.gradia.fi\/digipalvelut\/wp-content\/uploads\/sites\/99\/2019\/06\/GetImage-12-620x306.png 620w\" sizes=\"(max-width: 884px) 100vw, 884px\" \/><\/figure>\n\n\n\n<h2 class=\"wp-block-heading\"><strong>Tekstieditorin vaihtaminen&nbsp;<\/strong>&nbsp;<\/h2>\n\n\n\n<ol class=\"wp-block-list\"><li>Klikkaa oikeassa yl\u00e4kulmassa omaa Profiilikuvaketta&nbsp;<\/li><li>Valitse Asetukset&nbsp;<\/li><li>K\u00e4ytt\u00e4j\u00e4tunnus -valikko&nbsp;<\/li><li>Klikkaa Tekstieditorin asetukset&nbsp;<\/li><li>Valitse editori, jota haluat k\u00e4ytt\u00e4\u00e4. Editoria on mahdollista vaihtaa, eik\u00e4 se vaikuta aiemmin tehtyihin teksteihin.&nbsp;<\/li><\/ol>\n\n\n\n<p><\/p>\n","protected":false},"excerpt":{"rendered":"<p>Moodlessa ensisijainen tekstieditori on&nbsp;Atto&nbsp;HTML \u2013editori, jonka k\u00e4ytt\u00f6\u00e4 suosittelemme.&nbsp;&nbsp; Moodlessa on tarjolla my\u00f6s&nbsp;TinyMCE&nbsp;HTML-editori. K\u00e4ytt\u00e4j\u00e4 voi halutessaan valita kumpaako editoria h\u00e4n k\u00e4ytt\u00e4\u00e4. Tarkemmat kuvaukset alla.&nbsp; Atto&nbsp;HTML-editori on oletusvaihtoehtona ja sit\u00e4 tuetaan parhaiten.&nbsp;&nbsp; Atto&nbsp;HTML:&nbsp; Klikkaa editorin vasemmassa yl\u00e4laidassa olevaa alasp\u00e4in osoittavaa nuolta saadaksesi kaikki editorin ominaisuudet k\u00e4ytt\u00f6\u00f6n.\u00a0 Kirjaisimien kokoa voi muuttaa otsikko- ja [&hellip;]<\/p>\n","protected":false},"author":421,"featured_media":0,"parent":76,"menu_order":0,"comment_status":"closed","ping_status":"closed","template":"","meta":{"_uag_custom_page_level_css":"","footnotes":""},"class_list":["post-343","page","type-page","status-publish","hentry"],"yoast_head":"<!-- This site is optimized with the Yoast SEO plugin v27.4 - https:\/\/yoast.com\/product\/yoast-seo-wordpress\/ -->\n<title>Tekstieditoreiden k\u00e4ytt\u00e4minen - Gradia Digipalvelut<\/title>\n<meta name=\"robots\" content=\"index, follow, max-snippet:-1, max-image-preview:large, max-video-preview:-1\" \/>\n<link rel=\"canonical\" href=\"https:\/\/blogit.gradia.fi\/digipalvelut\/ohjeita-ja-vinkkeja\/moodle\/tekstieditoreiden-kayttaminen\/\" \/>\n<meta property=\"og:locale\" content=\"fi_FI\" \/>\n<meta property=\"og:type\" content=\"article\" \/>\n<meta property=\"og:title\" content=\"Tekstieditoreiden k\u00e4ytt\u00e4minen - Gradia Digipalvelut\" \/>\n<meta property=\"og:description\" content=\"Moodlessa ensisijainen tekstieditori on&nbsp;Atto&nbsp;HTML \u2013editori, jonka k\u00e4ytt\u00f6\u00e4 suosittelemme.&nbsp;&nbsp; Moodlessa on tarjolla my\u00f6s&nbsp;TinyMCE&nbsp;HTML-editori. K\u00e4ytt\u00e4j\u00e4 voi halutessaan valita kumpaako editoria h\u00e4n k\u00e4ytt\u00e4\u00e4. Tarkemmat kuvaukset alla.&nbsp; Atto&nbsp;HTML-editori on oletusvaihtoehtona ja sit\u00e4 tuetaan parhaiten.&nbsp;&nbsp; Atto&nbsp;HTML:&nbsp; Klikkaa editorin vasemmassa yl\u00e4laidassa olevaa alasp\u00e4in osoittavaa nuolta saadaksesi kaikki editorin ominaisuudet k\u00e4ytt\u00f6\u00f6n.\u00a0 Kirjaisimien kokoa voi muuttaa otsikko- ja [&hellip;]\" \/>\n<meta property=\"og:url\" content=\"https:\/\/blogit.gradia.fi\/digipalvelut\/ohjeita-ja-vinkkeja\/moodle\/tekstieditoreiden-kayttaminen\/\" \/>\n<meta property=\"og:site_name\" content=\"Gradia Digipalvelut\" \/>\n<meta property=\"article:modified_time\" content=\"2019-08-01T06:49:20+00:00\" \/>\n<meta property=\"og:image\" content=\"https:\/\/blogit.gradia.fi\/digipalvelut\/wp-content\/uploads\/sites\/99\/2019\/06\/GetImage-10-1024x419.png\" \/>\n<meta name=\"twitter:card\" content=\"summary_large_image\" \/>\n<meta name=\"twitter:label1\" content=\"Arvioitu lukuaika\" \/>\n\t<meta name=\"twitter:data1\" content=\"1 minuutti\" \/>\n<script type=\"application\/ld+json\" class=\"yoast-schema-graph\">{\"@context\":\"https:\\\/\\\/schema.org\",\"@graph\":[{\"@type\":\"WebPage\",\"@id\":\"https:\\\/\\\/blogit.gradia.fi\\\/digipalvelut\\\/ohjeita-ja-vinkkeja\\\/moodle\\\/tekstieditoreiden-kayttaminen\\\/\",\"url\":\"https:\\\/\\\/blogit.gradia.fi\\\/digipalvelut\\\/ohjeita-ja-vinkkeja\\\/moodle\\\/tekstieditoreiden-kayttaminen\\\/\",\"name\":\"Tekstieditoreiden k\u00e4ytt\u00e4minen - Gradia Digipalvelut\",\"isPartOf\":{\"@id\":\"https:\\\/\\\/blogit.gradia.fi\\\/digipalvelut\\\/#website\"},\"primaryImageOfPage\":{\"@id\":\"https:\\\/\\\/blogit.gradia.fi\\\/digipalvelut\\\/ohjeita-ja-vinkkeja\\\/moodle\\\/tekstieditoreiden-kayttaminen\\\/#primaryimage\"},\"image\":{\"@id\":\"https:\\\/\\\/blogit.gradia.fi\\\/digipalvelut\\\/ohjeita-ja-vinkkeja\\\/moodle\\\/tekstieditoreiden-kayttaminen\\\/#primaryimage\"},\"thumbnailUrl\":\"https:\\\/\\\/blogit.gradia.fi\\\/digipalvelut\\\/wp-content\\\/uploads\\\/sites\\\/99\\\/2019\\\/06\\\/GetImage-10-1024x419.png\",\"datePublished\":\"2019-06-25T13:30:52+00:00\",\"dateModified\":\"2019-08-01T06:49:20+00:00\",\"breadcrumb\":{\"@id\":\"https:\\\/\\\/blogit.gradia.fi\\\/digipalvelut\\\/ohjeita-ja-vinkkeja\\\/moodle\\\/tekstieditoreiden-kayttaminen\\\/#breadcrumb\"},\"inLanguage\":\"fi\",\"potentialAction\":[{\"@type\":\"ReadAction\",\"target\":[\"https:\\\/\\\/blogit.gradia.fi\\\/digipalvelut\\\/ohjeita-ja-vinkkeja\\\/moodle\\\/tekstieditoreiden-kayttaminen\\\/\"]}]},{\"@type\":\"ImageObject\",\"inLanguage\":\"fi\",\"@id\":\"https:\\\/\\\/blogit.gradia.fi\\\/digipalvelut\\\/ohjeita-ja-vinkkeja\\\/moodle\\\/tekstieditoreiden-kayttaminen\\\/#primaryimage\",\"url\":\"https:\\\/\\\/blogit.gradia.fi\\\/digipalvelut\\\/wp-content\\\/uploads\\\/sites\\\/99\\\/2019\\\/06\\\/GetImage-10.png\",\"contentUrl\":\"https:\\\/\\\/blogit.gradia.fi\\\/digipalvelut\\\/wp-content\\\/uploads\\\/sites\\\/99\\\/2019\\\/06\\\/GetImage-10.png\",\"width\":1056,\"height\":432,\"caption\":\"Atto-tekstieditorin k\u00e4ytt\u00f6liittym\u00e4.\"},{\"@type\":\"BreadcrumbList\",\"@id\":\"https:\\\/\\\/blogit.gradia.fi\\\/digipalvelut\\\/ohjeita-ja-vinkkeja\\\/moodle\\\/tekstieditoreiden-kayttaminen\\\/#breadcrumb\",\"itemListElement\":[{\"@type\":\"ListItem\",\"position\":1,\"name\":\"Ohjeita ja vinkkej\u00e4\",\"item\":\"https:\\\/\\\/blogit.gradia.fi\\\/digipalvelut\\\/ohjeita-ja-vinkkeja\\\/\"},{\"@type\":\"ListItem\",\"position\":2,\"name\":\"Moodle\",\"item\":\"https:\\\/\\\/blogit.gradia.fi\\\/digipalvelut\\\/ohjeita-ja-vinkkeja\\\/moodle\\\/\"},{\"@type\":\"ListItem\",\"position\":3,\"name\":\"Tekstieditoreiden k\u00e4ytt\u00e4minen\"}]},{\"@type\":\"WebSite\",\"@id\":\"https:\\\/\\\/blogit.gradia.fi\\\/digipalvelut\\\/#website\",\"url\":\"https:\\\/\\\/blogit.gradia.fi\\\/digipalvelut\\\/\",\"name\":\"Gradia Digipalvelut\",\"description\":\"Astetta enemm\u00e4n digi\u00e4\",\"publisher\":{\"@id\":\"https:\\\/\\\/blogit.gradia.fi\\\/digipalvelut\\\/#organization\"},\"potentialAction\":[{\"@type\":\"SearchAction\",\"target\":{\"@type\":\"EntryPoint\",\"urlTemplate\":\"https:\\\/\\\/blogit.gradia.fi\\\/digipalvelut\\\/?s={search_term_string}\"},\"query-input\":{\"@type\":\"PropertyValueSpecification\",\"valueRequired\":true,\"valueName\":\"search_term_string\"}}],\"inLanguage\":\"fi\"},{\"@type\":\"Organization\",\"@id\":\"https:\\\/\\\/blogit.gradia.fi\\\/digipalvelut\\\/#organization\",\"name\":\"Gradia Digipalvelut\",\"url\":\"https:\\\/\\\/blogit.gradia.fi\\\/digipalvelut\\\/\",\"logo\":{\"@type\":\"ImageObject\",\"inLanguage\":\"fi\",\"@id\":\"https:\\\/\\\/blogit.gradia.fi\\\/digipalvelut\\\/#\\\/schema\\\/logo\\\/image\\\/\",\"url\":\"https:\\\/\\\/blogit.gradia.fi\\\/digipalvelut\\\/wp-content\\\/uploads\\\/sites\\\/99\\\/2019\\\/06\\\/cropped-Gradia_logo_Cyber_TRANSPARENT.png\",\"contentUrl\":\"https:\\\/\\\/blogit.gradia.fi\\\/digipalvelut\\\/wp-content\\\/uploads\\\/sites\\\/99\\\/2019\\\/06\\\/cropped-Gradia_logo_Cyber_TRANSPARENT.png\",\"width\":316,\"height\":382,\"caption\":\"Gradia Digipalvelut\"},\"image\":{\"@id\":\"https:\\\/\\\/blogit.gradia.fi\\\/digipalvelut\\\/#\\\/schema\\\/logo\\\/image\\\/\"}}]}<\/script>\n<!-- \/ Yoast SEO plugin. -->","yoast_head_json":{"title":"Tekstieditoreiden k\u00e4ytt\u00e4minen - Gradia Digipalvelut","robots":{"index":"index","follow":"follow","max-snippet":"max-snippet:-1","max-image-preview":"max-image-preview:large","max-video-preview":"max-video-preview:-1"},"canonical":"https:\/\/blogit.gradia.fi\/digipalvelut\/ohjeita-ja-vinkkeja\/moodle\/tekstieditoreiden-kayttaminen\/","og_locale":"fi_FI","og_type":"article","og_title":"Tekstieditoreiden k\u00e4ytt\u00e4minen - Gradia Digipalvelut","og_description":"Moodlessa ensisijainen tekstieditori on&nbsp;Atto&nbsp;HTML \u2013editori, jonka k\u00e4ytt\u00f6\u00e4 suosittelemme.&nbsp;&nbsp; Moodlessa on tarjolla my\u00f6s&nbsp;TinyMCE&nbsp;HTML-editori. K\u00e4ytt\u00e4j\u00e4 voi halutessaan valita kumpaako editoria h\u00e4n k\u00e4ytt\u00e4\u00e4. Tarkemmat kuvaukset alla.&nbsp; Atto&nbsp;HTML-editori on oletusvaihtoehtona ja sit\u00e4 tuetaan parhaiten.&nbsp;&nbsp; Atto&nbsp;HTML:&nbsp; Klikkaa editorin vasemmassa yl\u00e4laidassa olevaa alasp\u00e4in osoittavaa nuolta saadaksesi kaikki editorin ominaisuudet k\u00e4ytt\u00f6\u00f6n.\u00a0 Kirjaisimien kokoa voi muuttaa otsikko- ja [&hellip;]","og_url":"https:\/\/blogit.gradia.fi\/digipalvelut\/ohjeita-ja-vinkkeja\/moodle\/tekstieditoreiden-kayttaminen\/","og_site_name":"Gradia Digipalvelut","article_modified_time":"2019-08-01T06:49:20+00:00","og_image":[{"url":"https:\/\/blogit.gradia.fi\/digipalvelut\/wp-content\/uploads\/sites\/99\/2019\/06\/GetImage-10-1024x419.png","type":"","width":"","height":""}],"twitter_card":"summary_large_image","twitter_misc":{"Arvioitu lukuaika":"1 minuutti"},"schema":{"@context":"https:\/\/schema.org","@graph":[{"@type":"WebPage","@id":"https:\/\/blogit.gradia.fi\/digipalvelut\/ohjeita-ja-vinkkeja\/moodle\/tekstieditoreiden-kayttaminen\/","url":"https:\/\/blogit.gradia.fi\/digipalvelut\/ohjeita-ja-vinkkeja\/moodle\/tekstieditoreiden-kayttaminen\/","name":"Tekstieditoreiden k\u00e4ytt\u00e4minen - Gradia Digipalvelut","isPartOf":{"@id":"https:\/\/blogit.gradia.fi\/digipalvelut\/#website"},"primaryImageOfPage":{"@id":"https:\/\/blogit.gradia.fi\/digipalvelut\/ohjeita-ja-vinkkeja\/moodle\/tekstieditoreiden-kayttaminen\/#primaryimage"},"image":{"@id":"https:\/\/blogit.gradia.fi\/digipalvelut\/ohjeita-ja-vinkkeja\/moodle\/tekstieditoreiden-kayttaminen\/#primaryimage"},"thumbnailUrl":"https:\/\/blogit.gradia.fi\/digipalvelut\/wp-content\/uploads\/sites\/99\/2019\/06\/GetImage-10-1024x419.png","datePublished":"2019-06-25T13:30:52+00:00","dateModified":"2019-08-01T06:49:20+00:00","breadcrumb":{"@id":"https:\/\/blogit.gradia.fi\/digipalvelut\/ohjeita-ja-vinkkeja\/moodle\/tekstieditoreiden-kayttaminen\/#breadcrumb"},"inLanguage":"fi","potentialAction":[{"@type":"ReadAction","target":["https:\/\/blogit.gradia.fi\/digipalvelut\/ohjeita-ja-vinkkeja\/moodle\/tekstieditoreiden-kayttaminen\/"]}]},{"@type":"ImageObject","inLanguage":"fi","@id":"https:\/\/blogit.gradia.fi\/digipalvelut\/ohjeita-ja-vinkkeja\/moodle\/tekstieditoreiden-kayttaminen\/#primaryimage","url":"https:\/\/blogit.gradia.fi\/digipalvelut\/wp-content\/uploads\/sites\/99\/2019\/06\/GetImage-10.png","contentUrl":"https:\/\/blogit.gradia.fi\/digipalvelut\/wp-content\/uploads\/sites\/99\/2019\/06\/GetImage-10.png","width":1056,"height":432,"caption":"Atto-tekstieditorin k\u00e4ytt\u00f6liittym\u00e4."},{"@type":"BreadcrumbList","@id":"https:\/\/blogit.gradia.fi\/digipalvelut\/ohjeita-ja-vinkkeja\/moodle\/tekstieditoreiden-kayttaminen\/#breadcrumb","itemListElement":[{"@type":"ListItem","position":1,"name":"Ohjeita ja vinkkej\u00e4","item":"https:\/\/blogit.gradia.fi\/digipalvelut\/ohjeita-ja-vinkkeja\/"},{"@type":"ListItem","position":2,"name":"Moodle","item":"https:\/\/blogit.gradia.fi\/digipalvelut\/ohjeita-ja-vinkkeja\/moodle\/"},{"@type":"ListItem","position":3,"name":"Tekstieditoreiden k\u00e4ytt\u00e4minen"}]},{"@type":"WebSite","@id":"https:\/\/blogit.gradia.fi\/digipalvelut\/#website","url":"https:\/\/blogit.gradia.fi\/digipalvelut\/","name":"Gradia Digipalvelut","description":"Astetta enemm\u00e4n digi\u00e4","publisher":{"@id":"https:\/\/blogit.gradia.fi\/digipalvelut\/#organization"},"potentialAction":[{"@type":"SearchAction","target":{"@type":"EntryPoint","urlTemplate":"https:\/\/blogit.gradia.fi\/digipalvelut\/?s={search_term_string}"},"query-input":{"@type":"PropertyValueSpecification","valueRequired":true,"valueName":"search_term_string"}}],"inLanguage":"fi"},{"@type":"Organization","@id":"https:\/\/blogit.gradia.fi\/digipalvelut\/#organization","name":"Gradia Digipalvelut","url":"https:\/\/blogit.gradia.fi\/digipalvelut\/","logo":{"@type":"ImageObject","inLanguage":"fi","@id":"https:\/\/blogit.gradia.fi\/digipalvelut\/#\/schema\/logo\/image\/","url":"https:\/\/blogit.gradia.fi\/digipalvelut\/wp-content\/uploads\/sites\/99\/2019\/06\/cropped-Gradia_logo_Cyber_TRANSPARENT.png","contentUrl":"https:\/\/blogit.gradia.fi\/digipalvelut\/wp-content\/uploads\/sites\/99\/2019\/06\/cropped-Gradia_logo_Cyber_TRANSPARENT.png","width":316,"height":382,"caption":"Gradia Digipalvelut"},"image":{"@id":"https:\/\/blogit.gradia.fi\/digipalvelut\/#\/schema\/logo\/image\/"}}]}},"uagb_featured_image_src":{"full":false,"thumbnail":false,"medium":false,"medium_large":false,"large":false,"1536x1536":false,"2048x2048":false,"hestia-blog":false},"uagb_author_info":{"display_name":"Merja Hakanen","author_link":"https:\/\/blogit.gradia.fi\/digipalvelut\/author\/hakanmer\/"},"uagb_comment_info":0,"uagb_excerpt":"Moodlessa ensisijainen tekstieditori on&nbsp;Atto&nbsp;HTML \u2013editori, jonka k\u00e4ytt\u00f6\u00e4 suosittelemme.&nbsp;&nbsp; Moodlessa on tarjolla my\u00f6s&nbsp;TinyMCE&nbsp;HTML-editori. K\u00e4ytt\u00e4j\u00e4 voi halutessaan valita kumpaako editoria h\u00e4n k\u00e4ytt\u00e4\u00e4. Tarkemmat kuvaukset alla.&nbsp; Atto&nbsp;HTML-editori on oletusvaihtoehtona ja sit\u00e4 tuetaan parhaiten.&nbsp;&nbsp; Atto&nbsp;HTML:&nbsp; Klikkaa editorin vasemmassa yl\u00e4laidassa olevaa alasp\u00e4in osoittavaa nuolta saadaksesi kaikki editorin ominaisuudet k\u00e4ytt\u00f6\u00f6n.\u00a0 Kirjaisimien kokoa voi muuttaa otsikko- ja [&hellip;]","_links":{"self":[{"href":"https:\/\/blogit.gradia.fi\/digipalvelut\/wp-json\/wp\/v2\/pages\/343","targetHints":{"allow":["GET"]}}],"collection":[{"href":"https:\/\/blogit.gradia.fi\/digipalvelut\/wp-json\/wp\/v2\/pages"}],"about":[{"href":"https:\/\/blogit.gradia.fi\/digipalvelut\/wp-json\/wp\/v2\/types\/page"}],"author":[{"embeddable":true,"href":"https:\/\/blogit.gradia.fi\/digipalvelut\/wp-json\/wp\/v2\/users\/421"}],"replies":[{"embeddable":true,"href":"https:\/\/blogit.gradia.fi\/digipalvelut\/wp-json\/wp\/v2\/comments?post=343"}],"version-history":[{"count":2,"href":"https:\/\/blogit.gradia.fi\/digipalvelut\/wp-json\/wp\/v2\/pages\/343\/revisions"}],"predecessor-version":[{"id":797,"href":"https:\/\/blogit.gradia.fi\/digipalvelut\/wp-json\/wp\/v2\/pages\/343\/revisions\/797"}],"up":[{"embeddable":true,"href":"https:\/\/blogit.gradia.fi\/digipalvelut\/wp-json\/wp\/v2\/pages\/76"}],"wp:attachment":[{"href":"https:\/\/blogit.gradia.fi\/digipalvelut\/wp-json\/wp\/v2\/media?parent=343"}],"curies":[{"name":"wp","href":"https:\/\/api.w.org\/{rel}","templated":true}]}}