{"id":336,"date":"2019-06-25T16:30:24","date_gmt":"2019-06-25T13:30:24","guid":{"rendered":"https:\/\/blogit.gradia.fi\/digipalvelut\/?page_id=336"},"modified":"2019-07-04T14:25:56","modified_gmt":"2019-07-04T11:25:56","slug":"opiskelijan-liittyminen-kurssille","status":"publish","type":"page","link":"https:\/\/blogit.gradia.fi\/digipalvelut\/ohjeita-ja-vinkkeja\/moodle\/opiskelijan-liittyminen-kurssille\/","title":{"rendered":"Opiskelijan liittyminen kurssille"},"content":{"rendered":"\n<p><strong>Opiskelijoita ei Moodlessa lis\u00e4t\u00e4 kursseille ennen kurssin alkua, vaan opiskelijat liittyv\u00e4t kurssille\u00a0joko opettajalta saadulla linkill\u00e4 ja kurssiavaimella TAI  hakemalla kurssin Moodlessa kurssihaulla ja liittym\u00e4ll\u00e4 kurssille opettajalta saadulla kurssiavaimella.<\/strong><\/p>\n\n\n\n<p><a href=\"#luominen\">Kurssiavaimen luominen<\/a><br><a href=\"#liittyminen\">Opiskelijan liittyminen kurssille<\/a><\/p>\n\n\n\n<h4 class=\"wp-block-heading\" id=\"luominen\"><strong>Opettajan ohje: kurssiavaimen luominen<\/strong><\/h4>\n\n\n\n<p>1. Mene kurssillesi&nbsp;&nbsp;<\/p>\n\n\n\n<p style=\"text-align:left\">2. klikkaa hallintaty\u00f6kalusta&nbsp;<strong>aseta kurssiavain ja sy\u00f6t\u00e4 salasana kurssille<\/strong>&nbsp;liittymist\u00e4 varten. HUOM! Mik\u00e4li et sy\u00f6t\u00e4 kurssiavainta\/ salasanaa, on kurssi avoin KAIKILLE Moodleen kirjautuneille.&nbsp;<\/p>\n\n\n\n<figure class=\"wp-block-image\"><img fetchpriority=\"high\" decoding=\"async\" width=\"181\" height=\"311\" src=\"https:\/\/blogit.gradia.fi\/digipalvelut\/wp-content\/uploads\/sites\/99\/2019\/06\/kurssiavain.jpg\" alt=\"\" class=\"wp-image-340\" srcset=\"https:\/\/blogit.gradia.fi\/digipalvelut\/wp-content\/uploads\/sites\/99\/2019\/06\/kurssiavain.jpg 181w, https:\/\/blogit.gradia.fi\/digipalvelut\/wp-content\/uploads\/sites\/99\/2019\/06\/kurssiavain-175x300.jpg 175w\" sizes=\"(max-width: 181px) 100vw, 181px\" \/><\/figure>\n\n\n\n<p style=\"text-align:left\">3. Klikkaa <strong>osallistujat<\/strong> -painiketta<br>4. <strong>Paina hammasratasta<\/strong> ja valitse <strong>osallistujien lis\u00e4\u00e4mistavat<\/strong><br><\/p>\n\n\n\n<figure class=\"wp-block-image is-resized\"><img decoding=\"async\" src=\"https:\/\/blogit.gradia.fi\/digipalvelut\/wp-content\/uploads\/sites\/99\/2019\/06\/osallistujien-lis\u00e4\u00e4mistapa-1024x392.jpg\" alt=\"\" class=\"wp-image-344\" width=\"512\" height=\"196\" srcset=\"https:\/\/blogit.gradia.fi\/digipalvelut\/wp-content\/uploads\/sites\/99\/2019\/06\/osallistujien-lis\u00e4\u00e4mistapa-1024x392.jpg 1024w, https:\/\/blogit.gradia.fi\/digipalvelut\/wp-content\/uploads\/sites\/99\/2019\/06\/osallistujien-lis\u00e4\u00e4mistapa-300x115.jpg 300w, https:\/\/blogit.gradia.fi\/digipalvelut\/wp-content\/uploads\/sites\/99\/2019\/06\/osallistujien-lis\u00e4\u00e4mistapa-768x294.jpg 768w, https:\/\/blogit.gradia.fi\/digipalvelut\/wp-content\/uploads\/sites\/99\/2019\/06\/osallistujien-lis\u00e4\u00e4mistapa-620x238.jpg 620w, https:\/\/blogit.gradia.fi\/digipalvelut\/wp-content\/uploads\/sites\/99\/2019\/06\/osallistujien-lis\u00e4\u00e4mistapa.jpg 1216w\" sizes=\"(max-width: 512px) 100vw, 512px\" \/><\/figure>\n\n\n\n<p>5.<strong> Klikkaa silm\u00e4ikonia<\/strong> aktivoidaksesi itserekister\u00f6ityminen kurssillesi.   T\u00e4ll\u00f6in silm\u00e4ikonin p\u00e4\u00e4ll\u00e4 ollut viiva poistuu ja toiminto aktivoituu k\u00e4ytt\u00f6\u00f6n. J\u00e4rjestelm\u00e4 pyyt\u00e4\u00e4 t\u00e4ll\u00f6in kurssille liittyv\u00e4\u00e4 opiskelijaa sy\u00f6tt\u00e4m\u00e4\u00e4n opettajan m\u00e4\u00e4rittelem\u00e4n kurssiavaimen.&nbsp; <br><\/p>\n\n\n\n<figure class=\"wp-block-image is-resized\"><img decoding=\"async\" src=\"https:\/\/blogit.gradia.fi\/digipalvelut\/wp-content\/uploads\/sites\/99\/2019\/06\/itserekister\u00f6itymisen-aktivointi-1-1024x480.jpg\" alt=\"\" class=\"wp-image-348\" width=\"512\" height=\"240\" srcset=\"https:\/\/blogit.gradia.fi\/digipalvelut\/wp-content\/uploads\/sites\/99\/2019\/06\/itserekister\u00f6itymisen-aktivointi-1-1024x480.jpg 1024w, https:\/\/blogit.gradia.fi\/digipalvelut\/wp-content\/uploads\/sites\/99\/2019\/06\/itserekister\u00f6itymisen-aktivointi-1-300x141.jpg 300w, https:\/\/blogit.gradia.fi\/digipalvelut\/wp-content\/uploads\/sites\/99\/2019\/06\/itserekister\u00f6itymisen-aktivointi-1-768x360.jpg 768w, https:\/\/blogit.gradia.fi\/digipalvelut\/wp-content\/uploads\/sites\/99\/2019\/06\/itserekister\u00f6itymisen-aktivointi-1-620x291.jpg 620w, https:\/\/blogit.gradia.fi\/digipalvelut\/wp-content\/uploads\/sites\/99\/2019\/06\/itserekister\u00f6itymisen-aktivointi-1.jpg 1196w\" sizes=\"(max-width: 512px) 100vw, 512px\" \/><\/figure>\n\n\n\n<h2 class=\"wp-block-heading\" id=\"liittyminen\">Opiskelijan liittyminen kurssille<\/h2>\n\n\n\n<p><strong>Opiskelija liittyy itse Moodle -kursseille. Alla oleva ohje koskee Gradian tunnuksen omaavien opiskeljoiden liittymist\u00e4 kursseille.<\/strong><\/p>\n\n\n\n<p><br>Ennen kuin l\u00e4het\u00e4t opiskelijoillesi linkin kurssille liittymist\u00e4 varten varmista, ett\u00e4 olet  hallintaty\u00f6kaluista lis\u00e4nnyt kurssillesi <strong>kurssiavaimen<\/strong>  (lue tarkempi ohje) ja olet klikannut <strong>n\u00e4yt\u00e4 kurssisi<\/strong> -painiketta.<\/p>\n\n\n\n<ol class=\"wp-block-list\"><li>Mene kurssisi etusivulle<\/li><li> Varmista, ettei sinulla ole muokkaustila p\u00e4\u00e4ll\u00e4<\/li><li>Kopio kurssin linkki suoraan selaimen osoiterivilt\u00e4<\/li><li>Liit\u00e4 kurssin linkki Wilma ja lis\u00e4\u00e4 luomasi kurssiavain viestiisi. <\/li><li>Kehoita viestiss\u00e4 opiskelijaa klikkaamaan kurssin linkki\u00e4, sy\u00f6tt\u00e4m\u00e4\u00e4n liittymisavaimen kurssikentt\u00e4\u00e4n ja liittym\u00e4\u00e4n kurssialueelle.<\/li><\/ol>\n","protected":false},"excerpt":{"rendered":"<p>Opiskelijoita ei Moodlessa lis\u00e4t\u00e4 kursseille ennen kurssin alkua, vaan opiskelijat liittyv\u00e4t kurssille\u00a0joko opettajalta saadulla linkill\u00e4 ja kurssiavaimella TAI hakemalla kurssin Moodlessa kurssihaulla ja liittym\u00e4ll\u00e4 kurssille opettajalta saadulla kurssiavaimella. Kurssiavaimen luominenOpiskelijan liittyminen kurssille Opettajan ohje: kurssiavaimen luominen 1. Mene kurssillesi&nbsp;&nbsp; 2. klikkaa hallintaty\u00f6kalusta&nbsp;aseta kurssiavain ja sy\u00f6t\u00e4 salasana kurssille&nbsp;liittymist\u00e4 varten. HUOM! Mik\u00e4li [&hellip;]<\/p>\n","protected":false},"author":165,"featured_media":0,"parent":76,"menu_order":0,"comment_status":"closed","ping_status":"closed","template":"","meta":{"_uag_custom_page_level_css":"","footnotes":""},"class_list":["post-336","page","type-page","status-publish","hentry"],"yoast_head":"<!-- This site is optimized with the Yoast SEO plugin v27.4 - https:\/\/yoast.com\/product\/yoast-seo-wordpress\/ -->\n<title>Opiskelijan liittyminen kurssille - Gradia Digipalvelut<\/title>\n<meta name=\"robots\" content=\"index, follow, max-snippet:-1, max-image-preview:large, max-video-preview:-1\" \/>\n<link rel=\"canonical\" href=\"https:\/\/blogit.gradia.fi\/digipalvelut\/ohjeita-ja-vinkkeja\/moodle\/opiskelijan-liittyminen-kurssille\/\" \/>\n<meta property=\"og:locale\" content=\"fi_FI\" \/>\n<meta property=\"og:type\" content=\"article\" \/>\n<meta property=\"og:title\" content=\"Opiskelijan liittyminen kurssille - Gradia Digipalvelut\" \/>\n<meta property=\"og:description\" content=\"Opiskelijoita ei Moodlessa lis\u00e4t\u00e4 kursseille ennen kurssin alkua, vaan opiskelijat liittyv\u00e4t kurssille\u00a0joko opettajalta saadulla linkill\u00e4 ja kurssiavaimella TAI hakemalla kurssin Moodlessa kurssihaulla ja liittym\u00e4ll\u00e4 kurssille opettajalta saadulla kurssiavaimella. Kurssiavaimen luominenOpiskelijan liittyminen kurssille Opettajan ohje: kurssiavaimen luominen 1. Mene kurssillesi&nbsp;&nbsp; 2. klikkaa hallintaty\u00f6kalusta&nbsp;aseta kurssiavain ja sy\u00f6t\u00e4 salasana kurssille&nbsp;liittymist\u00e4 varten. HUOM! Mik\u00e4li [&hellip;]\" \/>\n<meta property=\"og:url\" content=\"https:\/\/blogit.gradia.fi\/digipalvelut\/ohjeita-ja-vinkkeja\/moodle\/opiskelijan-liittyminen-kurssille\/\" \/>\n<meta property=\"og:site_name\" content=\"Gradia Digipalvelut\" \/>\n<meta property=\"article:modified_time\" content=\"2019-07-04T11:25:56+00:00\" \/>\n<meta property=\"og:image\" content=\"https:\/\/blogit.gradia.fi\/digipalvelut\/wp-content\/uploads\/sites\/99\/2019\/06\/kurssiavain.jpg\" \/>\n<meta name=\"twitter:card\" content=\"summary_large_image\" \/>\n<meta name=\"twitter:label1\" content=\"Arvioitu lukuaika\" \/>\n\t<meta name=\"twitter:data1\" content=\"1 minuutti\" \/>\n<script type=\"application\/ld+json\" class=\"yoast-schema-graph\">{\"@context\":\"https:\\\/\\\/schema.org\",\"@graph\":[{\"@type\":\"WebPage\",\"@id\":\"https:\\\/\\\/blogit.gradia.fi\\\/digipalvelut\\\/ohjeita-ja-vinkkeja\\\/moodle\\\/opiskelijan-liittyminen-kurssille\\\/\",\"url\":\"https:\\\/\\\/blogit.gradia.fi\\\/digipalvelut\\\/ohjeita-ja-vinkkeja\\\/moodle\\\/opiskelijan-liittyminen-kurssille\\\/\",\"name\":\"Opiskelijan liittyminen kurssille - Gradia Digipalvelut\",\"isPartOf\":{\"@id\":\"https:\\\/\\\/blogit.gradia.fi\\\/digipalvelut\\\/#website\"},\"primaryImageOfPage\":{\"@id\":\"https:\\\/\\\/blogit.gradia.fi\\\/digipalvelut\\\/ohjeita-ja-vinkkeja\\\/moodle\\\/opiskelijan-liittyminen-kurssille\\\/#primaryimage\"},\"image\":{\"@id\":\"https:\\\/\\\/blogit.gradia.fi\\\/digipalvelut\\\/ohjeita-ja-vinkkeja\\\/moodle\\\/opiskelijan-liittyminen-kurssille\\\/#primaryimage\"},\"thumbnailUrl\":\"https:\\\/\\\/blogit.gradia.fi\\\/digipalvelut\\\/wp-content\\\/uploads\\\/sites\\\/99\\\/2019\\\/06\\\/kurssiavain.jpg\",\"datePublished\":\"2019-06-25T13:30:24+00:00\",\"dateModified\":\"2019-07-04T11:25:56+00:00\",\"breadcrumb\":{\"@id\":\"https:\\\/\\\/blogit.gradia.fi\\\/digipalvelut\\\/ohjeita-ja-vinkkeja\\\/moodle\\\/opiskelijan-liittyminen-kurssille\\\/#breadcrumb\"},\"inLanguage\":\"fi\",\"potentialAction\":[{\"@type\":\"ReadAction\",\"target\":[\"https:\\\/\\\/blogit.gradia.fi\\\/digipalvelut\\\/ohjeita-ja-vinkkeja\\\/moodle\\\/opiskelijan-liittyminen-kurssille\\\/\"]}]},{\"@type\":\"ImageObject\",\"inLanguage\":\"fi\",\"@id\":\"https:\\\/\\\/blogit.gradia.fi\\\/digipalvelut\\\/ohjeita-ja-vinkkeja\\\/moodle\\\/opiskelijan-liittyminen-kurssille\\\/#primaryimage\",\"url\":\"https:\\\/\\\/blogit.gradia.fi\\\/digipalvelut\\\/wp-content\\\/uploads\\\/sites\\\/99\\\/2019\\\/06\\\/kurssiavain.jpg\",\"contentUrl\":\"https:\\\/\\\/blogit.gradia.fi\\\/digipalvelut\\\/wp-content\\\/uploads\\\/sites\\\/99\\\/2019\\\/06\\\/kurssiavain.jpg\",\"width\":181,\"height\":311},{\"@type\":\"BreadcrumbList\",\"@id\":\"https:\\\/\\\/blogit.gradia.fi\\\/digipalvelut\\\/ohjeita-ja-vinkkeja\\\/moodle\\\/opiskelijan-liittyminen-kurssille\\\/#breadcrumb\",\"itemListElement\":[{\"@type\":\"ListItem\",\"position\":1,\"name\":\"Ohjeita ja vinkkej\u00e4\",\"item\":\"https:\\\/\\\/blogit.gradia.fi\\\/digipalvelut\\\/ohjeita-ja-vinkkeja\\\/\"},{\"@type\":\"ListItem\",\"position\":2,\"name\":\"Moodle\",\"item\":\"https:\\\/\\\/blogit.gradia.fi\\\/digipalvelut\\\/ohjeita-ja-vinkkeja\\\/moodle\\\/\"},{\"@type\":\"ListItem\",\"position\":3,\"name\":\"Opiskelijan liittyminen kurssille\"}]},{\"@type\":\"WebSite\",\"@id\":\"https:\\\/\\\/blogit.gradia.fi\\\/digipalvelut\\\/#website\",\"url\":\"https:\\\/\\\/blogit.gradia.fi\\\/digipalvelut\\\/\",\"name\":\"Gradia Digipalvelut\",\"description\":\"Astetta enemm\u00e4n digi\u00e4\",\"publisher\":{\"@id\":\"https:\\\/\\\/blogit.gradia.fi\\\/digipalvelut\\\/#organization\"},\"potentialAction\":[{\"@type\":\"SearchAction\",\"target\":{\"@type\":\"EntryPoint\",\"urlTemplate\":\"https:\\\/\\\/blogit.gradia.fi\\\/digipalvelut\\\/?s={search_term_string}\"},\"query-input\":{\"@type\":\"PropertyValueSpecification\",\"valueRequired\":true,\"valueName\":\"search_term_string\"}}],\"inLanguage\":\"fi\"},{\"@type\":\"Organization\",\"@id\":\"https:\\\/\\\/blogit.gradia.fi\\\/digipalvelut\\\/#organization\",\"name\":\"Gradia Digipalvelut\",\"url\":\"https:\\\/\\\/blogit.gradia.fi\\\/digipalvelut\\\/\",\"logo\":{\"@type\":\"ImageObject\",\"inLanguage\":\"fi\",\"@id\":\"https:\\\/\\\/blogit.gradia.fi\\\/digipalvelut\\\/#\\\/schema\\\/logo\\\/image\\\/\",\"url\":\"https:\\\/\\\/blogit.gradia.fi\\\/digipalvelut\\\/wp-content\\\/uploads\\\/sites\\\/99\\\/2019\\\/06\\\/cropped-Gradia_logo_Cyber_TRANSPARENT.png\",\"contentUrl\":\"https:\\\/\\\/blogit.gradia.fi\\\/digipalvelut\\\/wp-content\\\/uploads\\\/sites\\\/99\\\/2019\\\/06\\\/cropped-Gradia_logo_Cyber_TRANSPARENT.png\",\"width\":316,\"height\":382,\"caption\":\"Gradia Digipalvelut\"},\"image\":{\"@id\":\"https:\\\/\\\/blogit.gradia.fi\\\/digipalvelut\\\/#\\\/schema\\\/logo\\\/image\\\/\"}}]}<\/script>\n<!-- \/ Yoast SEO plugin. -->","yoast_head_json":{"title":"Opiskelijan liittyminen kurssille - Gradia Digipalvelut","robots":{"index":"index","follow":"follow","max-snippet":"max-snippet:-1","max-image-preview":"max-image-preview:large","max-video-preview":"max-video-preview:-1"},"canonical":"https:\/\/blogit.gradia.fi\/digipalvelut\/ohjeita-ja-vinkkeja\/moodle\/opiskelijan-liittyminen-kurssille\/","og_locale":"fi_FI","og_type":"article","og_title":"Opiskelijan liittyminen kurssille - Gradia Digipalvelut","og_description":"Opiskelijoita ei Moodlessa lis\u00e4t\u00e4 kursseille ennen kurssin alkua, vaan opiskelijat liittyv\u00e4t kurssille\u00a0joko opettajalta saadulla linkill\u00e4 ja kurssiavaimella TAI hakemalla kurssin Moodlessa kurssihaulla ja liittym\u00e4ll\u00e4 kurssille opettajalta saadulla kurssiavaimella. Kurssiavaimen luominenOpiskelijan liittyminen kurssille Opettajan ohje: kurssiavaimen luominen 1. Mene kurssillesi&nbsp;&nbsp; 2. klikkaa hallintaty\u00f6kalusta&nbsp;aseta kurssiavain ja sy\u00f6t\u00e4 salasana kurssille&nbsp;liittymist\u00e4 varten. HUOM! Mik\u00e4li [&hellip;]","og_url":"https:\/\/blogit.gradia.fi\/digipalvelut\/ohjeita-ja-vinkkeja\/moodle\/opiskelijan-liittyminen-kurssille\/","og_site_name":"Gradia Digipalvelut","article_modified_time":"2019-07-04T11:25:56+00:00","og_image":[{"url":"https:\/\/blogit.gradia.fi\/digipalvelut\/wp-content\/uploads\/sites\/99\/2019\/06\/kurssiavain.jpg","type":"","width":"","height":""}],"twitter_card":"summary_large_image","twitter_misc":{"Arvioitu lukuaika":"1 minuutti"},"schema":{"@context":"https:\/\/schema.org","@graph":[{"@type":"WebPage","@id":"https:\/\/blogit.gradia.fi\/digipalvelut\/ohjeita-ja-vinkkeja\/moodle\/opiskelijan-liittyminen-kurssille\/","url":"https:\/\/blogit.gradia.fi\/digipalvelut\/ohjeita-ja-vinkkeja\/moodle\/opiskelijan-liittyminen-kurssille\/","name":"Opiskelijan liittyminen kurssille - Gradia Digipalvelut","isPartOf":{"@id":"https:\/\/blogit.gradia.fi\/digipalvelut\/#website"},"primaryImageOfPage":{"@id":"https:\/\/blogit.gradia.fi\/digipalvelut\/ohjeita-ja-vinkkeja\/moodle\/opiskelijan-liittyminen-kurssille\/#primaryimage"},"image":{"@id":"https:\/\/blogit.gradia.fi\/digipalvelut\/ohjeita-ja-vinkkeja\/moodle\/opiskelijan-liittyminen-kurssille\/#primaryimage"},"thumbnailUrl":"https:\/\/blogit.gradia.fi\/digipalvelut\/wp-content\/uploads\/sites\/99\/2019\/06\/kurssiavain.jpg","datePublished":"2019-06-25T13:30:24+00:00","dateModified":"2019-07-04T11:25:56+00:00","breadcrumb":{"@id":"https:\/\/blogit.gradia.fi\/digipalvelut\/ohjeita-ja-vinkkeja\/moodle\/opiskelijan-liittyminen-kurssille\/#breadcrumb"},"inLanguage":"fi","potentialAction":[{"@type":"ReadAction","target":["https:\/\/blogit.gradia.fi\/digipalvelut\/ohjeita-ja-vinkkeja\/moodle\/opiskelijan-liittyminen-kurssille\/"]}]},{"@type":"ImageObject","inLanguage":"fi","@id":"https:\/\/blogit.gradia.fi\/digipalvelut\/ohjeita-ja-vinkkeja\/moodle\/opiskelijan-liittyminen-kurssille\/#primaryimage","url":"https:\/\/blogit.gradia.fi\/digipalvelut\/wp-content\/uploads\/sites\/99\/2019\/06\/kurssiavain.jpg","contentUrl":"https:\/\/blogit.gradia.fi\/digipalvelut\/wp-content\/uploads\/sites\/99\/2019\/06\/kurssiavain.jpg","width":181,"height":311},{"@type":"BreadcrumbList","@id":"https:\/\/blogit.gradia.fi\/digipalvelut\/ohjeita-ja-vinkkeja\/moodle\/opiskelijan-liittyminen-kurssille\/#breadcrumb","itemListElement":[{"@type":"ListItem","position":1,"name":"Ohjeita ja vinkkej\u00e4","item":"https:\/\/blogit.gradia.fi\/digipalvelut\/ohjeita-ja-vinkkeja\/"},{"@type":"ListItem","position":2,"name":"Moodle","item":"https:\/\/blogit.gradia.fi\/digipalvelut\/ohjeita-ja-vinkkeja\/moodle\/"},{"@type":"ListItem","position":3,"name":"Opiskelijan liittyminen kurssille"}]},{"@type":"WebSite","@id":"https:\/\/blogit.gradia.fi\/digipalvelut\/#website","url":"https:\/\/blogit.gradia.fi\/digipalvelut\/","name":"Gradia Digipalvelut","description":"Astetta enemm\u00e4n digi\u00e4","publisher":{"@id":"https:\/\/blogit.gradia.fi\/digipalvelut\/#organization"},"potentialAction":[{"@type":"SearchAction","target":{"@type":"EntryPoint","urlTemplate":"https:\/\/blogit.gradia.fi\/digipalvelut\/?s={search_term_string}"},"query-input":{"@type":"PropertyValueSpecification","valueRequired":true,"valueName":"search_term_string"}}],"inLanguage":"fi"},{"@type":"Organization","@id":"https:\/\/blogit.gradia.fi\/digipalvelut\/#organization","name":"Gradia Digipalvelut","url":"https:\/\/blogit.gradia.fi\/digipalvelut\/","logo":{"@type":"ImageObject","inLanguage":"fi","@id":"https:\/\/blogit.gradia.fi\/digipalvelut\/#\/schema\/logo\/image\/","url":"https:\/\/blogit.gradia.fi\/digipalvelut\/wp-content\/uploads\/sites\/99\/2019\/06\/cropped-Gradia_logo_Cyber_TRANSPARENT.png","contentUrl":"https:\/\/blogit.gradia.fi\/digipalvelut\/wp-content\/uploads\/sites\/99\/2019\/06\/cropped-Gradia_logo_Cyber_TRANSPARENT.png","width":316,"height":382,"caption":"Gradia Digipalvelut"},"image":{"@id":"https:\/\/blogit.gradia.fi\/digipalvelut\/#\/schema\/logo\/image\/"}}]}},"uagb_featured_image_src":{"full":false,"thumbnail":false,"medium":false,"medium_large":false,"large":false,"1536x1536":false,"2048x2048":false,"hestia-blog":false},"uagb_author_info":{"display_name":"Heini Pennanen","author_link":"https:\/\/blogit.gradia.fi\/digipalvelut\/author\/pennahei\/"},"uagb_comment_info":0,"uagb_excerpt":"Opiskelijoita ei Moodlessa lis\u00e4t\u00e4 kursseille ennen kurssin alkua, vaan opiskelijat liittyv\u00e4t kurssille\u00a0joko opettajalta saadulla linkill\u00e4 ja kurssiavaimella TAI hakemalla kurssin Moodlessa kurssihaulla ja liittym\u00e4ll\u00e4 kurssille opettajalta saadulla kurssiavaimella. Kurssiavaimen luominenOpiskelijan liittyminen kurssille Opettajan ohje: kurssiavaimen luominen 1. Mene kurssillesi&nbsp;&nbsp; 2. klikkaa hallintaty\u00f6kalusta&nbsp;aseta kurssiavain ja sy\u00f6t\u00e4 salasana kurssille&nbsp;liittymist\u00e4 varten. HUOM! Mik\u00e4li [&hellip;]","_links":{"self":[{"href":"https:\/\/blogit.gradia.fi\/digipalvelut\/wp-json\/wp\/v2\/pages\/336","targetHints":{"allow":["GET"]}}],"collection":[{"href":"https:\/\/blogit.gradia.fi\/digipalvelut\/wp-json\/wp\/v2\/pages"}],"about":[{"href":"https:\/\/blogit.gradia.fi\/digipalvelut\/wp-json\/wp\/v2\/types\/page"}],"author":[{"embeddable":true,"href":"https:\/\/blogit.gradia.fi\/digipalvelut\/wp-json\/wp\/v2\/users\/165"}],"replies":[{"embeddable":true,"href":"https:\/\/blogit.gradia.fi\/digipalvelut\/wp-json\/wp\/v2\/comments?post=336"}],"version-history":[{"count":6,"href":"https:\/\/blogit.gradia.fi\/digipalvelut\/wp-json\/wp\/v2\/pages\/336\/revisions"}],"predecessor-version":[{"id":709,"href":"https:\/\/blogit.gradia.fi\/digipalvelut\/wp-json\/wp\/v2\/pages\/336\/revisions\/709"}],"up":[{"embeddable":true,"href":"https:\/\/blogit.gradia.fi\/digipalvelut\/wp-json\/wp\/v2\/pages\/76"}],"wp:attachment":[{"href":"https:\/\/blogit.gradia.fi\/digipalvelut\/wp-json\/wp\/v2\/media?parent=336"}],"curies":[{"name":"wp","href":"https:\/\/api.w.org\/{rel}","templated":true}]}}