{"id":316,"date":"2019-06-25T16:12:52","date_gmt":"2019-06-25T13:12:52","guid":{"rendered":"https:\/\/blogit.gradia.fi\/digipalvelut\/?page_id=316"},"modified":"2019-06-25T16:16:00","modified_gmt":"2019-06-25T13:16:00","slug":"matemaattisen-tekstin-kirjoittaminen","status":"publish","type":"page","link":"https:\/\/blogit.gradia.fi\/digipalvelut\/ohjeita-ja-vinkkeja\/moodle\/matemaattisen-tekstin-kirjoittaminen\/","title":{"rendered":"Matemaattisen tekstin kirjoittaminen"},"content":{"rendered":"\n<p> Matemaattisia kaavoja ja merkint\u00f6j\u00e4 voi kirjoittaa k\u00e4ytt\u00e4en Moodlen oletustekstieditoria&nbsp;Atto&nbsp;HTML:\u00e4\u00e4. Editorissa on k\u00e4yt\u00f6ss\u00e4 kaavaeditori, josta saa nopeasti keskeisi\u00e4 operaattoreita ja symboleita. Lis\u00e4ksi teksti\u00e4 voi vapaasti muokata&nbsp;TeX-&nbsp;notaation avulla (ei&nbsp;LaTeX).&nbsp; <\/p>\n\n\n\n<figure class=\"wp-block-image\"><img fetchpriority=\"high\" decoding=\"async\" width=\"1024\" height=\"419\" src=\"https:\/\/blogit.gradia.fi\/digipalvelut\/wp-content\/uploads\/sites\/99\/2019\/06\/Atto_editori-1-1024x419.png\" alt=\"N\u00e4kym\u00e4 Atto-editorista. Korostettu Kaavaeditori-painikketta.\" class=\"wp-image-320\" srcset=\"https:\/\/blogit.gradia.fi\/digipalvelut\/wp-content\/uploads\/sites\/99\/2019\/06\/Atto_editori-1-1024x419.png 1024w, https:\/\/blogit.gradia.fi\/digipalvelut\/wp-content\/uploads\/sites\/99\/2019\/06\/Atto_editori-1-300x123.png 300w, https:\/\/blogit.gradia.fi\/digipalvelut\/wp-content\/uploads\/sites\/99\/2019\/06\/Atto_editori-1-768x314.png 768w, https:\/\/blogit.gradia.fi\/digipalvelut\/wp-content\/uploads\/sites\/99\/2019\/06\/Atto_editori-1-620x254.png 620w, https:\/\/blogit.gradia.fi\/digipalvelut\/wp-content\/uploads\/sites\/99\/2019\/06\/Atto_editori-1.png 1056w\" sizes=\"(max-width: 1024px) 100vw, 1024px\" \/><\/figure>\n\n\n\n<p>Kaavaeditorilla on valmiiksi asetettu keskeisimpi\u00e4 operaattoreita, valikoima nuolia, kreikkalaiset aakkoset sek\u00e4 valikoiman matemaattisia lausekkeita, joiden sis\u00e4lt\u00f6\u00e4 voit muokata kaavaeditorin muokkausikkunassa. Esikatseluikkunassa n\u00e4et lausekkeen kirjoitettuna. Kaavaeditorin merkinn\u00e4t erotetaan varsinaisesta tekstist\u00e4 \\( -merkeill\u00e4, jota voit hy\u00f6dynt\u00e4\u00e4 my\u00f6s ilman editoria.&nbsp;&nbsp; <\/p>\n\n\n\n<figure class=\"wp-block-image\"><img decoding=\"async\" width=\"586\" height=\"645\" src=\"https:\/\/blogit.gradia.fi\/digipalvelut\/wp-content\/uploads\/sites\/99\/2019\/06\/Kaavaeditori.png\" alt=\"Kaavaeditorin valmiit toiminnot avautuvat omaan ikkunaan. Lausekkeita voi muuttaa muokkausikkunassa. \" class=\"wp-image-323\" srcset=\"https:\/\/blogit.gradia.fi\/digipalvelut\/wp-content\/uploads\/sites\/99\/2019\/06\/Kaavaeditori.png 586w, https:\/\/blogit.gradia.fi\/digipalvelut\/wp-content\/uploads\/sites\/99\/2019\/06\/Kaavaeditori-273x300.png 273w\" sizes=\"(max-width: 586px) 100vw, 586px\" \/><\/figure>\n\n\n\n<p>T\u00e4m\u00e4n lis\u00e4ksi voit kirjoittaa editoriin suoraan ilman kaavaeditorin k\u00e4ytt\u00e4mist\u00e4 mit\u00e4 tahansa matemaattista teksti\u00e4 k\u00e4ytt\u00e4en&nbsp;TeX-notaatiota, jossa matemaattinen teksti erotetaan varsinaisesta tekstist\u00e4 $$-merkeill\u00e4.&nbsp; Esimerkiksi $$ \\vec{a} $$ n\u00e4ytt\u00e4\u00e4 vektorimerkint\u00e4\u00e4 k\u00e4ytt\u00e4en vektorin a.&nbsp;&nbsp;&nbsp;<\/p>\n\n\n\n<p>Seuraavat kaavat on kirjoitettu tekstin\u00e4 Moodlessa ja alla n\u00e4et kuinka ne n\u00e4kyv\u00e4t oppimisymp\u00e4rist\u00f6ss\u00e4:<\/p>\n\n\n\n<blockquote class=\"wp-block-quote is-layout-flow wp-block-quote-is-layout-flow\"><p>Murtoluvut: \\( 1 \\frac{2}{3} \\), \\( \\frac{a}{b} + \\frac{c}{b} = \\frac{a+c}{b} \\)<br>Potenssit: \\( 2^3 \\), saadaan tehty\u00e4 my\u00f6s normaaleilla tekstinmuotoilutoiminnoilla, esimerkiksi x-2<br>Neli\u00f6juuret: \\( \\sqrt{2}, \\sqrt[3]{9} \\)<br>Sulkujen k\u00e4ytt\u00f6: \\( \\left( 2 \\times( 2+4) \\right), \\left( (2 \\times\u00a02)+4\u00a0 \\right) \\)<br>Operaattoreita: \\( \\neq, \\pm, \\approx, \\Delta, \\nabla, A \\cup B, \\)<br>Vektorimerkint\u00e4: \\(\\vec{a}\\)\u00a0 Lukujoukot: \\( \\mathbb{N} = {0, 1, 2, 3,&#8230;}\\)<br>Funktiota: \\( x^2 + y^2 = 1 \\) \\( f(x)=y \\) \\(f(x)=ax^2+bx+c\\) \\((2^m)^n = 2^{mn} \\), kun \\(m, n \\in \\mathbb{Z}\\)<br><br>Hieman muokkaamalla kaavaa voit tehd\u00e4 my\u00f6s monirivisi\u00e4 kaavoja ja funktioita. <br>\\[f: \\mathbb{R} \\rightarrow\u00a0\\mathbb{R}\\] \\[f(x)=\\lbrace\u00a0{\\frac{1}{x}}, kun \\ x\\neq\u00a00\\]\u00a0 \\[f(x)=\\lbrace{0}, kun \\ x= 0\\]\u00a0\u00a0<\/p><\/blockquote>\n\n\n\n<figure class=\"wp-block-image\"><img decoding=\"async\" width=\"1024\" height=\"657\" src=\"https:\/\/blogit.gradia.fi\/digipalvelut\/wp-content\/uploads\/sites\/99\/2019\/06\/GetImage-7-1024x657.png\" alt=\"\" class=\"wp-image-334\" srcset=\"https:\/\/blogit.gradia.fi\/digipalvelut\/wp-content\/uploads\/sites\/99\/2019\/06\/GetImage-7-1024x657.png 1024w, https:\/\/blogit.gradia.fi\/digipalvelut\/wp-content\/uploads\/sites\/99\/2019\/06\/GetImage-7-300x192.png 300w, https:\/\/blogit.gradia.fi\/digipalvelut\/wp-content\/uploads\/sites\/99\/2019\/06\/GetImage-7-768x492.png 768w, https:\/\/blogit.gradia.fi\/digipalvelut\/wp-content\/uploads\/sites\/99\/2019\/06\/GetImage-7-620x398.png 620w, https:\/\/blogit.gradia.fi\/digipalvelut\/wp-content\/uploads\/sites\/99\/2019\/06\/GetImage-7.png 1123w\" sizes=\"(max-width: 1024px) 100vw, 1024px\" \/><\/figure>\n\n\n\n<p><a rel=\"noreferrer noopener\" href=\"https:\/\/docs.moodle.org\/37\/en\/Using_TeX_Notation\" target=\"_blank\">Lue lis\u00e4\u00e4 TeX-notaatiosta (johtaa Moodlen tukisivustolle).<\/a><\/p>\n","protected":false},"excerpt":{"rendered":"<p>Matemaattisia kaavoja ja merkint\u00f6j\u00e4 voi kirjoittaa k\u00e4ytt\u00e4en Moodlen oletustekstieditoria&nbsp;Atto&nbsp;HTML:\u00e4\u00e4. Editorissa on k\u00e4yt\u00f6ss\u00e4 kaavaeditori, josta saa nopeasti keskeisi\u00e4 operaattoreita ja symboleita. Lis\u00e4ksi teksti\u00e4 voi vapaasti muokata&nbsp;TeX-&nbsp;notaation avulla (ei&nbsp;LaTeX).&nbsp; Kaavaeditorilla on valmiiksi asetettu keskeisimpi\u00e4 operaattoreita, valikoima nuolia, kreikkalaiset aakkoset sek\u00e4 valikoiman matemaattisia lausekkeita, joiden sis\u00e4lt\u00f6\u00e4 voit muokata kaavaeditorin muokkausikkunassa. Esikatseluikkunassa n\u00e4et lausekkeen [&hellip;]<\/p>\n","protected":false},"author":421,"featured_media":0,"parent":76,"menu_order":0,"comment_status":"closed","ping_status":"closed","template":"","meta":{"_uag_custom_page_level_css":"","footnotes":""},"class_list":["post-316","page","type-page","status-publish","hentry"],"yoast_head":"<!-- This site is optimized with the Yoast SEO plugin v27.4 - https:\/\/yoast.com\/product\/yoast-seo-wordpress\/ -->\n<title>Matemaattisen tekstin kirjoittaminen - Gradia Digipalvelut<\/title>\n<meta name=\"robots\" content=\"index, follow, max-snippet:-1, max-image-preview:large, max-video-preview:-1\" \/>\n<link rel=\"canonical\" href=\"https:\/\/blogit.gradia.fi\/digipalvelut\/ohjeita-ja-vinkkeja\/moodle\/matemaattisen-tekstin-kirjoittaminen\/\" \/>\n<meta property=\"og:locale\" content=\"fi_FI\" \/>\n<meta property=\"og:type\" content=\"article\" \/>\n<meta property=\"og:title\" content=\"Matemaattisen tekstin kirjoittaminen - Gradia Digipalvelut\" \/>\n<meta property=\"og:description\" content=\"Matemaattisia kaavoja ja merkint\u00f6j\u00e4 voi kirjoittaa k\u00e4ytt\u00e4en Moodlen oletustekstieditoria&nbsp;Atto&nbsp;HTML:\u00e4\u00e4. Editorissa on k\u00e4yt\u00f6ss\u00e4 kaavaeditori, josta saa nopeasti keskeisi\u00e4 operaattoreita ja symboleita. Lis\u00e4ksi teksti\u00e4 voi vapaasti muokata&nbsp;TeX-&nbsp;notaation avulla (ei&nbsp;LaTeX).&nbsp; Kaavaeditorilla on valmiiksi asetettu keskeisimpi\u00e4 operaattoreita, valikoima nuolia, kreikkalaiset aakkoset sek\u00e4 valikoiman matemaattisia lausekkeita, joiden sis\u00e4lt\u00f6\u00e4 voit muokata kaavaeditorin muokkausikkunassa. Esikatseluikkunassa n\u00e4et lausekkeen [&hellip;]\" \/>\n<meta property=\"og:url\" content=\"https:\/\/blogit.gradia.fi\/digipalvelut\/ohjeita-ja-vinkkeja\/moodle\/matemaattisen-tekstin-kirjoittaminen\/\" \/>\n<meta property=\"og:site_name\" content=\"Gradia Digipalvelut\" \/>\n<meta property=\"article:modified_time\" content=\"2019-06-25T13:16:00+00:00\" \/>\n<meta property=\"og:image\" content=\"https:\/\/blogit.gradia.fi\/digipalvelut\/wp-content\/uploads\/sites\/99\/2019\/06\/Atto_editori-1-1024x419.png\" \/>\n<meta name=\"twitter:card\" content=\"summary_large_image\" \/>\n<meta name=\"twitter:label1\" content=\"Arvioitu lukuaika\" \/>\n\t<meta name=\"twitter:data1\" content=\"1 minuutti\" \/>\n<script type=\"application\/ld+json\" class=\"yoast-schema-graph\">{\"@context\":\"https:\\\/\\\/schema.org\",\"@graph\":[{\"@type\":\"WebPage\",\"@id\":\"https:\\\/\\\/blogit.gradia.fi\\\/digipalvelut\\\/ohjeita-ja-vinkkeja\\\/moodle\\\/matemaattisen-tekstin-kirjoittaminen\\\/\",\"url\":\"https:\\\/\\\/blogit.gradia.fi\\\/digipalvelut\\\/ohjeita-ja-vinkkeja\\\/moodle\\\/matemaattisen-tekstin-kirjoittaminen\\\/\",\"name\":\"Matemaattisen tekstin kirjoittaminen - Gradia Digipalvelut\",\"isPartOf\":{\"@id\":\"https:\\\/\\\/blogit.gradia.fi\\\/digipalvelut\\\/#website\"},\"primaryImageOfPage\":{\"@id\":\"https:\\\/\\\/blogit.gradia.fi\\\/digipalvelut\\\/ohjeita-ja-vinkkeja\\\/moodle\\\/matemaattisen-tekstin-kirjoittaminen\\\/#primaryimage\"},\"image\":{\"@id\":\"https:\\\/\\\/blogit.gradia.fi\\\/digipalvelut\\\/ohjeita-ja-vinkkeja\\\/moodle\\\/matemaattisen-tekstin-kirjoittaminen\\\/#primaryimage\"},\"thumbnailUrl\":\"https:\\\/\\\/blogit.gradia.fi\\\/digipalvelut\\\/wp-content\\\/uploads\\\/sites\\\/99\\\/2019\\\/06\\\/Atto_editori-1-1024x419.png\",\"datePublished\":\"2019-06-25T13:12:52+00:00\",\"dateModified\":\"2019-06-25T13:16:00+00:00\",\"breadcrumb\":{\"@id\":\"https:\\\/\\\/blogit.gradia.fi\\\/digipalvelut\\\/ohjeita-ja-vinkkeja\\\/moodle\\\/matemaattisen-tekstin-kirjoittaminen\\\/#breadcrumb\"},\"inLanguage\":\"fi\",\"potentialAction\":[{\"@type\":\"ReadAction\",\"target\":[\"https:\\\/\\\/blogit.gradia.fi\\\/digipalvelut\\\/ohjeita-ja-vinkkeja\\\/moodle\\\/matemaattisen-tekstin-kirjoittaminen\\\/\"]}]},{\"@type\":\"ImageObject\",\"inLanguage\":\"fi\",\"@id\":\"https:\\\/\\\/blogit.gradia.fi\\\/digipalvelut\\\/ohjeita-ja-vinkkeja\\\/moodle\\\/matemaattisen-tekstin-kirjoittaminen\\\/#primaryimage\",\"url\":\"https:\\\/\\\/blogit.gradia.fi\\\/digipalvelut\\\/wp-content\\\/uploads\\\/sites\\\/99\\\/2019\\\/06\\\/Atto_editori-1.png\",\"contentUrl\":\"https:\\\/\\\/blogit.gradia.fi\\\/digipalvelut\\\/wp-content\\\/uploads\\\/sites\\\/99\\\/2019\\\/06\\\/Atto_editori-1.png\",\"width\":1056,\"height\":432},{\"@type\":\"BreadcrumbList\",\"@id\":\"https:\\\/\\\/blogit.gradia.fi\\\/digipalvelut\\\/ohjeita-ja-vinkkeja\\\/moodle\\\/matemaattisen-tekstin-kirjoittaminen\\\/#breadcrumb\",\"itemListElement\":[{\"@type\":\"ListItem\",\"position\":1,\"name\":\"Ohjeita ja vinkkej\u00e4\",\"item\":\"https:\\\/\\\/blogit.gradia.fi\\\/digipalvelut\\\/ohjeita-ja-vinkkeja\\\/\"},{\"@type\":\"ListItem\",\"position\":2,\"name\":\"Moodle\",\"item\":\"https:\\\/\\\/blogit.gradia.fi\\\/digipalvelut\\\/ohjeita-ja-vinkkeja\\\/moodle\\\/\"},{\"@type\":\"ListItem\",\"position\":3,\"name\":\"Matemaattisen tekstin kirjoittaminen\"}]},{\"@type\":\"WebSite\",\"@id\":\"https:\\\/\\\/blogit.gradia.fi\\\/digipalvelut\\\/#website\",\"url\":\"https:\\\/\\\/blogit.gradia.fi\\\/digipalvelut\\\/\",\"name\":\"Gradia Digipalvelut\",\"description\":\"Astetta enemm\u00e4n digi\u00e4\",\"publisher\":{\"@id\":\"https:\\\/\\\/blogit.gradia.fi\\\/digipalvelut\\\/#organization\"},\"potentialAction\":[{\"@type\":\"SearchAction\",\"target\":{\"@type\":\"EntryPoint\",\"urlTemplate\":\"https:\\\/\\\/blogit.gradia.fi\\\/digipalvelut\\\/?s={search_term_string}\"},\"query-input\":{\"@type\":\"PropertyValueSpecification\",\"valueRequired\":true,\"valueName\":\"search_term_string\"}}],\"inLanguage\":\"fi\"},{\"@type\":\"Organization\",\"@id\":\"https:\\\/\\\/blogit.gradia.fi\\\/digipalvelut\\\/#organization\",\"name\":\"Gradia Digipalvelut\",\"url\":\"https:\\\/\\\/blogit.gradia.fi\\\/digipalvelut\\\/\",\"logo\":{\"@type\":\"ImageObject\",\"inLanguage\":\"fi\",\"@id\":\"https:\\\/\\\/blogit.gradia.fi\\\/digipalvelut\\\/#\\\/schema\\\/logo\\\/image\\\/\",\"url\":\"https:\\\/\\\/blogit.gradia.fi\\\/digipalvelut\\\/wp-content\\\/uploads\\\/sites\\\/99\\\/2019\\\/06\\\/cropped-Gradia_logo_Cyber_TRANSPARENT.png\",\"contentUrl\":\"https:\\\/\\\/blogit.gradia.fi\\\/digipalvelut\\\/wp-content\\\/uploads\\\/sites\\\/99\\\/2019\\\/06\\\/cropped-Gradia_logo_Cyber_TRANSPARENT.png\",\"width\":316,\"height\":382,\"caption\":\"Gradia Digipalvelut\"},\"image\":{\"@id\":\"https:\\\/\\\/blogit.gradia.fi\\\/digipalvelut\\\/#\\\/schema\\\/logo\\\/image\\\/\"}}]}<\/script>\n<!-- \/ Yoast SEO plugin. -->","yoast_head_json":{"title":"Matemaattisen tekstin kirjoittaminen - Gradia Digipalvelut","robots":{"index":"index","follow":"follow","max-snippet":"max-snippet:-1","max-image-preview":"max-image-preview:large","max-video-preview":"max-video-preview:-1"},"canonical":"https:\/\/blogit.gradia.fi\/digipalvelut\/ohjeita-ja-vinkkeja\/moodle\/matemaattisen-tekstin-kirjoittaminen\/","og_locale":"fi_FI","og_type":"article","og_title":"Matemaattisen tekstin kirjoittaminen - Gradia Digipalvelut","og_description":"Matemaattisia kaavoja ja merkint\u00f6j\u00e4 voi kirjoittaa k\u00e4ytt\u00e4en Moodlen oletustekstieditoria&nbsp;Atto&nbsp;HTML:\u00e4\u00e4. Editorissa on k\u00e4yt\u00f6ss\u00e4 kaavaeditori, josta saa nopeasti keskeisi\u00e4 operaattoreita ja symboleita. Lis\u00e4ksi teksti\u00e4 voi vapaasti muokata&nbsp;TeX-&nbsp;notaation avulla (ei&nbsp;LaTeX).&nbsp; Kaavaeditorilla on valmiiksi asetettu keskeisimpi\u00e4 operaattoreita, valikoima nuolia, kreikkalaiset aakkoset sek\u00e4 valikoiman matemaattisia lausekkeita, joiden sis\u00e4lt\u00f6\u00e4 voit muokata kaavaeditorin muokkausikkunassa. Esikatseluikkunassa n\u00e4et lausekkeen [&hellip;]","og_url":"https:\/\/blogit.gradia.fi\/digipalvelut\/ohjeita-ja-vinkkeja\/moodle\/matemaattisen-tekstin-kirjoittaminen\/","og_site_name":"Gradia Digipalvelut","article_modified_time":"2019-06-25T13:16:00+00:00","og_image":[{"url":"https:\/\/blogit.gradia.fi\/digipalvelut\/wp-content\/uploads\/sites\/99\/2019\/06\/Atto_editori-1-1024x419.png","type":"","width":"","height":""}],"twitter_card":"summary_large_image","twitter_misc":{"Arvioitu lukuaika":"1 minuutti"},"schema":{"@context":"https:\/\/schema.org","@graph":[{"@type":"WebPage","@id":"https:\/\/blogit.gradia.fi\/digipalvelut\/ohjeita-ja-vinkkeja\/moodle\/matemaattisen-tekstin-kirjoittaminen\/","url":"https:\/\/blogit.gradia.fi\/digipalvelut\/ohjeita-ja-vinkkeja\/moodle\/matemaattisen-tekstin-kirjoittaminen\/","name":"Matemaattisen tekstin kirjoittaminen - Gradia Digipalvelut","isPartOf":{"@id":"https:\/\/blogit.gradia.fi\/digipalvelut\/#website"},"primaryImageOfPage":{"@id":"https:\/\/blogit.gradia.fi\/digipalvelut\/ohjeita-ja-vinkkeja\/moodle\/matemaattisen-tekstin-kirjoittaminen\/#primaryimage"},"image":{"@id":"https:\/\/blogit.gradia.fi\/digipalvelut\/ohjeita-ja-vinkkeja\/moodle\/matemaattisen-tekstin-kirjoittaminen\/#primaryimage"},"thumbnailUrl":"https:\/\/blogit.gradia.fi\/digipalvelut\/wp-content\/uploads\/sites\/99\/2019\/06\/Atto_editori-1-1024x419.png","datePublished":"2019-06-25T13:12:52+00:00","dateModified":"2019-06-25T13:16:00+00:00","breadcrumb":{"@id":"https:\/\/blogit.gradia.fi\/digipalvelut\/ohjeita-ja-vinkkeja\/moodle\/matemaattisen-tekstin-kirjoittaminen\/#breadcrumb"},"inLanguage":"fi","potentialAction":[{"@type":"ReadAction","target":["https:\/\/blogit.gradia.fi\/digipalvelut\/ohjeita-ja-vinkkeja\/moodle\/matemaattisen-tekstin-kirjoittaminen\/"]}]},{"@type":"ImageObject","inLanguage":"fi","@id":"https:\/\/blogit.gradia.fi\/digipalvelut\/ohjeita-ja-vinkkeja\/moodle\/matemaattisen-tekstin-kirjoittaminen\/#primaryimage","url":"https:\/\/blogit.gradia.fi\/digipalvelut\/wp-content\/uploads\/sites\/99\/2019\/06\/Atto_editori-1.png","contentUrl":"https:\/\/blogit.gradia.fi\/digipalvelut\/wp-content\/uploads\/sites\/99\/2019\/06\/Atto_editori-1.png","width":1056,"height":432},{"@type":"BreadcrumbList","@id":"https:\/\/blogit.gradia.fi\/digipalvelut\/ohjeita-ja-vinkkeja\/moodle\/matemaattisen-tekstin-kirjoittaminen\/#breadcrumb","itemListElement":[{"@type":"ListItem","position":1,"name":"Ohjeita ja vinkkej\u00e4","item":"https:\/\/blogit.gradia.fi\/digipalvelut\/ohjeita-ja-vinkkeja\/"},{"@type":"ListItem","position":2,"name":"Moodle","item":"https:\/\/blogit.gradia.fi\/digipalvelut\/ohjeita-ja-vinkkeja\/moodle\/"},{"@type":"ListItem","position":3,"name":"Matemaattisen tekstin kirjoittaminen"}]},{"@type":"WebSite","@id":"https:\/\/blogit.gradia.fi\/digipalvelut\/#website","url":"https:\/\/blogit.gradia.fi\/digipalvelut\/","name":"Gradia Digipalvelut","description":"Astetta enemm\u00e4n digi\u00e4","publisher":{"@id":"https:\/\/blogit.gradia.fi\/digipalvelut\/#organization"},"potentialAction":[{"@type":"SearchAction","target":{"@type":"EntryPoint","urlTemplate":"https:\/\/blogit.gradia.fi\/digipalvelut\/?s={search_term_string}"},"query-input":{"@type":"PropertyValueSpecification","valueRequired":true,"valueName":"search_term_string"}}],"inLanguage":"fi"},{"@type":"Organization","@id":"https:\/\/blogit.gradia.fi\/digipalvelut\/#organization","name":"Gradia Digipalvelut","url":"https:\/\/blogit.gradia.fi\/digipalvelut\/","logo":{"@type":"ImageObject","inLanguage":"fi","@id":"https:\/\/blogit.gradia.fi\/digipalvelut\/#\/schema\/logo\/image\/","url":"https:\/\/blogit.gradia.fi\/digipalvelut\/wp-content\/uploads\/sites\/99\/2019\/06\/cropped-Gradia_logo_Cyber_TRANSPARENT.png","contentUrl":"https:\/\/blogit.gradia.fi\/digipalvelut\/wp-content\/uploads\/sites\/99\/2019\/06\/cropped-Gradia_logo_Cyber_TRANSPARENT.png","width":316,"height":382,"caption":"Gradia Digipalvelut"},"image":{"@id":"https:\/\/blogit.gradia.fi\/digipalvelut\/#\/schema\/logo\/image\/"}}]}},"uagb_featured_image_src":{"full":false,"thumbnail":false,"medium":false,"medium_large":false,"large":false,"1536x1536":false,"2048x2048":false,"hestia-blog":false},"uagb_author_info":{"display_name":"Merja Hakanen","author_link":"https:\/\/blogit.gradia.fi\/digipalvelut\/author\/hakanmer\/"},"uagb_comment_info":0,"uagb_excerpt":"Matemaattisia kaavoja ja merkint\u00f6j\u00e4 voi kirjoittaa k\u00e4ytt\u00e4en Moodlen oletustekstieditoria&nbsp;Atto&nbsp;HTML:\u00e4\u00e4. Editorissa on k\u00e4yt\u00f6ss\u00e4 kaavaeditori, josta saa nopeasti keskeisi\u00e4 operaattoreita ja symboleita. Lis\u00e4ksi teksti\u00e4 voi vapaasti muokata&nbsp;TeX-&nbsp;notaation avulla (ei&nbsp;LaTeX).&nbsp; Kaavaeditorilla on valmiiksi asetettu keskeisimpi\u00e4 operaattoreita, valikoima nuolia, kreikkalaiset aakkoset sek\u00e4 valikoiman matemaattisia lausekkeita, joiden sis\u00e4lt\u00f6\u00e4 voit muokata kaavaeditorin muokkausikkunassa. Esikatseluikkunassa n\u00e4et lausekkeen [&hellip;]","_links":{"self":[{"href":"https:\/\/blogit.gradia.fi\/digipalvelut\/wp-json\/wp\/v2\/pages\/316","targetHints":{"allow":["GET"]}}],"collection":[{"href":"https:\/\/blogit.gradia.fi\/digipalvelut\/wp-json\/wp\/v2\/pages"}],"about":[{"href":"https:\/\/blogit.gradia.fi\/digipalvelut\/wp-json\/wp\/v2\/types\/page"}],"author":[{"embeddable":true,"href":"https:\/\/blogit.gradia.fi\/digipalvelut\/wp-json\/wp\/v2\/users\/421"}],"replies":[{"embeddable":true,"href":"https:\/\/blogit.gradia.fi\/digipalvelut\/wp-json\/wp\/v2\/comments?post=316"}],"version-history":[{"count":6,"href":"https:\/\/blogit.gradia.fi\/digipalvelut\/wp-json\/wp\/v2\/pages\/316\/revisions"}],"predecessor-version":[{"id":338,"href":"https:\/\/blogit.gradia.fi\/digipalvelut\/wp-json\/wp\/v2\/pages\/316\/revisions\/338"}],"up":[{"embeddable":true,"href":"https:\/\/blogit.gradia.fi\/digipalvelut\/wp-json\/wp\/v2\/pages\/76"}],"wp:attachment":[{"href":"https:\/\/blogit.gradia.fi\/digipalvelut\/wp-json\/wp\/v2\/media?parent=316"}],"curies":[{"name":"wp","href":"https:\/\/api.w.org\/{rel}","templated":true}]}}