{"id":311,"date":"2019-06-25T16:00:34","date_gmt":"2019-06-25T13:00:34","guid":{"rendered":"https:\/\/blogit.gradia.fi\/digipalvelut\/?page_id=311"},"modified":"2019-10-10T13:30:49","modified_gmt":"2019-10-10T10:30:49","slug":"opettajan-lisaaminen-kurssille","status":"publish","type":"page","link":"https:\/\/blogit.gradia.fi\/digipalvelut\/ohjeita-ja-vinkkeja\/moodle\/opettajan-lisaaminen-kurssille\/","title":{"rendered":"Opettajan lis\u00e4\u00e4minen kurssille"},"content":{"rendered":"\n<p><strong>Opettaja voi lis\u00e4t\u00e4 yll\u00e4pit\u00e4m\u00e4lleen kurssille toisen opettajan sek\u00e4 muokkausoikeuksilla ett\u00e4 ilman. <\/strong><\/p>\n\n\n\n<ol class=\"wp-block-list\"><li>Klikkaa hallintaty\u00f6kaluissa&nbsp;<strong>osallistujat<\/strong>&nbsp;-painiketta<\/li><\/ol>\n\n\n\n<p><\/p>\n\n\n\n<figure class=\"wp-block-image\"><img fetchpriority=\"high\" decoding=\"async\" width=\"198\" height=\"300\" src=\"https:\/\/blogit.gradia.fi\/digipalvelut\/wp-content\/uploads\/sites\/99\/2019\/06\/hallintaty\u00f6kalut-198x300.png\" alt=\"\" class=\"wp-image-318\" srcset=\"https:\/\/blogit.gradia.fi\/digipalvelut\/wp-content\/uploads\/sites\/99\/2019\/06\/hallintaty\u00f6kalut-198x300.png 198w, https:\/\/blogit.gradia.fi\/digipalvelut\/wp-content\/uploads\/sites\/99\/2019\/06\/hallintaty\u00f6kalut.png 239w\" sizes=\"(max-width: 198px) 100vw, 198px\" \/><\/figure>\n\n\n\n<p>2.  Paina t\u00e4m\u00e4n j\u00e4lkeen <strong>lis\u00e4\u00e4 osallistujia  <\/strong>-painiketta <\/p>\n\n\n\n<figure class=\"wp-block-image is-resized\"><img decoding=\"async\" src=\"https:\/\/blogit.gradia.fi\/digipalvelut\/wp-content\/uploads\/sites\/99\/2019\/06\/osallistujat.png\" alt=\"\" class=\"wp-image-319\" width=\"700\" srcset=\"https:\/\/blogit.gradia.fi\/digipalvelut\/wp-content\/uploads\/sites\/99\/2019\/06\/osallistujat.png 760w, https:\/\/blogit.gradia.fi\/digipalvelut\/wp-content\/uploads\/sites\/99\/2019\/06\/osallistujat-300x55.png 300w, https:\/\/blogit.gradia.fi\/digipalvelut\/wp-content\/uploads\/sites\/99\/2019\/06\/osallistujat-620x113.png 620w\" sizes=\"(max-width: 760px) 100vw, 760px\" \/><\/figure>\n\n\n\n<p>3. Kirjoita haku -kentt\u00e4\u00e4n lis\u00e4tt\u00e4v\u00e4n opettajan nimi ja m\u00e4\u00e4rit\u00e4 h\u00e4nelle haluamasi rooli. HUOM!&nbsp;Jos etsim\u00e4si henkil\u00f6 ei ole koskaan kirjautunut Moodleen, et l\u00f6yd\u00e4 h\u00e4nen nime\u00e4\u00e4n k\u00e4ytt\u00e4jist\u00e4. Pyyd\u00e4 h\u00e4nt\u00e4 kirjautumaan oppimisymp\u00e4rist\u00f6\u00f6n, jolloin h\u00e4nelle luodaan automaattisesti k\u00e4ytt\u00e4j\u00e4profiili.&nbsp;&nbsp;  <\/p>\n\n\n\n<figure class=\"wp-block-image is-resized\"><img decoding=\"async\" src=\"https:\/\/blogit.gradia.fi\/digipalvelut\/wp-content\/uploads\/sites\/99\/2019\/06\/kurssialueelle-liittyminen.png\" alt=\"\" class=\"wp-image-321\" width=\"600\" srcset=\"https:\/\/blogit.gradia.fi\/digipalvelut\/wp-content\/uploads\/sites\/99\/2019\/06\/kurssialueelle-liittyminen.png 780w, https:\/\/blogit.gradia.fi\/digipalvelut\/wp-content\/uploads\/sites\/99\/2019\/06\/kurssialueelle-liittyminen-300x119.png 300w, https:\/\/blogit.gradia.fi\/digipalvelut\/wp-content\/uploads\/sites\/99\/2019\/06\/kurssialueelle-liittyminen-768x305.png 768w, https:\/\/blogit.gradia.fi\/digipalvelut\/wp-content\/uploads\/sites\/99\/2019\/06\/kurssialueelle-liittyminen-620x246.png 620w\" sizes=\"(max-width: 780px) 100vw, 780px\" \/><\/figure>\n\n\n\n<ul class=\"wp-block-list\"><li>  Opettaja, joka voi arvioida ja muokata kurssialuetta tai <\/li><li> <strong> Opettaja ilman muokkausoikeuksia<\/strong>, jolloin h\u00e4n p\u00e4\u00e4see arvioimaan ja osallistumaan opettajan roolissa kurssin aktiviteetteihin, mutta <strong>EI<\/strong> p\u00e4\u00e4se muokkaamaan kurssin sis\u00e4lt\u00f6\u00e4 mill\u00e4\u00e4n lailla. T\u00e4m\u00e4 rooli sopii silloin, kun opiskelijan ohjausta varten opettaja tai opo toivoo n\u00e4kym\u00e4\u00e4 kurssille.<\/li><\/ul>\n\n\n\n<p>4.  Paina&nbsp;<strong>lis\u00e4\u00e4 osallistujia &#8211;<\/strong>painiketta&nbsp;  <\/p>\n","protected":false},"excerpt":{"rendered":"<p>Opettaja voi lis\u00e4t\u00e4 yll\u00e4pit\u00e4m\u00e4lleen kurssille toisen opettajan sek\u00e4 muokkausoikeuksilla ett\u00e4 ilman. Klikkaa hallintaty\u00f6kaluissa&nbsp;osallistujat&nbsp;-painiketta 2. Paina t\u00e4m\u00e4n j\u00e4lkeen lis\u00e4\u00e4 osallistujia -painiketta 3. Kirjoita haku -kentt\u00e4\u00e4n lis\u00e4tt\u00e4v\u00e4n opettajan nimi ja m\u00e4\u00e4rit\u00e4 h\u00e4nelle haluamasi rooli. HUOM!&nbsp;Jos etsim\u00e4si henkil\u00f6 ei ole koskaan kirjautunut Moodleen, et l\u00f6yd\u00e4 h\u00e4nen nime\u00e4\u00e4n k\u00e4ytt\u00e4jist\u00e4. Pyyd\u00e4 h\u00e4nt\u00e4 kirjautumaan oppimisymp\u00e4rist\u00f6\u00f6n, jolloin [&hellip;]<\/p>\n","protected":false},"author":165,"featured_media":0,"parent":76,"menu_order":0,"comment_status":"closed","ping_status":"closed","template":"","meta":{"_uag_custom_page_level_css":"","footnotes":""},"class_list":["post-311","page","type-page","status-publish","hentry"],"yoast_head":"<!-- This site is optimized with the Yoast SEO plugin v27.4 - https:\/\/yoast.com\/product\/yoast-seo-wordpress\/ -->\n<title>Opettajan lis\u00e4\u00e4minen kurssille - Gradia Digipalvelut<\/title>\n<meta name=\"robots\" content=\"index, follow, max-snippet:-1, max-image-preview:large, max-video-preview:-1\" \/>\n<link rel=\"canonical\" href=\"https:\/\/blogit.gradia.fi\/digipalvelut\/ohjeita-ja-vinkkeja\/moodle\/opettajan-lisaaminen-kurssille\/\" \/>\n<meta property=\"og:locale\" content=\"fi_FI\" \/>\n<meta property=\"og:type\" content=\"article\" \/>\n<meta property=\"og:title\" content=\"Opettajan lis\u00e4\u00e4minen kurssille - Gradia Digipalvelut\" \/>\n<meta property=\"og:description\" content=\"Opettaja voi lis\u00e4t\u00e4 yll\u00e4pit\u00e4m\u00e4lleen kurssille toisen opettajan sek\u00e4 muokkausoikeuksilla ett\u00e4 ilman. Klikkaa hallintaty\u00f6kaluissa&nbsp;osallistujat&nbsp;-painiketta 2. Paina t\u00e4m\u00e4n j\u00e4lkeen lis\u00e4\u00e4 osallistujia -painiketta 3. Kirjoita haku -kentt\u00e4\u00e4n lis\u00e4tt\u00e4v\u00e4n opettajan nimi ja m\u00e4\u00e4rit\u00e4 h\u00e4nelle haluamasi rooli. HUOM!&nbsp;Jos etsim\u00e4si henkil\u00f6 ei ole koskaan kirjautunut Moodleen, et l\u00f6yd\u00e4 h\u00e4nen nime\u00e4\u00e4n k\u00e4ytt\u00e4jist\u00e4. Pyyd\u00e4 h\u00e4nt\u00e4 kirjautumaan oppimisymp\u00e4rist\u00f6\u00f6n, jolloin [&hellip;]\" \/>\n<meta property=\"og:url\" content=\"https:\/\/blogit.gradia.fi\/digipalvelut\/ohjeita-ja-vinkkeja\/moodle\/opettajan-lisaaminen-kurssille\/\" \/>\n<meta property=\"og:site_name\" content=\"Gradia Digipalvelut\" \/>\n<meta property=\"article:modified_time\" content=\"2019-10-10T10:30:49+00:00\" \/>\n<meta property=\"og:image\" content=\"https:\/\/blogit.gradia.fi\/digipalvelut\/wp-content\/uploads\/sites\/99\/2019\/06\/hallintaty\u00f6kalut-198x300.png\" \/>\n<meta name=\"twitter:card\" content=\"summary_large_image\" \/>\n<meta name=\"twitter:label1\" content=\"Arvioitu lukuaika\" \/>\n\t<meta name=\"twitter:data1\" content=\"1 minuutti\" \/>\n<script type=\"application\/ld+json\" class=\"yoast-schema-graph\">{\"@context\":\"https:\\\/\\\/schema.org\",\"@graph\":[{\"@type\":\"WebPage\",\"@id\":\"https:\\\/\\\/blogit.gradia.fi\\\/digipalvelut\\\/ohjeita-ja-vinkkeja\\\/moodle\\\/opettajan-lisaaminen-kurssille\\\/\",\"url\":\"https:\\\/\\\/blogit.gradia.fi\\\/digipalvelut\\\/ohjeita-ja-vinkkeja\\\/moodle\\\/opettajan-lisaaminen-kurssille\\\/\",\"name\":\"Opettajan lis\u00e4\u00e4minen kurssille - Gradia Digipalvelut\",\"isPartOf\":{\"@id\":\"https:\\\/\\\/blogit.gradia.fi\\\/digipalvelut\\\/#website\"},\"primaryImageOfPage\":{\"@id\":\"https:\\\/\\\/blogit.gradia.fi\\\/digipalvelut\\\/ohjeita-ja-vinkkeja\\\/moodle\\\/opettajan-lisaaminen-kurssille\\\/#primaryimage\"},\"image\":{\"@id\":\"https:\\\/\\\/blogit.gradia.fi\\\/digipalvelut\\\/ohjeita-ja-vinkkeja\\\/moodle\\\/opettajan-lisaaminen-kurssille\\\/#primaryimage\"},\"thumbnailUrl\":\"https:\\\/\\\/blogit.gradia.fi\\\/digipalvelut\\\/wp-content\\\/uploads\\\/sites\\\/99\\\/2019\\\/06\\\/osallistujat.png\",\"datePublished\":\"2019-06-25T13:00:34+00:00\",\"dateModified\":\"2019-10-10T10:30:49+00:00\",\"breadcrumb\":{\"@id\":\"https:\\\/\\\/blogit.gradia.fi\\\/digipalvelut\\\/ohjeita-ja-vinkkeja\\\/moodle\\\/opettajan-lisaaminen-kurssille\\\/#breadcrumb\"},\"inLanguage\":\"fi\",\"potentialAction\":[{\"@type\":\"ReadAction\",\"target\":[\"https:\\\/\\\/blogit.gradia.fi\\\/digipalvelut\\\/ohjeita-ja-vinkkeja\\\/moodle\\\/opettajan-lisaaminen-kurssille\\\/\"]}]},{\"@type\":\"ImageObject\",\"inLanguage\":\"fi\",\"@id\":\"https:\\\/\\\/blogit.gradia.fi\\\/digipalvelut\\\/ohjeita-ja-vinkkeja\\\/moodle\\\/opettajan-lisaaminen-kurssille\\\/#primaryimage\",\"url\":\"https:\\\/\\\/blogit.gradia.fi\\\/digipalvelut\\\/wp-content\\\/uploads\\\/sites\\\/99\\\/2019\\\/06\\\/osallistujat.png\",\"contentUrl\":\"https:\\\/\\\/blogit.gradia.fi\\\/digipalvelut\\\/wp-content\\\/uploads\\\/sites\\\/99\\\/2019\\\/06\\\/osallistujat.png\",\"width\":760,\"height\":139,\"caption\":\"osallistujien lis\u00e4\u00e4minen\"},{\"@type\":\"BreadcrumbList\",\"@id\":\"https:\\\/\\\/blogit.gradia.fi\\\/digipalvelut\\\/ohjeita-ja-vinkkeja\\\/moodle\\\/opettajan-lisaaminen-kurssille\\\/#breadcrumb\",\"itemListElement\":[{\"@type\":\"ListItem\",\"position\":1,\"name\":\"Ohjeita ja vinkkej\u00e4\",\"item\":\"https:\\\/\\\/blogit.gradia.fi\\\/digipalvelut\\\/ohjeita-ja-vinkkeja\\\/\"},{\"@type\":\"ListItem\",\"position\":2,\"name\":\"Moodle\",\"item\":\"https:\\\/\\\/blogit.gradia.fi\\\/digipalvelut\\\/ohjeita-ja-vinkkeja\\\/moodle\\\/\"},{\"@type\":\"ListItem\",\"position\":3,\"name\":\"Opettajan lis\u00e4\u00e4minen kurssille\"}]},{\"@type\":\"WebSite\",\"@id\":\"https:\\\/\\\/blogit.gradia.fi\\\/digipalvelut\\\/#website\",\"url\":\"https:\\\/\\\/blogit.gradia.fi\\\/digipalvelut\\\/\",\"name\":\"Gradia Digipalvelut\",\"description\":\"Astetta enemm\u00e4n digi\u00e4\",\"publisher\":{\"@id\":\"https:\\\/\\\/blogit.gradia.fi\\\/digipalvelut\\\/#organization\"},\"potentialAction\":[{\"@type\":\"SearchAction\",\"target\":{\"@type\":\"EntryPoint\",\"urlTemplate\":\"https:\\\/\\\/blogit.gradia.fi\\\/digipalvelut\\\/?s={search_term_string}\"},\"query-input\":{\"@type\":\"PropertyValueSpecification\",\"valueRequired\":true,\"valueName\":\"search_term_string\"}}],\"inLanguage\":\"fi\"},{\"@type\":\"Organization\",\"@id\":\"https:\\\/\\\/blogit.gradia.fi\\\/digipalvelut\\\/#organization\",\"name\":\"Gradia Digipalvelut\",\"url\":\"https:\\\/\\\/blogit.gradia.fi\\\/digipalvelut\\\/\",\"logo\":{\"@type\":\"ImageObject\",\"inLanguage\":\"fi\",\"@id\":\"https:\\\/\\\/blogit.gradia.fi\\\/digipalvelut\\\/#\\\/schema\\\/logo\\\/image\\\/\",\"url\":\"https:\\\/\\\/blogit.gradia.fi\\\/digipalvelut\\\/wp-content\\\/uploads\\\/sites\\\/99\\\/2019\\\/06\\\/cropped-Gradia_logo_Cyber_TRANSPARENT.png\",\"contentUrl\":\"https:\\\/\\\/blogit.gradia.fi\\\/digipalvelut\\\/wp-content\\\/uploads\\\/sites\\\/99\\\/2019\\\/06\\\/cropped-Gradia_logo_Cyber_TRANSPARENT.png\",\"width\":316,\"height\":382,\"caption\":\"Gradia Digipalvelut\"},\"image\":{\"@id\":\"https:\\\/\\\/blogit.gradia.fi\\\/digipalvelut\\\/#\\\/schema\\\/logo\\\/image\\\/\"}}]}<\/script>\n<!-- \/ Yoast SEO plugin. -->","yoast_head_json":{"title":"Opettajan lis\u00e4\u00e4minen kurssille - Gradia Digipalvelut","robots":{"index":"index","follow":"follow","max-snippet":"max-snippet:-1","max-image-preview":"max-image-preview:large","max-video-preview":"max-video-preview:-1"},"canonical":"https:\/\/blogit.gradia.fi\/digipalvelut\/ohjeita-ja-vinkkeja\/moodle\/opettajan-lisaaminen-kurssille\/","og_locale":"fi_FI","og_type":"article","og_title":"Opettajan lis\u00e4\u00e4minen kurssille - Gradia Digipalvelut","og_description":"Opettaja voi lis\u00e4t\u00e4 yll\u00e4pit\u00e4m\u00e4lleen kurssille toisen opettajan sek\u00e4 muokkausoikeuksilla ett\u00e4 ilman. Klikkaa hallintaty\u00f6kaluissa&nbsp;osallistujat&nbsp;-painiketta 2. Paina t\u00e4m\u00e4n j\u00e4lkeen lis\u00e4\u00e4 osallistujia -painiketta 3. Kirjoita haku -kentt\u00e4\u00e4n lis\u00e4tt\u00e4v\u00e4n opettajan nimi ja m\u00e4\u00e4rit\u00e4 h\u00e4nelle haluamasi rooli. HUOM!&nbsp;Jos etsim\u00e4si henkil\u00f6 ei ole koskaan kirjautunut Moodleen, et l\u00f6yd\u00e4 h\u00e4nen nime\u00e4\u00e4n k\u00e4ytt\u00e4jist\u00e4. Pyyd\u00e4 h\u00e4nt\u00e4 kirjautumaan oppimisymp\u00e4rist\u00f6\u00f6n, jolloin [&hellip;]","og_url":"https:\/\/blogit.gradia.fi\/digipalvelut\/ohjeita-ja-vinkkeja\/moodle\/opettajan-lisaaminen-kurssille\/","og_site_name":"Gradia Digipalvelut","article_modified_time":"2019-10-10T10:30:49+00:00","og_image":[{"url":"https:\/\/blogit.gradia.fi\/digipalvelut\/wp-content\/uploads\/sites\/99\/2019\/06\/hallintaty\u00f6kalut-198x300.png","type":"","width":"","height":""}],"twitter_card":"summary_large_image","twitter_misc":{"Arvioitu lukuaika":"1 minuutti"},"schema":{"@context":"https:\/\/schema.org","@graph":[{"@type":"WebPage","@id":"https:\/\/blogit.gradia.fi\/digipalvelut\/ohjeita-ja-vinkkeja\/moodle\/opettajan-lisaaminen-kurssille\/","url":"https:\/\/blogit.gradia.fi\/digipalvelut\/ohjeita-ja-vinkkeja\/moodle\/opettajan-lisaaminen-kurssille\/","name":"Opettajan lis\u00e4\u00e4minen kurssille - Gradia Digipalvelut","isPartOf":{"@id":"https:\/\/blogit.gradia.fi\/digipalvelut\/#website"},"primaryImageOfPage":{"@id":"https:\/\/blogit.gradia.fi\/digipalvelut\/ohjeita-ja-vinkkeja\/moodle\/opettajan-lisaaminen-kurssille\/#primaryimage"},"image":{"@id":"https:\/\/blogit.gradia.fi\/digipalvelut\/ohjeita-ja-vinkkeja\/moodle\/opettajan-lisaaminen-kurssille\/#primaryimage"},"thumbnailUrl":"https:\/\/blogit.gradia.fi\/digipalvelut\/wp-content\/uploads\/sites\/99\/2019\/06\/osallistujat.png","datePublished":"2019-06-25T13:00:34+00:00","dateModified":"2019-10-10T10:30:49+00:00","breadcrumb":{"@id":"https:\/\/blogit.gradia.fi\/digipalvelut\/ohjeita-ja-vinkkeja\/moodle\/opettajan-lisaaminen-kurssille\/#breadcrumb"},"inLanguage":"fi","potentialAction":[{"@type":"ReadAction","target":["https:\/\/blogit.gradia.fi\/digipalvelut\/ohjeita-ja-vinkkeja\/moodle\/opettajan-lisaaminen-kurssille\/"]}]},{"@type":"ImageObject","inLanguage":"fi","@id":"https:\/\/blogit.gradia.fi\/digipalvelut\/ohjeita-ja-vinkkeja\/moodle\/opettajan-lisaaminen-kurssille\/#primaryimage","url":"https:\/\/blogit.gradia.fi\/digipalvelut\/wp-content\/uploads\/sites\/99\/2019\/06\/osallistujat.png","contentUrl":"https:\/\/blogit.gradia.fi\/digipalvelut\/wp-content\/uploads\/sites\/99\/2019\/06\/osallistujat.png","width":760,"height":139,"caption":"osallistujien lis\u00e4\u00e4minen"},{"@type":"BreadcrumbList","@id":"https:\/\/blogit.gradia.fi\/digipalvelut\/ohjeita-ja-vinkkeja\/moodle\/opettajan-lisaaminen-kurssille\/#breadcrumb","itemListElement":[{"@type":"ListItem","position":1,"name":"Ohjeita ja vinkkej\u00e4","item":"https:\/\/blogit.gradia.fi\/digipalvelut\/ohjeita-ja-vinkkeja\/"},{"@type":"ListItem","position":2,"name":"Moodle","item":"https:\/\/blogit.gradia.fi\/digipalvelut\/ohjeita-ja-vinkkeja\/moodle\/"},{"@type":"ListItem","position":3,"name":"Opettajan lis\u00e4\u00e4minen kurssille"}]},{"@type":"WebSite","@id":"https:\/\/blogit.gradia.fi\/digipalvelut\/#website","url":"https:\/\/blogit.gradia.fi\/digipalvelut\/","name":"Gradia Digipalvelut","description":"Astetta enemm\u00e4n digi\u00e4","publisher":{"@id":"https:\/\/blogit.gradia.fi\/digipalvelut\/#organization"},"potentialAction":[{"@type":"SearchAction","target":{"@type":"EntryPoint","urlTemplate":"https:\/\/blogit.gradia.fi\/digipalvelut\/?s={search_term_string}"},"query-input":{"@type":"PropertyValueSpecification","valueRequired":true,"valueName":"search_term_string"}}],"inLanguage":"fi"},{"@type":"Organization","@id":"https:\/\/blogit.gradia.fi\/digipalvelut\/#organization","name":"Gradia Digipalvelut","url":"https:\/\/blogit.gradia.fi\/digipalvelut\/","logo":{"@type":"ImageObject","inLanguage":"fi","@id":"https:\/\/blogit.gradia.fi\/digipalvelut\/#\/schema\/logo\/image\/","url":"https:\/\/blogit.gradia.fi\/digipalvelut\/wp-content\/uploads\/sites\/99\/2019\/06\/cropped-Gradia_logo_Cyber_TRANSPARENT.png","contentUrl":"https:\/\/blogit.gradia.fi\/digipalvelut\/wp-content\/uploads\/sites\/99\/2019\/06\/cropped-Gradia_logo_Cyber_TRANSPARENT.png","width":316,"height":382,"caption":"Gradia Digipalvelut"},"image":{"@id":"https:\/\/blogit.gradia.fi\/digipalvelut\/#\/schema\/logo\/image\/"}}]}},"uagb_featured_image_src":{"full":false,"thumbnail":false,"medium":false,"medium_large":false,"large":false,"1536x1536":false,"2048x2048":false,"hestia-blog":false},"uagb_author_info":{"display_name":"Heini Pennanen","author_link":"https:\/\/blogit.gradia.fi\/digipalvelut\/author\/pennahei\/"},"uagb_comment_info":0,"uagb_excerpt":"Opettaja voi lis\u00e4t\u00e4 yll\u00e4pit\u00e4m\u00e4lleen kurssille toisen opettajan sek\u00e4 muokkausoikeuksilla ett\u00e4 ilman. Klikkaa hallintaty\u00f6kaluissa&nbsp;osallistujat&nbsp;-painiketta 2. Paina t\u00e4m\u00e4n j\u00e4lkeen lis\u00e4\u00e4 osallistujia -painiketta 3. Kirjoita haku -kentt\u00e4\u00e4n lis\u00e4tt\u00e4v\u00e4n opettajan nimi ja m\u00e4\u00e4rit\u00e4 h\u00e4nelle haluamasi rooli. HUOM!&nbsp;Jos etsim\u00e4si henkil\u00f6 ei ole koskaan kirjautunut Moodleen, et l\u00f6yd\u00e4 h\u00e4nen nime\u00e4\u00e4n k\u00e4ytt\u00e4jist\u00e4. Pyyd\u00e4 h\u00e4nt\u00e4 kirjautumaan oppimisymp\u00e4rist\u00f6\u00f6n, jolloin [&hellip;]","_links":{"self":[{"href":"https:\/\/blogit.gradia.fi\/digipalvelut\/wp-json\/wp\/v2\/pages\/311","targetHints":{"allow":["GET"]}}],"collection":[{"href":"https:\/\/blogit.gradia.fi\/digipalvelut\/wp-json\/wp\/v2\/pages"}],"about":[{"href":"https:\/\/blogit.gradia.fi\/digipalvelut\/wp-json\/wp\/v2\/types\/page"}],"author":[{"embeddable":true,"href":"https:\/\/blogit.gradia.fi\/digipalvelut\/wp-json\/wp\/v2\/users\/165"}],"replies":[{"embeddable":true,"href":"https:\/\/blogit.gradia.fi\/digipalvelut\/wp-json\/wp\/v2\/comments?post=311"}],"version-history":[{"count":10,"href":"https:\/\/blogit.gradia.fi\/digipalvelut\/wp-json\/wp\/v2\/pages\/311\/revisions"}],"predecessor-version":[{"id":1213,"href":"https:\/\/blogit.gradia.fi\/digipalvelut\/wp-json\/wp\/v2\/pages\/311\/revisions\/1213"}],"up":[{"embeddable":true,"href":"https:\/\/blogit.gradia.fi\/digipalvelut\/wp-json\/wp\/v2\/pages\/76"}],"wp:attachment":[{"href":"https:\/\/blogit.gradia.fi\/digipalvelut\/wp-json\/wp\/v2\/media?parent=311"}],"curies":[{"name":"wp","href":"https:\/\/api.w.org\/{rel}","templated":true}]}}