{"id":286,"date":"2019-06-24T12:40:23","date_gmt":"2019-06-24T09:40:23","guid":{"rendered":"https:\/\/blogit.gradia.fi\/digipalvelut\/?page_id=286"},"modified":"2019-08-01T12:30:00","modified_gmt":"2019-08-01T09:30:00","slug":"kayttajan-profiiliasetukset","status":"publish","type":"page","link":"https:\/\/blogit.gradia.fi\/digipalvelut\/ohjeita-ja-vinkkeja\/moodle\/kayttajan-profiiliasetukset\/","title":{"rendered":"K\u00e4ytt\u00e4j\u00e4n profiiliasetukset"},"content":{"rendered":"\n<p><strong>Moodle -k\u00e4ytt\u00e4j\u00e4n profiilitiedot tuodaan&nbsp;Gradian&nbsp;organisaation opiskelijan ja ty\u00f6ntekij\u00e4n osalta&nbsp;Gradian&nbsp;k\u00e4ytt\u00e4j\u00e4hallinnasta.<\/strong>&nbsp;&nbsp;<\/p>\n\n\n\n<p>Omiin profiiliasetuksiin eli k\u00e4ytt\u00e4j\u00e4tietoihisi p\u00e4\u00e4set Moodlessa oikeassa yl\u00e4kulmassa olevasta Profiilikuvaketta.&nbsp;Oma kuva olisi jokaisen k\u00e4ytt\u00e4j\u00e4n hyv\u00e4 lis\u00e4t\u00e4 Moodleen omiin k\u00e4ytt\u00e4j\u00e4tietoihinsa. Se lis\u00e4\u00e4 oppimisymp\u00e4rist\u00f6n henkil\u00f6kohtaisuutta. T\u00e4m\u00e4n lis\u00e4ksi henkil\u00f6kunnan olisi hyv\u00e4 lis\u00e4t\u00e4 oma ty\u00f6puhelinnumeronsa omiin tietoihinsa.&nbsp;<\/p>\n\n\n\n<ol class=\"wp-block-list\"><li> Klikkaa oikeassa yl\u00e4kulmassa omaa Profiilikuvaketta&nbsp; <\/li><li> Valitse k\u00e4ytt\u00e4j\u00e4tiedot&nbsp; <\/li><li> klikkaa&nbsp;<strong>muokkaa tietoja<\/strong> <\/li><li> Suosittelemme, ett\u00e4 henkil\u00f6kunta lis\u00e4\u00e4 itse&nbsp; <ul><li> <strong>kuvauksen<\/strong>&nbsp;omaan k\u00e4ytt\u00e4j\u00e4profiiliinsa esim.&nbsp; tieto- ja tietoliikennetekniikan opettaja&nbsp; <\/li><li> oman ty\u00f6puhelinnumeronsa&nbsp;v<strong>alinnainen kentt\u00e4<\/strong>&nbsp;-valikkoon sek\u00e4&nbsp; <\/li><li> valokuvansa&nbsp;<strong>k\u00e4ytt\u00e4j\u00e4kuva<\/strong>&nbsp;-valikkoon <\/li><\/ul><\/li><\/ol>\n","protected":false},"excerpt":{"rendered":"<p>Moodle -k\u00e4ytt\u00e4j\u00e4n profiilitiedot tuodaan&nbsp;Gradian&nbsp;organisaation opiskelijan ja ty\u00f6ntekij\u00e4n osalta&nbsp;Gradian&nbsp;k\u00e4ytt\u00e4j\u00e4hallinnasta.&nbsp;&nbsp; Omiin profiiliasetuksiin eli k\u00e4ytt\u00e4j\u00e4tietoihisi p\u00e4\u00e4set Moodlessa oikeassa yl\u00e4kulmassa olevasta Profiilikuvaketta.&nbsp;Oma kuva olisi jokaisen k\u00e4ytt\u00e4j\u00e4n hyv\u00e4 lis\u00e4t\u00e4 Moodleen omiin k\u00e4ytt\u00e4j\u00e4tietoihinsa. Se lis\u00e4\u00e4 oppimisymp\u00e4rist\u00f6n henkil\u00f6kohtaisuutta. T\u00e4m\u00e4n lis\u00e4ksi henkil\u00f6kunnan olisi hyv\u00e4 lis\u00e4t\u00e4 oma ty\u00f6puhelinnumeronsa omiin tietoihinsa.&nbsp; Klikkaa oikeassa yl\u00e4kulmassa omaa Profiilikuvaketta&nbsp; Valitse k\u00e4ytt\u00e4j\u00e4tiedot&nbsp; klikkaa&nbsp;muokkaa tietoja [&hellip;]<\/p>\n","protected":false},"author":165,"featured_media":0,"parent":76,"menu_order":0,"comment_status":"closed","ping_status":"closed","template":"","meta":{"_uag_custom_page_level_css":"","footnotes":""},"class_list":["post-286","page","type-page","status-publish","hentry"],"yoast_head":"<!-- This site is optimized with the Yoast SEO plugin v27.4 - https:\/\/yoast.com\/product\/yoast-seo-wordpress\/ -->\n<title>K\u00e4ytt\u00e4j\u00e4n profiiliasetukset - Gradia Digipalvelut<\/title>\n<meta name=\"robots\" content=\"index, follow, max-snippet:-1, max-image-preview:large, max-video-preview:-1\" \/>\n<link rel=\"canonical\" href=\"https:\/\/blogit.gradia.fi\/digipalvelut\/ohjeita-ja-vinkkeja\/moodle\/kayttajan-profiiliasetukset\/\" \/>\n<meta property=\"og:locale\" content=\"fi_FI\" \/>\n<meta property=\"og:type\" content=\"article\" \/>\n<meta property=\"og:title\" content=\"K\u00e4ytt\u00e4j\u00e4n profiiliasetukset - Gradia Digipalvelut\" \/>\n<meta property=\"og:description\" content=\"Moodle -k\u00e4ytt\u00e4j\u00e4n profiilitiedot tuodaan&nbsp;Gradian&nbsp;organisaation opiskelijan ja ty\u00f6ntekij\u00e4n osalta&nbsp;Gradian&nbsp;k\u00e4ytt\u00e4j\u00e4hallinnasta.&nbsp;&nbsp; Omiin profiiliasetuksiin eli k\u00e4ytt\u00e4j\u00e4tietoihisi p\u00e4\u00e4set Moodlessa oikeassa yl\u00e4kulmassa olevasta Profiilikuvaketta.&nbsp;Oma kuva olisi jokaisen k\u00e4ytt\u00e4j\u00e4n hyv\u00e4 lis\u00e4t\u00e4 Moodleen omiin k\u00e4ytt\u00e4j\u00e4tietoihinsa. Se lis\u00e4\u00e4 oppimisymp\u00e4rist\u00f6n henkil\u00f6kohtaisuutta. T\u00e4m\u00e4n lis\u00e4ksi henkil\u00f6kunnan olisi hyv\u00e4 lis\u00e4t\u00e4 oma ty\u00f6puhelinnumeronsa omiin tietoihinsa.&nbsp; Klikkaa oikeassa yl\u00e4kulmassa omaa Profiilikuvaketta&nbsp; Valitse k\u00e4ytt\u00e4j\u00e4tiedot&nbsp; klikkaa&nbsp;muokkaa tietoja [&hellip;]\" \/>\n<meta property=\"og:url\" content=\"https:\/\/blogit.gradia.fi\/digipalvelut\/ohjeita-ja-vinkkeja\/moodle\/kayttajan-profiiliasetukset\/\" \/>\n<meta property=\"og:site_name\" content=\"Gradia Digipalvelut\" \/>\n<meta property=\"article:modified_time\" content=\"2019-08-01T09:30:00+00:00\" \/>\n<meta name=\"twitter:card\" content=\"summary_large_image\" \/>\n<meta name=\"twitter:label1\" content=\"Arvioitu lukuaika\" \/>\n\t<meta name=\"twitter:data1\" content=\"1 minuutti\" \/>\n<script type=\"application\/ld+json\" class=\"yoast-schema-graph\">{\"@context\":\"https:\\\/\\\/schema.org\",\"@graph\":[{\"@type\":\"WebPage\",\"@id\":\"https:\\\/\\\/blogit.gradia.fi\\\/digipalvelut\\\/ohjeita-ja-vinkkeja\\\/moodle\\\/kayttajan-profiiliasetukset\\\/\",\"url\":\"https:\\\/\\\/blogit.gradia.fi\\\/digipalvelut\\\/ohjeita-ja-vinkkeja\\\/moodle\\\/kayttajan-profiiliasetukset\\\/\",\"name\":\"K\u00e4ytt\u00e4j\u00e4n profiiliasetukset - Gradia Digipalvelut\",\"isPartOf\":{\"@id\":\"https:\\\/\\\/blogit.gradia.fi\\\/digipalvelut\\\/#website\"},\"datePublished\":\"2019-06-24T09:40:23+00:00\",\"dateModified\":\"2019-08-01T09:30:00+00:00\",\"breadcrumb\":{\"@id\":\"https:\\\/\\\/blogit.gradia.fi\\\/digipalvelut\\\/ohjeita-ja-vinkkeja\\\/moodle\\\/kayttajan-profiiliasetukset\\\/#breadcrumb\"},\"inLanguage\":\"fi\",\"potentialAction\":[{\"@type\":\"ReadAction\",\"target\":[\"https:\\\/\\\/blogit.gradia.fi\\\/digipalvelut\\\/ohjeita-ja-vinkkeja\\\/moodle\\\/kayttajan-profiiliasetukset\\\/\"]}]},{\"@type\":\"BreadcrumbList\",\"@id\":\"https:\\\/\\\/blogit.gradia.fi\\\/digipalvelut\\\/ohjeita-ja-vinkkeja\\\/moodle\\\/kayttajan-profiiliasetukset\\\/#breadcrumb\",\"itemListElement\":[{\"@type\":\"ListItem\",\"position\":1,\"name\":\"Ohjeita ja vinkkej\u00e4\",\"item\":\"https:\\\/\\\/blogit.gradia.fi\\\/digipalvelut\\\/ohjeita-ja-vinkkeja\\\/\"},{\"@type\":\"ListItem\",\"position\":2,\"name\":\"Moodle\",\"item\":\"https:\\\/\\\/blogit.gradia.fi\\\/digipalvelut\\\/ohjeita-ja-vinkkeja\\\/moodle\\\/\"},{\"@type\":\"ListItem\",\"position\":3,\"name\":\"K\u00e4ytt\u00e4j\u00e4n profiiliasetukset\"}]},{\"@type\":\"WebSite\",\"@id\":\"https:\\\/\\\/blogit.gradia.fi\\\/digipalvelut\\\/#website\",\"url\":\"https:\\\/\\\/blogit.gradia.fi\\\/digipalvelut\\\/\",\"name\":\"Gradia Digipalvelut\",\"description\":\"Astetta enemm\u00e4n digi\u00e4\",\"publisher\":{\"@id\":\"https:\\\/\\\/blogit.gradia.fi\\\/digipalvelut\\\/#organization\"},\"potentialAction\":[{\"@type\":\"SearchAction\",\"target\":{\"@type\":\"EntryPoint\",\"urlTemplate\":\"https:\\\/\\\/blogit.gradia.fi\\\/digipalvelut\\\/?s={search_term_string}\"},\"query-input\":{\"@type\":\"PropertyValueSpecification\",\"valueRequired\":true,\"valueName\":\"search_term_string\"}}],\"inLanguage\":\"fi\"},{\"@type\":\"Organization\",\"@id\":\"https:\\\/\\\/blogit.gradia.fi\\\/digipalvelut\\\/#organization\",\"name\":\"Gradia Digipalvelut\",\"url\":\"https:\\\/\\\/blogit.gradia.fi\\\/digipalvelut\\\/\",\"logo\":{\"@type\":\"ImageObject\",\"inLanguage\":\"fi\",\"@id\":\"https:\\\/\\\/blogit.gradia.fi\\\/digipalvelut\\\/#\\\/schema\\\/logo\\\/image\\\/\",\"url\":\"https:\\\/\\\/blogit.gradia.fi\\\/digipalvelut\\\/wp-content\\\/uploads\\\/sites\\\/99\\\/2019\\\/06\\\/cropped-Gradia_logo_Cyber_TRANSPARENT.png\",\"contentUrl\":\"https:\\\/\\\/blogit.gradia.fi\\\/digipalvelut\\\/wp-content\\\/uploads\\\/sites\\\/99\\\/2019\\\/06\\\/cropped-Gradia_logo_Cyber_TRANSPARENT.png\",\"width\":316,\"height\":382,\"caption\":\"Gradia Digipalvelut\"},\"image\":{\"@id\":\"https:\\\/\\\/blogit.gradia.fi\\\/digipalvelut\\\/#\\\/schema\\\/logo\\\/image\\\/\"}}]}<\/script>\n<!-- \/ Yoast SEO plugin. -->","yoast_head_json":{"title":"K\u00e4ytt\u00e4j\u00e4n profiiliasetukset - Gradia Digipalvelut","robots":{"index":"index","follow":"follow","max-snippet":"max-snippet:-1","max-image-preview":"max-image-preview:large","max-video-preview":"max-video-preview:-1"},"canonical":"https:\/\/blogit.gradia.fi\/digipalvelut\/ohjeita-ja-vinkkeja\/moodle\/kayttajan-profiiliasetukset\/","og_locale":"fi_FI","og_type":"article","og_title":"K\u00e4ytt\u00e4j\u00e4n profiiliasetukset - Gradia Digipalvelut","og_description":"Moodle -k\u00e4ytt\u00e4j\u00e4n profiilitiedot tuodaan&nbsp;Gradian&nbsp;organisaation opiskelijan ja ty\u00f6ntekij\u00e4n osalta&nbsp;Gradian&nbsp;k\u00e4ytt\u00e4j\u00e4hallinnasta.&nbsp;&nbsp; Omiin profiiliasetuksiin eli k\u00e4ytt\u00e4j\u00e4tietoihisi p\u00e4\u00e4set Moodlessa oikeassa yl\u00e4kulmassa olevasta Profiilikuvaketta.&nbsp;Oma kuva olisi jokaisen k\u00e4ytt\u00e4j\u00e4n hyv\u00e4 lis\u00e4t\u00e4 Moodleen omiin k\u00e4ytt\u00e4j\u00e4tietoihinsa. Se lis\u00e4\u00e4 oppimisymp\u00e4rist\u00f6n henkil\u00f6kohtaisuutta. T\u00e4m\u00e4n lis\u00e4ksi henkil\u00f6kunnan olisi hyv\u00e4 lis\u00e4t\u00e4 oma ty\u00f6puhelinnumeronsa omiin tietoihinsa.&nbsp; Klikkaa oikeassa yl\u00e4kulmassa omaa Profiilikuvaketta&nbsp; Valitse k\u00e4ytt\u00e4j\u00e4tiedot&nbsp; klikkaa&nbsp;muokkaa tietoja [&hellip;]","og_url":"https:\/\/blogit.gradia.fi\/digipalvelut\/ohjeita-ja-vinkkeja\/moodle\/kayttajan-profiiliasetukset\/","og_site_name":"Gradia Digipalvelut","article_modified_time":"2019-08-01T09:30:00+00:00","twitter_card":"summary_large_image","twitter_misc":{"Arvioitu lukuaika":"1 minuutti"},"schema":{"@context":"https:\/\/schema.org","@graph":[{"@type":"WebPage","@id":"https:\/\/blogit.gradia.fi\/digipalvelut\/ohjeita-ja-vinkkeja\/moodle\/kayttajan-profiiliasetukset\/","url":"https:\/\/blogit.gradia.fi\/digipalvelut\/ohjeita-ja-vinkkeja\/moodle\/kayttajan-profiiliasetukset\/","name":"K\u00e4ytt\u00e4j\u00e4n profiiliasetukset - Gradia Digipalvelut","isPartOf":{"@id":"https:\/\/blogit.gradia.fi\/digipalvelut\/#website"},"datePublished":"2019-06-24T09:40:23+00:00","dateModified":"2019-08-01T09:30:00+00:00","breadcrumb":{"@id":"https:\/\/blogit.gradia.fi\/digipalvelut\/ohjeita-ja-vinkkeja\/moodle\/kayttajan-profiiliasetukset\/#breadcrumb"},"inLanguage":"fi","potentialAction":[{"@type":"ReadAction","target":["https:\/\/blogit.gradia.fi\/digipalvelut\/ohjeita-ja-vinkkeja\/moodle\/kayttajan-profiiliasetukset\/"]}]},{"@type":"BreadcrumbList","@id":"https:\/\/blogit.gradia.fi\/digipalvelut\/ohjeita-ja-vinkkeja\/moodle\/kayttajan-profiiliasetukset\/#breadcrumb","itemListElement":[{"@type":"ListItem","position":1,"name":"Ohjeita ja vinkkej\u00e4","item":"https:\/\/blogit.gradia.fi\/digipalvelut\/ohjeita-ja-vinkkeja\/"},{"@type":"ListItem","position":2,"name":"Moodle","item":"https:\/\/blogit.gradia.fi\/digipalvelut\/ohjeita-ja-vinkkeja\/moodle\/"},{"@type":"ListItem","position":3,"name":"K\u00e4ytt\u00e4j\u00e4n profiiliasetukset"}]},{"@type":"WebSite","@id":"https:\/\/blogit.gradia.fi\/digipalvelut\/#website","url":"https:\/\/blogit.gradia.fi\/digipalvelut\/","name":"Gradia Digipalvelut","description":"Astetta enemm\u00e4n digi\u00e4","publisher":{"@id":"https:\/\/blogit.gradia.fi\/digipalvelut\/#organization"},"potentialAction":[{"@type":"SearchAction","target":{"@type":"EntryPoint","urlTemplate":"https:\/\/blogit.gradia.fi\/digipalvelut\/?s={search_term_string}"},"query-input":{"@type":"PropertyValueSpecification","valueRequired":true,"valueName":"search_term_string"}}],"inLanguage":"fi"},{"@type":"Organization","@id":"https:\/\/blogit.gradia.fi\/digipalvelut\/#organization","name":"Gradia Digipalvelut","url":"https:\/\/blogit.gradia.fi\/digipalvelut\/","logo":{"@type":"ImageObject","inLanguage":"fi","@id":"https:\/\/blogit.gradia.fi\/digipalvelut\/#\/schema\/logo\/image\/","url":"https:\/\/blogit.gradia.fi\/digipalvelut\/wp-content\/uploads\/sites\/99\/2019\/06\/cropped-Gradia_logo_Cyber_TRANSPARENT.png","contentUrl":"https:\/\/blogit.gradia.fi\/digipalvelut\/wp-content\/uploads\/sites\/99\/2019\/06\/cropped-Gradia_logo_Cyber_TRANSPARENT.png","width":316,"height":382,"caption":"Gradia Digipalvelut"},"image":{"@id":"https:\/\/blogit.gradia.fi\/digipalvelut\/#\/schema\/logo\/image\/"}}]}},"uagb_featured_image_src":{"full":false,"thumbnail":false,"medium":false,"medium_large":false,"large":false,"1536x1536":false,"2048x2048":false,"hestia-blog":false},"uagb_author_info":{"display_name":"Heini Pennanen","author_link":"https:\/\/blogit.gradia.fi\/digipalvelut\/author\/pennahei\/"},"uagb_comment_info":0,"uagb_excerpt":"Moodle -k\u00e4ytt\u00e4j\u00e4n profiilitiedot tuodaan&nbsp;Gradian&nbsp;organisaation opiskelijan ja ty\u00f6ntekij\u00e4n osalta&nbsp;Gradian&nbsp;k\u00e4ytt\u00e4j\u00e4hallinnasta.&nbsp;&nbsp; Omiin profiiliasetuksiin eli k\u00e4ytt\u00e4j\u00e4tietoihisi p\u00e4\u00e4set Moodlessa oikeassa yl\u00e4kulmassa olevasta Profiilikuvaketta.&nbsp;Oma kuva olisi jokaisen k\u00e4ytt\u00e4j\u00e4n hyv\u00e4 lis\u00e4t\u00e4 Moodleen omiin k\u00e4ytt\u00e4j\u00e4tietoihinsa. Se lis\u00e4\u00e4 oppimisymp\u00e4rist\u00f6n henkil\u00f6kohtaisuutta. T\u00e4m\u00e4n lis\u00e4ksi henkil\u00f6kunnan olisi hyv\u00e4 lis\u00e4t\u00e4 oma ty\u00f6puhelinnumeronsa omiin tietoihinsa.&nbsp; Klikkaa oikeassa yl\u00e4kulmassa omaa Profiilikuvaketta&nbsp; Valitse k\u00e4ytt\u00e4j\u00e4tiedot&nbsp; klikkaa&nbsp;muokkaa tietoja [&hellip;]","_links":{"self":[{"href":"https:\/\/blogit.gradia.fi\/digipalvelut\/wp-json\/wp\/v2\/pages\/286","targetHints":{"allow":["GET"]}}],"collection":[{"href":"https:\/\/blogit.gradia.fi\/digipalvelut\/wp-json\/wp\/v2\/pages"}],"about":[{"href":"https:\/\/blogit.gradia.fi\/digipalvelut\/wp-json\/wp\/v2\/types\/page"}],"author":[{"embeddable":true,"href":"https:\/\/blogit.gradia.fi\/digipalvelut\/wp-json\/wp\/v2\/users\/165"}],"replies":[{"embeddable":true,"href":"https:\/\/blogit.gradia.fi\/digipalvelut\/wp-json\/wp\/v2\/comments?post=286"}],"version-history":[{"count":3,"href":"https:\/\/blogit.gradia.fi\/digipalvelut\/wp-json\/wp\/v2\/pages\/286\/revisions"}],"predecessor-version":[{"id":790,"href":"https:\/\/blogit.gradia.fi\/digipalvelut\/wp-json\/wp\/v2\/pages\/286\/revisions\/790"}],"up":[{"embeddable":true,"href":"https:\/\/blogit.gradia.fi\/digipalvelut\/wp-json\/wp\/v2\/pages\/76"}],"wp:attachment":[{"href":"https:\/\/blogit.gradia.fi\/digipalvelut\/wp-json\/wp\/v2\/media?parent=286"}],"curies":[{"name":"wp","href":"https:\/\/api.w.org\/{rel}","templated":true}]}}