{"id":2215,"date":"2022-10-18T16:08:02","date_gmt":"2022-10-18T13:08:02","guid":{"rendered":"https:\/\/blogit.gradia.fi\/digipalvelut\/?page_id=2215"},"modified":"2022-10-18T16:08:03","modified_gmt":"2022-10-18T13:08:03","slug":"valitse-tyopoydallasi-nakyvat-kurssit","status":"publish","type":"page","link":"https:\/\/blogit.gradia.fi\/digipalvelut\/ohjeita-ja-vinkkeja\/moodle\/valitse-tyopoydallasi-nakyvat-kurssit\/","title":{"rendered":"Valitse ty\u00f6p\u00f6yd\u00e4ll\u00e4si n\u00e4kyv\u00e4t kurssit"},"content":{"rendered":"\n<p><strong>Voit hallita omalla Moodle-ty\u00f6p\u00f6yd\u00e4ll\u00e4si n\u00e4kyvi\u00e4 kursseja merkitsem\u00e4ll\u00e4 kursseja suosikeiksi tai poistamalla haluamiasi kursseja ty\u00f6p\u00f6yt\u00e4n\u00e4kym\u00e4st\u00e4si.<\/strong><\/p>\n\n\n\n<h2 class=\"wp-block-heading\">Kurssin poistaminen ty\u00f6p\u00f6yt\u00e4n\u00e4kym\u00e4st\u00e4<\/h2>\n\n\n\n<ol class=\"wp-block-list\" type=\"1\"><li>Mene omalle Moodle-ty\u00f6p\u00f6yd\u00e4llesi.<\/li><li>Paina haluamasi kurssin kuvan alla olevaa kolmea pistett\u00e4.<\/li><li>Valitse poista n\u00e4kym\u00e4st\u00e4ni<\/li><\/ol>\n\n\n\n<figure class=\"wp-block-image size-full\"><img fetchpriority=\"high\" decoding=\"async\" width=\"285\" height=\"240\" src=\"https:\/\/blogit.gradia.fi\/digipalvelut\/wp-content\/uploads\/sites\/99\/2022\/10\/Kurssikuvake.png\" alt=\"\" class=\"wp-image-2217\" \/><\/figure>\n\n\n\n<h2 class=\"wp-block-heading\">Kurssin lis\u00e4\u00e4minen suosikiksi<\/h2>\n\n\n\n<p><\/p>\n\n\n\n<ol class=\"wp-block-list\" type=\"1\"><li>Mene omalle Moodle-ty\u00f6p\u00f6yd\u00e4llesi.<\/li><li>Paina haluamasi kurssin kuvan alla olevaa kolmea pistett\u00e4.<\/li><li>Valitse Merkitse suosikiksi<\/li><li>Valitse ty\u00f6p\u00f6yd\u00e4n vasemmasta laidasta Kurssien yhteenveto -otsikon alta l\u00f6ytyv\u00e4st\u00e4 alasveto-valikosta Suosikit<\/li><\/ol>\n\n\n\n<figure class=\"wp-block-image size-full\"><img decoding=\"async\" width=\"496\" height=\"287\" src=\"https:\/\/blogit.gradia.fi\/digipalvelut\/wp-content\/uploads\/sites\/99\/2022\/10\/Kurssikuvake2.png\" alt=\"\" class=\"wp-image-2218\" srcset=\"https:\/\/blogit.gradia.fi\/digipalvelut\/wp-content\/uploads\/sites\/99\/2022\/10\/Kurssikuvake2.png 496w, https:\/\/blogit.gradia.fi\/digipalvelut\/wp-content\/uploads\/sites\/99\/2022\/10\/Kurssikuvake2-300x174.png 300w\" sizes=\"(max-width: 496px) 100vw, 496px\" \/><\/figure>\n","protected":false},"excerpt":{"rendered":"<p>Voit hallita omalla Moodle-ty\u00f6p\u00f6yd\u00e4ll\u00e4si n\u00e4kyvi\u00e4 kursseja merkitsem\u00e4ll\u00e4 kursseja suosikeiksi tai poistamalla haluamiasi kursseja ty\u00f6p\u00f6yt\u00e4n\u00e4kym\u00e4st\u00e4si. Kurssin poistaminen ty\u00f6p\u00f6yt\u00e4n\u00e4kym\u00e4st\u00e4 Mene omalle Moodle-ty\u00f6p\u00f6yd\u00e4llesi. Paina haluamasi kurssin kuvan alla olevaa kolmea pistett\u00e4. Valitse poista n\u00e4kym\u00e4st\u00e4ni Kurssin lis\u00e4\u00e4minen suosikiksi Mene omalle Moodle-ty\u00f6p\u00f6yd\u00e4llesi. Paina haluamasi kurssin kuvan alla olevaa kolmea pistett\u00e4. Valitse Merkitse suosikiksi Valitse ty\u00f6p\u00f6yd\u00e4n [&hellip;]<\/p>\n","protected":false},"author":165,"featured_media":0,"parent":76,"menu_order":0,"comment_status":"closed","ping_status":"closed","template":"","meta":{"_uag_custom_page_level_css":"","footnotes":""},"class_list":["post-2215","page","type-page","status-publish","hentry"],"yoast_head":"<!-- This site is optimized with the Yoast SEO plugin v27.4 - https:\/\/yoast.com\/product\/yoast-seo-wordpress\/ -->\n<title>Valitse ty\u00f6p\u00f6yd\u00e4ll\u00e4si n\u00e4kyv\u00e4t kurssit - Gradia Digipalvelut<\/title>\n<meta name=\"robots\" content=\"index, follow, max-snippet:-1, max-image-preview:large, max-video-preview:-1\" \/>\n<link rel=\"canonical\" href=\"https:\/\/blogit.gradia.fi\/digipalvelut\/ohjeita-ja-vinkkeja\/moodle\/valitse-tyopoydallasi-nakyvat-kurssit\/\" \/>\n<meta property=\"og:locale\" content=\"fi_FI\" \/>\n<meta property=\"og:type\" content=\"article\" \/>\n<meta property=\"og:title\" content=\"Valitse ty\u00f6p\u00f6yd\u00e4ll\u00e4si n\u00e4kyv\u00e4t kurssit - Gradia Digipalvelut\" \/>\n<meta property=\"og:description\" content=\"Voit hallita omalla Moodle-ty\u00f6p\u00f6yd\u00e4ll\u00e4si n\u00e4kyvi\u00e4 kursseja merkitsem\u00e4ll\u00e4 kursseja suosikeiksi tai poistamalla haluamiasi kursseja ty\u00f6p\u00f6yt\u00e4n\u00e4kym\u00e4st\u00e4si. Kurssin poistaminen ty\u00f6p\u00f6yt\u00e4n\u00e4kym\u00e4st\u00e4 Mene omalle Moodle-ty\u00f6p\u00f6yd\u00e4llesi. Paina haluamasi kurssin kuvan alla olevaa kolmea pistett\u00e4. Valitse poista n\u00e4kym\u00e4st\u00e4ni Kurssin lis\u00e4\u00e4minen suosikiksi Mene omalle Moodle-ty\u00f6p\u00f6yd\u00e4llesi. Paina haluamasi kurssin kuvan alla olevaa kolmea pistett\u00e4. Valitse Merkitse suosikiksi Valitse ty\u00f6p\u00f6yd\u00e4n [&hellip;]\" \/>\n<meta property=\"og:url\" content=\"https:\/\/blogit.gradia.fi\/digipalvelut\/ohjeita-ja-vinkkeja\/moodle\/valitse-tyopoydallasi-nakyvat-kurssit\/\" \/>\n<meta property=\"og:site_name\" content=\"Gradia Digipalvelut\" \/>\n<meta property=\"article:modified_time\" content=\"2022-10-18T13:08:03+00:00\" \/>\n<meta property=\"og:image\" content=\"https:\/\/blogit.gradia.fi\/digipalvelut\/wp-content\/uploads\/sites\/99\/2022\/10\/Kurssikuvake.png\" \/>\n<meta name=\"twitter:card\" content=\"summary_large_image\" \/>\n<meta name=\"twitter:label1\" content=\"Arvioitu lukuaika\" \/>\n\t<meta name=\"twitter:data1\" content=\"1 minuutti\" \/>\n<script type=\"application\/ld+json\" class=\"yoast-schema-graph\">{\"@context\":\"https:\\\/\\\/schema.org\",\"@graph\":[{\"@type\":\"WebPage\",\"@id\":\"https:\\\/\\\/blogit.gradia.fi\\\/digipalvelut\\\/ohjeita-ja-vinkkeja\\\/moodle\\\/valitse-tyopoydallasi-nakyvat-kurssit\\\/\",\"url\":\"https:\\\/\\\/blogit.gradia.fi\\\/digipalvelut\\\/ohjeita-ja-vinkkeja\\\/moodle\\\/valitse-tyopoydallasi-nakyvat-kurssit\\\/\",\"name\":\"Valitse ty\u00f6p\u00f6yd\u00e4ll\u00e4si n\u00e4kyv\u00e4t kurssit - Gradia Digipalvelut\",\"isPartOf\":{\"@id\":\"https:\\\/\\\/blogit.gradia.fi\\\/digipalvelut\\\/#website\"},\"primaryImageOfPage\":{\"@id\":\"https:\\\/\\\/blogit.gradia.fi\\\/digipalvelut\\\/ohjeita-ja-vinkkeja\\\/moodle\\\/valitse-tyopoydallasi-nakyvat-kurssit\\\/#primaryimage\"},\"image\":{\"@id\":\"https:\\\/\\\/blogit.gradia.fi\\\/digipalvelut\\\/ohjeita-ja-vinkkeja\\\/moodle\\\/valitse-tyopoydallasi-nakyvat-kurssit\\\/#primaryimage\"},\"thumbnailUrl\":\"https:\\\/\\\/blogit.gradia.fi\\\/digipalvelut\\\/wp-content\\\/uploads\\\/sites\\\/99\\\/2022\\\/10\\\/Kurssikuvake.png\",\"datePublished\":\"2022-10-18T13:08:02+00:00\",\"dateModified\":\"2022-10-18T13:08:03+00:00\",\"breadcrumb\":{\"@id\":\"https:\\\/\\\/blogit.gradia.fi\\\/digipalvelut\\\/ohjeita-ja-vinkkeja\\\/moodle\\\/valitse-tyopoydallasi-nakyvat-kurssit\\\/#breadcrumb\"},\"inLanguage\":\"fi\",\"potentialAction\":[{\"@type\":\"ReadAction\",\"target\":[\"https:\\\/\\\/blogit.gradia.fi\\\/digipalvelut\\\/ohjeita-ja-vinkkeja\\\/moodle\\\/valitse-tyopoydallasi-nakyvat-kurssit\\\/\"]}]},{\"@type\":\"ImageObject\",\"inLanguage\":\"fi\",\"@id\":\"https:\\\/\\\/blogit.gradia.fi\\\/digipalvelut\\\/ohjeita-ja-vinkkeja\\\/moodle\\\/valitse-tyopoydallasi-nakyvat-kurssit\\\/#primaryimage\",\"url\":\"https:\\\/\\\/blogit.gradia.fi\\\/digipalvelut\\\/wp-content\\\/uploads\\\/sites\\\/99\\\/2022\\\/10\\\/Kurssikuvake.png\",\"contentUrl\":\"https:\\\/\\\/blogit.gradia.fi\\\/digipalvelut\\\/wp-content\\\/uploads\\\/sites\\\/99\\\/2022\\\/10\\\/Kurssikuvake.png\",\"width\":285,\"height\":240},{\"@type\":\"BreadcrumbList\",\"@id\":\"https:\\\/\\\/blogit.gradia.fi\\\/digipalvelut\\\/ohjeita-ja-vinkkeja\\\/moodle\\\/valitse-tyopoydallasi-nakyvat-kurssit\\\/#breadcrumb\",\"itemListElement\":[{\"@type\":\"ListItem\",\"position\":1,\"name\":\"Ohjeita ja vinkkej\u00e4\",\"item\":\"https:\\\/\\\/blogit.gradia.fi\\\/digipalvelut\\\/ohjeita-ja-vinkkeja\\\/\"},{\"@type\":\"ListItem\",\"position\":2,\"name\":\"Moodle\",\"item\":\"https:\\\/\\\/blogit.gradia.fi\\\/digipalvelut\\\/ohjeita-ja-vinkkeja\\\/moodle\\\/\"},{\"@type\":\"ListItem\",\"position\":3,\"name\":\"Valitse ty\u00f6p\u00f6yd\u00e4ll\u00e4si n\u00e4kyv\u00e4t kurssit\"}]},{\"@type\":\"WebSite\",\"@id\":\"https:\\\/\\\/blogit.gradia.fi\\\/digipalvelut\\\/#website\",\"url\":\"https:\\\/\\\/blogit.gradia.fi\\\/digipalvelut\\\/\",\"name\":\"Gradia Digipalvelut\",\"description\":\"Astetta enemm\u00e4n digi\u00e4\",\"publisher\":{\"@id\":\"https:\\\/\\\/blogit.gradia.fi\\\/digipalvelut\\\/#organization\"},\"potentialAction\":[{\"@type\":\"SearchAction\",\"target\":{\"@type\":\"EntryPoint\",\"urlTemplate\":\"https:\\\/\\\/blogit.gradia.fi\\\/digipalvelut\\\/?s={search_term_string}\"},\"query-input\":{\"@type\":\"PropertyValueSpecification\",\"valueRequired\":true,\"valueName\":\"search_term_string\"}}],\"inLanguage\":\"fi\"},{\"@type\":\"Organization\",\"@id\":\"https:\\\/\\\/blogit.gradia.fi\\\/digipalvelut\\\/#organization\",\"name\":\"Gradia Digipalvelut\",\"url\":\"https:\\\/\\\/blogit.gradia.fi\\\/digipalvelut\\\/\",\"logo\":{\"@type\":\"ImageObject\",\"inLanguage\":\"fi\",\"@id\":\"https:\\\/\\\/blogit.gradia.fi\\\/digipalvelut\\\/#\\\/schema\\\/logo\\\/image\\\/\",\"url\":\"https:\\\/\\\/blogit.gradia.fi\\\/digipalvelut\\\/wp-content\\\/uploads\\\/sites\\\/99\\\/2019\\\/06\\\/cropped-Gradia_logo_Cyber_TRANSPARENT.png\",\"contentUrl\":\"https:\\\/\\\/blogit.gradia.fi\\\/digipalvelut\\\/wp-content\\\/uploads\\\/sites\\\/99\\\/2019\\\/06\\\/cropped-Gradia_logo_Cyber_TRANSPARENT.png\",\"width\":316,\"height\":382,\"caption\":\"Gradia Digipalvelut\"},\"image\":{\"@id\":\"https:\\\/\\\/blogit.gradia.fi\\\/digipalvelut\\\/#\\\/schema\\\/logo\\\/image\\\/\"}}]}<\/script>\n<!-- \/ Yoast SEO plugin. -->","yoast_head_json":{"title":"Valitse ty\u00f6p\u00f6yd\u00e4ll\u00e4si n\u00e4kyv\u00e4t kurssit - Gradia Digipalvelut","robots":{"index":"index","follow":"follow","max-snippet":"max-snippet:-1","max-image-preview":"max-image-preview:large","max-video-preview":"max-video-preview:-1"},"canonical":"https:\/\/blogit.gradia.fi\/digipalvelut\/ohjeita-ja-vinkkeja\/moodle\/valitse-tyopoydallasi-nakyvat-kurssit\/","og_locale":"fi_FI","og_type":"article","og_title":"Valitse ty\u00f6p\u00f6yd\u00e4ll\u00e4si n\u00e4kyv\u00e4t kurssit - Gradia Digipalvelut","og_description":"Voit hallita omalla Moodle-ty\u00f6p\u00f6yd\u00e4ll\u00e4si n\u00e4kyvi\u00e4 kursseja merkitsem\u00e4ll\u00e4 kursseja suosikeiksi tai poistamalla haluamiasi kursseja ty\u00f6p\u00f6yt\u00e4n\u00e4kym\u00e4st\u00e4si. Kurssin poistaminen ty\u00f6p\u00f6yt\u00e4n\u00e4kym\u00e4st\u00e4 Mene omalle Moodle-ty\u00f6p\u00f6yd\u00e4llesi. Paina haluamasi kurssin kuvan alla olevaa kolmea pistett\u00e4. Valitse poista n\u00e4kym\u00e4st\u00e4ni Kurssin lis\u00e4\u00e4minen suosikiksi Mene omalle Moodle-ty\u00f6p\u00f6yd\u00e4llesi. Paina haluamasi kurssin kuvan alla olevaa kolmea pistett\u00e4. Valitse Merkitse suosikiksi Valitse ty\u00f6p\u00f6yd\u00e4n [&hellip;]","og_url":"https:\/\/blogit.gradia.fi\/digipalvelut\/ohjeita-ja-vinkkeja\/moodle\/valitse-tyopoydallasi-nakyvat-kurssit\/","og_site_name":"Gradia Digipalvelut","article_modified_time":"2022-10-18T13:08:03+00:00","og_image":[{"url":"https:\/\/blogit.gradia.fi\/digipalvelut\/wp-content\/uploads\/sites\/99\/2022\/10\/Kurssikuvake.png","type":"","width":"","height":""}],"twitter_card":"summary_large_image","twitter_misc":{"Arvioitu lukuaika":"1 minuutti"},"schema":{"@context":"https:\/\/schema.org","@graph":[{"@type":"WebPage","@id":"https:\/\/blogit.gradia.fi\/digipalvelut\/ohjeita-ja-vinkkeja\/moodle\/valitse-tyopoydallasi-nakyvat-kurssit\/","url":"https:\/\/blogit.gradia.fi\/digipalvelut\/ohjeita-ja-vinkkeja\/moodle\/valitse-tyopoydallasi-nakyvat-kurssit\/","name":"Valitse ty\u00f6p\u00f6yd\u00e4ll\u00e4si n\u00e4kyv\u00e4t kurssit - Gradia Digipalvelut","isPartOf":{"@id":"https:\/\/blogit.gradia.fi\/digipalvelut\/#website"},"primaryImageOfPage":{"@id":"https:\/\/blogit.gradia.fi\/digipalvelut\/ohjeita-ja-vinkkeja\/moodle\/valitse-tyopoydallasi-nakyvat-kurssit\/#primaryimage"},"image":{"@id":"https:\/\/blogit.gradia.fi\/digipalvelut\/ohjeita-ja-vinkkeja\/moodle\/valitse-tyopoydallasi-nakyvat-kurssit\/#primaryimage"},"thumbnailUrl":"https:\/\/blogit.gradia.fi\/digipalvelut\/wp-content\/uploads\/sites\/99\/2022\/10\/Kurssikuvake.png","datePublished":"2022-10-18T13:08:02+00:00","dateModified":"2022-10-18T13:08:03+00:00","breadcrumb":{"@id":"https:\/\/blogit.gradia.fi\/digipalvelut\/ohjeita-ja-vinkkeja\/moodle\/valitse-tyopoydallasi-nakyvat-kurssit\/#breadcrumb"},"inLanguage":"fi","potentialAction":[{"@type":"ReadAction","target":["https:\/\/blogit.gradia.fi\/digipalvelut\/ohjeita-ja-vinkkeja\/moodle\/valitse-tyopoydallasi-nakyvat-kurssit\/"]}]},{"@type":"ImageObject","inLanguage":"fi","@id":"https:\/\/blogit.gradia.fi\/digipalvelut\/ohjeita-ja-vinkkeja\/moodle\/valitse-tyopoydallasi-nakyvat-kurssit\/#primaryimage","url":"https:\/\/blogit.gradia.fi\/digipalvelut\/wp-content\/uploads\/sites\/99\/2022\/10\/Kurssikuvake.png","contentUrl":"https:\/\/blogit.gradia.fi\/digipalvelut\/wp-content\/uploads\/sites\/99\/2022\/10\/Kurssikuvake.png","width":285,"height":240},{"@type":"BreadcrumbList","@id":"https:\/\/blogit.gradia.fi\/digipalvelut\/ohjeita-ja-vinkkeja\/moodle\/valitse-tyopoydallasi-nakyvat-kurssit\/#breadcrumb","itemListElement":[{"@type":"ListItem","position":1,"name":"Ohjeita ja vinkkej\u00e4","item":"https:\/\/blogit.gradia.fi\/digipalvelut\/ohjeita-ja-vinkkeja\/"},{"@type":"ListItem","position":2,"name":"Moodle","item":"https:\/\/blogit.gradia.fi\/digipalvelut\/ohjeita-ja-vinkkeja\/moodle\/"},{"@type":"ListItem","position":3,"name":"Valitse ty\u00f6p\u00f6yd\u00e4ll\u00e4si n\u00e4kyv\u00e4t kurssit"}]},{"@type":"WebSite","@id":"https:\/\/blogit.gradia.fi\/digipalvelut\/#website","url":"https:\/\/blogit.gradia.fi\/digipalvelut\/","name":"Gradia Digipalvelut","description":"Astetta enemm\u00e4n digi\u00e4","publisher":{"@id":"https:\/\/blogit.gradia.fi\/digipalvelut\/#organization"},"potentialAction":[{"@type":"SearchAction","target":{"@type":"EntryPoint","urlTemplate":"https:\/\/blogit.gradia.fi\/digipalvelut\/?s={search_term_string}"},"query-input":{"@type":"PropertyValueSpecification","valueRequired":true,"valueName":"search_term_string"}}],"inLanguage":"fi"},{"@type":"Organization","@id":"https:\/\/blogit.gradia.fi\/digipalvelut\/#organization","name":"Gradia Digipalvelut","url":"https:\/\/blogit.gradia.fi\/digipalvelut\/","logo":{"@type":"ImageObject","inLanguage":"fi","@id":"https:\/\/blogit.gradia.fi\/digipalvelut\/#\/schema\/logo\/image\/","url":"https:\/\/blogit.gradia.fi\/digipalvelut\/wp-content\/uploads\/sites\/99\/2019\/06\/cropped-Gradia_logo_Cyber_TRANSPARENT.png","contentUrl":"https:\/\/blogit.gradia.fi\/digipalvelut\/wp-content\/uploads\/sites\/99\/2019\/06\/cropped-Gradia_logo_Cyber_TRANSPARENT.png","width":316,"height":382,"caption":"Gradia Digipalvelut"},"image":{"@id":"https:\/\/blogit.gradia.fi\/digipalvelut\/#\/schema\/logo\/image\/"}}]}},"uagb_featured_image_src":{"full":false,"thumbnail":false,"medium":false,"medium_large":false,"large":false,"1536x1536":false,"2048x2048":false,"hestia-blog":false},"uagb_author_info":{"display_name":"Heini Pennanen","author_link":"https:\/\/blogit.gradia.fi\/digipalvelut\/author\/pennahei\/"},"uagb_comment_info":0,"uagb_excerpt":"Voit hallita omalla Moodle-ty\u00f6p\u00f6yd\u00e4ll\u00e4si n\u00e4kyvi\u00e4 kursseja merkitsem\u00e4ll\u00e4 kursseja suosikeiksi tai poistamalla haluamiasi kursseja ty\u00f6p\u00f6yt\u00e4n\u00e4kym\u00e4st\u00e4si. Kurssin poistaminen ty\u00f6p\u00f6yt\u00e4n\u00e4kym\u00e4st\u00e4 Mene omalle Moodle-ty\u00f6p\u00f6yd\u00e4llesi. Paina haluamasi kurssin kuvan alla olevaa kolmea pistett\u00e4. Valitse poista n\u00e4kym\u00e4st\u00e4ni Kurssin lis\u00e4\u00e4minen suosikiksi Mene omalle Moodle-ty\u00f6p\u00f6yd\u00e4llesi. Paina haluamasi kurssin kuvan alla olevaa kolmea pistett\u00e4. Valitse Merkitse suosikiksi Valitse ty\u00f6p\u00f6yd\u00e4n [&hellip;]","_links":{"self":[{"href":"https:\/\/blogit.gradia.fi\/digipalvelut\/wp-json\/wp\/v2\/pages\/2215","targetHints":{"allow":["GET"]}}],"collection":[{"href":"https:\/\/blogit.gradia.fi\/digipalvelut\/wp-json\/wp\/v2\/pages"}],"about":[{"href":"https:\/\/blogit.gradia.fi\/digipalvelut\/wp-json\/wp\/v2\/types\/page"}],"author":[{"embeddable":true,"href":"https:\/\/blogit.gradia.fi\/digipalvelut\/wp-json\/wp\/v2\/users\/165"}],"replies":[{"embeddable":true,"href":"https:\/\/blogit.gradia.fi\/digipalvelut\/wp-json\/wp\/v2\/comments?post=2215"}],"version-history":[{"count":1,"href":"https:\/\/blogit.gradia.fi\/digipalvelut\/wp-json\/wp\/v2\/pages\/2215\/revisions"}],"predecessor-version":[{"id":2219,"href":"https:\/\/blogit.gradia.fi\/digipalvelut\/wp-json\/wp\/v2\/pages\/2215\/revisions\/2219"}],"up":[{"embeddable":true,"href":"https:\/\/blogit.gradia.fi\/digipalvelut\/wp-json\/wp\/v2\/pages\/76"}],"wp:attachment":[{"href":"https:\/\/blogit.gradia.fi\/digipalvelut\/wp-json\/wp\/v2\/media?parent=2215"}],"curies":[{"name":"wp","href":"https:\/\/api.w.org\/{rel}","templated":true}]}}