{"id":2205,"date":"2022-10-18T15:54:29","date_gmt":"2022-10-18T12:54:29","guid":{"rendered":"https:\/\/blogit.gradia.fi\/digipalvelut\/?page_id=2205"},"modified":"2022-10-19T14:16:42","modified_gmt":"2022-10-19T11:16:42","slug":"moodle-tyotilan-arkistointi","status":"publish","type":"page","link":"https:\/\/blogit.gradia.fi\/digipalvelut\/ohjeita-ja-vinkkeja\/moodle\/moodle-tyotilan-arkistointi\/","title":{"rendered":"Moodle-ty\u00f6tilan arkistointi"},"content":{"rendered":"\n<p>Voit arkistoida vanhat, jo pidetyt Moodle-opintojaksosi <strong>Hallintaty\u00f6kaluista<\/strong> l\u00f6ytyv\u00e4ll\u00e4 <strong>Siirr\u00e4 kurssi arkistoon<\/strong> -painikkeella. Arkistoon siirretty kurssi s\u00e4ilyy 36 kuukautta, jonka j\u00e4lkeen kurssin opettaja saa j\u00e4rjestelm\u00e4st\u00e4 viestin, joka ilmoittaa kurssin siirtymisest\u00e4 automaattiseen poistoon. <\/p>\n\n\n\n<figure class=\"wp-block-image size-medium is-resized\"><img fetchpriority=\"high\" decoding=\"async\" src=\"https:\/\/blogit.gradia.fi\/digipalvelut\/wp-content\/uploads\/sites\/99\/2022\/10\/Hallinta-160x300.png\" alt=\"Kuva Moodlen hallintaty\u00f6kaluissa olevasta Siirr\u00e4 kurssi arkistoon painikkeesta\" class=\"wp-image-2206\" width=\"209\" height=\"391\" srcset=\"https:\/\/blogit.gradia.fi\/digipalvelut\/wp-content\/uploads\/sites\/99\/2022\/10\/Hallinta-160x300.png 160w, https:\/\/blogit.gradia.fi\/digipalvelut\/wp-content\/uploads\/sites\/99\/2022\/10\/Hallinta-547x1024.png 547w, https:\/\/blogit.gradia.fi\/digipalvelut\/wp-content\/uploads\/sites\/99\/2022\/10\/Hallinta-620x1162.png 620w, https:\/\/blogit.gradia.fi\/digipalvelut\/wp-content\/uploads\/sites\/99\/2022\/10\/Hallinta.png 759w\" sizes=\"(max-width: 209px) 100vw, 209px\" \/><\/figure>\n\n\n\n<p>Kurssi poistuu lopullisesti 4 kuukauden kuluttua viestin l\u00e4hett\u00e4misest\u00e4. T\u00e4m\u00e4 ei vaadi opettajalta mit\u00e4\u00e4n toimenpiteit\u00e4. Mik\u00e4li viestin saatuasi koet, ett\u00e4 kurssia ei voi poistaa, ole yhteydess\u00e4 Digipalveluihin.<\/p>\n\n\n\n<p><strong>Opettaja voi valita, onko arkistoitu kurssi n\u00e4kyv\u00e4 vai piilotettu<\/strong>. Opiskelijat p\u00e4\u00e4sev\u00e4t n\u00e4kyville kursseille, mutta piilotetuille kursseille p\u00e4\u00e4see vain kurssin opettajat.<\/p>\n\n\n\n<p>Huomaathan, ett\u00e4 arkistoidut kurssit eiv\u00e4t poistu omalta tai opiskelijoiden ty\u00f6p\u00f6yd\u00e4lt\u00e4. Suosittelemme siivoamaan omaa Moodle-ty\u00f6p\u00f6yt\u00e4n\u00e4kym\u00e4\u00e4 ja poistamaan vanhat kurssit \u201dpoista n\u00e4kym\u00e4st\u00e4\u201d toiminnolla.  <a href=\"https:\/\/blogit.gradia.fi\/digipalvelut\/ohjeita-ja-vinkkeja\/moodle\/valitse-tyopoydallasi-nakyvat-kurssit\/\" target=\"_blank\" rel=\"noreferrer noopener\">Lue ohje oman ty\u00f6p\u00f6yt\u00e4n\u00e4kym\u00e4n hallintaan.<\/a><\/p>\n\n\n\n<figure class=\"wp-block-image size-full\"><img decoding=\"async\" width=\"999\" height=\"603\" src=\"https:\/\/blogit.gradia.fi\/digipalvelut\/wp-content\/uploads\/sites\/99\/2022\/10\/Arkiston-aikajana.png\" alt=\"Aikajana kurssien siirtymisest\u00e4 Moodlen arkistoinnissa poistoon.\" class=\"wp-image-2207\" srcset=\"https:\/\/blogit.gradia.fi\/digipalvelut\/wp-content\/uploads\/sites\/99\/2022\/10\/Arkiston-aikajana.png 999w, https:\/\/blogit.gradia.fi\/digipalvelut\/wp-content\/uploads\/sites\/99\/2022\/10\/Arkiston-aikajana-300x181.png 300w, https:\/\/blogit.gradia.fi\/digipalvelut\/wp-content\/uploads\/sites\/99\/2022\/10\/Arkiston-aikajana-768x464.png 768w, https:\/\/blogit.gradia.fi\/digipalvelut\/wp-content\/uploads\/sites\/99\/2022\/10\/Arkiston-aikajana-620x374.png 620w\" sizes=\"(max-width: 999px) 100vw, 999px\" \/><figcaption>Arkistoidut Moodle-kurssit s\u00e4ilyv\u00e4t 36 kk ja siirtyv\u00e4t t\u00e4m\u00e4n j\u00e4lkeen Poisto-kategoriaan, josta ne poistuvat automaattisesti 4 kuukauden p\u00e4\u00e4st\u00e4.<\/figcaption><\/figure>\n","protected":false},"excerpt":{"rendered":"<p>Voit arkistoida vanhat, jo pidetyt Moodle-opintojaksosi Hallintaty\u00f6kaluista l\u00f6ytyv\u00e4ll\u00e4 Siirr\u00e4 kurssi arkistoon -painikkeella. Arkistoon siirretty kurssi s\u00e4ilyy 36 kuukautta, jonka j\u00e4lkeen kurssin opettaja saa j\u00e4rjestelm\u00e4st\u00e4 viestin, joka ilmoittaa kurssin siirtymisest\u00e4 automaattiseen poistoon. Kurssi poistuu lopullisesti 4 kuukauden kuluttua viestin l\u00e4hett\u00e4misest\u00e4. T\u00e4m\u00e4 ei vaadi opettajalta mit\u00e4\u00e4n toimenpiteit\u00e4. Mik\u00e4li viestin saatuasi koet, ett\u00e4 [&hellip;]<\/p>\n","protected":false},"author":165,"featured_media":0,"parent":76,"menu_order":0,"comment_status":"closed","ping_status":"closed","template":"","meta":{"_uag_custom_page_level_css":"","footnotes":""},"class_list":["post-2205","page","type-page","status-publish","hentry"],"yoast_head":"<!-- This site is optimized with the Yoast SEO plugin v27.4 - https:\/\/yoast.com\/product\/yoast-seo-wordpress\/ -->\n<title>Moodle-ty\u00f6tilan arkistointi - Gradia Digipalvelut<\/title>\n<meta name=\"robots\" content=\"index, follow, max-snippet:-1, max-image-preview:large, max-video-preview:-1\" \/>\n<link rel=\"canonical\" href=\"https:\/\/blogit.gradia.fi\/digipalvelut\/ohjeita-ja-vinkkeja\/moodle\/moodle-tyotilan-arkistointi\/\" \/>\n<meta property=\"og:locale\" content=\"fi_FI\" \/>\n<meta property=\"og:type\" content=\"article\" \/>\n<meta property=\"og:title\" content=\"Moodle-ty\u00f6tilan arkistointi - Gradia Digipalvelut\" \/>\n<meta property=\"og:description\" content=\"Voit arkistoida vanhat, jo pidetyt Moodle-opintojaksosi Hallintaty\u00f6kaluista l\u00f6ytyv\u00e4ll\u00e4 Siirr\u00e4 kurssi arkistoon -painikkeella. Arkistoon siirretty kurssi s\u00e4ilyy 36 kuukautta, jonka j\u00e4lkeen kurssin opettaja saa j\u00e4rjestelm\u00e4st\u00e4 viestin, joka ilmoittaa kurssin siirtymisest\u00e4 automaattiseen poistoon. Kurssi poistuu lopullisesti 4 kuukauden kuluttua viestin l\u00e4hett\u00e4misest\u00e4. T\u00e4m\u00e4 ei vaadi opettajalta mit\u00e4\u00e4n toimenpiteit\u00e4. Mik\u00e4li viestin saatuasi koet, ett\u00e4 [&hellip;]\" \/>\n<meta property=\"og:url\" content=\"https:\/\/blogit.gradia.fi\/digipalvelut\/ohjeita-ja-vinkkeja\/moodle\/moodle-tyotilan-arkistointi\/\" \/>\n<meta property=\"og:site_name\" content=\"Gradia Digipalvelut\" \/>\n<meta property=\"article:modified_time\" content=\"2022-10-19T11:16:42+00:00\" \/>\n<meta property=\"og:image\" content=\"https:\/\/blogit.gradia.fi\/digipalvelut\/wp-content\/uploads\/sites\/99\/2022\/10\/Hallinta-160x300.png\" \/>\n<meta name=\"twitter:card\" content=\"summary_large_image\" \/>\n<meta name=\"twitter:label1\" content=\"Arvioitu lukuaika\" \/>\n\t<meta name=\"twitter:data1\" content=\"2 minuuttia\" \/>\n<script type=\"application\/ld+json\" class=\"yoast-schema-graph\">{\"@context\":\"https:\\\/\\\/schema.org\",\"@graph\":[{\"@type\":\"WebPage\",\"@id\":\"https:\\\/\\\/blogit.gradia.fi\\\/digipalvelut\\\/ohjeita-ja-vinkkeja\\\/moodle\\\/moodle-tyotilan-arkistointi\\\/\",\"url\":\"https:\\\/\\\/blogit.gradia.fi\\\/digipalvelut\\\/ohjeita-ja-vinkkeja\\\/moodle\\\/moodle-tyotilan-arkistointi\\\/\",\"name\":\"Moodle-ty\u00f6tilan arkistointi - Gradia Digipalvelut\",\"isPartOf\":{\"@id\":\"https:\\\/\\\/blogit.gradia.fi\\\/digipalvelut\\\/#website\"},\"primaryImageOfPage\":{\"@id\":\"https:\\\/\\\/blogit.gradia.fi\\\/digipalvelut\\\/ohjeita-ja-vinkkeja\\\/moodle\\\/moodle-tyotilan-arkistointi\\\/#primaryimage\"},\"image\":{\"@id\":\"https:\\\/\\\/blogit.gradia.fi\\\/digipalvelut\\\/ohjeita-ja-vinkkeja\\\/moodle\\\/moodle-tyotilan-arkistointi\\\/#primaryimage\"},\"thumbnailUrl\":\"https:\\\/\\\/blogit.gradia.fi\\\/digipalvelut\\\/wp-content\\\/uploads\\\/sites\\\/99\\\/2022\\\/10\\\/Hallinta-160x300.png\",\"datePublished\":\"2022-10-18T12:54:29+00:00\",\"dateModified\":\"2022-10-19T11:16:42+00:00\",\"breadcrumb\":{\"@id\":\"https:\\\/\\\/blogit.gradia.fi\\\/digipalvelut\\\/ohjeita-ja-vinkkeja\\\/moodle\\\/moodle-tyotilan-arkistointi\\\/#breadcrumb\"},\"inLanguage\":\"fi\",\"potentialAction\":[{\"@type\":\"ReadAction\",\"target\":[\"https:\\\/\\\/blogit.gradia.fi\\\/digipalvelut\\\/ohjeita-ja-vinkkeja\\\/moodle\\\/moodle-tyotilan-arkistointi\\\/\"]}]},{\"@type\":\"ImageObject\",\"inLanguage\":\"fi\",\"@id\":\"https:\\\/\\\/blogit.gradia.fi\\\/digipalvelut\\\/ohjeita-ja-vinkkeja\\\/moodle\\\/moodle-tyotilan-arkistointi\\\/#primaryimage\",\"url\":\"https:\\\/\\\/blogit.gradia.fi\\\/digipalvelut\\\/wp-content\\\/uploads\\\/sites\\\/99\\\/2022\\\/10\\\/Hallinta.png\",\"contentUrl\":\"https:\\\/\\\/blogit.gradia.fi\\\/digipalvelut\\\/wp-content\\\/uploads\\\/sites\\\/99\\\/2022\\\/10\\\/Hallinta.png\",\"width\":759,\"height\":1422},{\"@type\":\"BreadcrumbList\",\"@id\":\"https:\\\/\\\/blogit.gradia.fi\\\/digipalvelut\\\/ohjeita-ja-vinkkeja\\\/moodle\\\/moodle-tyotilan-arkistointi\\\/#breadcrumb\",\"itemListElement\":[{\"@type\":\"ListItem\",\"position\":1,\"name\":\"Ohjeita ja vinkkej\u00e4\",\"item\":\"https:\\\/\\\/blogit.gradia.fi\\\/digipalvelut\\\/ohjeita-ja-vinkkeja\\\/\"},{\"@type\":\"ListItem\",\"position\":2,\"name\":\"Moodle\",\"item\":\"https:\\\/\\\/blogit.gradia.fi\\\/digipalvelut\\\/ohjeita-ja-vinkkeja\\\/moodle\\\/\"},{\"@type\":\"ListItem\",\"position\":3,\"name\":\"Moodle-ty\u00f6tilan arkistointi\"}]},{\"@type\":\"WebSite\",\"@id\":\"https:\\\/\\\/blogit.gradia.fi\\\/digipalvelut\\\/#website\",\"url\":\"https:\\\/\\\/blogit.gradia.fi\\\/digipalvelut\\\/\",\"name\":\"Gradia Digipalvelut\",\"description\":\"Astetta enemm\u00e4n digi\u00e4\",\"publisher\":{\"@id\":\"https:\\\/\\\/blogit.gradia.fi\\\/digipalvelut\\\/#organization\"},\"potentialAction\":[{\"@type\":\"SearchAction\",\"target\":{\"@type\":\"EntryPoint\",\"urlTemplate\":\"https:\\\/\\\/blogit.gradia.fi\\\/digipalvelut\\\/?s={search_term_string}\"},\"query-input\":{\"@type\":\"PropertyValueSpecification\",\"valueRequired\":true,\"valueName\":\"search_term_string\"}}],\"inLanguage\":\"fi\"},{\"@type\":\"Organization\",\"@id\":\"https:\\\/\\\/blogit.gradia.fi\\\/digipalvelut\\\/#organization\",\"name\":\"Gradia Digipalvelut\",\"url\":\"https:\\\/\\\/blogit.gradia.fi\\\/digipalvelut\\\/\",\"logo\":{\"@type\":\"ImageObject\",\"inLanguage\":\"fi\",\"@id\":\"https:\\\/\\\/blogit.gradia.fi\\\/digipalvelut\\\/#\\\/schema\\\/logo\\\/image\\\/\",\"url\":\"https:\\\/\\\/blogit.gradia.fi\\\/digipalvelut\\\/wp-content\\\/uploads\\\/sites\\\/99\\\/2019\\\/06\\\/cropped-Gradia_logo_Cyber_TRANSPARENT.png\",\"contentUrl\":\"https:\\\/\\\/blogit.gradia.fi\\\/digipalvelut\\\/wp-content\\\/uploads\\\/sites\\\/99\\\/2019\\\/06\\\/cropped-Gradia_logo_Cyber_TRANSPARENT.png\",\"width\":316,\"height\":382,\"caption\":\"Gradia Digipalvelut\"},\"image\":{\"@id\":\"https:\\\/\\\/blogit.gradia.fi\\\/digipalvelut\\\/#\\\/schema\\\/logo\\\/image\\\/\"}}]}<\/script>\n<!-- \/ Yoast SEO plugin. -->","yoast_head_json":{"title":"Moodle-ty\u00f6tilan arkistointi - Gradia Digipalvelut","robots":{"index":"index","follow":"follow","max-snippet":"max-snippet:-1","max-image-preview":"max-image-preview:large","max-video-preview":"max-video-preview:-1"},"canonical":"https:\/\/blogit.gradia.fi\/digipalvelut\/ohjeita-ja-vinkkeja\/moodle\/moodle-tyotilan-arkistointi\/","og_locale":"fi_FI","og_type":"article","og_title":"Moodle-ty\u00f6tilan arkistointi - Gradia Digipalvelut","og_description":"Voit arkistoida vanhat, jo pidetyt Moodle-opintojaksosi Hallintaty\u00f6kaluista l\u00f6ytyv\u00e4ll\u00e4 Siirr\u00e4 kurssi arkistoon -painikkeella. Arkistoon siirretty kurssi s\u00e4ilyy 36 kuukautta, jonka j\u00e4lkeen kurssin opettaja saa j\u00e4rjestelm\u00e4st\u00e4 viestin, joka ilmoittaa kurssin siirtymisest\u00e4 automaattiseen poistoon. Kurssi poistuu lopullisesti 4 kuukauden kuluttua viestin l\u00e4hett\u00e4misest\u00e4. T\u00e4m\u00e4 ei vaadi opettajalta mit\u00e4\u00e4n toimenpiteit\u00e4. Mik\u00e4li viestin saatuasi koet, ett\u00e4 [&hellip;]","og_url":"https:\/\/blogit.gradia.fi\/digipalvelut\/ohjeita-ja-vinkkeja\/moodle\/moodle-tyotilan-arkistointi\/","og_site_name":"Gradia Digipalvelut","article_modified_time":"2022-10-19T11:16:42+00:00","og_image":[{"url":"https:\/\/blogit.gradia.fi\/digipalvelut\/wp-content\/uploads\/sites\/99\/2022\/10\/Hallinta-160x300.png","type":"","width":"","height":""}],"twitter_card":"summary_large_image","twitter_misc":{"Arvioitu lukuaika":"2 minuuttia"},"schema":{"@context":"https:\/\/schema.org","@graph":[{"@type":"WebPage","@id":"https:\/\/blogit.gradia.fi\/digipalvelut\/ohjeita-ja-vinkkeja\/moodle\/moodle-tyotilan-arkistointi\/","url":"https:\/\/blogit.gradia.fi\/digipalvelut\/ohjeita-ja-vinkkeja\/moodle\/moodle-tyotilan-arkistointi\/","name":"Moodle-ty\u00f6tilan arkistointi - Gradia Digipalvelut","isPartOf":{"@id":"https:\/\/blogit.gradia.fi\/digipalvelut\/#website"},"primaryImageOfPage":{"@id":"https:\/\/blogit.gradia.fi\/digipalvelut\/ohjeita-ja-vinkkeja\/moodle\/moodle-tyotilan-arkistointi\/#primaryimage"},"image":{"@id":"https:\/\/blogit.gradia.fi\/digipalvelut\/ohjeita-ja-vinkkeja\/moodle\/moodle-tyotilan-arkistointi\/#primaryimage"},"thumbnailUrl":"https:\/\/blogit.gradia.fi\/digipalvelut\/wp-content\/uploads\/sites\/99\/2022\/10\/Hallinta-160x300.png","datePublished":"2022-10-18T12:54:29+00:00","dateModified":"2022-10-19T11:16:42+00:00","breadcrumb":{"@id":"https:\/\/blogit.gradia.fi\/digipalvelut\/ohjeita-ja-vinkkeja\/moodle\/moodle-tyotilan-arkistointi\/#breadcrumb"},"inLanguage":"fi","potentialAction":[{"@type":"ReadAction","target":["https:\/\/blogit.gradia.fi\/digipalvelut\/ohjeita-ja-vinkkeja\/moodle\/moodle-tyotilan-arkistointi\/"]}]},{"@type":"ImageObject","inLanguage":"fi","@id":"https:\/\/blogit.gradia.fi\/digipalvelut\/ohjeita-ja-vinkkeja\/moodle\/moodle-tyotilan-arkistointi\/#primaryimage","url":"https:\/\/blogit.gradia.fi\/digipalvelut\/wp-content\/uploads\/sites\/99\/2022\/10\/Hallinta.png","contentUrl":"https:\/\/blogit.gradia.fi\/digipalvelut\/wp-content\/uploads\/sites\/99\/2022\/10\/Hallinta.png","width":759,"height":1422},{"@type":"BreadcrumbList","@id":"https:\/\/blogit.gradia.fi\/digipalvelut\/ohjeita-ja-vinkkeja\/moodle\/moodle-tyotilan-arkistointi\/#breadcrumb","itemListElement":[{"@type":"ListItem","position":1,"name":"Ohjeita ja vinkkej\u00e4","item":"https:\/\/blogit.gradia.fi\/digipalvelut\/ohjeita-ja-vinkkeja\/"},{"@type":"ListItem","position":2,"name":"Moodle","item":"https:\/\/blogit.gradia.fi\/digipalvelut\/ohjeita-ja-vinkkeja\/moodle\/"},{"@type":"ListItem","position":3,"name":"Moodle-ty\u00f6tilan arkistointi"}]},{"@type":"WebSite","@id":"https:\/\/blogit.gradia.fi\/digipalvelut\/#website","url":"https:\/\/blogit.gradia.fi\/digipalvelut\/","name":"Gradia Digipalvelut","description":"Astetta enemm\u00e4n digi\u00e4","publisher":{"@id":"https:\/\/blogit.gradia.fi\/digipalvelut\/#organization"},"potentialAction":[{"@type":"SearchAction","target":{"@type":"EntryPoint","urlTemplate":"https:\/\/blogit.gradia.fi\/digipalvelut\/?s={search_term_string}"},"query-input":{"@type":"PropertyValueSpecification","valueRequired":true,"valueName":"search_term_string"}}],"inLanguage":"fi"},{"@type":"Organization","@id":"https:\/\/blogit.gradia.fi\/digipalvelut\/#organization","name":"Gradia Digipalvelut","url":"https:\/\/blogit.gradia.fi\/digipalvelut\/","logo":{"@type":"ImageObject","inLanguage":"fi","@id":"https:\/\/blogit.gradia.fi\/digipalvelut\/#\/schema\/logo\/image\/","url":"https:\/\/blogit.gradia.fi\/digipalvelut\/wp-content\/uploads\/sites\/99\/2019\/06\/cropped-Gradia_logo_Cyber_TRANSPARENT.png","contentUrl":"https:\/\/blogit.gradia.fi\/digipalvelut\/wp-content\/uploads\/sites\/99\/2019\/06\/cropped-Gradia_logo_Cyber_TRANSPARENT.png","width":316,"height":382,"caption":"Gradia Digipalvelut"},"image":{"@id":"https:\/\/blogit.gradia.fi\/digipalvelut\/#\/schema\/logo\/image\/"}}]}},"uagb_featured_image_src":{"full":false,"thumbnail":false,"medium":false,"medium_large":false,"large":false,"1536x1536":false,"2048x2048":false,"hestia-blog":false},"uagb_author_info":{"display_name":"Heini Pennanen","author_link":"https:\/\/blogit.gradia.fi\/digipalvelut\/author\/pennahei\/"},"uagb_comment_info":0,"uagb_excerpt":"Voit arkistoida vanhat, jo pidetyt Moodle-opintojaksosi Hallintaty\u00f6kaluista l\u00f6ytyv\u00e4ll\u00e4 Siirr\u00e4 kurssi arkistoon -painikkeella. Arkistoon siirretty kurssi s\u00e4ilyy 36 kuukautta, jonka j\u00e4lkeen kurssin opettaja saa j\u00e4rjestelm\u00e4st\u00e4 viestin, joka ilmoittaa kurssin siirtymisest\u00e4 automaattiseen poistoon. Kurssi poistuu lopullisesti 4 kuukauden kuluttua viestin l\u00e4hett\u00e4misest\u00e4. T\u00e4m\u00e4 ei vaadi opettajalta mit\u00e4\u00e4n toimenpiteit\u00e4. Mik\u00e4li viestin saatuasi koet, ett\u00e4 [&hellip;]","_links":{"self":[{"href":"https:\/\/blogit.gradia.fi\/digipalvelut\/wp-json\/wp\/v2\/pages\/2205","targetHints":{"allow":["GET"]}}],"collection":[{"href":"https:\/\/blogit.gradia.fi\/digipalvelut\/wp-json\/wp\/v2\/pages"}],"about":[{"href":"https:\/\/blogit.gradia.fi\/digipalvelut\/wp-json\/wp\/v2\/types\/page"}],"author":[{"embeddable":true,"href":"https:\/\/blogit.gradia.fi\/digipalvelut\/wp-json\/wp\/v2\/users\/165"}],"replies":[{"embeddable":true,"href":"https:\/\/blogit.gradia.fi\/digipalvelut\/wp-json\/wp\/v2\/comments?post=2205"}],"version-history":[{"count":2,"href":"https:\/\/blogit.gradia.fi\/digipalvelut\/wp-json\/wp\/v2\/pages\/2205\/revisions"}],"predecessor-version":[{"id":2223,"href":"https:\/\/blogit.gradia.fi\/digipalvelut\/wp-json\/wp\/v2\/pages\/2205\/revisions\/2223"}],"up":[{"embeddable":true,"href":"https:\/\/blogit.gradia.fi\/digipalvelut\/wp-json\/wp\/v2\/pages\/76"}],"wp:attachment":[{"href":"https:\/\/blogit.gradia.fi\/digipalvelut\/wp-json\/wp\/v2\/media?parent=2205"}],"curies":[{"name":"wp","href":"https:\/\/api.w.org\/{rel}","templated":true}]}}