{"id":2189,"date":"2022-01-05T09:22:10","date_gmt":"2022-01-05T07:22:10","guid":{"rendered":"https:\/\/blogit.gradia.fi\/digipalvelut\/?page_id=2189"},"modified":"2022-01-05T09:22:11","modified_gmt":"2022-01-05T07:22:11","slug":"nain-aktivoit-f-secure-elements-mobile-protection-turvatuotteen-tyopuhelimeesi","status":"publish","type":"page","link":"https:\/\/blogit.gradia.fi\/digipalvelut\/nain-aktivoit-f-secure-elements-mobile-protection-turvatuotteen-tyopuhelimeesi\/","title":{"rendered":"N\u00e4in aktivoit F-Secure Elements Mobile Protection -turvatuotteen ty\u00f6puhelimeesi"},"content":{"rendered":"\n<figure class=\"wp-block-image size-full is-resized\"><img decoding=\"async\" src=\"https:\/\/blogit.gradia.fi\/digipalvelut\/wp-content\/uploads\/sites\/99\/2022\/01\/image.png\" alt=\"\" class=\"wp-image-2190\" width=\"108\" height=\"136\" srcset=\"https:\/\/blogit.gradia.fi\/digipalvelut\/wp-content\/uploads\/sites\/99\/2022\/01\/image.png 297w, https:\/\/blogit.gradia.fi\/digipalvelut\/wp-content\/uploads\/sites\/99\/2022\/01\/image-240x300.png 240w\" sizes=\"(max-width: 108px) 100vw, 108px\" \/><figcaption>Avaa F-Secure Elements Mobile Protection napauttamalla sovelluksen kuvaketta.<\/figcaption><\/figure>\n\n\n\n<figure class=\"wp-block-image size-large\"><img fetchpriority=\"high\" decoding=\"async\" width=\"1024\" height=\"443\" src=\"https:\/\/blogit.gradia.fi\/digipalvelut\/wp-content\/uploads\/sites\/99\/2022\/01\/image-1-1024x443.png\" alt=\"\" class=\"wp-image-2191\" srcset=\"https:\/\/blogit.gradia.fi\/digipalvelut\/wp-content\/uploads\/sites\/99\/2022\/01\/image-1-1024x443.png 1024w, https:\/\/blogit.gradia.fi\/digipalvelut\/wp-content\/uploads\/sites\/99\/2022\/01\/image-1-300x130.png 300w, https:\/\/blogit.gradia.fi\/digipalvelut\/wp-content\/uploads\/sites\/99\/2022\/01\/image-1-768x333.png 768w, https:\/\/blogit.gradia.fi\/digipalvelut\/wp-content\/uploads\/sites\/99\/2022\/01\/image-1-1536x665.png 1536w, https:\/\/blogit.gradia.fi\/digipalvelut\/wp-content\/uploads\/sites\/99\/2022\/01\/image-1-620x268.png 620w, https:\/\/blogit.gradia.fi\/digipalvelut\/wp-content\/uploads\/sites\/99\/2022\/01\/image-1.png 1679w\" sizes=\"(max-width: 1024px) 100vw, 1024px\" \/><figcaption>&#8211; Valitse <strong>OK<\/strong><br>&#8211; Valitse <strong>Salli<\/strong><br>&#8211; <strong>Siirr\u00e4 liukukytkin oikeaan reunaan<\/strong><br>&#8211; Sovellus suorittaa automaattisen tarkastuksen<\/figcaption><\/figure>\n\n\n\n<figure class=\"wp-block-image size-large\"><img decoding=\"async\" width=\"1024\" height=\"442\" src=\"https:\/\/blogit.gradia.fi\/digipalvelut\/wp-content\/uploads\/sites\/99\/2022\/01\/image-2-1024x442.png\" alt=\"\" class=\"wp-image-2192\" srcset=\"https:\/\/blogit.gradia.fi\/digipalvelut\/wp-content\/uploads\/sites\/99\/2022\/01\/image-2-1024x442.png 1024w, https:\/\/blogit.gradia.fi\/digipalvelut\/wp-content\/uploads\/sites\/99\/2022\/01\/image-2-300x130.png 300w, https:\/\/blogit.gradia.fi\/digipalvelut\/wp-content\/uploads\/sites\/99\/2022\/01\/image-2-768x332.png 768w, https:\/\/blogit.gradia.fi\/digipalvelut\/wp-content\/uploads\/sites\/99\/2022\/01\/image-2-1536x664.png 1536w, https:\/\/blogit.gradia.fi\/digipalvelut\/wp-content\/uploads\/sites\/99\/2022\/01\/image-2-620x268.png 620w, https:\/\/blogit.gradia.fi\/digipalvelut\/wp-content\/uploads\/sites\/99\/2022\/01\/image-2.png 1676w\" sizes=\"(max-width: 1024px) 100vw, 1024px\" \/><figcaption>&#8211; Klikkaamalla Malware Protection -linkki\u00e4 n\u00e4et tarkistetut tiedostot ja sovellukset<br>     &#8211; Klikkaamalla <strong>Tarkista<\/strong> -painiketta sovellus suorittaa matkapuhelimen tietoturvan tarkistuksen<br>&#8211; Verkon suojaus -linkin takaa l\u00f6ytyv\u00e4t VPN:\u00e4\u00e4n liittyv\u00e4t asetukset. <br>     &#8211; Suosittelemme laittamaan VPN:n p\u00e4\u00e4lle. Voit pit\u00e4\u00e4 VPN:n p\u00e4\u00e4ll\u00e4 aina.  <br>     &#8211; Ensimm\u00e4isell\u00e4 kerralla sovellus pyyt\u00e4\u00e4 my\u00f6s tarkistamaan Chromen\u00a0asetukset.<\/figcaption><\/figure>\n\n\n\n<p><strong>Onko k\u00e4yt\u00f6ss\u00e4si toinenkin matkapuhelin? <\/strong><\/p>\n\n\n\n<p>Saat F-Secure Elements Mobile Protection -turvatuotteen my\u00f6s ty\u00f6puhelimesi siviilipuolelle tai henkil\u00f6kohtaiseen laitteeseesi laittamalla tukipyynn\u00f6n Digipalveluihin <a href=\"https:\/\/palveluportaali.gradia.fi\" target=\"_blank\" rel=\"noreferrer noopener\">https:\/\/palveluportaali.gradia.fi<\/a> <\/p>\n","protected":false},"excerpt":{"rendered":"<p>Onko k\u00e4yt\u00f6ss\u00e4si toinenkin matkapuhelin? Saat F-Secure Elements Mobile Protection -turvatuotteen my\u00f6s ty\u00f6puhelimesi siviilipuolelle tai henkil\u00f6kohtaiseen laitteeseesi laittamalla tukipyynn\u00f6n Digipalveluihin https:\/\/palveluportaali.gradia.fi<\/p>\n","protected":false},"author":132,"featured_media":0,"parent":0,"menu_order":0,"comment_status":"closed","ping_status":"closed","template":"","meta":{"_uag_custom_page_level_css":"","footnotes":""},"class_list":["post-2189","page","type-page","status-publish","hentry"],"yoast_head":"<!-- This site is optimized with the Yoast SEO plugin v27.4 - https:\/\/yoast.com\/product\/yoast-seo-wordpress\/ -->\n<title>N\u00e4in aktivoit F-Secure Elements Mobile Protection -turvatuotteen ty\u00f6puhelimeesi - Gradia Digipalvelut<\/title>\n<meta name=\"description\" content=\"Ohje F-Secure Mobile Elements -tietoturvatuotteen aktivoimiseksi Gradian ty\u00f6puhelimissa.\" \/>\n<meta name=\"robots\" content=\"index, follow, max-snippet:-1, max-image-preview:large, max-video-preview:-1\" \/>\n<link rel=\"canonical\" href=\"https:\/\/blogit.gradia.fi\/digipalvelut\/nain-aktivoit-f-secure-elements-mobile-protection-turvatuotteen-tyopuhelimeesi\/\" \/>\n<meta property=\"og:locale\" content=\"fi_FI\" \/>\n<meta property=\"og:type\" content=\"article\" \/>\n<meta property=\"og:title\" content=\"N\u00e4in aktivoit F-Secure Elements Mobile Protection -turvatuotteen ty\u00f6puhelimeesi - Gradia Digipalvelut\" \/>\n<meta property=\"og:description\" content=\"Ohje F-Secure Mobile Elements -tietoturvatuotteen aktivoimiseksi Gradian ty\u00f6puhelimissa.\" \/>\n<meta property=\"og:url\" content=\"https:\/\/blogit.gradia.fi\/digipalvelut\/nain-aktivoit-f-secure-elements-mobile-protection-turvatuotteen-tyopuhelimeesi\/\" \/>\n<meta property=\"og:site_name\" content=\"Gradia Digipalvelut\" \/>\n<meta property=\"article:modified_time\" content=\"2022-01-05T07:22:11+00:00\" \/>\n<meta property=\"og:image\" content=\"https:\/\/blogit.gradia.fi\/digipalvelut\/wp-content\/uploads\/sites\/99\/2022\/01\/image.png\" \/>\n<meta name=\"twitter:card\" content=\"summary_large_image\" \/>\n<meta name=\"twitter:label1\" content=\"Arvioitu lukuaika\" \/>\n\t<meta name=\"twitter:data1\" content=\"2 minuuttia\" \/>\n<script type=\"application\/ld+json\" class=\"yoast-schema-graph\">{\"@context\":\"https:\\\/\\\/schema.org\",\"@graph\":[{\"@type\":\"WebPage\",\"@id\":\"https:\\\/\\\/blogit.gradia.fi\\\/digipalvelut\\\/nain-aktivoit-f-secure-elements-mobile-protection-turvatuotteen-tyopuhelimeesi\\\/\",\"url\":\"https:\\\/\\\/blogit.gradia.fi\\\/digipalvelut\\\/nain-aktivoit-f-secure-elements-mobile-protection-turvatuotteen-tyopuhelimeesi\\\/\",\"name\":\"N\u00e4in aktivoit F-Secure Elements Mobile Protection -turvatuotteen ty\u00f6puhelimeesi - Gradia Digipalvelut\",\"isPartOf\":{\"@id\":\"https:\\\/\\\/blogit.gradia.fi\\\/digipalvelut\\\/#website\"},\"primaryImageOfPage\":{\"@id\":\"https:\\\/\\\/blogit.gradia.fi\\\/digipalvelut\\\/nain-aktivoit-f-secure-elements-mobile-protection-turvatuotteen-tyopuhelimeesi\\\/#primaryimage\"},\"image\":{\"@id\":\"https:\\\/\\\/blogit.gradia.fi\\\/digipalvelut\\\/nain-aktivoit-f-secure-elements-mobile-protection-turvatuotteen-tyopuhelimeesi\\\/#primaryimage\"},\"thumbnailUrl\":\"https:\\\/\\\/blogit.gradia.fi\\\/digipalvelut\\\/wp-content\\\/uploads\\\/sites\\\/99\\\/2022\\\/01\\\/image.png\",\"datePublished\":\"2022-01-05T07:22:10+00:00\",\"dateModified\":\"2022-01-05T07:22:11+00:00\",\"description\":\"Ohje F-Secure Mobile Elements -tietoturvatuotteen aktivoimiseksi Gradian ty\u00f6puhelimissa.\",\"inLanguage\":\"fi\",\"potentialAction\":[{\"@type\":\"ReadAction\",\"target\":[\"https:\\\/\\\/blogit.gradia.fi\\\/digipalvelut\\\/nain-aktivoit-f-secure-elements-mobile-protection-turvatuotteen-tyopuhelimeesi\\\/\"]}]},{\"@type\":\"ImageObject\",\"inLanguage\":\"fi\",\"@id\":\"https:\\\/\\\/blogit.gradia.fi\\\/digipalvelut\\\/nain-aktivoit-f-secure-elements-mobile-protection-turvatuotteen-tyopuhelimeesi\\\/#primaryimage\",\"url\":\"https:\\\/\\\/blogit.gradia.fi\\\/digipalvelut\\\/wp-content\\\/uploads\\\/sites\\\/99\\\/2022\\\/01\\\/image.png\",\"contentUrl\":\"https:\\\/\\\/blogit.gradia.fi\\\/digipalvelut\\\/wp-content\\\/uploads\\\/sites\\\/99\\\/2022\\\/01\\\/image.png\",\"width\":297,\"height\":371},{\"@type\":\"WebSite\",\"@id\":\"https:\\\/\\\/blogit.gradia.fi\\\/digipalvelut\\\/#website\",\"url\":\"https:\\\/\\\/blogit.gradia.fi\\\/digipalvelut\\\/\",\"name\":\"Gradia Digipalvelut\",\"description\":\"Astetta enemm\u00e4n digi\u00e4\",\"publisher\":{\"@id\":\"https:\\\/\\\/blogit.gradia.fi\\\/digipalvelut\\\/#organization\"},\"potentialAction\":[{\"@type\":\"SearchAction\",\"target\":{\"@type\":\"EntryPoint\",\"urlTemplate\":\"https:\\\/\\\/blogit.gradia.fi\\\/digipalvelut\\\/?s={search_term_string}\"},\"query-input\":{\"@type\":\"PropertyValueSpecification\",\"valueRequired\":true,\"valueName\":\"search_term_string\"}}],\"inLanguage\":\"fi\"},{\"@type\":\"Organization\",\"@id\":\"https:\\\/\\\/blogit.gradia.fi\\\/digipalvelut\\\/#organization\",\"name\":\"Gradia Digipalvelut\",\"url\":\"https:\\\/\\\/blogit.gradia.fi\\\/digipalvelut\\\/\",\"logo\":{\"@type\":\"ImageObject\",\"inLanguage\":\"fi\",\"@id\":\"https:\\\/\\\/blogit.gradia.fi\\\/digipalvelut\\\/#\\\/schema\\\/logo\\\/image\\\/\",\"url\":\"https:\\\/\\\/blogit.gradia.fi\\\/digipalvelut\\\/wp-content\\\/uploads\\\/sites\\\/99\\\/2019\\\/06\\\/cropped-Gradia_logo_Cyber_TRANSPARENT.png\",\"contentUrl\":\"https:\\\/\\\/blogit.gradia.fi\\\/digipalvelut\\\/wp-content\\\/uploads\\\/sites\\\/99\\\/2019\\\/06\\\/cropped-Gradia_logo_Cyber_TRANSPARENT.png\",\"width\":316,\"height\":382,\"caption\":\"Gradia Digipalvelut\"},\"image\":{\"@id\":\"https:\\\/\\\/blogit.gradia.fi\\\/digipalvelut\\\/#\\\/schema\\\/logo\\\/image\\\/\"}}]}<\/script>\n<!-- \/ Yoast SEO plugin. -->","yoast_head_json":{"title":"N\u00e4in aktivoit F-Secure Elements Mobile Protection -turvatuotteen ty\u00f6puhelimeesi - Gradia Digipalvelut","description":"Ohje F-Secure Mobile Elements -tietoturvatuotteen aktivoimiseksi Gradian ty\u00f6puhelimissa.","robots":{"index":"index","follow":"follow","max-snippet":"max-snippet:-1","max-image-preview":"max-image-preview:large","max-video-preview":"max-video-preview:-1"},"canonical":"https:\/\/blogit.gradia.fi\/digipalvelut\/nain-aktivoit-f-secure-elements-mobile-protection-turvatuotteen-tyopuhelimeesi\/","og_locale":"fi_FI","og_type":"article","og_title":"N\u00e4in aktivoit F-Secure Elements Mobile Protection -turvatuotteen ty\u00f6puhelimeesi - Gradia Digipalvelut","og_description":"Ohje F-Secure Mobile Elements -tietoturvatuotteen aktivoimiseksi Gradian ty\u00f6puhelimissa.","og_url":"https:\/\/blogit.gradia.fi\/digipalvelut\/nain-aktivoit-f-secure-elements-mobile-protection-turvatuotteen-tyopuhelimeesi\/","og_site_name":"Gradia Digipalvelut","article_modified_time":"2022-01-05T07:22:11+00:00","og_image":[{"url":"https:\/\/blogit.gradia.fi\/digipalvelut\/wp-content\/uploads\/sites\/99\/2022\/01\/image.png","type":"","width":"","height":""}],"twitter_card":"summary_large_image","twitter_misc":{"Arvioitu lukuaika":"2 minuuttia"},"schema":{"@context":"https:\/\/schema.org","@graph":[{"@type":"WebPage","@id":"https:\/\/blogit.gradia.fi\/digipalvelut\/nain-aktivoit-f-secure-elements-mobile-protection-turvatuotteen-tyopuhelimeesi\/","url":"https:\/\/blogit.gradia.fi\/digipalvelut\/nain-aktivoit-f-secure-elements-mobile-protection-turvatuotteen-tyopuhelimeesi\/","name":"N\u00e4in aktivoit F-Secure Elements Mobile Protection -turvatuotteen ty\u00f6puhelimeesi - Gradia Digipalvelut","isPartOf":{"@id":"https:\/\/blogit.gradia.fi\/digipalvelut\/#website"},"primaryImageOfPage":{"@id":"https:\/\/blogit.gradia.fi\/digipalvelut\/nain-aktivoit-f-secure-elements-mobile-protection-turvatuotteen-tyopuhelimeesi\/#primaryimage"},"image":{"@id":"https:\/\/blogit.gradia.fi\/digipalvelut\/nain-aktivoit-f-secure-elements-mobile-protection-turvatuotteen-tyopuhelimeesi\/#primaryimage"},"thumbnailUrl":"https:\/\/blogit.gradia.fi\/digipalvelut\/wp-content\/uploads\/sites\/99\/2022\/01\/image.png","datePublished":"2022-01-05T07:22:10+00:00","dateModified":"2022-01-05T07:22:11+00:00","description":"Ohje F-Secure Mobile Elements -tietoturvatuotteen aktivoimiseksi Gradian ty\u00f6puhelimissa.","inLanguage":"fi","potentialAction":[{"@type":"ReadAction","target":["https:\/\/blogit.gradia.fi\/digipalvelut\/nain-aktivoit-f-secure-elements-mobile-protection-turvatuotteen-tyopuhelimeesi\/"]}]},{"@type":"ImageObject","inLanguage":"fi","@id":"https:\/\/blogit.gradia.fi\/digipalvelut\/nain-aktivoit-f-secure-elements-mobile-protection-turvatuotteen-tyopuhelimeesi\/#primaryimage","url":"https:\/\/blogit.gradia.fi\/digipalvelut\/wp-content\/uploads\/sites\/99\/2022\/01\/image.png","contentUrl":"https:\/\/blogit.gradia.fi\/digipalvelut\/wp-content\/uploads\/sites\/99\/2022\/01\/image.png","width":297,"height":371},{"@type":"WebSite","@id":"https:\/\/blogit.gradia.fi\/digipalvelut\/#website","url":"https:\/\/blogit.gradia.fi\/digipalvelut\/","name":"Gradia Digipalvelut","description":"Astetta enemm\u00e4n digi\u00e4","publisher":{"@id":"https:\/\/blogit.gradia.fi\/digipalvelut\/#organization"},"potentialAction":[{"@type":"SearchAction","target":{"@type":"EntryPoint","urlTemplate":"https:\/\/blogit.gradia.fi\/digipalvelut\/?s={search_term_string}"},"query-input":{"@type":"PropertyValueSpecification","valueRequired":true,"valueName":"search_term_string"}}],"inLanguage":"fi"},{"@type":"Organization","@id":"https:\/\/blogit.gradia.fi\/digipalvelut\/#organization","name":"Gradia Digipalvelut","url":"https:\/\/blogit.gradia.fi\/digipalvelut\/","logo":{"@type":"ImageObject","inLanguage":"fi","@id":"https:\/\/blogit.gradia.fi\/digipalvelut\/#\/schema\/logo\/image\/","url":"https:\/\/blogit.gradia.fi\/digipalvelut\/wp-content\/uploads\/sites\/99\/2019\/06\/cropped-Gradia_logo_Cyber_TRANSPARENT.png","contentUrl":"https:\/\/blogit.gradia.fi\/digipalvelut\/wp-content\/uploads\/sites\/99\/2019\/06\/cropped-Gradia_logo_Cyber_TRANSPARENT.png","width":316,"height":382,"caption":"Gradia Digipalvelut"},"image":{"@id":"https:\/\/blogit.gradia.fi\/digipalvelut\/#\/schema\/logo\/image\/"}}]}},"uagb_featured_image_src":{"full":false,"thumbnail":false,"medium":false,"medium_large":false,"large":false,"1536x1536":false,"2048x2048":false,"hestia-blog":false},"uagb_author_info":{"display_name":"Hanna Rajala","author_link":"https:\/\/blogit.gradia.fi\/digipalvelut\/author\/rajalhan\/"},"uagb_comment_info":0,"uagb_excerpt":"Onko k\u00e4yt\u00f6ss\u00e4si toinenkin matkapuhelin? Saat F-Secure Elements Mobile Protection -turvatuotteen my\u00f6s ty\u00f6puhelimesi siviilipuolelle tai henkil\u00f6kohtaiseen laitteeseesi laittamalla tukipyynn\u00f6n Digipalveluihin https:\/\/palveluportaali.gradia.fi","_links":{"self":[{"href":"https:\/\/blogit.gradia.fi\/digipalvelut\/wp-json\/wp\/v2\/pages\/2189","targetHints":{"allow":["GET"]}}],"collection":[{"href":"https:\/\/blogit.gradia.fi\/digipalvelut\/wp-json\/wp\/v2\/pages"}],"about":[{"href":"https:\/\/blogit.gradia.fi\/digipalvelut\/wp-json\/wp\/v2\/types\/page"}],"author":[{"embeddable":true,"href":"https:\/\/blogit.gradia.fi\/digipalvelut\/wp-json\/wp\/v2\/users\/132"}],"replies":[{"embeddable":true,"href":"https:\/\/blogit.gradia.fi\/digipalvelut\/wp-json\/wp\/v2\/comments?post=2189"}],"version-history":[{"count":1,"href":"https:\/\/blogit.gradia.fi\/digipalvelut\/wp-json\/wp\/v2\/pages\/2189\/revisions"}],"predecessor-version":[{"id":2194,"href":"https:\/\/blogit.gradia.fi\/digipalvelut\/wp-json\/wp\/v2\/pages\/2189\/revisions\/2194"}],"wp:attachment":[{"href":"https:\/\/blogit.gradia.fi\/digipalvelut\/wp-json\/wp\/v2\/media?parent=2189"}],"curies":[{"name":"wp","href":"https:\/\/api.w.org\/{rel}","templated":true}]}}