{"id":2142,"date":"2021-03-23T15:53:56","date_gmt":"2021-03-23T13:53:56","guid":{"rendered":"https:\/\/blogit.gradia.fi\/digipalvelut\/?page_id=2142"},"modified":"2021-03-23T15:53:57","modified_gmt":"2021-03-23T13:53:57","slug":"fasilitointimenetelmat-100-ideaa","status":"publish","type":"page","link":"https:\/\/blogit.gradia.fi\/digipalvelut\/fasilitointimenetelmat-100-ideaa\/","title":{"rendered":"Fasilitointimenetelm\u00e4t &#8211; 100 ideaa"},"content":{"rendered":"\n<p>T\u00e4m\u00e4 on verkkoty\u00f6skentelyyn sopiva sovelma menetelm\u00e4st\u00e4, joka on kuvattu mm. Ideapakan Fasilitointi &amp; Ideointi -korttipakassa. Ideointimenetelm\u00e4 on yleisesti k\u00e4ytetty menetelm\u00e4. <\/p>\n\n\n\n<p>Aivoriihitekniikka, jossa tavoitellaan 100 uutta ideaa. Tarkoitus on laittaa ideointi k\u00e4yntiin ja saada tuotettua paperille my\u00f6s helmi\u00e4. Toimivuus perustuu siihen, ett\u00e4 ihminen tuottaa ensin turvallisia ja kokeiltuja ratkaisuja, jonka j\u00e4lkeen on l\u00e4ydett\u00e4v\u00e4 t\u00e4ysin uusia, ep\u00e4tavanomaisia ideoita. N\u00e4iden joukosta voi l\u00f6yty\u00e4 niit\u00e4 helmi\u00e4. Hauska ja kilpailuhenkinen tapa tuottaa ideoita.<\/p>\n\n\n\n<p>TARVITSET Digitaalisen yhteisty\u00f6alustan (Whiteboard, Padlet). Pienryhm\u00e4tilat (Teams tai Moodle BigBlueButton)<\/p>\n\n\n\n<ol class=\"wp-block-list\"><li>Jos ryhm\u00e4 on iso, jaa henkil\u00f6t pienempiin ryhmiin (4-12) ja k\u00e4yt\u00e4 pienryhm\u00e4tiloja.<\/li><li>Tee jokaiselle oma digitaalinen pohja<\/li><li>Ohjeista ryhm\u00e4t tuottamaan 100 ideaa esim. 20 minuutissa niin, ett\u00e4 jokainen ryhm\u00e4ss\u00e4 tuottaa ideoita ilman laatuvaatimuksia.<\/li><li>Sadasta ideasta kannattaa pit\u00e4\u00e4 kiinni, jotta helmi\u00e4 l\u00f6ytyy joukosta.<\/li><\/ol>\n\n\n\n<p><\/p>\n","protected":false},"excerpt":{"rendered":"<p>T\u00e4m\u00e4 on verkkoty\u00f6skentelyyn sopiva sovelma menetelm\u00e4st\u00e4, joka on kuvattu mm. Ideapakan Fasilitointi &amp; Ideointi -korttipakassa. Ideointimenetelm\u00e4 on yleisesti k\u00e4ytetty menetelm\u00e4. Aivoriihitekniikka, jossa tavoitellaan 100 uutta ideaa. Tarkoitus on laittaa ideointi k\u00e4yntiin ja saada tuotettua paperille my\u00f6s helmi\u00e4. Toimivuus perustuu siihen, ett\u00e4 ihminen tuottaa ensin turvallisia ja kokeiltuja ratkaisuja, jonka j\u00e4lkeen [&hellip;]<\/p>\n","protected":false},"author":161,"featured_media":0,"parent":0,"menu_order":0,"comment_status":"closed","ping_status":"closed","template":"","meta":{"_uag_custom_page_level_css":"","footnotes":""},"class_list":["post-2142","page","type-page","status-publish","hentry"],"yoast_head":"<!-- This site is optimized with the Yoast SEO plugin v27.4 - https:\/\/yoast.com\/product\/yoast-seo-wordpress\/ -->\n<title>Fasilitointimenetelm\u00e4t - 100 ideaa - Gradia Digipalvelut<\/title>\n<meta name=\"robots\" content=\"index, follow, max-snippet:-1, max-image-preview:large, max-video-preview:-1\" \/>\n<link rel=\"canonical\" href=\"https:\/\/blogit.gradia.fi\/digipalvelut\/fasilitointimenetelmat-100-ideaa\/\" \/>\n<meta property=\"og:locale\" content=\"fi_FI\" \/>\n<meta property=\"og:type\" content=\"article\" \/>\n<meta property=\"og:title\" content=\"Fasilitointimenetelm\u00e4t - 100 ideaa - Gradia Digipalvelut\" \/>\n<meta property=\"og:description\" content=\"T\u00e4m\u00e4 on verkkoty\u00f6skentelyyn sopiva sovelma menetelm\u00e4st\u00e4, joka on kuvattu mm. Ideapakan Fasilitointi &amp; Ideointi -korttipakassa. Ideointimenetelm\u00e4 on yleisesti k\u00e4ytetty menetelm\u00e4. Aivoriihitekniikka, jossa tavoitellaan 100 uutta ideaa. Tarkoitus on laittaa ideointi k\u00e4yntiin ja saada tuotettua paperille my\u00f6s helmi\u00e4. Toimivuus perustuu siihen, ett\u00e4 ihminen tuottaa ensin turvallisia ja kokeiltuja ratkaisuja, jonka j\u00e4lkeen [&hellip;]\" \/>\n<meta property=\"og:url\" content=\"https:\/\/blogit.gradia.fi\/digipalvelut\/fasilitointimenetelmat-100-ideaa\/\" \/>\n<meta property=\"og:site_name\" content=\"Gradia Digipalvelut\" \/>\n<meta property=\"article:modified_time\" content=\"2021-03-23T13:53:57+00:00\" \/>\n<meta name=\"twitter:card\" content=\"summary_large_image\" \/>\n<meta name=\"twitter:label1\" content=\"Arvioitu lukuaika\" \/>\n\t<meta name=\"twitter:data1\" content=\"1 minuutti\" \/>\n<script type=\"application\/ld+json\" class=\"yoast-schema-graph\">{\"@context\":\"https:\\\/\\\/schema.org\",\"@graph\":[{\"@type\":\"WebPage\",\"@id\":\"https:\\\/\\\/blogit.gradia.fi\\\/digipalvelut\\\/fasilitointimenetelmat-100-ideaa\\\/\",\"url\":\"https:\\\/\\\/blogit.gradia.fi\\\/digipalvelut\\\/fasilitointimenetelmat-100-ideaa\\\/\",\"name\":\"Fasilitointimenetelm\u00e4t - 100 ideaa - Gradia Digipalvelut\",\"isPartOf\":{\"@id\":\"https:\\\/\\\/blogit.gradia.fi\\\/digipalvelut\\\/#website\"},\"datePublished\":\"2021-03-23T13:53:56+00:00\",\"dateModified\":\"2021-03-23T13:53:57+00:00\",\"inLanguage\":\"fi\",\"potentialAction\":[{\"@type\":\"ReadAction\",\"target\":[\"https:\\\/\\\/blogit.gradia.fi\\\/digipalvelut\\\/fasilitointimenetelmat-100-ideaa\\\/\"]}]},{\"@type\":\"WebSite\",\"@id\":\"https:\\\/\\\/blogit.gradia.fi\\\/digipalvelut\\\/#website\",\"url\":\"https:\\\/\\\/blogit.gradia.fi\\\/digipalvelut\\\/\",\"name\":\"Gradia Digipalvelut\",\"description\":\"Astetta enemm\u00e4n digi\u00e4\",\"publisher\":{\"@id\":\"https:\\\/\\\/blogit.gradia.fi\\\/digipalvelut\\\/#organization\"},\"potentialAction\":[{\"@type\":\"SearchAction\",\"target\":{\"@type\":\"EntryPoint\",\"urlTemplate\":\"https:\\\/\\\/blogit.gradia.fi\\\/digipalvelut\\\/?s={search_term_string}\"},\"query-input\":{\"@type\":\"PropertyValueSpecification\",\"valueRequired\":true,\"valueName\":\"search_term_string\"}}],\"inLanguage\":\"fi\"},{\"@type\":\"Organization\",\"@id\":\"https:\\\/\\\/blogit.gradia.fi\\\/digipalvelut\\\/#organization\",\"name\":\"Gradia Digipalvelut\",\"url\":\"https:\\\/\\\/blogit.gradia.fi\\\/digipalvelut\\\/\",\"logo\":{\"@type\":\"ImageObject\",\"inLanguage\":\"fi\",\"@id\":\"https:\\\/\\\/blogit.gradia.fi\\\/digipalvelut\\\/#\\\/schema\\\/logo\\\/image\\\/\",\"url\":\"https:\\\/\\\/blogit.gradia.fi\\\/digipalvelut\\\/wp-content\\\/uploads\\\/sites\\\/99\\\/2019\\\/06\\\/cropped-Gradia_logo_Cyber_TRANSPARENT.png\",\"contentUrl\":\"https:\\\/\\\/blogit.gradia.fi\\\/digipalvelut\\\/wp-content\\\/uploads\\\/sites\\\/99\\\/2019\\\/06\\\/cropped-Gradia_logo_Cyber_TRANSPARENT.png\",\"width\":316,\"height\":382,\"caption\":\"Gradia Digipalvelut\"},\"image\":{\"@id\":\"https:\\\/\\\/blogit.gradia.fi\\\/digipalvelut\\\/#\\\/schema\\\/logo\\\/image\\\/\"}}]}<\/script>\n<!-- \/ Yoast SEO plugin. -->","yoast_head_json":{"title":"Fasilitointimenetelm\u00e4t - 100 ideaa - Gradia Digipalvelut","robots":{"index":"index","follow":"follow","max-snippet":"max-snippet:-1","max-image-preview":"max-image-preview:large","max-video-preview":"max-video-preview:-1"},"canonical":"https:\/\/blogit.gradia.fi\/digipalvelut\/fasilitointimenetelmat-100-ideaa\/","og_locale":"fi_FI","og_type":"article","og_title":"Fasilitointimenetelm\u00e4t - 100 ideaa - Gradia Digipalvelut","og_description":"T\u00e4m\u00e4 on verkkoty\u00f6skentelyyn sopiva sovelma menetelm\u00e4st\u00e4, joka on kuvattu mm. Ideapakan Fasilitointi &amp; Ideointi -korttipakassa. Ideointimenetelm\u00e4 on yleisesti k\u00e4ytetty menetelm\u00e4. Aivoriihitekniikka, jossa tavoitellaan 100 uutta ideaa. Tarkoitus on laittaa ideointi k\u00e4yntiin ja saada tuotettua paperille my\u00f6s helmi\u00e4. Toimivuus perustuu siihen, ett\u00e4 ihminen tuottaa ensin turvallisia ja kokeiltuja ratkaisuja, jonka j\u00e4lkeen [&hellip;]","og_url":"https:\/\/blogit.gradia.fi\/digipalvelut\/fasilitointimenetelmat-100-ideaa\/","og_site_name":"Gradia Digipalvelut","article_modified_time":"2021-03-23T13:53:57+00:00","twitter_card":"summary_large_image","twitter_misc":{"Arvioitu lukuaika":"1 minuutti"},"schema":{"@context":"https:\/\/schema.org","@graph":[{"@type":"WebPage","@id":"https:\/\/blogit.gradia.fi\/digipalvelut\/fasilitointimenetelmat-100-ideaa\/","url":"https:\/\/blogit.gradia.fi\/digipalvelut\/fasilitointimenetelmat-100-ideaa\/","name":"Fasilitointimenetelm\u00e4t - 100 ideaa - Gradia Digipalvelut","isPartOf":{"@id":"https:\/\/blogit.gradia.fi\/digipalvelut\/#website"},"datePublished":"2021-03-23T13:53:56+00:00","dateModified":"2021-03-23T13:53:57+00:00","inLanguage":"fi","potentialAction":[{"@type":"ReadAction","target":["https:\/\/blogit.gradia.fi\/digipalvelut\/fasilitointimenetelmat-100-ideaa\/"]}]},{"@type":"WebSite","@id":"https:\/\/blogit.gradia.fi\/digipalvelut\/#website","url":"https:\/\/blogit.gradia.fi\/digipalvelut\/","name":"Gradia Digipalvelut","description":"Astetta enemm\u00e4n digi\u00e4","publisher":{"@id":"https:\/\/blogit.gradia.fi\/digipalvelut\/#organization"},"potentialAction":[{"@type":"SearchAction","target":{"@type":"EntryPoint","urlTemplate":"https:\/\/blogit.gradia.fi\/digipalvelut\/?s={search_term_string}"},"query-input":{"@type":"PropertyValueSpecification","valueRequired":true,"valueName":"search_term_string"}}],"inLanguage":"fi"},{"@type":"Organization","@id":"https:\/\/blogit.gradia.fi\/digipalvelut\/#organization","name":"Gradia Digipalvelut","url":"https:\/\/blogit.gradia.fi\/digipalvelut\/","logo":{"@type":"ImageObject","inLanguage":"fi","@id":"https:\/\/blogit.gradia.fi\/digipalvelut\/#\/schema\/logo\/image\/","url":"https:\/\/blogit.gradia.fi\/digipalvelut\/wp-content\/uploads\/sites\/99\/2019\/06\/cropped-Gradia_logo_Cyber_TRANSPARENT.png","contentUrl":"https:\/\/blogit.gradia.fi\/digipalvelut\/wp-content\/uploads\/sites\/99\/2019\/06\/cropped-Gradia_logo_Cyber_TRANSPARENT.png","width":316,"height":382,"caption":"Gradia Digipalvelut"},"image":{"@id":"https:\/\/blogit.gradia.fi\/digipalvelut\/#\/schema\/logo\/image\/"}}]}},"uagb_featured_image_src":{"full":false,"thumbnail":false,"medium":false,"medium_large":false,"large":false,"1536x1536":false,"2048x2048":false,"hestia-blog":false},"uagb_author_info":{"display_name":"Hanna Frilander","author_link":"https:\/\/blogit.gradia.fi\/digipalvelut\/author\/frilahan\/"},"uagb_comment_info":0,"uagb_excerpt":"T\u00e4m\u00e4 on verkkoty\u00f6skentelyyn sopiva sovelma menetelm\u00e4st\u00e4, joka on kuvattu mm. Ideapakan Fasilitointi &amp; Ideointi -korttipakassa. Ideointimenetelm\u00e4 on yleisesti k\u00e4ytetty menetelm\u00e4. Aivoriihitekniikka, jossa tavoitellaan 100 uutta ideaa. Tarkoitus on laittaa ideointi k\u00e4yntiin ja saada tuotettua paperille my\u00f6s helmi\u00e4. Toimivuus perustuu siihen, ett\u00e4 ihminen tuottaa ensin turvallisia ja kokeiltuja ratkaisuja, jonka j\u00e4lkeen [&hellip;]","_links":{"self":[{"href":"https:\/\/blogit.gradia.fi\/digipalvelut\/wp-json\/wp\/v2\/pages\/2142","targetHints":{"allow":["GET"]}}],"collection":[{"href":"https:\/\/blogit.gradia.fi\/digipalvelut\/wp-json\/wp\/v2\/pages"}],"about":[{"href":"https:\/\/blogit.gradia.fi\/digipalvelut\/wp-json\/wp\/v2\/types\/page"}],"author":[{"embeddable":true,"href":"https:\/\/blogit.gradia.fi\/digipalvelut\/wp-json\/wp\/v2\/users\/161"}],"replies":[{"embeddable":true,"href":"https:\/\/blogit.gradia.fi\/digipalvelut\/wp-json\/wp\/v2\/comments?post=2142"}],"version-history":[{"count":1,"href":"https:\/\/blogit.gradia.fi\/digipalvelut\/wp-json\/wp\/v2\/pages\/2142\/revisions"}],"predecessor-version":[{"id":2143,"href":"https:\/\/blogit.gradia.fi\/digipalvelut\/wp-json\/wp\/v2\/pages\/2142\/revisions\/2143"}],"wp:attachment":[{"href":"https:\/\/blogit.gradia.fi\/digipalvelut\/wp-json\/wp\/v2\/media?parent=2142"}],"curies":[{"name":"wp","href":"https:\/\/api.w.org\/{rel}","templated":true}]}}