{"id":214,"date":"2019-05-23T14:01:32","date_gmt":"2019-05-23T11:01:32","guid":{"rendered":"https:\/\/blogit.gradia.fi\/digipalvelut\/?page_id=214"},"modified":"2023-06-27T13:07:14","modified_gmt":"2023-06-27T10:07:14","slug":"egradia","status":"publish","type":"page","link":"https:\/\/blogit.gradia.fi\/digipalvelut\/ohjeita-ja-vinkkeja\/egradia\/","title":{"rendered":"eGradia"},"content":{"rendered":"\n<figure class=\"wp-block-image size-large is-resized\"><img fetchpriority=\"high\" decoding=\"async\" src=\"https:\/\/blogit.gradia.fi\/digipalvelut\/wp-content\/uploads\/sites\/99\/2020\/09\/oivaliinagradia2-1-1024x702.png\" alt=\"\" class=\"wp-image-2039\" width=\"362\" height=\"248\" srcset=\"https:\/\/blogit.gradia.fi\/digipalvelut\/wp-content\/uploads\/sites\/99\/2020\/09\/oivaliinagradia2-1-1024x702.png 1024w, https:\/\/blogit.gradia.fi\/digipalvelut\/wp-content\/uploads\/sites\/99\/2020\/09\/oivaliinagradia2-1-300x206.png 300w, https:\/\/blogit.gradia.fi\/digipalvelut\/wp-content\/uploads\/sites\/99\/2020\/09\/oivaliinagradia2-1-768x527.png 768w, https:\/\/blogit.gradia.fi\/digipalvelut\/wp-content\/uploads\/sites\/99\/2020\/09\/oivaliinagradia2-1-1536x1053.png 1536w, https:\/\/blogit.gradia.fi\/digipalvelut\/wp-content\/uploads\/sites\/99\/2020\/09\/oivaliinagradia2-1-2048x1404.png 2048w, https:\/\/blogit.gradia.fi\/digipalvelut\/wp-content\/uploads\/sites\/99\/2020\/09\/oivaliinagradia2-1-620x425.png 620w\" sizes=\"(max-width: 362px) 100vw, 362px\" \/><\/figure>\n\n\n\n<p>eGradia tarkoittaa lukion ja ammatillisen koulutuksen opiskelijoille suunnattua, laadukasta verkko-opintotarjontaa. eGradia mahdollistaa opiskelijoillemme joustavia opintopolkuja. Opiskelu verkossa on ajasta ja paikasta riippumatonta. P\u00e4\u00e4osa verkko-opiskelusta tapahtuu Gradian <a href=\"http:\/\/moodle.gradia.fi\" target=\"_blank\" rel=\"noreferrer noopener\">Moodle-oppimisymprist\u00f6ss\u00e4<\/a>.<\/p>\n\n\n\n<p>eGradian verkko-opintojaksot ovat Gradian opiskelijoille valittavissa Wilman verkkokurssitarjottimilta. Lukioiden eGradia-tarjotin l\u00f6ytyy Wilmasta Aikuislukion kautta. Ammatillisessa koulutuksessa tarjolla ovat kaikki ammatillisten yhteisten tutkinnonosien (YTO) pakolliset kurssit yhdell\u00e4 tarjottimella. Lis\u00e4ksi alojen omilta tarjottimilta l\u00f6ytyy verkko-opintoja. Ammatillisen koulutuksen eGradia-tarjotinta kehitet\u00e4\u00e4n yhteisty\u00f6ss\u00e4 lukuvuonna 2020-21. Tavoite on, ett\u00e4 Gradian opiskelijat voivat joustavasti valita opintoja eri tarjottimilta.<\/p>\n\n\n\n<p>eGradian sis\u00e4ll\u00f6ntuottajia ovat kaikki verkko-opetuksesta ja digipedagogiikasta kiinnostuneet opettajat. Tarjottimelle syntyvien toteutusten ideat l\u00e4htev\u00e4t yksik\u00f6iden ja alojen omista tarpeista. My\u00f6s <a href=\"http:\/\/www.koulutustakuu.fi\/hankkeet\/tase\/\" target=\"_blank\" rel=\"noreferrer noopener\">valtakunnallisesti tuotettuja avoimia oppimateriaaleja ja verkko-opintoja<\/a> hy\u00f6dynnet\u00e4\u00e4n.<\/p>\n\n\n\n<p>Alla ladattava <strong>Opas verkko-opetuksen toteuttajalle<\/strong> on eGradia-tiimin tuottama opas, jonka avulla voidaan rakentaa pedagogisesti ja teknisesti laadukas, ohjattu opintojakso tai laajempi toteutus verkkoon. T\u00e4m\u00e4 sopii my\u00f6s itsen\u00e4isen tekemisen tueksi. Opasta voi lis\u00e4ksi k\u00e4ytt\u00e4\u00e4 kaikenlaisen opetuksen suunnittelussa, johon liittyy verkossa opiskelua, kuten monimuoto-opetus.<\/p>\n\n\n\n<p>Gradian henkil\u00f6st\u00f6lle on lukuvuosittain tarjolla <strong>eGradia-pajoja<\/strong>, joissa verkko-opintojaksoa voi rakentaa tuetusti. Lukuvuonna 2020-21 eGradia-ty\u00f6t\u00e4 koordinoi eri oppilaitosten ja digipalvelujen asiantuntijoista koottu eGradia-tiimi.<\/p>\n\n\n\n<p>Kysy lis\u00e4\u00e4 Digipalvelut\/Opetusteknologia. <\/p>\n\n\n<div class=\"_3d-flip-book  fb3d-thumbnail-lightbox-mode\" data-id=\"197\" data-mode=\"thumbnail-lightbox\" data-title=\"false\" data-template=\"short-white-book-view\" data-lightbox=\"dark\" data-urlparam=\"fb3d-page\" data-page-n=\"0\" data-pdf=\"\" data-tax=\"null\" data-thumbnail=\"\" data-cols=\"3\" data-book-template=\"default\" data-trigger=\"\"><\/div><script type=\"text\/javascript\">window.FB3D_CLIENT_DATA = window.FB3D_CLIENT_DATA || [];FB3D_CLIENT_DATA.push('eyJwb3N0cyI6eyIxOTciOnsiSUQiOjE5NywidGl0bGUiOiJPcGFzIHZlcmtrby1vcGV0dWtzZW4gdG90ZXV0dGFqYWxsZSIsInR5cGUiOiJwZGYiLCJyZWFkeV9mdW5jdGlvbiI6IiIsImJvb2tfc3R5bGUiOiJ2b2x1bWUiLCJib29rX3RlbXBsYXRlIjoibm9uZSIsIm91dGxpbmUiOltdLCJkYXRhIjp7InBvc3RfSUQiOiIxOTUxIiwiZ3VpZCI6Imh0dHBzOlwvXC9ibG9naXQuZ3JhZGlhLmZpXC9kaWdpcGFsdmVsdXRcL3dwLWNvbnRlbnRcL3VwbG9hZHNcL3NpdGVzXC85OVwvMjAxOVwvMDVcL2VHcmFkaWFfb3Bhc18yMDIwLnBkZiIsInBkZl9wYWdlcyI6IjMyIiwicGFnZXNfY3VzdG9taXphdGlvbiI6Im5vbmUifSwidGh1bWJuYWlsIjp7ImRhdGEiOnsicG9zdF9JRCI6IjAifSwidHlwZSI6ImF1dG8ifSwicHJvcHMiOnsiaGVpZ2h0IjoiYXV0byIsIndpZHRoIjoiYXV0byIsImdyYXZpdHkiOiJhdXRvIiwiY2FjaGVkUGFnZXMiOiJhdXRvIiwicmVuZGVySW5hY3RpdmVQYWdlcyI6ImF1dG8iLCJyZW5kZXJJbmFjdGl2ZVBhZ2VzT25Nb2JpbGUiOiJhdXRvIiwicmVuZGVyV2hpbGVGbGlwcGluZyI6ImF1dG8iLCJwYWdlc0ZvclByZWRpY3RpbmciOiJhdXRvIiwicHJlbG9hZFBhZ2VzIjoiYXV0byIsInJ0bCI6ImF1dG8iLCJzaGVldCI6eyJzdGFydFZlbG9jaXR5IjoiYXV0byIsImNvcm5lckRldmlhdGlvbiI6ImF1dG8iLCJmbGV4aWJpbGl0eSI6ImF1dG8iLCJmbGV4aWJsZUNvcm5lciI6ImF1dG8iLCJiZW5kaW5nIjoiYXV0byIsIndhdmUiOiJhdXRvIiwid2lkdGhUZXhlbHMiOiJhdXRvIiwiaGVpZ2h0VGV4ZWxzIjoiYXV0byIsImNvbG9yIjoiYXV0byJ9LCJjb3ZlciI6eyJzdGFydFZlbG9jaXR5IjoiYXV0byIsImZsZXhpYmlsaXR5IjoiYXV0byIsImZsZXhpYmxlQ29ybmVyIjoiYXV0byIsImJlbmRpbmciOiJhdXRvIiwid2F2ZSI6ImF1dG8iLCJ3aWR0aFRleGVscyI6ImF1dG8iLCJoZWlnaHRUZXhlbHMiOiJhdXRvIiwiY29sb3IiOiJhdXRvIiwiYmluZGVyVGV4dHVyZSI6ImF1dG8iLCJkZXB0aCI6ImF1dG8iLCJwYWRkaW5nIjoiYXV0byIsIm1hc3MiOiJhdXRvIn0sInBhZ2UiOnsic3RhcnRWZWxvY2l0eSI6ImF1dG8iLCJmbGV4aWJpbGl0eSI6ImF1dG8iLCJmbGV4aWJsZUNvcm5lciI6ImF1dG8iLCJiZW5kaW5nIjoiYXV0byIsIndhdmUiOiJhdXRvIiwid2lkdGhUZXhlbHMiOiJhdXRvIiwiaGVpZ2h0VGV4ZWxzIjoiYXV0byIsImNvbG9yIjoiYXV0byIsImRlcHRoIjoiYXV0byIsIm1hc3MiOiJhdXRvIn19LCJjb250cm9sUHJvcHMiOnsiYWN0aW9ucyI6eyJjbWRTYXZlIjp7ImVuYWJsZWQiOiJhdXRvIn0sImNtZFByaW50Ijp7ImVuYWJsZWQiOiJhdXRvIn0sImNtZFNpbmdsZVBhZ2UiOnsiZW5hYmxlZCI6ImF1dG8iLCJhY3RpdmUiOiJhdXRvIn19fSwiYXV0b1RodW1ibmFpbCI6bnVsbCwicG9zdF9uYW1lIjoiZWdyYWRpYS1vcGFzLXZlcmtrb2t1cnNzaW4tdGVraWphbGxlIiwicG9zdF90eXBlIjoiM2QtZmxpcC1ib29rIn19LCJwYWdlcyI6W10sImZpcnN0UGFnZXMiOltdfQ==');window.FB3D_CLIENT_LOCALE && FB3D_CLIENT_LOCALE.render && FB3D_CLIENT_LOCALE.render();<\/script>\n\n\n\n<div class=\"wp-block-file\"><a id=\"wp-block-file--media-3f74ede2-4fbe-4d21-92b3-516b5c4acc5f\" href=\"https:\/\/blogit.gradia.fi\/digipalvelut\/wp-content\/uploads\/sites\/99\/2020\/09\/gradia-verkkokurssiopas-17092020-vedos_Verkkoversio.pdf\">Opas verkko-opetuksen toteuttajalle<\/a><a href=\"https:\/\/blogit.gradia.fi\/digipalvelut\/wp-content\/uploads\/sites\/99\/2020\/09\/gradia-verkkokurssiopas-17092020-vedos_Verkkoversio.pdf\" class=\"wp-block-file__button wp-element-button\" download aria-describedby=\"wp-block-file--media-3f74ede2-4fbe-4d21-92b3-516b5c4acc5f\">Lataa<\/a><\/div>\n\n\n\n<p><\/p>\n","protected":false},"excerpt":{"rendered":"<p>eGradia tarkoittaa lukion ja ammatillisen koulutuksen opiskelijoille suunnattua, laadukasta verkko-opintotarjontaa. eGradia mahdollistaa opiskelijoillemme joustavia opintopolkuja. Opiskelu verkossa on ajasta ja paikasta riippumatonta. P\u00e4\u00e4osa verkko-opiskelusta tapahtuu Gradian Moodle-oppimisymprist\u00f6ss\u00e4. eGradian verkko-opintojaksot ovat Gradian opiskelijoille valittavissa Wilman verkkokurssitarjottimilta. Lukioiden eGradia-tarjotin l\u00f6ytyy Wilmasta Aikuislukion kautta. Ammatillisessa koulutuksessa tarjolla ovat kaikki ammatillisten yhteisten tutkinnonosien (YTO) [&hellip;]<\/p>\n","protected":false},"author":421,"featured_media":0,"parent":37,"menu_order":4,"comment_status":"closed","ping_status":"closed","template":"","meta":{"_uag_custom_page_level_css":"","footnotes":""},"class_list":["post-214","page","type-page","status-publish","hentry"],"yoast_head":"<!-- This site is optimized with the Yoast SEO plugin v27.4 - https:\/\/yoast.com\/product\/yoast-seo-wordpress\/ -->\n<title>eGradia - Gradia Digipalvelut<\/title>\n<meta name=\"robots\" content=\"index, follow, max-snippet:-1, max-image-preview:large, max-video-preview:-1\" \/>\n<link rel=\"canonical\" href=\"https:\/\/blogit.gradia.fi\/digipalvelut\/ohjeita-ja-vinkkeja\/egradia\/\" \/>\n<meta property=\"og:locale\" content=\"fi_FI\" \/>\n<meta property=\"og:type\" content=\"article\" \/>\n<meta property=\"og:title\" content=\"eGradia - Gradia Digipalvelut\" \/>\n<meta property=\"og:description\" content=\"eGradia tarkoittaa lukion ja ammatillisen koulutuksen opiskelijoille suunnattua, laadukasta verkko-opintotarjontaa. eGradia mahdollistaa opiskelijoillemme joustavia opintopolkuja. Opiskelu verkossa on ajasta ja paikasta riippumatonta. P\u00e4\u00e4osa verkko-opiskelusta tapahtuu Gradian Moodle-oppimisymprist\u00f6ss\u00e4. eGradian verkko-opintojaksot ovat Gradian opiskelijoille valittavissa Wilman verkkokurssitarjottimilta. Lukioiden eGradia-tarjotin l\u00f6ytyy Wilmasta Aikuislukion kautta. Ammatillisessa koulutuksessa tarjolla ovat kaikki ammatillisten yhteisten tutkinnonosien (YTO) [&hellip;]\" \/>\n<meta property=\"og:url\" content=\"https:\/\/blogit.gradia.fi\/digipalvelut\/ohjeita-ja-vinkkeja\/egradia\/\" \/>\n<meta property=\"og:site_name\" content=\"Gradia Digipalvelut\" \/>\n<meta property=\"article:modified_time\" content=\"2023-06-27T10:07:14+00:00\" \/>\n<meta property=\"og:image\" content=\"https:\/\/blogit.gradia.fi\/digipalvelut\/wp-content\/uploads\/sites\/99\/2020\/09\/oivaliinagradia2-1-1024x702.png\" \/>\n<meta name=\"twitter:card\" content=\"summary_large_image\" \/>\n<meta name=\"twitter:label1\" content=\"Arvioitu lukuaika\" \/>\n\t<meta name=\"twitter:data1\" content=\"2 minuuttia\" \/>\n<script type=\"application\/ld+json\" class=\"yoast-schema-graph\">{\"@context\":\"https:\\\/\\\/schema.org\",\"@graph\":[{\"@type\":\"WebPage\",\"@id\":\"https:\\\/\\\/blogit.gradia.fi\\\/digipalvelut\\\/ohjeita-ja-vinkkeja\\\/egradia\\\/\",\"url\":\"https:\\\/\\\/blogit.gradia.fi\\\/digipalvelut\\\/ohjeita-ja-vinkkeja\\\/egradia\\\/\",\"name\":\"eGradia - Gradia Digipalvelut\",\"isPartOf\":{\"@id\":\"https:\\\/\\\/blogit.gradia.fi\\\/digipalvelut\\\/#website\"},\"primaryImageOfPage\":{\"@id\":\"https:\\\/\\\/blogit.gradia.fi\\\/digipalvelut\\\/ohjeita-ja-vinkkeja\\\/egradia\\\/#primaryimage\"},\"image\":{\"@id\":\"https:\\\/\\\/blogit.gradia.fi\\\/digipalvelut\\\/ohjeita-ja-vinkkeja\\\/egradia\\\/#primaryimage\"},\"thumbnailUrl\":\"https:\\\/\\\/blogit.gradia.fi\\\/digipalvelut\\\/wp-content\\\/uploads\\\/sites\\\/99\\\/2020\\\/09\\\/oivaliinagradia2-1-1024x702.png\",\"datePublished\":\"2019-05-23T11:01:32+00:00\",\"dateModified\":\"2023-06-27T10:07:14+00:00\",\"breadcrumb\":{\"@id\":\"https:\\\/\\\/blogit.gradia.fi\\\/digipalvelut\\\/ohjeita-ja-vinkkeja\\\/egradia\\\/#breadcrumb\"},\"inLanguage\":\"fi\",\"potentialAction\":[{\"@type\":\"ReadAction\",\"target\":[\"https:\\\/\\\/blogit.gradia.fi\\\/digipalvelut\\\/ohjeita-ja-vinkkeja\\\/egradia\\\/\"]}]},{\"@type\":\"ImageObject\",\"inLanguage\":\"fi\",\"@id\":\"https:\\\/\\\/blogit.gradia.fi\\\/digipalvelut\\\/ohjeita-ja-vinkkeja\\\/egradia\\\/#primaryimage\",\"url\":\"https:\\\/\\\/blogit.gradia.fi\\\/digipalvelut\\\/wp-content\\\/uploads\\\/sites\\\/99\\\/2020\\\/09\\\/oivaliinagradia2-1-1024x702.png\",\"contentUrl\":\"https:\\\/\\\/blogit.gradia.fi\\\/digipalvelut\\\/wp-content\\\/uploads\\\/sites\\\/99\\\/2020\\\/09\\\/oivaliinagradia2-1-1024x702.png\"},{\"@type\":\"BreadcrumbList\",\"@id\":\"https:\\\/\\\/blogit.gradia.fi\\\/digipalvelut\\\/ohjeita-ja-vinkkeja\\\/egradia\\\/#breadcrumb\",\"itemListElement\":[{\"@type\":\"ListItem\",\"position\":1,\"name\":\"Ohjeita ja vinkkej\u00e4\",\"item\":\"https:\\\/\\\/blogit.gradia.fi\\\/digipalvelut\\\/ohjeita-ja-vinkkeja\\\/\"},{\"@type\":\"ListItem\",\"position\":2,\"name\":\"eGradia\"}]},{\"@type\":\"WebSite\",\"@id\":\"https:\\\/\\\/blogit.gradia.fi\\\/digipalvelut\\\/#website\",\"url\":\"https:\\\/\\\/blogit.gradia.fi\\\/digipalvelut\\\/\",\"name\":\"Gradia Digipalvelut\",\"description\":\"Astetta enemm\u00e4n digi\u00e4\",\"publisher\":{\"@id\":\"https:\\\/\\\/blogit.gradia.fi\\\/digipalvelut\\\/#organization\"},\"potentialAction\":[{\"@type\":\"SearchAction\",\"target\":{\"@type\":\"EntryPoint\",\"urlTemplate\":\"https:\\\/\\\/blogit.gradia.fi\\\/digipalvelut\\\/?s={search_term_string}\"},\"query-input\":{\"@type\":\"PropertyValueSpecification\",\"valueRequired\":true,\"valueName\":\"search_term_string\"}}],\"inLanguage\":\"fi\"},{\"@type\":\"Organization\",\"@id\":\"https:\\\/\\\/blogit.gradia.fi\\\/digipalvelut\\\/#organization\",\"name\":\"Gradia Digipalvelut\",\"url\":\"https:\\\/\\\/blogit.gradia.fi\\\/digipalvelut\\\/\",\"logo\":{\"@type\":\"ImageObject\",\"inLanguage\":\"fi\",\"@id\":\"https:\\\/\\\/blogit.gradia.fi\\\/digipalvelut\\\/#\\\/schema\\\/logo\\\/image\\\/\",\"url\":\"https:\\\/\\\/blogit.gradia.fi\\\/digipalvelut\\\/wp-content\\\/uploads\\\/sites\\\/99\\\/2019\\\/06\\\/cropped-Gradia_logo_Cyber_TRANSPARENT.png\",\"contentUrl\":\"https:\\\/\\\/blogit.gradia.fi\\\/digipalvelut\\\/wp-content\\\/uploads\\\/sites\\\/99\\\/2019\\\/06\\\/cropped-Gradia_logo_Cyber_TRANSPARENT.png\",\"width\":316,\"height\":382,\"caption\":\"Gradia Digipalvelut\"},\"image\":{\"@id\":\"https:\\\/\\\/blogit.gradia.fi\\\/digipalvelut\\\/#\\\/schema\\\/logo\\\/image\\\/\"}}]}<\/script>\n<!-- \/ Yoast SEO plugin. -->","yoast_head_json":{"title":"eGradia - Gradia Digipalvelut","robots":{"index":"index","follow":"follow","max-snippet":"max-snippet:-1","max-image-preview":"max-image-preview:large","max-video-preview":"max-video-preview:-1"},"canonical":"https:\/\/blogit.gradia.fi\/digipalvelut\/ohjeita-ja-vinkkeja\/egradia\/","og_locale":"fi_FI","og_type":"article","og_title":"eGradia - Gradia Digipalvelut","og_description":"eGradia tarkoittaa lukion ja ammatillisen koulutuksen opiskelijoille suunnattua, laadukasta verkko-opintotarjontaa. eGradia mahdollistaa opiskelijoillemme joustavia opintopolkuja. Opiskelu verkossa on ajasta ja paikasta riippumatonta. P\u00e4\u00e4osa verkko-opiskelusta tapahtuu Gradian Moodle-oppimisymprist\u00f6ss\u00e4. eGradian verkko-opintojaksot ovat Gradian opiskelijoille valittavissa Wilman verkkokurssitarjottimilta. Lukioiden eGradia-tarjotin l\u00f6ytyy Wilmasta Aikuislukion kautta. Ammatillisessa koulutuksessa tarjolla ovat kaikki ammatillisten yhteisten tutkinnonosien (YTO) [&hellip;]","og_url":"https:\/\/blogit.gradia.fi\/digipalvelut\/ohjeita-ja-vinkkeja\/egradia\/","og_site_name":"Gradia Digipalvelut","article_modified_time":"2023-06-27T10:07:14+00:00","og_image":[{"url":"https:\/\/blogit.gradia.fi\/digipalvelut\/wp-content\/uploads\/sites\/99\/2020\/09\/oivaliinagradia2-1-1024x702.png","type":"","width":"","height":""}],"twitter_card":"summary_large_image","twitter_misc":{"Arvioitu lukuaika":"2 minuuttia"},"schema":{"@context":"https:\/\/schema.org","@graph":[{"@type":"WebPage","@id":"https:\/\/blogit.gradia.fi\/digipalvelut\/ohjeita-ja-vinkkeja\/egradia\/","url":"https:\/\/blogit.gradia.fi\/digipalvelut\/ohjeita-ja-vinkkeja\/egradia\/","name":"eGradia - Gradia Digipalvelut","isPartOf":{"@id":"https:\/\/blogit.gradia.fi\/digipalvelut\/#website"},"primaryImageOfPage":{"@id":"https:\/\/blogit.gradia.fi\/digipalvelut\/ohjeita-ja-vinkkeja\/egradia\/#primaryimage"},"image":{"@id":"https:\/\/blogit.gradia.fi\/digipalvelut\/ohjeita-ja-vinkkeja\/egradia\/#primaryimage"},"thumbnailUrl":"https:\/\/blogit.gradia.fi\/digipalvelut\/wp-content\/uploads\/sites\/99\/2020\/09\/oivaliinagradia2-1-1024x702.png","datePublished":"2019-05-23T11:01:32+00:00","dateModified":"2023-06-27T10:07:14+00:00","breadcrumb":{"@id":"https:\/\/blogit.gradia.fi\/digipalvelut\/ohjeita-ja-vinkkeja\/egradia\/#breadcrumb"},"inLanguage":"fi","potentialAction":[{"@type":"ReadAction","target":["https:\/\/blogit.gradia.fi\/digipalvelut\/ohjeita-ja-vinkkeja\/egradia\/"]}]},{"@type":"ImageObject","inLanguage":"fi","@id":"https:\/\/blogit.gradia.fi\/digipalvelut\/ohjeita-ja-vinkkeja\/egradia\/#primaryimage","url":"https:\/\/blogit.gradia.fi\/digipalvelut\/wp-content\/uploads\/sites\/99\/2020\/09\/oivaliinagradia2-1-1024x702.png","contentUrl":"https:\/\/blogit.gradia.fi\/digipalvelut\/wp-content\/uploads\/sites\/99\/2020\/09\/oivaliinagradia2-1-1024x702.png"},{"@type":"BreadcrumbList","@id":"https:\/\/blogit.gradia.fi\/digipalvelut\/ohjeita-ja-vinkkeja\/egradia\/#breadcrumb","itemListElement":[{"@type":"ListItem","position":1,"name":"Ohjeita ja vinkkej\u00e4","item":"https:\/\/blogit.gradia.fi\/digipalvelut\/ohjeita-ja-vinkkeja\/"},{"@type":"ListItem","position":2,"name":"eGradia"}]},{"@type":"WebSite","@id":"https:\/\/blogit.gradia.fi\/digipalvelut\/#website","url":"https:\/\/blogit.gradia.fi\/digipalvelut\/","name":"Gradia Digipalvelut","description":"Astetta enemm\u00e4n digi\u00e4","publisher":{"@id":"https:\/\/blogit.gradia.fi\/digipalvelut\/#organization"},"potentialAction":[{"@type":"SearchAction","target":{"@type":"EntryPoint","urlTemplate":"https:\/\/blogit.gradia.fi\/digipalvelut\/?s={search_term_string}"},"query-input":{"@type":"PropertyValueSpecification","valueRequired":true,"valueName":"search_term_string"}}],"inLanguage":"fi"},{"@type":"Organization","@id":"https:\/\/blogit.gradia.fi\/digipalvelut\/#organization","name":"Gradia Digipalvelut","url":"https:\/\/blogit.gradia.fi\/digipalvelut\/","logo":{"@type":"ImageObject","inLanguage":"fi","@id":"https:\/\/blogit.gradia.fi\/digipalvelut\/#\/schema\/logo\/image\/","url":"https:\/\/blogit.gradia.fi\/digipalvelut\/wp-content\/uploads\/sites\/99\/2019\/06\/cropped-Gradia_logo_Cyber_TRANSPARENT.png","contentUrl":"https:\/\/blogit.gradia.fi\/digipalvelut\/wp-content\/uploads\/sites\/99\/2019\/06\/cropped-Gradia_logo_Cyber_TRANSPARENT.png","width":316,"height":382,"caption":"Gradia Digipalvelut"},"image":{"@id":"https:\/\/blogit.gradia.fi\/digipalvelut\/#\/schema\/logo\/image\/"}}]}},"uagb_featured_image_src":{"full":false,"thumbnail":false,"medium":false,"medium_large":false,"large":false,"1536x1536":false,"2048x2048":false,"hestia-blog":false},"uagb_author_info":{"display_name":"Merja Hakanen","author_link":"https:\/\/blogit.gradia.fi\/digipalvelut\/author\/hakanmer\/"},"uagb_comment_info":0,"uagb_excerpt":"eGradia tarkoittaa lukion ja ammatillisen koulutuksen opiskelijoille suunnattua, laadukasta verkko-opintotarjontaa. eGradia mahdollistaa opiskelijoillemme joustavia opintopolkuja. Opiskelu verkossa on ajasta ja paikasta riippumatonta. P\u00e4\u00e4osa verkko-opiskelusta tapahtuu Gradian Moodle-oppimisymprist\u00f6ss\u00e4. eGradian verkko-opintojaksot ovat Gradian opiskelijoille valittavissa Wilman verkkokurssitarjottimilta. Lukioiden eGradia-tarjotin l\u00f6ytyy Wilmasta Aikuislukion kautta. Ammatillisessa koulutuksessa tarjolla ovat kaikki ammatillisten yhteisten tutkinnonosien (YTO) [&hellip;]","_links":{"self":[{"href":"https:\/\/blogit.gradia.fi\/digipalvelut\/wp-json\/wp\/v2\/pages\/214","targetHints":{"allow":["GET"]}}],"collection":[{"href":"https:\/\/blogit.gradia.fi\/digipalvelut\/wp-json\/wp\/v2\/pages"}],"about":[{"href":"https:\/\/blogit.gradia.fi\/digipalvelut\/wp-json\/wp\/v2\/types\/page"}],"author":[{"embeddable":true,"href":"https:\/\/blogit.gradia.fi\/digipalvelut\/wp-json\/wp\/v2\/users\/421"}],"replies":[{"embeddable":true,"href":"https:\/\/blogit.gradia.fi\/digipalvelut\/wp-json\/wp\/v2\/comments?post=214"}],"version-history":[{"count":16,"href":"https:\/\/blogit.gradia.fi\/digipalvelut\/wp-json\/wp\/v2\/pages\/214\/revisions"}],"predecessor-version":[{"id":2329,"href":"https:\/\/blogit.gradia.fi\/digipalvelut\/wp-json\/wp\/v2\/pages\/214\/revisions\/2329"}],"up":[{"embeddable":true,"href":"https:\/\/blogit.gradia.fi\/digipalvelut\/wp-json\/wp\/v2\/pages\/37"}],"wp:attachment":[{"href":"https:\/\/blogit.gradia.fi\/digipalvelut\/wp-json\/wp\/v2\/media?parent=214"}],"curies":[{"name":"wp","href":"https:\/\/api.w.org\/{rel}","templated":true}]}}