{"id":1930,"date":"2020-06-22T13:10:09","date_gmt":"2020-06-22T10:10:09","guid":{"rendered":"https:\/\/blogit.gradia.fi\/digipalvelut\/?page_id=1930"},"modified":"2020-06-22T15:18:16","modified_gmt":"2020-06-22T12:18:16","slug":"opintojakson-suorituksen-maaritteleminen-moodlessa","status":"publish","type":"page","link":"https:\/\/blogit.gradia.fi\/digipalvelut\/ohjeita-ja-vinkkeja\/moodle\/opintojakson-suorituksen-maaritteleminen-moodlessa\/","title":{"rendered":"Opintojakson suorituksen m\u00e4\u00e4ritteleminen Moodlessa"},"content":{"rendered":"\n<p><strong>Ennen opintojakson aloittamista m\u00e4\u00e4rit\u00e4 viel\u00e4 opintojakson suoritus eli milloin opintojakso siirtyy opiskelijalla menneisiin opintojaksoihin Moodlessa, mik\u00e4li opintojaksolla ei k\u00e4ytet\u00e4 p\u00e4\u00e4ttymisp\u00e4iv\u00e4m\u00e4\u00e4r\u00e4\u00e4. <\/strong><\/p>\n\n\n\n<h2 class=\"wp-block-heading\">Opintojakson suorituksen m\u00e4\u00e4rittely<\/h2>\n\n\n\n<ol class=\"wp-block-list\"><li>Klikkaa opintojaksosi etusivulla oikeassa yl\u00e4kulmassa olevaa hammasratasta ja valitse <strong>Kurssin suoritus<\/strong><br><br><img fetchpriority=\"high\" decoding=\"async\" width=\"340\" height=\"413\" class=\"wp-image-1931\" style=\"width: 300px\" src=\"https:\/\/blogit.gradia.fi\/digipalvelut\/wp-content\/uploads\/sites\/99\/2020\/06\/Kurssinsuoritus.jpg\" alt=\"kurssin suoritus -valikon avaaminen\" srcset=\"https:\/\/blogit.gradia.fi\/digipalvelut\/wp-content\/uploads\/sites\/99\/2020\/06\/Kurssinsuoritus.jpg 340w, https:\/\/blogit.gradia.fi\/digipalvelut\/wp-content\/uploads\/sites\/99\/2020\/06\/Kurssinsuoritus-247x300.jpg 247w\" sizes=\"(max-width: 340px) 100vw, 340px\" \/><br><\/li><li><strong>Valitse Yleiset kohtaan<\/strong> vaaditaanko alla olevista ehdoista v\u00e4hint\u00e4\u00e4n yksi vai kaikki aktivoidut ehdot ennen suorituksen saamista Moodlessa = opintojakso siirtyy menneisiin opintojaksoihin.<\/li><li>Valitse t\u00e4m\u00e4n j\u00e4lkeen kohtaan <strong>Ehto: Aktiviteetin suoritus<\/strong> ne aktiviteetit, joista opiskelijan t\u00e4ytyy saada suoritus opintojaksollasi. <br><br><img decoding=\"async\" width=\"1243\" height=\"873\" class=\"wp-image-1932\" style=\"width: 500px\" src=\"https:\/\/blogit.gradia.fi\/digipalvelut\/wp-content\/uploads\/sites\/99\/2020\/06\/kurssisuoritus1.jpg\" alt=\"\" srcset=\"https:\/\/blogit.gradia.fi\/digipalvelut\/wp-content\/uploads\/sites\/99\/2020\/06\/kurssisuoritus1.jpg 1243w, https:\/\/blogit.gradia.fi\/digipalvelut\/wp-content\/uploads\/sites\/99\/2020\/06\/kurssisuoritus1-300x211.jpg 300w, https:\/\/blogit.gradia.fi\/digipalvelut\/wp-content\/uploads\/sites\/99\/2020\/06\/kurssisuoritus1-1024x719.jpg 1024w, https:\/\/blogit.gradia.fi\/digipalvelut\/wp-content\/uploads\/sites\/99\/2020\/06\/kurssisuoritus1-768x539.jpg 768w, https:\/\/blogit.gradia.fi\/digipalvelut\/wp-content\/uploads\/sites\/99\/2020\/06\/kurssisuoritus1-620x435.jpg 620w\" sizes=\"(max-width: 1243px) 100vw, 1243px\" \/><br><\/li><li>Mik\u00e4li haluat viel\u00e4 ett\u00e4 opettaja merkitsee opintojakson suoritetuksi, valitse kohtaan <strong>Ehto: Suoritusmerkinn\u00e4n antanut<\/strong> opettaja ,ja vaadi, ett\u00e4 <strong>v\u00e4hint\u00e4\u00e4n yksi<\/strong> rooleista antaa merkinn\u00e4n kun ehdot t\u00e4yttyv\u00e4t. <br><br><img decoding=\"async\" width=\"933\" height=\"609\" class=\"wp-image-1933\" style=\"width: 500px\" src=\"https:\/\/blogit.gradia.fi\/digipalvelut\/wp-content\/uploads\/sites\/99\/2020\/06\/kurssisuoritus2.jpg\" alt=\"\" srcset=\"https:\/\/blogit.gradia.fi\/digipalvelut\/wp-content\/uploads\/sites\/99\/2020\/06\/kurssisuoritus2.jpg 933w, https:\/\/blogit.gradia.fi\/digipalvelut\/wp-content\/uploads\/sites\/99\/2020\/06\/kurssisuoritus2-300x196.jpg 300w, https:\/\/blogit.gradia.fi\/digipalvelut\/wp-content\/uploads\/sites\/99\/2020\/06\/kurssisuoritus2-768x501.jpg 768w, https:\/\/blogit.gradia.fi\/digipalvelut\/wp-content\/uploads\/sites\/99\/2020\/06\/kurssisuoritus2-620x405.jpg 620w\" sizes=\"(max-width: 933px) 100vw, 933px\" \/><br><\/li><li>Tallenna t\u00e4m\u00e4n j\u00e4lkeen muutokset.<\/li><\/ol>\n\n\n\n<hr class=\"wp-block-separator\" \/>\n\n\n\n<figure class=\"wp-block-embed-youtube wp-block-embed is-type-video is-provider-youtube wp-embed-aspect-16-9 wp-has-aspect-ratio\"><div class=\"wp-block-embed__wrapper\">\n<iframe title=\"Kurssisuorituksen m\u00e4\u00e4rittely Moodlessa\" width=\"750\" height=\"422\" src=\"https:\/\/www.youtube.com\/embed\/vbC18otMwHQ?feature=oembed\" frameborder=\"0\" allow=\"accelerometer; autoplay; clipboard-write; encrypted-media; gyroscope; picture-in-picture; web-share\" allowfullscreen><\/iframe>\n<\/div><\/figure>\n","protected":false},"excerpt":{"rendered":"<p>Ennen opintojakson aloittamista m\u00e4\u00e4rit\u00e4 viel\u00e4 opintojakson suoritus eli milloin opintojakso siirtyy opiskelijalla menneisiin opintojaksoihin Moodlessa, mik\u00e4li opintojaksolla ei k\u00e4ytet\u00e4 p\u00e4\u00e4ttymisp\u00e4iv\u00e4m\u00e4\u00e4r\u00e4\u00e4. Opintojakson suorituksen m\u00e4\u00e4rittely Klikkaa opintojaksosi etusivulla oikeassa yl\u00e4kulmassa olevaa hammasratasta ja valitse Kurssin suoritus Valitse Yleiset kohtaan vaaditaanko alla olevista ehdoista v\u00e4hint\u00e4\u00e4n yksi vai kaikki aktivoidut ehdot ennen suorituksen saamista [&hellip;]<\/p>\n","protected":false},"author":165,"featured_media":0,"parent":76,"menu_order":0,"comment_status":"closed","ping_status":"closed","template":"","meta":{"_uag_custom_page_level_css":"","footnotes":""},"class_list":["post-1930","page","type-page","status-publish","hentry"],"yoast_head":"<!-- This site is optimized with the Yoast SEO plugin v27.4 - https:\/\/yoast.com\/product\/yoast-seo-wordpress\/ -->\n<title>Opintojakson suorituksen m\u00e4\u00e4ritteleminen Moodlessa - Gradia Digipalvelut<\/title>\n<meta name=\"robots\" content=\"index, follow, max-snippet:-1, max-image-preview:large, max-video-preview:-1\" \/>\n<link rel=\"canonical\" href=\"https:\/\/blogit.gradia.fi\/digipalvelut\/ohjeita-ja-vinkkeja\/moodle\/opintojakson-suorituksen-maaritteleminen-moodlessa\/\" \/>\n<meta property=\"og:locale\" content=\"fi_FI\" \/>\n<meta property=\"og:type\" content=\"article\" \/>\n<meta property=\"og:title\" content=\"Opintojakson suorituksen m\u00e4\u00e4ritteleminen Moodlessa - Gradia Digipalvelut\" \/>\n<meta property=\"og:description\" content=\"Ennen opintojakson aloittamista m\u00e4\u00e4rit\u00e4 viel\u00e4 opintojakson suoritus eli milloin opintojakso siirtyy opiskelijalla menneisiin opintojaksoihin Moodlessa, mik\u00e4li opintojaksolla ei k\u00e4ytet\u00e4 p\u00e4\u00e4ttymisp\u00e4iv\u00e4m\u00e4\u00e4r\u00e4\u00e4. Opintojakson suorituksen m\u00e4\u00e4rittely Klikkaa opintojaksosi etusivulla oikeassa yl\u00e4kulmassa olevaa hammasratasta ja valitse Kurssin suoritus Valitse Yleiset kohtaan vaaditaanko alla olevista ehdoista v\u00e4hint\u00e4\u00e4n yksi vai kaikki aktivoidut ehdot ennen suorituksen saamista [&hellip;]\" \/>\n<meta property=\"og:url\" content=\"https:\/\/blogit.gradia.fi\/digipalvelut\/ohjeita-ja-vinkkeja\/moodle\/opintojakson-suorituksen-maaritteleminen-moodlessa\/\" \/>\n<meta property=\"og:site_name\" content=\"Gradia Digipalvelut\" \/>\n<meta property=\"article:modified_time\" content=\"2020-06-22T12:18:16+00:00\" \/>\n<meta property=\"og:image\" content=\"https:\/\/blogit.gradia.fi\/digipalvelut\/wp-content\/uploads\/sites\/99\/2020\/06\/Kurssinsuoritus.jpg\" \/>\n<meta name=\"twitter:card\" content=\"summary_large_image\" \/>\n<meta name=\"twitter:label1\" content=\"Arvioitu lukuaika\" \/>\n\t<meta name=\"twitter:data1\" content=\"1 minuutti\" \/>\n<script type=\"application\/ld+json\" class=\"yoast-schema-graph\">{\"@context\":\"https:\\\/\\\/schema.org\",\"@graph\":[{\"@type\":\"WebPage\",\"@id\":\"https:\\\/\\\/blogit.gradia.fi\\\/digipalvelut\\\/ohjeita-ja-vinkkeja\\\/moodle\\\/opintojakson-suorituksen-maaritteleminen-moodlessa\\\/\",\"url\":\"https:\\\/\\\/blogit.gradia.fi\\\/digipalvelut\\\/ohjeita-ja-vinkkeja\\\/moodle\\\/opintojakson-suorituksen-maaritteleminen-moodlessa\\\/\",\"name\":\"Opintojakson suorituksen m\u00e4\u00e4ritteleminen Moodlessa - Gradia Digipalvelut\",\"isPartOf\":{\"@id\":\"https:\\\/\\\/blogit.gradia.fi\\\/digipalvelut\\\/#website\"},\"primaryImageOfPage\":{\"@id\":\"https:\\\/\\\/blogit.gradia.fi\\\/digipalvelut\\\/ohjeita-ja-vinkkeja\\\/moodle\\\/opintojakson-suorituksen-maaritteleminen-moodlessa\\\/#primaryimage\"},\"image\":{\"@id\":\"https:\\\/\\\/blogit.gradia.fi\\\/digipalvelut\\\/ohjeita-ja-vinkkeja\\\/moodle\\\/opintojakson-suorituksen-maaritteleminen-moodlessa\\\/#primaryimage\"},\"thumbnailUrl\":\"https:\\\/\\\/blogit.gradia.fi\\\/digipalvelut\\\/wp-content\\\/uploads\\\/sites\\\/99\\\/2020\\\/06\\\/Kurssinsuoritus.jpg\",\"datePublished\":\"2020-06-22T10:10:09+00:00\",\"dateModified\":\"2020-06-22T12:18:16+00:00\",\"breadcrumb\":{\"@id\":\"https:\\\/\\\/blogit.gradia.fi\\\/digipalvelut\\\/ohjeita-ja-vinkkeja\\\/moodle\\\/opintojakson-suorituksen-maaritteleminen-moodlessa\\\/#breadcrumb\"},\"inLanguage\":\"fi\",\"potentialAction\":[{\"@type\":\"ReadAction\",\"target\":[\"https:\\\/\\\/blogit.gradia.fi\\\/digipalvelut\\\/ohjeita-ja-vinkkeja\\\/moodle\\\/opintojakson-suorituksen-maaritteleminen-moodlessa\\\/\"]}]},{\"@type\":\"ImageObject\",\"inLanguage\":\"fi\",\"@id\":\"https:\\\/\\\/blogit.gradia.fi\\\/digipalvelut\\\/ohjeita-ja-vinkkeja\\\/moodle\\\/opintojakson-suorituksen-maaritteleminen-moodlessa\\\/#primaryimage\",\"url\":\"https:\\\/\\\/blogit.gradia.fi\\\/digipalvelut\\\/wp-content\\\/uploads\\\/sites\\\/99\\\/2020\\\/06\\\/Kurssinsuoritus.jpg\",\"contentUrl\":\"https:\\\/\\\/blogit.gradia.fi\\\/digipalvelut\\\/wp-content\\\/uploads\\\/sites\\\/99\\\/2020\\\/06\\\/Kurssinsuoritus.jpg\",\"width\":340,\"height\":413,\"caption\":\"Kurssin suoritus -valikko\"},{\"@type\":\"BreadcrumbList\",\"@id\":\"https:\\\/\\\/blogit.gradia.fi\\\/digipalvelut\\\/ohjeita-ja-vinkkeja\\\/moodle\\\/opintojakson-suorituksen-maaritteleminen-moodlessa\\\/#breadcrumb\",\"itemListElement\":[{\"@type\":\"ListItem\",\"position\":1,\"name\":\"Ohjeita ja vinkkej\u00e4\",\"item\":\"https:\\\/\\\/blogit.gradia.fi\\\/digipalvelut\\\/ohjeita-ja-vinkkeja\\\/\"},{\"@type\":\"ListItem\",\"position\":2,\"name\":\"Moodle\",\"item\":\"https:\\\/\\\/blogit.gradia.fi\\\/digipalvelut\\\/ohjeita-ja-vinkkeja\\\/moodle\\\/\"},{\"@type\":\"ListItem\",\"position\":3,\"name\":\"Opintojakson suorituksen m\u00e4\u00e4ritteleminen Moodlessa\"}]},{\"@type\":\"WebSite\",\"@id\":\"https:\\\/\\\/blogit.gradia.fi\\\/digipalvelut\\\/#website\",\"url\":\"https:\\\/\\\/blogit.gradia.fi\\\/digipalvelut\\\/\",\"name\":\"Gradia Digipalvelut\",\"description\":\"Astetta enemm\u00e4n digi\u00e4\",\"publisher\":{\"@id\":\"https:\\\/\\\/blogit.gradia.fi\\\/digipalvelut\\\/#organization\"},\"potentialAction\":[{\"@type\":\"SearchAction\",\"target\":{\"@type\":\"EntryPoint\",\"urlTemplate\":\"https:\\\/\\\/blogit.gradia.fi\\\/digipalvelut\\\/?s={search_term_string}\"},\"query-input\":{\"@type\":\"PropertyValueSpecification\",\"valueRequired\":true,\"valueName\":\"search_term_string\"}}],\"inLanguage\":\"fi\"},{\"@type\":\"Organization\",\"@id\":\"https:\\\/\\\/blogit.gradia.fi\\\/digipalvelut\\\/#organization\",\"name\":\"Gradia Digipalvelut\",\"url\":\"https:\\\/\\\/blogit.gradia.fi\\\/digipalvelut\\\/\",\"logo\":{\"@type\":\"ImageObject\",\"inLanguage\":\"fi\",\"@id\":\"https:\\\/\\\/blogit.gradia.fi\\\/digipalvelut\\\/#\\\/schema\\\/logo\\\/image\\\/\",\"url\":\"https:\\\/\\\/blogit.gradia.fi\\\/digipalvelut\\\/wp-content\\\/uploads\\\/sites\\\/99\\\/2019\\\/06\\\/cropped-Gradia_logo_Cyber_TRANSPARENT.png\",\"contentUrl\":\"https:\\\/\\\/blogit.gradia.fi\\\/digipalvelut\\\/wp-content\\\/uploads\\\/sites\\\/99\\\/2019\\\/06\\\/cropped-Gradia_logo_Cyber_TRANSPARENT.png\",\"width\":316,\"height\":382,\"caption\":\"Gradia Digipalvelut\"},\"image\":{\"@id\":\"https:\\\/\\\/blogit.gradia.fi\\\/digipalvelut\\\/#\\\/schema\\\/logo\\\/image\\\/\"}}]}<\/script>\n<!-- \/ Yoast SEO plugin. -->","yoast_head_json":{"title":"Opintojakson suorituksen m\u00e4\u00e4ritteleminen Moodlessa - Gradia Digipalvelut","robots":{"index":"index","follow":"follow","max-snippet":"max-snippet:-1","max-image-preview":"max-image-preview:large","max-video-preview":"max-video-preview:-1"},"canonical":"https:\/\/blogit.gradia.fi\/digipalvelut\/ohjeita-ja-vinkkeja\/moodle\/opintojakson-suorituksen-maaritteleminen-moodlessa\/","og_locale":"fi_FI","og_type":"article","og_title":"Opintojakson suorituksen m\u00e4\u00e4ritteleminen Moodlessa - Gradia Digipalvelut","og_description":"Ennen opintojakson aloittamista m\u00e4\u00e4rit\u00e4 viel\u00e4 opintojakson suoritus eli milloin opintojakso siirtyy opiskelijalla menneisiin opintojaksoihin Moodlessa, mik\u00e4li opintojaksolla ei k\u00e4ytet\u00e4 p\u00e4\u00e4ttymisp\u00e4iv\u00e4m\u00e4\u00e4r\u00e4\u00e4. Opintojakson suorituksen m\u00e4\u00e4rittely Klikkaa opintojaksosi etusivulla oikeassa yl\u00e4kulmassa olevaa hammasratasta ja valitse Kurssin suoritus Valitse Yleiset kohtaan vaaditaanko alla olevista ehdoista v\u00e4hint\u00e4\u00e4n yksi vai kaikki aktivoidut ehdot ennen suorituksen saamista [&hellip;]","og_url":"https:\/\/blogit.gradia.fi\/digipalvelut\/ohjeita-ja-vinkkeja\/moodle\/opintojakson-suorituksen-maaritteleminen-moodlessa\/","og_site_name":"Gradia Digipalvelut","article_modified_time":"2020-06-22T12:18:16+00:00","og_image":[{"url":"https:\/\/blogit.gradia.fi\/digipalvelut\/wp-content\/uploads\/sites\/99\/2020\/06\/Kurssinsuoritus.jpg","type":"","width":"","height":""}],"twitter_card":"summary_large_image","twitter_misc":{"Arvioitu lukuaika":"1 minuutti"},"schema":{"@context":"https:\/\/schema.org","@graph":[{"@type":"WebPage","@id":"https:\/\/blogit.gradia.fi\/digipalvelut\/ohjeita-ja-vinkkeja\/moodle\/opintojakson-suorituksen-maaritteleminen-moodlessa\/","url":"https:\/\/blogit.gradia.fi\/digipalvelut\/ohjeita-ja-vinkkeja\/moodle\/opintojakson-suorituksen-maaritteleminen-moodlessa\/","name":"Opintojakson suorituksen m\u00e4\u00e4ritteleminen Moodlessa - Gradia Digipalvelut","isPartOf":{"@id":"https:\/\/blogit.gradia.fi\/digipalvelut\/#website"},"primaryImageOfPage":{"@id":"https:\/\/blogit.gradia.fi\/digipalvelut\/ohjeita-ja-vinkkeja\/moodle\/opintojakson-suorituksen-maaritteleminen-moodlessa\/#primaryimage"},"image":{"@id":"https:\/\/blogit.gradia.fi\/digipalvelut\/ohjeita-ja-vinkkeja\/moodle\/opintojakson-suorituksen-maaritteleminen-moodlessa\/#primaryimage"},"thumbnailUrl":"https:\/\/blogit.gradia.fi\/digipalvelut\/wp-content\/uploads\/sites\/99\/2020\/06\/Kurssinsuoritus.jpg","datePublished":"2020-06-22T10:10:09+00:00","dateModified":"2020-06-22T12:18:16+00:00","breadcrumb":{"@id":"https:\/\/blogit.gradia.fi\/digipalvelut\/ohjeita-ja-vinkkeja\/moodle\/opintojakson-suorituksen-maaritteleminen-moodlessa\/#breadcrumb"},"inLanguage":"fi","potentialAction":[{"@type":"ReadAction","target":["https:\/\/blogit.gradia.fi\/digipalvelut\/ohjeita-ja-vinkkeja\/moodle\/opintojakson-suorituksen-maaritteleminen-moodlessa\/"]}]},{"@type":"ImageObject","inLanguage":"fi","@id":"https:\/\/blogit.gradia.fi\/digipalvelut\/ohjeita-ja-vinkkeja\/moodle\/opintojakson-suorituksen-maaritteleminen-moodlessa\/#primaryimage","url":"https:\/\/blogit.gradia.fi\/digipalvelut\/wp-content\/uploads\/sites\/99\/2020\/06\/Kurssinsuoritus.jpg","contentUrl":"https:\/\/blogit.gradia.fi\/digipalvelut\/wp-content\/uploads\/sites\/99\/2020\/06\/Kurssinsuoritus.jpg","width":340,"height":413,"caption":"Kurssin suoritus -valikko"},{"@type":"BreadcrumbList","@id":"https:\/\/blogit.gradia.fi\/digipalvelut\/ohjeita-ja-vinkkeja\/moodle\/opintojakson-suorituksen-maaritteleminen-moodlessa\/#breadcrumb","itemListElement":[{"@type":"ListItem","position":1,"name":"Ohjeita ja vinkkej\u00e4","item":"https:\/\/blogit.gradia.fi\/digipalvelut\/ohjeita-ja-vinkkeja\/"},{"@type":"ListItem","position":2,"name":"Moodle","item":"https:\/\/blogit.gradia.fi\/digipalvelut\/ohjeita-ja-vinkkeja\/moodle\/"},{"@type":"ListItem","position":3,"name":"Opintojakson suorituksen m\u00e4\u00e4ritteleminen Moodlessa"}]},{"@type":"WebSite","@id":"https:\/\/blogit.gradia.fi\/digipalvelut\/#website","url":"https:\/\/blogit.gradia.fi\/digipalvelut\/","name":"Gradia Digipalvelut","description":"Astetta enemm\u00e4n digi\u00e4","publisher":{"@id":"https:\/\/blogit.gradia.fi\/digipalvelut\/#organization"},"potentialAction":[{"@type":"SearchAction","target":{"@type":"EntryPoint","urlTemplate":"https:\/\/blogit.gradia.fi\/digipalvelut\/?s={search_term_string}"},"query-input":{"@type":"PropertyValueSpecification","valueRequired":true,"valueName":"search_term_string"}}],"inLanguage":"fi"},{"@type":"Organization","@id":"https:\/\/blogit.gradia.fi\/digipalvelut\/#organization","name":"Gradia Digipalvelut","url":"https:\/\/blogit.gradia.fi\/digipalvelut\/","logo":{"@type":"ImageObject","inLanguage":"fi","@id":"https:\/\/blogit.gradia.fi\/digipalvelut\/#\/schema\/logo\/image\/","url":"https:\/\/blogit.gradia.fi\/digipalvelut\/wp-content\/uploads\/sites\/99\/2019\/06\/cropped-Gradia_logo_Cyber_TRANSPARENT.png","contentUrl":"https:\/\/blogit.gradia.fi\/digipalvelut\/wp-content\/uploads\/sites\/99\/2019\/06\/cropped-Gradia_logo_Cyber_TRANSPARENT.png","width":316,"height":382,"caption":"Gradia Digipalvelut"},"image":{"@id":"https:\/\/blogit.gradia.fi\/digipalvelut\/#\/schema\/logo\/image\/"}}]}},"uagb_featured_image_src":{"full":false,"thumbnail":false,"medium":false,"medium_large":false,"large":false,"1536x1536":false,"2048x2048":false,"hestia-blog":false},"uagb_author_info":{"display_name":"Heini Pennanen","author_link":"https:\/\/blogit.gradia.fi\/digipalvelut\/author\/pennahei\/"},"uagb_comment_info":0,"uagb_excerpt":"Ennen opintojakson aloittamista m\u00e4\u00e4rit\u00e4 viel\u00e4 opintojakson suoritus eli milloin opintojakso siirtyy opiskelijalla menneisiin opintojaksoihin Moodlessa, mik\u00e4li opintojaksolla ei k\u00e4ytet\u00e4 p\u00e4\u00e4ttymisp\u00e4iv\u00e4m\u00e4\u00e4r\u00e4\u00e4. Opintojakson suorituksen m\u00e4\u00e4rittely Klikkaa opintojaksosi etusivulla oikeassa yl\u00e4kulmassa olevaa hammasratasta ja valitse Kurssin suoritus Valitse Yleiset kohtaan vaaditaanko alla olevista ehdoista v\u00e4hint\u00e4\u00e4n yksi vai kaikki aktivoidut ehdot ennen suorituksen saamista [&hellip;]","_links":{"self":[{"href":"https:\/\/blogit.gradia.fi\/digipalvelut\/wp-json\/wp\/v2\/pages\/1930","targetHints":{"allow":["GET"]}}],"collection":[{"href":"https:\/\/blogit.gradia.fi\/digipalvelut\/wp-json\/wp\/v2\/pages"}],"about":[{"href":"https:\/\/blogit.gradia.fi\/digipalvelut\/wp-json\/wp\/v2\/types\/page"}],"author":[{"embeddable":true,"href":"https:\/\/blogit.gradia.fi\/digipalvelut\/wp-json\/wp\/v2\/users\/165"}],"replies":[{"embeddable":true,"href":"https:\/\/blogit.gradia.fi\/digipalvelut\/wp-json\/wp\/v2\/comments?post=1930"}],"version-history":[{"count":2,"href":"https:\/\/blogit.gradia.fi\/digipalvelut\/wp-json\/wp\/v2\/pages\/1930\/revisions"}],"predecessor-version":[{"id":1937,"href":"https:\/\/blogit.gradia.fi\/digipalvelut\/wp-json\/wp\/v2\/pages\/1930\/revisions\/1937"}],"up":[{"embeddable":true,"href":"https:\/\/blogit.gradia.fi\/digipalvelut\/wp-json\/wp\/v2\/pages\/76"}],"wp:attachment":[{"href":"https:\/\/blogit.gradia.fi\/digipalvelut\/wp-json\/wp\/v2\/media?parent=1930"}],"curies":[{"name":"wp","href":"https:\/\/api.w.org\/{rel}","templated":true}]}}