{"id":1907,"date":"2020-06-01T15:58:24","date_gmt":"2020-06-01T12:58:24","guid":{"rendered":"https:\/\/blogit.gradia.fi\/digipalvelut\/?page_id=1907"},"modified":"2020-06-01T15:58:25","modified_gmt":"2020-06-01T12:58:25","slug":"opiskelijan-liittyminen-bigbluebutton-aktiviteettiin-moodlessa","status":"publish","type":"page","link":"https:\/\/blogit.gradia.fi\/digipalvelut\/ohjeita-ja-vinkkeja\/moodle\/opiskelijan-liittyminen-bigbluebutton-aktiviteettiin-moodlessa\/","title":{"rendered":"Opiskelijan liittyminen BigBlueButton aktiviteettiin Moodlessa"},"content":{"rendered":"\n<p><strong>BigBlueButton on Moodlessa oleva virtuaalinen luokkahuone opetusta ja ohjausta varten. Tunnille osallistumista varten tarvitset mielell\u00e4\u00e4n kuulokemikrofonin (my\u00f6s useimmat puhelimen nappikuulokkeet k\u00e4yv\u00e4t t\u00e4h\u00e4n). Tarvittaessa voit osallistua my\u00f6s kannettavalla tietokoneella, jossa on sis\u00e4\u00e4nrakennettu mikrofoni ja kaiuttimet.<\/strong><\/p>\n\n\n\n<hr class=\"wp-block-separator\" \/>\n\n\n\n<p>Mene Moodlessa opintojaksollesi ja avaa BigBlueButton-aktiviteetti oheisesta kuvakkeesta. <img decoding=\"async\" width=\"44\" height=\"39\" class=\"wp-image-1908\" style=\"width: 44px\" src=\"https:\/\/blogit.gradia.fi\/digipalvelut\/wp-content\/uploads\/sites\/99\/2020\/06\/bbb-kuvake.jpg\" alt=\"BigBlueButton kuvake pieni b\"><\/p>\n\n\n\n<ol class=\"wp-block-list\"><li>Avaa BBB -aktiviteetti klikkaamalla BBB-ty\u00f6tilan nime\u00e4 opintojaksolla<\/li><li>Valitse <strong>liity istuntoon<\/strong><\/li><\/ol>\n\n\n\n<div class=\"wp-block-image\"><figure class=\"aligncenter\"><img fetchpriority=\"high\" decoding=\"async\" width=\"417\" height=\"324\" src=\"https:\/\/blogit.gradia.fi\/digipalvelut\/wp-content\/uploads\/sites\/99\/2020\/03\/testity\u00f6tila-BBB.png\" alt=\"\" class=\"wp-image-1580\" srcset=\"https:\/\/blogit.gradia.fi\/digipalvelut\/wp-content\/uploads\/sites\/99\/2020\/03\/testity\u00f6tila-BBB.png 417w, https:\/\/blogit.gradia.fi\/digipalvelut\/wp-content\/uploads\/sites\/99\/2020\/03\/testity\u00f6tila-BBB-300x233.png 300w\" sizes=\"(max-width: 417px) 100vw, 417px\" \/><\/figure><\/div>\n\n\n\n<p>3. Valitse osallistutko virtuaaliluokkahuoneen opetukseen mikrofonin kanssa (mikrofonikuvake) vai vaan pelk\u00e4st\u00e4\u00e4n kuuntelijana. <strong>Suosittelemme osallistumaan mikrofonilla<\/strong>. N\u00e4ill\u00e4 asetuksilla voit mykist\u00e4\u00e4 mikrofonisi, mutta osallistua keskusteluun tarvittaessa.<br><br>Mik\u00e4li valitset\u00a0<strong>Listen\u00a0only\u00a0<\/strong>\u00a0eli kuuloke \u2013kuvakkeen, et voi k\u00e4ytt\u00e4\u00e4 mikrofonia, vaan osallistua ainoastaan kuuntelijana sek\u00e4 kirjoittamalla\u00a0chat\u00a0\u2013 viestej\u00e4 tai yksityisviestej\u00e4 muille osallistujille.\u00a0\u00a0<\/p>\n\n\n\n<figure class=\"wp-block-image\"><img decoding=\"async\" width=\"1024\" height=\"525\" src=\"https:\/\/blogit.gradia.fi\/digipalvelut\/wp-content\/uploads\/sites\/99\/2020\/03\/BBB-\u00e4\u00e4nivalinta-1024x525.png\" alt=\"\" class=\"wp-image-1581\" srcset=\"https:\/\/blogit.gradia.fi\/digipalvelut\/wp-content\/uploads\/sites\/99\/2020\/03\/BBB-\u00e4\u00e4nivalinta-1024x525.png 1024w, https:\/\/blogit.gradia.fi\/digipalvelut\/wp-content\/uploads\/sites\/99\/2020\/03\/BBB-\u00e4\u00e4nivalinta-300x154.png 300w, https:\/\/blogit.gradia.fi\/digipalvelut\/wp-content\/uploads\/sites\/99\/2020\/03\/BBB-\u00e4\u00e4nivalinta-768x394.png 768w, https:\/\/blogit.gradia.fi\/digipalvelut\/wp-content\/uploads\/sites\/99\/2020\/03\/BBB-\u00e4\u00e4nivalinta-620x318.png 620w, https:\/\/blogit.gradia.fi\/digipalvelut\/wp-content\/uploads\/sites\/99\/2020\/03\/BBB-\u00e4\u00e4nivalinta.png 1176w\" sizes=\"(max-width: 1024px) 100vw, 1024px\" \/><\/figure>\n\n\n\n<p>4. Testaa mikrofonisi \u00e4\u00e4net. Mik\u00e4li kuulet oman \u00e4\u00e4nesi, <strong>valitse Kyll\u00e4<\/strong>. Siirryt automaattisesti virtuaaliluokkahuoneeseen.&nbsp;<\/p>\n\n\n\n<div class=\"wp-block-image\"><figure class=\"aligncenter\"><img loading=\"lazy\" decoding=\"async\" width=\"572\" height=\"259\" src=\"https:\/\/blogit.gradia.fi\/digipalvelut\/wp-content\/uploads\/sites\/99\/2020\/03\/mikrofonitesti.png\" alt=\"\" class=\"wp-image-1592\" srcset=\"https:\/\/blogit.gradia.fi\/digipalvelut\/wp-content\/uploads\/sites\/99\/2020\/03\/mikrofonitesti.png 572w, https:\/\/blogit.gradia.fi\/digipalvelut\/wp-content\/uploads\/sites\/99\/2020\/03\/mikrofonitesti-300x136.png 300w\" sizes=\"(max-width: 572px) 100vw, 572px\" \/><\/figure><\/div>\n\n\n\n<p>5. Mik\u00e4li mikrofonisi ei toimi, <strong>valitse EI<\/strong> ja katso, ett\u00e4 sinulla on valittuna parhaillaan k\u00e4yt\u00f6ss\u00e4si oleva kuulokemikrofoni.&nbsp;<\/p>\n\n\n\n<div class=\"wp-block-image\"><figure class=\"aligncenter\"><img loading=\"lazy\" decoding=\"async\" width=\"592\" height=\"318\" src=\"https:\/\/blogit.gradia.fi\/digipalvelut\/wp-content\/uploads\/sites\/99\/2020\/03\/vaihda-\u00e4\u00e4niasetuksiasi-BBB.png\" alt=\"\" class=\"wp-image-1594\" srcset=\"https:\/\/blogit.gradia.fi\/digipalvelut\/wp-content\/uploads\/sites\/99\/2020\/03\/vaihda-\u00e4\u00e4niasetuksiasi-BBB.png 592w, https:\/\/blogit.gradia.fi\/digipalvelut\/wp-content\/uploads\/sites\/99\/2020\/03\/vaihda-\u00e4\u00e4niasetuksiasi-BBB-300x161.png 300w\" sizes=\"(max-width: 592px) 100vw, 592px\" \/><\/figure><\/div>\n\n\n\n<p>\u00a06. Olet valmis aloittamaan BBB \u2013tilassa ty\u00f6skentelyn\u00a0<\/p>\n\n\n\n<hr class=\"wp-block-separator\" \/>\n\n\n\n<figure class=\"wp-block-embed-youtube wp-block-embed is-type-video is-provider-youtube wp-embed-aspect-16-9 wp-has-aspect-ratio\"><div class=\"wp-block-embed__wrapper\">\n<iframe title=\"Moodle BigBlueButton opiskelija mukaan videoyhteyteen\" width=\"750\" height=\"422\" src=\"https:\/\/www.youtube.com\/embed\/fWu0uzyNS1M?feature=oembed\" frameborder=\"0\" allow=\"accelerometer; autoplay; clipboard-write; encrypted-media; gyroscope; picture-in-picture; web-share\" allowfullscreen><\/iframe>\n<\/div><\/figure>\n","protected":false},"excerpt":{"rendered":"<p>BigBlueButton on Moodlessa oleva virtuaalinen luokkahuone opetusta ja ohjausta varten. Tunnille osallistumista varten tarvitset mielell\u00e4\u00e4n kuulokemikrofonin (my\u00f6s useimmat puhelimen nappikuulokkeet k\u00e4yv\u00e4t t\u00e4h\u00e4n). Tarvittaessa voit osallistua my\u00f6s kannettavalla tietokoneella, jossa on sis\u00e4\u00e4nrakennettu mikrofoni ja kaiuttimet. Mene Moodlessa opintojaksollesi ja avaa BigBlueButton-aktiviteetti oheisesta kuvakkeesta. Avaa BBB -aktiviteetti klikkaamalla BBB-ty\u00f6tilan nime\u00e4 opintojaksolla Valitse [&hellip;]<\/p>\n","protected":false},"author":165,"featured_media":0,"parent":76,"menu_order":0,"comment_status":"closed","ping_status":"closed","template":"","meta":{"_uag_custom_page_level_css":"","footnotes":""},"class_list":["post-1907","page","type-page","status-publish","hentry"],"yoast_head":"<!-- This site is optimized with the Yoast SEO plugin v27.4 - https:\/\/yoast.com\/product\/yoast-seo-wordpress\/ -->\n<title>Opiskelijan liittyminen BigBlueButton aktiviteettiin Moodlessa - Gradia Digipalvelut<\/title>\n<meta name=\"robots\" content=\"index, follow, max-snippet:-1, max-image-preview:large, max-video-preview:-1\" \/>\n<link rel=\"canonical\" href=\"https:\/\/blogit.gradia.fi\/digipalvelut\/ohjeita-ja-vinkkeja\/moodle\/opiskelijan-liittyminen-bigbluebutton-aktiviteettiin-moodlessa\/\" \/>\n<meta property=\"og:locale\" content=\"fi_FI\" \/>\n<meta property=\"og:type\" content=\"article\" \/>\n<meta property=\"og:title\" content=\"Opiskelijan liittyminen BigBlueButton aktiviteettiin Moodlessa - Gradia Digipalvelut\" \/>\n<meta property=\"og:description\" content=\"BigBlueButton on Moodlessa oleva virtuaalinen luokkahuone opetusta ja ohjausta varten. Tunnille osallistumista varten tarvitset mielell\u00e4\u00e4n kuulokemikrofonin (my\u00f6s useimmat puhelimen nappikuulokkeet k\u00e4yv\u00e4t t\u00e4h\u00e4n). Tarvittaessa voit osallistua my\u00f6s kannettavalla tietokoneella, jossa on sis\u00e4\u00e4nrakennettu mikrofoni ja kaiuttimet. Mene Moodlessa opintojaksollesi ja avaa BigBlueButton-aktiviteetti oheisesta kuvakkeesta. Avaa BBB -aktiviteetti klikkaamalla BBB-ty\u00f6tilan nime\u00e4 opintojaksolla Valitse [&hellip;]\" \/>\n<meta property=\"og:url\" content=\"https:\/\/blogit.gradia.fi\/digipalvelut\/ohjeita-ja-vinkkeja\/moodle\/opiskelijan-liittyminen-bigbluebutton-aktiviteettiin-moodlessa\/\" \/>\n<meta property=\"og:site_name\" content=\"Gradia Digipalvelut\" \/>\n<meta property=\"article:modified_time\" content=\"2020-06-01T12:58:25+00:00\" \/>\n<meta property=\"og:image\" content=\"https:\/\/blogit.gradia.fi\/digipalvelut\/wp-content\/uploads\/sites\/99\/2020\/06\/bbb-kuvake.jpg\" \/>\n<meta name=\"twitter:card\" content=\"summary_large_image\" \/>\n<meta name=\"twitter:label1\" content=\"Arvioitu lukuaika\" \/>\n\t<meta name=\"twitter:data1\" content=\"1 minuutti\" \/>\n<script type=\"application\/ld+json\" class=\"yoast-schema-graph\">{\"@context\":\"https:\\\/\\\/schema.org\",\"@graph\":[{\"@type\":\"WebPage\",\"@id\":\"https:\\\/\\\/blogit.gradia.fi\\\/digipalvelut\\\/ohjeita-ja-vinkkeja\\\/moodle\\\/opiskelijan-liittyminen-bigbluebutton-aktiviteettiin-moodlessa\\\/\",\"url\":\"https:\\\/\\\/blogit.gradia.fi\\\/digipalvelut\\\/ohjeita-ja-vinkkeja\\\/moodle\\\/opiskelijan-liittyminen-bigbluebutton-aktiviteettiin-moodlessa\\\/\",\"name\":\"Opiskelijan liittyminen BigBlueButton aktiviteettiin Moodlessa - Gradia Digipalvelut\",\"isPartOf\":{\"@id\":\"https:\\\/\\\/blogit.gradia.fi\\\/digipalvelut\\\/#website\"},\"primaryImageOfPage\":{\"@id\":\"https:\\\/\\\/blogit.gradia.fi\\\/digipalvelut\\\/ohjeita-ja-vinkkeja\\\/moodle\\\/opiskelijan-liittyminen-bigbluebutton-aktiviteettiin-moodlessa\\\/#primaryimage\"},\"image\":{\"@id\":\"https:\\\/\\\/blogit.gradia.fi\\\/digipalvelut\\\/ohjeita-ja-vinkkeja\\\/moodle\\\/opiskelijan-liittyminen-bigbluebutton-aktiviteettiin-moodlessa\\\/#primaryimage\"},\"thumbnailUrl\":\"https:\\\/\\\/blogit.gradia.fi\\\/digipalvelut\\\/wp-content\\\/uploads\\\/sites\\\/99\\\/2020\\\/06\\\/bbb-kuvake.jpg\",\"datePublished\":\"2020-06-01T12:58:24+00:00\",\"dateModified\":\"2020-06-01T12:58:25+00:00\",\"breadcrumb\":{\"@id\":\"https:\\\/\\\/blogit.gradia.fi\\\/digipalvelut\\\/ohjeita-ja-vinkkeja\\\/moodle\\\/opiskelijan-liittyminen-bigbluebutton-aktiviteettiin-moodlessa\\\/#breadcrumb\"},\"inLanguage\":\"fi\",\"potentialAction\":[{\"@type\":\"ReadAction\",\"target\":[\"https:\\\/\\\/blogit.gradia.fi\\\/digipalvelut\\\/ohjeita-ja-vinkkeja\\\/moodle\\\/opiskelijan-liittyminen-bigbluebutton-aktiviteettiin-moodlessa\\\/\"]}]},{\"@type\":\"ImageObject\",\"inLanguage\":\"fi\",\"@id\":\"https:\\\/\\\/blogit.gradia.fi\\\/digipalvelut\\\/ohjeita-ja-vinkkeja\\\/moodle\\\/opiskelijan-liittyminen-bigbluebutton-aktiviteettiin-moodlessa\\\/#primaryimage\",\"url\":\"https:\\\/\\\/blogit.gradia.fi\\\/digipalvelut\\\/wp-content\\\/uploads\\\/sites\\\/99\\\/2020\\\/06\\\/bbb-kuvake.jpg\",\"contentUrl\":\"https:\\\/\\\/blogit.gradia.fi\\\/digipalvelut\\\/wp-content\\\/uploads\\\/sites\\\/99\\\/2020\\\/06\\\/bbb-kuvake.jpg\",\"width\":44,\"height\":39,\"caption\":\"BigBlueButton kuvake pieni b\"},{\"@type\":\"BreadcrumbList\",\"@id\":\"https:\\\/\\\/blogit.gradia.fi\\\/digipalvelut\\\/ohjeita-ja-vinkkeja\\\/moodle\\\/opiskelijan-liittyminen-bigbluebutton-aktiviteettiin-moodlessa\\\/#breadcrumb\",\"itemListElement\":[{\"@type\":\"ListItem\",\"position\":1,\"name\":\"Ohjeita ja vinkkej\u00e4\",\"item\":\"https:\\\/\\\/blogit.gradia.fi\\\/digipalvelut\\\/ohjeita-ja-vinkkeja\\\/\"},{\"@type\":\"ListItem\",\"position\":2,\"name\":\"Moodle\",\"item\":\"https:\\\/\\\/blogit.gradia.fi\\\/digipalvelut\\\/ohjeita-ja-vinkkeja\\\/moodle\\\/\"},{\"@type\":\"ListItem\",\"position\":3,\"name\":\"Opiskelijan liittyminen BigBlueButton aktiviteettiin Moodlessa\"}]},{\"@type\":\"WebSite\",\"@id\":\"https:\\\/\\\/blogit.gradia.fi\\\/digipalvelut\\\/#website\",\"url\":\"https:\\\/\\\/blogit.gradia.fi\\\/digipalvelut\\\/\",\"name\":\"Gradia Digipalvelut\",\"description\":\"Astetta enemm\u00e4n digi\u00e4\",\"publisher\":{\"@id\":\"https:\\\/\\\/blogit.gradia.fi\\\/digipalvelut\\\/#organization\"},\"potentialAction\":[{\"@type\":\"SearchAction\",\"target\":{\"@type\":\"EntryPoint\",\"urlTemplate\":\"https:\\\/\\\/blogit.gradia.fi\\\/digipalvelut\\\/?s={search_term_string}\"},\"query-input\":{\"@type\":\"PropertyValueSpecification\",\"valueRequired\":true,\"valueName\":\"search_term_string\"}}],\"inLanguage\":\"fi\"},{\"@type\":\"Organization\",\"@id\":\"https:\\\/\\\/blogit.gradia.fi\\\/digipalvelut\\\/#organization\",\"name\":\"Gradia Digipalvelut\",\"url\":\"https:\\\/\\\/blogit.gradia.fi\\\/digipalvelut\\\/\",\"logo\":{\"@type\":\"ImageObject\",\"inLanguage\":\"fi\",\"@id\":\"https:\\\/\\\/blogit.gradia.fi\\\/digipalvelut\\\/#\\\/schema\\\/logo\\\/image\\\/\",\"url\":\"https:\\\/\\\/blogit.gradia.fi\\\/digipalvelut\\\/wp-content\\\/uploads\\\/sites\\\/99\\\/2019\\\/06\\\/cropped-Gradia_logo_Cyber_TRANSPARENT.png\",\"contentUrl\":\"https:\\\/\\\/blogit.gradia.fi\\\/digipalvelut\\\/wp-content\\\/uploads\\\/sites\\\/99\\\/2019\\\/06\\\/cropped-Gradia_logo_Cyber_TRANSPARENT.png\",\"width\":316,\"height\":382,\"caption\":\"Gradia Digipalvelut\"},\"image\":{\"@id\":\"https:\\\/\\\/blogit.gradia.fi\\\/digipalvelut\\\/#\\\/schema\\\/logo\\\/image\\\/\"}}]}<\/script>\n<!-- \/ Yoast SEO plugin. -->","yoast_head_json":{"title":"Opiskelijan liittyminen BigBlueButton aktiviteettiin Moodlessa - Gradia Digipalvelut","robots":{"index":"index","follow":"follow","max-snippet":"max-snippet:-1","max-image-preview":"max-image-preview:large","max-video-preview":"max-video-preview:-1"},"canonical":"https:\/\/blogit.gradia.fi\/digipalvelut\/ohjeita-ja-vinkkeja\/moodle\/opiskelijan-liittyminen-bigbluebutton-aktiviteettiin-moodlessa\/","og_locale":"fi_FI","og_type":"article","og_title":"Opiskelijan liittyminen BigBlueButton aktiviteettiin Moodlessa - Gradia Digipalvelut","og_description":"BigBlueButton on Moodlessa oleva virtuaalinen luokkahuone opetusta ja ohjausta varten. Tunnille osallistumista varten tarvitset mielell\u00e4\u00e4n kuulokemikrofonin (my\u00f6s useimmat puhelimen nappikuulokkeet k\u00e4yv\u00e4t t\u00e4h\u00e4n). Tarvittaessa voit osallistua my\u00f6s kannettavalla tietokoneella, jossa on sis\u00e4\u00e4nrakennettu mikrofoni ja kaiuttimet. Mene Moodlessa opintojaksollesi ja avaa BigBlueButton-aktiviteetti oheisesta kuvakkeesta. Avaa BBB -aktiviteetti klikkaamalla BBB-ty\u00f6tilan nime\u00e4 opintojaksolla Valitse [&hellip;]","og_url":"https:\/\/blogit.gradia.fi\/digipalvelut\/ohjeita-ja-vinkkeja\/moodle\/opiskelijan-liittyminen-bigbluebutton-aktiviteettiin-moodlessa\/","og_site_name":"Gradia Digipalvelut","article_modified_time":"2020-06-01T12:58:25+00:00","og_image":[{"url":"https:\/\/blogit.gradia.fi\/digipalvelut\/wp-content\/uploads\/sites\/99\/2020\/06\/bbb-kuvake.jpg","type":"","width":"","height":""}],"twitter_card":"summary_large_image","twitter_misc":{"Arvioitu lukuaika":"1 minuutti"},"schema":{"@context":"https:\/\/schema.org","@graph":[{"@type":"WebPage","@id":"https:\/\/blogit.gradia.fi\/digipalvelut\/ohjeita-ja-vinkkeja\/moodle\/opiskelijan-liittyminen-bigbluebutton-aktiviteettiin-moodlessa\/","url":"https:\/\/blogit.gradia.fi\/digipalvelut\/ohjeita-ja-vinkkeja\/moodle\/opiskelijan-liittyminen-bigbluebutton-aktiviteettiin-moodlessa\/","name":"Opiskelijan liittyminen BigBlueButton aktiviteettiin Moodlessa - Gradia Digipalvelut","isPartOf":{"@id":"https:\/\/blogit.gradia.fi\/digipalvelut\/#website"},"primaryImageOfPage":{"@id":"https:\/\/blogit.gradia.fi\/digipalvelut\/ohjeita-ja-vinkkeja\/moodle\/opiskelijan-liittyminen-bigbluebutton-aktiviteettiin-moodlessa\/#primaryimage"},"image":{"@id":"https:\/\/blogit.gradia.fi\/digipalvelut\/ohjeita-ja-vinkkeja\/moodle\/opiskelijan-liittyminen-bigbluebutton-aktiviteettiin-moodlessa\/#primaryimage"},"thumbnailUrl":"https:\/\/blogit.gradia.fi\/digipalvelut\/wp-content\/uploads\/sites\/99\/2020\/06\/bbb-kuvake.jpg","datePublished":"2020-06-01T12:58:24+00:00","dateModified":"2020-06-01T12:58:25+00:00","breadcrumb":{"@id":"https:\/\/blogit.gradia.fi\/digipalvelut\/ohjeita-ja-vinkkeja\/moodle\/opiskelijan-liittyminen-bigbluebutton-aktiviteettiin-moodlessa\/#breadcrumb"},"inLanguage":"fi","potentialAction":[{"@type":"ReadAction","target":["https:\/\/blogit.gradia.fi\/digipalvelut\/ohjeita-ja-vinkkeja\/moodle\/opiskelijan-liittyminen-bigbluebutton-aktiviteettiin-moodlessa\/"]}]},{"@type":"ImageObject","inLanguage":"fi","@id":"https:\/\/blogit.gradia.fi\/digipalvelut\/ohjeita-ja-vinkkeja\/moodle\/opiskelijan-liittyminen-bigbluebutton-aktiviteettiin-moodlessa\/#primaryimage","url":"https:\/\/blogit.gradia.fi\/digipalvelut\/wp-content\/uploads\/sites\/99\/2020\/06\/bbb-kuvake.jpg","contentUrl":"https:\/\/blogit.gradia.fi\/digipalvelut\/wp-content\/uploads\/sites\/99\/2020\/06\/bbb-kuvake.jpg","width":44,"height":39,"caption":"BigBlueButton kuvake pieni b"},{"@type":"BreadcrumbList","@id":"https:\/\/blogit.gradia.fi\/digipalvelut\/ohjeita-ja-vinkkeja\/moodle\/opiskelijan-liittyminen-bigbluebutton-aktiviteettiin-moodlessa\/#breadcrumb","itemListElement":[{"@type":"ListItem","position":1,"name":"Ohjeita ja vinkkej\u00e4","item":"https:\/\/blogit.gradia.fi\/digipalvelut\/ohjeita-ja-vinkkeja\/"},{"@type":"ListItem","position":2,"name":"Moodle","item":"https:\/\/blogit.gradia.fi\/digipalvelut\/ohjeita-ja-vinkkeja\/moodle\/"},{"@type":"ListItem","position":3,"name":"Opiskelijan liittyminen BigBlueButton aktiviteettiin Moodlessa"}]},{"@type":"WebSite","@id":"https:\/\/blogit.gradia.fi\/digipalvelut\/#website","url":"https:\/\/blogit.gradia.fi\/digipalvelut\/","name":"Gradia Digipalvelut","description":"Astetta enemm\u00e4n digi\u00e4","publisher":{"@id":"https:\/\/blogit.gradia.fi\/digipalvelut\/#organization"},"potentialAction":[{"@type":"SearchAction","target":{"@type":"EntryPoint","urlTemplate":"https:\/\/blogit.gradia.fi\/digipalvelut\/?s={search_term_string}"},"query-input":{"@type":"PropertyValueSpecification","valueRequired":true,"valueName":"search_term_string"}}],"inLanguage":"fi"},{"@type":"Organization","@id":"https:\/\/blogit.gradia.fi\/digipalvelut\/#organization","name":"Gradia Digipalvelut","url":"https:\/\/blogit.gradia.fi\/digipalvelut\/","logo":{"@type":"ImageObject","inLanguage":"fi","@id":"https:\/\/blogit.gradia.fi\/digipalvelut\/#\/schema\/logo\/image\/","url":"https:\/\/blogit.gradia.fi\/digipalvelut\/wp-content\/uploads\/sites\/99\/2019\/06\/cropped-Gradia_logo_Cyber_TRANSPARENT.png","contentUrl":"https:\/\/blogit.gradia.fi\/digipalvelut\/wp-content\/uploads\/sites\/99\/2019\/06\/cropped-Gradia_logo_Cyber_TRANSPARENT.png","width":316,"height":382,"caption":"Gradia Digipalvelut"},"image":{"@id":"https:\/\/blogit.gradia.fi\/digipalvelut\/#\/schema\/logo\/image\/"}}]}},"uagb_featured_image_src":{"full":false,"thumbnail":false,"medium":false,"medium_large":false,"large":false,"1536x1536":false,"2048x2048":false,"hestia-blog":false},"uagb_author_info":{"display_name":"Heini Pennanen","author_link":"https:\/\/blogit.gradia.fi\/digipalvelut\/author\/pennahei\/"},"uagb_comment_info":0,"uagb_excerpt":"BigBlueButton on Moodlessa oleva virtuaalinen luokkahuone opetusta ja ohjausta varten. Tunnille osallistumista varten tarvitset mielell\u00e4\u00e4n kuulokemikrofonin (my\u00f6s useimmat puhelimen nappikuulokkeet k\u00e4yv\u00e4t t\u00e4h\u00e4n). Tarvittaessa voit osallistua my\u00f6s kannettavalla tietokoneella, jossa on sis\u00e4\u00e4nrakennettu mikrofoni ja kaiuttimet. Mene Moodlessa opintojaksollesi ja avaa BigBlueButton-aktiviteetti oheisesta kuvakkeesta. Avaa BBB -aktiviteetti klikkaamalla BBB-ty\u00f6tilan nime\u00e4 opintojaksolla Valitse [&hellip;]","_links":{"self":[{"href":"https:\/\/blogit.gradia.fi\/digipalvelut\/wp-json\/wp\/v2\/pages\/1907","targetHints":{"allow":["GET"]}}],"collection":[{"href":"https:\/\/blogit.gradia.fi\/digipalvelut\/wp-json\/wp\/v2\/pages"}],"about":[{"href":"https:\/\/blogit.gradia.fi\/digipalvelut\/wp-json\/wp\/v2\/types\/page"}],"author":[{"embeddable":true,"href":"https:\/\/blogit.gradia.fi\/digipalvelut\/wp-json\/wp\/v2\/users\/165"}],"replies":[{"embeddable":true,"href":"https:\/\/blogit.gradia.fi\/digipalvelut\/wp-json\/wp\/v2\/comments?post=1907"}],"version-history":[{"count":1,"href":"https:\/\/blogit.gradia.fi\/digipalvelut\/wp-json\/wp\/v2\/pages\/1907\/revisions"}],"predecessor-version":[{"id":1909,"href":"https:\/\/blogit.gradia.fi\/digipalvelut\/wp-json\/wp\/v2\/pages\/1907\/revisions\/1909"}],"up":[{"embeddable":true,"href":"https:\/\/blogit.gradia.fi\/digipalvelut\/wp-json\/wp\/v2\/pages\/76"}],"wp:attachment":[{"href":"https:\/\/blogit.gradia.fi\/digipalvelut\/wp-json\/wp\/v2\/media?parent=1907"}],"curies":[{"name":"wp","href":"https:\/\/api.w.org\/{rel}","templated":true}]}}