{"id":189,"date":"2019-05-20T14:54:44","date_gmt":"2019-05-20T11:54:44","guid":{"rendered":"https:\/\/blogit.gradia.fi\/digipalvelut\/?page_id=189"},"modified":"2022-01-05T09:28:09","modified_gmt":"2022-01-05T07:28:09","slug":"laitteet","status":"publish","type":"page","link":"https:\/\/blogit.gradia.fi\/digipalvelut\/ohjeita-ja-vinkkeja\/laitteet\/","title":{"rendered":"Laitteet"},"content":{"rendered":"\n<h2 class=\"wp-block-heading\">Puhelin<\/h2>\n\n\n\n<p><a href=\"https:\/\/blogit.gradia.fi\/digipalvelut\/nain-aktivoit-f-secure-elements-mobile-protection-turvatuotteen-tyopuhelimeesi\/\">N\u00e4in aktivoit F-Secure Elements Mobile Protection -tietoturvatuotteen<\/a><br><a href=\"https:\/\/blogit.gradia.fi\/digipalvelut\/ohjeita-ja-vinkkeja\/laitteet\/kaksivaiheisen-tunnistautumisen-mfa-kayttoonotto\/\">Kaksivaiheisen tunnistautumisen k\u00e4ytt\u00f6\u00f6notto<br><\/a><a href=\"https:\/\/blogit.gradia.fi\/digipalvelut\/fonecta-callerin-asennus-puhelimeen\/\">Fonecta Caller puhelimeen<br><\/a><a href=\"https:\/\/blogit.gradia.fi\/digipalvelut\/ohjeita-ja-vinkkeja\/laitteet\/netin-jakaminen-puhelimesta\/\">Nettiyhteyden jakaminen puhelimesta<\/a><br>Elisa Ring<br>Data roaming &#8211; datan k\u00e4ytt\u00f6 ulkomailla<\/p>\n\n\n\n<h2 class=\"wp-block-heading\">Tietokone<\/h2>\n\n\n\n<p><a href=\"https:\/\/blogit.gradia.fi\/digipalvelut\/ohjeita-ja-vinkkeja\/laitteet\/eduroamilla-verkkoon-melkein-missa-vain\/\">Langaton eduroam-verkko palveluksessasi<br><\/a><a href=\"https:\/\/blogit.gradia.fi\/digipalvelut\/ohjeita-ja-vinkkeja\/laitteet\/selaimen-valimuistin-tyhjentaminen\/\">Selaimen v\u00e4limuistin tyhjent\u00e4minen<\/a> <br><a href=\"https:\/\/blogit.gradia.fi\/digipalvelut\/ohjeita-ja-vinkkeja\/laitteet\/salasanan-vaihtaminen\/\">Salasanan vaihtaminen<\/a><br>Software Center<br>Office-paketin lataaminen kotikoneelle<\/p>\n\n\n\n<h2 class=\"wp-block-heading\">Tulostimet<\/h2>\n\n\n\n<p><a href=\"https:\/\/blogit.gradia.fi\/digipalvelut\/ohjeita-ja-vinkkeja\/laitteet\/followme-tulostus\/\">Tulostaminen FollowMe:ll\u00e4<\/a><\/p>\n\n\n\n<h2 class=\"wp-block-heading\">AV-laitteet<\/h2>\n\n\n<p><!--EndFragment--><\/p>","protected":false},"excerpt":{"rendered":"<p>Puhelin N\u00e4in aktivoit F-Secure Elements Mobile Protection -tietoturvatuotteenKaksivaiheisen tunnistautumisen k\u00e4ytt\u00f6\u00f6nottoFonecta Caller puhelimeenNettiyhteyden jakaminen puhelimestaElisa RingData roaming &#8211; datan k\u00e4ytt\u00f6 ulkomailla Tietokone Langaton eduroam-verkko palveluksessasiSelaimen v\u00e4limuistin tyhjent\u00e4minen Salasanan vaihtaminenSoftware CenterOffice-paketin lataaminen kotikoneelle Tulostimet Tulostaminen FollowMe:ll\u00e4 AV-laitteet<\/p>\n","protected":false},"author":421,"featured_media":0,"parent":37,"menu_order":2,"comment_status":"closed","ping_status":"closed","template":"","meta":{"_uag_custom_page_level_css":"","footnotes":""},"class_list":["post-189","page","type-page","status-publish","hentry"],"yoast_head":"<!-- This site is optimized with the Yoast SEO plugin v27.4 - https:\/\/yoast.com\/product\/yoast-seo-wordpress\/ -->\n<title>Laitteet - Gradia Digipalvelut<\/title>\n<meta name=\"robots\" content=\"index, follow, max-snippet:-1, max-image-preview:large, max-video-preview:-1\" \/>\n<link rel=\"canonical\" href=\"https:\/\/blogit.gradia.fi\/digipalvelut\/ohjeita-ja-vinkkeja\/laitteet\/\" \/>\n<meta property=\"og:locale\" content=\"fi_FI\" \/>\n<meta property=\"og:type\" content=\"article\" \/>\n<meta property=\"og:title\" content=\"Laitteet - Gradia Digipalvelut\" \/>\n<meta property=\"og:description\" content=\"Puhelin N\u00e4in aktivoit F-Secure Elements Mobile Protection -tietoturvatuotteenKaksivaiheisen tunnistautumisen k\u00e4ytt\u00f6\u00f6nottoFonecta Caller puhelimeenNettiyhteyden jakaminen puhelimestaElisa RingData roaming &#8211; datan k\u00e4ytt\u00f6 ulkomailla Tietokone Langaton eduroam-verkko palveluksessasiSelaimen v\u00e4limuistin tyhjent\u00e4minen Salasanan vaihtaminenSoftware CenterOffice-paketin lataaminen kotikoneelle Tulostimet Tulostaminen FollowMe:ll\u00e4 AV-laitteet\" \/>\n<meta property=\"og:url\" content=\"https:\/\/blogit.gradia.fi\/digipalvelut\/ohjeita-ja-vinkkeja\/laitteet\/\" \/>\n<meta property=\"og:site_name\" content=\"Gradia Digipalvelut\" \/>\n<meta property=\"article:modified_time\" content=\"2022-01-05T07:28:09+00:00\" \/>\n<meta name=\"twitter:card\" content=\"summary_large_image\" \/>\n<meta name=\"twitter:label1\" content=\"Arvioitu lukuaika\" \/>\n\t<meta name=\"twitter:data1\" content=\"1 minuutti\" \/>\n<script type=\"application\/ld+json\" class=\"yoast-schema-graph\">{\"@context\":\"https:\\\/\\\/schema.org\",\"@graph\":[{\"@type\":\"WebPage\",\"@id\":\"https:\\\/\\\/blogit.gradia.fi\\\/digipalvelut\\\/ohjeita-ja-vinkkeja\\\/laitteet\\\/\",\"url\":\"https:\\\/\\\/blogit.gradia.fi\\\/digipalvelut\\\/ohjeita-ja-vinkkeja\\\/laitteet\\\/\",\"name\":\"Laitteet - Gradia Digipalvelut\",\"isPartOf\":{\"@id\":\"https:\\\/\\\/blogit.gradia.fi\\\/digipalvelut\\\/#website\"},\"datePublished\":\"2019-05-20T11:54:44+00:00\",\"dateModified\":\"2022-01-05T07:28:09+00:00\",\"breadcrumb\":{\"@id\":\"https:\\\/\\\/blogit.gradia.fi\\\/digipalvelut\\\/ohjeita-ja-vinkkeja\\\/laitteet\\\/#breadcrumb\"},\"inLanguage\":\"fi\",\"potentialAction\":[{\"@type\":\"ReadAction\",\"target\":[\"https:\\\/\\\/blogit.gradia.fi\\\/digipalvelut\\\/ohjeita-ja-vinkkeja\\\/laitteet\\\/\"]}]},{\"@type\":\"BreadcrumbList\",\"@id\":\"https:\\\/\\\/blogit.gradia.fi\\\/digipalvelut\\\/ohjeita-ja-vinkkeja\\\/laitteet\\\/#breadcrumb\",\"itemListElement\":[{\"@type\":\"ListItem\",\"position\":1,\"name\":\"Ohjeita ja vinkkej\u00e4\",\"item\":\"https:\\\/\\\/blogit.gradia.fi\\\/digipalvelut\\\/ohjeita-ja-vinkkeja\\\/\"},{\"@type\":\"ListItem\",\"position\":2,\"name\":\"Laitteet\"}]},{\"@type\":\"WebSite\",\"@id\":\"https:\\\/\\\/blogit.gradia.fi\\\/digipalvelut\\\/#website\",\"url\":\"https:\\\/\\\/blogit.gradia.fi\\\/digipalvelut\\\/\",\"name\":\"Gradia Digipalvelut\",\"description\":\"Astetta enemm\u00e4n digi\u00e4\",\"publisher\":{\"@id\":\"https:\\\/\\\/blogit.gradia.fi\\\/digipalvelut\\\/#organization\"},\"potentialAction\":[{\"@type\":\"SearchAction\",\"target\":{\"@type\":\"EntryPoint\",\"urlTemplate\":\"https:\\\/\\\/blogit.gradia.fi\\\/digipalvelut\\\/?s={search_term_string}\"},\"query-input\":{\"@type\":\"PropertyValueSpecification\",\"valueRequired\":true,\"valueName\":\"search_term_string\"}}],\"inLanguage\":\"fi\"},{\"@type\":\"Organization\",\"@id\":\"https:\\\/\\\/blogit.gradia.fi\\\/digipalvelut\\\/#organization\",\"name\":\"Gradia Digipalvelut\",\"url\":\"https:\\\/\\\/blogit.gradia.fi\\\/digipalvelut\\\/\",\"logo\":{\"@type\":\"ImageObject\",\"inLanguage\":\"fi\",\"@id\":\"https:\\\/\\\/blogit.gradia.fi\\\/digipalvelut\\\/#\\\/schema\\\/logo\\\/image\\\/\",\"url\":\"https:\\\/\\\/blogit.gradia.fi\\\/digipalvelut\\\/wp-content\\\/uploads\\\/sites\\\/99\\\/2019\\\/06\\\/cropped-Gradia_logo_Cyber_TRANSPARENT.png\",\"contentUrl\":\"https:\\\/\\\/blogit.gradia.fi\\\/digipalvelut\\\/wp-content\\\/uploads\\\/sites\\\/99\\\/2019\\\/06\\\/cropped-Gradia_logo_Cyber_TRANSPARENT.png\",\"width\":316,\"height\":382,\"caption\":\"Gradia Digipalvelut\"},\"image\":{\"@id\":\"https:\\\/\\\/blogit.gradia.fi\\\/digipalvelut\\\/#\\\/schema\\\/logo\\\/image\\\/\"}}]}<\/script>\n<!-- \/ Yoast SEO plugin. -->","yoast_head_json":{"title":"Laitteet - Gradia Digipalvelut","robots":{"index":"index","follow":"follow","max-snippet":"max-snippet:-1","max-image-preview":"max-image-preview:large","max-video-preview":"max-video-preview:-1"},"canonical":"https:\/\/blogit.gradia.fi\/digipalvelut\/ohjeita-ja-vinkkeja\/laitteet\/","og_locale":"fi_FI","og_type":"article","og_title":"Laitteet - Gradia Digipalvelut","og_description":"Puhelin N\u00e4in aktivoit F-Secure Elements Mobile Protection -tietoturvatuotteenKaksivaiheisen tunnistautumisen k\u00e4ytt\u00f6\u00f6nottoFonecta Caller puhelimeenNettiyhteyden jakaminen puhelimestaElisa RingData roaming &#8211; datan k\u00e4ytt\u00f6 ulkomailla Tietokone Langaton eduroam-verkko palveluksessasiSelaimen v\u00e4limuistin tyhjent\u00e4minen Salasanan vaihtaminenSoftware CenterOffice-paketin lataaminen kotikoneelle Tulostimet Tulostaminen FollowMe:ll\u00e4 AV-laitteet","og_url":"https:\/\/blogit.gradia.fi\/digipalvelut\/ohjeita-ja-vinkkeja\/laitteet\/","og_site_name":"Gradia Digipalvelut","article_modified_time":"2022-01-05T07:28:09+00:00","twitter_card":"summary_large_image","twitter_misc":{"Arvioitu lukuaika":"1 minuutti"},"schema":{"@context":"https:\/\/schema.org","@graph":[{"@type":"WebPage","@id":"https:\/\/blogit.gradia.fi\/digipalvelut\/ohjeita-ja-vinkkeja\/laitteet\/","url":"https:\/\/blogit.gradia.fi\/digipalvelut\/ohjeita-ja-vinkkeja\/laitteet\/","name":"Laitteet - Gradia Digipalvelut","isPartOf":{"@id":"https:\/\/blogit.gradia.fi\/digipalvelut\/#website"},"datePublished":"2019-05-20T11:54:44+00:00","dateModified":"2022-01-05T07:28:09+00:00","breadcrumb":{"@id":"https:\/\/blogit.gradia.fi\/digipalvelut\/ohjeita-ja-vinkkeja\/laitteet\/#breadcrumb"},"inLanguage":"fi","potentialAction":[{"@type":"ReadAction","target":["https:\/\/blogit.gradia.fi\/digipalvelut\/ohjeita-ja-vinkkeja\/laitteet\/"]}]},{"@type":"BreadcrumbList","@id":"https:\/\/blogit.gradia.fi\/digipalvelut\/ohjeita-ja-vinkkeja\/laitteet\/#breadcrumb","itemListElement":[{"@type":"ListItem","position":1,"name":"Ohjeita ja vinkkej\u00e4","item":"https:\/\/blogit.gradia.fi\/digipalvelut\/ohjeita-ja-vinkkeja\/"},{"@type":"ListItem","position":2,"name":"Laitteet"}]},{"@type":"WebSite","@id":"https:\/\/blogit.gradia.fi\/digipalvelut\/#website","url":"https:\/\/blogit.gradia.fi\/digipalvelut\/","name":"Gradia Digipalvelut","description":"Astetta enemm\u00e4n digi\u00e4","publisher":{"@id":"https:\/\/blogit.gradia.fi\/digipalvelut\/#organization"},"potentialAction":[{"@type":"SearchAction","target":{"@type":"EntryPoint","urlTemplate":"https:\/\/blogit.gradia.fi\/digipalvelut\/?s={search_term_string}"},"query-input":{"@type":"PropertyValueSpecification","valueRequired":true,"valueName":"search_term_string"}}],"inLanguage":"fi"},{"@type":"Organization","@id":"https:\/\/blogit.gradia.fi\/digipalvelut\/#organization","name":"Gradia Digipalvelut","url":"https:\/\/blogit.gradia.fi\/digipalvelut\/","logo":{"@type":"ImageObject","inLanguage":"fi","@id":"https:\/\/blogit.gradia.fi\/digipalvelut\/#\/schema\/logo\/image\/","url":"https:\/\/blogit.gradia.fi\/digipalvelut\/wp-content\/uploads\/sites\/99\/2019\/06\/cropped-Gradia_logo_Cyber_TRANSPARENT.png","contentUrl":"https:\/\/blogit.gradia.fi\/digipalvelut\/wp-content\/uploads\/sites\/99\/2019\/06\/cropped-Gradia_logo_Cyber_TRANSPARENT.png","width":316,"height":382,"caption":"Gradia Digipalvelut"},"image":{"@id":"https:\/\/blogit.gradia.fi\/digipalvelut\/#\/schema\/logo\/image\/"}}]}},"uagb_featured_image_src":{"full":false,"thumbnail":false,"medium":false,"medium_large":false,"large":false,"1536x1536":false,"2048x2048":false,"hestia-blog":false},"uagb_author_info":{"display_name":"Merja Hakanen","author_link":"https:\/\/blogit.gradia.fi\/digipalvelut\/author\/hakanmer\/"},"uagb_comment_info":0,"uagb_excerpt":"Puhelin N\u00e4in aktivoit F-Secure Elements Mobile Protection -tietoturvatuotteenKaksivaiheisen tunnistautumisen k\u00e4ytt\u00f6\u00f6nottoFonecta Caller puhelimeenNettiyhteyden jakaminen puhelimestaElisa RingData roaming &#8211; datan k\u00e4ytt\u00f6 ulkomailla Tietokone Langaton eduroam-verkko palveluksessasiSelaimen v\u00e4limuistin tyhjent\u00e4minen Salasanan vaihtaminenSoftware CenterOffice-paketin lataaminen kotikoneelle Tulostimet Tulostaminen FollowMe:ll\u00e4 AV-laitteet","_links":{"self":[{"href":"https:\/\/blogit.gradia.fi\/digipalvelut\/wp-json\/wp\/v2\/pages\/189","targetHints":{"allow":["GET"]}}],"collection":[{"href":"https:\/\/blogit.gradia.fi\/digipalvelut\/wp-json\/wp\/v2\/pages"}],"about":[{"href":"https:\/\/blogit.gradia.fi\/digipalvelut\/wp-json\/wp\/v2\/types\/page"}],"author":[{"embeddable":true,"href":"https:\/\/blogit.gradia.fi\/digipalvelut\/wp-json\/wp\/v2\/users\/421"}],"replies":[{"embeddable":true,"href":"https:\/\/blogit.gradia.fi\/digipalvelut\/wp-json\/wp\/v2\/comments?post=189"}],"version-history":[{"count":18,"href":"https:\/\/blogit.gradia.fi\/digipalvelut\/wp-json\/wp\/v2\/pages\/189\/revisions"}],"predecessor-version":[{"id":2196,"href":"https:\/\/blogit.gradia.fi\/digipalvelut\/wp-json\/wp\/v2\/pages\/189\/revisions\/2196"}],"up":[{"embeddable":true,"href":"https:\/\/blogit.gradia.fi\/digipalvelut\/wp-json\/wp\/v2\/pages\/37"}],"wp:attachment":[{"href":"https:\/\/blogit.gradia.fi\/digipalvelut\/wp-json\/wp\/v2\/media?parent=189"}],"curies":[{"name":"wp","href":"https:\/\/api.w.org\/{rel}","templated":true}]}}