{"id":1871,"date":"2020-05-20T15:38:17","date_gmt":"2020-05-20T12:38:17","guid":{"rendered":"https:\/\/blogit.gradia.fi\/digipalvelut\/?page_id=1871"},"modified":"2020-05-22T09:09:03","modified_gmt":"2020-05-22T06:09:03","slug":"kurssin-varmuuskopio","status":"publish","type":"page","link":"https:\/\/blogit.gradia.fi\/digipalvelut\/ohjeita-ja-vinkkeja\/moodle\/kurssin-varmuuskopio\/","title":{"rendered":"Kurssin varmuuskopio"},"content":{"rendered":"\n<p>Voit ottaa omasta Moodle-ty\u00f6tilasta varmuuskopion tiedostona. Varmuuskopiointi etenee vaiheittain. Vaiheistetun etenemisen sijaan voit my\u00f6s menn\u00e4 suoraan varmuuskopioinnin tekemiseen. T\u00e4ss\u00e4 ohjeessa varmuuskopiointi menn\u00e4\u00e4n kaikkien v\u00e4livaiheiden kautta.&nbsp;&nbsp; <\/p>\n\n\n\n<ul class=\"wp-block-list\"><li>Mene kurssille, josta haluat varmuuskopion. Kurssin etusivulla oikeassa yl\u00e4kulmassa n\u00e4kyy kurssin toimintovalikko (mustan hammasrattaan kuva). Valitse valikosta Varmuuskopiointi. <\/li><\/ul>\n\n\n\n<figure class=\"wp-block-image size-large is-resized\"><img fetchpriority=\"high\" decoding=\"async\" src=\"https:\/\/blogit.gradia.fi\/digipalvelut\/wp-content\/uploads\/sites\/99\/2020\/05\/image-4.png\" alt=\"N\u00e4ytt\u00f6kaappauskuva Moodlesta, kurssin toimintovalikko, valitse varmuuskopiointi. \" class=\"wp-image-1878\" width=\"270\" height=\"383\" srcset=\"https:\/\/blogit.gradia.fi\/digipalvelut\/wp-content\/uploads\/sites\/99\/2020\/05\/image-4.png 539w, https:\/\/blogit.gradia.fi\/digipalvelut\/wp-content\/uploads\/sites\/99\/2020\/05\/image-4-211x300.png 211w\" sizes=\"(max-width: 270px) 100vw, 270px\" \/><\/figure>\n\n\n\n<ul class=\"wp-block-list\"><li>Ensimm\u00e4isess\u00e4 vaiheessa valitset asetukset, joilla varmuuskopiointi tehd\u00e4\u00e4n. Oletuksena kannattaa ottaa kaikki sis\u00e4lt\u00f6 mukaan, mutta esimerkiksi osallistujat ja heid\u00e4n roolit kannattaa j\u00e4tt\u00e4\u00e4 pois kopiosta.<\/li><\/ul>\n\n\n\n<figure class=\"wp-block-image size-large is-resized\"><img decoding=\"async\" src=\"https:\/\/blogit.gradia.fi\/digipalvelut\/wp-content\/uploads\/sites\/99\/2020\/05\/image-5.png\" alt=\"N\u00e4ytt\u00f6kaappauskuva Moodlesta, varmuuskopioinnin alkuasetusten asettaminen, oletusasetukset varmuuskopioinnille. \" class=\"wp-image-1880\" width=\"768\" height=\"556\" srcset=\"https:\/\/blogit.gradia.fi\/digipalvelut\/wp-content\/uploads\/sites\/99\/2020\/05\/image-5.png 1024w, https:\/\/blogit.gradia.fi\/digipalvelut\/wp-content\/uploads\/sites\/99\/2020\/05\/image-5-300x217.png 300w, https:\/\/blogit.gradia.fi\/digipalvelut\/wp-content\/uploads\/sites\/99\/2020\/05\/image-5-768x556.png 768w, https:\/\/blogit.gradia.fi\/digipalvelut\/wp-content\/uploads\/sites\/99\/2020\/05\/image-5-620x449.png 620w\" sizes=\"(max-width: 768px) 100vw, 768px\" \/><\/figure>\n\n\n\n<ul class=\"wp-block-list\"><li>Seuraavassa vaiheessa voit valita aktiviteetti tai aineisto kerrallaan sis\u00e4ll\u00f6n, joka varmuuskopioidaan.&nbsp;&nbsp;<\/li><\/ul>\n\n\n\n<figure class=\"wp-block-image size-large is-resized\"><img decoding=\"async\" src=\"https:\/\/blogit.gradia.fi\/digipalvelut\/wp-content\/uploads\/sites\/99\/2020\/05\/image-6.png\" alt=\"N\u00e4ytt\u00f6kaappauskuva Moodlesta, valitaan aktiviteetti ja aineisto kerrallaan sis\u00e4lt\u00f6\u00e4 varmuuskopioon. \" class=\"wp-image-1881\" width=\"768\" height=\"260\" srcset=\"https:\/\/blogit.gradia.fi\/digipalvelut\/wp-content\/uploads\/sites\/99\/2020\/05\/image-6.png 1024w, https:\/\/blogit.gradia.fi\/digipalvelut\/wp-content\/uploads\/sites\/99\/2020\/05\/image-6-300x102.png 300w, https:\/\/blogit.gradia.fi\/digipalvelut\/wp-content\/uploads\/sites\/99\/2020\/05\/image-6-768x260.png 768w, https:\/\/blogit.gradia.fi\/digipalvelut\/wp-content\/uploads\/sites\/99\/2020\/05\/image-6-620x210.png 620w\" sizes=\"(max-width: 768px) 100vw, 768px\" \/><\/figure>\n\n\n\n<ul class=\"wp-block-list\"><li>Kolmannessa vaiheessa listataan tekem\u00e4si valinnat ja varmistetaan, ett\u00e4 olet valinnut haluamasi sis\u00e4ll\u00f6t.<\/li><\/ul>\n\n\n\n<figure class=\"wp-block-image size-large is-resized\"><img loading=\"lazy\" decoding=\"async\" src=\"https:\/\/blogit.gradia.fi\/digipalvelut\/wp-content\/uploads\/sites\/99\/2020\/05\/image-7.png\" alt=\"N\u00e4ytt\u00f6kaappauskuva Moodlesta. vaihe listaa kaikki varmuuskopioinnin asetukset, jotka on valittu tai j\u00e4tetty valitsematta varmuuskopioinnista. \" class=\"wp-image-1882\" width=\"613\" height=\"590\" srcset=\"https:\/\/blogit.gradia.fi\/digipalvelut\/wp-content\/uploads\/sites\/99\/2020\/05\/image-7.png 817w, https:\/\/blogit.gradia.fi\/digipalvelut\/wp-content\/uploads\/sites\/99\/2020\/05\/image-7-300x289.png 300w, https:\/\/blogit.gradia.fi\/digipalvelut\/wp-content\/uploads\/sites\/99\/2020\/05\/image-7-768x739.png 768w, https:\/\/blogit.gradia.fi\/digipalvelut\/wp-content\/uploads\/sites\/99\/2020\/05\/image-7-620x596.png 620w\" sizes=\"(max-width: 613px) 100vw, 613px\" \/><\/figure>\n\n\n\n<ul class=\"wp-block-list\"><li>Etene varmuuskopioinnissa painamalla Suorita varmuuskopiointi-painiketta. N\u00e4et prosessin etenemisen palkkina. Varmuuskopiointi on nyt valmis.&nbsp;&nbsp;<\/li><\/ul>\n\n\n\n<figure class=\"wp-block-image size-large is-resized\"><img loading=\"lazy\" decoding=\"async\" src=\"https:\/\/blogit.gradia.fi\/digipalvelut\/wp-content\/uploads\/sites\/99\/2020\/05\/image-8.png\" alt=\"Varmistuskuvake, kun varmuuskopiointi on valmis, n\u00e4ytt\u00f6kaappauskuva Moodlesta. \" class=\"wp-image-1883\" width=\"768\" height=\"116\" srcset=\"https:\/\/blogit.gradia.fi\/digipalvelut\/wp-content\/uploads\/sites\/99\/2020\/05\/image-8.png 1024w, https:\/\/blogit.gradia.fi\/digipalvelut\/wp-content\/uploads\/sites\/99\/2020\/05\/image-8-300x45.png 300w, https:\/\/blogit.gradia.fi\/digipalvelut\/wp-content\/uploads\/sites\/99\/2020\/05\/image-8-768x116.png 768w, https:\/\/blogit.gradia.fi\/digipalvelut\/wp-content\/uploads\/sites\/99\/2020\/05\/image-8-620x93.png 620w\" sizes=\"(max-width: 768px) 100vw, 768px\" \/><\/figure>\n\n\n\n<ul class=\"wp-block-list\"><li>Varmuuskopio l\u00f6ytyy k\u00e4ytt\u00e4j\u00e4n yksityisest\u00e4 varmuuskopioalueesta, josta voit ladata *.mbz-muotoisen tiedoston tietokoneellesi.&nbsp;&nbsp;<\/li><\/ul>\n\n\n\n<figure class=\"wp-block-image size-large is-resized\"><img loading=\"lazy\" decoding=\"async\" src=\"https:\/\/blogit.gradia.fi\/digipalvelut\/wp-content\/uploads\/sites\/99\/2020\/05\/image-2.png\" alt=\"N\u00e4ytt\u00f6kaappauskuva Moodlesta, kopio menee k\u00e4ytt\u00e4j\u00e4n yksityiseen varmuuskopioalueeseen, josta sen voi ladata koneelle. \" class=\"wp-image-1874\" width=\"768\" height=\"363\" srcset=\"https:\/\/blogit.gradia.fi\/digipalvelut\/wp-content\/uploads\/sites\/99\/2020\/05\/image-2.png 1024w, https:\/\/blogit.gradia.fi\/digipalvelut\/wp-content\/uploads\/sites\/99\/2020\/05\/image-2-300x142.png 300w, https:\/\/blogit.gradia.fi\/digipalvelut\/wp-content\/uploads\/sites\/99\/2020\/05\/image-2-768x363.png 768w, https:\/\/blogit.gradia.fi\/digipalvelut\/wp-content\/uploads\/sites\/99\/2020\/05\/image-2-620x293.png 620w\" sizes=\"(max-width: 768px) 100vw, 768px\" \/><\/figure>\n\n\n\n<p><\/p>\n","protected":false},"excerpt":{"rendered":"<p>Voit ottaa omasta Moodle-ty\u00f6tilasta varmuuskopion tiedostona. Varmuuskopiointi etenee vaiheittain. Vaiheistetun etenemisen sijaan voit my\u00f6s menn\u00e4 suoraan varmuuskopioinnin tekemiseen. T\u00e4ss\u00e4 ohjeessa varmuuskopiointi menn\u00e4\u00e4n kaikkien v\u00e4livaiheiden kautta.&nbsp;&nbsp; Mene kurssille, josta haluat varmuuskopion. Kurssin etusivulla oikeassa yl\u00e4kulmassa n\u00e4kyy kurssin toimintovalikko (mustan hammasrattaan kuva). Valitse valikosta Varmuuskopiointi. Ensimm\u00e4isess\u00e4 vaiheessa valitset asetukset, joilla varmuuskopiointi tehd\u00e4\u00e4n. [&hellip;]<\/p>\n","protected":false},"author":421,"featured_media":0,"parent":76,"menu_order":0,"comment_status":"closed","ping_status":"closed","template":"","meta":{"_uag_custom_page_level_css":"","footnotes":""},"class_list":["post-1871","page","type-page","status-publish","hentry"],"yoast_head":"<!-- This site is optimized with the Yoast SEO plugin v27.4 - https:\/\/yoast.com\/product\/yoast-seo-wordpress\/ -->\n<title>Kurssin varmuuskopio - Gradia Digipalvelut<\/title>\n<meta name=\"robots\" content=\"index, follow, max-snippet:-1, max-image-preview:large, max-video-preview:-1\" \/>\n<link rel=\"canonical\" href=\"https:\/\/blogit.gradia.fi\/digipalvelut\/ohjeita-ja-vinkkeja\/moodle\/kurssin-varmuuskopio\/\" \/>\n<meta property=\"og:locale\" content=\"fi_FI\" \/>\n<meta property=\"og:type\" content=\"article\" \/>\n<meta property=\"og:title\" content=\"Kurssin varmuuskopio - Gradia Digipalvelut\" \/>\n<meta property=\"og:description\" content=\"Voit ottaa omasta Moodle-ty\u00f6tilasta varmuuskopion tiedostona. Varmuuskopiointi etenee vaiheittain. Vaiheistetun etenemisen sijaan voit my\u00f6s menn\u00e4 suoraan varmuuskopioinnin tekemiseen. T\u00e4ss\u00e4 ohjeessa varmuuskopiointi menn\u00e4\u00e4n kaikkien v\u00e4livaiheiden kautta.&nbsp;&nbsp; Mene kurssille, josta haluat varmuuskopion. Kurssin etusivulla oikeassa yl\u00e4kulmassa n\u00e4kyy kurssin toimintovalikko (mustan hammasrattaan kuva). Valitse valikosta Varmuuskopiointi. Ensimm\u00e4isess\u00e4 vaiheessa valitset asetukset, joilla varmuuskopiointi tehd\u00e4\u00e4n. [&hellip;]\" \/>\n<meta property=\"og:url\" content=\"https:\/\/blogit.gradia.fi\/digipalvelut\/ohjeita-ja-vinkkeja\/moodle\/kurssin-varmuuskopio\/\" \/>\n<meta property=\"og:site_name\" content=\"Gradia Digipalvelut\" \/>\n<meta property=\"article:modified_time\" content=\"2020-05-22T06:09:03+00:00\" \/>\n<meta property=\"og:image\" content=\"https:\/\/blogit.gradia.fi\/digipalvelut\/wp-content\/uploads\/sites\/99\/2020\/05\/image-4.png\" \/>\n<meta name=\"twitter:card\" content=\"summary_large_image\" \/>\n<meta name=\"twitter:label1\" content=\"Arvioitu lukuaika\" \/>\n\t<meta name=\"twitter:data1\" content=\"1 minuutti\" \/>\n<script type=\"application\/ld+json\" class=\"yoast-schema-graph\">{\"@context\":\"https:\\\/\\\/schema.org\",\"@graph\":[{\"@type\":\"WebPage\",\"@id\":\"https:\\\/\\\/blogit.gradia.fi\\\/digipalvelut\\\/ohjeita-ja-vinkkeja\\\/moodle\\\/kurssin-varmuuskopio\\\/\",\"url\":\"https:\\\/\\\/blogit.gradia.fi\\\/digipalvelut\\\/ohjeita-ja-vinkkeja\\\/moodle\\\/kurssin-varmuuskopio\\\/\",\"name\":\"Kurssin varmuuskopio - Gradia Digipalvelut\",\"isPartOf\":{\"@id\":\"https:\\\/\\\/blogit.gradia.fi\\\/digipalvelut\\\/#website\"},\"primaryImageOfPage\":{\"@id\":\"https:\\\/\\\/blogit.gradia.fi\\\/digipalvelut\\\/ohjeita-ja-vinkkeja\\\/moodle\\\/kurssin-varmuuskopio\\\/#primaryimage\"},\"image\":{\"@id\":\"https:\\\/\\\/blogit.gradia.fi\\\/digipalvelut\\\/ohjeita-ja-vinkkeja\\\/moodle\\\/kurssin-varmuuskopio\\\/#primaryimage\"},\"thumbnailUrl\":\"https:\\\/\\\/blogit.gradia.fi\\\/digipalvelut\\\/wp-content\\\/uploads\\\/sites\\\/99\\\/2020\\\/05\\\/image-4.png\",\"datePublished\":\"2020-05-20T12:38:17+00:00\",\"dateModified\":\"2020-05-22T06:09:03+00:00\",\"breadcrumb\":{\"@id\":\"https:\\\/\\\/blogit.gradia.fi\\\/digipalvelut\\\/ohjeita-ja-vinkkeja\\\/moodle\\\/kurssin-varmuuskopio\\\/#breadcrumb\"},\"inLanguage\":\"fi\",\"potentialAction\":[{\"@type\":\"ReadAction\",\"target\":[\"https:\\\/\\\/blogit.gradia.fi\\\/digipalvelut\\\/ohjeita-ja-vinkkeja\\\/moodle\\\/kurssin-varmuuskopio\\\/\"]}]},{\"@type\":\"ImageObject\",\"inLanguage\":\"fi\",\"@id\":\"https:\\\/\\\/blogit.gradia.fi\\\/digipalvelut\\\/ohjeita-ja-vinkkeja\\\/moodle\\\/kurssin-varmuuskopio\\\/#primaryimage\",\"url\":\"https:\\\/\\\/blogit.gradia.fi\\\/digipalvelut\\\/wp-content\\\/uploads\\\/sites\\\/99\\\/2020\\\/05\\\/image-4.png\",\"contentUrl\":\"https:\\\/\\\/blogit.gradia.fi\\\/digipalvelut\\\/wp-content\\\/uploads\\\/sites\\\/99\\\/2020\\\/05\\\/image-4.png\",\"width\":539,\"height\":765},{\"@type\":\"BreadcrumbList\",\"@id\":\"https:\\\/\\\/blogit.gradia.fi\\\/digipalvelut\\\/ohjeita-ja-vinkkeja\\\/moodle\\\/kurssin-varmuuskopio\\\/#breadcrumb\",\"itemListElement\":[{\"@type\":\"ListItem\",\"position\":1,\"name\":\"Ohjeita ja vinkkej\u00e4\",\"item\":\"https:\\\/\\\/blogit.gradia.fi\\\/digipalvelut\\\/ohjeita-ja-vinkkeja\\\/\"},{\"@type\":\"ListItem\",\"position\":2,\"name\":\"Moodle\",\"item\":\"https:\\\/\\\/blogit.gradia.fi\\\/digipalvelut\\\/ohjeita-ja-vinkkeja\\\/moodle\\\/\"},{\"@type\":\"ListItem\",\"position\":3,\"name\":\"Kurssin varmuuskopio\"}]},{\"@type\":\"WebSite\",\"@id\":\"https:\\\/\\\/blogit.gradia.fi\\\/digipalvelut\\\/#website\",\"url\":\"https:\\\/\\\/blogit.gradia.fi\\\/digipalvelut\\\/\",\"name\":\"Gradia Digipalvelut\",\"description\":\"Astetta enemm\u00e4n digi\u00e4\",\"publisher\":{\"@id\":\"https:\\\/\\\/blogit.gradia.fi\\\/digipalvelut\\\/#organization\"},\"potentialAction\":[{\"@type\":\"SearchAction\",\"target\":{\"@type\":\"EntryPoint\",\"urlTemplate\":\"https:\\\/\\\/blogit.gradia.fi\\\/digipalvelut\\\/?s={search_term_string}\"},\"query-input\":{\"@type\":\"PropertyValueSpecification\",\"valueRequired\":true,\"valueName\":\"search_term_string\"}}],\"inLanguage\":\"fi\"},{\"@type\":\"Organization\",\"@id\":\"https:\\\/\\\/blogit.gradia.fi\\\/digipalvelut\\\/#organization\",\"name\":\"Gradia Digipalvelut\",\"url\":\"https:\\\/\\\/blogit.gradia.fi\\\/digipalvelut\\\/\",\"logo\":{\"@type\":\"ImageObject\",\"inLanguage\":\"fi\",\"@id\":\"https:\\\/\\\/blogit.gradia.fi\\\/digipalvelut\\\/#\\\/schema\\\/logo\\\/image\\\/\",\"url\":\"https:\\\/\\\/blogit.gradia.fi\\\/digipalvelut\\\/wp-content\\\/uploads\\\/sites\\\/99\\\/2019\\\/06\\\/cropped-Gradia_logo_Cyber_TRANSPARENT.png\",\"contentUrl\":\"https:\\\/\\\/blogit.gradia.fi\\\/digipalvelut\\\/wp-content\\\/uploads\\\/sites\\\/99\\\/2019\\\/06\\\/cropped-Gradia_logo_Cyber_TRANSPARENT.png\",\"width\":316,\"height\":382,\"caption\":\"Gradia Digipalvelut\"},\"image\":{\"@id\":\"https:\\\/\\\/blogit.gradia.fi\\\/digipalvelut\\\/#\\\/schema\\\/logo\\\/image\\\/\"}}]}<\/script>\n<!-- \/ Yoast SEO plugin. -->","yoast_head_json":{"title":"Kurssin varmuuskopio - Gradia Digipalvelut","robots":{"index":"index","follow":"follow","max-snippet":"max-snippet:-1","max-image-preview":"max-image-preview:large","max-video-preview":"max-video-preview:-1"},"canonical":"https:\/\/blogit.gradia.fi\/digipalvelut\/ohjeita-ja-vinkkeja\/moodle\/kurssin-varmuuskopio\/","og_locale":"fi_FI","og_type":"article","og_title":"Kurssin varmuuskopio - Gradia Digipalvelut","og_description":"Voit ottaa omasta Moodle-ty\u00f6tilasta varmuuskopion tiedostona. Varmuuskopiointi etenee vaiheittain. Vaiheistetun etenemisen sijaan voit my\u00f6s menn\u00e4 suoraan varmuuskopioinnin tekemiseen. T\u00e4ss\u00e4 ohjeessa varmuuskopiointi menn\u00e4\u00e4n kaikkien v\u00e4livaiheiden kautta.&nbsp;&nbsp; Mene kurssille, josta haluat varmuuskopion. Kurssin etusivulla oikeassa yl\u00e4kulmassa n\u00e4kyy kurssin toimintovalikko (mustan hammasrattaan kuva). Valitse valikosta Varmuuskopiointi. Ensimm\u00e4isess\u00e4 vaiheessa valitset asetukset, joilla varmuuskopiointi tehd\u00e4\u00e4n. [&hellip;]","og_url":"https:\/\/blogit.gradia.fi\/digipalvelut\/ohjeita-ja-vinkkeja\/moodle\/kurssin-varmuuskopio\/","og_site_name":"Gradia Digipalvelut","article_modified_time":"2020-05-22T06:09:03+00:00","og_image":[{"url":"https:\/\/blogit.gradia.fi\/digipalvelut\/wp-content\/uploads\/sites\/99\/2020\/05\/image-4.png","type":"","width":"","height":""}],"twitter_card":"summary_large_image","twitter_misc":{"Arvioitu lukuaika":"1 minuutti"},"schema":{"@context":"https:\/\/schema.org","@graph":[{"@type":"WebPage","@id":"https:\/\/blogit.gradia.fi\/digipalvelut\/ohjeita-ja-vinkkeja\/moodle\/kurssin-varmuuskopio\/","url":"https:\/\/blogit.gradia.fi\/digipalvelut\/ohjeita-ja-vinkkeja\/moodle\/kurssin-varmuuskopio\/","name":"Kurssin varmuuskopio - Gradia Digipalvelut","isPartOf":{"@id":"https:\/\/blogit.gradia.fi\/digipalvelut\/#website"},"primaryImageOfPage":{"@id":"https:\/\/blogit.gradia.fi\/digipalvelut\/ohjeita-ja-vinkkeja\/moodle\/kurssin-varmuuskopio\/#primaryimage"},"image":{"@id":"https:\/\/blogit.gradia.fi\/digipalvelut\/ohjeita-ja-vinkkeja\/moodle\/kurssin-varmuuskopio\/#primaryimage"},"thumbnailUrl":"https:\/\/blogit.gradia.fi\/digipalvelut\/wp-content\/uploads\/sites\/99\/2020\/05\/image-4.png","datePublished":"2020-05-20T12:38:17+00:00","dateModified":"2020-05-22T06:09:03+00:00","breadcrumb":{"@id":"https:\/\/blogit.gradia.fi\/digipalvelut\/ohjeita-ja-vinkkeja\/moodle\/kurssin-varmuuskopio\/#breadcrumb"},"inLanguage":"fi","potentialAction":[{"@type":"ReadAction","target":["https:\/\/blogit.gradia.fi\/digipalvelut\/ohjeita-ja-vinkkeja\/moodle\/kurssin-varmuuskopio\/"]}]},{"@type":"ImageObject","inLanguage":"fi","@id":"https:\/\/blogit.gradia.fi\/digipalvelut\/ohjeita-ja-vinkkeja\/moodle\/kurssin-varmuuskopio\/#primaryimage","url":"https:\/\/blogit.gradia.fi\/digipalvelut\/wp-content\/uploads\/sites\/99\/2020\/05\/image-4.png","contentUrl":"https:\/\/blogit.gradia.fi\/digipalvelut\/wp-content\/uploads\/sites\/99\/2020\/05\/image-4.png","width":539,"height":765},{"@type":"BreadcrumbList","@id":"https:\/\/blogit.gradia.fi\/digipalvelut\/ohjeita-ja-vinkkeja\/moodle\/kurssin-varmuuskopio\/#breadcrumb","itemListElement":[{"@type":"ListItem","position":1,"name":"Ohjeita ja vinkkej\u00e4","item":"https:\/\/blogit.gradia.fi\/digipalvelut\/ohjeita-ja-vinkkeja\/"},{"@type":"ListItem","position":2,"name":"Moodle","item":"https:\/\/blogit.gradia.fi\/digipalvelut\/ohjeita-ja-vinkkeja\/moodle\/"},{"@type":"ListItem","position":3,"name":"Kurssin varmuuskopio"}]},{"@type":"WebSite","@id":"https:\/\/blogit.gradia.fi\/digipalvelut\/#website","url":"https:\/\/blogit.gradia.fi\/digipalvelut\/","name":"Gradia Digipalvelut","description":"Astetta enemm\u00e4n digi\u00e4","publisher":{"@id":"https:\/\/blogit.gradia.fi\/digipalvelut\/#organization"},"potentialAction":[{"@type":"SearchAction","target":{"@type":"EntryPoint","urlTemplate":"https:\/\/blogit.gradia.fi\/digipalvelut\/?s={search_term_string}"},"query-input":{"@type":"PropertyValueSpecification","valueRequired":true,"valueName":"search_term_string"}}],"inLanguage":"fi"},{"@type":"Organization","@id":"https:\/\/blogit.gradia.fi\/digipalvelut\/#organization","name":"Gradia Digipalvelut","url":"https:\/\/blogit.gradia.fi\/digipalvelut\/","logo":{"@type":"ImageObject","inLanguage":"fi","@id":"https:\/\/blogit.gradia.fi\/digipalvelut\/#\/schema\/logo\/image\/","url":"https:\/\/blogit.gradia.fi\/digipalvelut\/wp-content\/uploads\/sites\/99\/2019\/06\/cropped-Gradia_logo_Cyber_TRANSPARENT.png","contentUrl":"https:\/\/blogit.gradia.fi\/digipalvelut\/wp-content\/uploads\/sites\/99\/2019\/06\/cropped-Gradia_logo_Cyber_TRANSPARENT.png","width":316,"height":382,"caption":"Gradia Digipalvelut"},"image":{"@id":"https:\/\/blogit.gradia.fi\/digipalvelut\/#\/schema\/logo\/image\/"}}]}},"uagb_featured_image_src":{"full":false,"thumbnail":false,"medium":false,"medium_large":false,"large":false,"1536x1536":false,"2048x2048":false,"hestia-blog":false},"uagb_author_info":{"display_name":"Merja Hakanen","author_link":"https:\/\/blogit.gradia.fi\/digipalvelut\/author\/hakanmer\/"},"uagb_comment_info":0,"uagb_excerpt":"Voit ottaa omasta Moodle-ty\u00f6tilasta varmuuskopion tiedostona. Varmuuskopiointi etenee vaiheittain. Vaiheistetun etenemisen sijaan voit my\u00f6s menn\u00e4 suoraan varmuuskopioinnin tekemiseen. T\u00e4ss\u00e4 ohjeessa varmuuskopiointi menn\u00e4\u00e4n kaikkien v\u00e4livaiheiden kautta.&nbsp;&nbsp; Mene kurssille, josta haluat varmuuskopion. Kurssin etusivulla oikeassa yl\u00e4kulmassa n\u00e4kyy kurssin toimintovalikko (mustan hammasrattaan kuva). Valitse valikosta Varmuuskopiointi. Ensimm\u00e4isess\u00e4 vaiheessa valitset asetukset, joilla varmuuskopiointi tehd\u00e4\u00e4n. [&hellip;]","_links":{"self":[{"href":"https:\/\/blogit.gradia.fi\/digipalvelut\/wp-json\/wp\/v2\/pages\/1871","targetHints":{"allow":["GET"]}}],"collection":[{"href":"https:\/\/blogit.gradia.fi\/digipalvelut\/wp-json\/wp\/v2\/pages"}],"about":[{"href":"https:\/\/blogit.gradia.fi\/digipalvelut\/wp-json\/wp\/v2\/types\/page"}],"author":[{"embeddable":true,"href":"https:\/\/blogit.gradia.fi\/digipalvelut\/wp-json\/wp\/v2\/users\/421"}],"replies":[{"embeddable":true,"href":"https:\/\/blogit.gradia.fi\/digipalvelut\/wp-json\/wp\/v2\/comments?post=1871"}],"version-history":[{"count":6,"href":"https:\/\/blogit.gradia.fi\/digipalvelut\/wp-json\/wp\/v2\/pages\/1871\/revisions"}],"predecessor-version":[{"id":1886,"href":"https:\/\/blogit.gradia.fi\/digipalvelut\/wp-json\/wp\/v2\/pages\/1871\/revisions\/1886"}],"up":[{"embeddable":true,"href":"https:\/\/blogit.gradia.fi\/digipalvelut\/wp-json\/wp\/v2\/pages\/76"}],"wp:attachment":[{"href":"https:\/\/blogit.gradia.fi\/digipalvelut\/wp-json\/wp\/v2\/media?parent=1871"}],"curies":[{"name":"wp","href":"https:\/\/api.w.org\/{rel}","templated":true}]}}