{"id":1863,"date":"2020-05-18T16:10:19","date_gmt":"2020-05-18T13:10:19","guid":{"rendered":"https:\/\/blogit.gradia.fi\/digipalvelut\/?page_id=1863"},"modified":"2020-05-18T16:12:09","modified_gmt":"2020-05-18T13:12:09","slug":"upotukset-moodlessa","status":"publish","type":"page","link":"https:\/\/blogit.gradia.fi\/digipalvelut\/ohjeita-ja-vinkkeja\/moodle\/upotukset-moodlessa\/","title":{"rendered":"Upotukset Moodlessa"},"content":{"rendered":"\n<p><strong>Voit halutessasi upottaa Moodlen aineistoihin, kuten Ohjetekstiin, Sivuun tai Kirjaan esimerkiksi YouTube-videoita tai tekemi\u00e4si H5P-aktiviteetteja.<\/strong> <strong>T\u00e4ll\u00f6in sis\u00e4lt\u00f6 avautuu oppimisymp\u00e4rist\u00f6ss\u00e4 ilman klikkauksia. Huomioi kuitenkin, ett\u00e4 upottaminen pident\u00e4\u00e4 osion ruutun\u00e4kym\u00e4\u00e4 eli vaatii opiskelijalta usein n\u00e4kym\u00e4n vieritt\u00e4mist\u00e4.<\/strong><\/p>\n\n\n\n<hr class=\"wp-block-separator\" \/>\n\n\n\n<h2 class=\"wp-block-heading\">YouTube-videon upotus<\/h2>\n\n\n\n<p>YouTube-videot upottuvat p\u00e4\u00e4s\u00e4\u00e4nt\u00f6isesti automaattisesti Moodleen. Kopioi videon linkki YouTubesta ja liit\u00e4 se Moodleen. Videon pit\u00e4isi selaimesta riippuen upota suoraan katsottavaksi Moodlessa.\u00a0\u00a0<\/p>\n\n\n\n<p>Mik\u00e4li videon upotusikkuna ei tule n\u00e4kyviin, niin voit upottaa Youtubessa olevan videon Moodlessa my\u00f6s seuraavasti:<\/p>\n\n\n\n<h5 class=\"wp-block-heading\">Videon upottaminen &#8221;Lis\u00e4\u00e4 Media&#8221; painikkeen avulla<\/h5>\n\n\n\n<ol class=\"wp-block-list\"><li>Avaa Sivu-, Kirja -tai Ohjeteksti-aineisto Moodlessa<\/li><li>Mene selaimessa siihen YouTube-videoon, jonka haluat upottaa<\/li><li>Klikkaa videon oikeassa alakulmassa olevaa Jaa -painiketta ja kopioi linkki<\/li><\/ol>\n\n\n\n<figure class=\"wp-block-image size-large\"><img fetchpriority=\"high\" decoding=\"async\" width=\"513\" height=\"303\" src=\"https:\/\/blogit.gradia.fi\/digipalvelut\/wp-content\/uploads\/sites\/99\/2020\/05\/YoutubeJako.jpg\" alt=\"Kuva Youtuben jakolinkki ikkunasta\" class=\"wp-image-1864\" srcset=\"https:\/\/blogit.gradia.fi\/digipalvelut\/wp-content\/uploads\/sites\/99\/2020\/05\/YoutubeJako.jpg 513w, https:\/\/blogit.gradia.fi\/digipalvelut\/wp-content\/uploads\/sites\/99\/2020\/05\/YoutubeJako-300x177.jpg 300w\" sizes=\"(max-width: 513px) 100vw, 513px\" \/><\/figure>\n\n\n\n<p>4. Klikkaa Moodlessa avoinna olevassa tekstieditori -ikkunassa\u00a0<strong>Lis\u00e4\u00e4 Media\u00a0<\/strong>-painiketta ja liit\u00e4 YouTube-videon jakolinkki.\u00a0Paina\u00a0<strong>tallenna<\/strong>.<\/p>\n\n\n\n<figure class=\"wp-block-image size-large\"><img decoding=\"async\" width=\"834\" height=\"482\" src=\"https:\/\/blogit.gradia.fi\/digipalvelut\/wp-content\/uploads\/sites\/99\/2020\/05\/youtubejako2.jpg\" alt=\"Youtube linkin lis\u00e4\u00e4minen mediatiedostona\" class=\"wp-image-1865\" srcset=\"https:\/\/blogit.gradia.fi\/digipalvelut\/wp-content\/uploads\/sites\/99\/2020\/05\/youtubejako2.jpg 834w, https:\/\/blogit.gradia.fi\/digipalvelut\/wp-content\/uploads\/sites\/99\/2020\/05\/youtubejako2-300x173.jpg 300w, https:\/\/blogit.gradia.fi\/digipalvelut\/wp-content\/uploads\/sites\/99\/2020\/05\/youtubejako2-768x444.jpg 768w, https:\/\/blogit.gradia.fi\/digipalvelut\/wp-content\/uploads\/sites\/99\/2020\/05\/youtubejako2-620x358.jpg 620w\" sizes=\"(max-width: 834px) 100vw, 834px\" \/><\/figure>\n","protected":false},"excerpt":{"rendered":"<p>Voit halutessasi upottaa Moodlen aineistoihin, kuten Ohjetekstiin, Sivuun tai Kirjaan esimerkiksi YouTube-videoita tai tekemi\u00e4si H5P-aktiviteetteja. T\u00e4ll\u00f6in sis\u00e4lt\u00f6 avautuu oppimisymp\u00e4rist\u00f6ss\u00e4 ilman klikkauksia. Huomioi kuitenkin, ett\u00e4 upottaminen pident\u00e4\u00e4 osion ruutun\u00e4kym\u00e4\u00e4 eli vaatii opiskelijalta usein n\u00e4kym\u00e4n vieritt\u00e4mist\u00e4. YouTube-videon upotus YouTube-videot upottuvat p\u00e4\u00e4s\u00e4\u00e4nt\u00f6isesti automaattisesti Moodleen. Kopioi videon linkki YouTubesta ja liit\u00e4 se Moodleen. Videon [&hellip;]<\/p>\n","protected":false},"author":165,"featured_media":0,"parent":76,"menu_order":0,"comment_status":"closed","ping_status":"closed","template":"","meta":{"_uag_custom_page_level_css":"","footnotes":""},"class_list":["post-1863","page","type-page","status-publish","hentry"],"yoast_head":"<!-- This site is optimized with the Yoast SEO plugin v27.4 - https:\/\/yoast.com\/product\/yoast-seo-wordpress\/ -->\n<title>Upotukset Moodlessa - Gradia Digipalvelut<\/title>\n<meta name=\"robots\" content=\"index, follow, max-snippet:-1, max-image-preview:large, max-video-preview:-1\" \/>\n<link rel=\"canonical\" href=\"https:\/\/blogit.gradia.fi\/digipalvelut\/ohjeita-ja-vinkkeja\/moodle\/upotukset-moodlessa\/\" \/>\n<meta property=\"og:locale\" content=\"fi_FI\" \/>\n<meta property=\"og:type\" content=\"article\" \/>\n<meta property=\"og:title\" content=\"Upotukset Moodlessa - Gradia Digipalvelut\" \/>\n<meta property=\"og:description\" content=\"Voit halutessasi upottaa Moodlen aineistoihin, kuten Ohjetekstiin, Sivuun tai Kirjaan esimerkiksi YouTube-videoita tai tekemi\u00e4si H5P-aktiviteetteja. T\u00e4ll\u00f6in sis\u00e4lt\u00f6 avautuu oppimisymp\u00e4rist\u00f6ss\u00e4 ilman klikkauksia. Huomioi kuitenkin, ett\u00e4 upottaminen pident\u00e4\u00e4 osion ruutun\u00e4kym\u00e4\u00e4 eli vaatii opiskelijalta usein n\u00e4kym\u00e4n vieritt\u00e4mist\u00e4. YouTube-videon upotus YouTube-videot upottuvat p\u00e4\u00e4s\u00e4\u00e4nt\u00f6isesti automaattisesti Moodleen. Kopioi videon linkki YouTubesta ja liit\u00e4 se Moodleen. Videon [&hellip;]\" \/>\n<meta property=\"og:url\" content=\"https:\/\/blogit.gradia.fi\/digipalvelut\/ohjeita-ja-vinkkeja\/moodle\/upotukset-moodlessa\/\" \/>\n<meta property=\"og:site_name\" content=\"Gradia Digipalvelut\" \/>\n<meta property=\"article:modified_time\" content=\"2020-05-18T13:12:09+00:00\" \/>\n<meta property=\"og:image\" content=\"https:\/\/blogit.gradia.fi\/digipalvelut\/wp-content\/uploads\/sites\/99\/2020\/05\/YoutubeJako.jpg\" \/>\n<meta name=\"twitter:card\" content=\"summary_large_image\" \/>\n<meta name=\"twitter:label1\" content=\"Arvioitu lukuaika\" \/>\n\t<meta name=\"twitter:data1\" content=\"1 minuutti\" \/>\n<script type=\"application\/ld+json\" class=\"yoast-schema-graph\">{\"@context\":\"https:\\\/\\\/schema.org\",\"@graph\":[{\"@type\":\"WebPage\",\"@id\":\"https:\\\/\\\/blogit.gradia.fi\\\/digipalvelut\\\/ohjeita-ja-vinkkeja\\\/moodle\\\/upotukset-moodlessa\\\/\",\"url\":\"https:\\\/\\\/blogit.gradia.fi\\\/digipalvelut\\\/ohjeita-ja-vinkkeja\\\/moodle\\\/upotukset-moodlessa\\\/\",\"name\":\"Upotukset Moodlessa - Gradia Digipalvelut\",\"isPartOf\":{\"@id\":\"https:\\\/\\\/blogit.gradia.fi\\\/digipalvelut\\\/#website\"},\"primaryImageOfPage\":{\"@id\":\"https:\\\/\\\/blogit.gradia.fi\\\/digipalvelut\\\/ohjeita-ja-vinkkeja\\\/moodle\\\/upotukset-moodlessa\\\/#primaryimage\"},\"image\":{\"@id\":\"https:\\\/\\\/blogit.gradia.fi\\\/digipalvelut\\\/ohjeita-ja-vinkkeja\\\/moodle\\\/upotukset-moodlessa\\\/#primaryimage\"},\"thumbnailUrl\":\"https:\\\/\\\/blogit.gradia.fi\\\/digipalvelut\\\/wp-content\\\/uploads\\\/sites\\\/99\\\/2020\\\/05\\\/YoutubeJako.jpg\",\"datePublished\":\"2020-05-18T13:10:19+00:00\",\"dateModified\":\"2020-05-18T13:12:09+00:00\",\"breadcrumb\":{\"@id\":\"https:\\\/\\\/blogit.gradia.fi\\\/digipalvelut\\\/ohjeita-ja-vinkkeja\\\/moodle\\\/upotukset-moodlessa\\\/#breadcrumb\"},\"inLanguage\":\"fi\",\"potentialAction\":[{\"@type\":\"ReadAction\",\"target\":[\"https:\\\/\\\/blogit.gradia.fi\\\/digipalvelut\\\/ohjeita-ja-vinkkeja\\\/moodle\\\/upotukset-moodlessa\\\/\"]}]},{\"@type\":\"ImageObject\",\"inLanguage\":\"fi\",\"@id\":\"https:\\\/\\\/blogit.gradia.fi\\\/digipalvelut\\\/ohjeita-ja-vinkkeja\\\/moodle\\\/upotukset-moodlessa\\\/#primaryimage\",\"url\":\"https:\\\/\\\/blogit.gradia.fi\\\/digipalvelut\\\/wp-content\\\/uploads\\\/sites\\\/99\\\/2020\\\/05\\\/YoutubeJako.jpg\",\"contentUrl\":\"https:\\\/\\\/blogit.gradia.fi\\\/digipalvelut\\\/wp-content\\\/uploads\\\/sites\\\/99\\\/2020\\\/05\\\/YoutubeJako.jpg\",\"width\":513,\"height\":303,\"caption\":\"Kuva Youtuben jakolinkki ikkunasta\"},{\"@type\":\"BreadcrumbList\",\"@id\":\"https:\\\/\\\/blogit.gradia.fi\\\/digipalvelut\\\/ohjeita-ja-vinkkeja\\\/moodle\\\/upotukset-moodlessa\\\/#breadcrumb\",\"itemListElement\":[{\"@type\":\"ListItem\",\"position\":1,\"name\":\"Ohjeita ja vinkkej\u00e4\",\"item\":\"https:\\\/\\\/blogit.gradia.fi\\\/digipalvelut\\\/ohjeita-ja-vinkkeja\\\/\"},{\"@type\":\"ListItem\",\"position\":2,\"name\":\"Moodle\",\"item\":\"https:\\\/\\\/blogit.gradia.fi\\\/digipalvelut\\\/ohjeita-ja-vinkkeja\\\/moodle\\\/\"},{\"@type\":\"ListItem\",\"position\":3,\"name\":\"Upotukset Moodlessa\"}]},{\"@type\":\"WebSite\",\"@id\":\"https:\\\/\\\/blogit.gradia.fi\\\/digipalvelut\\\/#website\",\"url\":\"https:\\\/\\\/blogit.gradia.fi\\\/digipalvelut\\\/\",\"name\":\"Gradia Digipalvelut\",\"description\":\"Astetta enemm\u00e4n digi\u00e4\",\"publisher\":{\"@id\":\"https:\\\/\\\/blogit.gradia.fi\\\/digipalvelut\\\/#organization\"},\"potentialAction\":[{\"@type\":\"SearchAction\",\"target\":{\"@type\":\"EntryPoint\",\"urlTemplate\":\"https:\\\/\\\/blogit.gradia.fi\\\/digipalvelut\\\/?s={search_term_string}\"},\"query-input\":{\"@type\":\"PropertyValueSpecification\",\"valueRequired\":true,\"valueName\":\"search_term_string\"}}],\"inLanguage\":\"fi\"},{\"@type\":\"Organization\",\"@id\":\"https:\\\/\\\/blogit.gradia.fi\\\/digipalvelut\\\/#organization\",\"name\":\"Gradia Digipalvelut\",\"url\":\"https:\\\/\\\/blogit.gradia.fi\\\/digipalvelut\\\/\",\"logo\":{\"@type\":\"ImageObject\",\"inLanguage\":\"fi\",\"@id\":\"https:\\\/\\\/blogit.gradia.fi\\\/digipalvelut\\\/#\\\/schema\\\/logo\\\/image\\\/\",\"url\":\"https:\\\/\\\/blogit.gradia.fi\\\/digipalvelut\\\/wp-content\\\/uploads\\\/sites\\\/99\\\/2019\\\/06\\\/cropped-Gradia_logo_Cyber_TRANSPARENT.png\",\"contentUrl\":\"https:\\\/\\\/blogit.gradia.fi\\\/digipalvelut\\\/wp-content\\\/uploads\\\/sites\\\/99\\\/2019\\\/06\\\/cropped-Gradia_logo_Cyber_TRANSPARENT.png\",\"width\":316,\"height\":382,\"caption\":\"Gradia Digipalvelut\"},\"image\":{\"@id\":\"https:\\\/\\\/blogit.gradia.fi\\\/digipalvelut\\\/#\\\/schema\\\/logo\\\/image\\\/\"}}]}<\/script>\n<!-- \/ Yoast SEO plugin. -->","yoast_head_json":{"title":"Upotukset Moodlessa - Gradia Digipalvelut","robots":{"index":"index","follow":"follow","max-snippet":"max-snippet:-1","max-image-preview":"max-image-preview:large","max-video-preview":"max-video-preview:-1"},"canonical":"https:\/\/blogit.gradia.fi\/digipalvelut\/ohjeita-ja-vinkkeja\/moodle\/upotukset-moodlessa\/","og_locale":"fi_FI","og_type":"article","og_title":"Upotukset Moodlessa - Gradia Digipalvelut","og_description":"Voit halutessasi upottaa Moodlen aineistoihin, kuten Ohjetekstiin, Sivuun tai Kirjaan esimerkiksi YouTube-videoita tai tekemi\u00e4si H5P-aktiviteetteja. T\u00e4ll\u00f6in sis\u00e4lt\u00f6 avautuu oppimisymp\u00e4rist\u00f6ss\u00e4 ilman klikkauksia. Huomioi kuitenkin, ett\u00e4 upottaminen pident\u00e4\u00e4 osion ruutun\u00e4kym\u00e4\u00e4 eli vaatii opiskelijalta usein n\u00e4kym\u00e4n vieritt\u00e4mist\u00e4. YouTube-videon upotus YouTube-videot upottuvat p\u00e4\u00e4s\u00e4\u00e4nt\u00f6isesti automaattisesti Moodleen. Kopioi videon linkki YouTubesta ja liit\u00e4 se Moodleen. Videon [&hellip;]","og_url":"https:\/\/blogit.gradia.fi\/digipalvelut\/ohjeita-ja-vinkkeja\/moodle\/upotukset-moodlessa\/","og_site_name":"Gradia Digipalvelut","article_modified_time":"2020-05-18T13:12:09+00:00","og_image":[{"url":"https:\/\/blogit.gradia.fi\/digipalvelut\/wp-content\/uploads\/sites\/99\/2020\/05\/YoutubeJako.jpg","type":"","width":"","height":""}],"twitter_card":"summary_large_image","twitter_misc":{"Arvioitu lukuaika":"1 minuutti"},"schema":{"@context":"https:\/\/schema.org","@graph":[{"@type":"WebPage","@id":"https:\/\/blogit.gradia.fi\/digipalvelut\/ohjeita-ja-vinkkeja\/moodle\/upotukset-moodlessa\/","url":"https:\/\/blogit.gradia.fi\/digipalvelut\/ohjeita-ja-vinkkeja\/moodle\/upotukset-moodlessa\/","name":"Upotukset Moodlessa - Gradia Digipalvelut","isPartOf":{"@id":"https:\/\/blogit.gradia.fi\/digipalvelut\/#website"},"primaryImageOfPage":{"@id":"https:\/\/blogit.gradia.fi\/digipalvelut\/ohjeita-ja-vinkkeja\/moodle\/upotukset-moodlessa\/#primaryimage"},"image":{"@id":"https:\/\/blogit.gradia.fi\/digipalvelut\/ohjeita-ja-vinkkeja\/moodle\/upotukset-moodlessa\/#primaryimage"},"thumbnailUrl":"https:\/\/blogit.gradia.fi\/digipalvelut\/wp-content\/uploads\/sites\/99\/2020\/05\/YoutubeJako.jpg","datePublished":"2020-05-18T13:10:19+00:00","dateModified":"2020-05-18T13:12:09+00:00","breadcrumb":{"@id":"https:\/\/blogit.gradia.fi\/digipalvelut\/ohjeita-ja-vinkkeja\/moodle\/upotukset-moodlessa\/#breadcrumb"},"inLanguage":"fi","potentialAction":[{"@type":"ReadAction","target":["https:\/\/blogit.gradia.fi\/digipalvelut\/ohjeita-ja-vinkkeja\/moodle\/upotukset-moodlessa\/"]}]},{"@type":"ImageObject","inLanguage":"fi","@id":"https:\/\/blogit.gradia.fi\/digipalvelut\/ohjeita-ja-vinkkeja\/moodle\/upotukset-moodlessa\/#primaryimage","url":"https:\/\/blogit.gradia.fi\/digipalvelut\/wp-content\/uploads\/sites\/99\/2020\/05\/YoutubeJako.jpg","contentUrl":"https:\/\/blogit.gradia.fi\/digipalvelut\/wp-content\/uploads\/sites\/99\/2020\/05\/YoutubeJako.jpg","width":513,"height":303,"caption":"Kuva Youtuben jakolinkki ikkunasta"},{"@type":"BreadcrumbList","@id":"https:\/\/blogit.gradia.fi\/digipalvelut\/ohjeita-ja-vinkkeja\/moodle\/upotukset-moodlessa\/#breadcrumb","itemListElement":[{"@type":"ListItem","position":1,"name":"Ohjeita ja vinkkej\u00e4","item":"https:\/\/blogit.gradia.fi\/digipalvelut\/ohjeita-ja-vinkkeja\/"},{"@type":"ListItem","position":2,"name":"Moodle","item":"https:\/\/blogit.gradia.fi\/digipalvelut\/ohjeita-ja-vinkkeja\/moodle\/"},{"@type":"ListItem","position":3,"name":"Upotukset Moodlessa"}]},{"@type":"WebSite","@id":"https:\/\/blogit.gradia.fi\/digipalvelut\/#website","url":"https:\/\/blogit.gradia.fi\/digipalvelut\/","name":"Gradia Digipalvelut","description":"Astetta enemm\u00e4n digi\u00e4","publisher":{"@id":"https:\/\/blogit.gradia.fi\/digipalvelut\/#organization"},"potentialAction":[{"@type":"SearchAction","target":{"@type":"EntryPoint","urlTemplate":"https:\/\/blogit.gradia.fi\/digipalvelut\/?s={search_term_string}"},"query-input":{"@type":"PropertyValueSpecification","valueRequired":true,"valueName":"search_term_string"}}],"inLanguage":"fi"},{"@type":"Organization","@id":"https:\/\/blogit.gradia.fi\/digipalvelut\/#organization","name":"Gradia Digipalvelut","url":"https:\/\/blogit.gradia.fi\/digipalvelut\/","logo":{"@type":"ImageObject","inLanguage":"fi","@id":"https:\/\/blogit.gradia.fi\/digipalvelut\/#\/schema\/logo\/image\/","url":"https:\/\/blogit.gradia.fi\/digipalvelut\/wp-content\/uploads\/sites\/99\/2019\/06\/cropped-Gradia_logo_Cyber_TRANSPARENT.png","contentUrl":"https:\/\/blogit.gradia.fi\/digipalvelut\/wp-content\/uploads\/sites\/99\/2019\/06\/cropped-Gradia_logo_Cyber_TRANSPARENT.png","width":316,"height":382,"caption":"Gradia Digipalvelut"},"image":{"@id":"https:\/\/blogit.gradia.fi\/digipalvelut\/#\/schema\/logo\/image\/"}}]}},"uagb_featured_image_src":{"full":false,"thumbnail":false,"medium":false,"medium_large":false,"large":false,"1536x1536":false,"2048x2048":false,"hestia-blog":false},"uagb_author_info":{"display_name":"Heini Pennanen","author_link":"https:\/\/blogit.gradia.fi\/digipalvelut\/author\/pennahei\/"},"uagb_comment_info":0,"uagb_excerpt":"Voit halutessasi upottaa Moodlen aineistoihin, kuten Ohjetekstiin, Sivuun tai Kirjaan esimerkiksi YouTube-videoita tai tekemi\u00e4si H5P-aktiviteetteja. T\u00e4ll\u00f6in sis\u00e4lt\u00f6 avautuu oppimisymp\u00e4rist\u00f6ss\u00e4 ilman klikkauksia. Huomioi kuitenkin, ett\u00e4 upottaminen pident\u00e4\u00e4 osion ruutun\u00e4kym\u00e4\u00e4 eli vaatii opiskelijalta usein n\u00e4kym\u00e4n vieritt\u00e4mist\u00e4. YouTube-videon upotus YouTube-videot upottuvat p\u00e4\u00e4s\u00e4\u00e4nt\u00f6isesti automaattisesti Moodleen. Kopioi videon linkki YouTubesta ja liit\u00e4 se Moodleen. Videon [&hellip;]","_links":{"self":[{"href":"https:\/\/blogit.gradia.fi\/digipalvelut\/wp-json\/wp\/v2\/pages\/1863","targetHints":{"allow":["GET"]}}],"collection":[{"href":"https:\/\/blogit.gradia.fi\/digipalvelut\/wp-json\/wp\/v2\/pages"}],"about":[{"href":"https:\/\/blogit.gradia.fi\/digipalvelut\/wp-json\/wp\/v2\/types\/page"}],"author":[{"embeddable":true,"href":"https:\/\/blogit.gradia.fi\/digipalvelut\/wp-json\/wp\/v2\/users\/165"}],"replies":[{"embeddable":true,"href":"https:\/\/blogit.gradia.fi\/digipalvelut\/wp-json\/wp\/v2\/comments?post=1863"}],"version-history":[{"count":2,"href":"https:\/\/blogit.gradia.fi\/digipalvelut\/wp-json\/wp\/v2\/pages\/1863\/revisions"}],"predecessor-version":[{"id":1867,"href":"https:\/\/blogit.gradia.fi\/digipalvelut\/wp-json\/wp\/v2\/pages\/1863\/revisions\/1867"}],"up":[{"embeddable":true,"href":"https:\/\/blogit.gradia.fi\/digipalvelut\/wp-json\/wp\/v2\/pages\/76"}],"wp:attachment":[{"href":"https:\/\/blogit.gradia.fi\/digipalvelut\/wp-json\/wp\/v2\/media?parent=1863"}],"curies":[{"name":"wp","href":"https:\/\/api.w.org\/{rel}","templated":true}]}}