{"id":1830,"date":"2020-04-21T09:33:40","date_gmt":"2020-04-21T06:33:40","guid":{"rendered":"https:\/\/blogit.gradia.fi\/digipalvelut\/?page_id=1830"},"modified":"2024-08-06T12:46:14","modified_gmt":"2024-08-06T09:46:14","slug":"opiskelijan-kaksoistunnistautuminen","status":"publish","type":"page","link":"https:\/\/blogit.gradia.fi\/digipalvelut\/opiskelijan-ohjeet\/opiskelijan-kaksoistunnistautuminen\/","title":{"rendered":"Opiskelijan kaksivaiheinen tunnistautuminen"},"content":{"rendered":"\n<p><strong>Kaksivaiheinen tunnistautuminen on olennainen osa tietoturvaa<\/strong> ja suojaa sinun k\u00e4ytt\u00e4j\u00e4tili\u00e4si luvattomalta k\u00e4yt\u00f6lt\u00e4. <strong>Kirjautuessasi Gradian palveluihin sis\u00e4verkon ulkopuolelta, tulee sinun varmentaa<br>kirjautumisesi mobiililaitteellasi.<\/strong> T\u00e4m\u00e4 tapahtuu joko k\u00e4ytt\u00e4en t\u00e4h\u00e4n tarkoitettua mobiilisovellusta tai vastaanottamalla varmistuskoodi tekstiviestill\u00e4. Alta l\u00f6ytyv\u00e4ss\u00e4 ohjeessa k\u00e4yd\u00e4\u00e4n l\u00e4pi, kuinka saat<br>kaksivaiheisen tunnistautumisen k\u00e4ytt\u00f6\u00f6si mobiilisovelluksella.<\/p>\n\n\n\n<p>Lue PDF-muotoinen ohje kaksivaiheisen tunnistautumisen k\u00e4ytt\u00f6\u00f6nottoon. Selaa sivuja ohjeen vasemmasta alalaidasta.<\/p>\n\n\n\n<div data-wp-interactive=\"core\/file\" class=\"wp-block-file\"><object data-wp-bind--hidden=\"!state.hasPdfPreview\" hidden class=\"wp-block-file__embed\" data=\"https:\/\/blogit.gradia.fi\/digipalvelut\/wp-content\/uploads\/sites\/99\/2024\/08\/Authenticator_sovelluksen_kayttoonotto_2024.pdf\" type=\"application\/pdf\" style=\"width:100%;height:600px\" aria-label=\"Tiedoston Authenticator_sovelluksen_k\u00e4ytt\u00f6\u00f6notto_2024 upotus.\"><\/object><a id=\"wp-block-file--media-20668a50-1739-416d-b469-4c217f17f0e8\" href=\"https:\/\/blogit.gradia.fi\/digipalvelut\/wp-content\/uploads\/sites\/99\/2024\/08\/Authenticator_sovelluksen_kayttoonotto_2024.pdf\">Authenticator_sovelluksen_k\u00e4ytt\u00f6\u00f6notto_2024<\/a><a href=\"https:\/\/blogit.gradia.fi\/digipalvelut\/wp-content\/uploads\/sites\/99\/2024\/08\/Authenticator_sovelluksen_kayttoonotto_2024.pdf\" class=\"wp-block-file__button wp-element-button\" download aria-describedby=\"wp-block-file--media-20668a50-1739-416d-b469-4c217f17f0e8\">Lataa<\/a><\/div>\n","protected":false},"excerpt":{"rendered":"<p>Kaksivaiheinen tunnistautuminen on olennainen osa tietoturvaa ja suojaa sinun k\u00e4ytt\u00e4j\u00e4tili\u00e4si luvattomalta k\u00e4yt\u00f6lt\u00e4. Kirjautuessasi Gradian palveluihin sis\u00e4verkon ulkopuolelta, tulee sinun varmentaakirjautumisesi mobiililaitteellasi. T\u00e4m\u00e4 tapahtuu joko k\u00e4ytt\u00e4en t\u00e4h\u00e4n tarkoitettua mobiilisovellusta tai vastaanottamalla varmistuskoodi tekstiviestill\u00e4. Alta l\u00f6ytyv\u00e4ss\u00e4 ohjeessa k\u00e4yd\u00e4\u00e4n l\u00e4pi, kuinka saatkaksivaiheisen tunnistautumisen k\u00e4ytt\u00f6\u00f6si mobiilisovelluksella. Lue PDF-muotoinen ohje kaksivaiheisen tunnistautumisen k\u00e4ytt\u00f6\u00f6nottoon. Selaa sivuja [&hellip;]<\/p>\n","protected":false},"author":165,"featured_media":0,"parent":1622,"menu_order":0,"comment_status":"closed","ping_status":"closed","template":"","meta":{"_uag_custom_page_level_css":"","footnotes":""},"class_list":["post-1830","page","type-page","status-publish","hentry"],"yoast_head":"<!-- This site is optimized with the Yoast SEO plugin v27.4 - https:\/\/yoast.com\/product\/yoast-seo-wordpress\/ -->\n<title>Opiskelijan kaksivaiheinen tunnistautuminen - Gradia Digipalvelut<\/title>\n<meta name=\"robots\" content=\"index, follow, max-snippet:-1, max-image-preview:large, max-video-preview:-1\" \/>\n<link rel=\"canonical\" href=\"https:\/\/blogit.gradia.fi\/digipalvelut\/opiskelijan-ohjeet\/opiskelijan-kaksoistunnistautuminen\/\" \/>\n<meta property=\"og:locale\" content=\"fi_FI\" \/>\n<meta property=\"og:type\" content=\"article\" \/>\n<meta property=\"og:title\" content=\"Opiskelijan kaksivaiheinen tunnistautuminen - Gradia Digipalvelut\" \/>\n<meta property=\"og:description\" content=\"Kaksivaiheinen tunnistautuminen on olennainen osa tietoturvaa ja suojaa sinun k\u00e4ytt\u00e4j\u00e4tili\u00e4si luvattomalta k\u00e4yt\u00f6lt\u00e4. Kirjautuessasi Gradian palveluihin sis\u00e4verkon ulkopuolelta, tulee sinun varmentaakirjautumisesi mobiililaitteellasi. T\u00e4m\u00e4 tapahtuu joko k\u00e4ytt\u00e4en t\u00e4h\u00e4n tarkoitettua mobiilisovellusta tai vastaanottamalla varmistuskoodi tekstiviestill\u00e4. Alta l\u00f6ytyv\u00e4ss\u00e4 ohjeessa k\u00e4yd\u00e4\u00e4n l\u00e4pi, kuinka saatkaksivaiheisen tunnistautumisen k\u00e4ytt\u00f6\u00f6si mobiilisovelluksella. Lue PDF-muotoinen ohje kaksivaiheisen tunnistautumisen k\u00e4ytt\u00f6\u00f6nottoon. Selaa sivuja [&hellip;]\" \/>\n<meta property=\"og:url\" content=\"https:\/\/blogit.gradia.fi\/digipalvelut\/opiskelijan-ohjeet\/opiskelijan-kaksoistunnistautuminen\/\" \/>\n<meta property=\"og:site_name\" content=\"Gradia Digipalvelut\" \/>\n<meta property=\"article:modified_time\" content=\"2024-08-06T09:46:14+00:00\" \/>\n<meta name=\"twitter:card\" content=\"summary_large_image\" \/>\n<meta name=\"twitter:label1\" content=\"Arvioitu lukuaika\" \/>\n\t<meta name=\"twitter:data1\" content=\"1 minuutti\" \/>\n<script type=\"application\/ld+json\" class=\"yoast-schema-graph\">{\"@context\":\"https:\\\/\\\/schema.org\",\"@graph\":[{\"@type\":\"WebPage\",\"@id\":\"https:\\\/\\\/blogit.gradia.fi\\\/digipalvelut\\\/opiskelijan-ohjeet\\\/opiskelijan-kaksoistunnistautuminen\\\/\",\"url\":\"https:\\\/\\\/blogit.gradia.fi\\\/digipalvelut\\\/opiskelijan-ohjeet\\\/opiskelijan-kaksoistunnistautuminen\\\/\",\"name\":\"Opiskelijan kaksivaiheinen tunnistautuminen - Gradia Digipalvelut\",\"isPartOf\":{\"@id\":\"https:\\\/\\\/blogit.gradia.fi\\\/digipalvelut\\\/#website\"},\"datePublished\":\"2020-04-21T06:33:40+00:00\",\"dateModified\":\"2024-08-06T09:46:14+00:00\",\"breadcrumb\":{\"@id\":\"https:\\\/\\\/blogit.gradia.fi\\\/digipalvelut\\\/opiskelijan-ohjeet\\\/opiskelijan-kaksoistunnistautuminen\\\/#breadcrumb\"},\"inLanguage\":\"fi\",\"potentialAction\":[{\"@type\":\"ReadAction\",\"target\":[\"https:\\\/\\\/blogit.gradia.fi\\\/digipalvelut\\\/opiskelijan-ohjeet\\\/opiskelijan-kaksoistunnistautuminen\\\/\"]}]},{\"@type\":\"BreadcrumbList\",\"@id\":\"https:\\\/\\\/blogit.gradia.fi\\\/digipalvelut\\\/opiskelijan-ohjeet\\\/opiskelijan-kaksoistunnistautuminen\\\/#breadcrumb\",\"itemListElement\":[{\"@type\":\"ListItem\",\"position\":1,\"name\":\"Ohjeita opiskelijoille\",\"item\":\"https:\\\/\\\/blogit.gradia.fi\\\/digipalvelut\\\/opiskelijan-ohjeet\\\/\"},{\"@type\":\"ListItem\",\"position\":2,\"name\":\"Opiskelijan kaksivaiheinen tunnistautuminen\"}]},{\"@type\":\"WebSite\",\"@id\":\"https:\\\/\\\/blogit.gradia.fi\\\/digipalvelut\\\/#website\",\"url\":\"https:\\\/\\\/blogit.gradia.fi\\\/digipalvelut\\\/\",\"name\":\"Gradia Digipalvelut\",\"description\":\"Astetta enemm\u00e4n digi\u00e4\",\"publisher\":{\"@id\":\"https:\\\/\\\/blogit.gradia.fi\\\/digipalvelut\\\/#organization\"},\"potentialAction\":[{\"@type\":\"SearchAction\",\"target\":{\"@type\":\"EntryPoint\",\"urlTemplate\":\"https:\\\/\\\/blogit.gradia.fi\\\/digipalvelut\\\/?s={search_term_string}\"},\"query-input\":{\"@type\":\"PropertyValueSpecification\",\"valueRequired\":true,\"valueName\":\"search_term_string\"}}],\"inLanguage\":\"fi\"},{\"@type\":\"Organization\",\"@id\":\"https:\\\/\\\/blogit.gradia.fi\\\/digipalvelut\\\/#organization\",\"name\":\"Gradia Digipalvelut\",\"url\":\"https:\\\/\\\/blogit.gradia.fi\\\/digipalvelut\\\/\",\"logo\":{\"@type\":\"ImageObject\",\"inLanguage\":\"fi\",\"@id\":\"https:\\\/\\\/blogit.gradia.fi\\\/digipalvelut\\\/#\\\/schema\\\/logo\\\/image\\\/\",\"url\":\"https:\\\/\\\/blogit.gradia.fi\\\/digipalvelut\\\/wp-content\\\/uploads\\\/sites\\\/99\\\/2019\\\/06\\\/cropped-Gradia_logo_Cyber_TRANSPARENT.png\",\"contentUrl\":\"https:\\\/\\\/blogit.gradia.fi\\\/digipalvelut\\\/wp-content\\\/uploads\\\/sites\\\/99\\\/2019\\\/06\\\/cropped-Gradia_logo_Cyber_TRANSPARENT.png\",\"width\":316,\"height\":382,\"caption\":\"Gradia Digipalvelut\"},\"image\":{\"@id\":\"https:\\\/\\\/blogit.gradia.fi\\\/digipalvelut\\\/#\\\/schema\\\/logo\\\/image\\\/\"}}]}<\/script>\n<!-- \/ Yoast SEO plugin. -->","yoast_head_json":{"title":"Opiskelijan kaksivaiheinen tunnistautuminen - Gradia Digipalvelut","robots":{"index":"index","follow":"follow","max-snippet":"max-snippet:-1","max-image-preview":"max-image-preview:large","max-video-preview":"max-video-preview:-1"},"canonical":"https:\/\/blogit.gradia.fi\/digipalvelut\/opiskelijan-ohjeet\/opiskelijan-kaksoistunnistautuminen\/","og_locale":"fi_FI","og_type":"article","og_title":"Opiskelijan kaksivaiheinen tunnistautuminen - Gradia Digipalvelut","og_description":"Kaksivaiheinen tunnistautuminen on olennainen osa tietoturvaa ja suojaa sinun k\u00e4ytt\u00e4j\u00e4tili\u00e4si luvattomalta k\u00e4yt\u00f6lt\u00e4. Kirjautuessasi Gradian palveluihin sis\u00e4verkon ulkopuolelta, tulee sinun varmentaakirjautumisesi mobiililaitteellasi. T\u00e4m\u00e4 tapahtuu joko k\u00e4ytt\u00e4en t\u00e4h\u00e4n tarkoitettua mobiilisovellusta tai vastaanottamalla varmistuskoodi tekstiviestill\u00e4. Alta l\u00f6ytyv\u00e4ss\u00e4 ohjeessa k\u00e4yd\u00e4\u00e4n l\u00e4pi, kuinka saatkaksivaiheisen tunnistautumisen k\u00e4ytt\u00f6\u00f6si mobiilisovelluksella. Lue PDF-muotoinen ohje kaksivaiheisen tunnistautumisen k\u00e4ytt\u00f6\u00f6nottoon. Selaa sivuja [&hellip;]","og_url":"https:\/\/blogit.gradia.fi\/digipalvelut\/opiskelijan-ohjeet\/opiskelijan-kaksoistunnistautuminen\/","og_site_name":"Gradia Digipalvelut","article_modified_time":"2024-08-06T09:46:14+00:00","twitter_card":"summary_large_image","twitter_misc":{"Arvioitu lukuaika":"1 minuutti"},"schema":{"@context":"https:\/\/schema.org","@graph":[{"@type":"WebPage","@id":"https:\/\/blogit.gradia.fi\/digipalvelut\/opiskelijan-ohjeet\/opiskelijan-kaksoistunnistautuminen\/","url":"https:\/\/blogit.gradia.fi\/digipalvelut\/opiskelijan-ohjeet\/opiskelijan-kaksoistunnistautuminen\/","name":"Opiskelijan kaksivaiheinen tunnistautuminen - Gradia Digipalvelut","isPartOf":{"@id":"https:\/\/blogit.gradia.fi\/digipalvelut\/#website"},"datePublished":"2020-04-21T06:33:40+00:00","dateModified":"2024-08-06T09:46:14+00:00","breadcrumb":{"@id":"https:\/\/blogit.gradia.fi\/digipalvelut\/opiskelijan-ohjeet\/opiskelijan-kaksoistunnistautuminen\/#breadcrumb"},"inLanguage":"fi","potentialAction":[{"@type":"ReadAction","target":["https:\/\/blogit.gradia.fi\/digipalvelut\/opiskelijan-ohjeet\/opiskelijan-kaksoistunnistautuminen\/"]}]},{"@type":"BreadcrumbList","@id":"https:\/\/blogit.gradia.fi\/digipalvelut\/opiskelijan-ohjeet\/opiskelijan-kaksoistunnistautuminen\/#breadcrumb","itemListElement":[{"@type":"ListItem","position":1,"name":"Ohjeita opiskelijoille","item":"https:\/\/blogit.gradia.fi\/digipalvelut\/opiskelijan-ohjeet\/"},{"@type":"ListItem","position":2,"name":"Opiskelijan kaksivaiheinen tunnistautuminen"}]},{"@type":"WebSite","@id":"https:\/\/blogit.gradia.fi\/digipalvelut\/#website","url":"https:\/\/blogit.gradia.fi\/digipalvelut\/","name":"Gradia Digipalvelut","description":"Astetta enemm\u00e4n digi\u00e4","publisher":{"@id":"https:\/\/blogit.gradia.fi\/digipalvelut\/#organization"},"potentialAction":[{"@type":"SearchAction","target":{"@type":"EntryPoint","urlTemplate":"https:\/\/blogit.gradia.fi\/digipalvelut\/?s={search_term_string}"},"query-input":{"@type":"PropertyValueSpecification","valueRequired":true,"valueName":"search_term_string"}}],"inLanguage":"fi"},{"@type":"Organization","@id":"https:\/\/blogit.gradia.fi\/digipalvelut\/#organization","name":"Gradia Digipalvelut","url":"https:\/\/blogit.gradia.fi\/digipalvelut\/","logo":{"@type":"ImageObject","inLanguage":"fi","@id":"https:\/\/blogit.gradia.fi\/digipalvelut\/#\/schema\/logo\/image\/","url":"https:\/\/blogit.gradia.fi\/digipalvelut\/wp-content\/uploads\/sites\/99\/2019\/06\/cropped-Gradia_logo_Cyber_TRANSPARENT.png","contentUrl":"https:\/\/blogit.gradia.fi\/digipalvelut\/wp-content\/uploads\/sites\/99\/2019\/06\/cropped-Gradia_logo_Cyber_TRANSPARENT.png","width":316,"height":382,"caption":"Gradia Digipalvelut"},"image":{"@id":"https:\/\/blogit.gradia.fi\/digipalvelut\/#\/schema\/logo\/image\/"}}]}},"uagb_featured_image_src":{"full":false,"thumbnail":false,"medium":false,"medium_large":false,"large":false,"1536x1536":false,"2048x2048":false,"hestia-blog":false},"uagb_author_info":{"display_name":"Heini Pennanen","author_link":"https:\/\/blogit.gradia.fi\/digipalvelut\/author\/pennahei\/"},"uagb_comment_info":0,"uagb_excerpt":"Kaksivaiheinen tunnistautuminen on olennainen osa tietoturvaa ja suojaa sinun k\u00e4ytt\u00e4j\u00e4tili\u00e4si luvattomalta k\u00e4yt\u00f6lt\u00e4. Kirjautuessasi Gradian palveluihin sis\u00e4verkon ulkopuolelta, tulee sinun varmentaakirjautumisesi mobiililaitteellasi. T\u00e4m\u00e4 tapahtuu joko k\u00e4ytt\u00e4en t\u00e4h\u00e4n tarkoitettua mobiilisovellusta tai vastaanottamalla varmistuskoodi tekstiviestill\u00e4. Alta l\u00f6ytyv\u00e4ss\u00e4 ohjeessa k\u00e4yd\u00e4\u00e4n l\u00e4pi, kuinka saatkaksivaiheisen tunnistautumisen k\u00e4ytt\u00f6\u00f6si mobiilisovelluksella. Lue PDF-muotoinen ohje kaksivaiheisen tunnistautumisen k\u00e4ytt\u00f6\u00f6nottoon. Selaa sivuja [&hellip;]","_links":{"self":[{"href":"https:\/\/blogit.gradia.fi\/digipalvelut\/wp-json\/wp\/v2\/pages\/1830","targetHints":{"allow":["GET"]}}],"collection":[{"href":"https:\/\/blogit.gradia.fi\/digipalvelut\/wp-json\/wp\/v2\/pages"}],"about":[{"href":"https:\/\/blogit.gradia.fi\/digipalvelut\/wp-json\/wp\/v2\/types\/page"}],"author":[{"embeddable":true,"href":"https:\/\/blogit.gradia.fi\/digipalvelut\/wp-json\/wp\/v2\/users\/165"}],"replies":[{"embeddable":true,"href":"https:\/\/blogit.gradia.fi\/digipalvelut\/wp-json\/wp\/v2\/comments?post=1830"}],"version-history":[{"count":5,"href":"https:\/\/blogit.gradia.fi\/digipalvelut\/wp-json\/wp\/v2\/pages\/1830\/revisions"}],"predecessor-version":[{"id":2508,"href":"https:\/\/blogit.gradia.fi\/digipalvelut\/wp-json\/wp\/v2\/pages\/1830\/revisions\/2508"}],"up":[{"embeddable":true,"href":"https:\/\/blogit.gradia.fi\/digipalvelut\/wp-json\/wp\/v2\/pages\/1622"}],"wp:attachment":[{"href":"https:\/\/blogit.gradia.fi\/digipalvelut\/wp-json\/wp\/v2\/media?parent=1830"}],"curies":[{"name":"wp","href":"https:\/\/api.w.org\/{rel}","templated":true}]}}