{"id":1802,"date":"2020-04-01T15:50:33","date_gmt":"2020-04-01T12:50:33","guid":{"rendered":"https:\/\/blogit.gradia.fi\/digipalvelut\/?page_id=1802"},"modified":"2020-04-01T15:51:18","modified_gmt":"2020-04-01T12:51:18","slug":"asiakirjan-skannaaminen-tyopuhelimella","status":"publish","type":"page","link":"https:\/\/blogit.gradia.fi\/digipalvelut\/ohjeita-ja-vinkkeja\/office-365\/asiakirjan-skannaaminen-tyopuhelimella\/","title":{"rendered":"Asiakirjan skannaaminen ty\u00f6puhelimella"},"content":{"rendered":"\n<p><strong>Voit helposti muuttaa tulosteita s\u00e4hk\u00f6iseen muotoon (skannata) oman ty\u00f6k\u00e4nnykk\u00e4si OneDrive -sovelluksella. Skannatut pdf-tiedostot voit sen j\u00e4lkeen jakaa opiskelijoille oppimisymp\u00e4rist\u00f6ss\u00e4 tai vaikka s\u00e4hk\u00f6postin liitteen\u00e4.<\/strong><\/p>\n\n\n\n<hr class=\"wp-block-separator\" \/>\n\n\n\n<ol class=\"wp-block-list\"><li>Kirjaudu ty\u00f6k\u00e4nnyk\u00e4ll\u00e4 ty\u00f6paikan OneDriveen sis\u00e4lle, mik\u00e4li et viel\u00e4 ole kirjautunut.<\/li><li>Klikkaa k\u00e4nnyk\u00e4ll\u00e4 \u201dOneDrive\u201d kuvaketta (huom k\u00e4yt\u00e4 ty\u00f6profiilia).<\/li><\/ol>\n\n\n\n<figure class=\"wp-block-image size-large is-resized\"><img fetchpriority=\"high\" decoding=\"async\" src=\"https:\/\/blogit.gradia.fi\/digipalvelut\/wp-content\/uploads\/sites\/99\/2020\/04\/Kuva1.png\" alt=\"Kuva k\u00e4nnyk\u00e4n n\u00e4yt\u00f6st\u00e4 sek\u00e4 valittavasta OneDrive-kuvakkeesta\" class=\"wp-image-1803\" width=\"275\" height=\"501\" srcset=\"https:\/\/blogit.gradia.fi\/digipalvelut\/wp-content\/uploads\/sites\/99\/2020\/04\/Kuva1.png 550w, https:\/\/blogit.gradia.fi\/digipalvelut\/wp-content\/uploads\/sites\/99\/2020\/04\/Kuva1-165x300.png 165w\" sizes=\"(max-width: 275px) 100vw, 275px\" \/><figcaption>Ty\u00f6k\u00e4nnyk\u00e4n OneDrive -kuvake<\/figcaption><\/figure>\n\n\n\n<p>3.  Valitse se kansio omasta OneDrivesta, johon haluat skannauksen tallentaa.<br>4.  Ota valokuva tallennettavasta paperista oikean reunan kamera-painikkeen avulla. Asiakirja tallentuu dpf-muodossa avattuun kansioon. <\/p>\n\n\n\n<figure class=\"wp-block-image size-large is-resized\"><img decoding=\"async\" src=\"https:\/\/blogit.gradia.fi\/digipalvelut\/wp-content\/uploads\/sites\/99\/2020\/04\/Kuva2.png\" alt=\"Kuva OneDrive-tiedostosta, johon kuvattava asiakirja tallennetaan. \" class=\"wp-image-1804\" width=\"277\" height=\"454\" srcset=\"https:\/\/blogit.gradia.fi\/digipalvelut\/wp-content\/uploads\/sites\/99\/2020\/04\/Kuva2.png 553w, https:\/\/blogit.gradia.fi\/digipalvelut\/wp-content\/uploads\/sites\/99\/2020\/04\/Kuva2-183x300.png 183w\" sizes=\"(max-width: 277px) 100vw, 277px\" \/><figcaption>Tiedosto, johon kamera -painikkeella kuvattava asiakirja tallennetaan.<\/figcaption><\/figure>\n\n\n\n<p><\/p>\n","protected":false},"excerpt":{"rendered":"<p>Voit helposti muuttaa tulosteita s\u00e4hk\u00f6iseen muotoon (skannata) oman ty\u00f6k\u00e4nnykk\u00e4si OneDrive -sovelluksella. Skannatut pdf-tiedostot voit sen j\u00e4lkeen jakaa opiskelijoille oppimisymp\u00e4rist\u00f6ss\u00e4 tai vaikka s\u00e4hk\u00f6postin liitteen\u00e4. Kirjaudu ty\u00f6k\u00e4nnyk\u00e4ll\u00e4 ty\u00f6paikan OneDriveen sis\u00e4lle, mik\u00e4li et viel\u00e4 ole kirjautunut. Klikkaa k\u00e4nnyk\u00e4ll\u00e4 \u201dOneDrive\u201d kuvaketta (huom k\u00e4yt\u00e4 ty\u00f6profiilia). 3. Valitse se kansio omasta OneDrivesta, johon haluat skannauksen tallentaa.4. [&hellip;]<\/p>\n","protected":false},"author":165,"featured_media":0,"parent":73,"menu_order":0,"comment_status":"closed","ping_status":"closed","template":"","meta":{"_uag_custom_page_level_css":"","footnotes":""},"class_list":["post-1802","page","type-page","status-publish","hentry"],"yoast_head":"<!-- This site is optimized with the Yoast SEO plugin v27.4 - https:\/\/yoast.com\/product\/yoast-seo-wordpress\/ -->\n<title>Asiakirjan skannaaminen ty\u00f6puhelimella - Gradia Digipalvelut<\/title>\n<meta name=\"robots\" content=\"index, follow, max-snippet:-1, max-image-preview:large, max-video-preview:-1\" \/>\n<link rel=\"canonical\" href=\"https:\/\/blogit.gradia.fi\/digipalvelut\/ohjeita-ja-vinkkeja\/office-365\/asiakirjan-skannaaminen-tyopuhelimella\/\" \/>\n<meta property=\"og:locale\" content=\"fi_FI\" \/>\n<meta property=\"og:type\" content=\"article\" \/>\n<meta property=\"og:title\" content=\"Asiakirjan skannaaminen ty\u00f6puhelimella - Gradia Digipalvelut\" \/>\n<meta property=\"og:description\" content=\"Voit helposti muuttaa tulosteita s\u00e4hk\u00f6iseen muotoon (skannata) oman ty\u00f6k\u00e4nnykk\u00e4si OneDrive -sovelluksella. Skannatut pdf-tiedostot voit sen j\u00e4lkeen jakaa opiskelijoille oppimisymp\u00e4rist\u00f6ss\u00e4 tai vaikka s\u00e4hk\u00f6postin liitteen\u00e4. Kirjaudu ty\u00f6k\u00e4nnyk\u00e4ll\u00e4 ty\u00f6paikan OneDriveen sis\u00e4lle, mik\u00e4li et viel\u00e4 ole kirjautunut. Klikkaa k\u00e4nnyk\u00e4ll\u00e4 \u201dOneDrive\u201d kuvaketta (huom k\u00e4yt\u00e4 ty\u00f6profiilia). 3. Valitse se kansio omasta OneDrivesta, johon haluat skannauksen tallentaa.4. [&hellip;]\" \/>\n<meta property=\"og:url\" content=\"https:\/\/blogit.gradia.fi\/digipalvelut\/ohjeita-ja-vinkkeja\/office-365\/asiakirjan-skannaaminen-tyopuhelimella\/\" \/>\n<meta property=\"og:site_name\" content=\"Gradia Digipalvelut\" \/>\n<meta property=\"article:modified_time\" content=\"2020-04-01T12:51:18+00:00\" \/>\n<meta property=\"og:image\" content=\"https:\/\/blogit.gradia.fi\/digipalvelut\/wp-content\/uploads\/sites\/99\/2020\/04\/Kuva1.png\" \/>\n<meta name=\"twitter:card\" content=\"summary_large_image\" \/>\n<script type=\"application\/ld+json\" class=\"yoast-schema-graph\">{\"@context\":\"https:\\\/\\\/schema.org\",\"@graph\":[{\"@type\":\"WebPage\",\"@id\":\"https:\\\/\\\/blogit.gradia.fi\\\/digipalvelut\\\/ohjeita-ja-vinkkeja\\\/office-365\\\/asiakirjan-skannaaminen-tyopuhelimella\\\/\",\"url\":\"https:\\\/\\\/blogit.gradia.fi\\\/digipalvelut\\\/ohjeita-ja-vinkkeja\\\/office-365\\\/asiakirjan-skannaaminen-tyopuhelimella\\\/\",\"name\":\"Asiakirjan skannaaminen ty\u00f6puhelimella - Gradia Digipalvelut\",\"isPartOf\":{\"@id\":\"https:\\\/\\\/blogit.gradia.fi\\\/digipalvelut\\\/#website\"},\"primaryImageOfPage\":{\"@id\":\"https:\\\/\\\/blogit.gradia.fi\\\/digipalvelut\\\/ohjeita-ja-vinkkeja\\\/office-365\\\/asiakirjan-skannaaminen-tyopuhelimella\\\/#primaryimage\"},\"image\":{\"@id\":\"https:\\\/\\\/blogit.gradia.fi\\\/digipalvelut\\\/ohjeita-ja-vinkkeja\\\/office-365\\\/asiakirjan-skannaaminen-tyopuhelimella\\\/#primaryimage\"},\"thumbnailUrl\":\"https:\\\/\\\/blogit.gradia.fi\\\/digipalvelut\\\/wp-content\\\/uploads\\\/sites\\\/99\\\/2020\\\/04\\\/Kuva1.png\",\"datePublished\":\"2020-04-01T12:50:33+00:00\",\"dateModified\":\"2020-04-01T12:51:18+00:00\",\"breadcrumb\":{\"@id\":\"https:\\\/\\\/blogit.gradia.fi\\\/digipalvelut\\\/ohjeita-ja-vinkkeja\\\/office-365\\\/asiakirjan-skannaaminen-tyopuhelimella\\\/#breadcrumb\"},\"inLanguage\":\"fi\",\"potentialAction\":[{\"@type\":\"ReadAction\",\"target\":[\"https:\\\/\\\/blogit.gradia.fi\\\/digipalvelut\\\/ohjeita-ja-vinkkeja\\\/office-365\\\/asiakirjan-skannaaminen-tyopuhelimella\\\/\"]}]},{\"@type\":\"ImageObject\",\"inLanguage\":\"fi\",\"@id\":\"https:\\\/\\\/blogit.gradia.fi\\\/digipalvelut\\\/ohjeita-ja-vinkkeja\\\/office-365\\\/asiakirjan-skannaaminen-tyopuhelimella\\\/#primaryimage\",\"url\":\"https:\\\/\\\/blogit.gradia.fi\\\/digipalvelut\\\/wp-content\\\/uploads\\\/sites\\\/99\\\/2020\\\/04\\\/Kuva1.png\",\"contentUrl\":\"https:\\\/\\\/blogit.gradia.fi\\\/digipalvelut\\\/wp-content\\\/uploads\\\/sites\\\/99\\\/2020\\\/04\\\/Kuva1.png\",\"width\":550,\"height\":1001},{\"@type\":\"BreadcrumbList\",\"@id\":\"https:\\\/\\\/blogit.gradia.fi\\\/digipalvelut\\\/ohjeita-ja-vinkkeja\\\/office-365\\\/asiakirjan-skannaaminen-tyopuhelimella\\\/#breadcrumb\",\"itemListElement\":[{\"@type\":\"ListItem\",\"position\":1,\"name\":\"Ohjeita ja vinkkej\u00e4\",\"item\":\"https:\\\/\\\/blogit.gradia.fi\\\/digipalvelut\\\/ohjeita-ja-vinkkeja\\\/\"},{\"@type\":\"ListItem\",\"position\":2,\"name\":\"Office 365\",\"item\":\"https:\\\/\\\/blogit.gradia.fi\\\/digipalvelut\\\/ohjeita-ja-vinkkeja\\\/office-365\\\/\"},{\"@type\":\"ListItem\",\"position\":3,\"name\":\"Asiakirjan skannaaminen ty\u00f6puhelimella\"}]},{\"@type\":\"WebSite\",\"@id\":\"https:\\\/\\\/blogit.gradia.fi\\\/digipalvelut\\\/#website\",\"url\":\"https:\\\/\\\/blogit.gradia.fi\\\/digipalvelut\\\/\",\"name\":\"Gradia Digipalvelut\",\"description\":\"Astetta enemm\u00e4n digi\u00e4\",\"publisher\":{\"@id\":\"https:\\\/\\\/blogit.gradia.fi\\\/digipalvelut\\\/#organization\"},\"potentialAction\":[{\"@type\":\"SearchAction\",\"target\":{\"@type\":\"EntryPoint\",\"urlTemplate\":\"https:\\\/\\\/blogit.gradia.fi\\\/digipalvelut\\\/?s={search_term_string}\"},\"query-input\":{\"@type\":\"PropertyValueSpecification\",\"valueRequired\":true,\"valueName\":\"search_term_string\"}}],\"inLanguage\":\"fi\"},{\"@type\":\"Organization\",\"@id\":\"https:\\\/\\\/blogit.gradia.fi\\\/digipalvelut\\\/#organization\",\"name\":\"Gradia Digipalvelut\",\"url\":\"https:\\\/\\\/blogit.gradia.fi\\\/digipalvelut\\\/\",\"logo\":{\"@type\":\"ImageObject\",\"inLanguage\":\"fi\",\"@id\":\"https:\\\/\\\/blogit.gradia.fi\\\/digipalvelut\\\/#\\\/schema\\\/logo\\\/image\\\/\",\"url\":\"https:\\\/\\\/blogit.gradia.fi\\\/digipalvelut\\\/wp-content\\\/uploads\\\/sites\\\/99\\\/2019\\\/06\\\/cropped-Gradia_logo_Cyber_TRANSPARENT.png\",\"contentUrl\":\"https:\\\/\\\/blogit.gradia.fi\\\/digipalvelut\\\/wp-content\\\/uploads\\\/sites\\\/99\\\/2019\\\/06\\\/cropped-Gradia_logo_Cyber_TRANSPARENT.png\",\"width\":316,\"height\":382,\"caption\":\"Gradia Digipalvelut\"},\"image\":{\"@id\":\"https:\\\/\\\/blogit.gradia.fi\\\/digipalvelut\\\/#\\\/schema\\\/logo\\\/image\\\/\"}}]}<\/script>\n<!-- \/ Yoast SEO plugin. -->","yoast_head_json":{"title":"Asiakirjan skannaaminen ty\u00f6puhelimella - Gradia Digipalvelut","robots":{"index":"index","follow":"follow","max-snippet":"max-snippet:-1","max-image-preview":"max-image-preview:large","max-video-preview":"max-video-preview:-1"},"canonical":"https:\/\/blogit.gradia.fi\/digipalvelut\/ohjeita-ja-vinkkeja\/office-365\/asiakirjan-skannaaminen-tyopuhelimella\/","og_locale":"fi_FI","og_type":"article","og_title":"Asiakirjan skannaaminen ty\u00f6puhelimella - Gradia Digipalvelut","og_description":"Voit helposti muuttaa tulosteita s\u00e4hk\u00f6iseen muotoon (skannata) oman ty\u00f6k\u00e4nnykk\u00e4si OneDrive -sovelluksella. Skannatut pdf-tiedostot voit sen j\u00e4lkeen jakaa opiskelijoille oppimisymp\u00e4rist\u00f6ss\u00e4 tai vaikka s\u00e4hk\u00f6postin liitteen\u00e4. Kirjaudu ty\u00f6k\u00e4nnyk\u00e4ll\u00e4 ty\u00f6paikan OneDriveen sis\u00e4lle, mik\u00e4li et viel\u00e4 ole kirjautunut. Klikkaa k\u00e4nnyk\u00e4ll\u00e4 \u201dOneDrive\u201d kuvaketta (huom k\u00e4yt\u00e4 ty\u00f6profiilia). 3. Valitse se kansio omasta OneDrivesta, johon haluat skannauksen tallentaa.4. [&hellip;]","og_url":"https:\/\/blogit.gradia.fi\/digipalvelut\/ohjeita-ja-vinkkeja\/office-365\/asiakirjan-skannaaminen-tyopuhelimella\/","og_site_name":"Gradia Digipalvelut","article_modified_time":"2020-04-01T12:51:18+00:00","og_image":[{"url":"https:\/\/blogit.gradia.fi\/digipalvelut\/wp-content\/uploads\/sites\/99\/2020\/04\/Kuva1.png","type":"","width":"","height":""}],"twitter_card":"summary_large_image","schema":{"@context":"https:\/\/schema.org","@graph":[{"@type":"WebPage","@id":"https:\/\/blogit.gradia.fi\/digipalvelut\/ohjeita-ja-vinkkeja\/office-365\/asiakirjan-skannaaminen-tyopuhelimella\/","url":"https:\/\/blogit.gradia.fi\/digipalvelut\/ohjeita-ja-vinkkeja\/office-365\/asiakirjan-skannaaminen-tyopuhelimella\/","name":"Asiakirjan skannaaminen ty\u00f6puhelimella - Gradia Digipalvelut","isPartOf":{"@id":"https:\/\/blogit.gradia.fi\/digipalvelut\/#website"},"primaryImageOfPage":{"@id":"https:\/\/blogit.gradia.fi\/digipalvelut\/ohjeita-ja-vinkkeja\/office-365\/asiakirjan-skannaaminen-tyopuhelimella\/#primaryimage"},"image":{"@id":"https:\/\/blogit.gradia.fi\/digipalvelut\/ohjeita-ja-vinkkeja\/office-365\/asiakirjan-skannaaminen-tyopuhelimella\/#primaryimage"},"thumbnailUrl":"https:\/\/blogit.gradia.fi\/digipalvelut\/wp-content\/uploads\/sites\/99\/2020\/04\/Kuva1.png","datePublished":"2020-04-01T12:50:33+00:00","dateModified":"2020-04-01T12:51:18+00:00","breadcrumb":{"@id":"https:\/\/blogit.gradia.fi\/digipalvelut\/ohjeita-ja-vinkkeja\/office-365\/asiakirjan-skannaaminen-tyopuhelimella\/#breadcrumb"},"inLanguage":"fi","potentialAction":[{"@type":"ReadAction","target":["https:\/\/blogit.gradia.fi\/digipalvelut\/ohjeita-ja-vinkkeja\/office-365\/asiakirjan-skannaaminen-tyopuhelimella\/"]}]},{"@type":"ImageObject","inLanguage":"fi","@id":"https:\/\/blogit.gradia.fi\/digipalvelut\/ohjeita-ja-vinkkeja\/office-365\/asiakirjan-skannaaminen-tyopuhelimella\/#primaryimage","url":"https:\/\/blogit.gradia.fi\/digipalvelut\/wp-content\/uploads\/sites\/99\/2020\/04\/Kuva1.png","contentUrl":"https:\/\/blogit.gradia.fi\/digipalvelut\/wp-content\/uploads\/sites\/99\/2020\/04\/Kuva1.png","width":550,"height":1001},{"@type":"BreadcrumbList","@id":"https:\/\/blogit.gradia.fi\/digipalvelut\/ohjeita-ja-vinkkeja\/office-365\/asiakirjan-skannaaminen-tyopuhelimella\/#breadcrumb","itemListElement":[{"@type":"ListItem","position":1,"name":"Ohjeita ja vinkkej\u00e4","item":"https:\/\/blogit.gradia.fi\/digipalvelut\/ohjeita-ja-vinkkeja\/"},{"@type":"ListItem","position":2,"name":"Office 365","item":"https:\/\/blogit.gradia.fi\/digipalvelut\/ohjeita-ja-vinkkeja\/office-365\/"},{"@type":"ListItem","position":3,"name":"Asiakirjan skannaaminen ty\u00f6puhelimella"}]},{"@type":"WebSite","@id":"https:\/\/blogit.gradia.fi\/digipalvelut\/#website","url":"https:\/\/blogit.gradia.fi\/digipalvelut\/","name":"Gradia Digipalvelut","description":"Astetta enemm\u00e4n digi\u00e4","publisher":{"@id":"https:\/\/blogit.gradia.fi\/digipalvelut\/#organization"},"potentialAction":[{"@type":"SearchAction","target":{"@type":"EntryPoint","urlTemplate":"https:\/\/blogit.gradia.fi\/digipalvelut\/?s={search_term_string}"},"query-input":{"@type":"PropertyValueSpecification","valueRequired":true,"valueName":"search_term_string"}}],"inLanguage":"fi"},{"@type":"Organization","@id":"https:\/\/blogit.gradia.fi\/digipalvelut\/#organization","name":"Gradia Digipalvelut","url":"https:\/\/blogit.gradia.fi\/digipalvelut\/","logo":{"@type":"ImageObject","inLanguage":"fi","@id":"https:\/\/blogit.gradia.fi\/digipalvelut\/#\/schema\/logo\/image\/","url":"https:\/\/blogit.gradia.fi\/digipalvelut\/wp-content\/uploads\/sites\/99\/2019\/06\/cropped-Gradia_logo_Cyber_TRANSPARENT.png","contentUrl":"https:\/\/blogit.gradia.fi\/digipalvelut\/wp-content\/uploads\/sites\/99\/2019\/06\/cropped-Gradia_logo_Cyber_TRANSPARENT.png","width":316,"height":382,"caption":"Gradia Digipalvelut"},"image":{"@id":"https:\/\/blogit.gradia.fi\/digipalvelut\/#\/schema\/logo\/image\/"}}]}},"uagb_featured_image_src":{"full":false,"thumbnail":false,"medium":false,"medium_large":false,"large":false,"1536x1536":false,"2048x2048":false,"hestia-blog":false},"uagb_author_info":{"display_name":"Heini Pennanen","author_link":"https:\/\/blogit.gradia.fi\/digipalvelut\/author\/pennahei\/"},"uagb_comment_info":0,"uagb_excerpt":"Voit helposti muuttaa tulosteita s\u00e4hk\u00f6iseen muotoon (skannata) oman ty\u00f6k\u00e4nnykk\u00e4si OneDrive -sovelluksella. Skannatut pdf-tiedostot voit sen j\u00e4lkeen jakaa opiskelijoille oppimisymp\u00e4rist\u00f6ss\u00e4 tai vaikka s\u00e4hk\u00f6postin liitteen\u00e4. Kirjaudu ty\u00f6k\u00e4nnyk\u00e4ll\u00e4 ty\u00f6paikan OneDriveen sis\u00e4lle, mik\u00e4li et viel\u00e4 ole kirjautunut. Klikkaa k\u00e4nnyk\u00e4ll\u00e4 \u201dOneDrive\u201d kuvaketta (huom k\u00e4yt\u00e4 ty\u00f6profiilia). 3. Valitse se kansio omasta OneDrivesta, johon haluat skannauksen tallentaa.4. [&hellip;]","_links":{"self":[{"href":"https:\/\/blogit.gradia.fi\/digipalvelut\/wp-json\/wp\/v2\/pages\/1802","targetHints":{"allow":["GET"]}}],"collection":[{"href":"https:\/\/blogit.gradia.fi\/digipalvelut\/wp-json\/wp\/v2\/pages"}],"about":[{"href":"https:\/\/blogit.gradia.fi\/digipalvelut\/wp-json\/wp\/v2\/types\/page"}],"author":[{"embeddable":true,"href":"https:\/\/blogit.gradia.fi\/digipalvelut\/wp-json\/wp\/v2\/users\/165"}],"replies":[{"embeddable":true,"href":"https:\/\/blogit.gradia.fi\/digipalvelut\/wp-json\/wp\/v2\/comments?post=1802"}],"version-history":[{"count":3,"href":"https:\/\/blogit.gradia.fi\/digipalvelut\/wp-json\/wp\/v2\/pages\/1802\/revisions"}],"predecessor-version":[{"id":1807,"href":"https:\/\/blogit.gradia.fi\/digipalvelut\/wp-json\/wp\/v2\/pages\/1802\/revisions\/1807"}],"up":[{"embeddable":true,"href":"https:\/\/blogit.gradia.fi\/digipalvelut\/wp-json\/wp\/v2\/pages\/73"}],"wp:attachment":[{"href":"https:\/\/blogit.gradia.fi\/digipalvelut\/wp-json\/wp\/v2\/media?parent=1802"}],"curies":[{"name":"wp","href":"https:\/\/api.w.org\/{rel}","templated":true}]}}