{"id":1763,"date":"2020-03-24T14:45:35","date_gmt":"2020-03-24T12:45:35","guid":{"rendered":"https:\/\/blogit.gradia.fi\/digipalvelut\/?page_id=1763"},"modified":"2020-03-24T17:19:40","modified_gmt":"2020-03-24T15:19:40","slug":"nayttokaappausvideon-tekeminen-powerpointilla","status":"publish","type":"page","link":"https:\/\/blogit.gradia.fi\/digipalvelut\/ohjeita-ja-vinkkeja\/office-365\/nayttokaappausvideon-tekeminen-powerpointilla\/","title":{"rendered":"N\u00e4ytt\u00f6kaappausvideon tekeminen PowerPointilla"},"content":{"rendered":"\n<p>PowerPointilla voit tehd\u00e4 helposti n\u00e4ytt\u00f6kaappausvideoita. T\u00e4ll\u00e4 tavalla voit tallentaa ohjeita esimerkiksi sovellusten k\u00e4yt\u00f6st\u00e4 tai vaikka selostaa omaa PowerPointiasi nauhoitteeksi.<\/p>\n\n\n\n<h2 class=\"wp-block-heading\">Ohje tallenteen tekemiseen<\/h2>\n\n\n\n<ol class=\"wp-block-list\"><li>Avaa verkkosivu tai tiedosto, josta haluat tallenteen tehd\u00e4<\/li><li>Avaa t\u00e4m\u00e4n j\u00e4lkeen tyhj\u00e4 powerpoint<\/li><li>mene Lis\u00e4\u00e4 -v\u00e4lilehdelle ja valitse Mediatiedostot -kohdasta N\u00e4ytt\u00f6tallenne (oik. laita)<br><img fetchpriority=\"high\" decoding=\"async\" width=\"1263\" height=\"138\" class=\"wp-image-1768\" style=\"width: 550px\" src=\"https:\/\/blogit.gradia.fi\/digipalvelut\/wp-content\/uploads\/sites\/99\/2020\/03\/Powerpoint-v\u00e4lilehdet.jpg\" alt=\"PowerPointin v\u00e4lilehdet\" srcset=\"https:\/\/blogit.gradia.fi\/digipalvelut\/wp-content\/uploads\/sites\/99\/2020\/03\/Powerpoint-v\u00e4lilehdet.jpg 1263w, https:\/\/blogit.gradia.fi\/digipalvelut\/wp-content\/uploads\/sites\/99\/2020\/03\/Powerpoint-v\u00e4lilehdet-300x33.jpg 300w, https:\/\/blogit.gradia.fi\/digipalvelut\/wp-content\/uploads\/sites\/99\/2020\/03\/Powerpoint-v\u00e4lilehdet-1024x112.jpg 1024w, https:\/\/blogit.gradia.fi\/digipalvelut\/wp-content\/uploads\/sites\/99\/2020\/03\/Powerpoint-v\u00e4lilehdet-768x84.jpg 768w, https:\/\/blogit.gradia.fi\/digipalvelut\/wp-content\/uploads\/sites\/99\/2020\/03\/Powerpoint-v\u00e4lilehdet-620x68.jpg 620w\" sizes=\"(max-width: 1263px) 100vw, 1263px\" \/><\/li><li>Rajaa alue, jonka haluat n\u00e4kyv\u00e4n tallenteena<\/li><li>Aloita ja p\u00e4\u00e4t\u00e4 tallentaminen ohjelman ohjeen mukaan <ol><li>Aloita nauhoitus Windows -lippu + vaihto + R<\/li><li>Lopeta nauhoitus Windows -lippu + vaihto + Q<br><br><img decoding=\"async\" width=\"1029\" height=\"579\" class=\"wp-image-1771\" style=\"width: 500px\" src=\"https:\/\/blogit.gradia.fi\/digipalvelut\/wp-content\/uploads\/sites\/99\/2020\/03\/pptx-kuvankaappaus.png\" alt=\"\" srcset=\"https:\/\/blogit.gradia.fi\/digipalvelut\/wp-content\/uploads\/sites\/99\/2020\/03\/pptx-kuvankaappaus.png 1029w, https:\/\/blogit.gradia.fi\/digipalvelut\/wp-content\/uploads\/sites\/99\/2020\/03\/pptx-kuvankaappaus-300x169.png 300w, https:\/\/blogit.gradia.fi\/digipalvelut\/wp-content\/uploads\/sites\/99\/2020\/03\/pptx-kuvankaappaus-1024x576.png 1024w, https:\/\/blogit.gradia.fi\/digipalvelut\/wp-content\/uploads\/sites\/99\/2020\/03\/pptx-kuvankaappaus-768x432.png 768w, https:\/\/blogit.gradia.fi\/digipalvelut\/wp-content\/uploads\/sites\/99\/2020\/03\/pptx-kuvankaappaus-620x349.png 620w\" sizes=\"(max-width: 1029px) 100vw, 1029px\" \/><\/li><\/ol><\/li><li>Tallennuksen p\u00e4\u00e4tytty\u00e4 video tulee avoinna olleeseen PowerPointiin, josta voit tallentaa sen esimerkiksi OneDriveen klikkaamalla hiiren oikeaa painiketta ja valitsemalla tallenna media. Videon voit tallentaa my\u00f6s oppilaitoksen Streamiin tai halutessasi YouTubeen ja jakaa sen sielt\u00e4 linkin avulla oppimisymp\u00e4rist\u00f6\u00f6n.<\/li><\/ol>\n\n\n\n<hr class=\"wp-block-separator\" \/>\n\n\n\n<figure class=\"wp-block-embed-youtube wp-block-embed is-type-video is-provider-youtube wp-embed-aspect-16-9 wp-has-aspect-ratio\"><div class=\"wp-block-embed__wrapper\">\n<iframe title=\"N\u00e4ytt\u00f6tallenne video PowerPointilla\" width=\"750\" height=\"422\" src=\"https:\/\/www.youtube.com\/embed\/Y4kY-KD_RvY?feature=oembed\" frameborder=\"0\" allow=\"accelerometer; autoplay; clipboard-write; encrypted-media; gyroscope; picture-in-picture; web-share\" allowfullscreen><\/iframe>\n<\/div><\/figure>\n","protected":false},"excerpt":{"rendered":"<p>PowerPointilla voit tehd\u00e4 helposti n\u00e4ytt\u00f6kaappausvideoita. T\u00e4ll\u00e4 tavalla voit tallentaa ohjeita esimerkiksi sovellusten k\u00e4yt\u00f6st\u00e4 tai vaikka selostaa omaa PowerPointiasi nauhoitteeksi. Ohje tallenteen tekemiseen Avaa verkkosivu tai tiedosto, josta haluat tallenteen tehd\u00e4 Avaa t\u00e4m\u00e4n j\u00e4lkeen tyhj\u00e4 powerpoint mene Lis\u00e4\u00e4 -v\u00e4lilehdelle ja valitse Mediatiedostot -kohdasta N\u00e4ytt\u00f6tallenne (oik. laita) Rajaa alue, jonka haluat n\u00e4kyv\u00e4n [&hellip;]<\/p>\n","protected":false},"author":165,"featured_media":0,"parent":73,"menu_order":0,"comment_status":"closed","ping_status":"closed","template":"","meta":{"_uag_custom_page_level_css":"","footnotes":""},"class_list":["post-1763","page","type-page","status-publish","hentry"],"yoast_head":"<!-- This site is optimized with the Yoast SEO plugin v27.4 - https:\/\/yoast.com\/product\/yoast-seo-wordpress\/ -->\n<title>N\u00e4ytt\u00f6kaappausvideon tekeminen PowerPointilla - Gradia Digipalvelut<\/title>\n<meta name=\"robots\" content=\"index, follow, max-snippet:-1, max-image-preview:large, max-video-preview:-1\" \/>\n<link rel=\"canonical\" href=\"https:\/\/blogit.gradia.fi\/digipalvelut\/ohjeita-ja-vinkkeja\/office-365\/nayttokaappausvideon-tekeminen-powerpointilla\/\" \/>\n<meta property=\"og:locale\" content=\"fi_FI\" \/>\n<meta property=\"og:type\" content=\"article\" \/>\n<meta property=\"og:title\" content=\"N\u00e4ytt\u00f6kaappausvideon tekeminen PowerPointilla - Gradia Digipalvelut\" \/>\n<meta property=\"og:description\" content=\"PowerPointilla voit tehd\u00e4 helposti n\u00e4ytt\u00f6kaappausvideoita. T\u00e4ll\u00e4 tavalla voit tallentaa ohjeita esimerkiksi sovellusten k\u00e4yt\u00f6st\u00e4 tai vaikka selostaa omaa PowerPointiasi nauhoitteeksi. Ohje tallenteen tekemiseen Avaa verkkosivu tai tiedosto, josta haluat tallenteen tehd\u00e4 Avaa t\u00e4m\u00e4n j\u00e4lkeen tyhj\u00e4 powerpoint mene Lis\u00e4\u00e4 -v\u00e4lilehdelle ja valitse Mediatiedostot -kohdasta N\u00e4ytt\u00f6tallenne (oik. laita) Rajaa alue, jonka haluat n\u00e4kyv\u00e4n [&hellip;]\" \/>\n<meta property=\"og:url\" content=\"https:\/\/blogit.gradia.fi\/digipalvelut\/ohjeita-ja-vinkkeja\/office-365\/nayttokaappausvideon-tekeminen-powerpointilla\/\" \/>\n<meta property=\"og:site_name\" content=\"Gradia Digipalvelut\" \/>\n<meta property=\"article:modified_time\" content=\"2020-03-24T15:19:40+00:00\" \/>\n<meta property=\"og:image\" content=\"https:\/\/blogit.gradia.fi\/digipalvelut\/wp-content\/uploads\/sites\/99\/2020\/03\/Powerpoint-v\u00e4lilehdet.jpg\" \/>\n<meta name=\"twitter:card\" content=\"summary_large_image\" \/>\n<meta name=\"twitter:label1\" content=\"Arvioitu lukuaika\" \/>\n\t<meta name=\"twitter:data1\" content=\"1 minuutti\" \/>\n<script type=\"application\/ld+json\" class=\"yoast-schema-graph\">{\"@context\":\"https:\\\/\\\/schema.org\",\"@graph\":[{\"@type\":\"WebPage\",\"@id\":\"https:\\\/\\\/blogit.gradia.fi\\\/digipalvelut\\\/ohjeita-ja-vinkkeja\\\/office-365\\\/nayttokaappausvideon-tekeminen-powerpointilla\\\/\",\"url\":\"https:\\\/\\\/blogit.gradia.fi\\\/digipalvelut\\\/ohjeita-ja-vinkkeja\\\/office-365\\\/nayttokaappausvideon-tekeminen-powerpointilla\\\/\",\"name\":\"N\u00e4ytt\u00f6kaappausvideon tekeminen PowerPointilla - Gradia Digipalvelut\",\"isPartOf\":{\"@id\":\"https:\\\/\\\/blogit.gradia.fi\\\/digipalvelut\\\/#website\"},\"primaryImageOfPage\":{\"@id\":\"https:\\\/\\\/blogit.gradia.fi\\\/digipalvelut\\\/ohjeita-ja-vinkkeja\\\/office-365\\\/nayttokaappausvideon-tekeminen-powerpointilla\\\/#primaryimage\"},\"image\":{\"@id\":\"https:\\\/\\\/blogit.gradia.fi\\\/digipalvelut\\\/ohjeita-ja-vinkkeja\\\/office-365\\\/nayttokaappausvideon-tekeminen-powerpointilla\\\/#primaryimage\"},\"thumbnailUrl\":\"https:\\\/\\\/blogit.gradia.fi\\\/digipalvelut\\\/wp-content\\\/uploads\\\/sites\\\/99\\\/2020\\\/03\\\/pptx-kuvankaappaus.png\",\"datePublished\":\"2020-03-24T12:45:35+00:00\",\"dateModified\":\"2020-03-24T15:19:40+00:00\",\"breadcrumb\":{\"@id\":\"https:\\\/\\\/blogit.gradia.fi\\\/digipalvelut\\\/ohjeita-ja-vinkkeja\\\/office-365\\\/nayttokaappausvideon-tekeminen-powerpointilla\\\/#breadcrumb\"},\"inLanguage\":\"fi\",\"potentialAction\":[{\"@type\":\"ReadAction\",\"target\":[\"https:\\\/\\\/blogit.gradia.fi\\\/digipalvelut\\\/ohjeita-ja-vinkkeja\\\/office-365\\\/nayttokaappausvideon-tekeminen-powerpointilla\\\/\"]}]},{\"@type\":\"ImageObject\",\"inLanguage\":\"fi\",\"@id\":\"https:\\\/\\\/blogit.gradia.fi\\\/digipalvelut\\\/ohjeita-ja-vinkkeja\\\/office-365\\\/nayttokaappausvideon-tekeminen-powerpointilla\\\/#primaryimage\",\"url\":\"https:\\\/\\\/blogit.gradia.fi\\\/digipalvelut\\\/wp-content\\\/uploads\\\/sites\\\/99\\\/2020\\\/03\\\/pptx-kuvankaappaus.png\",\"contentUrl\":\"https:\\\/\\\/blogit.gradia.fi\\\/digipalvelut\\\/wp-content\\\/uploads\\\/sites\\\/99\\\/2020\\\/03\\\/pptx-kuvankaappaus.png\",\"width\":1029,\"height\":579},{\"@type\":\"BreadcrumbList\",\"@id\":\"https:\\\/\\\/blogit.gradia.fi\\\/digipalvelut\\\/ohjeita-ja-vinkkeja\\\/office-365\\\/nayttokaappausvideon-tekeminen-powerpointilla\\\/#breadcrumb\",\"itemListElement\":[{\"@type\":\"ListItem\",\"position\":1,\"name\":\"Ohjeita ja vinkkej\u00e4\",\"item\":\"https:\\\/\\\/blogit.gradia.fi\\\/digipalvelut\\\/ohjeita-ja-vinkkeja\\\/\"},{\"@type\":\"ListItem\",\"position\":2,\"name\":\"Office 365\",\"item\":\"https:\\\/\\\/blogit.gradia.fi\\\/digipalvelut\\\/ohjeita-ja-vinkkeja\\\/office-365\\\/\"},{\"@type\":\"ListItem\",\"position\":3,\"name\":\"N\u00e4ytt\u00f6kaappausvideon tekeminen PowerPointilla\"}]},{\"@type\":\"WebSite\",\"@id\":\"https:\\\/\\\/blogit.gradia.fi\\\/digipalvelut\\\/#website\",\"url\":\"https:\\\/\\\/blogit.gradia.fi\\\/digipalvelut\\\/\",\"name\":\"Gradia Digipalvelut\",\"description\":\"Astetta enemm\u00e4n digi\u00e4\",\"publisher\":{\"@id\":\"https:\\\/\\\/blogit.gradia.fi\\\/digipalvelut\\\/#organization\"},\"potentialAction\":[{\"@type\":\"SearchAction\",\"target\":{\"@type\":\"EntryPoint\",\"urlTemplate\":\"https:\\\/\\\/blogit.gradia.fi\\\/digipalvelut\\\/?s={search_term_string}\"},\"query-input\":{\"@type\":\"PropertyValueSpecification\",\"valueRequired\":true,\"valueName\":\"search_term_string\"}}],\"inLanguage\":\"fi\"},{\"@type\":\"Organization\",\"@id\":\"https:\\\/\\\/blogit.gradia.fi\\\/digipalvelut\\\/#organization\",\"name\":\"Gradia Digipalvelut\",\"url\":\"https:\\\/\\\/blogit.gradia.fi\\\/digipalvelut\\\/\",\"logo\":{\"@type\":\"ImageObject\",\"inLanguage\":\"fi\",\"@id\":\"https:\\\/\\\/blogit.gradia.fi\\\/digipalvelut\\\/#\\\/schema\\\/logo\\\/image\\\/\",\"url\":\"https:\\\/\\\/blogit.gradia.fi\\\/digipalvelut\\\/wp-content\\\/uploads\\\/sites\\\/99\\\/2019\\\/06\\\/cropped-Gradia_logo_Cyber_TRANSPARENT.png\",\"contentUrl\":\"https:\\\/\\\/blogit.gradia.fi\\\/digipalvelut\\\/wp-content\\\/uploads\\\/sites\\\/99\\\/2019\\\/06\\\/cropped-Gradia_logo_Cyber_TRANSPARENT.png\",\"width\":316,\"height\":382,\"caption\":\"Gradia Digipalvelut\"},\"image\":{\"@id\":\"https:\\\/\\\/blogit.gradia.fi\\\/digipalvelut\\\/#\\\/schema\\\/logo\\\/image\\\/\"}}]}<\/script>\n<!-- \/ Yoast SEO plugin. -->","yoast_head_json":{"title":"N\u00e4ytt\u00f6kaappausvideon tekeminen PowerPointilla - Gradia Digipalvelut","robots":{"index":"index","follow":"follow","max-snippet":"max-snippet:-1","max-image-preview":"max-image-preview:large","max-video-preview":"max-video-preview:-1"},"canonical":"https:\/\/blogit.gradia.fi\/digipalvelut\/ohjeita-ja-vinkkeja\/office-365\/nayttokaappausvideon-tekeminen-powerpointilla\/","og_locale":"fi_FI","og_type":"article","og_title":"N\u00e4ytt\u00f6kaappausvideon tekeminen PowerPointilla - Gradia Digipalvelut","og_description":"PowerPointilla voit tehd\u00e4 helposti n\u00e4ytt\u00f6kaappausvideoita. T\u00e4ll\u00e4 tavalla voit tallentaa ohjeita esimerkiksi sovellusten k\u00e4yt\u00f6st\u00e4 tai vaikka selostaa omaa PowerPointiasi nauhoitteeksi. Ohje tallenteen tekemiseen Avaa verkkosivu tai tiedosto, josta haluat tallenteen tehd\u00e4 Avaa t\u00e4m\u00e4n j\u00e4lkeen tyhj\u00e4 powerpoint mene Lis\u00e4\u00e4 -v\u00e4lilehdelle ja valitse Mediatiedostot -kohdasta N\u00e4ytt\u00f6tallenne (oik. laita) Rajaa alue, jonka haluat n\u00e4kyv\u00e4n [&hellip;]","og_url":"https:\/\/blogit.gradia.fi\/digipalvelut\/ohjeita-ja-vinkkeja\/office-365\/nayttokaappausvideon-tekeminen-powerpointilla\/","og_site_name":"Gradia Digipalvelut","article_modified_time":"2020-03-24T15:19:40+00:00","og_image":[{"url":"https:\/\/blogit.gradia.fi\/digipalvelut\/wp-content\/uploads\/sites\/99\/2020\/03\/Powerpoint-v\u00e4lilehdet.jpg","type":"","width":"","height":""}],"twitter_card":"summary_large_image","twitter_misc":{"Arvioitu lukuaika":"1 minuutti"},"schema":{"@context":"https:\/\/schema.org","@graph":[{"@type":"WebPage","@id":"https:\/\/blogit.gradia.fi\/digipalvelut\/ohjeita-ja-vinkkeja\/office-365\/nayttokaappausvideon-tekeminen-powerpointilla\/","url":"https:\/\/blogit.gradia.fi\/digipalvelut\/ohjeita-ja-vinkkeja\/office-365\/nayttokaappausvideon-tekeminen-powerpointilla\/","name":"N\u00e4ytt\u00f6kaappausvideon tekeminen PowerPointilla - Gradia Digipalvelut","isPartOf":{"@id":"https:\/\/blogit.gradia.fi\/digipalvelut\/#website"},"primaryImageOfPage":{"@id":"https:\/\/blogit.gradia.fi\/digipalvelut\/ohjeita-ja-vinkkeja\/office-365\/nayttokaappausvideon-tekeminen-powerpointilla\/#primaryimage"},"image":{"@id":"https:\/\/blogit.gradia.fi\/digipalvelut\/ohjeita-ja-vinkkeja\/office-365\/nayttokaappausvideon-tekeminen-powerpointilla\/#primaryimage"},"thumbnailUrl":"https:\/\/blogit.gradia.fi\/digipalvelut\/wp-content\/uploads\/sites\/99\/2020\/03\/pptx-kuvankaappaus.png","datePublished":"2020-03-24T12:45:35+00:00","dateModified":"2020-03-24T15:19:40+00:00","breadcrumb":{"@id":"https:\/\/blogit.gradia.fi\/digipalvelut\/ohjeita-ja-vinkkeja\/office-365\/nayttokaappausvideon-tekeminen-powerpointilla\/#breadcrumb"},"inLanguage":"fi","potentialAction":[{"@type":"ReadAction","target":["https:\/\/blogit.gradia.fi\/digipalvelut\/ohjeita-ja-vinkkeja\/office-365\/nayttokaappausvideon-tekeminen-powerpointilla\/"]}]},{"@type":"ImageObject","inLanguage":"fi","@id":"https:\/\/blogit.gradia.fi\/digipalvelut\/ohjeita-ja-vinkkeja\/office-365\/nayttokaappausvideon-tekeminen-powerpointilla\/#primaryimage","url":"https:\/\/blogit.gradia.fi\/digipalvelut\/wp-content\/uploads\/sites\/99\/2020\/03\/pptx-kuvankaappaus.png","contentUrl":"https:\/\/blogit.gradia.fi\/digipalvelut\/wp-content\/uploads\/sites\/99\/2020\/03\/pptx-kuvankaappaus.png","width":1029,"height":579},{"@type":"BreadcrumbList","@id":"https:\/\/blogit.gradia.fi\/digipalvelut\/ohjeita-ja-vinkkeja\/office-365\/nayttokaappausvideon-tekeminen-powerpointilla\/#breadcrumb","itemListElement":[{"@type":"ListItem","position":1,"name":"Ohjeita ja vinkkej\u00e4","item":"https:\/\/blogit.gradia.fi\/digipalvelut\/ohjeita-ja-vinkkeja\/"},{"@type":"ListItem","position":2,"name":"Office 365","item":"https:\/\/blogit.gradia.fi\/digipalvelut\/ohjeita-ja-vinkkeja\/office-365\/"},{"@type":"ListItem","position":3,"name":"N\u00e4ytt\u00f6kaappausvideon tekeminen PowerPointilla"}]},{"@type":"WebSite","@id":"https:\/\/blogit.gradia.fi\/digipalvelut\/#website","url":"https:\/\/blogit.gradia.fi\/digipalvelut\/","name":"Gradia Digipalvelut","description":"Astetta enemm\u00e4n digi\u00e4","publisher":{"@id":"https:\/\/blogit.gradia.fi\/digipalvelut\/#organization"},"potentialAction":[{"@type":"SearchAction","target":{"@type":"EntryPoint","urlTemplate":"https:\/\/blogit.gradia.fi\/digipalvelut\/?s={search_term_string}"},"query-input":{"@type":"PropertyValueSpecification","valueRequired":true,"valueName":"search_term_string"}}],"inLanguage":"fi"},{"@type":"Organization","@id":"https:\/\/blogit.gradia.fi\/digipalvelut\/#organization","name":"Gradia Digipalvelut","url":"https:\/\/blogit.gradia.fi\/digipalvelut\/","logo":{"@type":"ImageObject","inLanguage":"fi","@id":"https:\/\/blogit.gradia.fi\/digipalvelut\/#\/schema\/logo\/image\/","url":"https:\/\/blogit.gradia.fi\/digipalvelut\/wp-content\/uploads\/sites\/99\/2019\/06\/cropped-Gradia_logo_Cyber_TRANSPARENT.png","contentUrl":"https:\/\/blogit.gradia.fi\/digipalvelut\/wp-content\/uploads\/sites\/99\/2019\/06\/cropped-Gradia_logo_Cyber_TRANSPARENT.png","width":316,"height":382,"caption":"Gradia Digipalvelut"},"image":{"@id":"https:\/\/blogit.gradia.fi\/digipalvelut\/#\/schema\/logo\/image\/"}}]}},"uagb_featured_image_src":{"full":false,"thumbnail":false,"medium":false,"medium_large":false,"large":false,"1536x1536":false,"2048x2048":false,"hestia-blog":false},"uagb_author_info":{"display_name":"Heini Pennanen","author_link":"https:\/\/blogit.gradia.fi\/digipalvelut\/author\/pennahei\/"},"uagb_comment_info":0,"uagb_excerpt":"PowerPointilla voit tehd\u00e4 helposti n\u00e4ytt\u00f6kaappausvideoita. T\u00e4ll\u00e4 tavalla voit tallentaa ohjeita esimerkiksi sovellusten k\u00e4yt\u00f6st\u00e4 tai vaikka selostaa omaa PowerPointiasi nauhoitteeksi. Ohje tallenteen tekemiseen Avaa verkkosivu tai tiedosto, josta haluat tallenteen tehd\u00e4 Avaa t\u00e4m\u00e4n j\u00e4lkeen tyhj\u00e4 powerpoint mene Lis\u00e4\u00e4 -v\u00e4lilehdelle ja valitse Mediatiedostot -kohdasta N\u00e4ytt\u00f6tallenne (oik. laita) Rajaa alue, jonka haluat n\u00e4kyv\u00e4n [&hellip;]","_links":{"self":[{"href":"https:\/\/blogit.gradia.fi\/digipalvelut\/wp-json\/wp\/v2\/pages\/1763","targetHints":{"allow":["GET"]}}],"collection":[{"href":"https:\/\/blogit.gradia.fi\/digipalvelut\/wp-json\/wp\/v2\/pages"}],"about":[{"href":"https:\/\/blogit.gradia.fi\/digipalvelut\/wp-json\/wp\/v2\/types\/page"}],"author":[{"embeddable":true,"href":"https:\/\/blogit.gradia.fi\/digipalvelut\/wp-json\/wp\/v2\/users\/165"}],"replies":[{"embeddable":true,"href":"https:\/\/blogit.gradia.fi\/digipalvelut\/wp-json\/wp\/v2\/comments?post=1763"}],"version-history":[{"count":6,"href":"https:\/\/blogit.gradia.fi\/digipalvelut\/wp-json\/wp\/v2\/pages\/1763\/revisions"}],"predecessor-version":[{"id":1778,"href":"https:\/\/blogit.gradia.fi\/digipalvelut\/wp-json\/wp\/v2\/pages\/1763\/revisions\/1778"}],"up":[{"embeddable":true,"href":"https:\/\/blogit.gradia.fi\/digipalvelut\/wp-json\/wp\/v2\/pages\/73"}],"wp:attachment":[{"href":"https:\/\/blogit.gradia.fi\/digipalvelut\/wp-json\/wp\/v2\/media?parent=1763"}],"curies":[{"name":"wp","href":"https:\/\/api.w.org\/{rel}","templated":true}]}}