{"id":1569,"date":"2020-03-13T13:17:02","date_gmt":"2020-03-13T11:17:02","guid":{"rendered":"https:\/\/blogit.gradia.fi\/digipalvelut\/?page_id=1569"},"modified":"2020-09-30T10:49:14","modified_gmt":"2020-09-30T07:49:14","slug":"bigbluebutton-bbb","status":"publish","type":"page","link":"https:\/\/blogit.gradia.fi\/digipalvelut\/ohjeita-ja-vinkkeja\/moodle\/bigbluebutton-bbb\/","title":{"rendered":"BigBlueButton &#8211; BBB"},"content":{"rendered":"\n<p><strong>BigBlueButton&nbsp;(BBB)<\/strong>&nbsp;on Moodlen sis\u00e4ll\u00e4 toimiva et\u00e4opetuksen ja -ohjauksen ty\u00f6v\u00e4line. BBB l\u00f6ytyy Moodlesta aktiviteettina ja voidaan lis\u00e4t\u00e4, mille tahansa opintojaksolle. BBB toimii selaimessa eik\u00e4 vaadi mink\u00e4\u00e4n ohjelman asentamista.&nbsp;&nbsp;<\/p>\n\n\n\n<p>Sen avulla voit mm.&nbsp;<\/p>\n\n\n\n<ul class=\"wp-block-list\"><li>Pit\u00e4\u00e4 et\u00e4opetusta opiskelijoille jakaen esitysmateriaalia&nbsp;<\/li><li>Jakaa osallistujia pienempiin ryhmiin verkossa&nbsp;<\/li><li>Ohjata yht\u00e4 tai useampaa opiskelijaa&nbsp;<\/li><li>Tallentaa pit\u00e4m\u00e4\u00e4si opetusta&nbsp;<\/li><li>Tallentaa opiskelijoille kurssin tervetuloanauhoituksen&nbsp;&nbsp;<\/li><\/ul>\n\n\n\n<p>BigBlueButtonin&nbsp;tallenteet l\u00f6ytyv\u00e4t Moodlesta BBB-aktiviteetista. Tallenteet s\u00e4ilyv\u00e4t Moodlen sis\u00e4ll\u00e4, mutta niit\u00e4 ei voi ladata omalle koneellesi esim. Jatkoeditointia varten.&nbsp;&nbsp;<\/p>\n\n\n\n<p>Microsoft Officen&nbsp;Teams&nbsp;kokouksen k\u00e4ytt\u00f6\u00e4 suosittelemme tiimien v\u00e4liseen kokoustamiseen.&nbsp;&nbsp;<\/p>\n\n\n\n<p>Suosittelemme Chromium Edge, Chrome tai Firefox \u2013selaimia ja mobiililaitteilla Chromea tai Safaria.&nbsp;<\/p>\n\n\n\n<p><strong>Lue tarkemmin<\/strong><br><a href=\"#bbbasetukset\">BigBlueButtonin aktivoiminen<\/a><br><a href=\"#bbbkaytto\">BigBlueButton tilaan liittyminen<\/a><br>BigBlueButtonin perustoiminnallisuudet<br><a href=\"#breakoutroomit\">Breakout-huoneiden hy\u00f6dynt\u00e4minen<\/a><\/p>\n\n\n\n<p><\/p>\n\n\n\n<hr class=\"wp-block-separator\" \/>\n\n\n\n<h2 class=\"wp-block-heading\" id=\"bbbasetukset\">BigBlueButton (BBB) aktiviteetin asetukset<\/h2>\n\n\n\n<p>Lis\u00e4\u00e4 BBB \u2013aktiviteetti opintojaksollesi&nbsp; Moodlen opintojaksolla +Lis\u00e4\u00e4 aktiviteetti tai aineisto -painikkeella<\/p>\n\n\n\n<h3 class=\"wp-block-heading\"><strong>Asetukset<\/strong> <\/h3>\n\n\n\n<ol class=\"wp-block-list\"><li>Valitse k\u00e4ytt\u00f6tarkoituksen mukaan BBB aktiviteetin tyyppi&nbsp;<ul><li><strong>BBB \u2013tila&nbsp;Room\/activity&nbsp;with&nbsp;recordings<\/strong>&nbsp;=&gt; tila tallennuksille&nbsp;<\/li><li><strong>BBB \u2013tila&nbsp;Room\/activity&nbsp;only&nbsp;<\/strong>=&gt; BBB tila opetukselle&nbsp;<\/li><li>BBB-tila &#8221;recordings&nbsp;only&#8221; =&gt; BBB tila tallenteiden jakamiselle&nbsp;<\/li><\/ul><\/li><li> Anna nimi luokkatilalle (n\u00e4kyy opiskelijalle) <\/li><\/ol>\n\n\n\n<figure class=\"wp-block-image size-large\"><img fetchpriority=\"high\" decoding=\"async\" width=\"824\" height=\"437\" src=\"https:\/\/blogit.gradia.fi\/digipalvelut\/wp-content\/uploads\/sites\/99\/2020\/03\/yleiset-asetukset-BBB.png\" alt=\"\" class=\"wp-image-1571\" srcset=\"https:\/\/blogit.gradia.fi\/digipalvelut\/wp-content\/uploads\/sites\/99\/2020\/03\/yleiset-asetukset-BBB.png 824w, https:\/\/blogit.gradia.fi\/digipalvelut\/wp-content\/uploads\/sites\/99\/2020\/03\/yleiset-asetukset-BBB-300x159.png 300w, https:\/\/blogit.gradia.fi\/digipalvelut\/wp-content\/uploads\/sites\/99\/2020\/03\/yleiset-asetukset-BBB-768x407.png 768w, https:\/\/blogit.gradia.fi\/digipalvelut\/wp-content\/uploads\/sites\/99\/2020\/03\/yleiset-asetukset-BBB-620x329.png 620w\" sizes=\"(max-width: 824px) 100vw, 824px\" \/><\/figure>\n\n\n\n<p>3. Klikkaa n\u00e4yt\u00e4 lis\u00e4\u00e4<br>4. <strong>Activity\/Room&nbsp;settings<\/strong>&nbsp;\u2013valikossa voit kirjoittaa Tervetuloaviestin, jonka osallistujat n\u00e4kev\u00e4t liittyess\u00e4\u00e4n virtuaaliluokkahuoneeseen.&nbsp; Aktivoimalla &#8221;odota moderaattoria&#8221;&nbsp; liittyv\u00e4t opiskelijat eiv\u00e4t p\u00e4\u00e4se virtuaaliluokkahuoneeseen sis\u00e4\u00e4n ennen kuin m\u00e4\u00e4ritetty moderaattori (yleens\u00e4 opettaja) on liittynyt istuntoon.&nbsp;<br><\/p>\n\n\n\n<figure class=\"wp-block-image size-large\"><img decoding=\"async\" width=\"867\" height=\"287\" src=\"https:\/\/blogit.gradia.fi\/digipalvelut\/wp-content\/uploads\/sites\/99\/2020\/03\/activity-settings.png\" alt=\"\" class=\"wp-image-1575\" srcset=\"https:\/\/blogit.gradia.fi\/digipalvelut\/wp-content\/uploads\/sites\/99\/2020\/03\/activity-settings.png 867w, https:\/\/blogit.gradia.fi\/digipalvelut\/wp-content\/uploads\/sites\/99\/2020\/03\/activity-settings-300x99.png 300w, https:\/\/blogit.gradia.fi\/digipalvelut\/wp-content\/uploads\/sites\/99\/2020\/03\/activity-settings-768x254.png 768w, https:\/\/blogit.gradia.fi\/digipalvelut\/wp-content\/uploads\/sites\/99\/2020\/03\/activity-settings-620x205.png 620w\" sizes=\"(max-width: 867px) 100vw, 867px\" \/><\/figure>\n\n\n\n<p>5.  <strong>Osallistujat \u2013<\/strong>valikossa voit m\u00e4\u00e4ritell\u00e4 valmiiksi, millaiset ominaisuudet istuntoon liittyv\u00e4t henkil\u00f6t saavat. Oletuksena kaikki muut kurssilla olijat kuin opettaja \u2013roolilla olevat liittyv\u00e4t katselijana. Opettaja \u2013roolilla olevat liittyv\u00e4t moderaattoreina.&nbsp; <\/p>\n\n\n\n<figure class=\"wp-block-image size-large\"><img decoding=\"async\" width=\"947\" height=\"285\" src=\"https:\/\/blogit.gradia.fi\/digipalvelut\/wp-content\/uploads\/sites\/99\/2020\/03\/osallistujat-asetukset.png\" alt=\"\" class=\"wp-image-1577\" srcset=\"https:\/\/blogit.gradia.fi\/digipalvelut\/wp-content\/uploads\/sites\/99\/2020\/03\/osallistujat-asetukset.png 947w, https:\/\/blogit.gradia.fi\/digipalvelut\/wp-content\/uploads\/sites\/99\/2020\/03\/osallistujat-asetukset-300x90.png 300w, https:\/\/blogit.gradia.fi\/digipalvelut\/wp-content\/uploads\/sites\/99\/2020\/03\/osallistujat-asetukset-768x231.png 768w, https:\/\/blogit.gradia.fi\/digipalvelut\/wp-content\/uploads\/sites\/99\/2020\/03\/osallistujat-asetukset-620x187.png 620w\" sizes=\"(max-width: 947px) 100vw, 947px\" \/><\/figure>\n\n\n\n<p>6.  <strong>Istunnon aikataulu<\/strong>&nbsp;\u2013valikossa voit halutessasi ajastaa BBB-aktiviteetin k\u00e4yt\u00f6n. Oletuksena toimintoa ei ole ajastettu.&nbsp;&nbsp; <\/p>\n\n\n\n<figure class=\"wp-block-image size-large\"><img loading=\"lazy\" decoding=\"async\" width=\"955\" height=\"156\" src=\"https:\/\/blogit.gradia.fi\/digipalvelut\/wp-content\/uploads\/sites\/99\/2020\/03\/istunnon-aikataulu-asetukset.png\" alt=\"\" class=\"wp-image-1578\" srcset=\"https:\/\/blogit.gradia.fi\/digipalvelut\/wp-content\/uploads\/sites\/99\/2020\/03\/istunnon-aikataulu-asetukset.png 955w, https:\/\/blogit.gradia.fi\/digipalvelut\/wp-content\/uploads\/sites\/99\/2020\/03\/istunnon-aikataulu-asetukset-300x49.png 300w, https:\/\/blogit.gradia.fi\/digipalvelut\/wp-content\/uploads\/sites\/99\/2020\/03\/istunnon-aikataulu-asetukset-768x125.png 768w, https:\/\/blogit.gradia.fi\/digipalvelut\/wp-content\/uploads\/sites\/99\/2020\/03\/istunnon-aikataulu-asetukset-620x101.png 620w\" sizes=\"(max-width: 955px) 100vw, 955px\" \/><\/figure>\n\n\n\n<p>7.  Moduulien yleisiss\u00e4 asetuksissa voit tehd\u00e4 Moodle \u2013aktiviteettien  rajoitukset, kuten ryhmien k\u00e4yt\u00f6n sek\u00e4 aktivoida opiskelijoiden  edistymisen seurannan halutessasi k\u00e4ytt\u00f6\u00f6n. <br>8.  Valitse&nbsp;<strong>tallenna ja n\u00e4yt\u00e4<\/strong> <\/p>\n\n\n\n<figure class=\"wp-block-embed-youtube wp-block-embed is-type-video is-provider-youtube wp-embed-aspect-16-9 wp-has-aspect-ratio\"><div class=\"wp-block-embed__wrapper\">\n<iframe title=\"BBB aktiviteetin lis\u00e4\u00e4minen\" width=\"750\" height=\"422\" src=\"https:\/\/www.youtube.com\/embed\/twHMeu4NSYk?feature=oembed\" frameborder=\"0\" allow=\"accelerometer; autoplay; clipboard-write; encrypted-media; gyroscope; picture-in-picture; web-share\" allowfullscreen><\/iframe>\n<\/div><\/figure>\n\n\n\n<hr class=\"wp-block-separator\" \/>\n\n\n\n<h2 class=\"wp-block-heading\" id=\"bbbkaytto\">BigBlueButton ty\u00f6tilaan liittyminen<\/h2>\n\n\n\n<ol class=\"wp-block-list\"><li>Avaa BBB -aktiviteetti klikkaamalla BBB-ty\u00f6tilan nime\u00e4 opintojaksolla<\/li><li>Valitse <strong>liity istuntoon<\/strong><\/li><\/ol>\n\n\n\n<div class=\"wp-block-image\"><figure class=\"aligncenter size-large is-resized\"><img loading=\"lazy\" decoding=\"async\" src=\"https:\/\/blogit.gradia.fi\/digipalvelut\/wp-content\/uploads\/sites\/99\/2020\/03\/testity\u00f6tila-BBB.png\" alt=\"\" class=\"wp-image-1580\" width=\"313\" height=\"243\" srcset=\"https:\/\/blogit.gradia.fi\/digipalvelut\/wp-content\/uploads\/sites\/99\/2020\/03\/testity\u00f6tila-BBB.png 417w, https:\/\/blogit.gradia.fi\/digipalvelut\/wp-content\/uploads\/sites\/99\/2020\/03\/testity\u00f6tila-BBB-300x233.png 300w\" sizes=\"(max-width: 313px) 100vw, 313px\" \/><\/figure><\/div>\n\n\n\n<p>3. Valitse osallistutko virtuaaliluokkahuoneen opetukseen mikrofonin kanssa (mikrofonikuvake) vai vaan pelk\u00e4st\u00e4\u00e4n kuuntelijana. <strong>Suosittelemme osallistumaan mikrofonilla<\/strong>. N\u00e4ill\u00e4 asetuksilla voit mykist\u00e4\u00e4 mikrofonisi, mutta puhua tarvittaessa. <br><br>Mik\u00e4li valitset&nbsp;<strong>Listen&nbsp;only&nbsp;<\/strong>&nbsp;eli kuuloke \u2013kuvakkeen, et voi k\u00e4ytt\u00e4\u00e4 mikrofonia, vaan osallistua ainoastaan kuuntelijana sek\u00e4 kirjoittamalla&nbsp;chat&nbsp;&#8211; viestej\u00e4 tai yksityisviestej\u00e4 muille osallistujille.&nbsp;&nbsp; <\/p>\n\n\n\n<div class=\"wp-block-image\"><figure class=\"aligncenter size-large is-resized\"><img loading=\"lazy\" decoding=\"async\" src=\"https:\/\/blogit.gradia.fi\/digipalvelut\/wp-content\/uploads\/sites\/99\/2020\/03\/BBB-\u00e4\u00e4nivalinta-1024x525.png\" alt=\"\" class=\"wp-image-1581\" width=\"512\" height=\"263\" srcset=\"https:\/\/blogit.gradia.fi\/digipalvelut\/wp-content\/uploads\/sites\/99\/2020\/03\/BBB-\u00e4\u00e4nivalinta-1024x525.png 1024w, https:\/\/blogit.gradia.fi\/digipalvelut\/wp-content\/uploads\/sites\/99\/2020\/03\/BBB-\u00e4\u00e4nivalinta-300x154.png 300w, https:\/\/blogit.gradia.fi\/digipalvelut\/wp-content\/uploads\/sites\/99\/2020\/03\/BBB-\u00e4\u00e4nivalinta-768x394.png 768w, https:\/\/blogit.gradia.fi\/digipalvelut\/wp-content\/uploads\/sites\/99\/2020\/03\/BBB-\u00e4\u00e4nivalinta-620x318.png 620w, https:\/\/blogit.gradia.fi\/digipalvelut\/wp-content\/uploads\/sites\/99\/2020\/03\/BBB-\u00e4\u00e4nivalinta.png 1176w\" sizes=\"(max-width: 512px) 100vw, 512px\" \/><\/figure><\/div>\n\n\n\n<p>4. Testaa mikrofonisi \u00e4\u00e4net. Mik\u00e4li kuulet oman \u00e4\u00e4nesi, <strong>valitse Kyll\u00e4<\/strong>. Siirryt automaattisesti virtuaaliluokkahuoneeseen.&nbsp; <\/p>\n\n\n\n<div class=\"wp-block-image\"><figure class=\"aligncenter size-large is-resized\"><img loading=\"lazy\" decoding=\"async\" src=\"https:\/\/blogit.gradia.fi\/digipalvelut\/wp-content\/uploads\/sites\/99\/2020\/03\/mikrofonitesti.png\" alt=\"\" class=\"wp-image-1592\" width=\"405\" height=\"169\" \/><\/figure><\/div>\n\n\n\n<p>5.  Mik\u00e4li mikrofonisi ei toimi, <strong>valitse EI<\/strong> ja katso, ett\u00e4 sinulla on valittuna parhaillaan k\u00e4yt\u00f6ss\u00e4si oleva kuulokemikrofoni.&nbsp; <\/p>\n\n\n\n<div class=\"wp-block-image\"><figure class=\"aligncenter size-large is-resized\"><img loading=\"lazy\" decoding=\"async\" src=\"https:\/\/blogit.gradia.fi\/digipalvelut\/wp-content\/uploads\/sites\/99\/2020\/03\/vaihda-\u00e4\u00e4niasetuksiasi-BBB.png\" alt=\"\" class=\"wp-image-1594\" width=\"350\" height=\"181\" \/><\/figure><\/div>\n\n\n\n<p> &nbsp;6. Olet valmis aloittamaan BBB \u2013tilassa ty\u00f6skentelyn&nbsp; <\/p>\n\n\n\n<p>Katso tarkemmat ohjeet&nbsp;BigBlueButtonin&nbsp;helposta k\u00e4ytt\u00f6liittym\u00e4st\u00e4&nbsp;<a rel=\"noreferrer noopener\" href=\"https:\/\/ohjeet.mediamaisteri.com\/node\/340\" target=\"_blank\">Mediamaisterin ohjeista<\/a>. <\/p>\n\n\n\n<hr class=\"wp-block-separator\" \/>\n\n\n\n<h2 class=\"wp-block-heading\" id=\"breakoutroomit\">Breakout-pienryhm\u00e4tilat BBB:ssa<\/h2>\n\n\n\n<p>Alla olevalla ohjevideolla n\u00e4ytet\u00e4\u00e4n, kuinka voit luoda  BigBlueButtonissa pienryhm\u00e4tilat oppitunnillesi. Vaihtoehtoisesti voit lukea ohjeen Breakout-huoneista my\u00f6s <a rel=\"noreferrer noopener\" href=\"https:\/\/ohjeet.mediamaisteri.com\/node\/345\" target=\"_blank\">Mediamaisterin ohjeista<\/a> (linkki avautuu uuteen v\u00e4lilehteen).<\/p>\n\n\n\n<figure class=\"wp-block-embed-youtube wp-block-embed is-type-video is-provider-youtube wp-embed-aspect-16-9 wp-has-aspect-ratio\"><div class=\"wp-block-embed__wrapper\">\n<iframe title=\"BigBlueButtonin  Breakout-huoneiden k\u00e4ytt\u00f6\" width=\"750\" height=\"422\" src=\"https:\/\/www.youtube.com\/embed\/Dir2gCEVoSw?feature=oembed\" frameborder=\"0\" allow=\"accelerometer; autoplay; clipboard-write; encrypted-media; gyroscope; picture-in-picture; web-share\" allowfullscreen><\/iframe>\n<\/div><\/figure>\n","protected":false},"excerpt":{"rendered":"<p>BigBlueButton&nbsp;(BBB)&nbsp;on Moodlen sis\u00e4ll\u00e4 toimiva et\u00e4opetuksen ja -ohjauksen ty\u00f6v\u00e4line. BBB l\u00f6ytyy Moodlesta aktiviteettina ja voidaan lis\u00e4t\u00e4, mille tahansa opintojaksolle. BBB toimii selaimessa eik\u00e4 vaadi mink\u00e4\u00e4n ohjelman asentamista.&nbsp;&nbsp; Sen avulla voit mm.&nbsp; Pit\u00e4\u00e4 et\u00e4opetusta opiskelijoille jakaen esitysmateriaalia&nbsp; Jakaa osallistujia pienempiin ryhmiin verkossa&nbsp; Ohjata yht\u00e4 tai useampaa opiskelijaa&nbsp; Tallentaa pit\u00e4m\u00e4\u00e4si opetusta&nbsp; Tallentaa opiskelijoille [&hellip;]<\/p>\n","protected":false},"author":165,"featured_media":0,"parent":76,"menu_order":0,"comment_status":"closed","ping_status":"closed","template":"","meta":{"_uag_custom_page_level_css":"","footnotes":""},"class_list":["post-1569","page","type-page","status-publish","hentry"],"yoast_head":"<!-- This site is optimized with the Yoast SEO plugin v27.4 - https:\/\/yoast.com\/product\/yoast-seo-wordpress\/ -->\n<title>BigBlueButton - BBB - Gradia Digipalvelut<\/title>\n<meta name=\"robots\" content=\"index, follow, max-snippet:-1, max-image-preview:large, max-video-preview:-1\" \/>\n<link rel=\"canonical\" href=\"https:\/\/blogit.gradia.fi\/digipalvelut\/ohjeita-ja-vinkkeja\/moodle\/bigbluebutton-bbb\/\" \/>\n<meta property=\"og:locale\" content=\"fi_FI\" \/>\n<meta property=\"og:type\" content=\"article\" \/>\n<meta property=\"og:title\" content=\"BigBlueButton - BBB - Gradia Digipalvelut\" \/>\n<meta property=\"og:description\" content=\"BigBlueButton&nbsp;(BBB)&nbsp;on Moodlen sis\u00e4ll\u00e4 toimiva et\u00e4opetuksen ja -ohjauksen ty\u00f6v\u00e4line. BBB l\u00f6ytyy Moodlesta aktiviteettina ja voidaan lis\u00e4t\u00e4, mille tahansa opintojaksolle. BBB toimii selaimessa eik\u00e4 vaadi mink\u00e4\u00e4n ohjelman asentamista.&nbsp;&nbsp; Sen avulla voit mm.&nbsp; Pit\u00e4\u00e4 et\u00e4opetusta opiskelijoille jakaen esitysmateriaalia&nbsp; Jakaa osallistujia pienempiin ryhmiin verkossa&nbsp; Ohjata yht\u00e4 tai useampaa opiskelijaa&nbsp; Tallentaa pit\u00e4m\u00e4\u00e4si opetusta&nbsp; Tallentaa opiskelijoille [&hellip;]\" \/>\n<meta property=\"og:url\" content=\"https:\/\/blogit.gradia.fi\/digipalvelut\/ohjeita-ja-vinkkeja\/moodle\/bigbluebutton-bbb\/\" \/>\n<meta property=\"og:site_name\" content=\"Gradia Digipalvelut\" \/>\n<meta property=\"article:modified_time\" content=\"2020-09-30T07:49:14+00:00\" \/>\n<meta property=\"og:image\" content=\"https:\/\/blogit.gradia.fi\/digipalvelut\/wp-content\/uploads\/sites\/99\/2020\/03\/yleiset-asetukset-BBB.png\" \/>\n<meta name=\"twitter:card\" content=\"summary_large_image\" \/>\n<meta name=\"twitter:label1\" content=\"Arvioitu lukuaika\" \/>\n\t<meta name=\"twitter:data1\" content=\"3 minuuttia\" \/>\n<script type=\"application\/ld+json\" class=\"yoast-schema-graph\">{\"@context\":\"https:\\\/\\\/schema.org\",\"@graph\":[{\"@type\":\"WebPage\",\"@id\":\"https:\\\/\\\/blogit.gradia.fi\\\/digipalvelut\\\/ohjeita-ja-vinkkeja\\\/moodle\\\/bigbluebutton-bbb\\\/\",\"url\":\"https:\\\/\\\/blogit.gradia.fi\\\/digipalvelut\\\/ohjeita-ja-vinkkeja\\\/moodle\\\/bigbluebutton-bbb\\\/\",\"name\":\"BigBlueButton - BBB - Gradia Digipalvelut\",\"isPartOf\":{\"@id\":\"https:\\\/\\\/blogit.gradia.fi\\\/digipalvelut\\\/#website\"},\"primaryImageOfPage\":{\"@id\":\"https:\\\/\\\/blogit.gradia.fi\\\/digipalvelut\\\/ohjeita-ja-vinkkeja\\\/moodle\\\/bigbluebutton-bbb\\\/#primaryimage\"},\"image\":{\"@id\":\"https:\\\/\\\/blogit.gradia.fi\\\/digipalvelut\\\/ohjeita-ja-vinkkeja\\\/moodle\\\/bigbluebutton-bbb\\\/#primaryimage\"},\"thumbnailUrl\":\"https:\\\/\\\/blogit.gradia.fi\\\/digipalvelut\\\/wp-content\\\/uploads\\\/sites\\\/99\\\/2020\\\/03\\\/yleiset-asetukset-BBB.png\",\"datePublished\":\"2020-03-13T11:17:02+00:00\",\"dateModified\":\"2020-09-30T07:49:14+00:00\",\"breadcrumb\":{\"@id\":\"https:\\\/\\\/blogit.gradia.fi\\\/digipalvelut\\\/ohjeita-ja-vinkkeja\\\/moodle\\\/bigbluebutton-bbb\\\/#breadcrumb\"},\"inLanguage\":\"fi\",\"potentialAction\":[{\"@type\":\"ReadAction\",\"target\":[\"https:\\\/\\\/blogit.gradia.fi\\\/digipalvelut\\\/ohjeita-ja-vinkkeja\\\/moodle\\\/bigbluebutton-bbb\\\/\"]}]},{\"@type\":\"ImageObject\",\"inLanguage\":\"fi\",\"@id\":\"https:\\\/\\\/blogit.gradia.fi\\\/digipalvelut\\\/ohjeita-ja-vinkkeja\\\/moodle\\\/bigbluebutton-bbb\\\/#primaryimage\",\"url\":\"https:\\\/\\\/blogit.gradia.fi\\\/digipalvelut\\\/wp-content\\\/uploads\\\/sites\\\/99\\\/2020\\\/03\\\/yleiset-asetukset-BBB.png\",\"contentUrl\":\"https:\\\/\\\/blogit.gradia.fi\\\/digipalvelut\\\/wp-content\\\/uploads\\\/sites\\\/99\\\/2020\\\/03\\\/yleiset-asetukset-BBB.png\",\"width\":824,\"height\":437},{\"@type\":\"BreadcrumbList\",\"@id\":\"https:\\\/\\\/blogit.gradia.fi\\\/digipalvelut\\\/ohjeita-ja-vinkkeja\\\/moodle\\\/bigbluebutton-bbb\\\/#breadcrumb\",\"itemListElement\":[{\"@type\":\"ListItem\",\"position\":1,\"name\":\"Ohjeita ja vinkkej\u00e4\",\"item\":\"https:\\\/\\\/blogit.gradia.fi\\\/digipalvelut\\\/ohjeita-ja-vinkkeja\\\/\"},{\"@type\":\"ListItem\",\"position\":2,\"name\":\"Moodle\",\"item\":\"https:\\\/\\\/blogit.gradia.fi\\\/digipalvelut\\\/ohjeita-ja-vinkkeja\\\/moodle\\\/\"},{\"@type\":\"ListItem\",\"position\":3,\"name\":\"BigBlueButton &#8211; BBB\"}]},{\"@type\":\"WebSite\",\"@id\":\"https:\\\/\\\/blogit.gradia.fi\\\/digipalvelut\\\/#website\",\"url\":\"https:\\\/\\\/blogit.gradia.fi\\\/digipalvelut\\\/\",\"name\":\"Gradia Digipalvelut\",\"description\":\"Astetta enemm\u00e4n digi\u00e4\",\"publisher\":{\"@id\":\"https:\\\/\\\/blogit.gradia.fi\\\/digipalvelut\\\/#organization\"},\"potentialAction\":[{\"@type\":\"SearchAction\",\"target\":{\"@type\":\"EntryPoint\",\"urlTemplate\":\"https:\\\/\\\/blogit.gradia.fi\\\/digipalvelut\\\/?s={search_term_string}\"},\"query-input\":{\"@type\":\"PropertyValueSpecification\",\"valueRequired\":true,\"valueName\":\"search_term_string\"}}],\"inLanguage\":\"fi\"},{\"@type\":\"Organization\",\"@id\":\"https:\\\/\\\/blogit.gradia.fi\\\/digipalvelut\\\/#organization\",\"name\":\"Gradia Digipalvelut\",\"url\":\"https:\\\/\\\/blogit.gradia.fi\\\/digipalvelut\\\/\",\"logo\":{\"@type\":\"ImageObject\",\"inLanguage\":\"fi\",\"@id\":\"https:\\\/\\\/blogit.gradia.fi\\\/digipalvelut\\\/#\\\/schema\\\/logo\\\/image\\\/\",\"url\":\"https:\\\/\\\/blogit.gradia.fi\\\/digipalvelut\\\/wp-content\\\/uploads\\\/sites\\\/99\\\/2019\\\/06\\\/cropped-Gradia_logo_Cyber_TRANSPARENT.png\",\"contentUrl\":\"https:\\\/\\\/blogit.gradia.fi\\\/digipalvelut\\\/wp-content\\\/uploads\\\/sites\\\/99\\\/2019\\\/06\\\/cropped-Gradia_logo_Cyber_TRANSPARENT.png\",\"width\":316,\"height\":382,\"caption\":\"Gradia Digipalvelut\"},\"image\":{\"@id\":\"https:\\\/\\\/blogit.gradia.fi\\\/digipalvelut\\\/#\\\/schema\\\/logo\\\/image\\\/\"}}]}<\/script>\n<!-- \/ Yoast SEO plugin. -->","yoast_head_json":{"title":"BigBlueButton - BBB - Gradia Digipalvelut","robots":{"index":"index","follow":"follow","max-snippet":"max-snippet:-1","max-image-preview":"max-image-preview:large","max-video-preview":"max-video-preview:-1"},"canonical":"https:\/\/blogit.gradia.fi\/digipalvelut\/ohjeita-ja-vinkkeja\/moodle\/bigbluebutton-bbb\/","og_locale":"fi_FI","og_type":"article","og_title":"BigBlueButton - BBB - Gradia Digipalvelut","og_description":"BigBlueButton&nbsp;(BBB)&nbsp;on Moodlen sis\u00e4ll\u00e4 toimiva et\u00e4opetuksen ja -ohjauksen ty\u00f6v\u00e4line. BBB l\u00f6ytyy Moodlesta aktiviteettina ja voidaan lis\u00e4t\u00e4, mille tahansa opintojaksolle. BBB toimii selaimessa eik\u00e4 vaadi mink\u00e4\u00e4n ohjelman asentamista.&nbsp;&nbsp; Sen avulla voit mm.&nbsp; Pit\u00e4\u00e4 et\u00e4opetusta opiskelijoille jakaen esitysmateriaalia&nbsp; Jakaa osallistujia pienempiin ryhmiin verkossa&nbsp; Ohjata yht\u00e4 tai useampaa opiskelijaa&nbsp; Tallentaa pit\u00e4m\u00e4\u00e4si opetusta&nbsp; Tallentaa opiskelijoille [&hellip;]","og_url":"https:\/\/blogit.gradia.fi\/digipalvelut\/ohjeita-ja-vinkkeja\/moodle\/bigbluebutton-bbb\/","og_site_name":"Gradia Digipalvelut","article_modified_time":"2020-09-30T07:49:14+00:00","og_image":[{"url":"https:\/\/blogit.gradia.fi\/digipalvelut\/wp-content\/uploads\/sites\/99\/2020\/03\/yleiset-asetukset-BBB.png","type":"","width":"","height":""}],"twitter_card":"summary_large_image","twitter_misc":{"Arvioitu lukuaika":"3 minuuttia"},"schema":{"@context":"https:\/\/schema.org","@graph":[{"@type":"WebPage","@id":"https:\/\/blogit.gradia.fi\/digipalvelut\/ohjeita-ja-vinkkeja\/moodle\/bigbluebutton-bbb\/","url":"https:\/\/blogit.gradia.fi\/digipalvelut\/ohjeita-ja-vinkkeja\/moodle\/bigbluebutton-bbb\/","name":"BigBlueButton - BBB - Gradia Digipalvelut","isPartOf":{"@id":"https:\/\/blogit.gradia.fi\/digipalvelut\/#website"},"primaryImageOfPage":{"@id":"https:\/\/blogit.gradia.fi\/digipalvelut\/ohjeita-ja-vinkkeja\/moodle\/bigbluebutton-bbb\/#primaryimage"},"image":{"@id":"https:\/\/blogit.gradia.fi\/digipalvelut\/ohjeita-ja-vinkkeja\/moodle\/bigbluebutton-bbb\/#primaryimage"},"thumbnailUrl":"https:\/\/blogit.gradia.fi\/digipalvelut\/wp-content\/uploads\/sites\/99\/2020\/03\/yleiset-asetukset-BBB.png","datePublished":"2020-03-13T11:17:02+00:00","dateModified":"2020-09-30T07:49:14+00:00","breadcrumb":{"@id":"https:\/\/blogit.gradia.fi\/digipalvelut\/ohjeita-ja-vinkkeja\/moodle\/bigbluebutton-bbb\/#breadcrumb"},"inLanguage":"fi","potentialAction":[{"@type":"ReadAction","target":["https:\/\/blogit.gradia.fi\/digipalvelut\/ohjeita-ja-vinkkeja\/moodle\/bigbluebutton-bbb\/"]}]},{"@type":"ImageObject","inLanguage":"fi","@id":"https:\/\/blogit.gradia.fi\/digipalvelut\/ohjeita-ja-vinkkeja\/moodle\/bigbluebutton-bbb\/#primaryimage","url":"https:\/\/blogit.gradia.fi\/digipalvelut\/wp-content\/uploads\/sites\/99\/2020\/03\/yleiset-asetukset-BBB.png","contentUrl":"https:\/\/blogit.gradia.fi\/digipalvelut\/wp-content\/uploads\/sites\/99\/2020\/03\/yleiset-asetukset-BBB.png","width":824,"height":437},{"@type":"BreadcrumbList","@id":"https:\/\/blogit.gradia.fi\/digipalvelut\/ohjeita-ja-vinkkeja\/moodle\/bigbluebutton-bbb\/#breadcrumb","itemListElement":[{"@type":"ListItem","position":1,"name":"Ohjeita ja vinkkej\u00e4","item":"https:\/\/blogit.gradia.fi\/digipalvelut\/ohjeita-ja-vinkkeja\/"},{"@type":"ListItem","position":2,"name":"Moodle","item":"https:\/\/blogit.gradia.fi\/digipalvelut\/ohjeita-ja-vinkkeja\/moodle\/"},{"@type":"ListItem","position":3,"name":"BigBlueButton &#8211; BBB"}]},{"@type":"WebSite","@id":"https:\/\/blogit.gradia.fi\/digipalvelut\/#website","url":"https:\/\/blogit.gradia.fi\/digipalvelut\/","name":"Gradia Digipalvelut","description":"Astetta enemm\u00e4n digi\u00e4","publisher":{"@id":"https:\/\/blogit.gradia.fi\/digipalvelut\/#organization"},"potentialAction":[{"@type":"SearchAction","target":{"@type":"EntryPoint","urlTemplate":"https:\/\/blogit.gradia.fi\/digipalvelut\/?s={search_term_string}"},"query-input":{"@type":"PropertyValueSpecification","valueRequired":true,"valueName":"search_term_string"}}],"inLanguage":"fi"},{"@type":"Organization","@id":"https:\/\/blogit.gradia.fi\/digipalvelut\/#organization","name":"Gradia Digipalvelut","url":"https:\/\/blogit.gradia.fi\/digipalvelut\/","logo":{"@type":"ImageObject","inLanguage":"fi","@id":"https:\/\/blogit.gradia.fi\/digipalvelut\/#\/schema\/logo\/image\/","url":"https:\/\/blogit.gradia.fi\/digipalvelut\/wp-content\/uploads\/sites\/99\/2019\/06\/cropped-Gradia_logo_Cyber_TRANSPARENT.png","contentUrl":"https:\/\/blogit.gradia.fi\/digipalvelut\/wp-content\/uploads\/sites\/99\/2019\/06\/cropped-Gradia_logo_Cyber_TRANSPARENT.png","width":316,"height":382,"caption":"Gradia Digipalvelut"},"image":{"@id":"https:\/\/blogit.gradia.fi\/digipalvelut\/#\/schema\/logo\/image\/"}}]}},"uagb_featured_image_src":{"full":false,"thumbnail":false,"medium":false,"medium_large":false,"large":false,"1536x1536":false,"2048x2048":false,"hestia-blog":false},"uagb_author_info":{"display_name":"Heini Pennanen","author_link":"https:\/\/blogit.gradia.fi\/digipalvelut\/author\/pennahei\/"},"uagb_comment_info":0,"uagb_excerpt":"BigBlueButton&nbsp;(BBB)&nbsp;on Moodlen sis\u00e4ll\u00e4 toimiva et\u00e4opetuksen ja -ohjauksen ty\u00f6v\u00e4line. BBB l\u00f6ytyy Moodlesta aktiviteettina ja voidaan lis\u00e4t\u00e4, mille tahansa opintojaksolle. BBB toimii selaimessa eik\u00e4 vaadi mink\u00e4\u00e4n ohjelman asentamista.&nbsp;&nbsp; Sen avulla voit mm.&nbsp; Pit\u00e4\u00e4 et\u00e4opetusta opiskelijoille jakaen esitysmateriaalia&nbsp; Jakaa osallistujia pienempiin ryhmiin verkossa&nbsp; Ohjata yht\u00e4 tai useampaa opiskelijaa&nbsp; Tallentaa pit\u00e4m\u00e4\u00e4si opetusta&nbsp; Tallentaa opiskelijoille [&hellip;]","_links":{"self":[{"href":"https:\/\/blogit.gradia.fi\/digipalvelut\/wp-json\/wp\/v2\/pages\/1569","targetHints":{"allow":["GET"]}}],"collection":[{"href":"https:\/\/blogit.gradia.fi\/digipalvelut\/wp-json\/wp\/v2\/pages"}],"about":[{"href":"https:\/\/blogit.gradia.fi\/digipalvelut\/wp-json\/wp\/v2\/types\/page"}],"author":[{"embeddable":true,"href":"https:\/\/blogit.gradia.fi\/digipalvelut\/wp-json\/wp\/v2\/users\/165"}],"replies":[{"embeddable":true,"href":"https:\/\/blogit.gradia.fi\/digipalvelut\/wp-json\/wp\/v2\/comments?post=1569"}],"version-history":[{"count":18,"href":"https:\/\/blogit.gradia.fi\/digipalvelut\/wp-json\/wp\/v2\/pages\/1569\/revisions"}],"predecessor-version":[{"id":2048,"href":"https:\/\/blogit.gradia.fi\/digipalvelut\/wp-json\/wp\/v2\/pages\/1569\/revisions\/2048"}],"up":[{"embeddable":true,"href":"https:\/\/blogit.gradia.fi\/digipalvelut\/wp-json\/wp\/v2\/pages\/76"}],"wp:attachment":[{"href":"https:\/\/blogit.gradia.fi\/digipalvelut\/wp-json\/wp\/v2\/media?parent=1569"}],"curies":[{"name":"wp","href":"https:\/\/api.w.org\/{rel}","templated":true}]}}