{"id":1538,"date":"2020-03-12T13:53:25","date_gmt":"2020-03-12T11:53:25","guid":{"rendered":"https:\/\/blogit.gradia.fi\/digipalvelut\/?page_id=1538"},"modified":"2020-03-12T15:02:28","modified_gmt":"2020-03-12T13:02:28","slug":"netin-jakaminen-puhelimesta","status":"publish","type":"page","link":"https:\/\/blogit.gradia.fi\/digipalvelut\/ohjeita-ja-vinkkeja\/laitteet\/netin-jakaminen-puhelimesta\/","title":{"rendered":"Netin jakaminen puhelimesta"},"content":{"rendered":"\n<p>Jos k\u00e4yt\u00f6ss\u00e4si ei ole tietokoneelle kiinte\u00e4\u00e4 tai langatonta verkkoa, voit jakaa puhelimen nettiyhteyden tietokoneelle. <br>Eri puhelinmalleissa netin jakaminen on voitu toteuttaa eri tavoilla. <\/p>\n\n\n\n<h4 class=\"wp-block-heading\">Netin jakaminen puhelimen aloitusn\u00e4yt\u00f6n pikavalikosta<\/h4>\n\n\n\n<p>Monissa puhelimissa netin jaon saa p\u00e4\u00e4lle puhelimen aloitusn\u00e4yt\u00f6n pikavalikosta. Android-puhelimissa ved\u00e4 sormella pikavalikko auki ja valitse <strong>Mobiilitukiasema<\/strong>. Joissain puhelinmalleissa t\u00e4t\u00e4 mobiilitukiasemaa voidaan kutsua my\u00f6s yhteyspisteeksi eli <strong>hotspotiksi<\/strong>. <\/p>\n\n\n\n<div class=\"wp-block-columns is-layout-flex wp-container-core-columns-is-layout-28f84493 wp-block-columns-is-layout-flex\">\n<div class=\"wp-block-column is-layout-flow wp-block-column-is-layout-flow\">\n<figure class=\"wp-block-image size-large is-resized\"><img fetchpriority=\"high\" decoding=\"async\" src=\"https:\/\/blogit.gradia.fi\/digipalvelut\/wp-content\/uploads\/sites\/99\/2020\/03\/Mobiilitukiasema_pikavalikosta.png\" alt=\"\" class=\"wp-image-1542\" width=\"195\" height=\"400\" srcset=\"https:\/\/blogit.gradia.fi\/digipalvelut\/wp-content\/uploads\/sites\/99\/2020\/03\/Mobiilitukiasema_pikavalikosta.png 389w, https:\/\/blogit.gradia.fi\/digipalvelut\/wp-content\/uploads\/sites\/99\/2020\/03\/Mobiilitukiasema_pikavalikosta-146x300.png 146w\" sizes=\"(max-width: 195px) 100vw, 195px\" \/><figcaption>Mobiilitukiasema puhelimesta<\/figcaption><\/figure>\n<\/div>\n\n\n\n<div class=\"wp-block-column is-layout-flow wp-block-column-is-layout-flow\">\n<figure class=\"wp-block-image size-large is-resized\"><img decoding=\"async\" src=\"https:\/\/blogit.gradia.fi\/digipalvelut\/wp-content\/uploads\/sites\/99\/2020\/03\/mobiilitukiasema_asetukset.png\" alt=\"\" class=\"wp-image-1544\" width=\"195\" height=\"400\" srcset=\"https:\/\/blogit.gradia.fi\/digipalvelut\/wp-content\/uploads\/sites\/99\/2020\/03\/mobiilitukiasema_asetukset.png 389w, https:\/\/blogit.gradia.fi\/digipalvelut\/wp-content\/uploads\/sites\/99\/2020\/03\/mobiilitukiasema_asetukset-146x300.png 146w\" sizes=\"(max-width: 195px) 100vw, 195px\" \/><figcaption>Mobiilitukiaseman asetukset<\/figcaption><\/figure>\n<\/div>\n<\/div>\n\n\n\n<h3 class=\"wp-block-heading\">Netin jakaminen puhelimen asetuksista<\/h3>\n\n\n\n<p>Ellei puhelimesi pikavalikossa ole mobiilitukiasema-vaihtoehtoa, voit tehd\u00e4 saman puhelimesi asetusten kautta. Katso video, jossa mobiilitukiasema tehd\u00e4\u00e4n puhelimen asetuksista. Puhelimena videolla on Samsung.<\/p>\n\n\n\n<figure class=\"wp-block-embed-youtube wp-block-embed is-type-video is-provider-youtube wp-embed-aspect-4-3 wp-has-aspect-ratio\"><div class=\"wp-block-embed__wrapper\">\n<iframe title=\"Mobiilitukiasema puhelimesta\" width=\"750\" height=\"563\" src=\"https:\/\/www.youtube.com\/embed\/rmW3NufDyKk?feature=oembed\" frameborder=\"0\" allow=\"accelerometer; autoplay; clipboard-write; encrypted-media; gyroscope; picture-in-picture; web-share\" allowfullscreen><\/iframe>\n<\/div><figcaption> Mobiilitukiaseman laittaminen puhelimen asetuksista. Ohjeet videon tekstityksiss\u00e4.  <\/figcaption><\/figure>\n\n\n\n<h3 class=\"wp-block-heading\">Puhelimen yhteyden k\u00e4ytt\u00e4minen tietokoneelta<\/h3>\n\n\n\n<p>Kun olet saanut muodostettua puhelimestasi mobiilitukiaseman, ota se k\u00e4ytt\u00f6\u00f6n tietokoneellasi, kuten mik\u00e4 tahansa avoin verkko. Valitse se verkko, jonka nimi oli omassa laitteessasi mobiilitukiaseman nimen\u00e4. Huomaa, ett\u00e4 puhelimen akkua k\u00e4ytet\u00e4\u00e4n enemm\u00e4n, kun puhelin on mobiilitukiasemana. Pid\u00e4 mahdollisuuksien mukaan puhelin latauksessa samaan aikaan ja katkaise yhteys, kun et en\u00e4\u00e4 tarvitse sit\u00e4. <\/p>\n","protected":false},"excerpt":{"rendered":"<p>Jos k\u00e4yt\u00f6ss\u00e4si ei ole tietokoneelle kiinte\u00e4\u00e4 tai langatonta verkkoa, voit jakaa puhelimen nettiyhteyden tietokoneelle. Eri puhelinmalleissa netin jakaminen on voitu toteuttaa eri tavoilla. Netin jakaminen puhelimen aloitusn\u00e4yt\u00f6n pikavalikosta Monissa puhelimissa netin jaon saa p\u00e4\u00e4lle puhelimen aloitusn\u00e4yt\u00f6n pikavalikosta. Android-puhelimissa ved\u00e4 sormella pikavalikko auki ja valitse Mobiilitukiasema. Joissain puhelinmalleissa t\u00e4t\u00e4 mobiilitukiasemaa voidaan [&hellip;]<\/p>\n","protected":false},"author":421,"featured_media":0,"parent":189,"menu_order":0,"comment_status":"closed","ping_status":"closed","template":"","meta":{"_uag_custom_page_level_css":"","footnotes":""},"class_list":["post-1538","page","type-page","status-publish","hentry"],"yoast_head":"<!-- This site is optimized with the Yoast SEO plugin v27.4 - https:\/\/yoast.com\/product\/yoast-seo-wordpress\/ -->\n<title>Netin jakaminen puhelimesta - Gradia Digipalvelut<\/title>\n<meta name=\"robots\" content=\"index, follow, max-snippet:-1, max-image-preview:large, max-video-preview:-1\" \/>\n<link rel=\"canonical\" href=\"https:\/\/blogit.gradia.fi\/digipalvelut\/ohjeita-ja-vinkkeja\/laitteet\/netin-jakaminen-puhelimesta\/\" \/>\n<meta property=\"og:locale\" content=\"fi_FI\" \/>\n<meta property=\"og:type\" content=\"article\" \/>\n<meta property=\"og:title\" content=\"Netin jakaminen puhelimesta - Gradia Digipalvelut\" \/>\n<meta property=\"og:description\" content=\"Jos k\u00e4yt\u00f6ss\u00e4si ei ole tietokoneelle kiinte\u00e4\u00e4 tai langatonta verkkoa, voit jakaa puhelimen nettiyhteyden tietokoneelle. Eri puhelinmalleissa netin jakaminen on voitu toteuttaa eri tavoilla. Netin jakaminen puhelimen aloitusn\u00e4yt\u00f6n pikavalikosta Monissa puhelimissa netin jaon saa p\u00e4\u00e4lle puhelimen aloitusn\u00e4yt\u00f6n pikavalikosta. Android-puhelimissa ved\u00e4 sormella pikavalikko auki ja valitse Mobiilitukiasema. Joissain puhelinmalleissa t\u00e4t\u00e4 mobiilitukiasemaa voidaan [&hellip;]\" \/>\n<meta property=\"og:url\" content=\"https:\/\/blogit.gradia.fi\/digipalvelut\/ohjeita-ja-vinkkeja\/laitteet\/netin-jakaminen-puhelimesta\/\" \/>\n<meta property=\"og:site_name\" content=\"Gradia Digipalvelut\" \/>\n<meta property=\"article:modified_time\" content=\"2020-03-12T13:02:28+00:00\" \/>\n<meta property=\"og:image\" content=\"https:\/\/blogit.gradia.fi\/digipalvelut\/wp-content\/uploads\/sites\/99\/2020\/03\/Mobiilitukiasema_pikavalikosta.png\" \/>\n<meta name=\"twitter:card\" content=\"summary_large_image\" \/>\n<meta name=\"twitter:label1\" content=\"Arvioitu lukuaika\" \/>\n\t<meta name=\"twitter:data1\" content=\"1 minuutti\" \/>\n<script type=\"application\/ld+json\" class=\"yoast-schema-graph\">{\"@context\":\"https:\\\/\\\/schema.org\",\"@graph\":[{\"@type\":\"WebPage\",\"@id\":\"https:\\\/\\\/blogit.gradia.fi\\\/digipalvelut\\\/ohjeita-ja-vinkkeja\\\/laitteet\\\/netin-jakaminen-puhelimesta\\\/\",\"url\":\"https:\\\/\\\/blogit.gradia.fi\\\/digipalvelut\\\/ohjeita-ja-vinkkeja\\\/laitteet\\\/netin-jakaminen-puhelimesta\\\/\",\"name\":\"Netin jakaminen puhelimesta - Gradia Digipalvelut\",\"isPartOf\":{\"@id\":\"https:\\\/\\\/blogit.gradia.fi\\\/digipalvelut\\\/#website\"},\"primaryImageOfPage\":{\"@id\":\"https:\\\/\\\/blogit.gradia.fi\\\/digipalvelut\\\/ohjeita-ja-vinkkeja\\\/laitteet\\\/netin-jakaminen-puhelimesta\\\/#primaryimage\"},\"image\":{\"@id\":\"https:\\\/\\\/blogit.gradia.fi\\\/digipalvelut\\\/ohjeita-ja-vinkkeja\\\/laitteet\\\/netin-jakaminen-puhelimesta\\\/#primaryimage\"},\"thumbnailUrl\":\"https:\\\/\\\/blogit.gradia.fi\\\/digipalvelut\\\/wp-content\\\/uploads\\\/sites\\\/99\\\/2020\\\/03\\\/Mobiilitukiasema_pikavalikosta.png\",\"datePublished\":\"2020-03-12T11:53:25+00:00\",\"dateModified\":\"2020-03-12T13:02:28+00:00\",\"breadcrumb\":{\"@id\":\"https:\\\/\\\/blogit.gradia.fi\\\/digipalvelut\\\/ohjeita-ja-vinkkeja\\\/laitteet\\\/netin-jakaminen-puhelimesta\\\/#breadcrumb\"},\"inLanguage\":\"fi\",\"potentialAction\":[{\"@type\":\"ReadAction\",\"target\":[\"https:\\\/\\\/blogit.gradia.fi\\\/digipalvelut\\\/ohjeita-ja-vinkkeja\\\/laitteet\\\/netin-jakaminen-puhelimesta\\\/\"]}]},{\"@type\":\"ImageObject\",\"inLanguage\":\"fi\",\"@id\":\"https:\\\/\\\/blogit.gradia.fi\\\/digipalvelut\\\/ohjeita-ja-vinkkeja\\\/laitteet\\\/netin-jakaminen-puhelimesta\\\/#primaryimage\",\"url\":\"https:\\\/\\\/blogit.gradia.fi\\\/digipalvelut\\\/wp-content\\\/uploads\\\/sites\\\/99\\\/2020\\\/03\\\/Mobiilitukiasema_pikavalikosta.png\",\"contentUrl\":\"https:\\\/\\\/blogit.gradia.fi\\\/digipalvelut\\\/wp-content\\\/uploads\\\/sites\\\/99\\\/2020\\\/03\\\/Mobiilitukiasema_pikavalikosta.png\",\"width\":389,\"height\":800},{\"@type\":\"BreadcrumbList\",\"@id\":\"https:\\\/\\\/blogit.gradia.fi\\\/digipalvelut\\\/ohjeita-ja-vinkkeja\\\/laitteet\\\/netin-jakaminen-puhelimesta\\\/#breadcrumb\",\"itemListElement\":[{\"@type\":\"ListItem\",\"position\":1,\"name\":\"Ohjeita ja vinkkej\u00e4\",\"item\":\"https:\\\/\\\/blogit.gradia.fi\\\/digipalvelut\\\/ohjeita-ja-vinkkeja\\\/\"},{\"@type\":\"ListItem\",\"position\":2,\"name\":\"Laitteet\",\"item\":\"https:\\\/\\\/blogit.gradia.fi\\\/digipalvelut\\\/ohjeita-ja-vinkkeja\\\/laitteet\\\/\"},{\"@type\":\"ListItem\",\"position\":3,\"name\":\"Netin jakaminen puhelimesta\"}]},{\"@type\":\"WebSite\",\"@id\":\"https:\\\/\\\/blogit.gradia.fi\\\/digipalvelut\\\/#website\",\"url\":\"https:\\\/\\\/blogit.gradia.fi\\\/digipalvelut\\\/\",\"name\":\"Gradia Digipalvelut\",\"description\":\"Astetta enemm\u00e4n digi\u00e4\",\"publisher\":{\"@id\":\"https:\\\/\\\/blogit.gradia.fi\\\/digipalvelut\\\/#organization\"},\"potentialAction\":[{\"@type\":\"SearchAction\",\"target\":{\"@type\":\"EntryPoint\",\"urlTemplate\":\"https:\\\/\\\/blogit.gradia.fi\\\/digipalvelut\\\/?s={search_term_string}\"},\"query-input\":{\"@type\":\"PropertyValueSpecification\",\"valueRequired\":true,\"valueName\":\"search_term_string\"}}],\"inLanguage\":\"fi\"},{\"@type\":\"Organization\",\"@id\":\"https:\\\/\\\/blogit.gradia.fi\\\/digipalvelut\\\/#organization\",\"name\":\"Gradia Digipalvelut\",\"url\":\"https:\\\/\\\/blogit.gradia.fi\\\/digipalvelut\\\/\",\"logo\":{\"@type\":\"ImageObject\",\"inLanguage\":\"fi\",\"@id\":\"https:\\\/\\\/blogit.gradia.fi\\\/digipalvelut\\\/#\\\/schema\\\/logo\\\/image\\\/\",\"url\":\"https:\\\/\\\/blogit.gradia.fi\\\/digipalvelut\\\/wp-content\\\/uploads\\\/sites\\\/99\\\/2019\\\/06\\\/cropped-Gradia_logo_Cyber_TRANSPARENT.png\",\"contentUrl\":\"https:\\\/\\\/blogit.gradia.fi\\\/digipalvelut\\\/wp-content\\\/uploads\\\/sites\\\/99\\\/2019\\\/06\\\/cropped-Gradia_logo_Cyber_TRANSPARENT.png\",\"width\":316,\"height\":382,\"caption\":\"Gradia Digipalvelut\"},\"image\":{\"@id\":\"https:\\\/\\\/blogit.gradia.fi\\\/digipalvelut\\\/#\\\/schema\\\/logo\\\/image\\\/\"}}]}<\/script>\n<!-- \/ Yoast SEO plugin. -->","yoast_head_json":{"title":"Netin jakaminen puhelimesta - Gradia Digipalvelut","robots":{"index":"index","follow":"follow","max-snippet":"max-snippet:-1","max-image-preview":"max-image-preview:large","max-video-preview":"max-video-preview:-1"},"canonical":"https:\/\/blogit.gradia.fi\/digipalvelut\/ohjeita-ja-vinkkeja\/laitteet\/netin-jakaminen-puhelimesta\/","og_locale":"fi_FI","og_type":"article","og_title":"Netin jakaminen puhelimesta - Gradia Digipalvelut","og_description":"Jos k\u00e4yt\u00f6ss\u00e4si ei ole tietokoneelle kiinte\u00e4\u00e4 tai langatonta verkkoa, voit jakaa puhelimen nettiyhteyden tietokoneelle. Eri puhelinmalleissa netin jakaminen on voitu toteuttaa eri tavoilla. Netin jakaminen puhelimen aloitusn\u00e4yt\u00f6n pikavalikosta Monissa puhelimissa netin jaon saa p\u00e4\u00e4lle puhelimen aloitusn\u00e4yt\u00f6n pikavalikosta. Android-puhelimissa ved\u00e4 sormella pikavalikko auki ja valitse Mobiilitukiasema. Joissain puhelinmalleissa t\u00e4t\u00e4 mobiilitukiasemaa voidaan [&hellip;]","og_url":"https:\/\/blogit.gradia.fi\/digipalvelut\/ohjeita-ja-vinkkeja\/laitteet\/netin-jakaminen-puhelimesta\/","og_site_name":"Gradia Digipalvelut","article_modified_time":"2020-03-12T13:02:28+00:00","og_image":[{"url":"https:\/\/blogit.gradia.fi\/digipalvelut\/wp-content\/uploads\/sites\/99\/2020\/03\/Mobiilitukiasema_pikavalikosta.png","type":"","width":"","height":""}],"twitter_card":"summary_large_image","twitter_misc":{"Arvioitu lukuaika":"1 minuutti"},"schema":{"@context":"https:\/\/schema.org","@graph":[{"@type":"WebPage","@id":"https:\/\/blogit.gradia.fi\/digipalvelut\/ohjeita-ja-vinkkeja\/laitteet\/netin-jakaminen-puhelimesta\/","url":"https:\/\/blogit.gradia.fi\/digipalvelut\/ohjeita-ja-vinkkeja\/laitteet\/netin-jakaminen-puhelimesta\/","name":"Netin jakaminen puhelimesta - Gradia Digipalvelut","isPartOf":{"@id":"https:\/\/blogit.gradia.fi\/digipalvelut\/#website"},"primaryImageOfPage":{"@id":"https:\/\/blogit.gradia.fi\/digipalvelut\/ohjeita-ja-vinkkeja\/laitteet\/netin-jakaminen-puhelimesta\/#primaryimage"},"image":{"@id":"https:\/\/blogit.gradia.fi\/digipalvelut\/ohjeita-ja-vinkkeja\/laitteet\/netin-jakaminen-puhelimesta\/#primaryimage"},"thumbnailUrl":"https:\/\/blogit.gradia.fi\/digipalvelut\/wp-content\/uploads\/sites\/99\/2020\/03\/Mobiilitukiasema_pikavalikosta.png","datePublished":"2020-03-12T11:53:25+00:00","dateModified":"2020-03-12T13:02:28+00:00","breadcrumb":{"@id":"https:\/\/blogit.gradia.fi\/digipalvelut\/ohjeita-ja-vinkkeja\/laitteet\/netin-jakaminen-puhelimesta\/#breadcrumb"},"inLanguage":"fi","potentialAction":[{"@type":"ReadAction","target":["https:\/\/blogit.gradia.fi\/digipalvelut\/ohjeita-ja-vinkkeja\/laitteet\/netin-jakaminen-puhelimesta\/"]}]},{"@type":"ImageObject","inLanguage":"fi","@id":"https:\/\/blogit.gradia.fi\/digipalvelut\/ohjeita-ja-vinkkeja\/laitteet\/netin-jakaminen-puhelimesta\/#primaryimage","url":"https:\/\/blogit.gradia.fi\/digipalvelut\/wp-content\/uploads\/sites\/99\/2020\/03\/Mobiilitukiasema_pikavalikosta.png","contentUrl":"https:\/\/blogit.gradia.fi\/digipalvelut\/wp-content\/uploads\/sites\/99\/2020\/03\/Mobiilitukiasema_pikavalikosta.png","width":389,"height":800},{"@type":"BreadcrumbList","@id":"https:\/\/blogit.gradia.fi\/digipalvelut\/ohjeita-ja-vinkkeja\/laitteet\/netin-jakaminen-puhelimesta\/#breadcrumb","itemListElement":[{"@type":"ListItem","position":1,"name":"Ohjeita ja vinkkej\u00e4","item":"https:\/\/blogit.gradia.fi\/digipalvelut\/ohjeita-ja-vinkkeja\/"},{"@type":"ListItem","position":2,"name":"Laitteet","item":"https:\/\/blogit.gradia.fi\/digipalvelut\/ohjeita-ja-vinkkeja\/laitteet\/"},{"@type":"ListItem","position":3,"name":"Netin jakaminen puhelimesta"}]},{"@type":"WebSite","@id":"https:\/\/blogit.gradia.fi\/digipalvelut\/#website","url":"https:\/\/blogit.gradia.fi\/digipalvelut\/","name":"Gradia Digipalvelut","description":"Astetta enemm\u00e4n digi\u00e4","publisher":{"@id":"https:\/\/blogit.gradia.fi\/digipalvelut\/#organization"},"potentialAction":[{"@type":"SearchAction","target":{"@type":"EntryPoint","urlTemplate":"https:\/\/blogit.gradia.fi\/digipalvelut\/?s={search_term_string}"},"query-input":{"@type":"PropertyValueSpecification","valueRequired":true,"valueName":"search_term_string"}}],"inLanguage":"fi"},{"@type":"Organization","@id":"https:\/\/blogit.gradia.fi\/digipalvelut\/#organization","name":"Gradia Digipalvelut","url":"https:\/\/blogit.gradia.fi\/digipalvelut\/","logo":{"@type":"ImageObject","inLanguage":"fi","@id":"https:\/\/blogit.gradia.fi\/digipalvelut\/#\/schema\/logo\/image\/","url":"https:\/\/blogit.gradia.fi\/digipalvelut\/wp-content\/uploads\/sites\/99\/2019\/06\/cropped-Gradia_logo_Cyber_TRANSPARENT.png","contentUrl":"https:\/\/blogit.gradia.fi\/digipalvelut\/wp-content\/uploads\/sites\/99\/2019\/06\/cropped-Gradia_logo_Cyber_TRANSPARENT.png","width":316,"height":382,"caption":"Gradia Digipalvelut"},"image":{"@id":"https:\/\/blogit.gradia.fi\/digipalvelut\/#\/schema\/logo\/image\/"}}]}},"uagb_featured_image_src":{"full":false,"thumbnail":false,"medium":false,"medium_large":false,"large":false,"1536x1536":false,"2048x2048":false,"hestia-blog":false},"uagb_author_info":{"display_name":"Merja Hakanen","author_link":"https:\/\/blogit.gradia.fi\/digipalvelut\/author\/hakanmer\/"},"uagb_comment_info":0,"uagb_excerpt":"Jos k\u00e4yt\u00f6ss\u00e4si ei ole tietokoneelle kiinte\u00e4\u00e4 tai langatonta verkkoa, voit jakaa puhelimen nettiyhteyden tietokoneelle. Eri puhelinmalleissa netin jakaminen on voitu toteuttaa eri tavoilla. Netin jakaminen puhelimen aloitusn\u00e4yt\u00f6n pikavalikosta Monissa puhelimissa netin jaon saa p\u00e4\u00e4lle puhelimen aloitusn\u00e4yt\u00f6n pikavalikosta. Android-puhelimissa ved\u00e4 sormella pikavalikko auki ja valitse Mobiilitukiasema. Joissain puhelinmalleissa t\u00e4t\u00e4 mobiilitukiasemaa voidaan [&hellip;]","_links":{"self":[{"href":"https:\/\/blogit.gradia.fi\/digipalvelut\/wp-json\/wp\/v2\/pages\/1538","targetHints":{"allow":["GET"]}}],"collection":[{"href":"https:\/\/blogit.gradia.fi\/digipalvelut\/wp-json\/wp\/v2\/pages"}],"about":[{"href":"https:\/\/blogit.gradia.fi\/digipalvelut\/wp-json\/wp\/v2\/types\/page"}],"author":[{"embeddable":true,"href":"https:\/\/blogit.gradia.fi\/digipalvelut\/wp-json\/wp\/v2\/users\/421"}],"replies":[{"embeddable":true,"href":"https:\/\/blogit.gradia.fi\/digipalvelut\/wp-json\/wp\/v2\/comments?post=1538"}],"version-history":[{"count":6,"href":"https:\/\/blogit.gradia.fi\/digipalvelut\/wp-json\/wp\/v2\/pages\/1538\/revisions"}],"predecessor-version":[{"id":1551,"href":"https:\/\/blogit.gradia.fi\/digipalvelut\/wp-json\/wp\/v2\/pages\/1538\/revisions\/1551"}],"up":[{"embeddable":true,"href":"https:\/\/blogit.gradia.fi\/digipalvelut\/wp-json\/wp\/v2\/pages\/189"}],"wp:attachment":[{"href":"https:\/\/blogit.gradia.fi\/digipalvelut\/wp-json\/wp\/v2\/media?parent=1538"}],"curies":[{"name":"wp","href":"https:\/\/api.w.org\/{rel}","templated":true}]}}