{"id":1513,"date":"2020-03-06T13:03:42","date_gmt":"2020-03-06T11:03:42","guid":{"rendered":"https:\/\/blogit.gradia.fi\/digipalvelut\/?page_id=1513"},"modified":"2021-05-06T16:04:50","modified_gmt":"2021-05-06T13:04:50","slug":"sharing-cart-lohko","status":"publish","type":"page","link":"https:\/\/blogit.gradia.fi\/digipalvelut\/ohjeita-ja-vinkkeja\/moodle\/sharing-cart-lohko\/","title":{"rendered":"Sharing Cart -lohko"},"content":{"rendered":"\n<p><strong>Sharing Cart -lohkon avulla voit helposti siirt\u00e4\u00e4 omalta opintojaksoltasi toiselle<\/strong><\/p>\n\n\n\n<ul class=\"wp-block-list\"><li><strong>yksitt\u00e4isen aktiviteetin tai aineiston<\/strong><\/li><li><strong>kokonaisen opintojakson osion<\/strong><\/li><\/ul>\n\n\n\n<hr class=\"wp-block-separator\" \/>\n\n\n\n<h2 class=\"wp-block-heading\"><strong>K\u00e4ytt\u00f6\u00f6notto<\/strong><\/h2>\n\n\n\n<ol class=\"wp-block-list\"><li>Mene opintojaksolle, jolla haluat toiminnon ottaa k\u00e4ytt\u00f6\u00f6n<\/li><li>Aktivoi muokkaustila k\u00e4ytt\u00f6\u00f6n<\/li><li>valitse vasemmasta sivupalkista &#8221;lis\u00e4\u00e4 lohko&#8221; ja valitse avautuvasta valikosta Sharing Cart<\/li><\/ol>\n\n\n\n<p>Lohko on nyt t\u00e4ll\u00e4 opintojaksolla k\u00e4yt\u00f6ss\u00e4 eli voit siirt\u00e4\u00e4 niit\u00e4 aineistoja &#8221;koriin&#8221;, joita haluat opintojaksoltasi kopioida.<\/p>\n\n\n\n<h2 class=\"wp-block-heading\"><strong>Materiaalin kopiointi<\/strong> &#8221;koriin&#8221;<\/h2>\n\n\n\n<ol class=\"wp-block-list\"><li>Lis\u00e4t\u00e4ksesi materiaalin &#8221;Sharing cart -koriin&#8221;, klikkaa osion \/aktiviteetin otsikon per\u00e4ss\u00e4 n\u00e4kyv\u00e4\u00e4 &#8221;<strong>Kori<\/strong>&#8221;-painiketta (ks. kuva)<\/li><\/ol>\n\n\n\n<figure class=\"wp-block-image size-large is-resized\"><img decoding=\"async\" src=\"https:\/\/blogit.gradia.fi\/digipalvelut\/wp-content\/uploads\/sites\/99\/2020\/12\/Nayttokuva-2020-12-03-152219.png\" alt=\"\" class=\"wp-image-2105\" width=\"149\" height=\"27\" \/><\/figure>\n\n\n\n<ol class=\"wp-block-list\"><li>Valitse &#8221;<strong>Vahvista<\/strong>&#8221;<\/li><li>Materiaali on nyt korissasi ja voit siirty\u00e4 toiselle opintojaksolle, johon haluat kyseisen materiaalin tuoda<\/li><\/ol>\n\n\n\n<h2 class=\"wp-block-heading\"><strong>Materiaalin liitt\u00e4minen<\/strong> opintojaksolle<\/h2>\n\n\n\n<ol class=\"wp-block-list\"><li>Aktivoi &#8221;Sharing cart&#8221; -lohko k\u00e4ytt\u00f6\u00f6si my\u00f6s sill\u00e4 opintojaksolla, johon haluat korissa olevat materiaalit tuoda (jo liitetyt materiaalit pysyv\u00e4t korissa, kunnes poistat ne)<\/li><li>Kun kori on k\u00e4yt\u00f6ss\u00e4, klikkaa korissa olevan aineiston per\u00e4ss\u00e4 olevaa viimeist\u00e4 painiketta (copy to course) ja valitse mihin kohti opintojaksolla kyseisen aineiston tuot.&nbsp;<\/li><\/ol>\n\n\n\n<p>Tarpeeton materiaali kannattaa poistaa korista siirron j\u00e4lkeen.<\/p>\n\n\n\n<p><strong>HUOM! Muista muokata kopioitavissa materiaaleissa olevat linkit kuntoon<\/strong><\/p>\n\n\n\n<hr class=\"wp-block-separator\" \/>\n\n\n\n<figure class=\"wp-block-embed is-type-video is-provider-youtube wp-block-embed-youtube wp-embed-aspect-16-9 wp-has-aspect-ratio\"><div class=\"wp-block-embed__wrapper\">\n<iframe title=\"OhjevideoSharingCart -lohkon k\u00e4ytt\u00f6\u00f6n\" width=\"750\" height=\"422\" src=\"https:\/\/www.youtube.com\/embed\/gP5M8A11tPU?feature=oembed\" frameborder=\"0\" allow=\"accelerometer; autoplay; clipboard-write; encrypted-media; gyroscope; picture-in-picture; web-share\" allowfullscreen><\/iframe>\n<\/div><\/figure>\n","protected":false},"excerpt":{"rendered":"<p>Sharing Cart -lohkon avulla voit helposti siirt\u00e4\u00e4 omalta opintojaksoltasi toiselle yksitt\u00e4isen aktiviteetin tai aineiston kokonaisen opintojakson osion K\u00e4ytt\u00f6\u00f6notto Mene opintojaksolle, jolla haluat toiminnon ottaa k\u00e4ytt\u00f6\u00f6n Aktivoi muokkaustila k\u00e4ytt\u00f6\u00f6n valitse vasemmasta sivupalkista &#8221;lis\u00e4\u00e4 lohko&#8221; ja valitse avautuvasta valikosta Sharing Cart Lohko on nyt t\u00e4ll\u00e4 opintojaksolla k\u00e4yt\u00f6ss\u00e4 eli voit siirt\u00e4\u00e4 niit\u00e4 aineistoja [&hellip;]<\/p>\n","protected":false},"author":165,"featured_media":0,"parent":76,"menu_order":0,"comment_status":"closed","ping_status":"closed","template":"","meta":{"_uag_custom_page_level_css":"","footnotes":""},"class_list":["post-1513","page","type-page","status-publish","hentry"],"yoast_head":"<!-- This site is optimized with the Yoast SEO plugin v27.4 - https:\/\/yoast.com\/product\/yoast-seo-wordpress\/ -->\n<title>Sharing Cart -lohko - Gradia Digipalvelut<\/title>\n<meta name=\"robots\" content=\"index, follow, max-snippet:-1, max-image-preview:large, max-video-preview:-1\" \/>\n<link rel=\"canonical\" href=\"https:\/\/blogit.gradia.fi\/digipalvelut\/ohjeita-ja-vinkkeja\/moodle\/sharing-cart-lohko\/\" \/>\n<meta property=\"og:locale\" content=\"fi_FI\" \/>\n<meta property=\"og:type\" content=\"article\" \/>\n<meta property=\"og:title\" content=\"Sharing Cart -lohko - Gradia Digipalvelut\" \/>\n<meta property=\"og:description\" content=\"Sharing Cart -lohkon avulla voit helposti siirt\u00e4\u00e4 omalta opintojaksoltasi toiselle yksitt\u00e4isen aktiviteetin tai aineiston kokonaisen opintojakson osion K\u00e4ytt\u00f6\u00f6notto Mene opintojaksolle, jolla haluat toiminnon ottaa k\u00e4ytt\u00f6\u00f6n Aktivoi muokkaustila k\u00e4ytt\u00f6\u00f6n valitse vasemmasta sivupalkista &#8221;lis\u00e4\u00e4 lohko&#8221; ja valitse avautuvasta valikosta Sharing Cart Lohko on nyt t\u00e4ll\u00e4 opintojaksolla k\u00e4yt\u00f6ss\u00e4 eli voit siirt\u00e4\u00e4 niit\u00e4 aineistoja [&hellip;]\" \/>\n<meta property=\"og:url\" content=\"https:\/\/blogit.gradia.fi\/digipalvelut\/ohjeita-ja-vinkkeja\/moodle\/sharing-cart-lohko\/\" \/>\n<meta property=\"og:site_name\" content=\"Gradia Digipalvelut\" \/>\n<meta property=\"article:modified_time\" content=\"2021-05-06T13:04:50+00:00\" \/>\n<meta property=\"og:image\" content=\"https:\/\/blogit.gradia.fi\/digipalvelut\/wp-content\/uploads\/sites\/99\/2020\/12\/Nayttokuva-2020-12-03-152219.png\" \/>\n<meta name=\"twitter:card\" content=\"summary_large_image\" \/>\n<meta name=\"twitter:label1\" content=\"Arvioitu lukuaika\" \/>\n\t<meta name=\"twitter:data1\" content=\"1 minuutti\" \/>\n<script type=\"application\/ld+json\" class=\"yoast-schema-graph\">{\"@context\":\"https:\\\/\\\/schema.org\",\"@graph\":[{\"@type\":\"WebPage\",\"@id\":\"https:\\\/\\\/blogit.gradia.fi\\\/digipalvelut\\\/ohjeita-ja-vinkkeja\\\/moodle\\\/sharing-cart-lohko\\\/\",\"url\":\"https:\\\/\\\/blogit.gradia.fi\\\/digipalvelut\\\/ohjeita-ja-vinkkeja\\\/moodle\\\/sharing-cart-lohko\\\/\",\"name\":\"Sharing Cart -lohko - Gradia Digipalvelut\",\"isPartOf\":{\"@id\":\"https:\\\/\\\/blogit.gradia.fi\\\/digipalvelut\\\/#website\"},\"primaryImageOfPage\":{\"@id\":\"https:\\\/\\\/blogit.gradia.fi\\\/digipalvelut\\\/ohjeita-ja-vinkkeja\\\/moodle\\\/sharing-cart-lohko\\\/#primaryimage\"},\"image\":{\"@id\":\"https:\\\/\\\/blogit.gradia.fi\\\/digipalvelut\\\/ohjeita-ja-vinkkeja\\\/moodle\\\/sharing-cart-lohko\\\/#primaryimage\"},\"thumbnailUrl\":\"https:\\\/\\\/blogit.gradia.fi\\\/digipalvelut\\\/wp-content\\\/uploads\\\/sites\\\/99\\\/2020\\\/12\\\/Nayttokuva-2020-12-03-152219.png\",\"datePublished\":\"2020-03-06T11:03:42+00:00\",\"dateModified\":\"2021-05-06T13:04:50+00:00\",\"breadcrumb\":{\"@id\":\"https:\\\/\\\/blogit.gradia.fi\\\/digipalvelut\\\/ohjeita-ja-vinkkeja\\\/moodle\\\/sharing-cart-lohko\\\/#breadcrumb\"},\"inLanguage\":\"fi\",\"potentialAction\":[{\"@type\":\"ReadAction\",\"target\":[\"https:\\\/\\\/blogit.gradia.fi\\\/digipalvelut\\\/ohjeita-ja-vinkkeja\\\/moodle\\\/sharing-cart-lohko\\\/\"]}]},{\"@type\":\"ImageObject\",\"inLanguage\":\"fi\",\"@id\":\"https:\\\/\\\/blogit.gradia.fi\\\/digipalvelut\\\/ohjeita-ja-vinkkeja\\\/moodle\\\/sharing-cart-lohko\\\/#primaryimage\",\"url\":\"https:\\\/\\\/blogit.gradia.fi\\\/digipalvelut\\\/wp-content\\\/uploads\\\/sites\\\/99\\\/2020\\\/12\\\/Nayttokuva-2020-12-03-152219.png\",\"contentUrl\":\"https:\\\/\\\/blogit.gradia.fi\\\/digipalvelut\\\/wp-content\\\/uploads\\\/sites\\\/99\\\/2020\\\/12\\\/Nayttokuva-2020-12-03-152219.png\",\"width\":298,\"height\":55},{\"@type\":\"BreadcrumbList\",\"@id\":\"https:\\\/\\\/blogit.gradia.fi\\\/digipalvelut\\\/ohjeita-ja-vinkkeja\\\/moodle\\\/sharing-cart-lohko\\\/#breadcrumb\",\"itemListElement\":[{\"@type\":\"ListItem\",\"position\":1,\"name\":\"Ohjeita ja vinkkej\u00e4\",\"item\":\"https:\\\/\\\/blogit.gradia.fi\\\/digipalvelut\\\/ohjeita-ja-vinkkeja\\\/\"},{\"@type\":\"ListItem\",\"position\":2,\"name\":\"Moodle\",\"item\":\"https:\\\/\\\/blogit.gradia.fi\\\/digipalvelut\\\/ohjeita-ja-vinkkeja\\\/moodle\\\/\"},{\"@type\":\"ListItem\",\"position\":3,\"name\":\"Sharing Cart -lohko\"}]},{\"@type\":\"WebSite\",\"@id\":\"https:\\\/\\\/blogit.gradia.fi\\\/digipalvelut\\\/#website\",\"url\":\"https:\\\/\\\/blogit.gradia.fi\\\/digipalvelut\\\/\",\"name\":\"Gradia Digipalvelut\",\"description\":\"Astetta enemm\u00e4n digi\u00e4\",\"publisher\":{\"@id\":\"https:\\\/\\\/blogit.gradia.fi\\\/digipalvelut\\\/#organization\"},\"potentialAction\":[{\"@type\":\"SearchAction\",\"target\":{\"@type\":\"EntryPoint\",\"urlTemplate\":\"https:\\\/\\\/blogit.gradia.fi\\\/digipalvelut\\\/?s={search_term_string}\"},\"query-input\":{\"@type\":\"PropertyValueSpecification\",\"valueRequired\":true,\"valueName\":\"search_term_string\"}}],\"inLanguage\":\"fi\"},{\"@type\":\"Organization\",\"@id\":\"https:\\\/\\\/blogit.gradia.fi\\\/digipalvelut\\\/#organization\",\"name\":\"Gradia Digipalvelut\",\"url\":\"https:\\\/\\\/blogit.gradia.fi\\\/digipalvelut\\\/\",\"logo\":{\"@type\":\"ImageObject\",\"inLanguage\":\"fi\",\"@id\":\"https:\\\/\\\/blogit.gradia.fi\\\/digipalvelut\\\/#\\\/schema\\\/logo\\\/image\\\/\",\"url\":\"https:\\\/\\\/blogit.gradia.fi\\\/digipalvelut\\\/wp-content\\\/uploads\\\/sites\\\/99\\\/2019\\\/06\\\/cropped-Gradia_logo_Cyber_TRANSPARENT.png\",\"contentUrl\":\"https:\\\/\\\/blogit.gradia.fi\\\/digipalvelut\\\/wp-content\\\/uploads\\\/sites\\\/99\\\/2019\\\/06\\\/cropped-Gradia_logo_Cyber_TRANSPARENT.png\",\"width\":316,\"height\":382,\"caption\":\"Gradia Digipalvelut\"},\"image\":{\"@id\":\"https:\\\/\\\/blogit.gradia.fi\\\/digipalvelut\\\/#\\\/schema\\\/logo\\\/image\\\/\"}}]}<\/script>\n<!-- \/ Yoast SEO plugin. -->","yoast_head_json":{"title":"Sharing Cart -lohko - Gradia Digipalvelut","robots":{"index":"index","follow":"follow","max-snippet":"max-snippet:-1","max-image-preview":"max-image-preview:large","max-video-preview":"max-video-preview:-1"},"canonical":"https:\/\/blogit.gradia.fi\/digipalvelut\/ohjeita-ja-vinkkeja\/moodle\/sharing-cart-lohko\/","og_locale":"fi_FI","og_type":"article","og_title":"Sharing Cart -lohko - Gradia Digipalvelut","og_description":"Sharing Cart -lohkon avulla voit helposti siirt\u00e4\u00e4 omalta opintojaksoltasi toiselle yksitt\u00e4isen aktiviteetin tai aineiston kokonaisen opintojakson osion K\u00e4ytt\u00f6\u00f6notto Mene opintojaksolle, jolla haluat toiminnon ottaa k\u00e4ytt\u00f6\u00f6n Aktivoi muokkaustila k\u00e4ytt\u00f6\u00f6n valitse vasemmasta sivupalkista &#8221;lis\u00e4\u00e4 lohko&#8221; ja valitse avautuvasta valikosta Sharing Cart Lohko on nyt t\u00e4ll\u00e4 opintojaksolla k\u00e4yt\u00f6ss\u00e4 eli voit siirt\u00e4\u00e4 niit\u00e4 aineistoja [&hellip;]","og_url":"https:\/\/blogit.gradia.fi\/digipalvelut\/ohjeita-ja-vinkkeja\/moodle\/sharing-cart-lohko\/","og_site_name":"Gradia Digipalvelut","article_modified_time":"2021-05-06T13:04:50+00:00","og_image":[{"url":"https:\/\/blogit.gradia.fi\/digipalvelut\/wp-content\/uploads\/sites\/99\/2020\/12\/Nayttokuva-2020-12-03-152219.png","type":"","width":"","height":""}],"twitter_card":"summary_large_image","twitter_misc":{"Arvioitu lukuaika":"1 minuutti"},"schema":{"@context":"https:\/\/schema.org","@graph":[{"@type":"WebPage","@id":"https:\/\/blogit.gradia.fi\/digipalvelut\/ohjeita-ja-vinkkeja\/moodle\/sharing-cart-lohko\/","url":"https:\/\/blogit.gradia.fi\/digipalvelut\/ohjeita-ja-vinkkeja\/moodle\/sharing-cart-lohko\/","name":"Sharing Cart -lohko - Gradia Digipalvelut","isPartOf":{"@id":"https:\/\/blogit.gradia.fi\/digipalvelut\/#website"},"primaryImageOfPage":{"@id":"https:\/\/blogit.gradia.fi\/digipalvelut\/ohjeita-ja-vinkkeja\/moodle\/sharing-cart-lohko\/#primaryimage"},"image":{"@id":"https:\/\/blogit.gradia.fi\/digipalvelut\/ohjeita-ja-vinkkeja\/moodle\/sharing-cart-lohko\/#primaryimage"},"thumbnailUrl":"https:\/\/blogit.gradia.fi\/digipalvelut\/wp-content\/uploads\/sites\/99\/2020\/12\/Nayttokuva-2020-12-03-152219.png","datePublished":"2020-03-06T11:03:42+00:00","dateModified":"2021-05-06T13:04:50+00:00","breadcrumb":{"@id":"https:\/\/blogit.gradia.fi\/digipalvelut\/ohjeita-ja-vinkkeja\/moodle\/sharing-cart-lohko\/#breadcrumb"},"inLanguage":"fi","potentialAction":[{"@type":"ReadAction","target":["https:\/\/blogit.gradia.fi\/digipalvelut\/ohjeita-ja-vinkkeja\/moodle\/sharing-cart-lohko\/"]}]},{"@type":"ImageObject","inLanguage":"fi","@id":"https:\/\/blogit.gradia.fi\/digipalvelut\/ohjeita-ja-vinkkeja\/moodle\/sharing-cart-lohko\/#primaryimage","url":"https:\/\/blogit.gradia.fi\/digipalvelut\/wp-content\/uploads\/sites\/99\/2020\/12\/Nayttokuva-2020-12-03-152219.png","contentUrl":"https:\/\/blogit.gradia.fi\/digipalvelut\/wp-content\/uploads\/sites\/99\/2020\/12\/Nayttokuva-2020-12-03-152219.png","width":298,"height":55},{"@type":"BreadcrumbList","@id":"https:\/\/blogit.gradia.fi\/digipalvelut\/ohjeita-ja-vinkkeja\/moodle\/sharing-cart-lohko\/#breadcrumb","itemListElement":[{"@type":"ListItem","position":1,"name":"Ohjeita ja vinkkej\u00e4","item":"https:\/\/blogit.gradia.fi\/digipalvelut\/ohjeita-ja-vinkkeja\/"},{"@type":"ListItem","position":2,"name":"Moodle","item":"https:\/\/blogit.gradia.fi\/digipalvelut\/ohjeita-ja-vinkkeja\/moodle\/"},{"@type":"ListItem","position":3,"name":"Sharing Cart -lohko"}]},{"@type":"WebSite","@id":"https:\/\/blogit.gradia.fi\/digipalvelut\/#website","url":"https:\/\/blogit.gradia.fi\/digipalvelut\/","name":"Gradia Digipalvelut","description":"Astetta enemm\u00e4n digi\u00e4","publisher":{"@id":"https:\/\/blogit.gradia.fi\/digipalvelut\/#organization"},"potentialAction":[{"@type":"SearchAction","target":{"@type":"EntryPoint","urlTemplate":"https:\/\/blogit.gradia.fi\/digipalvelut\/?s={search_term_string}"},"query-input":{"@type":"PropertyValueSpecification","valueRequired":true,"valueName":"search_term_string"}}],"inLanguage":"fi"},{"@type":"Organization","@id":"https:\/\/blogit.gradia.fi\/digipalvelut\/#organization","name":"Gradia Digipalvelut","url":"https:\/\/blogit.gradia.fi\/digipalvelut\/","logo":{"@type":"ImageObject","inLanguage":"fi","@id":"https:\/\/blogit.gradia.fi\/digipalvelut\/#\/schema\/logo\/image\/","url":"https:\/\/blogit.gradia.fi\/digipalvelut\/wp-content\/uploads\/sites\/99\/2019\/06\/cropped-Gradia_logo_Cyber_TRANSPARENT.png","contentUrl":"https:\/\/blogit.gradia.fi\/digipalvelut\/wp-content\/uploads\/sites\/99\/2019\/06\/cropped-Gradia_logo_Cyber_TRANSPARENT.png","width":316,"height":382,"caption":"Gradia Digipalvelut"},"image":{"@id":"https:\/\/blogit.gradia.fi\/digipalvelut\/#\/schema\/logo\/image\/"}}]}},"uagb_featured_image_src":{"full":false,"thumbnail":false,"medium":false,"medium_large":false,"large":false,"1536x1536":false,"2048x2048":false,"hestia-blog":false},"uagb_author_info":{"display_name":"Heini Pennanen","author_link":"https:\/\/blogit.gradia.fi\/digipalvelut\/author\/pennahei\/"},"uagb_comment_info":0,"uagb_excerpt":"Sharing Cart -lohkon avulla voit helposti siirt\u00e4\u00e4 omalta opintojaksoltasi toiselle yksitt\u00e4isen aktiviteetin tai aineiston kokonaisen opintojakson osion K\u00e4ytt\u00f6\u00f6notto Mene opintojaksolle, jolla haluat toiminnon ottaa k\u00e4ytt\u00f6\u00f6n Aktivoi muokkaustila k\u00e4ytt\u00f6\u00f6n valitse vasemmasta sivupalkista &#8221;lis\u00e4\u00e4 lohko&#8221; ja valitse avautuvasta valikosta Sharing Cart Lohko on nyt t\u00e4ll\u00e4 opintojaksolla k\u00e4yt\u00f6ss\u00e4 eli voit siirt\u00e4\u00e4 niit\u00e4 aineistoja [&hellip;]","_links":{"self":[{"href":"https:\/\/blogit.gradia.fi\/digipalvelut\/wp-json\/wp\/v2\/pages\/1513","targetHints":{"allow":["GET"]}}],"collection":[{"href":"https:\/\/blogit.gradia.fi\/digipalvelut\/wp-json\/wp\/v2\/pages"}],"about":[{"href":"https:\/\/blogit.gradia.fi\/digipalvelut\/wp-json\/wp\/v2\/types\/page"}],"author":[{"embeddable":true,"href":"https:\/\/blogit.gradia.fi\/digipalvelut\/wp-json\/wp\/v2\/users\/165"}],"replies":[{"embeddable":true,"href":"https:\/\/blogit.gradia.fi\/digipalvelut\/wp-json\/wp\/v2\/comments?post=1513"}],"version-history":[{"count":7,"href":"https:\/\/blogit.gradia.fi\/digipalvelut\/wp-json\/wp\/v2\/pages\/1513\/revisions"}],"predecessor-version":[{"id":2146,"href":"https:\/\/blogit.gradia.fi\/digipalvelut\/wp-json\/wp\/v2\/pages\/1513\/revisions\/2146"}],"up":[{"embeddable":true,"href":"https:\/\/blogit.gradia.fi\/digipalvelut\/wp-json\/wp\/v2\/pages\/76"}],"wp:attachment":[{"href":"https:\/\/blogit.gradia.fi\/digipalvelut\/wp-json\/wp\/v2\/media?parent=1513"}],"curies":[{"name":"wp","href":"https:\/\/api.w.org\/{rel}","templated":true}]}}