{"id":1476,"date":"2020-02-06T09:24:29","date_gmt":"2020-02-06T07:24:29","guid":{"rendered":"https:\/\/blogit.gradia.fi\/digipalvelut\/?page_id=1476"},"modified":"2024-08-06T12:37:11","modified_gmt":"2024-08-06T09:37:11","slug":"salasanan-vaihtaminen","status":"publish","type":"page","link":"https:\/\/blogit.gradia.fi\/digipalvelut\/ohjeita-ja-vinkkeja\/laitteet\/salasanan-vaihtaminen\/","title":{"rendered":"Salasanan vaihtaminen"},"content":{"rendered":"\n<p>Gradian salasanavaatimukset:<\/p>\n\n\n\n<ul class=\"wp-block-list\">\n<li>V\u00e4hint\u00e4\u00e4n yhdeks\u00e4n(9) merkki\u00e4 (suosittelemme v\u00e4h. 14 merkki\u00e4)<\/li>\n\n\n\n<li>Isoja ja pieni\u00e4 kirjaimia<\/li>\n\n\n\n<li>V\u00e4hint\u00e4\u00e4n yksi (1)  numero<\/li>\n<\/ul>\n\n\n\n<p>V\u00e4lt\u00e4 salasanassa erikoismerkkien (#\u00a4%=?#=&#8230;) ja \u00e4\u00e4kk\u00f6sten (\u00e4\u00e5\u00f6) k\u00e4ytt\u00f6\u00e4. Kaikki palvelut eiv\u00e4t hyv\u00e4ksy kyseisi\u00e4 merkkej\u00e4 salasanaan.<br><\/p>\n\n\n\n<p>Muistathan vaihtaa salasanan my\u00f6s puhelimeen ja muihin mahdollisiin laitteisiin.<\/p>\n\n\n\n<h2 class=\"wp-block-heading\">Salasanan vaihtaminen Gradian verkossa<\/h2>\n\n\n\n<p>Gradian sis\u00e4verkossa ollessasi voit vaihtaa salasanan seuraavasti:  Kirjaudu ty\u00f6asemaan tunnuksillasi ja paina n\u00e4pp\u00e4imist\u00f6lt\u00e4&nbsp;<strong>CTRL + ALT + DEL<\/strong>.<\/p>\n\n\n\n<p>1. Valitse&nbsp;<strong>Vaihda<\/strong><b> salasana&#8230;<\/b><\/p>\n\n\n\n<figure class=\"wp-block-image size-large is-resized\"><img fetchpriority=\"high\" decoding=\"async\" src=\"https:\/\/blogit.gradia.fi\/digipalvelut\/wp-content\/uploads\/sites\/99\/2020\/03\/12-scaled-e1584970102410-768x1024.jpg\" alt=\"\" class=\"wp-image-1726\" width=\"438\" height=\"584\" srcset=\"https:\/\/blogit.gradia.fi\/digipalvelut\/wp-content\/uploads\/sites\/99\/2020\/03\/12-scaled-e1584970102410-768x1024.jpg 768w, https:\/\/blogit.gradia.fi\/digipalvelut\/wp-content\/uploads\/sites\/99\/2020\/03\/12-scaled-e1584970102410-225x300.jpg 225w, https:\/\/blogit.gradia.fi\/digipalvelut\/wp-content\/uploads\/sites\/99\/2020\/03\/12-scaled-e1584970102410-1152x1536.jpg 1152w, https:\/\/blogit.gradia.fi\/digipalvelut\/wp-content\/uploads\/sites\/99\/2020\/03\/12-scaled-e1584970102410-1536x2048.jpg 1536w, https:\/\/blogit.gradia.fi\/digipalvelut\/wp-content\/uploads\/sites\/99\/2020\/03\/12-scaled-e1584970102410-620x827.jpg 620w, https:\/\/blogit.gradia.fi\/digipalvelut\/wp-content\/uploads\/sites\/99\/2020\/03\/12-scaled-e1584970102410.jpg 1920w\" sizes=\"(max-width: 438px) 100vw, 438px\" \/><\/figure>\n\n\n\n<p>&nbsp;2. Kirjoita vanha salasanasi ja uusi salasana kahteen kertaan. Hyv\u00e4ksy salasanan vaihto painamalla nuolta<\/p>\n\n\n\n<figure class=\"wp-block-image size-large is-resized\"><img decoding=\"async\" src=\"https:\/\/blogit.gradia.fi\/digipalvelut\/wp-content\/uploads\/sites\/99\/2020\/03\/1221_LI-768x1024.jpg\" alt=\"\" class=\"wp-image-1740\" width=\"444\" height=\"592\" srcset=\"https:\/\/blogit.gradia.fi\/digipalvelut\/wp-content\/uploads\/sites\/99\/2020\/03\/1221_LI-768x1024.jpg 768w, https:\/\/blogit.gradia.fi\/digipalvelut\/wp-content\/uploads\/sites\/99\/2020\/03\/1221_LI-225x300.jpg 225w, https:\/\/blogit.gradia.fi\/digipalvelut\/wp-content\/uploads\/sites\/99\/2020\/03\/1221_LI-1152x1536.jpg 1152w, https:\/\/blogit.gradia.fi\/digipalvelut\/wp-content\/uploads\/sites\/99\/2020\/03\/1221_LI-620x827.jpg 620w, https:\/\/blogit.gradia.fi\/digipalvelut\/wp-content\/uploads\/sites\/99\/2020\/03\/1221_LI.jpg 1224w\" sizes=\"(max-width: 444px) 100vw, 444px\" \/><\/figure>\n\n\n\n<p>3. Salasanan vaihto onnistui<\/p>\n\n\n\n<figure class=\"wp-block-image size-large is-resized\"><img decoding=\"async\" src=\"https:\/\/blogit.gradia.fi\/digipalvelut\/wp-content\/uploads\/sites\/99\/2020\/03\/21-scaled-e1584970225847-768x1024.jpg\" alt=\"\" class=\"wp-image-1728\" width=\"445\" height=\"593\" srcset=\"https:\/\/blogit.gradia.fi\/digipalvelut\/wp-content\/uploads\/sites\/99\/2020\/03\/21-scaled-e1584970225847-768x1024.jpg 768w, https:\/\/blogit.gradia.fi\/digipalvelut\/wp-content\/uploads\/sites\/99\/2020\/03\/21-scaled-e1584970225847-225x300.jpg 225w, https:\/\/blogit.gradia.fi\/digipalvelut\/wp-content\/uploads\/sites\/99\/2020\/03\/21-scaled-e1584970225847-1152x1536.jpg 1152w, https:\/\/blogit.gradia.fi\/digipalvelut\/wp-content\/uploads\/sites\/99\/2020\/03\/21-scaled-e1584970225847-1536x2048.jpg 1536w, https:\/\/blogit.gradia.fi\/digipalvelut\/wp-content\/uploads\/sites\/99\/2020\/03\/21-scaled-e1584970225847-620x827.jpg 620w, https:\/\/blogit.gradia.fi\/digipalvelut\/wp-content\/uploads\/sites\/99\/2020\/03\/21-scaled-e1584970225847.jpg 1920w\" sizes=\"(max-width: 445px) 100vw, 445px\" \/><\/figure>\n\n\n\n<h2 class=\"wp-block-heading\">Salasanan vaihtaminen Gradian verkon ulkopuolelta<\/h2>\n\n\n\n<p>Salasanan voi vaihtaa my\u00f6s ollessasi Gradian verkon ulkopuolella. Salasanojen vaihdot onnistuvat kaksivaiheisen tunnistamisen (MFA) my\u00f6t\u00e4 nyt my\u00f6s itsepalveluna osoitteen\u00a0<strong>salasana.gradia.fi<\/strong>\u00a0kautta. Salasanan vaihdossa varmistus kysyt\u00e4\u00e4n niiden tietojen mukaan, mit\u00e4 kaksivaiheiseen tunnistautumiseen kukin on itse m\u00e4\u00e4ritellyt.<\/p>\n\n\n\n<figure class=\"wp-block-image size-full\"><img loading=\"lazy\" decoding=\"async\" width=\"799\" height=\"536\" src=\"https:\/\/blogit.gradia.fi\/digipalvelut\/wp-content\/uploads\/sites\/99\/2023\/07\/image.png\" alt=\"Kuvankaappaus, tietojen sy\u00f6tt\u00e4minen salasanaa vaihtaessa. \" class=\"wp-image-2476\" srcset=\"https:\/\/blogit.gradia.fi\/digipalvelut\/wp-content\/uploads\/sites\/99\/2023\/07\/image.png 799w, https:\/\/blogit.gradia.fi\/digipalvelut\/wp-content\/uploads\/sites\/99\/2023\/07\/image-300x201.png 300w, https:\/\/blogit.gradia.fi\/digipalvelut\/wp-content\/uploads\/sites\/99\/2023\/07\/image-768x515.png 768w\" sizes=\"(max-width: 799px) 100vw, 799px\" \/><\/figure>\n\n\n\n<figure class=\"wp-block-image size-full\"><img loading=\"lazy\" decoding=\"async\" width=\"679\" height=\"535\" src=\"https:\/\/blogit.gradia.fi\/digipalvelut\/wp-content\/uploads\/sites\/99\/2023\/07\/image-1.png\" alt=\"Kuvankaappaus, tietojen sy\u00f6tt\u00e4minen salasanaa vaihtaessa. \" class=\"wp-image-2477\" srcset=\"https:\/\/blogit.gradia.fi\/digipalvelut\/wp-content\/uploads\/sites\/99\/2023\/07\/image-1.png 679w, https:\/\/blogit.gradia.fi\/digipalvelut\/wp-content\/uploads\/sites\/99\/2023\/07\/image-1-300x236.png 300w\" sizes=\"(max-width: 679px) 100vw, 679px\" \/><\/figure>\n\n\n\n<h2 class=\"wp-block-heading\">Monivaiheinen tunnistautuminen<\/h2>\n\n\n\n<p>Monivaiheinen tunnistautuminen(MFA) on olennainen osa tietoturvaa ja suojaa sinun k\u00e4ytt\u00e4j\u00e4tili\u00e4si luvattomalta k\u00e4yt\u00f6lt\u00e4. Kirjautuessasi Gradian palveluihin Gradian sis\u00e4verkon ulkopuolelta, tulee sinun varmentaa kirjautumisesi mobiililaitteellasi. T\u00e4m\u00e4 tapahtuu joko k\u00e4ytt\u00e4en t\u00e4h\u00e4n tarkoitettua mobiilisovellusta tai vastaanottamalla varmistuskoodi tekstiviestill\u00e4. <\/p>\n\n\n\n<p>Katso ohjeet monivaiheisen tunnistautumisen rekister\u00f6intiin <a href=\"https:\/\/blogit.gradia.fi\/digipalvelut\/ohjeita-ja-vinkkeja\/laitteet\/kaksivaiheisen-tunnistautumisen-mfa-kayttoonotto\/\">t\u00e4\u00e4lt\u00e4<\/a><\/p>\n\n\n\n<p><\/p>\n\n\n\n<p>Kaksivaiheinen tunnistautuminen k\u00e4ytt\u00f6\u00f6noton j\u00e4lkeen: <\/p>\n\n\n\n<ol class=\"wp-block-list\">\n<li>Kun olet kirjautumassa Gradian kaksivaiheista tunnistautumista vaativaan palveluun, kirjautumisen j\u00e4lkeen tulee ilmoitus kirjautumisen hyv\u00e4ksymisest\u00e4. Siirry hyv\u00e4ksym\u00e4\u00e4n kirjautuminen mobiililaitteella<\/li>\n\n\n\n<li>Valitsemasi tunnistamisen menetelm\u00e4n mukaan, saat joko soiton, koodin tekstiviestin mukana tai autentikointisovelluksen ilmoituksen.&nbsp;<\/li>\n<\/ol>\n\n\n\n<figure class=\"wp-block-image size-large\"><img loading=\"lazy\" decoding=\"async\" width=\"1024\" height=\"972\" src=\"https:\/\/blogit.gradia.fi\/digipalvelut\/wp-content\/uploads\/sites\/99\/2023\/07\/image-2-1024x972.png\" alt=\"Kuvankaappaus: esimerkki kirjautumisen hyv\u00e4ksymisest\u00e4 sovelluksessa. \" class=\"wp-image-2478\" srcset=\"https:\/\/blogit.gradia.fi\/digipalvelut\/wp-content\/uploads\/sites\/99\/2023\/07\/image-2-1024x972.png 1024w, https:\/\/blogit.gradia.fi\/digipalvelut\/wp-content\/uploads\/sites\/99\/2023\/07\/image-2-300x285.png 300w, https:\/\/blogit.gradia.fi\/digipalvelut\/wp-content\/uploads\/sites\/99\/2023\/07\/image-2-768x729.png 768w, https:\/\/blogit.gradia.fi\/digipalvelut\/wp-content\/uploads\/sites\/99\/2023\/07\/image-2-1536x1459.png 1536w, https:\/\/blogit.gradia.fi\/digipalvelut\/wp-content\/uploads\/sites\/99\/2023\/07\/image-2.png 1984w\" sizes=\"(max-width: 1024px) 100vw, 1024px\" \/><\/figure>\n\n\n\n<h2 class=\"wp-block-heading\">Ongelmia k\u00e4ytt\u00e4j\u00e4tunnuksien kanssa?<\/h2>\n\n\n\n<p>Mik\u00e4li k\u00e4ytt\u00e4j\u00e4tunnuksien kanssa ilmenee ongelmia esim. unohtunut salasana,  tunnus on jumissa tai vaikka et tied\u00e4 tunnuksiasi lainkaan, toimi seuraavasti: <\/p>\n\n\n\n<p><strong>Opiskelijat:<\/strong> Olkaa ensin yhteydess\u00e4 opettajaan ja h\u00e4nen kanssaan sitten tarvittaessa yhteys opintotoimistoon tai Digipalveluihin. <\/p>\n\n\n\n<p><strong>Opettajat\/henkil\u00f6kunta:<\/strong> Olkaa yhteydess\u00e4 Digipalveluihin. <\/p>\n\n\n\n<p><strong>Yhteystiedot: <\/strong><\/p>\n\n\n\n<p><a href=\"mailto:digipalvelut@gradia.fi\"><strong>digipalvelut@gradia.fi<\/strong><\/a><\/p>\n\n\n\n<p><strong>puh. 040 341 5123  <\/strong><\/p>\n\n\n\n<p><a href=\"http:\/\/palveluportaali.gradia.fi\"><strong>Palveluportaali<\/strong><\/a> <\/p>\n","protected":false},"excerpt":{"rendered":"<p>Gradian salasanavaatimukset: V\u00e4lt\u00e4 salasanassa erikoismerkkien (#\u00a4%=?#=&#8230;) ja \u00e4\u00e4kk\u00f6sten (\u00e4\u00e5\u00f6) k\u00e4ytt\u00f6\u00e4. Kaikki palvelut eiv\u00e4t hyv\u00e4ksy kyseisi\u00e4 merkkej\u00e4 salasanaan. Muistathan vaihtaa salasanan my\u00f6s puhelimeen ja muihin mahdollisiin laitteisiin. Salasanan vaihtaminen Gradian verkossa Gradian sis\u00e4verkossa ollessasi voit vaihtaa salasanan seuraavasti: Kirjaudu ty\u00f6asemaan tunnuksillasi ja paina n\u00e4pp\u00e4imist\u00f6lt\u00e4&nbsp;CTRL + ALT + DEL. 1. Valitse&nbsp;Vaihda salasana&#8230; [&hellip;]<\/p>\n","protected":false},"author":421,"featured_media":0,"parent":189,"menu_order":0,"comment_status":"closed","ping_status":"closed","template":"","meta":{"_uag_custom_page_level_css":"","footnotes":""},"class_list":["post-1476","page","type-page","status-publish","hentry"],"yoast_head":"<!-- This site is optimized with the Yoast SEO plugin v27.4 - https:\/\/yoast.com\/product\/yoast-seo-wordpress\/ -->\n<title>Salasanan vaihtaminen - Gradia Digipalvelut<\/title>\n<meta name=\"robots\" content=\"index, follow, max-snippet:-1, max-image-preview:large, max-video-preview:-1\" \/>\n<link rel=\"canonical\" href=\"https:\/\/blogit.gradia.fi\/digipalvelut\/ohjeita-ja-vinkkeja\/laitteet\/salasanan-vaihtaminen\/\" \/>\n<meta property=\"og:locale\" content=\"fi_FI\" \/>\n<meta property=\"og:type\" content=\"article\" \/>\n<meta property=\"og:title\" content=\"Salasanan vaihtaminen - Gradia Digipalvelut\" \/>\n<meta property=\"og:description\" content=\"Gradian salasanavaatimukset: V\u00e4lt\u00e4 salasanassa erikoismerkkien (#\u00a4%=?#=&#8230;) ja \u00e4\u00e4kk\u00f6sten (\u00e4\u00e5\u00f6) k\u00e4ytt\u00f6\u00e4. Kaikki palvelut eiv\u00e4t hyv\u00e4ksy kyseisi\u00e4 merkkej\u00e4 salasanaan. Muistathan vaihtaa salasanan my\u00f6s puhelimeen ja muihin mahdollisiin laitteisiin. Salasanan vaihtaminen Gradian verkossa Gradian sis\u00e4verkossa ollessasi voit vaihtaa salasanan seuraavasti: Kirjaudu ty\u00f6asemaan tunnuksillasi ja paina n\u00e4pp\u00e4imist\u00f6lt\u00e4&nbsp;CTRL + ALT + DEL. 1. Valitse&nbsp;Vaihda salasana&#8230; [&hellip;]\" \/>\n<meta property=\"og:url\" content=\"https:\/\/blogit.gradia.fi\/digipalvelut\/ohjeita-ja-vinkkeja\/laitteet\/salasanan-vaihtaminen\/\" \/>\n<meta property=\"og:site_name\" content=\"Gradia Digipalvelut\" \/>\n<meta property=\"article:modified_time\" content=\"2024-08-06T09:37:11+00:00\" \/>\n<meta property=\"og:image\" content=\"https:\/\/blogit.gradia.fi\/digipalvelut\/wp-content\/uploads\/sites\/99\/2020\/03\/12-scaled-e1584970102410-768x1024.jpg\" \/>\n<meta name=\"twitter:card\" content=\"summary_large_image\" \/>\n<meta name=\"twitter:label1\" content=\"Arvioitu lukuaika\" \/>\n\t<meta name=\"twitter:data1\" content=\"3 minuuttia\" \/>\n<script type=\"application\/ld+json\" class=\"yoast-schema-graph\">{\"@context\":\"https:\\\/\\\/schema.org\",\"@graph\":[{\"@type\":\"WebPage\",\"@id\":\"https:\\\/\\\/blogit.gradia.fi\\\/digipalvelut\\\/ohjeita-ja-vinkkeja\\\/laitteet\\\/salasanan-vaihtaminen\\\/\",\"url\":\"https:\\\/\\\/blogit.gradia.fi\\\/digipalvelut\\\/ohjeita-ja-vinkkeja\\\/laitteet\\\/salasanan-vaihtaminen\\\/\",\"name\":\"Salasanan vaihtaminen - Gradia Digipalvelut\",\"isPartOf\":{\"@id\":\"https:\\\/\\\/blogit.gradia.fi\\\/digipalvelut\\\/#website\"},\"primaryImageOfPage\":{\"@id\":\"https:\\\/\\\/blogit.gradia.fi\\\/digipalvelut\\\/ohjeita-ja-vinkkeja\\\/laitteet\\\/salasanan-vaihtaminen\\\/#primaryimage\"},\"image\":{\"@id\":\"https:\\\/\\\/blogit.gradia.fi\\\/digipalvelut\\\/ohjeita-ja-vinkkeja\\\/laitteet\\\/salasanan-vaihtaminen\\\/#primaryimage\"},\"thumbnailUrl\":\"https:\\\/\\\/blogit.gradia.fi\\\/digipalvelut\\\/wp-content\\\/uploads\\\/sites\\\/99\\\/2020\\\/03\\\/12-scaled-e1584970102410-768x1024.jpg\",\"datePublished\":\"2020-02-06T07:24:29+00:00\",\"dateModified\":\"2024-08-06T09:37:11+00:00\",\"breadcrumb\":{\"@id\":\"https:\\\/\\\/blogit.gradia.fi\\\/digipalvelut\\\/ohjeita-ja-vinkkeja\\\/laitteet\\\/salasanan-vaihtaminen\\\/#breadcrumb\"},\"inLanguage\":\"fi\",\"potentialAction\":[{\"@type\":\"ReadAction\",\"target\":[\"https:\\\/\\\/blogit.gradia.fi\\\/digipalvelut\\\/ohjeita-ja-vinkkeja\\\/laitteet\\\/salasanan-vaihtaminen\\\/\"]}]},{\"@type\":\"ImageObject\",\"inLanguage\":\"fi\",\"@id\":\"https:\\\/\\\/blogit.gradia.fi\\\/digipalvelut\\\/ohjeita-ja-vinkkeja\\\/laitteet\\\/salasanan-vaihtaminen\\\/#primaryimage\",\"url\":\"https:\\\/\\\/blogit.gradia.fi\\\/digipalvelut\\\/wp-content\\\/uploads\\\/sites\\\/99\\\/2020\\\/03\\\/12-scaled-e1584970102410.jpg\",\"contentUrl\":\"https:\\\/\\\/blogit.gradia.fi\\\/digipalvelut\\\/wp-content\\\/uploads\\\/sites\\\/99\\\/2020\\\/03\\\/12-scaled-e1584970102410.jpg\",\"width\":1920,\"height\":2560},{\"@type\":\"BreadcrumbList\",\"@id\":\"https:\\\/\\\/blogit.gradia.fi\\\/digipalvelut\\\/ohjeita-ja-vinkkeja\\\/laitteet\\\/salasanan-vaihtaminen\\\/#breadcrumb\",\"itemListElement\":[{\"@type\":\"ListItem\",\"position\":1,\"name\":\"Ohjeita ja vinkkej\u00e4\",\"item\":\"https:\\\/\\\/blogit.gradia.fi\\\/digipalvelut\\\/ohjeita-ja-vinkkeja\\\/\"},{\"@type\":\"ListItem\",\"position\":2,\"name\":\"Laitteet\",\"item\":\"https:\\\/\\\/blogit.gradia.fi\\\/digipalvelut\\\/ohjeita-ja-vinkkeja\\\/laitteet\\\/\"},{\"@type\":\"ListItem\",\"position\":3,\"name\":\"Salasanan vaihtaminen\"}]},{\"@type\":\"WebSite\",\"@id\":\"https:\\\/\\\/blogit.gradia.fi\\\/digipalvelut\\\/#website\",\"url\":\"https:\\\/\\\/blogit.gradia.fi\\\/digipalvelut\\\/\",\"name\":\"Gradia Digipalvelut\",\"description\":\"Astetta enemm\u00e4n digi\u00e4\",\"publisher\":{\"@id\":\"https:\\\/\\\/blogit.gradia.fi\\\/digipalvelut\\\/#organization\"},\"potentialAction\":[{\"@type\":\"SearchAction\",\"target\":{\"@type\":\"EntryPoint\",\"urlTemplate\":\"https:\\\/\\\/blogit.gradia.fi\\\/digipalvelut\\\/?s={search_term_string}\"},\"query-input\":{\"@type\":\"PropertyValueSpecification\",\"valueRequired\":true,\"valueName\":\"search_term_string\"}}],\"inLanguage\":\"fi\"},{\"@type\":\"Organization\",\"@id\":\"https:\\\/\\\/blogit.gradia.fi\\\/digipalvelut\\\/#organization\",\"name\":\"Gradia Digipalvelut\",\"url\":\"https:\\\/\\\/blogit.gradia.fi\\\/digipalvelut\\\/\",\"logo\":{\"@type\":\"ImageObject\",\"inLanguage\":\"fi\",\"@id\":\"https:\\\/\\\/blogit.gradia.fi\\\/digipalvelut\\\/#\\\/schema\\\/logo\\\/image\\\/\",\"url\":\"https:\\\/\\\/blogit.gradia.fi\\\/digipalvelut\\\/wp-content\\\/uploads\\\/sites\\\/99\\\/2019\\\/06\\\/cropped-Gradia_logo_Cyber_TRANSPARENT.png\",\"contentUrl\":\"https:\\\/\\\/blogit.gradia.fi\\\/digipalvelut\\\/wp-content\\\/uploads\\\/sites\\\/99\\\/2019\\\/06\\\/cropped-Gradia_logo_Cyber_TRANSPARENT.png\",\"width\":316,\"height\":382,\"caption\":\"Gradia Digipalvelut\"},\"image\":{\"@id\":\"https:\\\/\\\/blogit.gradia.fi\\\/digipalvelut\\\/#\\\/schema\\\/logo\\\/image\\\/\"}}]}<\/script>\n<!-- \/ Yoast SEO plugin. -->","yoast_head_json":{"title":"Salasanan vaihtaminen - Gradia Digipalvelut","robots":{"index":"index","follow":"follow","max-snippet":"max-snippet:-1","max-image-preview":"max-image-preview:large","max-video-preview":"max-video-preview:-1"},"canonical":"https:\/\/blogit.gradia.fi\/digipalvelut\/ohjeita-ja-vinkkeja\/laitteet\/salasanan-vaihtaminen\/","og_locale":"fi_FI","og_type":"article","og_title":"Salasanan vaihtaminen - Gradia Digipalvelut","og_description":"Gradian salasanavaatimukset: V\u00e4lt\u00e4 salasanassa erikoismerkkien (#\u00a4%=?#=&#8230;) ja \u00e4\u00e4kk\u00f6sten (\u00e4\u00e5\u00f6) k\u00e4ytt\u00f6\u00e4. Kaikki palvelut eiv\u00e4t hyv\u00e4ksy kyseisi\u00e4 merkkej\u00e4 salasanaan. Muistathan vaihtaa salasanan my\u00f6s puhelimeen ja muihin mahdollisiin laitteisiin. Salasanan vaihtaminen Gradian verkossa Gradian sis\u00e4verkossa ollessasi voit vaihtaa salasanan seuraavasti: Kirjaudu ty\u00f6asemaan tunnuksillasi ja paina n\u00e4pp\u00e4imist\u00f6lt\u00e4&nbsp;CTRL + ALT + DEL. 1. Valitse&nbsp;Vaihda salasana&#8230; [&hellip;]","og_url":"https:\/\/blogit.gradia.fi\/digipalvelut\/ohjeita-ja-vinkkeja\/laitteet\/salasanan-vaihtaminen\/","og_site_name":"Gradia Digipalvelut","article_modified_time":"2024-08-06T09:37:11+00:00","og_image":[{"url":"https:\/\/blogit.gradia.fi\/digipalvelut\/wp-content\/uploads\/sites\/99\/2020\/03\/12-scaled-e1584970102410-768x1024.jpg","type":"","width":"","height":""}],"twitter_card":"summary_large_image","twitter_misc":{"Arvioitu lukuaika":"3 minuuttia"},"schema":{"@context":"https:\/\/schema.org","@graph":[{"@type":"WebPage","@id":"https:\/\/blogit.gradia.fi\/digipalvelut\/ohjeita-ja-vinkkeja\/laitteet\/salasanan-vaihtaminen\/","url":"https:\/\/blogit.gradia.fi\/digipalvelut\/ohjeita-ja-vinkkeja\/laitteet\/salasanan-vaihtaminen\/","name":"Salasanan vaihtaminen - Gradia Digipalvelut","isPartOf":{"@id":"https:\/\/blogit.gradia.fi\/digipalvelut\/#website"},"primaryImageOfPage":{"@id":"https:\/\/blogit.gradia.fi\/digipalvelut\/ohjeita-ja-vinkkeja\/laitteet\/salasanan-vaihtaminen\/#primaryimage"},"image":{"@id":"https:\/\/blogit.gradia.fi\/digipalvelut\/ohjeita-ja-vinkkeja\/laitteet\/salasanan-vaihtaminen\/#primaryimage"},"thumbnailUrl":"https:\/\/blogit.gradia.fi\/digipalvelut\/wp-content\/uploads\/sites\/99\/2020\/03\/12-scaled-e1584970102410-768x1024.jpg","datePublished":"2020-02-06T07:24:29+00:00","dateModified":"2024-08-06T09:37:11+00:00","breadcrumb":{"@id":"https:\/\/blogit.gradia.fi\/digipalvelut\/ohjeita-ja-vinkkeja\/laitteet\/salasanan-vaihtaminen\/#breadcrumb"},"inLanguage":"fi","potentialAction":[{"@type":"ReadAction","target":["https:\/\/blogit.gradia.fi\/digipalvelut\/ohjeita-ja-vinkkeja\/laitteet\/salasanan-vaihtaminen\/"]}]},{"@type":"ImageObject","inLanguage":"fi","@id":"https:\/\/blogit.gradia.fi\/digipalvelut\/ohjeita-ja-vinkkeja\/laitteet\/salasanan-vaihtaminen\/#primaryimage","url":"https:\/\/blogit.gradia.fi\/digipalvelut\/wp-content\/uploads\/sites\/99\/2020\/03\/12-scaled-e1584970102410.jpg","contentUrl":"https:\/\/blogit.gradia.fi\/digipalvelut\/wp-content\/uploads\/sites\/99\/2020\/03\/12-scaled-e1584970102410.jpg","width":1920,"height":2560},{"@type":"BreadcrumbList","@id":"https:\/\/blogit.gradia.fi\/digipalvelut\/ohjeita-ja-vinkkeja\/laitteet\/salasanan-vaihtaminen\/#breadcrumb","itemListElement":[{"@type":"ListItem","position":1,"name":"Ohjeita ja vinkkej\u00e4","item":"https:\/\/blogit.gradia.fi\/digipalvelut\/ohjeita-ja-vinkkeja\/"},{"@type":"ListItem","position":2,"name":"Laitteet","item":"https:\/\/blogit.gradia.fi\/digipalvelut\/ohjeita-ja-vinkkeja\/laitteet\/"},{"@type":"ListItem","position":3,"name":"Salasanan vaihtaminen"}]},{"@type":"WebSite","@id":"https:\/\/blogit.gradia.fi\/digipalvelut\/#website","url":"https:\/\/blogit.gradia.fi\/digipalvelut\/","name":"Gradia Digipalvelut","description":"Astetta enemm\u00e4n digi\u00e4","publisher":{"@id":"https:\/\/blogit.gradia.fi\/digipalvelut\/#organization"},"potentialAction":[{"@type":"SearchAction","target":{"@type":"EntryPoint","urlTemplate":"https:\/\/blogit.gradia.fi\/digipalvelut\/?s={search_term_string}"},"query-input":{"@type":"PropertyValueSpecification","valueRequired":true,"valueName":"search_term_string"}}],"inLanguage":"fi"},{"@type":"Organization","@id":"https:\/\/blogit.gradia.fi\/digipalvelut\/#organization","name":"Gradia Digipalvelut","url":"https:\/\/blogit.gradia.fi\/digipalvelut\/","logo":{"@type":"ImageObject","inLanguage":"fi","@id":"https:\/\/blogit.gradia.fi\/digipalvelut\/#\/schema\/logo\/image\/","url":"https:\/\/blogit.gradia.fi\/digipalvelut\/wp-content\/uploads\/sites\/99\/2019\/06\/cropped-Gradia_logo_Cyber_TRANSPARENT.png","contentUrl":"https:\/\/blogit.gradia.fi\/digipalvelut\/wp-content\/uploads\/sites\/99\/2019\/06\/cropped-Gradia_logo_Cyber_TRANSPARENT.png","width":316,"height":382,"caption":"Gradia Digipalvelut"},"image":{"@id":"https:\/\/blogit.gradia.fi\/digipalvelut\/#\/schema\/logo\/image\/"}}]}},"uagb_featured_image_src":{"full":false,"thumbnail":false,"medium":false,"medium_large":false,"large":false,"1536x1536":false,"2048x2048":false,"hestia-blog":false},"uagb_author_info":{"display_name":"Merja Hakanen","author_link":"https:\/\/blogit.gradia.fi\/digipalvelut\/author\/hakanmer\/"},"uagb_comment_info":0,"uagb_excerpt":"Gradian salasanavaatimukset: V\u00e4lt\u00e4 salasanassa erikoismerkkien (#\u00a4%=?#=&#8230;) ja \u00e4\u00e4kk\u00f6sten (\u00e4\u00e5\u00f6) k\u00e4ytt\u00f6\u00e4. Kaikki palvelut eiv\u00e4t hyv\u00e4ksy kyseisi\u00e4 merkkej\u00e4 salasanaan. Muistathan vaihtaa salasanan my\u00f6s puhelimeen ja muihin mahdollisiin laitteisiin. Salasanan vaihtaminen Gradian verkossa Gradian sis\u00e4verkossa ollessasi voit vaihtaa salasanan seuraavasti: Kirjaudu ty\u00f6asemaan tunnuksillasi ja paina n\u00e4pp\u00e4imist\u00f6lt\u00e4&nbsp;CTRL + ALT + DEL. 1. Valitse&nbsp;Vaihda salasana&#8230; [&hellip;]","_links":{"self":[{"href":"https:\/\/blogit.gradia.fi\/digipalvelut\/wp-json\/wp\/v2\/pages\/1476","targetHints":{"allow":["GET"]}}],"collection":[{"href":"https:\/\/blogit.gradia.fi\/digipalvelut\/wp-json\/wp\/v2\/pages"}],"about":[{"href":"https:\/\/blogit.gradia.fi\/digipalvelut\/wp-json\/wp\/v2\/types\/page"}],"author":[{"embeddable":true,"href":"https:\/\/blogit.gradia.fi\/digipalvelut\/wp-json\/wp\/v2\/users\/421"}],"replies":[{"embeddable":true,"href":"https:\/\/blogit.gradia.fi\/digipalvelut\/wp-json\/wp\/v2\/comments?post=1476"}],"version-history":[{"count":13,"href":"https:\/\/blogit.gradia.fi\/digipalvelut\/wp-json\/wp\/v2\/pages\/1476\/revisions"}],"predecessor-version":[{"id":2479,"href":"https:\/\/blogit.gradia.fi\/digipalvelut\/wp-json\/wp\/v2\/pages\/1476\/revisions\/2479"}],"up":[{"embeddable":true,"href":"https:\/\/blogit.gradia.fi\/digipalvelut\/wp-json\/wp\/v2\/pages\/189"}],"wp:attachment":[{"href":"https:\/\/blogit.gradia.fi\/digipalvelut\/wp-json\/wp\/v2\/media?parent=1476"}],"curies":[{"name":"wp","href":"https:\/\/api.w.org\/{rel}","templated":true}]}}