{"id":1450,"date":"2020-01-23T14:26:58","date_gmt":"2020-01-23T12:26:58","guid":{"rendered":"https:\/\/blogit.gradia.fi\/digipalvelut\/?page_id=1450"},"modified":"2020-01-23T14:26:59","modified_gmt":"2020-01-23T12:26:59","slug":"tehtavan-palautus-nayttokuvana","status":"publish","type":"page","link":"https:\/\/blogit.gradia.fi\/digipalvelut\/tehtavan-palautus-nayttokuvana\/","title":{"rendered":"Teht\u00e4v\u00e4n palautus n\u00e4ytt\u00f6kuvana"},"content":{"rendered":"\n<p>Joskus opintojakson teht\u00e4v\u00e4n palautus verkkoymp\u00e4rist\u00f6\u00f6n (kaaviokuvat, verkkotestien tulokset..) voidaan tehd\u00e4 n\u00e4ytt\u00f6kuvana\/kuvakaappauksena www-sivulta. Vaihtoehdot n\u00e4ytt\u00f6kuvan ottamiseen:<\/p>\n\n\n\n<ul class=\"wp-block-list\"><li><strong>Windows-tietokoneella<\/strong>: paina tietokoneen n\u00e4pp\u00e4imist\u00f6ll\u00e4 Print Screen. Tietokoneen n\u00e4ytt\u00f6kuva tallentuu kuvakaappauksena leikep\u00f6yd\u00e4lle. T\u00e4m\u00e4n j\u00e4lkeen kuvan voi liitt\u00e4\u00e4 esimerkiksi Paint-sovellukseen (Hae-toiminnolla l\u00f6ytyy), josta sen voi tallentaa ja vied\u00e4 verkkoty\u00f6tilaan. <\/li><li><strong>Windows-tietokoneella<\/strong>: haluamasi kokoisen kuvakaappauksen tekemiseen l\u00f6ytyy sovellus Leikkausty\u00f6kalu (Snipping tool), jonka l\u00f6yd\u00e4t painamalla Windows-n\u00e4pp\u00e4int\u00e4 ja kirjoittamalla sen nimen. <\/li><li><strong>N\u00e4ytt\u00f6kaappaus \u00e4lypuhelimella<\/strong>: voit ottaa n\u00e4ytt\u00f6kaappauksen my\u00f6s \u00e4lypuhelimella, ohjeet <a href=\"https:\/\/support.apple.com\/fi-fi\/HT200289\">Android<\/a> ja <a rel=\"noreferrer noopener\" aria-label=\"iOS (avautuu uudessa v\u00e4lilehdess\u00e4)\" href=\"https:\/\/support.apple.com\/fi-fi\/HT200289\" target=\"_blank\">iOS<\/a>.<\/li><\/ul>\n\n\n\n<p>Lopuksi n\u00e4ytt\u00f6kuva palautetaan tiedostona verkkoymp\u00e4rist\u00f6\u00f6n.<\/p>\n\n\n","protected":false},"excerpt":{"rendered":"<p>Joskus opintojakson teht\u00e4v\u00e4n palautus verkkoymp\u00e4rist\u00f6\u00f6n (kaaviokuvat, verkkotestien tulokset..) voidaan tehd\u00e4 n\u00e4ytt\u00f6kuvana\/kuvakaappauksena www-sivulta. Vaihtoehdot n\u00e4ytt\u00f6kuvan ottamiseen: Windows-tietokoneella: paina tietokoneen n\u00e4pp\u00e4imist\u00f6ll\u00e4 Print Screen. Tietokoneen n\u00e4ytt\u00f6kuva tallentuu kuvakaappauksena leikep\u00f6yd\u00e4lle. T\u00e4m\u00e4n j\u00e4lkeen kuvan voi liitt\u00e4\u00e4 esimerkiksi Paint-sovellukseen (Hae-toiminnolla l\u00f6ytyy), josta sen voi tallentaa ja vied\u00e4 verkkoty\u00f6tilaan. Windows-tietokoneella: haluamasi kokoisen kuvakaappauksen tekemiseen l\u00f6ytyy sovellus Leikkausty\u00f6kalu [&hellip;]<\/p>\n","protected":false},"author":161,"featured_media":0,"parent":0,"menu_order":0,"comment_status":"closed","ping_status":"closed","template":"","meta":{"_uag_custom_page_level_css":"","footnotes":""},"class_list":["post-1450","page","type-page","status-publish","hentry"],"yoast_head":"<!-- This site is optimized with the Yoast SEO plugin v27.5 - https:\/\/yoast.com\/product\/yoast-seo-wordpress\/ -->\n<title>Teht\u00e4v\u00e4n palautus n\u00e4ytt\u00f6kuvana - Gradia Digipalvelut<\/title>\n<meta name=\"robots\" content=\"index, follow, max-snippet:-1, max-image-preview:large, max-video-preview:-1\" \/>\n<link rel=\"canonical\" href=\"https:\/\/blogit.gradia.fi\/digipalvelut\/tehtavan-palautus-nayttokuvana\/\" \/>\n<meta property=\"og:locale\" content=\"fi_FI\" \/>\n<meta property=\"og:type\" content=\"article\" \/>\n<meta property=\"og:title\" content=\"Teht\u00e4v\u00e4n palautus n\u00e4ytt\u00f6kuvana - Gradia Digipalvelut\" \/>\n<meta property=\"og:description\" content=\"Joskus opintojakson teht\u00e4v\u00e4n palautus verkkoymp\u00e4rist\u00f6\u00f6n (kaaviokuvat, verkkotestien tulokset..) voidaan tehd\u00e4 n\u00e4ytt\u00f6kuvana\/kuvakaappauksena www-sivulta. Vaihtoehdot n\u00e4ytt\u00f6kuvan ottamiseen: Windows-tietokoneella: paina tietokoneen n\u00e4pp\u00e4imist\u00f6ll\u00e4 Print Screen. Tietokoneen n\u00e4ytt\u00f6kuva tallentuu kuvakaappauksena leikep\u00f6yd\u00e4lle. T\u00e4m\u00e4n j\u00e4lkeen kuvan voi liitt\u00e4\u00e4 esimerkiksi Paint-sovellukseen (Hae-toiminnolla l\u00f6ytyy), josta sen voi tallentaa ja vied\u00e4 verkkoty\u00f6tilaan. Windows-tietokoneella: haluamasi kokoisen kuvakaappauksen tekemiseen l\u00f6ytyy sovellus Leikkausty\u00f6kalu [&hellip;]\" \/>\n<meta property=\"og:url\" content=\"https:\/\/blogit.gradia.fi\/digipalvelut\/tehtavan-palautus-nayttokuvana\/\" \/>\n<meta property=\"og:site_name\" content=\"Gradia Digipalvelut\" \/>\n<meta property=\"article:modified_time\" content=\"2020-01-23T12:26:59+00:00\" \/>\n<meta name=\"twitter:card\" content=\"summary_large_image\" \/>\n<meta name=\"twitter:label1\" content=\"Arvioitu lukuaika\" \/>\n\t<meta name=\"twitter:data1\" content=\"1 minuutti\" \/>\n<script type=\"application\/ld+json\" class=\"yoast-schema-graph\">{\"@context\":\"https:\\\/\\\/schema.org\",\"@graph\":[{\"@type\":\"WebPage\",\"@id\":\"https:\\\/\\\/blogit.gradia.fi\\\/digipalvelut\\\/tehtavan-palautus-nayttokuvana\\\/\",\"url\":\"https:\\\/\\\/blogit.gradia.fi\\\/digipalvelut\\\/tehtavan-palautus-nayttokuvana\\\/\",\"name\":\"Teht\u00e4v\u00e4n palautus n\u00e4ytt\u00f6kuvana - Gradia Digipalvelut\",\"isPartOf\":{\"@id\":\"https:\\\/\\\/blogit.gradia.fi\\\/digipalvelut\\\/#website\"},\"datePublished\":\"2020-01-23T12:26:58+00:00\",\"dateModified\":\"2020-01-23T12:26:59+00:00\",\"inLanguage\":\"fi\",\"potentialAction\":[{\"@type\":\"ReadAction\",\"target\":[\"https:\\\/\\\/blogit.gradia.fi\\\/digipalvelut\\\/tehtavan-palautus-nayttokuvana\\\/\"]}]},{\"@type\":\"WebSite\",\"@id\":\"https:\\\/\\\/blogit.gradia.fi\\\/digipalvelut\\\/#website\",\"url\":\"https:\\\/\\\/blogit.gradia.fi\\\/digipalvelut\\\/\",\"name\":\"Gradia Digipalvelut\",\"description\":\"Astetta enemm\u00e4n digi\u00e4\",\"publisher\":{\"@id\":\"https:\\\/\\\/blogit.gradia.fi\\\/digipalvelut\\\/#organization\"},\"potentialAction\":[{\"@type\":\"SearchAction\",\"target\":{\"@type\":\"EntryPoint\",\"urlTemplate\":\"https:\\\/\\\/blogit.gradia.fi\\\/digipalvelut\\\/?s={search_term_string}\"},\"query-input\":{\"@type\":\"PropertyValueSpecification\",\"valueRequired\":true,\"valueName\":\"search_term_string\"}}],\"inLanguage\":\"fi\"},{\"@type\":\"Organization\",\"@id\":\"https:\\\/\\\/blogit.gradia.fi\\\/digipalvelut\\\/#organization\",\"name\":\"Gradia Digipalvelut\",\"url\":\"https:\\\/\\\/blogit.gradia.fi\\\/digipalvelut\\\/\",\"logo\":{\"@type\":\"ImageObject\",\"inLanguage\":\"fi\",\"@id\":\"https:\\\/\\\/blogit.gradia.fi\\\/digipalvelut\\\/#\\\/schema\\\/logo\\\/image\\\/\",\"url\":\"https:\\\/\\\/blogit.gradia.fi\\\/digipalvelut\\\/wp-content\\\/uploads\\\/sites\\\/99\\\/2019\\\/06\\\/cropped-Gradia_logo_Cyber_TRANSPARENT.png\",\"contentUrl\":\"https:\\\/\\\/blogit.gradia.fi\\\/digipalvelut\\\/wp-content\\\/uploads\\\/sites\\\/99\\\/2019\\\/06\\\/cropped-Gradia_logo_Cyber_TRANSPARENT.png\",\"width\":316,\"height\":382,\"caption\":\"Gradia Digipalvelut\"},\"image\":{\"@id\":\"https:\\\/\\\/blogit.gradia.fi\\\/digipalvelut\\\/#\\\/schema\\\/logo\\\/image\\\/\"}}]}<\/script>\n<!-- \/ Yoast SEO plugin. -->","yoast_head_json":{"title":"Teht\u00e4v\u00e4n palautus n\u00e4ytt\u00f6kuvana - Gradia Digipalvelut","robots":{"index":"index","follow":"follow","max-snippet":"max-snippet:-1","max-image-preview":"max-image-preview:large","max-video-preview":"max-video-preview:-1"},"canonical":"https:\/\/blogit.gradia.fi\/digipalvelut\/tehtavan-palautus-nayttokuvana\/","og_locale":"fi_FI","og_type":"article","og_title":"Teht\u00e4v\u00e4n palautus n\u00e4ytt\u00f6kuvana - Gradia Digipalvelut","og_description":"Joskus opintojakson teht\u00e4v\u00e4n palautus verkkoymp\u00e4rist\u00f6\u00f6n (kaaviokuvat, verkkotestien tulokset..) voidaan tehd\u00e4 n\u00e4ytt\u00f6kuvana\/kuvakaappauksena www-sivulta. Vaihtoehdot n\u00e4ytt\u00f6kuvan ottamiseen: Windows-tietokoneella: paina tietokoneen n\u00e4pp\u00e4imist\u00f6ll\u00e4 Print Screen. Tietokoneen n\u00e4ytt\u00f6kuva tallentuu kuvakaappauksena leikep\u00f6yd\u00e4lle. T\u00e4m\u00e4n j\u00e4lkeen kuvan voi liitt\u00e4\u00e4 esimerkiksi Paint-sovellukseen (Hae-toiminnolla l\u00f6ytyy), josta sen voi tallentaa ja vied\u00e4 verkkoty\u00f6tilaan. Windows-tietokoneella: haluamasi kokoisen kuvakaappauksen tekemiseen l\u00f6ytyy sovellus Leikkausty\u00f6kalu [&hellip;]","og_url":"https:\/\/blogit.gradia.fi\/digipalvelut\/tehtavan-palautus-nayttokuvana\/","og_site_name":"Gradia Digipalvelut","article_modified_time":"2020-01-23T12:26:59+00:00","twitter_card":"summary_large_image","twitter_misc":{"Arvioitu lukuaika":"1 minuutti"},"schema":{"@context":"https:\/\/schema.org","@graph":[{"@type":"WebPage","@id":"https:\/\/blogit.gradia.fi\/digipalvelut\/tehtavan-palautus-nayttokuvana\/","url":"https:\/\/blogit.gradia.fi\/digipalvelut\/tehtavan-palautus-nayttokuvana\/","name":"Teht\u00e4v\u00e4n palautus n\u00e4ytt\u00f6kuvana - Gradia Digipalvelut","isPartOf":{"@id":"https:\/\/blogit.gradia.fi\/digipalvelut\/#website"},"datePublished":"2020-01-23T12:26:58+00:00","dateModified":"2020-01-23T12:26:59+00:00","inLanguage":"fi","potentialAction":[{"@type":"ReadAction","target":["https:\/\/blogit.gradia.fi\/digipalvelut\/tehtavan-palautus-nayttokuvana\/"]}]},{"@type":"WebSite","@id":"https:\/\/blogit.gradia.fi\/digipalvelut\/#website","url":"https:\/\/blogit.gradia.fi\/digipalvelut\/","name":"Gradia Digipalvelut","description":"Astetta enemm\u00e4n digi\u00e4","publisher":{"@id":"https:\/\/blogit.gradia.fi\/digipalvelut\/#organization"},"potentialAction":[{"@type":"SearchAction","target":{"@type":"EntryPoint","urlTemplate":"https:\/\/blogit.gradia.fi\/digipalvelut\/?s={search_term_string}"},"query-input":{"@type":"PropertyValueSpecification","valueRequired":true,"valueName":"search_term_string"}}],"inLanguage":"fi"},{"@type":"Organization","@id":"https:\/\/blogit.gradia.fi\/digipalvelut\/#organization","name":"Gradia Digipalvelut","url":"https:\/\/blogit.gradia.fi\/digipalvelut\/","logo":{"@type":"ImageObject","inLanguage":"fi","@id":"https:\/\/blogit.gradia.fi\/digipalvelut\/#\/schema\/logo\/image\/","url":"https:\/\/blogit.gradia.fi\/digipalvelut\/wp-content\/uploads\/sites\/99\/2019\/06\/cropped-Gradia_logo_Cyber_TRANSPARENT.png","contentUrl":"https:\/\/blogit.gradia.fi\/digipalvelut\/wp-content\/uploads\/sites\/99\/2019\/06\/cropped-Gradia_logo_Cyber_TRANSPARENT.png","width":316,"height":382,"caption":"Gradia Digipalvelut"},"image":{"@id":"https:\/\/blogit.gradia.fi\/digipalvelut\/#\/schema\/logo\/image\/"}}]}},"uagb_featured_image_src":{"full":false,"thumbnail":false,"medium":false,"medium_large":false,"large":false,"1536x1536":false,"2048x2048":false,"hestia-blog":false},"uagb_author_info":{"display_name":"Hanna Frilander","author_link":"https:\/\/blogit.gradia.fi\/digipalvelut\/author\/frilahan\/"},"uagb_comment_info":0,"uagb_excerpt":"Joskus opintojakson teht\u00e4v\u00e4n palautus verkkoymp\u00e4rist\u00f6\u00f6n (kaaviokuvat, verkkotestien tulokset..) voidaan tehd\u00e4 n\u00e4ytt\u00f6kuvana\/kuvakaappauksena www-sivulta. Vaihtoehdot n\u00e4ytt\u00f6kuvan ottamiseen: Windows-tietokoneella: paina tietokoneen n\u00e4pp\u00e4imist\u00f6ll\u00e4 Print Screen. Tietokoneen n\u00e4ytt\u00f6kuva tallentuu kuvakaappauksena leikep\u00f6yd\u00e4lle. T\u00e4m\u00e4n j\u00e4lkeen kuvan voi liitt\u00e4\u00e4 esimerkiksi Paint-sovellukseen (Hae-toiminnolla l\u00f6ytyy), josta sen voi tallentaa ja vied\u00e4 verkkoty\u00f6tilaan. Windows-tietokoneella: haluamasi kokoisen kuvakaappauksen tekemiseen l\u00f6ytyy sovellus Leikkausty\u00f6kalu [&hellip;]","_links":{"self":[{"href":"https:\/\/blogit.gradia.fi\/digipalvelut\/wp-json\/wp\/v2\/pages\/1450","targetHints":{"allow":["GET"]}}],"collection":[{"href":"https:\/\/blogit.gradia.fi\/digipalvelut\/wp-json\/wp\/v2\/pages"}],"about":[{"href":"https:\/\/blogit.gradia.fi\/digipalvelut\/wp-json\/wp\/v2\/types\/page"}],"author":[{"embeddable":true,"href":"https:\/\/blogit.gradia.fi\/digipalvelut\/wp-json\/wp\/v2\/users\/161"}],"replies":[{"embeddable":true,"href":"https:\/\/blogit.gradia.fi\/digipalvelut\/wp-json\/wp\/v2\/comments?post=1450"}],"version-history":[{"count":1,"href":"https:\/\/blogit.gradia.fi\/digipalvelut\/wp-json\/wp\/v2\/pages\/1450\/revisions"}],"predecessor-version":[{"id":1451,"href":"https:\/\/blogit.gradia.fi\/digipalvelut\/wp-json\/wp\/v2\/pages\/1450\/revisions\/1451"}],"wp:attachment":[{"href":"https:\/\/blogit.gradia.fi\/digipalvelut\/wp-json\/wp\/v2\/media?parent=1450"}],"curies":[{"name":"wp","href":"https:\/\/api.w.org\/{rel}","templated":true}]}}