{"id":1415,"date":"2020-01-14T15:24:44","date_gmt":"2020-01-14T13:24:44","guid":{"rendered":"https:\/\/blogit.gradia.fi\/digipalvelut\/?page_id=1415"},"modified":"2020-01-29T15:02:01","modified_gmt":"2020-01-29T13:02:01","slug":"f-secure-mobile-security-sovelluksen-poistaminen","status":"publish","type":"page","link":"https:\/\/blogit.gradia.fi\/digipalvelut\/ohjeita-ja-vinkkeja\/laitteet\/f-secure-mobile-security-sovelluksen-poistaminen\/","title":{"rendered":"F-Secure Mobile Security &#8211; sovelluksen poistaminen"},"content":{"rendered":"\n<p>Pid\u00e4 huolta puhelimesi tietoturvasta k\u00e4ytt\u00e4m\u00e4ll\u00e4 sopivaa sovellusta! Gradian puhelimiin asennetaan F-Secure Freedome for Business, mutta jos laitteesi on otettu k\u00e4ytt\u00f6\u00f6n ennen maaliskuuta 2019, voi laitteessasi olla vanhempi F-Secure Mobile Security-sovellus. Poista t\u00e4m\u00e4 sovellus noudattaen n\u00e4it\u00e4 ohjeita. <\/p>\n\n\n\n<h2 class=\"wp-block-heading\">Vanhemmat Samsung-puhelimet<\/h2>\n\n\n\n<h3 class=\"wp-block-heading\">Tapa 1 &#8211; vanhemmat puhelimet<\/h3>\n\n\n\n<ul class=\"wp-block-list\"><li>Paina ty\u00f6p\u00f6yd\u00e4ll\u00e4 olevaa&nbsp;&nbsp;<img decoding=\"async\" width=\"96\" height=\"97\" class=\"wp-image-1416\" style=\"width: 40px\" src=\"https:\/\/blogit.gradia.fi\/digipalvelut\/wp-content\/uploads\/sites\/99\/2020\/01\/Samsung1.png\" alt=\"F-Secure-kuvake\">&nbsp; -kuvaketta pidemm\u00e4n aikaa.<\/li><li>Yl\u00e4reunaan ilmestyy Poista ja siirr\u00e4 sovellukset -valinnat<\/li><li>Valitse <strong>Poista .<\/strong><\/li><\/ul>\n\n\n\n<figure class=\"wp-block-image\"><img decoding=\"async\" width=\"123\" height=\"206\" src=\"https:\/\/blogit.gradia.fi\/digipalvelut\/wp-content\/uploads\/sites\/99\/2020\/01\/Samsung2.png\" alt=\"\" class=\"wp-image-1417\" \/><\/figure>\n\n\n\n<h3 class=\"wp-block-heading\">Tapa 2 &#8211; vanhemmat puhelimet<\/h3>\n\n\n\n<figure class=\"wp-block-image\"><img fetchpriority=\"high\" decoding=\"async\" width=\"646\" height=\"201\" src=\"https:\/\/blogit.gradia.fi\/digipalvelut\/wp-content\/uploads\/sites\/99\/2020\/01\/image-2.png\" alt=\"Kuvat puhelimen asetusten k\u00e4ytt\u00f6liittym\u00e4st\u00e4, kuinka poistetaan sovellus. \" class=\"wp-image-1434\" srcset=\"https:\/\/blogit.gradia.fi\/digipalvelut\/wp-content\/uploads\/sites\/99\/2020\/01\/image-2.png 646w, https:\/\/blogit.gradia.fi\/digipalvelut\/wp-content\/uploads\/sites\/99\/2020\/01\/image-2-300x93.png 300w, https:\/\/blogit.gradia.fi\/digipalvelut\/wp-content\/uploads\/sites\/99\/2020\/01\/image-2-620x193.png 620w\" sizes=\"(max-width: 646px) 100vw, 646px\" \/><\/figure>\n\n\n\n<ul class=\"wp-block-list\"><li>Valitse puhelimen <strong>Asetukset<\/strong><\/li><li>Valitse <strong>Sovellukset<\/strong><\/li><li>Valitse <strong>Sovellusten hallinta<\/strong><\/li><li>Etsi F-Secure Mobile Security ja avaa se<\/li><li>Valitse <strong>Poista asennus<\/strong>.<\/li><\/ul>\n\n\n\n<h2 class=\"wp-block-heading\">Uudemmat Samsung-puhelimet<\/h2>\n\n\n\n<h3 class=\"wp-block-heading\">Tapa 1 &#8211; uudemmat puhelimet<\/h3>\n\n\n\n<ul class=\"wp-block-list\"><li>Paina ty\u00f6p\u00f6yd\u00e4ll\u00e4 olevaa&nbsp;&nbsp;<img decoding=\"async\" width=\"96\" height=\"97\" class=\"wp-image-1416\" style=\"width: 40px\" src=\"https:\/\/blogit.gradia.fi\/digipalvelut\/wp-content\/uploads\/sites\/99\/2020\/01\/Samsung1.png\" alt=\"F-Secure-kuvake\">&nbsp; -kuvaketta pidemm\u00e4n aikaa.<\/li><li>Valitse <strong>Poista asennus<\/strong>.<\/li><\/ul>\n\n\n\n<figure class=\"wp-block-image\"><img loading=\"lazy\" decoding=\"async\" width=\"123\" height=\"219\" src=\"https:\/\/blogit.gradia.fi\/digipalvelut\/wp-content\/uploads\/sites\/99\/2020\/01\/samsung3.jpg\" alt=\"Paina puhelimen ty\u00f6p\u00f6yd\u00e4ll\u00e4 F-Secure Mobile Security kuvaketta. \" class=\"wp-image-1436\" \/><\/figure>\n\n\n\n<h3 class=\"wp-block-heading\">Tapa 2 -uudemmat puhelimet<\/h3>\n\n\n\n<figure class=\"wp-block-image\"><img loading=\"lazy\" decoding=\"async\" width=\"522\" height=\"213\" src=\"https:\/\/blogit.gradia.fi\/digipalvelut\/wp-content\/uploads\/sites\/99\/2020\/01\/image-3.png\" alt=\"Kuvat puhelimen asetusten k\u00e4ytt\u00f6liittym\u00e4st\u00e4, kuinka poistetaan sovellus. \" class=\"wp-image-1438\" srcset=\"https:\/\/blogit.gradia.fi\/digipalvelut\/wp-content\/uploads\/sites\/99\/2020\/01\/image-3.png 522w, https:\/\/blogit.gradia.fi\/digipalvelut\/wp-content\/uploads\/sites\/99\/2020\/01\/image-3-300x122.png 300w\" sizes=\"(max-width: 522px) 100vw, 522px\" \/><\/figure>\n\n\n\n<ul class=\"wp-block-list\"><li>Valitse puhelimen <strong>Asetukset<\/strong><\/li><li>Valitse <strong>Sovellukset<\/strong><\/li><li>Etsi F-Secure Mobile Security ja avaa se<\/li><li>Valitse <strong>Poista asennus<\/strong><\/li><li>Valitse <strong>OK<\/strong>. <\/li><\/ul>\n\n\n\n<h2 class=\"wp-block-heading\">Uuden tietoturvasovelluksen aktivointi<\/h2>\n\n\n\n<p>F-Secure Mobile Security &#8211; sovelluksen poistamisen j\u00e4lkeen <a href=\"https:\/\/blogit.gradia.fi\/digipalvelut\/ohjeita-ja-vinkkeja\/laitteet\/freedomen-aktivointi-puhelimeen\/\">aktivoi F-Secure Freedome for Business n\u00e4iden ohjeiden avulla<\/a>. <\/p>\n","protected":false},"excerpt":{"rendered":"<p>Pid\u00e4 huolta puhelimesi tietoturvasta k\u00e4ytt\u00e4m\u00e4ll\u00e4 sopivaa sovellusta! Gradian puhelimiin asennetaan F-Secure Freedome for Business, mutta jos laitteesi on otettu k\u00e4ytt\u00f6\u00f6n ennen maaliskuuta 2019, voi laitteessasi olla vanhempi F-Secure Mobile Security-sovellus. Poista t\u00e4m\u00e4 sovellus noudattaen n\u00e4it\u00e4 ohjeita. Vanhemmat Samsung-puhelimet Tapa 1 &#8211; vanhemmat puhelimet Paina ty\u00f6p\u00f6yd\u00e4ll\u00e4 olevaa&nbsp;&nbsp;&nbsp; -kuvaketta pidemm\u00e4n aikaa. Yl\u00e4reunaan [&hellip;]<\/p>\n","protected":false},"author":421,"featured_media":0,"parent":189,"menu_order":0,"comment_status":"closed","ping_status":"closed","template":"","meta":{"_uag_custom_page_level_css":"","footnotes":""},"class_list":["post-1415","page","type-page","status-publish","hentry"],"yoast_head":"<!-- This site is optimized with the Yoast SEO plugin v27.2 - https:\/\/yoast.com\/product\/yoast-seo-wordpress\/ -->\n<title>F-Secure Mobile Security - sovelluksen poistaminen - Gradia Digipalvelut<\/title>\n<meta name=\"robots\" content=\"index, follow, max-snippet:-1, max-image-preview:large, max-video-preview:-1\" \/>\n<link rel=\"canonical\" href=\"https:\/\/blogit.gradia.fi\/digipalvelut\/ohjeita-ja-vinkkeja\/laitteet\/f-secure-mobile-security-sovelluksen-poistaminen\/\" \/>\n<meta property=\"og:locale\" content=\"fi_FI\" \/>\n<meta property=\"og:type\" content=\"article\" \/>\n<meta property=\"og:title\" content=\"F-Secure Mobile Security - sovelluksen poistaminen - Gradia Digipalvelut\" \/>\n<meta property=\"og:description\" content=\"Pid\u00e4 huolta puhelimesi tietoturvasta k\u00e4ytt\u00e4m\u00e4ll\u00e4 sopivaa sovellusta! Gradian puhelimiin asennetaan F-Secure Freedome for Business, mutta jos laitteesi on otettu k\u00e4ytt\u00f6\u00f6n ennen maaliskuuta 2019, voi laitteessasi olla vanhempi F-Secure Mobile Security-sovellus. Poista t\u00e4m\u00e4 sovellus noudattaen n\u00e4it\u00e4 ohjeita. Vanhemmat Samsung-puhelimet Tapa 1 &#8211; vanhemmat puhelimet Paina ty\u00f6p\u00f6yd\u00e4ll\u00e4 olevaa&nbsp;&nbsp;&nbsp; -kuvaketta pidemm\u00e4n aikaa. Yl\u00e4reunaan [&hellip;]\" \/>\n<meta property=\"og:url\" content=\"https:\/\/blogit.gradia.fi\/digipalvelut\/ohjeita-ja-vinkkeja\/laitteet\/f-secure-mobile-security-sovelluksen-poistaminen\/\" \/>\n<meta property=\"og:site_name\" content=\"Gradia Digipalvelut\" \/>\n<meta property=\"article:modified_time\" content=\"2020-01-29T13:02:01+00:00\" \/>\n<meta property=\"og:image\" content=\"https:\/\/blogit.gradia.fi\/digipalvelut\/wp-content\/uploads\/sites\/99\/2020\/01\/Samsung1.png\" \/>\n<meta name=\"twitter:card\" content=\"summary_large_image\" \/>\n<meta name=\"twitter:label1\" content=\"Arvioitu lukuaika\" \/>\n\t<meta name=\"twitter:data1\" content=\"1 minuutti\" \/>\n<script type=\"application\/ld+json\" class=\"yoast-schema-graph\">{\"@context\":\"https:\/\/schema.org\",\"@graph\":[{\"@type\":\"WebPage\",\"@id\":\"https:\/\/blogit.gradia.fi\/digipalvelut\/ohjeita-ja-vinkkeja\/laitteet\/f-secure-mobile-security-sovelluksen-poistaminen\/\",\"url\":\"https:\/\/blogit.gradia.fi\/digipalvelut\/ohjeita-ja-vinkkeja\/laitteet\/f-secure-mobile-security-sovelluksen-poistaminen\/\",\"name\":\"F-Secure Mobile Security - sovelluksen poistaminen - Gradia Digipalvelut\",\"isPartOf\":{\"@id\":\"https:\/\/blogit.gradia.fi\/digipalvelut\/#website\"},\"primaryImageOfPage\":{\"@id\":\"https:\/\/blogit.gradia.fi\/digipalvelut\/ohjeita-ja-vinkkeja\/laitteet\/f-secure-mobile-security-sovelluksen-poistaminen\/#primaryimage\"},\"image\":{\"@id\":\"https:\/\/blogit.gradia.fi\/digipalvelut\/ohjeita-ja-vinkkeja\/laitteet\/f-secure-mobile-security-sovelluksen-poistaminen\/#primaryimage\"},\"thumbnailUrl\":\"https:\/\/blogit.gradia.fi\/digipalvelut\/wp-content\/uploads\/sites\/99\/2020\/01\/Samsung1.png\",\"datePublished\":\"2020-01-14T13:24:44+00:00\",\"dateModified\":\"2020-01-29T13:02:01+00:00\",\"breadcrumb\":{\"@id\":\"https:\/\/blogit.gradia.fi\/digipalvelut\/ohjeita-ja-vinkkeja\/laitteet\/f-secure-mobile-security-sovelluksen-poistaminen\/#breadcrumb\"},\"inLanguage\":\"fi\",\"potentialAction\":[{\"@type\":\"ReadAction\",\"target\":[\"https:\/\/blogit.gradia.fi\/digipalvelut\/ohjeita-ja-vinkkeja\/laitteet\/f-secure-mobile-security-sovelluksen-poistaminen\/\"]}]},{\"@type\":\"ImageObject\",\"inLanguage\":\"fi\",\"@id\":\"https:\/\/blogit.gradia.fi\/digipalvelut\/ohjeita-ja-vinkkeja\/laitteet\/f-secure-mobile-security-sovelluksen-poistaminen\/#primaryimage\",\"url\":\"https:\/\/blogit.gradia.fi\/digipalvelut\/wp-content\/uploads\/sites\/99\/2020\/01\/Samsung1.png\",\"contentUrl\":\"https:\/\/blogit.gradia.fi\/digipalvelut\/wp-content\/uploads\/sites\/99\/2020\/01\/Samsung1.png\",\"width\":96,\"height\":97,\"caption\":\"F-Secure-kuvake\"},{\"@type\":\"BreadcrumbList\",\"@id\":\"https:\/\/blogit.gradia.fi\/digipalvelut\/ohjeita-ja-vinkkeja\/laitteet\/f-secure-mobile-security-sovelluksen-poistaminen\/#breadcrumb\",\"itemListElement\":[{\"@type\":\"ListItem\",\"position\":1,\"name\":\"Ohjeita ja vinkkej\u00e4\",\"item\":\"https:\/\/blogit.gradia.fi\/digipalvelut\/ohjeita-ja-vinkkeja\/\"},{\"@type\":\"ListItem\",\"position\":2,\"name\":\"Laitteet\",\"item\":\"https:\/\/blogit.gradia.fi\/digipalvelut\/ohjeita-ja-vinkkeja\/laitteet\/\"},{\"@type\":\"ListItem\",\"position\":3,\"name\":\"F-Secure Mobile Security &#8211; sovelluksen poistaminen\"}]},{\"@type\":\"WebSite\",\"@id\":\"https:\/\/blogit.gradia.fi\/digipalvelut\/#website\",\"url\":\"https:\/\/blogit.gradia.fi\/digipalvelut\/\",\"name\":\"Gradia Digipalvelut\",\"description\":\"Astetta enemm\u00e4n digi\u00e4\",\"publisher\":{\"@id\":\"https:\/\/blogit.gradia.fi\/digipalvelut\/#organization\"},\"potentialAction\":[{\"@type\":\"SearchAction\",\"target\":{\"@type\":\"EntryPoint\",\"urlTemplate\":\"https:\/\/blogit.gradia.fi\/digipalvelut\/?s={search_term_string}\"},\"query-input\":{\"@type\":\"PropertyValueSpecification\",\"valueRequired\":true,\"valueName\":\"search_term_string\"}}],\"inLanguage\":\"fi\"},{\"@type\":\"Organization\",\"@id\":\"https:\/\/blogit.gradia.fi\/digipalvelut\/#organization\",\"name\":\"Gradia Digipalvelut\",\"url\":\"https:\/\/blogit.gradia.fi\/digipalvelut\/\",\"logo\":{\"@type\":\"ImageObject\",\"inLanguage\":\"fi\",\"@id\":\"https:\/\/blogit.gradia.fi\/digipalvelut\/#\/schema\/logo\/image\/\",\"url\":\"https:\/\/blogit.gradia.fi\/digipalvelut\/wp-content\/uploads\/sites\/99\/2019\/06\/cropped-Gradia_logo_Cyber_TRANSPARENT.png\",\"contentUrl\":\"https:\/\/blogit.gradia.fi\/digipalvelut\/wp-content\/uploads\/sites\/99\/2019\/06\/cropped-Gradia_logo_Cyber_TRANSPARENT.png\",\"width\":316,\"height\":382,\"caption\":\"Gradia Digipalvelut\"},\"image\":{\"@id\":\"https:\/\/blogit.gradia.fi\/digipalvelut\/#\/schema\/logo\/image\/\"}}]}<\/script>\n<!-- \/ Yoast SEO plugin. -->","yoast_head_json":{"title":"F-Secure Mobile Security - sovelluksen poistaminen - Gradia Digipalvelut","robots":{"index":"index","follow":"follow","max-snippet":"max-snippet:-1","max-image-preview":"max-image-preview:large","max-video-preview":"max-video-preview:-1"},"canonical":"https:\/\/blogit.gradia.fi\/digipalvelut\/ohjeita-ja-vinkkeja\/laitteet\/f-secure-mobile-security-sovelluksen-poistaminen\/","og_locale":"fi_FI","og_type":"article","og_title":"F-Secure Mobile Security - sovelluksen poistaminen - Gradia Digipalvelut","og_description":"Pid\u00e4 huolta puhelimesi tietoturvasta k\u00e4ytt\u00e4m\u00e4ll\u00e4 sopivaa sovellusta! Gradian puhelimiin asennetaan F-Secure Freedome for Business, mutta jos laitteesi on otettu k\u00e4ytt\u00f6\u00f6n ennen maaliskuuta 2019, voi laitteessasi olla vanhempi F-Secure Mobile Security-sovellus. Poista t\u00e4m\u00e4 sovellus noudattaen n\u00e4it\u00e4 ohjeita. Vanhemmat Samsung-puhelimet Tapa 1 &#8211; vanhemmat puhelimet Paina ty\u00f6p\u00f6yd\u00e4ll\u00e4 olevaa&nbsp;&nbsp;&nbsp; -kuvaketta pidemm\u00e4n aikaa. Yl\u00e4reunaan [&hellip;]","og_url":"https:\/\/blogit.gradia.fi\/digipalvelut\/ohjeita-ja-vinkkeja\/laitteet\/f-secure-mobile-security-sovelluksen-poistaminen\/","og_site_name":"Gradia Digipalvelut","article_modified_time":"2020-01-29T13:02:01+00:00","og_image":[{"url":"https:\/\/blogit.gradia.fi\/digipalvelut\/wp-content\/uploads\/sites\/99\/2020\/01\/Samsung1.png","type":"","width":"","height":""}],"twitter_card":"summary_large_image","twitter_misc":{"Arvioitu lukuaika":"1 minuutti"},"schema":{"@context":"https:\/\/schema.org","@graph":[{"@type":"WebPage","@id":"https:\/\/blogit.gradia.fi\/digipalvelut\/ohjeita-ja-vinkkeja\/laitteet\/f-secure-mobile-security-sovelluksen-poistaminen\/","url":"https:\/\/blogit.gradia.fi\/digipalvelut\/ohjeita-ja-vinkkeja\/laitteet\/f-secure-mobile-security-sovelluksen-poistaminen\/","name":"F-Secure Mobile Security - sovelluksen poistaminen - Gradia Digipalvelut","isPartOf":{"@id":"https:\/\/blogit.gradia.fi\/digipalvelut\/#website"},"primaryImageOfPage":{"@id":"https:\/\/blogit.gradia.fi\/digipalvelut\/ohjeita-ja-vinkkeja\/laitteet\/f-secure-mobile-security-sovelluksen-poistaminen\/#primaryimage"},"image":{"@id":"https:\/\/blogit.gradia.fi\/digipalvelut\/ohjeita-ja-vinkkeja\/laitteet\/f-secure-mobile-security-sovelluksen-poistaminen\/#primaryimage"},"thumbnailUrl":"https:\/\/blogit.gradia.fi\/digipalvelut\/wp-content\/uploads\/sites\/99\/2020\/01\/Samsung1.png","datePublished":"2020-01-14T13:24:44+00:00","dateModified":"2020-01-29T13:02:01+00:00","breadcrumb":{"@id":"https:\/\/blogit.gradia.fi\/digipalvelut\/ohjeita-ja-vinkkeja\/laitteet\/f-secure-mobile-security-sovelluksen-poistaminen\/#breadcrumb"},"inLanguage":"fi","potentialAction":[{"@type":"ReadAction","target":["https:\/\/blogit.gradia.fi\/digipalvelut\/ohjeita-ja-vinkkeja\/laitteet\/f-secure-mobile-security-sovelluksen-poistaminen\/"]}]},{"@type":"ImageObject","inLanguage":"fi","@id":"https:\/\/blogit.gradia.fi\/digipalvelut\/ohjeita-ja-vinkkeja\/laitteet\/f-secure-mobile-security-sovelluksen-poistaminen\/#primaryimage","url":"https:\/\/blogit.gradia.fi\/digipalvelut\/wp-content\/uploads\/sites\/99\/2020\/01\/Samsung1.png","contentUrl":"https:\/\/blogit.gradia.fi\/digipalvelut\/wp-content\/uploads\/sites\/99\/2020\/01\/Samsung1.png","width":96,"height":97,"caption":"F-Secure-kuvake"},{"@type":"BreadcrumbList","@id":"https:\/\/blogit.gradia.fi\/digipalvelut\/ohjeita-ja-vinkkeja\/laitteet\/f-secure-mobile-security-sovelluksen-poistaminen\/#breadcrumb","itemListElement":[{"@type":"ListItem","position":1,"name":"Ohjeita ja vinkkej\u00e4","item":"https:\/\/blogit.gradia.fi\/digipalvelut\/ohjeita-ja-vinkkeja\/"},{"@type":"ListItem","position":2,"name":"Laitteet","item":"https:\/\/blogit.gradia.fi\/digipalvelut\/ohjeita-ja-vinkkeja\/laitteet\/"},{"@type":"ListItem","position":3,"name":"F-Secure Mobile Security &#8211; sovelluksen poistaminen"}]},{"@type":"WebSite","@id":"https:\/\/blogit.gradia.fi\/digipalvelut\/#website","url":"https:\/\/blogit.gradia.fi\/digipalvelut\/","name":"Gradia Digipalvelut","description":"Astetta enemm\u00e4n digi\u00e4","publisher":{"@id":"https:\/\/blogit.gradia.fi\/digipalvelut\/#organization"},"potentialAction":[{"@type":"SearchAction","target":{"@type":"EntryPoint","urlTemplate":"https:\/\/blogit.gradia.fi\/digipalvelut\/?s={search_term_string}"},"query-input":{"@type":"PropertyValueSpecification","valueRequired":true,"valueName":"search_term_string"}}],"inLanguage":"fi"},{"@type":"Organization","@id":"https:\/\/blogit.gradia.fi\/digipalvelut\/#organization","name":"Gradia Digipalvelut","url":"https:\/\/blogit.gradia.fi\/digipalvelut\/","logo":{"@type":"ImageObject","inLanguage":"fi","@id":"https:\/\/blogit.gradia.fi\/digipalvelut\/#\/schema\/logo\/image\/","url":"https:\/\/blogit.gradia.fi\/digipalvelut\/wp-content\/uploads\/sites\/99\/2019\/06\/cropped-Gradia_logo_Cyber_TRANSPARENT.png","contentUrl":"https:\/\/blogit.gradia.fi\/digipalvelut\/wp-content\/uploads\/sites\/99\/2019\/06\/cropped-Gradia_logo_Cyber_TRANSPARENT.png","width":316,"height":382,"caption":"Gradia Digipalvelut"},"image":{"@id":"https:\/\/blogit.gradia.fi\/digipalvelut\/#\/schema\/logo\/image\/"}}]}},"uagb_featured_image_src":{"full":false,"thumbnail":false,"medium":false,"medium_large":false,"large":false,"1536x1536":false,"2048x2048":false,"hestia-blog":false},"uagb_author_info":{"display_name":"Merja Hakanen","author_link":"https:\/\/blogit.gradia.fi\/digipalvelut\/author\/hakanmer\/"},"uagb_comment_info":0,"uagb_excerpt":"Pid\u00e4 huolta puhelimesi tietoturvasta k\u00e4ytt\u00e4m\u00e4ll\u00e4 sopivaa sovellusta! Gradian puhelimiin asennetaan F-Secure Freedome for Business, mutta jos laitteesi on otettu k\u00e4ytt\u00f6\u00f6n ennen maaliskuuta 2019, voi laitteessasi olla vanhempi F-Secure Mobile Security-sovellus. Poista t\u00e4m\u00e4 sovellus noudattaen n\u00e4it\u00e4 ohjeita. Vanhemmat Samsung-puhelimet Tapa 1 &#8211; vanhemmat puhelimet Paina ty\u00f6p\u00f6yd\u00e4ll\u00e4 olevaa&nbsp;&nbsp;&nbsp; -kuvaketta pidemm\u00e4n aikaa. Yl\u00e4reunaan [&hellip;]","_links":{"self":[{"href":"https:\/\/blogit.gradia.fi\/digipalvelut\/wp-json\/wp\/v2\/pages\/1415","targetHints":{"allow":["GET"]}}],"collection":[{"href":"https:\/\/blogit.gradia.fi\/digipalvelut\/wp-json\/wp\/v2\/pages"}],"about":[{"href":"https:\/\/blogit.gradia.fi\/digipalvelut\/wp-json\/wp\/v2\/types\/page"}],"author":[{"embeddable":true,"href":"https:\/\/blogit.gradia.fi\/digipalvelut\/wp-json\/wp\/v2\/users\/421"}],"replies":[{"embeddable":true,"href":"https:\/\/blogit.gradia.fi\/digipalvelut\/wp-json\/wp\/v2\/comments?post=1415"}],"version-history":[{"count":5,"href":"https:\/\/blogit.gradia.fi\/digipalvelut\/wp-json\/wp\/v2\/pages\/1415\/revisions"}],"predecessor-version":[{"id":1464,"href":"https:\/\/blogit.gradia.fi\/digipalvelut\/wp-json\/wp\/v2\/pages\/1415\/revisions\/1464"}],"up":[{"embeddable":true,"href":"https:\/\/blogit.gradia.fi\/digipalvelut\/wp-json\/wp\/v2\/pages\/189"}],"wp:attachment":[{"href":"https:\/\/blogit.gradia.fi\/digipalvelut\/wp-json\/wp\/v2\/media?parent=1415"}],"curies":[{"name":"wp","href":"https:\/\/api.w.org\/{rel}","templated":true}]}}