{"id":1333,"date":"2019-11-18T15:22:57","date_gmt":"2019-11-18T13:22:57","guid":{"rendered":"https:\/\/blogit.gradia.fi\/digipalvelut\/?page_id=1333"},"modified":"2020-08-20T14:35:00","modified_gmt":"2020-08-20T11:35:00","slug":"tekstin-kopiointi-moodleen","status":"publish","type":"page","link":"https:\/\/blogit.gradia.fi\/digipalvelut\/ohjeita-ja-vinkkeja\/moodle\/tekstin-kopiointi-moodleen\/","title":{"rendered":"Tekstin kopiointi Moodleen"},"content":{"rendered":"\n<p><strong>Kopioidessasi teksti\u00e4 toisesta l\u00e4hteest\u00e4, kuten Optimasta, PowerPointista tai Wordista, poista aina tekstin muotoilut ennen tekstin liitt\u00e4mist\u00e4 Moodleen.<\/strong> <strong>Toisesta l\u00e4hteest\u00e4, kuten verkkosivuilta, tulevat muotoilut voivat rikkoa Moodle -pohjan rakenteen.<\/strong><\/p>\n\n\n\n<h2 class=\"wp-block-heading\">Tekstin kopioiminen ja liitt\u00e4minen pikakomennoilla Moodleen<\/h2>\n\n\n\n<p>Kopioi haluamasi teksi valitsemastasi l\u00e4hteest\u00e4 <\/p>\n\n\n\n<ul class=\"wp-block-list\"><li>maalaamalla teksti ja painamalla Ctrl + C<\/li><li>liitt\u00e4\u00e4m\u00e4ll\u00e4 tekstin Moodlen tekstieditoriin <strong>Ctrl + Shift\/Vaihto\/nuoli yl\u00f6s + V<\/strong><\/li><\/ul>\n\n\n\n<figure class=\"wp-block-image size-large is-resized\"><img fetchpriority=\"high\" decoding=\"async\" src=\"https:\/\/blogit.gradia.fi\/digipalvelut\/wp-content\/uploads\/sites\/99\/2020\/08\/ctrl_shift_v-2.jpg\" alt=\"\" class=\"wp-image-1991\" width=\"291\" height=\"220\" srcset=\"https:\/\/blogit.gradia.fi\/digipalvelut\/wp-content\/uploads\/sites\/99\/2020\/08\/ctrl_shift_v-2.jpg 600w, https:\/\/blogit.gradia.fi\/digipalvelut\/wp-content\/uploads\/sites\/99\/2020\/08\/ctrl_shift_v-2-300x228.jpg 300w\" sizes=\"(max-width: 291px) 100vw, 291px\" \/><\/figure>\n\n\n\n<p>T\u00e4ll\u00e4 komennolla liit\u00e4t pelk\u00e4n tekstin, etk\u00e4 tuo Moodle-pohjaa mahdollisesti rikkovia muotoiluja pohjaasi.<\/p>\n\n\n\n<p>Vaihtoehtoisesti maalaa teksti, klikkaa hiiren oikeaa ja valitset kopio. Mene t\u00e4m\u00e4n j\u00e4lkeen Moodlen tekstieditoriin, klikkaa hiiren oikeaa ja valitse Liit\u00e4 vain teksti.<\/p>\n\n\n\n<p><img decoding=\"async\" width=\"1263\" height=\"599\" class=\"wp-image-1921\" style=\"width: 600px\" src=\"https:\/\/blogit.gradia.fi\/digipalvelut\/wp-content\/uploads\/sites\/99\/2020\/06\/MicrosoftTeams-image-2.png\" alt=\"CTRL+SHIFT+V pikakomento liit\u00e4 pelkk\u00e4 teksti toiminnolle\" srcset=\"https:\/\/blogit.gradia.fi\/digipalvelut\/wp-content\/uploads\/sites\/99\/2020\/06\/MicrosoftTeams-image-2.png 1263w, https:\/\/blogit.gradia.fi\/digipalvelut\/wp-content\/uploads\/sites\/99\/2020\/06\/MicrosoftTeams-image-2-300x142.png 300w, https:\/\/blogit.gradia.fi\/digipalvelut\/wp-content\/uploads\/sites\/99\/2020\/06\/MicrosoftTeams-image-2-1024x486.png 1024w, https:\/\/blogit.gradia.fi\/digipalvelut\/wp-content\/uploads\/sites\/99\/2020\/06\/MicrosoftTeams-image-2-768x364.png 768w, https:\/\/blogit.gradia.fi\/digipalvelut\/wp-content\/uploads\/sites\/99\/2020\/06\/MicrosoftTeams-image-2-620x294.png 620w\" sizes=\"(max-width: 1263px) 100vw, 1263px\" \/> <\/p>\n\n\n\n<h2 class=\"wp-block-heading\">Tekstin kopiointi ja liitt\u00e4minen Word:n avulla<\/h2>\n\n\n\n<p>Kun haluat tuoda valmista teksti\u00e4 Word-tiedostosta tai verkkosivuilta Moodleen, niin toimi seuraavasti&nbsp;<\/p>\n\n\n\n<ol class=\"wp-block-list\"><li><strong>Avaa tyhj\u00e4 Word \u2013tiedosto<\/strong>&nbsp;<\/li><li><strong>Kopioi<\/strong> haluamasi teksti verkosta tai Word \u2013tiedostosta&nbsp;<\/li><li><strong>Palaa tyhj\u00e4lle Word \u2013sivulle<\/strong> (Poistaaksesi muotoilut olemassa olevasta tekstist\u00e4 )<ol><li><strong>Klikkaa hiiren oikealla Word-sivulla ja valitse &#8221;liit\u00e4 vain teksti&#8221;<\/strong>&nbsp;<br>&nbsp;&nbsp;<img decoding=\"async\" width=\"207\" height=\"292\" class=\"wp-image-1391\" style=\"width: 150px\" src=\"https:\/\/blogit.gradia.fi\/digipalvelut\/wp-content\/uploads\/sites\/99\/2019\/12\/tekstin-liitt\u00e4minen.jpg\" alt=\"\"><\/li><li><strong>TAI <\/strong>valitse Word-tiedoston vasemmasta yl\u00e4kulmasta&nbsp;<strong>liit\u00e4 =&gt; s\u00e4ilyt\u00e4 vain teksti<\/strong>&nbsp;<br><img loading=\"lazy\" decoding=\"async\" width=\"266\" height=\"286\" class=\"wp-image-1394\" style=\"width: 150px\" src=\"https:\/\/blogit.gradia.fi\/digipalvelut\/wp-content\/uploads\/sites\/99\/2019\/12\/tekstin-liitt\u00e4minen.png\" alt=\"Tekstin liitt\u00e4minen wordiin\"><\/li><\/ol><\/li><li><strong>Kopioi<\/strong> t\u00e4m\u00e4n j\u00e4lkeen <strong>uudelleen Wordiin tuomasi teksti<\/strong> esim&nbsp;CTRL + C komennolla tai maalaamalla&nbsp;teksi&nbsp;Word:ssa&nbsp;ja klikkaamalla hiiren oikeaa ja valitsemalla kopioi&nbsp;<\/li><li><strong>Liit\u00e4 kopioimasi teksti nyt Moodleen<\/strong>&nbsp; CTRL + V komennolla tai&nbsp;klikkaamalla hiiren oikeaa ja valitsemalla liit\u00e4.&nbsp;<\/li><\/ol>\n\n\n\n<h2 class=\"wp-block-heading\">Tekstin kopiointi ja liitt\u00e4minen Notepadin avulla<\/h2>\n\n\n\n<p>Toisesta j\u00e4rjestelm\u00e4st\u00e4 tuotu teksti voi sis\u00e4lt\u00e4\u00e4 muotoiluja, jotka sotkevat Moodlen tekstieditorin toimintaa. Suosittelemme siis seuraavaa toimintatapaa:<\/p>\n\n\n\n<ol class=\"wp-block-list\"><li><strong>Kopioi haluamasi teksti<\/strong> esim. CTRL + C komennolla tai maalaamalla tekstin, klikkaamalla hiiren oikeaa ja valitsemalla kopioi&#8230;<\/li><li><strong>Avaa Muistio\/Notepad -ohjelma koneeltasi<\/strong>. Voit hakea ohjelman Windows:in hakutoiminnolla, joka l\u00f6ytyy yleens\u00e4 kuvaruutusi vasemmasta alalaidasta suurennuslasin takaa.<br><img loading=\"lazy\" decoding=\"async\" width=\"699\" height=\"714\" class=\"wp-image-1337\" style=\"width: 300px\" src=\"https:\/\/blogit.gradia.fi\/digipalvelut\/wp-content\/uploads\/sites\/99\/2019\/11\/Muistio.png\" alt=\"Muistion hakeminen tietokoneelta\" srcset=\"https:\/\/blogit.gradia.fi\/digipalvelut\/wp-content\/uploads\/sites\/99\/2019\/11\/Muistio.png 699w, https:\/\/blogit.gradia.fi\/digipalvelut\/wp-content\/uploads\/sites\/99\/2019\/11\/Muistio-294x300.png 294w, https:\/\/blogit.gradia.fi\/digipalvelut\/wp-content\/uploads\/sites\/99\/2019\/11\/Muistio-620x633.png 620w\" sizes=\"(max-width: 699px) 100vw, 699px\" \/><\/li><li><strong>Liit\u00e4 teksti Muistioon<\/strong> esim. CTRL + V komennolla. T\u00e4ll\u00e4 poistat tekstin muotoilun.<\/li><li> K<strong>opioi Muistiossa oleva teksti uudelleen <\/strong>esim. CTRL + C komennolla.  <\/li><li>Avaa Moodlessa haluamasi tekstieditori-ikkuna ja <strong>liit\u00e4 Muistiosta kopioimasi teksti Moodleen<\/strong> esim. <strong>CTRL +  Shift\/Vaihto\/nuoli yl\u00f6s + V<\/strong> komennolla.<\/li><\/ol>\n","protected":false},"excerpt":{"rendered":"<p>Kopioidessasi teksti\u00e4 toisesta l\u00e4hteest\u00e4, kuten Optimasta, PowerPointista tai Wordista, poista aina tekstin muotoilut ennen tekstin liitt\u00e4mist\u00e4 Moodleen. Toisesta l\u00e4hteest\u00e4, kuten verkkosivuilta, tulevat muotoilut voivat rikkoa Moodle -pohjan rakenteen. Tekstin kopioiminen ja liitt\u00e4minen pikakomennoilla Moodleen Kopioi haluamasi teksi valitsemastasi l\u00e4hteest\u00e4 maalaamalla teksti ja painamalla Ctrl + C liitt\u00e4\u00e4m\u00e4ll\u00e4 tekstin Moodlen tekstieditoriin [&hellip;]<\/p>\n","protected":false},"author":165,"featured_media":0,"parent":76,"menu_order":0,"comment_status":"closed","ping_status":"closed","template":"","meta":{"_uag_custom_page_level_css":"","footnotes":""},"class_list":["post-1333","page","type-page","status-publish","hentry"],"yoast_head":"<!-- This site is optimized with the Yoast SEO plugin v27.4 - https:\/\/yoast.com\/product\/yoast-seo-wordpress\/ -->\n<title>Tekstin kopiointi Moodleen - Gradia Digipalvelut<\/title>\n<meta name=\"robots\" content=\"index, follow, max-snippet:-1, max-image-preview:large, max-video-preview:-1\" \/>\n<link rel=\"canonical\" href=\"https:\/\/blogit.gradia.fi\/digipalvelut\/ohjeita-ja-vinkkeja\/moodle\/tekstin-kopiointi-moodleen\/\" \/>\n<meta property=\"og:locale\" content=\"fi_FI\" \/>\n<meta property=\"og:type\" content=\"article\" \/>\n<meta property=\"og:title\" content=\"Tekstin kopiointi Moodleen - Gradia Digipalvelut\" \/>\n<meta property=\"og:description\" content=\"Kopioidessasi teksti\u00e4 toisesta l\u00e4hteest\u00e4, kuten Optimasta, PowerPointista tai Wordista, poista aina tekstin muotoilut ennen tekstin liitt\u00e4mist\u00e4 Moodleen. Toisesta l\u00e4hteest\u00e4, kuten verkkosivuilta, tulevat muotoilut voivat rikkoa Moodle -pohjan rakenteen. Tekstin kopioiminen ja liitt\u00e4minen pikakomennoilla Moodleen Kopioi haluamasi teksi valitsemastasi l\u00e4hteest\u00e4 maalaamalla teksti ja painamalla Ctrl + C liitt\u00e4\u00e4m\u00e4ll\u00e4 tekstin Moodlen tekstieditoriin [&hellip;]\" \/>\n<meta property=\"og:url\" content=\"https:\/\/blogit.gradia.fi\/digipalvelut\/ohjeita-ja-vinkkeja\/moodle\/tekstin-kopiointi-moodleen\/\" \/>\n<meta property=\"og:site_name\" content=\"Gradia Digipalvelut\" \/>\n<meta property=\"article:modified_time\" content=\"2020-08-20T11:35:00+00:00\" \/>\n<meta property=\"og:image\" content=\"https:\/\/blogit.gradia.fi\/digipalvelut\/wp-content\/uploads\/sites\/99\/2020\/08\/ctrl_shift_v-2.jpg\" \/>\n<meta name=\"twitter:card\" content=\"summary_large_image\" \/>\n<meta name=\"twitter:label1\" content=\"Arvioitu lukuaika\" \/>\n\t<meta name=\"twitter:data1\" content=\"2 minuuttia\" \/>\n<script type=\"application\/ld+json\" class=\"yoast-schema-graph\">{\"@context\":\"https:\\\/\\\/schema.org\",\"@graph\":[{\"@type\":\"WebPage\",\"@id\":\"https:\\\/\\\/blogit.gradia.fi\\\/digipalvelut\\\/ohjeita-ja-vinkkeja\\\/moodle\\\/tekstin-kopiointi-moodleen\\\/\",\"url\":\"https:\\\/\\\/blogit.gradia.fi\\\/digipalvelut\\\/ohjeita-ja-vinkkeja\\\/moodle\\\/tekstin-kopiointi-moodleen\\\/\",\"name\":\"Tekstin kopiointi Moodleen - Gradia Digipalvelut\",\"isPartOf\":{\"@id\":\"https:\\\/\\\/blogit.gradia.fi\\\/digipalvelut\\\/#website\"},\"primaryImageOfPage\":{\"@id\":\"https:\\\/\\\/blogit.gradia.fi\\\/digipalvelut\\\/ohjeita-ja-vinkkeja\\\/moodle\\\/tekstin-kopiointi-moodleen\\\/#primaryimage\"},\"image\":{\"@id\":\"https:\\\/\\\/blogit.gradia.fi\\\/digipalvelut\\\/ohjeita-ja-vinkkeja\\\/moodle\\\/tekstin-kopiointi-moodleen\\\/#primaryimage\"},\"thumbnailUrl\":\"https:\\\/\\\/blogit.gradia.fi\\\/digipalvelut\\\/wp-content\\\/uploads\\\/sites\\\/99\\\/2020\\\/08\\\/ctrl_shift_v-2.jpg\",\"datePublished\":\"2019-11-18T13:22:57+00:00\",\"dateModified\":\"2020-08-20T11:35:00+00:00\",\"breadcrumb\":{\"@id\":\"https:\\\/\\\/blogit.gradia.fi\\\/digipalvelut\\\/ohjeita-ja-vinkkeja\\\/moodle\\\/tekstin-kopiointi-moodleen\\\/#breadcrumb\"},\"inLanguage\":\"fi\",\"potentialAction\":[{\"@type\":\"ReadAction\",\"target\":[\"https:\\\/\\\/blogit.gradia.fi\\\/digipalvelut\\\/ohjeita-ja-vinkkeja\\\/moodle\\\/tekstin-kopiointi-moodleen\\\/\"]}]},{\"@type\":\"ImageObject\",\"inLanguage\":\"fi\",\"@id\":\"https:\\\/\\\/blogit.gradia.fi\\\/digipalvelut\\\/ohjeita-ja-vinkkeja\\\/moodle\\\/tekstin-kopiointi-moodleen\\\/#primaryimage\",\"url\":\"https:\\\/\\\/blogit.gradia.fi\\\/digipalvelut\\\/wp-content\\\/uploads\\\/sites\\\/99\\\/2020\\\/08\\\/ctrl_shift_v-2.jpg\",\"contentUrl\":\"https:\\\/\\\/blogit.gradia.fi\\\/digipalvelut\\\/wp-content\\\/uploads\\\/sites\\\/99\\\/2020\\\/08\\\/ctrl_shift_v-2.jpg\",\"width\":600,\"height\":455},{\"@type\":\"BreadcrumbList\",\"@id\":\"https:\\\/\\\/blogit.gradia.fi\\\/digipalvelut\\\/ohjeita-ja-vinkkeja\\\/moodle\\\/tekstin-kopiointi-moodleen\\\/#breadcrumb\",\"itemListElement\":[{\"@type\":\"ListItem\",\"position\":1,\"name\":\"Ohjeita ja vinkkej\u00e4\",\"item\":\"https:\\\/\\\/blogit.gradia.fi\\\/digipalvelut\\\/ohjeita-ja-vinkkeja\\\/\"},{\"@type\":\"ListItem\",\"position\":2,\"name\":\"Moodle\",\"item\":\"https:\\\/\\\/blogit.gradia.fi\\\/digipalvelut\\\/ohjeita-ja-vinkkeja\\\/moodle\\\/\"},{\"@type\":\"ListItem\",\"position\":3,\"name\":\"Tekstin kopiointi Moodleen\"}]},{\"@type\":\"WebSite\",\"@id\":\"https:\\\/\\\/blogit.gradia.fi\\\/digipalvelut\\\/#website\",\"url\":\"https:\\\/\\\/blogit.gradia.fi\\\/digipalvelut\\\/\",\"name\":\"Gradia Digipalvelut\",\"description\":\"Astetta enemm\u00e4n digi\u00e4\",\"publisher\":{\"@id\":\"https:\\\/\\\/blogit.gradia.fi\\\/digipalvelut\\\/#organization\"},\"potentialAction\":[{\"@type\":\"SearchAction\",\"target\":{\"@type\":\"EntryPoint\",\"urlTemplate\":\"https:\\\/\\\/blogit.gradia.fi\\\/digipalvelut\\\/?s={search_term_string}\"},\"query-input\":{\"@type\":\"PropertyValueSpecification\",\"valueRequired\":true,\"valueName\":\"search_term_string\"}}],\"inLanguage\":\"fi\"},{\"@type\":\"Organization\",\"@id\":\"https:\\\/\\\/blogit.gradia.fi\\\/digipalvelut\\\/#organization\",\"name\":\"Gradia Digipalvelut\",\"url\":\"https:\\\/\\\/blogit.gradia.fi\\\/digipalvelut\\\/\",\"logo\":{\"@type\":\"ImageObject\",\"inLanguage\":\"fi\",\"@id\":\"https:\\\/\\\/blogit.gradia.fi\\\/digipalvelut\\\/#\\\/schema\\\/logo\\\/image\\\/\",\"url\":\"https:\\\/\\\/blogit.gradia.fi\\\/digipalvelut\\\/wp-content\\\/uploads\\\/sites\\\/99\\\/2019\\\/06\\\/cropped-Gradia_logo_Cyber_TRANSPARENT.png\",\"contentUrl\":\"https:\\\/\\\/blogit.gradia.fi\\\/digipalvelut\\\/wp-content\\\/uploads\\\/sites\\\/99\\\/2019\\\/06\\\/cropped-Gradia_logo_Cyber_TRANSPARENT.png\",\"width\":316,\"height\":382,\"caption\":\"Gradia Digipalvelut\"},\"image\":{\"@id\":\"https:\\\/\\\/blogit.gradia.fi\\\/digipalvelut\\\/#\\\/schema\\\/logo\\\/image\\\/\"}}]}<\/script>\n<!-- \/ Yoast SEO plugin. -->","yoast_head_json":{"title":"Tekstin kopiointi Moodleen - Gradia Digipalvelut","robots":{"index":"index","follow":"follow","max-snippet":"max-snippet:-1","max-image-preview":"max-image-preview:large","max-video-preview":"max-video-preview:-1"},"canonical":"https:\/\/blogit.gradia.fi\/digipalvelut\/ohjeita-ja-vinkkeja\/moodle\/tekstin-kopiointi-moodleen\/","og_locale":"fi_FI","og_type":"article","og_title":"Tekstin kopiointi Moodleen - Gradia Digipalvelut","og_description":"Kopioidessasi teksti\u00e4 toisesta l\u00e4hteest\u00e4, kuten Optimasta, PowerPointista tai Wordista, poista aina tekstin muotoilut ennen tekstin liitt\u00e4mist\u00e4 Moodleen. Toisesta l\u00e4hteest\u00e4, kuten verkkosivuilta, tulevat muotoilut voivat rikkoa Moodle -pohjan rakenteen. Tekstin kopioiminen ja liitt\u00e4minen pikakomennoilla Moodleen Kopioi haluamasi teksi valitsemastasi l\u00e4hteest\u00e4 maalaamalla teksti ja painamalla Ctrl + C liitt\u00e4\u00e4m\u00e4ll\u00e4 tekstin Moodlen tekstieditoriin [&hellip;]","og_url":"https:\/\/blogit.gradia.fi\/digipalvelut\/ohjeita-ja-vinkkeja\/moodle\/tekstin-kopiointi-moodleen\/","og_site_name":"Gradia Digipalvelut","article_modified_time":"2020-08-20T11:35:00+00:00","og_image":[{"url":"https:\/\/blogit.gradia.fi\/digipalvelut\/wp-content\/uploads\/sites\/99\/2020\/08\/ctrl_shift_v-2.jpg","type":"","width":"","height":""}],"twitter_card":"summary_large_image","twitter_misc":{"Arvioitu lukuaika":"2 minuuttia"},"schema":{"@context":"https:\/\/schema.org","@graph":[{"@type":"WebPage","@id":"https:\/\/blogit.gradia.fi\/digipalvelut\/ohjeita-ja-vinkkeja\/moodle\/tekstin-kopiointi-moodleen\/","url":"https:\/\/blogit.gradia.fi\/digipalvelut\/ohjeita-ja-vinkkeja\/moodle\/tekstin-kopiointi-moodleen\/","name":"Tekstin kopiointi Moodleen - Gradia Digipalvelut","isPartOf":{"@id":"https:\/\/blogit.gradia.fi\/digipalvelut\/#website"},"primaryImageOfPage":{"@id":"https:\/\/blogit.gradia.fi\/digipalvelut\/ohjeita-ja-vinkkeja\/moodle\/tekstin-kopiointi-moodleen\/#primaryimage"},"image":{"@id":"https:\/\/blogit.gradia.fi\/digipalvelut\/ohjeita-ja-vinkkeja\/moodle\/tekstin-kopiointi-moodleen\/#primaryimage"},"thumbnailUrl":"https:\/\/blogit.gradia.fi\/digipalvelut\/wp-content\/uploads\/sites\/99\/2020\/08\/ctrl_shift_v-2.jpg","datePublished":"2019-11-18T13:22:57+00:00","dateModified":"2020-08-20T11:35:00+00:00","breadcrumb":{"@id":"https:\/\/blogit.gradia.fi\/digipalvelut\/ohjeita-ja-vinkkeja\/moodle\/tekstin-kopiointi-moodleen\/#breadcrumb"},"inLanguage":"fi","potentialAction":[{"@type":"ReadAction","target":["https:\/\/blogit.gradia.fi\/digipalvelut\/ohjeita-ja-vinkkeja\/moodle\/tekstin-kopiointi-moodleen\/"]}]},{"@type":"ImageObject","inLanguage":"fi","@id":"https:\/\/blogit.gradia.fi\/digipalvelut\/ohjeita-ja-vinkkeja\/moodle\/tekstin-kopiointi-moodleen\/#primaryimage","url":"https:\/\/blogit.gradia.fi\/digipalvelut\/wp-content\/uploads\/sites\/99\/2020\/08\/ctrl_shift_v-2.jpg","contentUrl":"https:\/\/blogit.gradia.fi\/digipalvelut\/wp-content\/uploads\/sites\/99\/2020\/08\/ctrl_shift_v-2.jpg","width":600,"height":455},{"@type":"BreadcrumbList","@id":"https:\/\/blogit.gradia.fi\/digipalvelut\/ohjeita-ja-vinkkeja\/moodle\/tekstin-kopiointi-moodleen\/#breadcrumb","itemListElement":[{"@type":"ListItem","position":1,"name":"Ohjeita ja vinkkej\u00e4","item":"https:\/\/blogit.gradia.fi\/digipalvelut\/ohjeita-ja-vinkkeja\/"},{"@type":"ListItem","position":2,"name":"Moodle","item":"https:\/\/blogit.gradia.fi\/digipalvelut\/ohjeita-ja-vinkkeja\/moodle\/"},{"@type":"ListItem","position":3,"name":"Tekstin kopiointi Moodleen"}]},{"@type":"WebSite","@id":"https:\/\/blogit.gradia.fi\/digipalvelut\/#website","url":"https:\/\/blogit.gradia.fi\/digipalvelut\/","name":"Gradia Digipalvelut","description":"Astetta enemm\u00e4n digi\u00e4","publisher":{"@id":"https:\/\/blogit.gradia.fi\/digipalvelut\/#organization"},"potentialAction":[{"@type":"SearchAction","target":{"@type":"EntryPoint","urlTemplate":"https:\/\/blogit.gradia.fi\/digipalvelut\/?s={search_term_string}"},"query-input":{"@type":"PropertyValueSpecification","valueRequired":true,"valueName":"search_term_string"}}],"inLanguage":"fi"},{"@type":"Organization","@id":"https:\/\/blogit.gradia.fi\/digipalvelut\/#organization","name":"Gradia Digipalvelut","url":"https:\/\/blogit.gradia.fi\/digipalvelut\/","logo":{"@type":"ImageObject","inLanguage":"fi","@id":"https:\/\/blogit.gradia.fi\/digipalvelut\/#\/schema\/logo\/image\/","url":"https:\/\/blogit.gradia.fi\/digipalvelut\/wp-content\/uploads\/sites\/99\/2019\/06\/cropped-Gradia_logo_Cyber_TRANSPARENT.png","contentUrl":"https:\/\/blogit.gradia.fi\/digipalvelut\/wp-content\/uploads\/sites\/99\/2019\/06\/cropped-Gradia_logo_Cyber_TRANSPARENT.png","width":316,"height":382,"caption":"Gradia Digipalvelut"},"image":{"@id":"https:\/\/blogit.gradia.fi\/digipalvelut\/#\/schema\/logo\/image\/"}}]}},"uagb_featured_image_src":{"full":false,"thumbnail":false,"medium":false,"medium_large":false,"large":false,"1536x1536":false,"2048x2048":false,"hestia-blog":false},"uagb_author_info":{"display_name":"Heini Pennanen","author_link":"https:\/\/blogit.gradia.fi\/digipalvelut\/author\/pennahei\/"},"uagb_comment_info":0,"uagb_excerpt":"Kopioidessasi teksti\u00e4 toisesta l\u00e4hteest\u00e4, kuten Optimasta, PowerPointista tai Wordista, poista aina tekstin muotoilut ennen tekstin liitt\u00e4mist\u00e4 Moodleen. Toisesta l\u00e4hteest\u00e4, kuten verkkosivuilta, tulevat muotoilut voivat rikkoa Moodle -pohjan rakenteen. Tekstin kopioiminen ja liitt\u00e4minen pikakomennoilla Moodleen Kopioi haluamasi teksi valitsemastasi l\u00e4hteest\u00e4 maalaamalla teksti ja painamalla Ctrl + C liitt\u00e4\u00e4m\u00e4ll\u00e4 tekstin Moodlen tekstieditoriin [&hellip;]","_links":{"self":[{"href":"https:\/\/blogit.gradia.fi\/digipalvelut\/wp-json\/wp\/v2\/pages\/1333","targetHints":{"allow":["GET"]}}],"collection":[{"href":"https:\/\/blogit.gradia.fi\/digipalvelut\/wp-json\/wp\/v2\/pages"}],"about":[{"href":"https:\/\/blogit.gradia.fi\/digipalvelut\/wp-json\/wp\/v2\/types\/page"}],"author":[{"embeddable":true,"href":"https:\/\/blogit.gradia.fi\/digipalvelut\/wp-json\/wp\/v2\/users\/165"}],"replies":[{"embeddable":true,"href":"https:\/\/blogit.gradia.fi\/digipalvelut\/wp-json\/wp\/v2\/comments?post=1333"}],"version-history":[{"count":11,"href":"https:\/\/blogit.gradia.fi\/digipalvelut\/wp-json\/wp\/v2\/pages\/1333\/revisions"}],"predecessor-version":[{"id":1992,"href":"https:\/\/blogit.gradia.fi\/digipalvelut\/wp-json\/wp\/v2\/pages\/1333\/revisions\/1992"}],"up":[{"embeddable":true,"href":"https:\/\/blogit.gradia.fi\/digipalvelut\/wp-json\/wp\/v2\/pages\/76"}],"wp:attachment":[{"href":"https:\/\/blogit.gradia.fi\/digipalvelut\/wp-json\/wp\/v2\/media?parent=1333"}],"curies":[{"name":"wp","href":"https:\/\/api.w.org\/{rel}","templated":true}]}}