{"id":1305,"date":"2019-11-01T15:05:38","date_gmt":"2019-11-01T13:05:38","guid":{"rendered":"https:\/\/blogit.gradia.fi\/digipalvelut\/?page_id=1305"},"modified":"2020-03-23T16:37:46","modified_gmt":"2020-03-23T14:37:46","slug":"teams-luokkatiimi","status":"publish","type":"page","link":"https:\/\/blogit.gradia.fi\/digipalvelut\/ohjeita-ja-vinkkeja\/office-365\/teams-luokkatiimi\/","title":{"rendered":"Teams &#8211; luokkatiimi"},"content":{"rendered":"\n<p>Teams-sovelluksen luokkamuotoista tiimi\u00e4  voi k\u00e4ytt\u00e4\u00e4 yksinkertaisena oppimisalustana, jonne voi <strong>antaa oppilaille teht\u00e4vi\u00e4 ja kyselyit\u00e4<\/strong>. Opiskelijat voivat <strong>vastata teht\u00e4viin<\/strong> sen sijaan, ett\u00e4 palauttavat vain erillisi\u00e4 tiedostoja. Opettaja <strong>voi antaa  palautetta<\/strong> teht\u00e4v\u00e4n palautuksen yhteydess\u00e4  opiskelijalle ja pisteytt\u00e4\u00e4 palautetun teht\u00e4v\u00e4n. <\/p>\n\n\n\n<p><strong>Teams -luokkamuotoinen tiimi<\/strong><\/p>\n\n\n\n<p>Alla ohje luokkamuotoisen tiimin rakentamiseen ja opintojakson pit\u00e4miseen.<\/p>\n\n\n\n<div class=\"wp-block-file\"><a href=\"https:\/\/blogit.gradia.fi\/digipalvelut\/wp-content\/uploads\/sites\/99\/2020\/03\/Teams-opetuksessa.pdf\">Teams-opetuksessa<\/a><a href=\"https:\/\/blogit.gradia.fi\/digipalvelut\/wp-content\/uploads\/sites\/99\/2020\/03\/Teams-opetuksessa.pdf\" class=\"wp-block-file__button\" download>Lataa<\/a><\/div>\n\n\n\n<figure class=\"wp-block-embed-youtube wp-block-embed is-type-video is-provider-youtube wp-embed-aspect-16-9 wp-has-aspect-ratio\"><div class=\"wp-block-embed__wrapper\">\n<iframe title=\"Teams luokkatiimit ja tehtavat\" width=\"750\" height=\"422\" src=\"https:\/\/www.youtube.com\/embed\/kH1Y_RWm91A?feature=oembed\" frameborder=\"0\" allow=\"accelerometer; autoplay; clipboard-write; encrypted-media; gyroscope; picture-in-picture; web-share\" allowfullscreen><\/iframe>\n<\/div><\/figure>\n","protected":false},"excerpt":{"rendered":"<p>Teams-sovelluksen luokkamuotoista tiimi\u00e4 voi k\u00e4ytt\u00e4\u00e4 yksinkertaisena oppimisalustana, jonne voi antaa oppilaille teht\u00e4vi\u00e4 ja kyselyit\u00e4. Opiskelijat voivat vastata teht\u00e4viin sen sijaan, ett\u00e4 palauttavat vain erillisi\u00e4 tiedostoja. Opettaja voi antaa palautetta teht\u00e4v\u00e4n palautuksen yhteydess\u00e4 opiskelijalle ja pisteytt\u00e4\u00e4 palautetun teht\u00e4v\u00e4n. Teams -luokkamuotoinen tiimi Alla ohje luokkamuotoisen tiimin rakentamiseen ja opintojakson pit\u00e4miseen.<\/p>\n","protected":false},"author":421,"featured_media":0,"parent":73,"menu_order":0,"comment_status":"closed","ping_status":"closed","template":"","meta":{"_uag_custom_page_level_css":"","footnotes":""},"class_list":["post-1305","page","type-page","status-publish","hentry"],"yoast_head":"<!-- This site is optimized with the Yoast SEO plugin v27.4 - https:\/\/yoast.com\/product\/yoast-seo-wordpress\/ -->\n<title>Teams - luokkatiimi - Gradia Digipalvelut<\/title>\n<meta name=\"robots\" content=\"index, follow, max-snippet:-1, max-image-preview:large, max-video-preview:-1\" \/>\n<link rel=\"canonical\" href=\"https:\/\/blogit.gradia.fi\/digipalvelut\/ohjeita-ja-vinkkeja\/office-365\/teams-luokkatiimi\/\" \/>\n<meta property=\"og:locale\" content=\"fi_FI\" \/>\n<meta property=\"og:type\" content=\"article\" \/>\n<meta property=\"og:title\" content=\"Teams - luokkatiimi - Gradia Digipalvelut\" \/>\n<meta property=\"og:description\" content=\"Teams-sovelluksen luokkamuotoista tiimi\u00e4 voi k\u00e4ytt\u00e4\u00e4 yksinkertaisena oppimisalustana, jonne voi antaa oppilaille teht\u00e4vi\u00e4 ja kyselyit\u00e4. Opiskelijat voivat vastata teht\u00e4viin sen sijaan, ett\u00e4 palauttavat vain erillisi\u00e4 tiedostoja. Opettaja voi antaa palautetta teht\u00e4v\u00e4n palautuksen yhteydess\u00e4 opiskelijalle ja pisteytt\u00e4\u00e4 palautetun teht\u00e4v\u00e4n. Teams -luokkamuotoinen tiimi Alla ohje luokkamuotoisen tiimin rakentamiseen ja opintojakson pit\u00e4miseen.\" \/>\n<meta property=\"og:url\" content=\"https:\/\/blogit.gradia.fi\/digipalvelut\/ohjeita-ja-vinkkeja\/office-365\/teams-luokkatiimi\/\" \/>\n<meta property=\"og:site_name\" content=\"Gradia Digipalvelut\" \/>\n<meta property=\"article:modified_time\" content=\"2020-03-23T14:37:46+00:00\" \/>\n<meta name=\"twitter:card\" content=\"summary_large_image\" \/>\n<script type=\"application\/ld+json\" class=\"yoast-schema-graph\">{\"@context\":\"https:\\\/\\\/schema.org\",\"@graph\":[{\"@type\":\"WebPage\",\"@id\":\"https:\\\/\\\/blogit.gradia.fi\\\/digipalvelut\\\/ohjeita-ja-vinkkeja\\\/office-365\\\/teams-luokkatiimi\\\/\",\"url\":\"https:\\\/\\\/blogit.gradia.fi\\\/digipalvelut\\\/ohjeita-ja-vinkkeja\\\/office-365\\\/teams-luokkatiimi\\\/\",\"name\":\"Teams - luokkatiimi - Gradia Digipalvelut\",\"isPartOf\":{\"@id\":\"https:\\\/\\\/blogit.gradia.fi\\\/digipalvelut\\\/#website\"},\"datePublished\":\"2019-11-01T13:05:38+00:00\",\"dateModified\":\"2020-03-23T14:37:46+00:00\",\"breadcrumb\":{\"@id\":\"https:\\\/\\\/blogit.gradia.fi\\\/digipalvelut\\\/ohjeita-ja-vinkkeja\\\/office-365\\\/teams-luokkatiimi\\\/#breadcrumb\"},\"inLanguage\":\"fi\",\"potentialAction\":[{\"@type\":\"ReadAction\",\"target\":[\"https:\\\/\\\/blogit.gradia.fi\\\/digipalvelut\\\/ohjeita-ja-vinkkeja\\\/office-365\\\/teams-luokkatiimi\\\/\"]}]},{\"@type\":\"BreadcrumbList\",\"@id\":\"https:\\\/\\\/blogit.gradia.fi\\\/digipalvelut\\\/ohjeita-ja-vinkkeja\\\/office-365\\\/teams-luokkatiimi\\\/#breadcrumb\",\"itemListElement\":[{\"@type\":\"ListItem\",\"position\":1,\"name\":\"Ohjeita ja vinkkej\u00e4\",\"item\":\"https:\\\/\\\/blogit.gradia.fi\\\/digipalvelut\\\/ohjeita-ja-vinkkeja\\\/\"},{\"@type\":\"ListItem\",\"position\":2,\"name\":\"Office 365\",\"item\":\"https:\\\/\\\/blogit.gradia.fi\\\/digipalvelut\\\/ohjeita-ja-vinkkeja\\\/office-365\\\/\"},{\"@type\":\"ListItem\",\"position\":3,\"name\":\"Teams &#8211; luokkatiimi\"}]},{\"@type\":\"WebSite\",\"@id\":\"https:\\\/\\\/blogit.gradia.fi\\\/digipalvelut\\\/#website\",\"url\":\"https:\\\/\\\/blogit.gradia.fi\\\/digipalvelut\\\/\",\"name\":\"Gradia Digipalvelut\",\"description\":\"Astetta enemm\u00e4n digi\u00e4\",\"publisher\":{\"@id\":\"https:\\\/\\\/blogit.gradia.fi\\\/digipalvelut\\\/#organization\"},\"potentialAction\":[{\"@type\":\"SearchAction\",\"target\":{\"@type\":\"EntryPoint\",\"urlTemplate\":\"https:\\\/\\\/blogit.gradia.fi\\\/digipalvelut\\\/?s={search_term_string}\"},\"query-input\":{\"@type\":\"PropertyValueSpecification\",\"valueRequired\":true,\"valueName\":\"search_term_string\"}}],\"inLanguage\":\"fi\"},{\"@type\":\"Organization\",\"@id\":\"https:\\\/\\\/blogit.gradia.fi\\\/digipalvelut\\\/#organization\",\"name\":\"Gradia Digipalvelut\",\"url\":\"https:\\\/\\\/blogit.gradia.fi\\\/digipalvelut\\\/\",\"logo\":{\"@type\":\"ImageObject\",\"inLanguage\":\"fi\",\"@id\":\"https:\\\/\\\/blogit.gradia.fi\\\/digipalvelut\\\/#\\\/schema\\\/logo\\\/image\\\/\",\"url\":\"https:\\\/\\\/blogit.gradia.fi\\\/digipalvelut\\\/wp-content\\\/uploads\\\/sites\\\/99\\\/2019\\\/06\\\/cropped-Gradia_logo_Cyber_TRANSPARENT.png\",\"contentUrl\":\"https:\\\/\\\/blogit.gradia.fi\\\/digipalvelut\\\/wp-content\\\/uploads\\\/sites\\\/99\\\/2019\\\/06\\\/cropped-Gradia_logo_Cyber_TRANSPARENT.png\",\"width\":316,\"height\":382,\"caption\":\"Gradia Digipalvelut\"},\"image\":{\"@id\":\"https:\\\/\\\/blogit.gradia.fi\\\/digipalvelut\\\/#\\\/schema\\\/logo\\\/image\\\/\"}}]}<\/script>\n<!-- \/ Yoast SEO plugin. -->","yoast_head_json":{"title":"Teams - luokkatiimi - Gradia Digipalvelut","robots":{"index":"index","follow":"follow","max-snippet":"max-snippet:-1","max-image-preview":"max-image-preview:large","max-video-preview":"max-video-preview:-1"},"canonical":"https:\/\/blogit.gradia.fi\/digipalvelut\/ohjeita-ja-vinkkeja\/office-365\/teams-luokkatiimi\/","og_locale":"fi_FI","og_type":"article","og_title":"Teams - luokkatiimi - Gradia Digipalvelut","og_description":"Teams-sovelluksen luokkamuotoista tiimi\u00e4 voi k\u00e4ytt\u00e4\u00e4 yksinkertaisena oppimisalustana, jonne voi antaa oppilaille teht\u00e4vi\u00e4 ja kyselyit\u00e4. Opiskelijat voivat vastata teht\u00e4viin sen sijaan, ett\u00e4 palauttavat vain erillisi\u00e4 tiedostoja. Opettaja voi antaa palautetta teht\u00e4v\u00e4n palautuksen yhteydess\u00e4 opiskelijalle ja pisteytt\u00e4\u00e4 palautetun teht\u00e4v\u00e4n. Teams -luokkamuotoinen tiimi Alla ohje luokkamuotoisen tiimin rakentamiseen ja opintojakson pit\u00e4miseen.","og_url":"https:\/\/blogit.gradia.fi\/digipalvelut\/ohjeita-ja-vinkkeja\/office-365\/teams-luokkatiimi\/","og_site_name":"Gradia Digipalvelut","article_modified_time":"2020-03-23T14:37:46+00:00","twitter_card":"summary_large_image","schema":{"@context":"https:\/\/schema.org","@graph":[{"@type":"WebPage","@id":"https:\/\/blogit.gradia.fi\/digipalvelut\/ohjeita-ja-vinkkeja\/office-365\/teams-luokkatiimi\/","url":"https:\/\/blogit.gradia.fi\/digipalvelut\/ohjeita-ja-vinkkeja\/office-365\/teams-luokkatiimi\/","name":"Teams - luokkatiimi - Gradia Digipalvelut","isPartOf":{"@id":"https:\/\/blogit.gradia.fi\/digipalvelut\/#website"},"datePublished":"2019-11-01T13:05:38+00:00","dateModified":"2020-03-23T14:37:46+00:00","breadcrumb":{"@id":"https:\/\/blogit.gradia.fi\/digipalvelut\/ohjeita-ja-vinkkeja\/office-365\/teams-luokkatiimi\/#breadcrumb"},"inLanguage":"fi","potentialAction":[{"@type":"ReadAction","target":["https:\/\/blogit.gradia.fi\/digipalvelut\/ohjeita-ja-vinkkeja\/office-365\/teams-luokkatiimi\/"]}]},{"@type":"BreadcrumbList","@id":"https:\/\/blogit.gradia.fi\/digipalvelut\/ohjeita-ja-vinkkeja\/office-365\/teams-luokkatiimi\/#breadcrumb","itemListElement":[{"@type":"ListItem","position":1,"name":"Ohjeita ja vinkkej\u00e4","item":"https:\/\/blogit.gradia.fi\/digipalvelut\/ohjeita-ja-vinkkeja\/"},{"@type":"ListItem","position":2,"name":"Office 365","item":"https:\/\/blogit.gradia.fi\/digipalvelut\/ohjeita-ja-vinkkeja\/office-365\/"},{"@type":"ListItem","position":3,"name":"Teams &#8211; luokkatiimi"}]},{"@type":"WebSite","@id":"https:\/\/blogit.gradia.fi\/digipalvelut\/#website","url":"https:\/\/blogit.gradia.fi\/digipalvelut\/","name":"Gradia Digipalvelut","description":"Astetta enemm\u00e4n digi\u00e4","publisher":{"@id":"https:\/\/blogit.gradia.fi\/digipalvelut\/#organization"},"potentialAction":[{"@type":"SearchAction","target":{"@type":"EntryPoint","urlTemplate":"https:\/\/blogit.gradia.fi\/digipalvelut\/?s={search_term_string}"},"query-input":{"@type":"PropertyValueSpecification","valueRequired":true,"valueName":"search_term_string"}}],"inLanguage":"fi"},{"@type":"Organization","@id":"https:\/\/blogit.gradia.fi\/digipalvelut\/#organization","name":"Gradia Digipalvelut","url":"https:\/\/blogit.gradia.fi\/digipalvelut\/","logo":{"@type":"ImageObject","inLanguage":"fi","@id":"https:\/\/blogit.gradia.fi\/digipalvelut\/#\/schema\/logo\/image\/","url":"https:\/\/blogit.gradia.fi\/digipalvelut\/wp-content\/uploads\/sites\/99\/2019\/06\/cropped-Gradia_logo_Cyber_TRANSPARENT.png","contentUrl":"https:\/\/blogit.gradia.fi\/digipalvelut\/wp-content\/uploads\/sites\/99\/2019\/06\/cropped-Gradia_logo_Cyber_TRANSPARENT.png","width":316,"height":382,"caption":"Gradia Digipalvelut"},"image":{"@id":"https:\/\/blogit.gradia.fi\/digipalvelut\/#\/schema\/logo\/image\/"}}]}},"uagb_featured_image_src":{"full":false,"thumbnail":false,"medium":false,"medium_large":false,"large":false,"1536x1536":false,"2048x2048":false,"hestia-blog":false},"uagb_author_info":{"display_name":"Merja Hakanen","author_link":"https:\/\/blogit.gradia.fi\/digipalvelut\/author\/hakanmer\/"},"uagb_comment_info":0,"uagb_excerpt":"Teams-sovelluksen luokkamuotoista tiimi\u00e4 voi k\u00e4ytt\u00e4\u00e4 yksinkertaisena oppimisalustana, jonne voi antaa oppilaille teht\u00e4vi\u00e4 ja kyselyit\u00e4. Opiskelijat voivat vastata teht\u00e4viin sen sijaan, ett\u00e4 palauttavat vain erillisi\u00e4 tiedostoja. Opettaja voi antaa palautetta teht\u00e4v\u00e4n palautuksen yhteydess\u00e4 opiskelijalle ja pisteytt\u00e4\u00e4 palautetun teht\u00e4v\u00e4n. Teams -luokkamuotoinen tiimi Alla ohje luokkamuotoisen tiimin rakentamiseen ja opintojakson pit\u00e4miseen.","_links":{"self":[{"href":"https:\/\/blogit.gradia.fi\/digipalvelut\/wp-json\/wp\/v2\/pages\/1305","targetHints":{"allow":["GET"]}}],"collection":[{"href":"https:\/\/blogit.gradia.fi\/digipalvelut\/wp-json\/wp\/v2\/pages"}],"about":[{"href":"https:\/\/blogit.gradia.fi\/digipalvelut\/wp-json\/wp\/v2\/types\/page"}],"author":[{"embeddable":true,"href":"https:\/\/blogit.gradia.fi\/digipalvelut\/wp-json\/wp\/v2\/users\/421"}],"replies":[{"embeddable":true,"href":"https:\/\/blogit.gradia.fi\/digipalvelut\/wp-json\/wp\/v2\/comments?post=1305"}],"version-history":[{"count":3,"href":"https:\/\/blogit.gradia.fi\/digipalvelut\/wp-json\/wp\/v2\/pages\/1305\/revisions"}],"predecessor-version":[{"id":1735,"href":"https:\/\/blogit.gradia.fi\/digipalvelut\/wp-json\/wp\/v2\/pages\/1305\/revisions\/1735"}],"up":[{"embeddable":true,"href":"https:\/\/blogit.gradia.fi\/digipalvelut\/wp-json\/wp\/v2\/pages\/73"}],"wp:attachment":[{"href":"https:\/\/blogit.gradia.fi\/digipalvelut\/wp-json\/wp\/v2\/media?parent=1305"}],"curies":[{"name":"wp","href":"https:\/\/api.w.org\/{rel}","templated":true}]}}