{"id":1272,"date":"2019-10-17T15:36:41","date_gmt":"2019-10-17T12:36:41","guid":{"rendered":"https:\/\/blogit.gradia.fi\/digipalvelut\/?page_id=1272"},"modified":"2019-10-17T15:36:42","modified_gmt":"2019-10-17T12:36:42","slug":"kysymyspankin-ja-kategorian-luominen","status":"publish","type":"page","link":"https:\/\/blogit.gradia.fi\/digipalvelut\/ohjeita-ja-vinkkeja\/moodle\/kysymyspankin-ja-kategorian-luominen\/","title":{"rendered":"Kysymyspankin ja -kategorian luominen"},"content":{"rendered":"\n<p>Tentti-aktiviteettin takana on <strong>Kysymyspankki<\/strong>, johon opettajan kannattaa ennen kysymysten luomista rakentaa kysymyskatekoriat, joiden alle kysymykset rakentuvat. <br><br>Kategoriat ovat  hy\u00f6dyllisi\u00e4 etenkin silloin, kun opettaja haluaa my\u00f6hemmin hy\u00f6dynt\u00e4\u00e4  arvottuja kysymyksi\u00e4 tentiss\u00e4\u00e4n tai kopioida kokonaisia  kysymyskategorioita kurssilta toiselle.  Kysymyspankki on siis  kurssikohtainen ja niit\u00e4 on vain yksi per kurssitila, mutta kysymyksi\u00e4 voi kopioida kurssilta toiselle kategorioittain.<\/p>\n\n\n\n<figure class=\"wp-block-image\"><img fetchpriority=\"high\" decoding=\"async\" width=\"931\" height=\"786\" src=\"https:\/\/blogit.gradia.fi\/digipalvelut\/wp-content\/uploads\/sites\/99\/2019\/08\/kysymyspankin-kategoriat.png\" alt=\"\" class=\"wp-image-1008\" srcset=\"https:\/\/blogit.gradia.fi\/digipalvelut\/wp-content\/uploads\/sites\/99\/2019\/08\/kysymyspankin-kategoriat.png 931w, https:\/\/blogit.gradia.fi\/digipalvelut\/wp-content\/uploads\/sites\/99\/2019\/08\/kysymyspankin-kategoriat-300x253.png 300w, https:\/\/blogit.gradia.fi\/digipalvelut\/wp-content\/uploads\/sites\/99\/2019\/08\/kysymyspankin-kategoriat-768x648.png 768w, https:\/\/blogit.gradia.fi\/digipalvelut\/wp-content\/uploads\/sites\/99\/2019\/08\/kysymyspankin-kategoriat-620x523.png 620w\" sizes=\"(max-width: 931px) 100vw, 931px\" \/><\/figure>\n\n\n\n<p>Voit luoda tenttikysymykset my\u00f6s tenttiaktiviteetissa suoraan ilman  kysymyskategorioita.  <\/p>\n\n\n\n<hr class=\"wp-block-separator\" \/>\n\n\n\n<h2 class=\"wp-block-heading\">Kysymyskategorian luominen<\/h2>\n\n\n\n<ol class=\"wp-block-list\"><li>Klikkaa kurssilla oikeassa yl\u00e4kulmassa olevaa <strong>hammasratasta<\/strong> ja <strong>valitse lis\u00e4\u00e4<\/strong><\/li><li>Valitse Kurssin yll\u00e4pito sivun alareunasta Kysymyspankki -osiosta &#8221;<strong>kategoriat&#8221;<br><\/strong><img decoding=\"async\" width=\"576\" height=\"618\" class=\"wp-image-1092\" style=\"width: 400px\" src=\"https:\/\/blogit.gradia.fi\/digipalvelut\/wp-content\/uploads\/sites\/99\/2019\/09\/Kysymyspankki.jpg\" alt=\"\" srcset=\"https:\/\/blogit.gradia.fi\/digipalvelut\/wp-content\/uploads\/sites\/99\/2019\/09\/Kysymyspankki.jpg 576w, https:\/\/blogit.gradia.fi\/digipalvelut\/wp-content\/uploads\/sites\/99\/2019\/09\/Kysymyspankki-280x300.jpg 280w\" sizes=\"(max-width: 576px) 100vw, 576px\" \/><\/li><li>Avautuvan sivun alareunasta voit lis\u00e4t\u00e4 omalle kurssillesi kysymyskategoriat kohdassa <strong>Lis\u00e4\u00e4 kategoria<\/strong><br><img decoding=\"async\" width=\"588\" height=\"243\" class=\"wp-image-1093\" style=\"width: 400px\" src=\"https:\/\/blogit.gradia.fi\/digipalvelut\/wp-content\/uploads\/sites\/99\/2019\/09\/Kategorioiden-muokkaaminen.jpg\" alt=\"\" srcset=\"https:\/\/blogit.gradia.fi\/digipalvelut\/wp-content\/uploads\/sites\/99\/2019\/09\/Kategorioiden-muokkaaminen.jpg 588w, https:\/\/blogit.gradia.fi\/digipalvelut\/wp-content\/uploads\/sites\/99\/2019\/09\/Kategorioiden-muokkaaminen-300x124.jpg 300w\" sizes=\"(max-width: 588px) 100vw, 588px\" \/><\/li><li><strong>Nime\u00e4 kysymyskategoria<\/strong> haluamallasi tavalla esim. prosenttilaskut ja tallenna. Luo niin monta kategoriaa kuin tarvitset.<\/li><li> Voit muokata kysymyskategorioiden nime\u00e4 klikkaamalla kategorian nimen  per\u00e4ss\u00e4 olevaa hammasratasta.<ol><li> Kategorian nimen per\u00e4ss\u00e4 oleva numero,  kertoo kysymysten lukum\u00e4\u00e4r\u00e4n. <\/li><li>Nuolipainikkeilla voit halutessasi muuttaa kategorioiden j\u00e4rjestyst\u00e4 sek\u00e4 <\/li><li>poistaa roskalaatikko-kuvakkeesta koko  kategorian kysymyksineen. <br><\/li><\/ol><\/li><\/ol>\n","protected":false},"excerpt":{"rendered":"<p>Tentti-aktiviteettin takana on Kysymyspankki, johon opettajan kannattaa ennen kysymysten luomista rakentaa kysymyskatekoriat, joiden alle kysymykset rakentuvat. Kategoriat ovat hy\u00f6dyllisi\u00e4 etenkin silloin, kun opettaja haluaa my\u00f6hemmin hy\u00f6dynt\u00e4\u00e4 arvottuja kysymyksi\u00e4 tentiss\u00e4\u00e4n tai kopioida kokonaisia kysymyskategorioita kurssilta toiselle. Kysymyspankki on siis kurssikohtainen ja niit\u00e4 on vain yksi per kurssitila, mutta kysymyksi\u00e4 voi kopioida [&hellip;]<\/p>\n","protected":false},"author":165,"featured_media":0,"parent":76,"menu_order":0,"comment_status":"closed","ping_status":"closed","template":"","meta":{"_uag_custom_page_level_css":"","footnotes":""},"class_list":["post-1272","page","type-page","status-publish","hentry"],"yoast_head":"<!-- This site is optimized with the Yoast SEO plugin v27.4 - https:\/\/yoast.com\/product\/yoast-seo-wordpress\/ -->\n<title>Kysymyspankin ja -kategorian luominen - Gradia Digipalvelut<\/title>\n<meta name=\"robots\" content=\"index, follow, max-snippet:-1, max-image-preview:large, max-video-preview:-1\" \/>\n<link rel=\"canonical\" href=\"https:\/\/blogit.gradia.fi\/digipalvelut\/ohjeita-ja-vinkkeja\/moodle\/kysymyspankin-ja-kategorian-luominen\/\" \/>\n<meta property=\"og:locale\" content=\"fi_FI\" \/>\n<meta property=\"og:type\" content=\"article\" \/>\n<meta property=\"og:title\" content=\"Kysymyspankin ja -kategorian luominen - Gradia Digipalvelut\" \/>\n<meta property=\"og:description\" content=\"Tentti-aktiviteettin takana on Kysymyspankki, johon opettajan kannattaa ennen kysymysten luomista rakentaa kysymyskatekoriat, joiden alle kysymykset rakentuvat. Kategoriat ovat hy\u00f6dyllisi\u00e4 etenkin silloin, kun opettaja haluaa my\u00f6hemmin hy\u00f6dynt\u00e4\u00e4 arvottuja kysymyksi\u00e4 tentiss\u00e4\u00e4n tai kopioida kokonaisia kysymyskategorioita kurssilta toiselle. Kysymyspankki on siis kurssikohtainen ja niit\u00e4 on vain yksi per kurssitila, mutta kysymyksi\u00e4 voi kopioida [&hellip;]\" \/>\n<meta property=\"og:url\" content=\"https:\/\/blogit.gradia.fi\/digipalvelut\/ohjeita-ja-vinkkeja\/moodle\/kysymyspankin-ja-kategorian-luominen\/\" \/>\n<meta property=\"og:site_name\" content=\"Gradia Digipalvelut\" \/>\n<meta property=\"article:modified_time\" content=\"2019-10-17T12:36:42+00:00\" \/>\n<meta property=\"og:image\" content=\"https:\/\/blogit.gradia.fi\/digipalvelut\/wp-content\/uploads\/sites\/99\/2019\/08\/kysymyspankin-kategoriat.png\" \/>\n<meta name=\"twitter:card\" content=\"summary_large_image\" \/>\n<meta name=\"twitter:label1\" content=\"Arvioitu lukuaika\" \/>\n\t<meta name=\"twitter:data1\" content=\"1 minuutti\" \/>\n<script type=\"application\/ld+json\" class=\"yoast-schema-graph\">{\"@context\":\"https:\\\/\\\/schema.org\",\"@graph\":[{\"@type\":\"WebPage\",\"@id\":\"https:\\\/\\\/blogit.gradia.fi\\\/digipalvelut\\\/ohjeita-ja-vinkkeja\\\/moodle\\\/kysymyspankin-ja-kategorian-luominen\\\/\",\"url\":\"https:\\\/\\\/blogit.gradia.fi\\\/digipalvelut\\\/ohjeita-ja-vinkkeja\\\/moodle\\\/kysymyspankin-ja-kategorian-luominen\\\/\",\"name\":\"Kysymyspankin ja -kategorian luominen - Gradia Digipalvelut\",\"isPartOf\":{\"@id\":\"https:\\\/\\\/blogit.gradia.fi\\\/digipalvelut\\\/#website\"},\"primaryImageOfPage\":{\"@id\":\"https:\\\/\\\/blogit.gradia.fi\\\/digipalvelut\\\/ohjeita-ja-vinkkeja\\\/moodle\\\/kysymyspankin-ja-kategorian-luominen\\\/#primaryimage\"},\"image\":{\"@id\":\"https:\\\/\\\/blogit.gradia.fi\\\/digipalvelut\\\/ohjeita-ja-vinkkeja\\\/moodle\\\/kysymyspankin-ja-kategorian-luominen\\\/#primaryimage\"},\"thumbnailUrl\":\"https:\\\/\\\/blogit.gradia.fi\\\/digipalvelut\\\/wp-content\\\/uploads\\\/sites\\\/99\\\/2019\\\/08\\\/kysymyspankin-kategoriat.png\",\"datePublished\":\"2019-10-17T12:36:41+00:00\",\"dateModified\":\"2019-10-17T12:36:42+00:00\",\"breadcrumb\":{\"@id\":\"https:\\\/\\\/blogit.gradia.fi\\\/digipalvelut\\\/ohjeita-ja-vinkkeja\\\/moodle\\\/kysymyspankin-ja-kategorian-luominen\\\/#breadcrumb\"},\"inLanguage\":\"fi\",\"potentialAction\":[{\"@type\":\"ReadAction\",\"target\":[\"https:\\\/\\\/blogit.gradia.fi\\\/digipalvelut\\\/ohjeita-ja-vinkkeja\\\/moodle\\\/kysymyspankin-ja-kategorian-luominen\\\/\"]}]},{\"@type\":\"ImageObject\",\"inLanguage\":\"fi\",\"@id\":\"https:\\\/\\\/blogit.gradia.fi\\\/digipalvelut\\\/ohjeita-ja-vinkkeja\\\/moodle\\\/kysymyspankin-ja-kategorian-luominen\\\/#primaryimage\",\"url\":\"https:\\\/\\\/blogit.gradia.fi\\\/digipalvelut\\\/wp-content\\\/uploads\\\/sites\\\/99\\\/2019\\\/08\\\/kysymyspankin-kategoriat.png\",\"contentUrl\":\"https:\\\/\\\/blogit.gradia.fi\\\/digipalvelut\\\/wp-content\\\/uploads\\\/sites\\\/99\\\/2019\\\/08\\\/kysymyspankin-kategoriat.png\",\"width\":931,\"height\":786},{\"@type\":\"BreadcrumbList\",\"@id\":\"https:\\\/\\\/blogit.gradia.fi\\\/digipalvelut\\\/ohjeita-ja-vinkkeja\\\/moodle\\\/kysymyspankin-ja-kategorian-luominen\\\/#breadcrumb\",\"itemListElement\":[{\"@type\":\"ListItem\",\"position\":1,\"name\":\"Ohjeita ja vinkkej\u00e4\",\"item\":\"https:\\\/\\\/blogit.gradia.fi\\\/digipalvelut\\\/ohjeita-ja-vinkkeja\\\/\"},{\"@type\":\"ListItem\",\"position\":2,\"name\":\"Moodle\",\"item\":\"https:\\\/\\\/blogit.gradia.fi\\\/digipalvelut\\\/ohjeita-ja-vinkkeja\\\/moodle\\\/\"},{\"@type\":\"ListItem\",\"position\":3,\"name\":\"Kysymyspankin ja -kategorian luominen\"}]},{\"@type\":\"WebSite\",\"@id\":\"https:\\\/\\\/blogit.gradia.fi\\\/digipalvelut\\\/#website\",\"url\":\"https:\\\/\\\/blogit.gradia.fi\\\/digipalvelut\\\/\",\"name\":\"Gradia Digipalvelut\",\"description\":\"Astetta enemm\u00e4n digi\u00e4\",\"publisher\":{\"@id\":\"https:\\\/\\\/blogit.gradia.fi\\\/digipalvelut\\\/#organization\"},\"potentialAction\":[{\"@type\":\"SearchAction\",\"target\":{\"@type\":\"EntryPoint\",\"urlTemplate\":\"https:\\\/\\\/blogit.gradia.fi\\\/digipalvelut\\\/?s={search_term_string}\"},\"query-input\":{\"@type\":\"PropertyValueSpecification\",\"valueRequired\":true,\"valueName\":\"search_term_string\"}}],\"inLanguage\":\"fi\"},{\"@type\":\"Organization\",\"@id\":\"https:\\\/\\\/blogit.gradia.fi\\\/digipalvelut\\\/#organization\",\"name\":\"Gradia Digipalvelut\",\"url\":\"https:\\\/\\\/blogit.gradia.fi\\\/digipalvelut\\\/\",\"logo\":{\"@type\":\"ImageObject\",\"inLanguage\":\"fi\",\"@id\":\"https:\\\/\\\/blogit.gradia.fi\\\/digipalvelut\\\/#\\\/schema\\\/logo\\\/image\\\/\",\"url\":\"https:\\\/\\\/blogit.gradia.fi\\\/digipalvelut\\\/wp-content\\\/uploads\\\/sites\\\/99\\\/2019\\\/06\\\/cropped-Gradia_logo_Cyber_TRANSPARENT.png\",\"contentUrl\":\"https:\\\/\\\/blogit.gradia.fi\\\/digipalvelut\\\/wp-content\\\/uploads\\\/sites\\\/99\\\/2019\\\/06\\\/cropped-Gradia_logo_Cyber_TRANSPARENT.png\",\"width\":316,\"height\":382,\"caption\":\"Gradia Digipalvelut\"},\"image\":{\"@id\":\"https:\\\/\\\/blogit.gradia.fi\\\/digipalvelut\\\/#\\\/schema\\\/logo\\\/image\\\/\"}}]}<\/script>\n<!-- \/ Yoast SEO plugin. -->","yoast_head_json":{"title":"Kysymyspankin ja -kategorian luominen - Gradia Digipalvelut","robots":{"index":"index","follow":"follow","max-snippet":"max-snippet:-1","max-image-preview":"max-image-preview:large","max-video-preview":"max-video-preview:-1"},"canonical":"https:\/\/blogit.gradia.fi\/digipalvelut\/ohjeita-ja-vinkkeja\/moodle\/kysymyspankin-ja-kategorian-luominen\/","og_locale":"fi_FI","og_type":"article","og_title":"Kysymyspankin ja -kategorian luominen - Gradia Digipalvelut","og_description":"Tentti-aktiviteettin takana on Kysymyspankki, johon opettajan kannattaa ennen kysymysten luomista rakentaa kysymyskatekoriat, joiden alle kysymykset rakentuvat. Kategoriat ovat hy\u00f6dyllisi\u00e4 etenkin silloin, kun opettaja haluaa my\u00f6hemmin hy\u00f6dynt\u00e4\u00e4 arvottuja kysymyksi\u00e4 tentiss\u00e4\u00e4n tai kopioida kokonaisia kysymyskategorioita kurssilta toiselle. Kysymyspankki on siis kurssikohtainen ja niit\u00e4 on vain yksi per kurssitila, mutta kysymyksi\u00e4 voi kopioida [&hellip;]","og_url":"https:\/\/blogit.gradia.fi\/digipalvelut\/ohjeita-ja-vinkkeja\/moodle\/kysymyspankin-ja-kategorian-luominen\/","og_site_name":"Gradia Digipalvelut","article_modified_time":"2019-10-17T12:36:42+00:00","og_image":[{"url":"https:\/\/blogit.gradia.fi\/digipalvelut\/wp-content\/uploads\/sites\/99\/2019\/08\/kysymyspankin-kategoriat.png","type":"","width":"","height":""}],"twitter_card":"summary_large_image","twitter_misc":{"Arvioitu lukuaika":"1 minuutti"},"schema":{"@context":"https:\/\/schema.org","@graph":[{"@type":"WebPage","@id":"https:\/\/blogit.gradia.fi\/digipalvelut\/ohjeita-ja-vinkkeja\/moodle\/kysymyspankin-ja-kategorian-luominen\/","url":"https:\/\/blogit.gradia.fi\/digipalvelut\/ohjeita-ja-vinkkeja\/moodle\/kysymyspankin-ja-kategorian-luominen\/","name":"Kysymyspankin ja -kategorian luominen - Gradia Digipalvelut","isPartOf":{"@id":"https:\/\/blogit.gradia.fi\/digipalvelut\/#website"},"primaryImageOfPage":{"@id":"https:\/\/blogit.gradia.fi\/digipalvelut\/ohjeita-ja-vinkkeja\/moodle\/kysymyspankin-ja-kategorian-luominen\/#primaryimage"},"image":{"@id":"https:\/\/blogit.gradia.fi\/digipalvelut\/ohjeita-ja-vinkkeja\/moodle\/kysymyspankin-ja-kategorian-luominen\/#primaryimage"},"thumbnailUrl":"https:\/\/blogit.gradia.fi\/digipalvelut\/wp-content\/uploads\/sites\/99\/2019\/08\/kysymyspankin-kategoriat.png","datePublished":"2019-10-17T12:36:41+00:00","dateModified":"2019-10-17T12:36:42+00:00","breadcrumb":{"@id":"https:\/\/blogit.gradia.fi\/digipalvelut\/ohjeita-ja-vinkkeja\/moodle\/kysymyspankin-ja-kategorian-luominen\/#breadcrumb"},"inLanguage":"fi","potentialAction":[{"@type":"ReadAction","target":["https:\/\/blogit.gradia.fi\/digipalvelut\/ohjeita-ja-vinkkeja\/moodle\/kysymyspankin-ja-kategorian-luominen\/"]}]},{"@type":"ImageObject","inLanguage":"fi","@id":"https:\/\/blogit.gradia.fi\/digipalvelut\/ohjeita-ja-vinkkeja\/moodle\/kysymyspankin-ja-kategorian-luominen\/#primaryimage","url":"https:\/\/blogit.gradia.fi\/digipalvelut\/wp-content\/uploads\/sites\/99\/2019\/08\/kysymyspankin-kategoriat.png","contentUrl":"https:\/\/blogit.gradia.fi\/digipalvelut\/wp-content\/uploads\/sites\/99\/2019\/08\/kysymyspankin-kategoriat.png","width":931,"height":786},{"@type":"BreadcrumbList","@id":"https:\/\/blogit.gradia.fi\/digipalvelut\/ohjeita-ja-vinkkeja\/moodle\/kysymyspankin-ja-kategorian-luominen\/#breadcrumb","itemListElement":[{"@type":"ListItem","position":1,"name":"Ohjeita ja vinkkej\u00e4","item":"https:\/\/blogit.gradia.fi\/digipalvelut\/ohjeita-ja-vinkkeja\/"},{"@type":"ListItem","position":2,"name":"Moodle","item":"https:\/\/blogit.gradia.fi\/digipalvelut\/ohjeita-ja-vinkkeja\/moodle\/"},{"@type":"ListItem","position":3,"name":"Kysymyspankin ja -kategorian luominen"}]},{"@type":"WebSite","@id":"https:\/\/blogit.gradia.fi\/digipalvelut\/#website","url":"https:\/\/blogit.gradia.fi\/digipalvelut\/","name":"Gradia Digipalvelut","description":"Astetta enemm\u00e4n digi\u00e4","publisher":{"@id":"https:\/\/blogit.gradia.fi\/digipalvelut\/#organization"},"potentialAction":[{"@type":"SearchAction","target":{"@type":"EntryPoint","urlTemplate":"https:\/\/blogit.gradia.fi\/digipalvelut\/?s={search_term_string}"},"query-input":{"@type":"PropertyValueSpecification","valueRequired":true,"valueName":"search_term_string"}}],"inLanguage":"fi"},{"@type":"Organization","@id":"https:\/\/blogit.gradia.fi\/digipalvelut\/#organization","name":"Gradia Digipalvelut","url":"https:\/\/blogit.gradia.fi\/digipalvelut\/","logo":{"@type":"ImageObject","inLanguage":"fi","@id":"https:\/\/blogit.gradia.fi\/digipalvelut\/#\/schema\/logo\/image\/","url":"https:\/\/blogit.gradia.fi\/digipalvelut\/wp-content\/uploads\/sites\/99\/2019\/06\/cropped-Gradia_logo_Cyber_TRANSPARENT.png","contentUrl":"https:\/\/blogit.gradia.fi\/digipalvelut\/wp-content\/uploads\/sites\/99\/2019\/06\/cropped-Gradia_logo_Cyber_TRANSPARENT.png","width":316,"height":382,"caption":"Gradia Digipalvelut"},"image":{"@id":"https:\/\/blogit.gradia.fi\/digipalvelut\/#\/schema\/logo\/image\/"}}]}},"uagb_featured_image_src":{"full":false,"thumbnail":false,"medium":false,"medium_large":false,"large":false,"1536x1536":false,"2048x2048":false,"hestia-blog":false},"uagb_author_info":{"display_name":"Heini Pennanen","author_link":"https:\/\/blogit.gradia.fi\/digipalvelut\/author\/pennahei\/"},"uagb_comment_info":0,"uagb_excerpt":"Tentti-aktiviteettin takana on Kysymyspankki, johon opettajan kannattaa ennen kysymysten luomista rakentaa kysymyskatekoriat, joiden alle kysymykset rakentuvat. Kategoriat ovat hy\u00f6dyllisi\u00e4 etenkin silloin, kun opettaja haluaa my\u00f6hemmin hy\u00f6dynt\u00e4\u00e4 arvottuja kysymyksi\u00e4 tentiss\u00e4\u00e4n tai kopioida kokonaisia kysymyskategorioita kurssilta toiselle. Kysymyspankki on siis kurssikohtainen ja niit\u00e4 on vain yksi per kurssitila, mutta kysymyksi\u00e4 voi kopioida [&hellip;]","_links":{"self":[{"href":"https:\/\/blogit.gradia.fi\/digipalvelut\/wp-json\/wp\/v2\/pages\/1272","targetHints":{"allow":["GET"]}}],"collection":[{"href":"https:\/\/blogit.gradia.fi\/digipalvelut\/wp-json\/wp\/v2\/pages"}],"about":[{"href":"https:\/\/blogit.gradia.fi\/digipalvelut\/wp-json\/wp\/v2\/types\/page"}],"author":[{"embeddable":true,"href":"https:\/\/blogit.gradia.fi\/digipalvelut\/wp-json\/wp\/v2\/users\/165"}],"replies":[{"embeddable":true,"href":"https:\/\/blogit.gradia.fi\/digipalvelut\/wp-json\/wp\/v2\/comments?post=1272"}],"version-history":[{"count":2,"href":"https:\/\/blogit.gradia.fi\/digipalvelut\/wp-json\/wp\/v2\/pages\/1272\/revisions"}],"predecessor-version":[{"id":1274,"href":"https:\/\/blogit.gradia.fi\/digipalvelut\/wp-json\/wp\/v2\/pages\/1272\/revisions\/1274"}],"up":[{"embeddable":true,"href":"https:\/\/blogit.gradia.fi\/digipalvelut\/wp-json\/wp\/v2\/pages\/76"}],"wp:attachment":[{"href":"https:\/\/blogit.gradia.fi\/digipalvelut\/wp-json\/wp\/v2\/media?parent=1272"}],"curies":[{"name":"wp","href":"https:\/\/api.w.org\/{rel}","templated":true}]}}