{"id":127,"date":"2019-04-08T10:55:06","date_gmt":"2019-04-08T07:55:06","guid":{"rendered":"https:\/\/blogit.gradia.fi\/digipalvelut\/?page_id=127"},"modified":"2019-08-27T13:00:01","modified_gmt":"2019-08-27T10:00:01","slug":"tuki-yhteydenotot","status":"publish","type":"page","link":"https:\/\/blogit.gradia.fi\/digipalvelut\/tuki-yhteydenotot\/","title":{"rendered":"Tuki \/ Yhteydenotot"},"content":{"rendered":"\n<p>Kiinnostuitko? <\/p>\n\n\n\n<p>T\u00e4t\u00e4 sivustoa yll\u00e4pit\u00e4\u00e4 Gradian Digipalvelut, jonka teht\u00e4v\u00e4n\u00e4 on Jyv\u00e4skyl\u00e4n koulutuskuntayhtym\u00e4 Gradian ict-infrastruktuurin yll\u00e4pito ja kehitt\u00e4minen, k\u00e4yt\u00f6n tuki ja help desk -palvelut, prosessien digitalisointi, opetusteknologian koordinointi, kehitt\u00e4minen ja k\u00e4yt\u00f6n tuki, ict-hankintojen koordinointi, opintohallintoj\u00e4rjestelm\u00e4n yll\u00e4pito ja kehitt\u00e4minen, e-tutortoiminnan koordinointi ja verkkopedagogiikan tuki. <\/p>\n\n\n\n<p>Voit antaa palautetta tai ottaa yhteytt\u00e4 s\u00e4hk\u00f6postilla tai soittaa: <br><a href=\"mailto:digipalvelut@gradia.fi\">digipalvelut@gradia.fi<\/a><br>puh. 040 341 5123 <\/p>\n\n\n\n<p>Gradian henkil\u00f6kunta voi tehd\u00e4 my\u00f6s palvelupyynn\u00f6n palveluportaalin kautta (<a rel=\"noreferrer noopener\" aria-label=\" (avautuu uudessa v\u00e4lilehdess\u00e4)\" href=\"https:\/\/jao.efectecloud.com\/ssc\/app#\/\" target=\"_blank\">palveluportaali.gradia.fi<\/a>). <\/p>\n","protected":false},"excerpt":{"rendered":"<p>Kiinnostuitko? T\u00e4t\u00e4 sivustoa yll\u00e4pit\u00e4\u00e4 Gradian Digipalvelut, jonka teht\u00e4v\u00e4n\u00e4 on Jyv\u00e4skyl\u00e4n koulutuskuntayhtym\u00e4 Gradian ict-infrastruktuurin yll\u00e4pito ja kehitt\u00e4minen, k\u00e4yt\u00f6n tuki ja help desk -palvelut, prosessien digitalisointi, opetusteknologian koordinointi, kehitt\u00e4minen ja k\u00e4yt\u00f6n tuki, ict-hankintojen koordinointi, opintohallintoj\u00e4rjestelm\u00e4n yll\u00e4pito ja kehitt\u00e4minen, e-tutortoiminnan koordinointi ja verkkopedagogiikan tuki. Voit antaa palautetta tai ottaa yhteytt\u00e4 s\u00e4hk\u00f6postilla tai soittaa: [&hellip;]<\/p>\n","protected":false},"author":421,"featured_media":0,"parent":0,"menu_order":0,"comment_status":"closed","ping_status":"closed","template":"","meta":{"_uag_custom_page_level_css":"","footnotes":""},"class_list":["post-127","page","type-page","status-publish","hentry"],"yoast_head":"<!-- This site is optimized with the Yoast SEO plugin v27.2 - https:\/\/yoast.com\/product\/yoast-seo-wordpress\/ -->\n<title>Tuki \/ Yhteydenotot - Gradia Digipalvelut<\/title>\n<meta name=\"robots\" content=\"index, follow, max-snippet:-1, max-image-preview:large, max-video-preview:-1\" \/>\n<link rel=\"canonical\" href=\"https:\/\/blogit.gradia.fi\/digipalvelut\/tuki-yhteydenotot\/\" \/>\n<meta property=\"og:locale\" content=\"fi_FI\" \/>\n<meta property=\"og:type\" content=\"article\" \/>\n<meta property=\"og:title\" content=\"Tuki \/ Yhteydenotot - Gradia Digipalvelut\" \/>\n<meta property=\"og:description\" content=\"Kiinnostuitko? T\u00e4t\u00e4 sivustoa yll\u00e4pit\u00e4\u00e4 Gradian Digipalvelut, jonka teht\u00e4v\u00e4n\u00e4 on Jyv\u00e4skyl\u00e4n koulutuskuntayhtym\u00e4 Gradian ict-infrastruktuurin yll\u00e4pito ja kehitt\u00e4minen, k\u00e4yt\u00f6n tuki ja help desk -palvelut, prosessien digitalisointi, opetusteknologian koordinointi, kehitt\u00e4minen ja k\u00e4yt\u00f6n tuki, ict-hankintojen koordinointi, opintohallintoj\u00e4rjestelm\u00e4n yll\u00e4pito ja kehitt\u00e4minen, e-tutortoiminnan koordinointi ja verkkopedagogiikan tuki. Voit antaa palautetta tai ottaa yhteytt\u00e4 s\u00e4hk\u00f6postilla tai soittaa: [&hellip;]\" \/>\n<meta property=\"og:url\" content=\"https:\/\/blogit.gradia.fi\/digipalvelut\/tuki-yhteydenotot\/\" \/>\n<meta property=\"og:site_name\" content=\"Gradia Digipalvelut\" \/>\n<meta property=\"article:modified_time\" content=\"2019-08-27T10:00:01+00:00\" \/>\n<meta name=\"twitter:card\" content=\"summary_large_image\" \/>\n<script type=\"application\/ld+json\" class=\"yoast-schema-graph\">{\"@context\":\"https:\/\/schema.org\",\"@graph\":[{\"@type\":\"WebPage\",\"@id\":\"https:\/\/blogit.gradia.fi\/digipalvelut\/tuki-yhteydenotot\/\",\"url\":\"https:\/\/blogit.gradia.fi\/digipalvelut\/tuki-yhteydenotot\/\",\"name\":\"Tuki \/ Yhteydenotot - Gradia Digipalvelut\",\"isPartOf\":{\"@id\":\"https:\/\/blogit.gradia.fi\/digipalvelut\/#website\"},\"datePublished\":\"2019-04-08T07:55:06+00:00\",\"dateModified\":\"2019-08-27T10:00:01+00:00\",\"inLanguage\":\"fi\",\"potentialAction\":[{\"@type\":\"ReadAction\",\"target\":[\"https:\/\/blogit.gradia.fi\/digipalvelut\/tuki-yhteydenotot\/\"]}]},{\"@type\":\"WebSite\",\"@id\":\"https:\/\/blogit.gradia.fi\/digipalvelut\/#website\",\"url\":\"https:\/\/blogit.gradia.fi\/digipalvelut\/\",\"name\":\"Gradia Digipalvelut\",\"description\":\"Astetta enemm\u00e4n digi\u00e4\",\"publisher\":{\"@id\":\"https:\/\/blogit.gradia.fi\/digipalvelut\/#organization\"},\"potentialAction\":[{\"@type\":\"SearchAction\",\"target\":{\"@type\":\"EntryPoint\",\"urlTemplate\":\"https:\/\/blogit.gradia.fi\/digipalvelut\/?s={search_term_string}\"},\"query-input\":{\"@type\":\"PropertyValueSpecification\",\"valueRequired\":true,\"valueName\":\"search_term_string\"}}],\"inLanguage\":\"fi\"},{\"@type\":\"Organization\",\"@id\":\"https:\/\/blogit.gradia.fi\/digipalvelut\/#organization\",\"name\":\"Gradia Digipalvelut\",\"url\":\"https:\/\/blogit.gradia.fi\/digipalvelut\/\",\"logo\":{\"@type\":\"ImageObject\",\"inLanguage\":\"fi\",\"@id\":\"https:\/\/blogit.gradia.fi\/digipalvelut\/#\/schema\/logo\/image\/\",\"url\":\"https:\/\/blogit.gradia.fi\/digipalvelut\/wp-content\/uploads\/sites\/99\/2019\/06\/cropped-Gradia_logo_Cyber_TRANSPARENT.png\",\"contentUrl\":\"https:\/\/blogit.gradia.fi\/digipalvelut\/wp-content\/uploads\/sites\/99\/2019\/06\/cropped-Gradia_logo_Cyber_TRANSPARENT.png\",\"width\":316,\"height\":382,\"caption\":\"Gradia Digipalvelut\"},\"image\":{\"@id\":\"https:\/\/blogit.gradia.fi\/digipalvelut\/#\/schema\/logo\/image\/\"}}]}<\/script>\n<!-- \/ Yoast SEO plugin. -->","yoast_head_json":{"title":"Tuki \/ Yhteydenotot - Gradia Digipalvelut","robots":{"index":"index","follow":"follow","max-snippet":"max-snippet:-1","max-image-preview":"max-image-preview:large","max-video-preview":"max-video-preview:-1"},"canonical":"https:\/\/blogit.gradia.fi\/digipalvelut\/tuki-yhteydenotot\/","og_locale":"fi_FI","og_type":"article","og_title":"Tuki \/ Yhteydenotot - Gradia Digipalvelut","og_description":"Kiinnostuitko? T\u00e4t\u00e4 sivustoa yll\u00e4pit\u00e4\u00e4 Gradian Digipalvelut, jonka teht\u00e4v\u00e4n\u00e4 on Jyv\u00e4skyl\u00e4n koulutuskuntayhtym\u00e4 Gradian ict-infrastruktuurin yll\u00e4pito ja kehitt\u00e4minen, k\u00e4yt\u00f6n tuki ja help desk -palvelut, prosessien digitalisointi, opetusteknologian koordinointi, kehitt\u00e4minen ja k\u00e4yt\u00f6n tuki, ict-hankintojen koordinointi, opintohallintoj\u00e4rjestelm\u00e4n yll\u00e4pito ja kehitt\u00e4minen, e-tutortoiminnan koordinointi ja verkkopedagogiikan tuki. Voit antaa palautetta tai ottaa yhteytt\u00e4 s\u00e4hk\u00f6postilla tai soittaa: [&hellip;]","og_url":"https:\/\/blogit.gradia.fi\/digipalvelut\/tuki-yhteydenotot\/","og_site_name":"Gradia Digipalvelut","article_modified_time":"2019-08-27T10:00:01+00:00","twitter_card":"summary_large_image","schema":{"@context":"https:\/\/schema.org","@graph":[{"@type":"WebPage","@id":"https:\/\/blogit.gradia.fi\/digipalvelut\/tuki-yhteydenotot\/","url":"https:\/\/blogit.gradia.fi\/digipalvelut\/tuki-yhteydenotot\/","name":"Tuki \/ Yhteydenotot - Gradia Digipalvelut","isPartOf":{"@id":"https:\/\/blogit.gradia.fi\/digipalvelut\/#website"},"datePublished":"2019-04-08T07:55:06+00:00","dateModified":"2019-08-27T10:00:01+00:00","inLanguage":"fi","potentialAction":[{"@type":"ReadAction","target":["https:\/\/blogit.gradia.fi\/digipalvelut\/tuki-yhteydenotot\/"]}]},{"@type":"WebSite","@id":"https:\/\/blogit.gradia.fi\/digipalvelut\/#website","url":"https:\/\/blogit.gradia.fi\/digipalvelut\/","name":"Gradia Digipalvelut","description":"Astetta enemm\u00e4n digi\u00e4","publisher":{"@id":"https:\/\/blogit.gradia.fi\/digipalvelut\/#organization"},"potentialAction":[{"@type":"SearchAction","target":{"@type":"EntryPoint","urlTemplate":"https:\/\/blogit.gradia.fi\/digipalvelut\/?s={search_term_string}"},"query-input":{"@type":"PropertyValueSpecification","valueRequired":true,"valueName":"search_term_string"}}],"inLanguage":"fi"},{"@type":"Organization","@id":"https:\/\/blogit.gradia.fi\/digipalvelut\/#organization","name":"Gradia Digipalvelut","url":"https:\/\/blogit.gradia.fi\/digipalvelut\/","logo":{"@type":"ImageObject","inLanguage":"fi","@id":"https:\/\/blogit.gradia.fi\/digipalvelut\/#\/schema\/logo\/image\/","url":"https:\/\/blogit.gradia.fi\/digipalvelut\/wp-content\/uploads\/sites\/99\/2019\/06\/cropped-Gradia_logo_Cyber_TRANSPARENT.png","contentUrl":"https:\/\/blogit.gradia.fi\/digipalvelut\/wp-content\/uploads\/sites\/99\/2019\/06\/cropped-Gradia_logo_Cyber_TRANSPARENT.png","width":316,"height":382,"caption":"Gradia Digipalvelut"},"image":{"@id":"https:\/\/blogit.gradia.fi\/digipalvelut\/#\/schema\/logo\/image\/"}}]}},"uagb_featured_image_src":{"full":false,"thumbnail":false,"medium":false,"medium_large":false,"large":false,"1536x1536":false,"2048x2048":false,"hestia-blog":false},"uagb_author_info":{"display_name":"Merja Hakanen","author_link":"https:\/\/blogit.gradia.fi\/digipalvelut\/author\/hakanmer\/"},"uagb_comment_info":0,"uagb_excerpt":"Kiinnostuitko? T\u00e4t\u00e4 sivustoa yll\u00e4pit\u00e4\u00e4 Gradian Digipalvelut, jonka teht\u00e4v\u00e4n\u00e4 on Jyv\u00e4skyl\u00e4n koulutuskuntayhtym\u00e4 Gradian ict-infrastruktuurin yll\u00e4pito ja kehitt\u00e4minen, k\u00e4yt\u00f6n tuki ja help desk -palvelut, prosessien digitalisointi, opetusteknologian koordinointi, kehitt\u00e4minen ja k\u00e4yt\u00f6n tuki, ict-hankintojen koordinointi, opintohallintoj\u00e4rjestelm\u00e4n yll\u00e4pito ja kehitt\u00e4minen, e-tutortoiminnan koordinointi ja verkkopedagogiikan tuki. Voit antaa palautetta tai ottaa yhteytt\u00e4 s\u00e4hk\u00f6postilla tai soittaa: [&hellip;]","_links":{"self":[{"href":"https:\/\/blogit.gradia.fi\/digipalvelut\/wp-json\/wp\/v2\/pages\/127","targetHints":{"allow":["GET"]}}],"collection":[{"href":"https:\/\/blogit.gradia.fi\/digipalvelut\/wp-json\/wp\/v2\/pages"}],"about":[{"href":"https:\/\/blogit.gradia.fi\/digipalvelut\/wp-json\/wp\/v2\/types\/page"}],"author":[{"embeddable":true,"href":"https:\/\/blogit.gradia.fi\/digipalvelut\/wp-json\/wp\/v2\/users\/421"}],"replies":[{"embeddable":true,"href":"https:\/\/blogit.gradia.fi\/digipalvelut\/wp-json\/wp\/v2\/comments?post=127"}],"version-history":[{"count":1,"href":"https:\/\/blogit.gradia.fi\/digipalvelut\/wp-json\/wp\/v2\/pages\/127\/revisions"}],"predecessor-version":[{"id":1051,"href":"https:\/\/blogit.gradia.fi\/digipalvelut\/wp-json\/wp\/v2\/pages\/127\/revisions\/1051"}],"wp:attachment":[{"href":"https:\/\/blogit.gradia.fi\/digipalvelut\/wp-json\/wp\/v2\/media?parent=127"}],"curies":[{"name":"wp","href":"https:\/\/api.w.org\/{rel}","templated":true}]}}