{"id":1249,"date":"2019-10-17T12:42:09","date_gmt":"2019-10-17T09:42:09","guid":{"rendered":"https:\/\/blogit.gradia.fi\/digipalvelut\/?page_id=1249"},"modified":"2019-10-17T12:42:10","modified_gmt":"2019-10-17T09:42:10","slug":"kysymyksen-luominen-kysymyspankkiin","status":"publish","type":"page","link":"https:\/\/blogit.gradia.fi\/digipalvelut\/ohjeita-ja-vinkkeja\/moodle\/kysymyksen-luominen-kysymyspankkiin\/","title":{"rendered":"Kysymyksen luominen kysymyspankkiin"},"content":{"rendered":"\n<p>Kysymyksi\u00e4 voi luoda kategorioiden alle usealla eri tavalla. Kun sinulla on kategorioiden editointi-ikkuna auki, niin<\/p>\n\n\n\n<ol class=\"wp-block-list\"><li>Klikkaa kategorian nime\u00e4<\/li><li>Valitse <strong>luo uusi kysymys<\/strong><\/li><li><strong>Valitse haluamasi kysymystyyppi<\/strong> ja tee kysymys. Kysymys tallentuu kysymyspankkiin valitsemasi kategorian alle. <br> <img fetchpriority=\"high\" decoding=\"async\" width=\"475\" height=\"579\" class=\"wp-image-1097\" style=\"width: 300px\" src=\"https:\/\/blogit.gradia.fi\/digipalvelut\/wp-content\/uploads\/sites\/99\/2019\/09\/Tenttikysymyksen-lis\u00e4\u00e4minen.jpg\" alt=\"Tenttikysymystyyppej\u00e4\" srcset=\"https:\/\/blogit.gradia.fi\/digipalvelut\/wp-content\/uploads\/sites\/99\/2019\/09\/Tenttikysymyksen-lis\u00e4\u00e4minen.jpg 475w, https:\/\/blogit.gradia.fi\/digipalvelut\/wp-content\/uploads\/sites\/99\/2019\/09\/Tenttikysymyksen-lis\u00e4\u00e4minen-246x300.jpg 246w\" sizes=\"(max-width: 475px) 100vw, 475px\" \/><\/li><\/ol>\n\n\n\n<p>Eri kysymystyyppien esittelyn l\u00f6yd\u00e4t linkin takaa sivulta <a href=\"https:\/\/blogit.gradia.fi\/digipalvelut\/ohjeita-ja-vinkkeja\/moodle\/tentin-eri-kysymystyypit\/\">Tentin eri kysymystyypit<\/a>. Tarkemmat kysymyskohtaiset asetukset ja ohjeet l\u00f6ytyv\u00e4t organisaatiomme Moodlesta opettajille tarkoitetusta esimerkkity\u00f6tilasta.<\/p>\n","protected":false},"excerpt":{"rendered":"<p>Kysymyksi\u00e4 voi luoda kategorioiden alle usealla eri tavalla. Kun sinulla on kategorioiden editointi-ikkuna auki, niin Klikkaa kategorian nime\u00e4 Valitse luo uusi kysymys Valitse haluamasi kysymystyyppi ja tee kysymys. Kysymys tallentuu kysymyspankkiin valitsemasi kategorian alle. Eri kysymystyyppien esittelyn l\u00f6yd\u00e4t linkin takaa sivulta Tentin eri kysymystyypit. Tarkemmat kysymyskohtaiset asetukset ja ohjeet l\u00f6ytyv\u00e4t [&hellip;]<\/p>\n","protected":false},"author":165,"featured_media":0,"parent":76,"menu_order":0,"comment_status":"closed","ping_status":"closed","template":"","meta":{"_uag_custom_page_level_css":"","footnotes":""},"class_list":["post-1249","page","type-page","status-publish","hentry"],"yoast_head":"<!-- This site is optimized with the Yoast SEO plugin v27.4 - https:\/\/yoast.com\/product\/yoast-seo-wordpress\/ -->\n<title>Kysymyksen luominen kysymyspankkiin - Gradia Digipalvelut<\/title>\n<meta name=\"robots\" content=\"index, follow, max-snippet:-1, max-image-preview:large, max-video-preview:-1\" \/>\n<link rel=\"canonical\" href=\"https:\/\/blogit.gradia.fi\/digipalvelut\/ohjeita-ja-vinkkeja\/moodle\/kysymyksen-luominen-kysymyspankkiin\/\" \/>\n<meta property=\"og:locale\" content=\"fi_FI\" \/>\n<meta property=\"og:type\" content=\"article\" \/>\n<meta property=\"og:title\" content=\"Kysymyksen luominen kysymyspankkiin - Gradia Digipalvelut\" \/>\n<meta property=\"og:description\" content=\"Kysymyksi\u00e4 voi luoda kategorioiden alle usealla eri tavalla. Kun sinulla on kategorioiden editointi-ikkuna auki, niin Klikkaa kategorian nime\u00e4 Valitse luo uusi kysymys Valitse haluamasi kysymystyyppi ja tee kysymys. Kysymys tallentuu kysymyspankkiin valitsemasi kategorian alle. Eri kysymystyyppien esittelyn l\u00f6yd\u00e4t linkin takaa sivulta Tentin eri kysymystyypit. Tarkemmat kysymyskohtaiset asetukset ja ohjeet l\u00f6ytyv\u00e4t [&hellip;]\" \/>\n<meta property=\"og:url\" content=\"https:\/\/blogit.gradia.fi\/digipalvelut\/ohjeita-ja-vinkkeja\/moodle\/kysymyksen-luominen-kysymyspankkiin\/\" \/>\n<meta property=\"og:site_name\" content=\"Gradia Digipalvelut\" \/>\n<meta property=\"article:modified_time\" content=\"2019-10-17T09:42:10+00:00\" \/>\n<meta property=\"og:image\" content=\"https:\/\/blogit.gradia.fi\/digipalvelut\/wp-content\/uploads\/sites\/99\/2019\/09\/Tenttikysymyksen-lis\u00e4\u00e4minen.jpg\" \/>\n<meta name=\"twitter:card\" content=\"summary_large_image\" \/>\n<script type=\"application\/ld+json\" class=\"yoast-schema-graph\">{\"@context\":\"https:\\\/\\\/schema.org\",\"@graph\":[{\"@type\":\"WebPage\",\"@id\":\"https:\\\/\\\/blogit.gradia.fi\\\/digipalvelut\\\/ohjeita-ja-vinkkeja\\\/moodle\\\/kysymyksen-luominen-kysymyspankkiin\\\/\",\"url\":\"https:\\\/\\\/blogit.gradia.fi\\\/digipalvelut\\\/ohjeita-ja-vinkkeja\\\/moodle\\\/kysymyksen-luominen-kysymyspankkiin\\\/\",\"name\":\"Kysymyksen luominen kysymyspankkiin - Gradia Digipalvelut\",\"isPartOf\":{\"@id\":\"https:\\\/\\\/blogit.gradia.fi\\\/digipalvelut\\\/#website\"},\"datePublished\":\"2019-10-17T09:42:09+00:00\",\"dateModified\":\"2019-10-17T09:42:10+00:00\",\"breadcrumb\":{\"@id\":\"https:\\\/\\\/blogit.gradia.fi\\\/digipalvelut\\\/ohjeita-ja-vinkkeja\\\/moodle\\\/kysymyksen-luominen-kysymyspankkiin\\\/#breadcrumb\"},\"inLanguage\":\"fi\",\"potentialAction\":[{\"@type\":\"ReadAction\",\"target\":[\"https:\\\/\\\/blogit.gradia.fi\\\/digipalvelut\\\/ohjeita-ja-vinkkeja\\\/moodle\\\/kysymyksen-luominen-kysymyspankkiin\\\/\"]}]},{\"@type\":\"BreadcrumbList\",\"@id\":\"https:\\\/\\\/blogit.gradia.fi\\\/digipalvelut\\\/ohjeita-ja-vinkkeja\\\/moodle\\\/kysymyksen-luominen-kysymyspankkiin\\\/#breadcrumb\",\"itemListElement\":[{\"@type\":\"ListItem\",\"position\":1,\"name\":\"Ohjeita ja vinkkej\u00e4\",\"item\":\"https:\\\/\\\/blogit.gradia.fi\\\/digipalvelut\\\/ohjeita-ja-vinkkeja\\\/\"},{\"@type\":\"ListItem\",\"position\":2,\"name\":\"Moodle\",\"item\":\"https:\\\/\\\/blogit.gradia.fi\\\/digipalvelut\\\/ohjeita-ja-vinkkeja\\\/moodle\\\/\"},{\"@type\":\"ListItem\",\"position\":3,\"name\":\"Kysymyksen luominen kysymyspankkiin\"}]},{\"@type\":\"WebSite\",\"@id\":\"https:\\\/\\\/blogit.gradia.fi\\\/digipalvelut\\\/#website\",\"url\":\"https:\\\/\\\/blogit.gradia.fi\\\/digipalvelut\\\/\",\"name\":\"Gradia Digipalvelut\",\"description\":\"Astetta enemm\u00e4n digi\u00e4\",\"publisher\":{\"@id\":\"https:\\\/\\\/blogit.gradia.fi\\\/digipalvelut\\\/#organization\"},\"potentialAction\":[{\"@type\":\"SearchAction\",\"target\":{\"@type\":\"EntryPoint\",\"urlTemplate\":\"https:\\\/\\\/blogit.gradia.fi\\\/digipalvelut\\\/?s={search_term_string}\"},\"query-input\":{\"@type\":\"PropertyValueSpecification\",\"valueRequired\":true,\"valueName\":\"search_term_string\"}}],\"inLanguage\":\"fi\"},{\"@type\":\"Organization\",\"@id\":\"https:\\\/\\\/blogit.gradia.fi\\\/digipalvelut\\\/#organization\",\"name\":\"Gradia Digipalvelut\",\"url\":\"https:\\\/\\\/blogit.gradia.fi\\\/digipalvelut\\\/\",\"logo\":{\"@type\":\"ImageObject\",\"inLanguage\":\"fi\",\"@id\":\"https:\\\/\\\/blogit.gradia.fi\\\/digipalvelut\\\/#\\\/schema\\\/logo\\\/image\\\/\",\"url\":\"https:\\\/\\\/blogit.gradia.fi\\\/digipalvelut\\\/wp-content\\\/uploads\\\/sites\\\/99\\\/2019\\\/06\\\/cropped-Gradia_logo_Cyber_TRANSPARENT.png\",\"contentUrl\":\"https:\\\/\\\/blogit.gradia.fi\\\/digipalvelut\\\/wp-content\\\/uploads\\\/sites\\\/99\\\/2019\\\/06\\\/cropped-Gradia_logo_Cyber_TRANSPARENT.png\",\"width\":316,\"height\":382,\"caption\":\"Gradia Digipalvelut\"},\"image\":{\"@id\":\"https:\\\/\\\/blogit.gradia.fi\\\/digipalvelut\\\/#\\\/schema\\\/logo\\\/image\\\/\"}}]}<\/script>\n<!-- \/ Yoast SEO plugin. -->","yoast_head_json":{"title":"Kysymyksen luominen kysymyspankkiin - Gradia Digipalvelut","robots":{"index":"index","follow":"follow","max-snippet":"max-snippet:-1","max-image-preview":"max-image-preview:large","max-video-preview":"max-video-preview:-1"},"canonical":"https:\/\/blogit.gradia.fi\/digipalvelut\/ohjeita-ja-vinkkeja\/moodle\/kysymyksen-luominen-kysymyspankkiin\/","og_locale":"fi_FI","og_type":"article","og_title":"Kysymyksen luominen kysymyspankkiin - Gradia Digipalvelut","og_description":"Kysymyksi\u00e4 voi luoda kategorioiden alle usealla eri tavalla. Kun sinulla on kategorioiden editointi-ikkuna auki, niin Klikkaa kategorian nime\u00e4 Valitse luo uusi kysymys Valitse haluamasi kysymystyyppi ja tee kysymys. Kysymys tallentuu kysymyspankkiin valitsemasi kategorian alle. Eri kysymystyyppien esittelyn l\u00f6yd\u00e4t linkin takaa sivulta Tentin eri kysymystyypit. Tarkemmat kysymyskohtaiset asetukset ja ohjeet l\u00f6ytyv\u00e4t [&hellip;]","og_url":"https:\/\/blogit.gradia.fi\/digipalvelut\/ohjeita-ja-vinkkeja\/moodle\/kysymyksen-luominen-kysymyspankkiin\/","og_site_name":"Gradia Digipalvelut","article_modified_time":"2019-10-17T09:42:10+00:00","og_image":[{"url":"https:\/\/blogit.gradia.fi\/digipalvelut\/wp-content\/uploads\/sites\/99\/2019\/09\/Tenttikysymyksen-lis\u00e4\u00e4minen.jpg","type":"","width":"","height":""}],"twitter_card":"summary_large_image","schema":{"@context":"https:\/\/schema.org","@graph":[{"@type":"WebPage","@id":"https:\/\/blogit.gradia.fi\/digipalvelut\/ohjeita-ja-vinkkeja\/moodle\/kysymyksen-luominen-kysymyspankkiin\/","url":"https:\/\/blogit.gradia.fi\/digipalvelut\/ohjeita-ja-vinkkeja\/moodle\/kysymyksen-luominen-kysymyspankkiin\/","name":"Kysymyksen luominen kysymyspankkiin - Gradia Digipalvelut","isPartOf":{"@id":"https:\/\/blogit.gradia.fi\/digipalvelut\/#website"},"datePublished":"2019-10-17T09:42:09+00:00","dateModified":"2019-10-17T09:42:10+00:00","breadcrumb":{"@id":"https:\/\/blogit.gradia.fi\/digipalvelut\/ohjeita-ja-vinkkeja\/moodle\/kysymyksen-luominen-kysymyspankkiin\/#breadcrumb"},"inLanguage":"fi","potentialAction":[{"@type":"ReadAction","target":["https:\/\/blogit.gradia.fi\/digipalvelut\/ohjeita-ja-vinkkeja\/moodle\/kysymyksen-luominen-kysymyspankkiin\/"]}]},{"@type":"BreadcrumbList","@id":"https:\/\/blogit.gradia.fi\/digipalvelut\/ohjeita-ja-vinkkeja\/moodle\/kysymyksen-luominen-kysymyspankkiin\/#breadcrumb","itemListElement":[{"@type":"ListItem","position":1,"name":"Ohjeita ja vinkkej\u00e4","item":"https:\/\/blogit.gradia.fi\/digipalvelut\/ohjeita-ja-vinkkeja\/"},{"@type":"ListItem","position":2,"name":"Moodle","item":"https:\/\/blogit.gradia.fi\/digipalvelut\/ohjeita-ja-vinkkeja\/moodle\/"},{"@type":"ListItem","position":3,"name":"Kysymyksen luominen kysymyspankkiin"}]},{"@type":"WebSite","@id":"https:\/\/blogit.gradia.fi\/digipalvelut\/#website","url":"https:\/\/blogit.gradia.fi\/digipalvelut\/","name":"Gradia Digipalvelut","description":"Astetta enemm\u00e4n digi\u00e4","publisher":{"@id":"https:\/\/blogit.gradia.fi\/digipalvelut\/#organization"},"potentialAction":[{"@type":"SearchAction","target":{"@type":"EntryPoint","urlTemplate":"https:\/\/blogit.gradia.fi\/digipalvelut\/?s={search_term_string}"},"query-input":{"@type":"PropertyValueSpecification","valueRequired":true,"valueName":"search_term_string"}}],"inLanguage":"fi"},{"@type":"Organization","@id":"https:\/\/blogit.gradia.fi\/digipalvelut\/#organization","name":"Gradia Digipalvelut","url":"https:\/\/blogit.gradia.fi\/digipalvelut\/","logo":{"@type":"ImageObject","inLanguage":"fi","@id":"https:\/\/blogit.gradia.fi\/digipalvelut\/#\/schema\/logo\/image\/","url":"https:\/\/blogit.gradia.fi\/digipalvelut\/wp-content\/uploads\/sites\/99\/2019\/06\/cropped-Gradia_logo_Cyber_TRANSPARENT.png","contentUrl":"https:\/\/blogit.gradia.fi\/digipalvelut\/wp-content\/uploads\/sites\/99\/2019\/06\/cropped-Gradia_logo_Cyber_TRANSPARENT.png","width":316,"height":382,"caption":"Gradia Digipalvelut"},"image":{"@id":"https:\/\/blogit.gradia.fi\/digipalvelut\/#\/schema\/logo\/image\/"}}]}},"uagb_featured_image_src":{"full":false,"thumbnail":false,"medium":false,"medium_large":false,"large":false,"1536x1536":false,"2048x2048":false,"hestia-blog":false},"uagb_author_info":{"display_name":"Heini Pennanen","author_link":"https:\/\/blogit.gradia.fi\/digipalvelut\/author\/pennahei\/"},"uagb_comment_info":0,"uagb_excerpt":"Kysymyksi\u00e4 voi luoda kategorioiden alle usealla eri tavalla. Kun sinulla on kategorioiden editointi-ikkuna auki, niin Klikkaa kategorian nime\u00e4 Valitse luo uusi kysymys Valitse haluamasi kysymystyyppi ja tee kysymys. Kysymys tallentuu kysymyspankkiin valitsemasi kategorian alle. Eri kysymystyyppien esittelyn l\u00f6yd\u00e4t linkin takaa sivulta Tentin eri kysymystyypit. Tarkemmat kysymyskohtaiset asetukset ja ohjeet l\u00f6ytyv\u00e4t [&hellip;]","_links":{"self":[{"href":"https:\/\/blogit.gradia.fi\/digipalvelut\/wp-json\/wp\/v2\/pages\/1249","targetHints":{"allow":["GET"]}}],"collection":[{"href":"https:\/\/blogit.gradia.fi\/digipalvelut\/wp-json\/wp\/v2\/pages"}],"about":[{"href":"https:\/\/blogit.gradia.fi\/digipalvelut\/wp-json\/wp\/v2\/types\/page"}],"author":[{"embeddable":true,"href":"https:\/\/blogit.gradia.fi\/digipalvelut\/wp-json\/wp\/v2\/users\/165"}],"replies":[{"embeddable":true,"href":"https:\/\/blogit.gradia.fi\/digipalvelut\/wp-json\/wp\/v2\/comments?post=1249"}],"version-history":[{"count":1,"href":"https:\/\/blogit.gradia.fi\/digipalvelut\/wp-json\/wp\/v2\/pages\/1249\/revisions"}],"predecessor-version":[{"id":1250,"href":"https:\/\/blogit.gradia.fi\/digipalvelut\/wp-json\/wp\/v2\/pages\/1249\/revisions\/1250"}],"up":[{"embeddable":true,"href":"https:\/\/blogit.gradia.fi\/digipalvelut\/wp-json\/wp\/v2\/pages\/76"}],"wp:attachment":[{"href":"https:\/\/blogit.gradia.fi\/digipalvelut\/wp-json\/wp\/v2\/media?parent=1249"}],"curies":[{"name":"wp","href":"https:\/\/api.w.org\/{rel}","templated":true}]}}